{"id":9963,"date":"2022-04-19T14:49:26","date_gmt":"2022-04-19T18:49:26","guid":{"rendered":"https:\/\/avna.com\/?page_id=9963"},"modified":"2025-05-05T14:31:14","modified_gmt":"2025-05-05T18:31:14","slug":"fabricacion-de-dispositivos-medicos-en-costa-rica","status":"publish","type":"page","link":"https:\/\/avna.com\/es\/about-okay\/locations\/fabricacion-de-dispositivos-medicos-en-costa-rica\/","title":{"rendered":"Fabricaci\u00f3n de dispositivos m\u00e9dicos en Costa Rica"},"content":{"rendered":"\n\n<section class=\"header-block\"><figure class=\"bg\" style=\"background-image: url(https:\/\/avna.com\/wp-content\/uploads\/2018\/12\/Blue-Background-Treatment8.jpg); \"><\/figure><div class=\"section-wrapper\"><div class=\"text-wrapper\"><div class=\"text-background\"><\/div><div class=\"header-image lock-to-right \" style=\"background-image: url(https:\/\/avna.com\/wp-content\/uploads\/2019\/05\/laser-processing-800x800-1.png);\"><\/div><div class=\"header-text\"><h1>Fabricaci\u00f3n de dispositivos m\u00e9dicos en Costa Rica<\/h1>\n<h2>Fabricante de confianza de componentes y subconjuntos de dispositivos m\u00e9dicos<\/h2>\n<p><strong>Ubicada en Evolution Free Zone, Costa Rica, AVNA provee procesos de alta precision y calidad, permitiendo a los mayores fabricantes de equipos m\u00e9dicos del mundo confiar en nosotros como socio estrat\u00e9gico de la cadena de suministro global.<\/strong><\/p>\n<p>Con tres ubicaciones que ofrecen m\u00e1s de 226.000 pies cuadrados de espacio de fabricaci\u00f3n (incluyendo 55.000 pies cuadrados de espacio dedicado a la fabricaci\u00f3n de dispositivos m\u00e9dicos en Costa Rica), AVNA aprovecha los recursos de fabricaci\u00f3n nacionales e internacionales para la fiabilidad operativa, la entrega a tiempo y los costes optimizados.<\/p>\n<\/div><\/div><\/div><\/section>\n\n\n\n","protected":false},"excerpt":{"rendered":"","protected":false},"author":10,"featured_media":6694,"parent":6647,"menu_order":1,"comment_status":"closed","ping_status":"closed","template":"","meta":{"_acf_changed":false,"_yoast_wpseo_title":"","_yoast_wpseo_metadesc":"AVNA es un fabricante por contrato de dispositivos m\u00e9dicos para los mayores fabricantes de equipos originales del mundo, y ofrece una experiencia inigualable en DFM. Ubicaciones en Costa Rica...","_metasync_otto_title":"","_metasync_otto_description":"","rank_math_title":"","rank_math_description":"","footnotes":""},"class_list":["post-9963","page","type-page","status-publish","has-post-thumbnail","hentry"],"acf":[],"yoast_head":"<!-- This site is optimized with the Yoast SEO Premium plugin v20.12 (Yoast SEO v25.4) - https:\/\/yoast.com\/wordpress\/plugins\/seo\/ -->\n<title>Fabricaci\u00f3n de dispositivos m\u00e9dicos en Costa Rica - AVNA<\/title>\n<meta name=\"description\" content=\"AVNA es un fabricante por contrato de dispositivos m\u00e9dicos para los mayores fabricantes de equipos originales del mundo, y ofrece una experiencia inigualable en DFM. Ubicaciones en Costa Rica...\" \/>\n<meta name=\"robots\" content=\"index, follow, max-snippet:-1, max-image-preview:large, max-video-preview:-1\" \/>\n<link rel=\"canonical\" href=\"https:\/\/avna.com\/es\/about-okay\/locations\/fabricacion-de-dispositivos-medicos-en-costa-rica\/\" \/>\n<meta property=\"og:locale\" content=\"es_ES\" \/>\n<meta property=\"og:type\" content=\"article\" \/>\n<meta property=\"og:title\" content=\"Fabricaci\u00f3n de dispositivos m\u00e9dicos en Costa Rica\" \/>\n<meta property=\"og:description\" content=\"AVNA es un fabricante por contrato de dispositivos m\u00e9dicos para los mayores fabricantes de equipos originales del mundo, y ofrece una experiencia inigualable en DFM. Ubicaciones en Costa Rica...\" \/>\n<meta property=\"og:url\" content=\"https:\/\/avna.com\/es\/about-okay\/locations\/fabricacion-de-dispositivos-medicos-en-costa-rica\/\" \/>\n<meta property=\"og:site_name\" content=\"AVNA\" \/>\n<meta property=\"article:modified_time\" content=\"2025-05-05T18:31:14+00:00\" \/>\n<meta property=\"og:image\" content=\"https:\/\/avna.com\/wp-content\/uploads\/2018\/12\/Blue-Background-Treatment8.jpg\" \/>\n\t<meta property=\"og:image:width\" content=\"3000\" \/>\n\t<meta property=\"og:image:height\" content=\"1080\" \/>\n\t<meta property=\"og:image:type\" content=\"image\/jpeg\" \/>\n<meta name=\"twitter:card\" content=\"summary_large_image\" \/>\n<script type=\"application\/ld+json\" class=\"yoast-schema-graph\">{\"@context\":\"https:\/\/schema.org\",\"@graph\":[{\"@type\":\"WebPage\",\"@id\":\"https:\/\/avna.com\/es\/about-okay\/locations\/fabricacion-de-dispositivos-medicos-en-costa-rica\/\",\"url\":\"https:\/\/avna.com\/es\/about-okay\/locations\/fabricacion-de-dispositivos-medicos-en-costa-rica\/\",\"name\":\"Fabricaci\u00f3n de dispositivos m\u00e9dicos en Costa Rica - AVNA\",\"isPartOf\":{\"@id\":\"https:\/\/avna.com\/es\/#website\"},\"primaryImageOfPage\":{\"@id\":\"https:\/\/avna.com\/es\/about-okay\/locations\/fabricacion-de-dispositivos-medicos-en-costa-rica\/#primaryimage\"},\"image\":{\"@id\":\"https:\/\/avna.com\/es\/about-okay\/locations\/fabricacion-de-dispositivos-medicos-en-costa-rica\/#primaryimage\"},\"thumbnailUrl\":\"https:\/\/avna.com\/wp-content\/uploads\/2018\/12\/Blue-Background-Treatment8.jpg\",\"datePublished\":\"2022-04-19T18:49:26+00:00\",\"dateModified\":\"2025-05-05T18:31:14+00:00\",\"description\":\"AVNA es un fabricante por contrato de dispositivos m\u00e9dicos para los mayores fabricantes de equipos originales del mundo, y ofrece una experiencia inigualable en DFM. Ubicaciones en Costa Rica...\",\"breadcrumb\":{\"@id\":\"https:\/\/avna.com\/es\/about-okay\/locations\/fabricacion-de-dispositivos-medicos-en-costa-rica\/#breadcrumb\"},\"inLanguage\":\"es\",\"potentialAction\":[{\"@type\":\"ReadAction\",\"target\":[\"https:\/\/avna.com\/es\/about-okay\/locations\/fabricacion-de-dispositivos-medicos-en-costa-rica\/\"]}]},{\"@type\":\"ImageObject\",\"inLanguage\":\"es\",\"@id\":\"https:\/\/avna.com\/es\/about-okay\/locations\/fabricacion-de-dispositivos-medicos-en-costa-rica\/#primaryimage\",\"url\":\"https:\/\/avna.com\/wp-content\/uploads\/2018\/12\/Blue-Background-Treatment8.jpg\",\"contentUrl\":\"https:\/\/avna.com\/wp-content\/uploads\/2018\/12\/Blue-Background-Treatment8.jpg\",\"width\":3000,\"height\":1080},{\"@type\":\"BreadcrumbList\",\"@id\":\"https:\/\/avna.com\/es\/about-okay\/locations\/fabricacion-de-dispositivos-medicos-en-costa-rica\/#breadcrumb\",\"itemListElement\":[{\"@type\":\"ListItem\",\"position\":1,\"name\":\"Home\",\"item\":\"https:\/\/avna.com\/es\/\"},{\"@type\":\"ListItem\",\"position\":2,\"name\":\"SobreAVNA\",\"item\":\"https:\/\/avna.com\/es\/about-okay\/\"},{\"@type\":\"ListItem\",\"position\":3,\"name\":\"Ubicaciones\",\"item\":\"https:\/\/avna.com\/es\/about-okay\/locations\/\"},{\"@type\":\"ListItem\",\"position\":4,\"name\":\"Fabricaci\u00f3n de dispositivos m\u00e9dicos en Costa Rica\"}]},{\"@type\":\"WebSite\",\"@id\":\"https:\/\/avna.com\/es\/#website\",\"url\":\"https:\/\/avna.com\/es\/\",\"name\":\"AVNA\",\"description\":\"Innovation Partners for Life\",\"publisher\":{\"@id\":\"https:\/\/avna.com\/es\/#organization\"},\"potentialAction\":[{\"@type\":\"SearchAction\",\"target\":{\"@type\":\"EntryPoint\",\"urlTemplate\":\"https:\/\/avna.com\/es\/?s={search_term_string}\"},\"query-input\":{\"@type\":\"PropertyValueSpecification\",\"valueRequired\":true,\"valueName\":\"search_term_string\"}}],\"inLanguage\":\"es\"},{\"@type\":\"Organization\",\"@id\":\"https:\/\/avna.com\/es\/#organization\",\"name\":\"AVNA\",\"url\":\"https:\/\/avna.com\/es\/\",\"logo\":{\"@type\":\"ImageObject\",\"inLanguage\":\"es\",\"@id\":\"https:\/\/avna.com\/es\/#\/schema\/logo\/image\/\",\"url\":\"https:\/\/avna.com\/wp-content\/uploads\/2023\/12\/logo-0.png\",\"contentUrl\":\"https:\/\/avna.com\/wp-content\/uploads\/2023\/12\/logo-0.png\",\"width\":387,\"height\":275,\"caption\":\"AVNA\"},\"image\":{\"@id\":\"https:\/\/avna.com\/es\/#\/schema\/logo\/image\/\"}}]}<\/script>\n<!-- \/ Yoast SEO Premium plugin. -->","yoast_head_json":{"title":"Fabricaci\u00f3n de dispositivos m\u00e9dicos en Costa Rica - AVNA","description":"AVNA es un fabricante por contrato de dispositivos m\u00e9dicos para los mayores fabricantes de equipos originales del mundo, y ofrece una experiencia inigualable en DFM. Ubicaciones en Costa Rica...","robots":{"index":"index","follow":"follow","max-snippet":"max-snippet:-1","max-image-preview":"max-image-preview:large","max-video-preview":"max-video-preview:-1"},"canonical":"https:\/\/avna.com\/es\/about-okay\/locations\/fabricacion-de-dispositivos-medicos-en-costa-rica\/","og_locale":"es_ES","og_type":"article","og_title":"Fabricaci\u00f3n de dispositivos m\u00e9dicos en Costa Rica","og_description":"AVNA es un fabricante por contrato de dispositivos m\u00e9dicos para los mayores fabricantes de equipos originales del mundo, y ofrece una experiencia inigualable en DFM. Ubicaciones en Costa Rica...","og_url":"https:\/\/avna.com\/es\/about-okay\/locations\/fabricacion-de-dispositivos-medicos-en-costa-rica\/","og_site_name":"AVNA","article_modified_time":"2025-05-05T18:31:14+00:00","og_image":[{"width":3000,"height":1080,"url":"https:\/\/avna.com\/wp-content\/uploads\/2018\/12\/Blue-Background-Treatment8.jpg","type":"image\/jpeg"}],"twitter_card":"summary_large_image","schema":{"@context":"https:\/\/schema.org","@graph":[{"@type":"WebPage","@id":"https:\/\/avna.com\/es\/about-okay\/locations\/fabricacion-de-dispositivos-medicos-en-costa-rica\/","url":"https:\/\/avna.com\/es\/about-okay\/locations\/fabricacion-de-dispositivos-medicos-en-costa-rica\/","name":"Fabricaci\u00f3n de dispositivos m\u00e9dicos en Costa Rica - AVNA","isPartOf":{"@id":"https:\/\/avna.com\/es\/#website"},"primaryImageOfPage":{"@id":"https:\/\/avna.com\/es\/about-okay\/locations\/fabricacion-de-dispositivos-medicos-en-costa-rica\/#primaryimage"},"image":{"@id":"https:\/\/avna.com\/es\/about-okay\/locations\/fabricacion-de-dispositivos-medicos-en-costa-rica\/#primaryimage"},"thumbnailUrl":"https:\/\/avna.com\/wp-content\/uploads\/2018\/12\/Blue-Background-Treatment8.jpg","datePublished":"2022-04-19T18:49:26+00:00","dateModified":"2025-05-05T18:31:14+00:00","description":"AVNA es un fabricante por contrato de dispositivos m\u00e9dicos para los mayores fabricantes de equipos originales del mundo, y ofrece una experiencia inigualable en DFM. Ubicaciones en Costa Rica...","breadcrumb":{"@id":"https:\/\/avna.com\/es\/about-okay\/locations\/fabricacion-de-dispositivos-medicos-en-costa-rica\/#breadcrumb"},"inLanguage":"es","potentialAction":[{"@type":"ReadAction","target":["https:\/\/avna.com\/es\/about-okay\/locations\/fabricacion-de-dispositivos-medicos-en-costa-rica\/"]}]},{"@type":"ImageObject","inLanguage":"es","@id":"https:\/\/avna.com\/es\/about-okay\/locations\/fabricacion-de-dispositivos-medicos-en-costa-rica\/#primaryimage","url":"https:\/\/avna.com\/wp-content\/uploads\/2018\/12\/Blue-Background-Treatment8.jpg","contentUrl":"https:\/\/avna.com\/wp-content\/uploads\/2018\/12\/Blue-Background-Treatment8.jpg","width":3000,"height":1080},{"@type":"BreadcrumbList","@id":"https:\/\/avna.com\/es\/about-okay\/locations\/fabricacion-de-dispositivos-medicos-en-costa-rica\/#breadcrumb","itemListElement":[{"@type":"ListItem","position":1,"name":"Home","item":"https:\/\/avna.com\/es\/"},{"@type":"ListItem","position":2,"name":"SobreAVNA","item":"https:\/\/avna.com\/es\/about-okay\/"},{"@type":"ListItem","position":3,"name":"Ubicaciones","item":"https:\/\/avna.com\/es\/about-okay\/locations\/"},{"@type":"ListItem","position":4,"name":"Fabricaci\u00f3n de dispositivos m\u00e9dicos en Costa Rica"}]},{"@type":"WebSite","@id":"https:\/\/avna.com\/es\/#website","url":"https:\/\/avna.com\/es\/","name":"AVNA","description":"Innovation Partners for Life","publisher":{"@id":"https:\/\/avna.com\/es\/#organization"},"potentialAction":[{"@type":"SearchAction","target":{"@type":"EntryPoint","urlTemplate":"https:\/\/avna.com\/es\/?s={search_term_string}"},"query-input":{"@type":"PropertyValueSpecification","valueRequired":true,"valueName":"search_term_string"}}],"inLanguage":"es"},{"@type":"Organization","@id":"https:\/\/avna.com\/es\/#organization","name":"AVNA","url":"https:\/\/avna.com\/es\/","logo":{"@type":"ImageObject","inLanguage":"es","@id":"https:\/\/avna.com\/es\/#\/schema\/logo\/image\/","url":"https:\/\/avna.com\/wp-content\/uploads\/2023\/12\/logo-0.png","contentUrl":"https:\/\/avna.com\/wp-content\/uploads\/2023\/12\/logo-0.png","width":387,"height":275,"caption":"AVNA"},"image":{"@id":"https:\/\/avna.com\/es\/#\/schema\/logo\/image\/"}}]}},"_links":{"self":[{"href":"https:\/\/avna.com\/es\/wp-json\/wp\/v2\/pages\/9963","targetHints":{"allow":["GET"]}}],"collection":[{"href":"https:\/\/avna.com\/es\/wp-json\/wp\/v2\/pages"}],"about":[{"href":"https:\/\/avna.com\/es\/wp-json\/wp\/v2\/types\/page"}],"author":[{"embeddable":true,"href":"https:\/\/avna.com\/es\/wp-json\/wp\/v2\/users\/10"}],"replies":[{"embeddable":true,"href":"https:\/\/avna.com\/es\/wp-json\/wp\/v2\/comments?post=9963"}],"version-history":[{"count":12,"href":"https:\/\/avna.com\/es\/wp-json\/wp\/v2\/pages\/9963\/revisions"}],"predecessor-version":[{"id":12759,"href":"https:\/\/avna.com\/es\/wp-json\/wp\/v2\/pages\/9963\/revisions\/12759"}],"up":[{"embeddable":true,"href":"https:\/\/avna.com\/es\/wp-json\/wp\/v2\/pages\/6647"}],"wp:featuredmedia":[{"embeddable":true,"href":"https:\/\/avna.com\/es\/wp-json\/wp\/v2\/media\/6694"}],"wp:attachment":[{"href":"https:\/\/avna.com\/es\/wp-json\/wp\/v2\/media?parent=9963"}],"curies":[{"name":"wp","href":"https:\/\/api.w.org\/{rel}","templated":true}]}}