{"id":9301,"date":"2021-12-03T10:53:23","date_gmt":"2021-12-03T15:53:23","guid":{"rendered":"https:\/\/avna.com\/?page_id=9301"},"modified":"2022-04-19T15:56:06","modified_gmt":"2022-04-19T19:56:06","slug":"laser-processing","status":"publish","type":"page","link":"https:\/\/avna.com\/es\/capabilities\/laser-processing\/","title":{"rendered":"Procesamiento Por L\u00e1ser"},"content":{"rendered":"\n\n<section class=\"header-block\"><figure class=\"bg\" style=\"background-image: url(https:\/\/avna.com\/wp-content\/uploads\/2018\/12\/Blue-Background-Treatment6.jpg); \"><\/figure><div class=\"section-wrapper\"><div class=\"text-wrapper\"><div class=\"text-background\"><\/div><div class=\"header-image \" style=\"background-image: url(https:\/\/avna.com\/wp-content\/uploads\/2019\/05\/laser-processing-800x800-1.png);\"><\/div><div class=\"header-text\"><h1 style=\"font-size: 1rem !important; font-weight: 900; color: #deeff5 !important; text-transform: uppercase;\">PROCESAMIENTO L\u00c1SER M\u00c9DICO<\/h1>\n<h2 style=\"font-size: 3rem !important; font-weight: 900; color: white;\"><strong>Corte, Soldadura y Marcado de Tubos por L\u00e1ser Para Componentes de Dispositivos M\u00e9dicos<\/strong><\/h2>\n<p><strong>Los procesos por l\u00e1ser le ofrecen un nuevo nivel de precisi\u00f3n y eficiencia: descubra c\u00f3mo nuestra experiencia puede ayudar a su proyecto.<\/strong><\/p>\n<p>Los ingenieros de procesos l\u00e1ser de AVNA  son reconocidos por su liderazgo en el procesamiento l\u00e1ser m\u00e9dico, inventando e integrando tecnolog\u00edas l\u00e1ser para mejorar la fabricaci\u00f3n de productos y el rendimiento del producto final. Nuestro equipo colaborar\u00e1 con usted para desarrollar soluciones especializadas de soldadura, marcado y tratamiento de superficies para su aplicaci\u00f3n. Dise\u00f1amos y construimos sistemas l\u00e1ser personalizados en nuestras instalaciones, con calidad y rendimiento de grado m\u00e9dico para su aplicaci\u00f3n.<\/p>\n<\/div><\/div><\/div><\/section>\n\n\n<section class=\"wp-block-smart-section-section\"><div class=\"section-wrapper\">\n<h2 class=\"has-text-align-center wp-block-heading\" id=\"mce_18\"><strong>Centrados en la Excelencia Del Procesamiento L\u00e1ser<\/strong><\/h2>\n\n\n\n<p>Nuestra ingenier\u00eda l\u00e1ser de visi\u00f3n total lleva la fabricaci\u00f3n al siguiente nivel. Como expertos en estampado, mecanizado y ensamble, podemos ir un paso m\u00e1s all\u00e1, integrando los procesos l\u00e1ser m\u00e9dico en cualquier paso del proceso de producci\u00f3n. Desde una sola pieza hasta un ensamble complejo, AVNA es su \u00fanica fuente de innovaci\u00f3n orientada al cliente, ingenier\u00eda y tecnolog\u00eda en profundidad y procesamiento l\u00e1ser m\u00e9dico probado. Nuestro equipo est\u00e1 dispuesto a colaborar con usted para resolver retos complejos, optimizar la fabricaci\u00f3n y tener en cuenta la forma, el ajuste y la funci\u00f3n.<\/p>\n\n\n\n<div id=\"metaslider-id-8553\" style=\"width: 100%; margin: 0 auto;\" class=\"ml-slider-3-102-0 metaslider metaslider-flex metaslider-8553 ml-slider has-carousel-mode ml-slider-lightbox-2-12-0 firelight-lightbox-2-3-17 ms-theme-default nav-hidden\" role=\"region\" aria-label=\"Laser Marking\" data-height=\"200\" data-width=\"200\">\n    <div id=\"metaslider_container_8553\">\n        <div id=\"metaslider_8553\">\n            <ul class='slides'>\n                <li style=\"display: none; width: 100%;\" class=\"slide-8558 ms-image \" aria-roledescription=\"slide\" data-date=\"2021-09-02 10:40:37\" data-slide-type=\"image\"><img decoding=\"async\" src=\"https:\/\/avna.com\/wp-content\/uploads\/2019\/01\/laser_marking_1200x880px-200x200.jpg\" height=\"200\" width=\"200\" alt=\"\" class=\"slider-8553 slide-8558 msDefaultImage ml-lightbox-enabled\" title=\"laser_marking_1200x880px\" \/><\/li>\n                <li style=\"display: none; width: 100%;\" class=\"slide-8559 ms-image \" aria-roledescription=\"slide\" data-date=\"2021-09-02 10:40:37\" data-slide-type=\"image\"><img decoding=\"async\" src=\"https:\/\/avna.com\/wp-content\/uploads\/2019\/01\/anti_glare_1200x880px-200x200.jpg\" height=\"200\" width=\"200\" alt=\"\" class=\"slider-8553 slide-8559 msDefaultImage ml-lightbox-enabled\" title=\"anti_glare_1200x880px\" \/><\/li>\n                <li style=\"display: none; width: 100%;\" class=\"slide-8560 ms-image \" aria-roledescription=\"slide\" data-date=\"2021-09-02 10:40:37\" data-slide-type=\"image\"><img decoding=\"async\" src=\"https:\/\/avna.com\/wp-content\/uploads\/2019\/01\/polishing_1200x880px-200x200.jpg\" height=\"200\" width=\"200\" alt=\"\" class=\"slider-8553 slide-8560 msDefaultImage ml-lightbox-enabled\" title=\"polishing_1200x880px\" \/><\/li>\n                <li style=\"display: none; width: 100%;\" class=\"slide-8561 ms-image \" aria-roledescription=\"slide\" data-date=\"2021-09-02 10:40:37\" data-slide-type=\"image\"><img decoding=\"async\" src=\"https:\/\/avna.com\/wp-content\/uploads\/2019\/01\/bead_blasting_1200x880px-2-200x200.jpg\" height=\"200\" width=\"200\" alt=\"\" class=\"slider-8553 slide-8561 msDefaultImage ml-lightbox-enabled\" title=\"bead_blasting_1200x880px\" \/><\/li>\n                <li style=\"display: none; width: 100%;\" class=\"slide-8562 ms-image \" aria-roledescription=\"slide\" data-date=\"2021-09-02 10:40:37\" data-slide-type=\"image\"><img decoding=\"async\" src=\"https:\/\/avna.com\/wp-content\/uploads\/2019\/04\/Speedlock1200x880-200x200.jpg\" height=\"200\" width=\"200\" alt=\"\" class=\"slider-8553 slide-8562 msDefaultImage ml-lightbox-enabled\" title=\"Speedlock1200x880\" \/><\/li>\n            <\/ul>\n        <\/div>\n        \n    <\/div>\n<\/div>\n<\/div><\/section>\n\n\n\n<section class=\"wp-block-smart-section-section\"><div class=\"section-wrapper\">\n<div class=\"wp-block-columns has-2-columns okay-2col-table is-layout-flex wp-container-core-columns-is-layout-9d6595d7 wp-block-columns-is-layout-flex\">\n<div class=\"wp-block-column okay-2col-left is-layout-flow wp-block-column-is-layout-flow\">\n<p>Los l\u00e1seres ofrecen una variedad de soluciones para satisfacer la creciente demanda de componentes de dispositivos m\u00e9dicos m\u00e1s peque\u00f1os y complejos. El procesamiento m\u00e9dico por l\u00e1ser, una operaci\u00f3n de bucle cerrado, repetible y sin contacto, maximiza el cumplimiento y la precisi\u00f3n. Con un utillaje flexible, <a href=\"https:\/\/avna.com\/es\/design-support-and-development\/design-for-automation\/\">un dise\u00f1o para la automatizaci\u00f3n<\/a> y una manipulaci\u00f3n rob\u00f3tica de precisi\u00f3n, el procesamiento por l\u00e1ser optimiza el rendimiento, el coste y la calidad.<br><\/p>\n\n\n\n<p>AVNA ofrece una amplia variedad de servicios de <a href=\"https:\/\/avna.com\/es\/capabilities\/laser-tube-cutting\/\">corte de tubos por l\u00e1ser de precisi\u00f3n<\/a> y de procesamiento m\u00e9dico por l\u00e1ser. La profundidad y amplitud de nuestros servicios de mecanizado y procesamiento m\u00e9dico por l\u00e1ser nos permiten ofrecer la mejor soluci\u00f3n: personalizar la tecnolog\u00eda y los procesos para maximizar la calidad, el rendimiento y la rentabilidad.<br><\/p>\n\n\n\n<p><strong>Corte de tubos por l\u00e1ser<\/strong><\/p>\n\n\n\n<p>La profundidad y amplitud de nuestros servicios de mecanizado y corte l\u00e1ser m\u00e9dico nos permiten ofrecer la mejor soluci\u00f3n: personalizar la tecnolog\u00eda y los procesos para maximizar la calidad, el rendimiento y la rentabilidad de los componentes y conjuntos de dispositivos m\u00e9dicos. Nuestra s\u00f3lida combinaci\u00f3n de equipos y tecnolog\u00edas avanzadas de corte de tubos por l\u00e1ser, incluyendo Accu-LaserSwiss, proporciona resultados inigualables a nuestros clientes.<\/p>\n\n\n\n<p>Obtenga m\u00e1s informaci\u00f3n sobre nuestras tecnolog\u00edas y<a href=\"https:\/\/avna.com\/es\/capabilities\/laser-tube-cutting\/\"> procesos de corte por l\u00e1ser de tubos<\/a> que ofrecen una calidad inigualable dise\u00f1ada para la precisi\u00f3n.<\/p>\n\n\n\n<p><strong>Soldadura l\u00e1ser<\/strong><\/p>\n\n\n\n<p>Un\nproceso automatizado que proporciona la cantidad precisa de energ\u00eda de\nsoldadura necesaria para ajustarse a la geometr\u00eda de su pieza, nuestro proceso\nde soldadura l\u00e1ser m\u00e9dica totalmente automatizado incluye sistemas de\nherramientas y de visi\u00f3n integrados.<\/p>\n\n\n\n<p>Haga clic <a href=\"https:\/\/avna.com\/es\/capabilities\/medical-laser-welding\/\">AQU\u00cd<\/a> para obtener m\u00e1s informaci\u00f3n sobre nuestros servicios de soldadura l\u00e1ser y c\u00f3mo nuestros expertos en l\u00e1ser de AVNA colaborar\u00e1n con usted para desarrollar la mejor soluci\u00f3n para su proyecto.<\/p>\n\n\n\n<p><strong>Marcado l\u00e1ser y tratamiento de\nsuperficies<\/strong><\/p>\n\n\n\n<p>Desde\nlogotipos y gr\u00e1ficos hasta la identificaci\u00f3n de piezas, nuestro marcado l\u00e1ser\nde dispositivos m\u00e9dicos le ayuda a dar en el clavo. Dise\u00f1amos y construimos\nsistemas l\u00e1ser personalizados en nuestras instalaciones, con calidad y\nrendimiento de grado m\u00e9dico para su aplicaci\u00f3n.<\/p>\n\n\n\n<p>Ya sea por funcionalidad o por est\u00e9tica, los servicios de tratamiento de superficies con l\u00e1ser m\u00e9dico de AVNA cumplen con precisi\u00f3n las especificaciones de profundidad, patr\u00f3n y dimensiones. Nuestros l\u00e1seres sin contacto pueden pulir o desbastar cualquier superficie en preparaci\u00f3n para el siguiente paso de fabricaci\u00f3n, as\u00ed como eliminar la necesidad de otras operaciones de acabado. El resultado es un rendimiento fiable y repetible con controles de calidad y procesos avanzados y validados. Desde el pulido hasta el antirreflejo y el estampado, nuestro procesamiento m\u00e9dico por l\u00e1ser ofrece el acabado superficial ideal para su proyecto. Nuestros procesos l\u00e1ser son sin contacto, lo que elimina los desechos, simplifica las herramientas y agiliza los procesos.<\/p>\n\n\n\n<p>Cuando la precisi\u00f3n y la permanencia son cr\u00edticas para su \u00e9xito, AVNA est\u00e1 preparado con una soluci\u00f3n que se ajusta a sus necesidades. M\u00e1s informaci\u00f3n <a href=\"https:\/\/avna.com\/es\/capabilities\/medical-device-laser-marking\/\">AQU\u00cd<\/a>.<br><\/p>\n\n\n\n<div class=\"wp-block-columns has-2-columns is-layout-flex wp-container-core-columns-is-layout-9d6595d7 wp-block-columns-is-layout-flex\">\n<div class=\"wp-block-column is-layout-flow wp-block-column-is-layout-flow\"><\/div>\n\n\n\n<div class=\"wp-block-column is-layout-flow wp-block-column-is-layout-flow\"><\/div>\n<\/div>\n<\/div>\n\n\n\n<div class=\"wp-block-column okay-2col-right is-layout-flow wp-block-column-is-layout-flow\">\n<section class=\"wp-block-smart-section-section callout margin-none\"><div class=\"section-wrapper\">\n<div class=\"wp-block-image padding-bottom-none\"><figure class=\"aligncenter is-resized\"><a href=\"https:\/\/avna.com\/es\/design-support-and-development\/nextech-labs\/\"><img decoding=\"async\" src=\"https:\/\/avna.com\/wp-content\/uploads\/2019\/02\/nextech_labs_600x240.png\" alt=\"\" class=\"wp-image-3264\" width=\"253\" height=\"101\" srcset=\"https:\/\/avna.com\/wp-content\/uploads\/2019\/02\/nextech_labs_600x240.png 600w, https:\/\/avna.com\/wp-content\/uploads\/2019\/02\/nextech_labs_600x240-300x120.png 300w, https:\/\/avna.com\/wp-content\/uploads\/2019\/02\/nextech_labs_600x240-100x40.png 100w, https:\/\/avna.com\/wp-content\/uploads\/2019\/02\/nextech_labs_600x240-200x80.png 200w, https:\/\/avna.com\/wp-content\/uploads\/2019\/02\/nextech_labs_600x240-400x160.png 400w\" sizes=\"(max-width: 253px) 100vw, 253px\" \/><\/a><\/figure><\/div>\n\n\n\n<p class=\"has-text-align-center padding-left-right\" style=\"font-size:13px\">Equipo dedicado, personal y recursos que lo llevan al mercado m\u00e1s r\u00e1pido. <a href=\"https:\/\/avna.com\/es\/design-support-and-development\/nextech-labs\/\">Conoce m\u00e1s.<\/a><\/p>\n\n\n\n<div class=\"wp-block-image padding-left-right margin-none\"><figure class=\"aligncenter\"><a href=\"https:\/\/avna.com\/es\/design-support-and-development\/nextech-labs\/\"><img decoding=\"async\" width=\"375\" height=\"342\" src=\"https:\/\/avna.com\/wp-content\/uploads\/2019\/03\/callout-box-layered-edit-ES.png\" alt=\"\" class=\"wp-image-7116\" srcset=\"https:\/\/avna.com\/wp-content\/uploads\/2019\/03\/callout-box-layered-edit-ES.png 375w, https:\/\/avna.com\/wp-content\/uploads\/2019\/03\/callout-box-layered-edit-ES-300x274.png 300w, https:\/\/avna.com\/wp-content\/uploads\/2019\/03\/callout-box-layered-edit-ES-100x91.png 100w, https:\/\/avna.com\/wp-content\/uploads\/2019\/03\/callout-box-layered-edit-ES-200x182.png 200w\" sizes=\"(max-width: 375px) 100vw, 375px\" \/><\/a><\/figure><\/div>\n<\/div><\/section>\n\n\n\n<figure class=\"wp-block-image\"><img decoding=\"async\" width=\"400\" height=\"800\" src=\"https:\/\/avna.com\/wp-content\/uploads\/2021\/11\/okay-laser-process-sidebar-400x800.jpeg\" alt=\"\" class=\"wp-image-9193\" srcset=\"https:\/\/avna.com\/wp-content\/uploads\/2021\/11\/okay-laser-process-sidebar-400x800.jpeg 400w, https:\/\/avna.com\/wp-content\/uploads\/2021\/11\/okay-laser-process-sidebar-400x800-150x300.jpeg 150w, https:\/\/avna.com\/wp-content\/uploads\/2021\/11\/okay-laser-process-sidebar-400x800-100x200.jpeg 100w, https:\/\/avna.com\/wp-content\/uploads\/2021\/11\/okay-laser-process-sidebar-400x800-200x400.jpeg 200w\" sizes=\"(max-width: 400px) 100vw, 400px\" \/><\/figure>\n<\/div>\n<\/div>\n\n\n\n<div class=\"wp-block-media-text alignwide has-media-on-the-right is-stacked-on-mobile callout-image cta-it\"><figure class=\"wp-block-media-text__media\"><img decoding=\"async\" width=\"800\" height=\"659\" src=\"https:\/\/avna.com\/wp-content\/uploads\/2021\/11\/OKAY-laser-marking.jpeg\" alt=\"\" class=\"wp-image-9195 size-full\" srcset=\"https:\/\/avna.com\/wp-content\/uploads\/2021\/11\/OKAY-laser-marking.jpeg 800w, https:\/\/avna.com\/wp-content\/uploads\/2021\/11\/OKAY-laser-marking-300x247.jpeg 300w, https:\/\/avna.com\/wp-content\/uploads\/2021\/11\/OKAY-laser-marking-768x633.jpeg 768w, https:\/\/avna.com\/wp-content\/uploads\/2021\/11\/OKAY-laser-marking-100x82.jpeg 100w, https:\/\/avna.com\/wp-content\/uploads\/2021\/11\/OKAY-laser-marking-200x165.jpeg 200w, https:\/\/avna.com\/wp-content\/uploads\/2021\/11\/OKAY-laser-marking-400x330.jpeg 400w, https:\/\/avna.com\/wp-content\/uploads\/2021\/11\/OKAY-laser-marking-600x494.jpeg 600w\" sizes=\"(max-width: 800px) 100vw, 800px\" \/><\/figure><div class=\"wp-block-media-text__content\">\n<h3 class=\"wp-block-heading\" id=\"mce_22\"><strong>Capacidades que son parte de algo m\u00e1s grande<\/strong><\/h3>\n\n\n\n<p class=\"has-regular-font-size\">Los l\u00e1seres proporcionan una gran variedad de ventajas &#8211; ahorrando tiempo y dinero a nuestros clientes &#8211; al tiempo que permiten la fabricaci\u00f3n de piezas de calidad y rendimiento que son siempre parte de algo m\u00e1s grande.<br><\/p>\n\n\n\n<p>Programe una cita en nuestro laboratorio de prototipos l\u00e1ser [link] LaserWorks R&amp;D, o solicite un presupuesto para su proyecto hoy mismo.<br><\/p>\n<\/div><\/div>\n\n\n\n<p><\/p>\n<\/div><\/section>\n","protected":false},"excerpt":{"rendered":"","protected":false},"author":10,"featured_media":6750,"parent":6719,"menu_order":3,"comment_status":"closed","ping_status":"closed","template":"","meta":{"_acf_changed":false,"_yoast_wpseo_title":"Procesamiento l\u00e1ser m\u00e9dico para componentes m\u00e9dicos | AVNA ","_yoast_wpseo_metadesc":"Sea cual sea la aplicaci\u00f3n, AVNA utiliza el procesamiento l\u00e1ser m\u00e9dico para mejorar la fabricaci\u00f3n y el rendimiento del producto. Nuestro equipo de confianza...","_metasync_otto_title":"","_metasync_otto_description":"","rank_math_title":"","rank_math_description":"","footnotes":""},"class_list":["post-9301","page","type-page","status-publish","has-post-thumbnail","hentry"],"acf":[],"yoast_head":"<!-- This site is optimized with the Yoast SEO Premium plugin v20.12 (Yoast SEO v25.4) - https:\/\/yoast.com\/wordpress\/plugins\/seo\/ -->\n<title>Procesamiento l\u00e1ser m\u00e9dico para componentes m\u00e9dicos | AVNA<\/title>\n<meta name=\"description\" content=\"Sea cual sea la aplicaci\u00f3n, AVNA utiliza el procesamiento l\u00e1ser m\u00e9dico para mejorar la fabricaci\u00f3n y el rendimiento del producto. Nuestro equipo de confianza...\" \/>\n<meta name=\"robots\" content=\"index, follow, max-snippet:-1, max-image-preview:large, max-video-preview:-1\" \/>\n<link rel=\"canonical\" href=\"https:\/\/avna.com\/es\/capabilities\/laser-processing\/\" \/>\n<meta property=\"og:locale\" content=\"es_ES\" \/>\n<meta property=\"og:type\" content=\"article\" \/>\n<meta property=\"og:title\" content=\"Procesamiento Por L\u00e1ser\" \/>\n<meta property=\"og:description\" content=\"Sea cual sea la aplicaci\u00f3n, AVNA utiliza el procesamiento l\u00e1ser m\u00e9dico para mejorar la fabricaci\u00f3n y el rendimiento del producto. Nuestro equipo de confianza...\" \/>\n<meta property=\"og:url\" content=\"https:\/\/avna.com\/es\/capabilities\/laser-processing\/\" \/>\n<meta property=\"og:site_name\" content=\"AVNA\" \/>\n<meta property=\"article:modified_time\" content=\"2022-04-19T19:56:06+00:00\" \/>\n<meta property=\"og:image\" content=\"https:\/\/avna.com\/wp-content\/uploads\/2018\/12\/Blue-Background-Treatment6.jpg\" \/>\n\t<meta property=\"og:image:width\" content=\"3000\" \/>\n\t<meta property=\"og:image:height\" content=\"1080\" \/>\n\t<meta property=\"og:image:type\" content=\"image\/jpeg\" \/>\n<meta name=\"twitter:card\" content=\"summary_large_image\" \/>\n<meta name=\"twitter:label1\" content=\"Tiempo de lectura\" \/>\n\t<meta name=\"twitter:data1\" content=\"4 minutos\" \/>\n<script type=\"application\/ld+json\" class=\"yoast-schema-graph\">{\"@context\":\"https:\/\/schema.org\",\"@graph\":[{\"@type\":\"WebPage\",\"@id\":\"https:\/\/avna.com\/es\/capabilities\/laser-processing\/\",\"url\":\"https:\/\/avna.com\/es\/capabilities\/laser-processing\/\",\"name\":\"Procesamiento l\u00e1ser m\u00e9dico para componentes m\u00e9dicos | AVNA\",\"isPartOf\":{\"@id\":\"https:\/\/avna.com\/es\/#website\"},\"primaryImageOfPage\":{\"@id\":\"https:\/\/avna.com\/es\/capabilities\/laser-processing\/#primaryimage\"},\"image\":{\"@id\":\"https:\/\/avna.com\/es\/capabilities\/laser-processing\/#primaryimage\"},\"thumbnailUrl\":\"https:\/\/avna.com\/wp-content\/uploads\/2018\/12\/Blue-Background-Treatment6.jpg\",\"datePublished\":\"2021-12-03T15:53:23+00:00\",\"dateModified\":\"2022-04-19T19:56:06+00:00\",\"description\":\"Sea cual sea la aplicaci\u00f3n, AVNA utiliza el procesamiento l\u00e1ser m\u00e9dico para mejorar la fabricaci\u00f3n y el rendimiento del producto. Nuestro equipo de confianza...\",\"breadcrumb\":{\"@id\":\"https:\/\/avna.com\/es\/capabilities\/laser-processing\/#breadcrumb\"},\"inLanguage\":\"es\",\"potentialAction\":[{\"@type\":\"ReadAction\",\"target\":[\"https:\/\/avna.com\/es\/capabilities\/laser-processing\/\"]}]},{\"@type\":\"ImageObject\",\"inLanguage\":\"es\",\"@id\":\"https:\/\/avna.com\/es\/capabilities\/laser-processing\/#primaryimage\",\"url\":\"https:\/\/avna.com\/wp-content\/uploads\/2018\/12\/Blue-Background-Treatment6.jpg\",\"contentUrl\":\"https:\/\/avna.com\/wp-content\/uploads\/2018\/12\/Blue-Background-Treatment6.jpg\",\"width\":3000,\"height\":1080},{\"@type\":\"BreadcrumbList\",\"@id\":\"https:\/\/avna.com\/es\/capabilities\/laser-processing\/#breadcrumb\",\"itemListElement\":[{\"@type\":\"ListItem\",\"position\":1,\"name\":\"Home\",\"item\":\"https:\/\/avna.com\/es\/\"},{\"@type\":\"ListItem\",\"position\":2,\"name\":\"Capacidades\",\"item\":\"https:\/\/avna.com\/es\/capabilities\/\"},{\"@type\":\"ListItem\",\"position\":3,\"name\":\"Procesamiento Por L\u00e1ser\"}]},{\"@type\":\"WebSite\",\"@id\":\"https:\/\/avna.com\/es\/#website\",\"url\":\"https:\/\/avna.com\/es\/\",\"name\":\"AVNA\",\"description\":\"Innovation Partners for Life\",\"publisher\":{\"@id\":\"https:\/\/avna.com\/es\/#organization\"},\"potentialAction\":[{\"@type\":\"SearchAction\",\"target\":{\"@type\":\"EntryPoint\",\"urlTemplate\":\"https:\/\/avna.com\/es\/?s={search_term_string}\"},\"query-input\":{\"@type\":\"PropertyValueSpecification\",\"valueRequired\":true,\"valueName\":\"search_term_string\"}}],\"inLanguage\":\"es\"},{\"@type\":\"Organization\",\"@id\":\"https:\/\/avna.com\/es\/#organization\",\"name\":\"AVNA\",\"url\":\"https:\/\/avna.com\/es\/\",\"logo\":{\"@type\":\"ImageObject\",\"inLanguage\":\"es\",\"@id\":\"https:\/\/avna.com\/es\/#\/schema\/logo\/image\/\",\"url\":\"https:\/\/avna.com\/wp-content\/uploads\/2023\/12\/logo-0.png\",\"contentUrl\":\"https:\/\/avna.com\/wp-content\/uploads\/2023\/12\/logo-0.png\",\"width\":387,\"height\":275,\"caption\":\"AVNA\"},\"image\":{\"@id\":\"https:\/\/avna.com\/es\/#\/schema\/logo\/image\/\"}}]}<\/script>\n<!-- \/ Yoast SEO Premium plugin. -->","yoast_head_json":{"title":"Procesamiento l\u00e1ser m\u00e9dico para componentes m\u00e9dicos | AVNA","description":"Sea cual sea la aplicaci\u00f3n, AVNA utiliza el procesamiento l\u00e1ser m\u00e9dico para mejorar la fabricaci\u00f3n y el rendimiento del producto. Nuestro equipo de confianza...","robots":{"index":"index","follow":"follow","max-snippet":"max-snippet:-1","max-image-preview":"max-image-preview:large","max-video-preview":"max-video-preview:-1"},"canonical":"https:\/\/avna.com\/es\/capabilities\/laser-processing\/","og_locale":"es_ES","og_type":"article","og_title":"Procesamiento Por L\u00e1ser","og_description":"Sea cual sea la aplicaci\u00f3n, AVNA utiliza el procesamiento l\u00e1ser m\u00e9dico para mejorar la fabricaci\u00f3n y el rendimiento del producto. Nuestro equipo de confianza...","og_url":"https:\/\/avna.com\/es\/capabilities\/laser-processing\/","og_site_name":"AVNA","article_modified_time":"2022-04-19T19:56:06+00:00","og_image":[{"width":3000,"height":1080,"url":"https:\/\/avna.com\/wp-content\/uploads\/2018\/12\/Blue-Background-Treatment6.jpg","type":"image\/jpeg"}],"twitter_card":"summary_large_image","twitter_misc":{"Tiempo de lectura":"4 minutos"},"schema":{"@context":"https:\/\/schema.org","@graph":[{"@type":"WebPage","@id":"https:\/\/avna.com\/es\/capabilities\/laser-processing\/","url":"https:\/\/avna.com\/es\/capabilities\/laser-processing\/","name":"Procesamiento l\u00e1ser m\u00e9dico para componentes m\u00e9dicos | AVNA","isPartOf":{"@id":"https:\/\/avna.com\/es\/#website"},"primaryImageOfPage":{"@id":"https:\/\/avna.com\/es\/capabilities\/laser-processing\/#primaryimage"},"image":{"@id":"https:\/\/avna.com\/es\/capabilities\/laser-processing\/#primaryimage"},"thumbnailUrl":"https:\/\/avna.com\/wp-content\/uploads\/2018\/12\/Blue-Background-Treatment6.jpg","datePublished":"2021-12-03T15:53:23+00:00","dateModified":"2022-04-19T19:56:06+00:00","description":"Sea cual sea la aplicaci\u00f3n, AVNA utiliza el procesamiento l\u00e1ser m\u00e9dico para mejorar la fabricaci\u00f3n y el rendimiento del producto. Nuestro equipo de confianza...","breadcrumb":{"@id":"https:\/\/avna.com\/es\/capabilities\/laser-processing\/#breadcrumb"},"inLanguage":"es","potentialAction":[{"@type":"ReadAction","target":["https:\/\/avna.com\/es\/capabilities\/laser-processing\/"]}]},{"@type":"ImageObject","inLanguage":"es","@id":"https:\/\/avna.com\/es\/capabilities\/laser-processing\/#primaryimage","url":"https:\/\/avna.com\/wp-content\/uploads\/2018\/12\/Blue-Background-Treatment6.jpg","contentUrl":"https:\/\/avna.com\/wp-content\/uploads\/2018\/12\/Blue-Background-Treatment6.jpg","width":3000,"height":1080},{"@type":"BreadcrumbList","@id":"https:\/\/avna.com\/es\/capabilities\/laser-processing\/#breadcrumb","itemListElement":[{"@type":"ListItem","position":1,"name":"Home","item":"https:\/\/avna.com\/es\/"},{"@type":"ListItem","position":2,"name":"Capacidades","item":"https:\/\/avna.com\/es\/capabilities\/"},{"@type":"ListItem","position":3,"name":"Procesamiento Por L\u00e1ser"}]},{"@type":"WebSite","@id":"https:\/\/avna.com\/es\/#website","url":"https:\/\/avna.com\/es\/","name":"AVNA","description":"Innovation Partners for Life","publisher":{"@id":"https:\/\/avna.com\/es\/#organization"},"potentialAction":[{"@type":"SearchAction","target":{"@type":"EntryPoint","urlTemplate":"https:\/\/avna.com\/es\/?s={search_term_string}"},"query-input":{"@type":"PropertyValueSpecification","valueRequired":true,"valueName":"search_term_string"}}],"inLanguage":"es"},{"@type":"Organization","@id":"https:\/\/avna.com\/es\/#organization","name":"AVNA","url":"https:\/\/avna.com\/es\/","logo":{"@type":"ImageObject","inLanguage":"es","@id":"https:\/\/avna.com\/es\/#\/schema\/logo\/image\/","url":"https:\/\/avna.com\/wp-content\/uploads\/2023\/12\/logo-0.png","contentUrl":"https:\/\/avna.com\/wp-content\/uploads\/2023\/12\/logo-0.png","width":387,"height":275,"caption":"AVNA"},"image":{"@id":"https:\/\/avna.com\/es\/#\/schema\/logo\/image\/"}}]}},"_links":{"self":[{"href":"https:\/\/avna.com\/es\/wp-json\/wp\/v2\/pages\/9301","targetHints":{"allow":["GET"]}}],"collection":[{"href":"https:\/\/avna.com\/es\/wp-json\/wp\/v2\/pages"}],"about":[{"href":"https:\/\/avna.com\/es\/wp-json\/wp\/v2\/types\/page"}],"author":[{"embeddable":true,"href":"https:\/\/avna.com\/es\/wp-json\/wp\/v2\/users\/10"}],"replies":[{"embeddable":true,"href":"https:\/\/avna.com\/es\/wp-json\/wp\/v2\/comments?post=9301"}],"version-history":[{"count":4,"href":"https:\/\/avna.com\/es\/wp-json\/wp\/v2\/pages\/9301\/revisions"}],"predecessor-version":[{"id":10017,"href":"https:\/\/avna.com\/es\/wp-json\/wp\/v2\/pages\/9301\/revisions\/10017"}],"up":[{"embeddable":true,"href":"https:\/\/avna.com\/es\/wp-json\/wp\/v2\/pages\/6719"}],"wp:featuredmedia":[{"embeddable":true,"href":"https:\/\/avna.com\/es\/wp-json\/wp\/v2\/media\/6750"}],"wp:attachment":[{"href":"https:\/\/avna.com\/es\/wp-json\/wp\/v2\/media?parent=9301"}],"curies":[{"name":"wp","href":"https:\/\/api.w.org\/{rel}","templated":true}]}}