{"id":9298,"date":"2021-12-03T10:43:35","date_gmt":"2021-12-03T15:43:35","guid":{"rendered":"https:\/\/avna.com\/?page_id=9298"},"modified":"2021-12-03T10:43:36","modified_gmt":"2021-12-03T15:43:36","slug":"medical-laser-welding","status":"publish","type":"page","link":"https:\/\/avna.com\/es\/capabilities\/medical-laser-welding\/","title":{"rendered":"Soldadura L\u00e1ser"},"content":{"rendered":"\n\n<section class=\"header-block\"><figure class=\"bg\" style=\"background-image: url(https:\/\/avna.com\/wp-content\/uploads\/2018\/12\/Blue-Background-Treatment4.jpg); \"><\/figure><div class=\"section-wrapper\"><div class=\"text-wrapper\"><div class=\"text-background\"><\/div><div class=\"header-image \" style=\"background-image: url(https:\/\/avna.com\/wp-content\/uploads\/2021\/10\/laser-cut-tubing-800x800.png);\"><\/div><div class=\"header-text\"><h1 style=\"font-size: 1rem !important; font-weight: 900; color: #deeff5 !important; text-transform: uppercase;\">SOLDADURA L\u00c1SER MEDICA<\/h1>\n<h2 style=\"font-size: 3rem !important; font-weight: 900; color: white;\"><strong>Soldadura L\u00e1ser Para Componentes y Conjuntos de Dispositivos M\u00e9dicos.<\/strong><\/h2>\n<p><strong>El proceso y equipo de soldadura l\u00e1ser son totalmente automatizados porAVNA,  con sistemas de inspecci\u00f3n de herramientas y de visi\u00f3n integrados.<\/strong><\/p>\n<p>Nuestras soluciones de fabricaci\u00f3n dise\u00f1adas a la medida proporcionan la cantidad precisa de energ\u00eda de soldadura necesaria para satisfacer las aplicaciones cr\u00edticas y las especificaciones, a menudo, complejas de los componentes de dispositivos m\u00e9dicos. Podemos producir soldaduras estructurales profundas, as\u00ed como delicadas microsoldaduras hilo a hilo.<\/p>\n<\/div><\/div><\/div><\/section>\n\n\n<section class=\"wp-block-smart-section-section\"><div class=\"section-wrapper\">\n<h2 class=\"wp-block-heading\" style=\"text-align:center\" id=\"mce_19\"><strong>Soldadura L\u00e1ser M\u00e9dica \u2013 AVNA Way<\/strong><\/h2>\n\n\n\n<p>Los experimentados ingenieros de l\u00e1ser de AVNA pueden personalizar un proceso de soldadura que minimiza el calor y crea soldaduras homog\u00e9neas sin deformaci\u00f3n o decoloraci\u00f3n de la pieza, asegurando un rendimiento de producto fuerte y fiable con el que los OEMs pueden contar.<\/p>\n\n\n\n<p>Los expertos en procesos l\u00e1ser de AVNA colaborar\u00e1n con usted para desarrollar la mejor soluci\u00f3n para su proyecto, con procesos de precisi\u00f3n que incluyen.<\/p>\n\n\n\n<ul class=\"wp-block-list\"><li>Soldadura estructural &#8211; para unir con precisi\u00f3n dos componentes<\/li><li>Soldadura herm\u00e9tica &#8211; para sellar y evitar la fuga\/penetraci\u00f3n de fluidos\/aire<\/li><li>Microsoldadura &#8211; para unir componentes extremadamente peque\u00f1os con estrictas tolerancias y especificaciones.<\/li><\/ul>\n\n\n\n<div id=\"metaslider-id-8553\" style=\"width: 100%; margin: 0 auto;\" class=\"ml-slider-3-102-0 metaslider metaslider-flex metaslider-8553 ml-slider has-carousel-mode ml-slider-lightbox-2-12-0 firelight-lightbox-2-3-17 ms-theme-default nav-hidden\" role=\"region\" aria-label=\"Laser Marking\" data-height=\"200\" data-width=\"200\">\n    <div id=\"metaslider_container_8553\">\n        <div id=\"metaslider_8553\">\n            <ul class='slides'>\n                <li style=\"display: none; width: 100%;\" class=\"slide-8558 ms-image \" aria-roledescription=\"slide\" data-date=\"2021-09-02 10:40:37\" data-slide-type=\"image\"><img decoding=\"async\" src=\"https:\/\/avna.com\/wp-content\/uploads\/2019\/01\/laser_marking_1200x880px-200x200.jpg\" height=\"200\" width=\"200\" alt=\"\" class=\"slider-8553 slide-8558 msDefaultImage ml-lightbox-enabled\" title=\"laser_marking_1200x880px\" \/><\/li>\n                <li style=\"display: none; width: 100%;\" class=\"slide-8559 ms-image \" aria-roledescription=\"slide\" data-date=\"2021-09-02 10:40:37\" data-slide-type=\"image\"><img decoding=\"async\" src=\"https:\/\/avna.com\/wp-content\/uploads\/2019\/01\/anti_glare_1200x880px-200x200.jpg\" height=\"200\" width=\"200\" alt=\"\" class=\"slider-8553 slide-8559 msDefaultImage ml-lightbox-enabled\" title=\"anti_glare_1200x880px\" \/><\/li>\n                <li style=\"display: none; width: 100%;\" class=\"slide-8560 ms-image \" aria-roledescription=\"slide\" data-date=\"2021-09-02 10:40:37\" data-slide-type=\"image\"><img decoding=\"async\" src=\"https:\/\/avna.com\/wp-content\/uploads\/2019\/01\/polishing_1200x880px-200x200.jpg\" height=\"200\" width=\"200\" alt=\"\" class=\"slider-8553 slide-8560 msDefaultImage ml-lightbox-enabled\" title=\"polishing_1200x880px\" \/><\/li>\n                <li style=\"display: none; width: 100%;\" class=\"slide-8561 ms-image \" aria-roledescription=\"slide\" data-date=\"2021-09-02 10:40:37\" data-slide-type=\"image\"><img decoding=\"async\" src=\"https:\/\/avna.com\/wp-content\/uploads\/2019\/01\/bead_blasting_1200x880px-2-200x200.jpg\" height=\"200\" width=\"200\" alt=\"\" class=\"slider-8553 slide-8561 msDefaultImage ml-lightbox-enabled\" title=\"bead_blasting_1200x880px\" \/><\/li>\n                <li style=\"display: none; width: 100%;\" class=\"slide-8562 ms-image \" aria-roledescription=\"slide\" data-date=\"2021-09-02 10:40:37\" data-slide-type=\"image\"><img decoding=\"async\" src=\"https:\/\/avna.com\/wp-content\/uploads\/2019\/04\/Speedlock1200x880-200x200.jpg\" height=\"200\" width=\"200\" alt=\"\" class=\"slider-8553 slide-8562 msDefaultImage ml-lightbox-enabled\" title=\"Speedlock1200x880\" \/><\/li>\n            <\/ul>\n        <\/div>\n        \n    <\/div>\n<\/div>\n<\/div><\/section>\n\n\n\n<section class=\"wp-block-smart-section-section\"><div class=\"section-wrapper\">\n<div class=\"wp-block-columns has-2-columns okay-2col-table is-layout-flex wp-container-core-columns-is-layout-9d6595d7 wp-block-columns-is-layout-flex\">\n<div class=\"wp-block-column okay-2col-left is-layout-flow wp-block-column-is-layout-flow\">\n<p><strong>Nuestras capacidades de fabricaci\u00f3n\nson parte de algo m\u00e1s grande<\/strong><\/p>\n\n\n\n<p>En\nAVNA,  dise\u00f1amos y construimos sistemas l\u00e1ser personalizados en\nnuestras instalaciones, con calidad y rendimiento de grado m\u00e9dico para su aplicaci\u00f3n.\nLa profundidad y la amplitud de nuestros servicios de mecanizado y\nprocesamiento de l\u00e1ser m\u00e9dico nos permiten ofrecer la mejor soluci\u00f3n &#8211; la\npersonalizaci\u00f3n de la tecnolog\u00eda y los procesos para maximizar la calidad, el\nrendimiento y la eficiencia de costes. Las tecnolog\u00edas de fabricaci\u00f3n incluyen<\/p>\n\n\n\n<ul class=\"wp-block-list\"><li>Sistemas de soldadura l\u00e1ser\nde 5 ejes con un cabezal l\u00e1ser motorizado inclinable + 6\u00ba eje manual en un\nmandril giratorio inclinable de 3 mordazas o pinza<\/li><li>Sistemas de soldadura l\u00e1ser\nde 2, 3 y 4 ejes totalmente personalizados<\/li><li>Sistemas de soldadura l\u00e1ser\nde clase 1 y clase 4<\/li><li>Soldadura l\u00e1ser robotizada<\/li><li>Soldadores l\u00e1ser de Nd: Yag y\nfibra<\/li><\/ul>\n\n\n\n<p>Hable con un ingeniero de procesos l\u00e1ser de AVNA hoy mismo sobre nuestras capacidades de fabricaci\u00f3n, incluyendo tama\u00f1os de punto de soldadura personalizables (.006&#8243; &#8211; .060&#8243;, dependiendo de la configuraci\u00f3n de la pieza y el espesor del material) para adaptarse a su aplicaci\u00f3n espec\u00edfica, soldadura l\u00e1ser de materiales similares y dis\u00edmiles y nuestra estaci\u00f3n interna de montaje y pulido metal\u00fargico para evaluar la penetraci\u00f3n y la calidad de la soldadura m\u00e1s all\u00e1 de las pruebas de tracci\u00f3n normales.<br><\/p>\n\n\n\n<div class=\"wp-block-columns has-2-columns is-layout-flex wp-container-core-columns-is-layout-9d6595d7 wp-block-columns-is-layout-flex\">\n<div class=\"wp-block-column is-layout-flow wp-block-column-is-layout-flow\">\n<p><\/p>\n<\/div>\n\n\n\n<div class=\"wp-block-column is-layout-flow wp-block-column-is-layout-flow\"><\/div>\n<\/div>\n<\/div>\n\n\n\n<div class=\"wp-block-column okay-2col-right is-layout-flow wp-block-column-is-layout-flow\">\n<section class=\"wp-block-smart-section-section callout margin-none\"><div class=\"section-wrapper\">\n<div class=\"wp-block-image padding-bottom-none\"><figure class=\"aligncenter is-resized\"><a href=\"https:\/\/avna.com\/es\/design-support-and-development\/nextech-labs\/\"><img decoding=\"async\" src=\"https:\/\/avna.com\/wp-content\/uploads\/2019\/02\/nextech_labs_600x240.png\" alt=\"\" class=\"wp-image-3264\" width=\"253\" height=\"101\" srcset=\"https:\/\/avna.com\/wp-content\/uploads\/2019\/02\/nextech_labs_600x240.png 600w, https:\/\/avna.com\/wp-content\/uploads\/2019\/02\/nextech_labs_600x240-300x120.png 300w, https:\/\/avna.com\/wp-content\/uploads\/2019\/02\/nextech_labs_600x240-100x40.png 100w, https:\/\/avna.com\/wp-content\/uploads\/2019\/02\/nextech_labs_600x240-200x80.png 200w, https:\/\/avna.com\/wp-content\/uploads\/2019\/02\/nextech_labs_600x240-400x160.png 400w\" sizes=\"(max-width: 253px) 100vw, 253px\" \/><\/a><\/figure><\/div>\n\n\n\n<p class=\"has-text-align-center padding-left-right\" style=\"font-size:13px\">Equipo dedicado, personal y recursos que lo llevan al mercado m\u00e1s r\u00e1pido. <a href=\"https:\/\/avna.com\/es\/design-support-and-development\/nextech-labs\/\">Conoce m\u00e1s.<\/a><\/p>\n\n\n\n<div class=\"wp-block-image padding-left-right margin-none\"><figure class=\"aligncenter\"><a href=\"https:\/\/avna.com\/es\/design-support-and-development\/nextech-labs\/\"><img decoding=\"async\" width=\"375\" height=\"342\" src=\"https:\/\/avna.com\/wp-content\/uploads\/2019\/03\/callout-box-layered-edit-ES.png\" alt=\"\" class=\"wp-image-7116\" srcset=\"https:\/\/avna.com\/wp-content\/uploads\/2019\/03\/callout-box-layered-edit-ES.png 375w, https:\/\/avna.com\/wp-content\/uploads\/2019\/03\/callout-box-layered-edit-ES-300x274.png 300w, https:\/\/avna.com\/wp-content\/uploads\/2019\/03\/callout-box-layered-edit-ES-100x91.png 100w, https:\/\/avna.com\/wp-content\/uploads\/2019\/03\/callout-box-layered-edit-ES-200x182.png 200w\" sizes=\"(max-width: 375px) 100vw, 375px\" \/><\/a><\/figure><\/div>\n<\/div><\/section>\n<\/div>\n<\/div>\n\n\n\n<div class=\"wp-block-media-text alignwide has-media-on-the-right callout-image cta-it\"><figure class=\"wp-block-media-text__media\"><img decoding=\"async\" width=\"800\" height=\"659\" src=\"https:\/\/avna.com\/wp-content\/uploads\/2019\/09\/okay-davinci-blades800x659.jpg\" alt=\"\" class=\"wp-image-5354\" srcset=\"https:\/\/avna.com\/wp-content\/uploads\/2019\/09\/okay-davinci-blades800x659.jpg 800w, https:\/\/avna.com\/wp-content\/uploads\/2019\/09\/okay-davinci-blades800x659-300x247.jpg 300w, https:\/\/avna.com\/wp-content\/uploads\/2019\/09\/okay-davinci-blades800x659-768x633.jpg 768w, https:\/\/avna.com\/wp-content\/uploads\/2019\/09\/okay-davinci-blades800x659-100x82.jpg 100w, https:\/\/avna.com\/wp-content\/uploads\/2019\/09\/okay-davinci-blades800x659-200x165.jpg 200w, https:\/\/avna.com\/wp-content\/uploads\/2019\/09\/okay-davinci-blades800x659-400x330.jpg 400w, https:\/\/avna.com\/wp-content\/uploads\/2019\/09\/okay-davinci-blades800x659-600x494.jpg 600w\" sizes=\"(max-width: 800px) 100vw, 800px\" \/><\/figure><div class=\"wp-block-media-text__content\">\n<h3 class=\"wp-block-heading\" id=\"mce_22\"><strong>Descubra c\u00f3mo la soldadura l\u00e1ser de AVNA para componentes y ensamblajes de dispositivos m\u00e9dicos puede mejorar la salud y la vida de sus clientes<\/strong><\/h3>\n\n\n\n<p class=\"has-regular-font-size\">Los expertos de AVNA  ofrecen artesan\u00eda, innovaci\u00f3n y excelencia en la fabricaci\u00f3n de precisi\u00f3n que es parte de algo m\u00e1s grande. Nuestro equipo de colaboraci\u00f3n est\u00e1 listo para ayudarle con sus necesidades de soldadura l\u00e1ser m\u00e9dica, corte de tubos por l\u00e1ser y\/o marcado por l\u00e1ser. <a href=\"https:\/\/avna.com\/es\/contact-us\/\">P\u00f3ngase en contacto con nosotros<\/a> o programe una cita en nuestros laboratorios <a href=\"https:\/\/avna.com\/es\/design-support-and-development\/nextech-labs\/\">NexTech<\/a> y descubra c\u00f3mo nuestra colaboraci\u00f3n centrada en el cliente mejorar\u00e1 los resultados de su pr\u00f3ximo proyecto.<br><\/p>\n<\/div><\/div>\n\n\n\n<p><\/p>\n<\/div><\/section>\n","protected":false},"excerpt":{"rendered":"","protected":false},"author":10,"featured_media":6634,"parent":6719,"menu_order":4,"comment_status":"closed","ping_status":"closed","template":"","meta":{"_acf_changed":false,"_yoast_wpseo_title":"Proceso de soldadura l\u00e1ser para componentes y ensambles m\u00e9dicos | AVNA ","_yoast_wpseo_metadesc":"Nuestros expertos en soldadura l\u00e1ser colaboran con usted para desarrollar la mejor soluci\u00f3n para su proyecto. Hable con un ingeniero de AVNA hoy mismo.","_metasync_otto_title":"","_metasync_otto_description":"","rank_math_title":"","rank_math_description":"","footnotes":""},"class_list":["post-9298","page","type-page","status-publish","has-post-thumbnail","hentry"],"acf":[],"yoast_head":"<!-- This site is optimized with the Yoast SEO Premium plugin v20.12 (Yoast SEO v25.4) - https:\/\/yoast.com\/wordpress\/plugins\/seo\/ -->\n<title>Proceso de soldadura l\u00e1ser para componentes y ensambles m\u00e9dicos | AVNA<\/title>\n<meta name=\"description\" content=\"Nuestros expertos en soldadura l\u00e1ser colaboran con usted para desarrollar la mejor soluci\u00f3n para su proyecto. Hable con un ingeniero de AVNA hoy mismo.\" \/>\n<meta name=\"robots\" content=\"index, follow, max-snippet:-1, max-image-preview:large, max-video-preview:-1\" \/>\n<link rel=\"canonical\" href=\"https:\/\/avna.com\/es\/capabilities\/medical-laser-welding\/\" \/>\n<meta property=\"og:locale\" content=\"es_ES\" \/>\n<meta property=\"og:type\" content=\"article\" \/>\n<meta property=\"og:title\" content=\"Soldadura L\u00e1ser\" \/>\n<meta property=\"og:description\" content=\"Nuestros expertos en soldadura l\u00e1ser colaboran con usted para desarrollar la mejor soluci\u00f3n para su proyecto. Hable con un ingeniero de AVNA hoy mismo.\" \/>\n<meta property=\"og:url\" content=\"https:\/\/avna.com\/es\/capabilities\/medical-laser-welding\/\" \/>\n<meta property=\"og:site_name\" content=\"AVNA\" \/>\n<meta property=\"article:modified_time\" content=\"2021-12-03T15:43:36+00:00\" \/>\n<meta property=\"og:image\" content=\"https:\/\/avna.com\/wp-content\/uploads\/2018\/12\/Blue-Background-Treatment4.jpg\" \/>\n\t<meta property=\"og:image:width\" content=\"3000\" \/>\n\t<meta property=\"og:image:height\" content=\"1080\" \/>\n\t<meta property=\"og:image:type\" content=\"image\/jpeg\" \/>\n<meta name=\"twitter:card\" content=\"summary_large_image\" \/>\n<meta name=\"twitter:label1\" content=\"Tiempo de lectura\" \/>\n\t<meta name=\"twitter:data1\" content=\"2 minutos\" \/>\n<script type=\"application\/ld+json\" class=\"yoast-schema-graph\">{\"@context\":\"https:\/\/schema.org\",\"@graph\":[{\"@type\":\"WebPage\",\"@id\":\"https:\/\/avna.com\/es\/capabilities\/medical-laser-welding\/\",\"url\":\"https:\/\/avna.com\/es\/capabilities\/medical-laser-welding\/\",\"name\":\"Proceso de soldadura l\u00e1ser para componentes y ensambles m\u00e9dicos | AVNA\",\"isPartOf\":{\"@id\":\"https:\/\/avna.com\/es\/#website\"},\"primaryImageOfPage\":{\"@id\":\"https:\/\/avna.com\/es\/capabilities\/medical-laser-welding\/#primaryimage\"},\"image\":{\"@id\":\"https:\/\/avna.com\/es\/capabilities\/medical-laser-welding\/#primaryimage\"},\"thumbnailUrl\":\"https:\/\/avna.com\/wp-content\/uploads\/2018\/12\/Blue-Background-Treatment4.jpg\",\"datePublished\":\"2021-12-03T15:43:35+00:00\",\"dateModified\":\"2021-12-03T15:43:36+00:00\",\"description\":\"Nuestros expertos en soldadura l\u00e1ser colaboran con usted para desarrollar la mejor soluci\u00f3n para su proyecto. Hable con un ingeniero de AVNA hoy mismo.\",\"breadcrumb\":{\"@id\":\"https:\/\/avna.com\/es\/capabilities\/medical-laser-welding\/#breadcrumb\"},\"inLanguage\":\"es\",\"potentialAction\":[{\"@type\":\"ReadAction\",\"target\":[\"https:\/\/avna.com\/es\/capabilities\/medical-laser-welding\/\"]}]},{\"@type\":\"ImageObject\",\"inLanguage\":\"es\",\"@id\":\"https:\/\/avna.com\/es\/capabilities\/medical-laser-welding\/#primaryimage\",\"url\":\"https:\/\/avna.com\/wp-content\/uploads\/2018\/12\/Blue-Background-Treatment4.jpg\",\"contentUrl\":\"https:\/\/avna.com\/wp-content\/uploads\/2018\/12\/Blue-Background-Treatment4.jpg\",\"width\":3000,\"height\":1080},{\"@type\":\"BreadcrumbList\",\"@id\":\"https:\/\/avna.com\/es\/capabilities\/medical-laser-welding\/#breadcrumb\",\"itemListElement\":[{\"@type\":\"ListItem\",\"position\":1,\"name\":\"Home\",\"item\":\"https:\/\/avna.com\/es\/\"},{\"@type\":\"ListItem\",\"position\":2,\"name\":\"Capacidades\",\"item\":\"https:\/\/avna.com\/es\/capabilities\/\"},{\"@type\":\"ListItem\",\"position\":3,\"name\":\"Soldadura L\u00e1ser\"}]},{\"@type\":\"WebSite\",\"@id\":\"https:\/\/avna.com\/es\/#website\",\"url\":\"https:\/\/avna.com\/es\/\",\"name\":\"AVNA\",\"description\":\"Innovation Partners for Life\",\"publisher\":{\"@id\":\"https:\/\/avna.com\/es\/#organization\"},\"potentialAction\":[{\"@type\":\"SearchAction\",\"target\":{\"@type\":\"EntryPoint\",\"urlTemplate\":\"https:\/\/avna.com\/es\/?s={search_term_string}\"},\"query-input\":{\"@type\":\"PropertyValueSpecification\",\"valueRequired\":true,\"valueName\":\"search_term_string\"}}],\"inLanguage\":\"es\"},{\"@type\":\"Organization\",\"@id\":\"https:\/\/avna.com\/es\/#organization\",\"name\":\"AVNA\",\"url\":\"https:\/\/avna.com\/es\/\",\"logo\":{\"@type\":\"ImageObject\",\"inLanguage\":\"es\",\"@id\":\"https:\/\/avna.com\/es\/#\/schema\/logo\/image\/\",\"url\":\"https:\/\/avna.com\/wp-content\/uploads\/2023\/12\/logo-0.png\",\"contentUrl\":\"https:\/\/avna.com\/wp-content\/uploads\/2023\/12\/logo-0.png\",\"width\":387,\"height\":275,\"caption\":\"AVNA\"},\"image\":{\"@id\":\"https:\/\/avna.com\/es\/#\/schema\/logo\/image\/\"}}]}<\/script>\n<!-- \/ Yoast SEO Premium plugin. -->","yoast_head_json":{"title":"Proceso de soldadura l\u00e1ser para componentes y ensambles m\u00e9dicos | AVNA","description":"Nuestros expertos en soldadura l\u00e1ser colaboran con usted para desarrollar la mejor soluci\u00f3n para su proyecto. Hable con un ingeniero de AVNA hoy mismo.","robots":{"index":"index","follow":"follow","max-snippet":"max-snippet:-1","max-image-preview":"max-image-preview:large","max-video-preview":"max-video-preview:-1"},"canonical":"https:\/\/avna.com\/es\/capabilities\/medical-laser-welding\/","og_locale":"es_ES","og_type":"article","og_title":"Soldadura L\u00e1ser","og_description":"Nuestros expertos en soldadura l\u00e1ser colaboran con usted para desarrollar la mejor soluci\u00f3n para su proyecto. Hable con un ingeniero de AVNA hoy mismo.","og_url":"https:\/\/avna.com\/es\/capabilities\/medical-laser-welding\/","og_site_name":"AVNA","article_modified_time":"2021-12-03T15:43:36+00:00","og_image":[{"width":3000,"height":1080,"url":"https:\/\/avna.com\/wp-content\/uploads\/2018\/12\/Blue-Background-Treatment4.jpg","type":"image\/jpeg"}],"twitter_card":"summary_large_image","twitter_misc":{"Tiempo de lectura":"2 minutos"},"schema":{"@context":"https:\/\/schema.org","@graph":[{"@type":"WebPage","@id":"https:\/\/avna.com\/es\/capabilities\/medical-laser-welding\/","url":"https:\/\/avna.com\/es\/capabilities\/medical-laser-welding\/","name":"Proceso de soldadura l\u00e1ser para componentes y ensambles m\u00e9dicos | AVNA","isPartOf":{"@id":"https:\/\/avna.com\/es\/#website"},"primaryImageOfPage":{"@id":"https:\/\/avna.com\/es\/capabilities\/medical-laser-welding\/#primaryimage"},"image":{"@id":"https:\/\/avna.com\/es\/capabilities\/medical-laser-welding\/#primaryimage"},"thumbnailUrl":"https:\/\/avna.com\/wp-content\/uploads\/2018\/12\/Blue-Background-Treatment4.jpg","datePublished":"2021-12-03T15:43:35+00:00","dateModified":"2021-12-03T15:43:36+00:00","description":"Nuestros expertos en soldadura l\u00e1ser colaboran con usted para desarrollar la mejor soluci\u00f3n para su proyecto. Hable con un ingeniero de AVNA hoy mismo.","breadcrumb":{"@id":"https:\/\/avna.com\/es\/capabilities\/medical-laser-welding\/#breadcrumb"},"inLanguage":"es","potentialAction":[{"@type":"ReadAction","target":["https:\/\/avna.com\/es\/capabilities\/medical-laser-welding\/"]}]},{"@type":"ImageObject","inLanguage":"es","@id":"https:\/\/avna.com\/es\/capabilities\/medical-laser-welding\/#primaryimage","url":"https:\/\/avna.com\/wp-content\/uploads\/2018\/12\/Blue-Background-Treatment4.jpg","contentUrl":"https:\/\/avna.com\/wp-content\/uploads\/2018\/12\/Blue-Background-Treatment4.jpg","width":3000,"height":1080},{"@type":"BreadcrumbList","@id":"https:\/\/avna.com\/es\/capabilities\/medical-laser-welding\/#breadcrumb","itemListElement":[{"@type":"ListItem","position":1,"name":"Home","item":"https:\/\/avna.com\/es\/"},{"@type":"ListItem","position":2,"name":"Capacidades","item":"https:\/\/avna.com\/es\/capabilities\/"},{"@type":"ListItem","position":3,"name":"Soldadura L\u00e1ser"}]},{"@type":"WebSite","@id":"https:\/\/avna.com\/es\/#website","url":"https:\/\/avna.com\/es\/","name":"AVNA","description":"Innovation Partners for Life","publisher":{"@id":"https:\/\/avna.com\/es\/#organization"},"potentialAction":[{"@type":"SearchAction","target":{"@type":"EntryPoint","urlTemplate":"https:\/\/avna.com\/es\/?s={search_term_string}"},"query-input":{"@type":"PropertyValueSpecification","valueRequired":true,"valueName":"search_term_string"}}],"inLanguage":"es"},{"@type":"Organization","@id":"https:\/\/avna.com\/es\/#organization","name":"AVNA","url":"https:\/\/avna.com\/es\/","logo":{"@type":"ImageObject","inLanguage":"es","@id":"https:\/\/avna.com\/es\/#\/schema\/logo\/image\/","url":"https:\/\/avna.com\/wp-content\/uploads\/2023\/12\/logo-0.png","contentUrl":"https:\/\/avna.com\/wp-content\/uploads\/2023\/12\/logo-0.png","width":387,"height":275,"caption":"AVNA"},"image":{"@id":"https:\/\/avna.com\/es\/#\/schema\/logo\/image\/"}}]}},"_links":{"self":[{"href":"https:\/\/avna.com\/es\/wp-json\/wp\/v2\/pages\/9298","targetHints":{"allow":["GET"]}}],"collection":[{"href":"https:\/\/avna.com\/es\/wp-json\/wp\/v2\/pages"}],"about":[{"href":"https:\/\/avna.com\/es\/wp-json\/wp\/v2\/types\/page"}],"author":[{"embeddable":true,"href":"https:\/\/avna.com\/es\/wp-json\/wp\/v2\/users\/10"}],"replies":[{"embeddable":true,"href":"https:\/\/avna.com\/es\/wp-json\/wp\/v2\/comments?post=9298"}],"version-history":[{"count":1,"href":"https:\/\/avna.com\/es\/wp-json\/wp\/v2\/pages\/9298\/revisions"}],"predecessor-version":[{"id":9299,"href":"https:\/\/avna.com\/es\/wp-json\/wp\/v2\/pages\/9298\/revisions\/9299"}],"up":[{"embeddable":true,"href":"https:\/\/avna.com\/es\/wp-json\/wp\/v2\/pages\/6719"}],"wp:featuredmedia":[{"embeddable":true,"href":"https:\/\/avna.com\/es\/wp-json\/wp\/v2\/media\/6634"}],"wp:attachment":[{"href":"https:\/\/avna.com\/es\/wp-json\/wp\/v2\/media?parent=9298"}],"curies":[{"name":"wp","href":"https:\/\/api.w.org\/{rel}","templated":true}]}}