{"id":9293,"date":"2021-12-03T10:35:39","date_gmt":"2021-12-03T15:35:39","guid":{"rendered":"https:\/\/avna.com\/?page_id=9293"},"modified":"2022-09-01T14:44:44","modified_gmt":"2022-09-01T18:44:44","slug":"medical-device-laser-marking","status":"publish","type":"page","link":"https:\/\/avna.com\/es\/capabilities\/medical-device-laser-marking\/","title":{"rendered":"Marcado L\u00e1ser de Dispositivos M\u00e9dicos"},"content":{"rendered":"\n\n<section class=\"header-block\"><figure class=\"bg\" style=\"background-image: url(https:\/\/avna.com\/wp-content\/uploads\/2018\/12\/Blue-Background-Treatment4.jpg); \"><\/figure><div class=\"section-wrapper\"><div class=\"text-wrapper\"><div class=\"text-background\"><\/div><div class=\"header-image \" style=\"background-image: url(https:\/\/avna.com\/wp-content\/uploads\/2021\/10\/Titanium-Cap_800px-1.png);\"><\/div><div class=\"header-text\"><h1 style=\"font-size: 1rem !important; font-weight: 900; color: #deeff5 !important; text-transform: uppercase;\">MARCADO L\u00c1SER DE DISPOSITIVOS M\u00c9DICOS<\/h1>\n<h2 style=\"font-size: 3rem !important; font-weight: 900; color: white;\"><strong>Marcado L\u00e1ser de Dispositivos M\u00e9dicos<\/strong><\/h2>\n<p><strong>El marcado por l\u00e1ser produce marcas suaves, oscuras y de gran contraste para la identificaci\u00f3n de dispositivos, desde im\u00e1genes est\u00e1ticas hasta n\u00fameros de serie y simbolog\u00eda de c\u00f3digos de barras 2D.<\/strong><\/p>\n<p>Los sistemas flexibles de marcado l\u00e1ser para dispositivos m\u00e9dicos de AVNA pueden manejar f\u00e1cilmente una amplia gama de formas y geometr\u00edas, desde planas hasta esf\u00e9ricas. Nuestros grabados l\u00e1ser est\u00e1n desarrolladas para soportar la pasivaci\u00f3n y la limpieza repetida.<\/p>\n<\/div><\/div><\/div><\/section>\n\n\n<section class=\"wp-block-smart-section-section white-background\"><div class=\"section-wrapper\">\n<h2 class=\"has-text-align-center wp-block-heading\" id=\"mce_19\"><strong>L\u00e1ser Centrado en el Marcado L\u00e1ser de Precisi\u00f3n<\/strong><\/h2>\n\n\n\n<p>Desde logotipos y gr\u00e1ficos hasta la identificaci\u00f3n de piezas, los ingenieros de procesos l\u00e1ser de AVNA pueden ayudarle a acertar en sus necesidades visuales y funcionales. Somos reconocidos por nuestro liderazgo en el procesamiento l\u00e1ser m\u00e9dico, inventando e integrando tecnolog\u00edas l\u00e1ser para mejorar la fabricaci\u00f3n de productos y el rendimiento del producto final. Nuestro equipo colaborar\u00e1 con usted para desarrollar soluciones especializadas de marcado, soldadura y corte por l\u00e1ser para su aplicaci\u00f3n. Dise\u00f1amos y construimos sistemas l\u00e1ser personalizados en nuestras instalaciones, con calidad y rendimiento de grado m\u00e9dico para su aplicaci\u00f3n.<\/p>\n\n\n\n<div id=\"metaslider-id-8553\" style=\"width: 100%; margin: 0 auto;\" class=\"ml-slider-3-102-0 metaslider metaslider-flex metaslider-8553 ml-slider has-carousel-mode ml-slider-lightbox-2-12-0 firelight-lightbox-2-3-17 ms-theme-default nav-hidden\" role=\"region\" aria-label=\"Laser Marking\" data-height=\"200\" data-width=\"200\">\n    <div id=\"metaslider_container_8553\">\n        <div id=\"metaslider_8553\">\n            <ul class='slides'>\n                <li style=\"display: none; width: 100%;\" class=\"slide-8558 ms-image \" aria-roledescription=\"slide\" data-date=\"2021-09-02 10:40:37\" data-slide-type=\"image\"><img decoding=\"async\" src=\"https:\/\/avna.com\/wp-content\/uploads\/2019\/01\/laser_marking_1200x880px-200x200.jpg\" height=\"200\" width=\"200\" alt=\"\" class=\"slider-8553 slide-8558 msDefaultImage ml-lightbox-enabled\" title=\"laser_marking_1200x880px\" \/><\/li>\n                <li style=\"display: none; width: 100%;\" class=\"slide-8559 ms-image \" aria-roledescription=\"slide\" data-date=\"2021-09-02 10:40:37\" data-slide-type=\"image\"><img decoding=\"async\" src=\"https:\/\/avna.com\/wp-content\/uploads\/2019\/01\/anti_glare_1200x880px-200x200.jpg\" height=\"200\" width=\"200\" alt=\"\" class=\"slider-8553 slide-8559 msDefaultImage ml-lightbox-enabled\" title=\"anti_glare_1200x880px\" \/><\/li>\n                <li style=\"display: none; width: 100%;\" class=\"slide-8560 ms-image \" aria-roledescription=\"slide\" data-date=\"2021-09-02 10:40:37\" data-slide-type=\"image\"><img decoding=\"async\" src=\"https:\/\/avna.com\/wp-content\/uploads\/2019\/01\/polishing_1200x880px-200x200.jpg\" height=\"200\" width=\"200\" alt=\"\" class=\"slider-8553 slide-8560 msDefaultImage ml-lightbox-enabled\" title=\"polishing_1200x880px\" \/><\/li>\n                <li style=\"display: none; width: 100%;\" class=\"slide-8561 ms-image \" aria-roledescription=\"slide\" data-date=\"2021-09-02 10:40:37\" data-slide-type=\"image\"><img decoding=\"async\" src=\"https:\/\/avna.com\/wp-content\/uploads\/2019\/01\/bead_blasting_1200x880px-2-200x200.jpg\" height=\"200\" width=\"200\" alt=\"\" class=\"slider-8553 slide-8561 msDefaultImage ml-lightbox-enabled\" title=\"bead_blasting_1200x880px\" \/><\/li>\n                <li style=\"display: none; width: 100%;\" class=\"slide-8562 ms-image \" aria-roledescription=\"slide\" data-date=\"2021-09-02 10:40:37\" data-slide-type=\"image\"><img decoding=\"async\" src=\"https:\/\/avna.com\/wp-content\/uploads\/2019\/04\/Speedlock1200x880-200x200.jpg\" height=\"200\" width=\"200\" alt=\"\" class=\"slider-8553 slide-8562 msDefaultImage ml-lightbox-enabled\" title=\"Speedlock1200x880\" \/><\/li>\n            <\/ul>\n        <\/div>\n        \n    <\/div>\n<\/div>\n\n\n\n<p><\/p>\n<\/div><\/section>\n\n\n\n<section class=\"wp-block-smart-section-section light-blue-background\"><div class=\"section-wrapper\">\n<div class=\"wp-block-columns has-2-columns okay-2col-table is-layout-flex wp-container-core-columns-is-layout-9d6595d7 wp-block-columns-is-layout-flex\">\n<div class=\"wp-block-column okay-2col-left is-layout-flow wp-block-column-is-layout-flow\">\n<h4 class=\"wp-block-heading\" id=\"mce_41\"><strong>Nuestras Capacidades de Fabricaci\u00f3n<\/strong><\/h4>\n\n\n\n<p>AVNA ofrece una amplia variedad de servicios de marcado l\u00e1ser de precisi\u00f3n para dispositivos m\u00e9dicos. La profundidad y amplitud de nuestro mecanizado y servicios nos permiten proporcionar la mejor soluci\u00f3n &#8211; personalizando la tecnolog\u00eda y los procesos para maximizar la calidad, el rendimiento y la eficiencia de costes. Experimente la diferencia con AVNA en:<\/p>\n\n\n\n<ul class=\"wp-block-list\"><li>Sistemas de marcado l\u00e1ser totalmente\npersonalizados con hasta 5 l\u00e1seres integrados y utilizados para el marcado en\nnegro y el acondicionamiento de bordes<\/li><li>Sistemas de marcado l\u00e1ser de 4 y 3\nejes totalmente personalizados<\/li><li>Sistemas de marcado l\u00e1ser de clase 1\ny clase 4<\/li><li>Opciones totalmente automatizadas con\nalimentador y robot<\/li><li>L\u00e1ser de fibra pulsada de\nnanosegundos y l\u00e1seres ultrarr\u00e1pidos de picosegundos DDPS<\/li><li>Sistemas de inspecci\u00f3n de visi\u00f3n\nintegrados y c\u00e1maras opcionales para localizar la marca l\u00e1ser e inspeccionar la\nposici\u00f3n.<\/li><\/ul>\n\n\n\n<h4 class=\"wp-block-heading\"><strong>Nuestras Soluciones de Marcado L\u00e1ser Para Dispositivos M\u00e9dicos<\/strong><\/h4>\n\n\n\n<p>El marcado l\u00e1ser de AVNA ofrece una variedad de soluciones para satisfacer la demanda de componentes complejos de dispositivos m\u00e9dicos, y nuestro equipo colaborar\u00e1 con usted para desarrollar un marcado especializado para sus aplicaciones. Los materiales disponibles incluyen acero inoxidable (serie 300, 17-4, 17-7), aluminio anodizado, titanio, pl\u00e1sticos, cobre y lat\u00f3n. Las soluciones de marcado l\u00e1ser que ofrece AVNA incluyen:Black laser mark <\/p>\n\n\n\n<ul class=\"wp-block-list\"><li>Marca l\u00e1ser negra<ul><li>Acabado negro est\u00e1ndar<\/li><li>Acabado negro mate<\/li><li>Acabado grabado\/textura (gris\u00e1ceo)<\/li><li>Resistente a la pasivaci\u00f3n y resistente a la autoclave<\/li><\/ul><\/li><li>Acondicionamiento de los bordes (redondeo l\u00e1ser de los bordes afilados)<\/li><li>Textura l\u00e1ser<ul><li>Moleteado l\u00e1ser (moleteado de diamante) o rayado l\u00e1ser<\/li><li>Acabado alternativo con chorro de arena\/perlas<\/li><li>Desbaste de la superficie para la sujeci\u00f3n en procesos de Sobre moldeo.<\/li><\/ul><\/li><li>Pulido o ablaci\u00f3n por l\u00e1ser<\/li><li>UDI (Unique Device Identification), c\u00f3digo de barras, serializaci\u00f3n, matriz de puntos<\/li><li>Eliminaci\u00f3n de pintura<\/li><\/ul>\n\n\n\n<p>Marcado l\u00e1ser de dispositivos m\u00e9dicos hecho correctamente. <a href=\"https:\/\/avna.com\/es\/contact-us\/\">Hable con un ingeniero de AVNA hoy mismo.<\/a><\/p>\n\n\n\n<h4 class=\"wp-block-heading\"><strong>Marcado L\u00e1ser de Alta Precisi\u00f3n Para Cumplir los Requisitos M\u00e1s Estrictos<\/strong><\/h4>\n\n\n\n<p>Nuestro equipo est\u00e1 dispuesto a colaborar con usted para resolver retos complejos, optimizar la fabricaci\u00f3n y tener en cuenta la forma, el ajuste y la funci\u00f3n. La gama de nuestros servicios de mecanizado y marcado l\u00e1ser m\u00e9dico nos permite ofrecer la mejor soluci\u00f3n: personalizar la tecnolog\u00eda y los procesos para maximizar la calidad, el rendimiento y la rentabilidad de los componentes y conjuntos de dispositivos m\u00e9dicos, como c\u00e1nulas, conjuntos de agujas, obturadores y trocares, desbridaciones, cuchillas de fresado, dise\u00f1o en espiral continua o interrumpida, juntas articuladas, patr\u00f3n de bloqueo de rompecabezas, conjuntos de anillos de tracci\u00f3n, conjuntos soldados con eslabones y muelles, cat\u00e9teres y anclajes de sutura.<\/p>\n<\/div>\n\n\n\n<div class=\"wp-block-column okay-2col-right is-layout-flow wp-block-column-is-layout-flow\">\n<section class=\"wp-block-smart-section-section callout margin-none\"><div class=\"section-wrapper\">\n<div class=\"wp-block-image padding-bottom-none\"><figure class=\"aligncenter is-resized\"><a href=\"https:\/\/avna.com\/es\/design-support-and-development\/nextech-labs\/\"><img decoding=\"async\" src=\"https:\/\/avna.com\/wp-content\/uploads\/2019\/02\/nextech_labs_600x240.png\" alt=\"\" class=\"wp-image-3264\" width=\"253\" height=\"101\" srcset=\"https:\/\/avna.com\/wp-content\/uploads\/2019\/02\/nextech_labs_600x240.png 600w, https:\/\/avna.com\/wp-content\/uploads\/2019\/02\/nextech_labs_600x240-300x120.png 300w, https:\/\/avna.com\/wp-content\/uploads\/2019\/02\/nextech_labs_600x240-100x40.png 100w, https:\/\/avna.com\/wp-content\/uploads\/2019\/02\/nextech_labs_600x240-200x80.png 200w, https:\/\/avna.com\/wp-content\/uploads\/2019\/02\/nextech_labs_600x240-400x160.png 400w\" sizes=\"(max-width: 253px) 100vw, 253px\" \/><\/a><\/figure><\/div>\n\n\n\n<p class=\"has-text-align-center padding-left-right\" style=\"font-size:13px\">Dedicated equipment, staff and resources that get you to market faster. <a href=\"https:\/\/avna.com\/es\/design-support-and-development\/nextech-labs\/\">Learn More. <\/a><\/p>\n\n\n\n<figure class=\"wp-block-image\"><a href=\"https:\/\/avna.com\/es\/design-support-and-development\/nextech-labs\/\"><img decoding=\"async\" width=\"375\" height=\"342\" src=\"https:\/\/avna.com\/wp-content\/uploads\/2019\/03\/callout-box-layered-edit.png\" alt=\"\" class=\"wp-image-3614\" srcset=\"https:\/\/avna.com\/wp-content\/uploads\/2019\/03\/callout-box-layered-edit.png 375w, https:\/\/avna.com\/wp-content\/uploads\/2019\/03\/callout-box-layered-edit-300x274.png 300w, https:\/\/avna.com\/wp-content\/uploads\/2019\/03\/callout-box-layered-edit-100x91.png 100w, https:\/\/avna.com\/wp-content\/uploads\/2019\/03\/callout-box-layered-edit-200x182.png 200w\" sizes=\"(max-width: 375px) 100vw, 375px\" \/><\/a><\/figure>\n<\/div><\/section>\n\n\n\n<figure class=\"wp-block-image padding-top\"><img decoding=\"async\" width=\"400\" height=\"800\" src=\"https:\/\/avna.com\/wp-content\/uploads\/2019\/09\/okay-laser-process-sidebar-400x800.jpg\" alt=\"laser marking system\" class=\"wp-image-5341\" srcset=\"https:\/\/avna.com\/wp-content\/uploads\/2019\/09\/okay-laser-process-sidebar-400x800.jpg 400w, https:\/\/avna.com\/wp-content\/uploads\/2019\/09\/okay-laser-process-sidebar-400x800-150x300.jpg 150w, https:\/\/avna.com\/wp-content\/uploads\/2019\/09\/okay-laser-process-sidebar-400x800-100x200.jpg 100w, https:\/\/avna.com\/wp-content\/uploads\/2019\/09\/okay-laser-process-sidebar-400x800-200x400.jpg 200w\" sizes=\"(max-width: 400px) 100vw, 400px\" \/><\/figure>\n<\/div>\n<\/div>\n\n\n\n<div class=\"wp-block-media-text alignwide has-media-on-the-right is-stacked-on-mobile callout-image cta-it\"><figure class=\"wp-block-media-text__media\"><img decoding=\"async\" width=\"800\" height=\"659\" src=\"https:\/\/avna.com\/wp-content\/uploads\/2021\/11\/OKAY-laser-marking.jpeg\" alt=\"\" class=\"wp-image-9195 size-full\" srcset=\"https:\/\/avna.com\/wp-content\/uploads\/2021\/11\/OKAY-laser-marking.jpeg 800w, https:\/\/avna.com\/wp-content\/uploads\/2021\/11\/OKAY-laser-marking-300x247.jpeg 300w, https:\/\/avna.com\/wp-content\/uploads\/2021\/11\/OKAY-laser-marking-768x633.jpeg 768w, https:\/\/avna.com\/wp-content\/uploads\/2021\/11\/OKAY-laser-marking-100x82.jpeg 100w, https:\/\/avna.com\/wp-content\/uploads\/2021\/11\/OKAY-laser-marking-200x165.jpeg 200w, https:\/\/avna.com\/wp-content\/uploads\/2021\/11\/OKAY-laser-marking-400x330.jpeg 400w, https:\/\/avna.com\/wp-content\/uploads\/2021\/11\/OKAY-laser-marking-600x494.jpeg 600w\" sizes=\"(max-width: 800px) 100vw, 800px\" \/><\/figure><div class=\"wp-block-media-text__content\">\n<h3 class=\"wp-block-heading\"><strong>Marcado L\u00e1ser de Dispositivos M\u00e9dicos Que Forma Parte de Algo M\u00e1s Grande<\/strong><\/h3>\n\n\n\n<p class=\"has-regular-font-size\">Nuestros sistemas de calidad, la planificaci\u00f3n de la calidad del producto y las t\u00e9cnicas de medici\u00f3n avanzadas son reconocidas por las mayores empresas de dispositivos m\u00e9dicos del mundo. <a href=\"https:\/\/avna.com\/es\/contact-us\/\">P\u00f3ngase en contacto con nuestro equipo hoy<\/a> mismo para hablar de sus necesidades de marcado por l\u00e1ser, <a href=\"https:\/\/avna.com\/es\/capabilities\/laser-tube-cutting\/\">corte por l\u00e1ser<\/a> y\/o <a href=\"https:\/\/avna.com\/capabilities\/medical-laser-processing\/medical-laser-welding\/\">soldadura por l\u00e1ser<\/a>. <a href=\"https:\/\/avna.com\/es\/contact-us\/\">P\u00f3ngase en contacto con nosotros<\/a> o programe una cita en nuestros <a href=\"https:\/\/avna.com\/es\/design-support-and-development\/nextech-labs\/\">Laboratorios NexTech<\/a> y descubra c\u00f3mo nuestra colaboraci\u00f3n centrada en el cliente mejorar\u00e1 los resultados de su pr\u00f3ximo proyecto.<\/p>\n<\/div><\/div>\n\n\n\n<p><\/p>\n<\/div><\/section>\n","protected":false},"excerpt":{"rendered":"","protected":false},"author":10,"featured_media":6634,"parent":6719,"menu_order":4,"comment_status":"closed","ping_status":"closed","template":"","meta":{"_acf_changed":false,"_yoast_wpseo_title":"Marcado l\u00e1ser de dispositivos m\u00e9dicos con alta precisi\u00f3n | AVNA ","_yoast_wpseo_metadesc":"Desde logotipos y gr\u00e1ficos hasta la identificaci\u00f3n de piezas, nuestro marcado l\u00e1ser de dispositivos m\u00e9dicos le ayuda a dar en el clavo. Hable con un ingeniero de AVNA hoy mismo.","_metasync_otto_title":"","_metasync_otto_description":"","rank_math_title":"","rank_math_description":"","footnotes":""},"class_list":["post-9293","page","type-page","status-publish","has-post-thumbnail","hentry"],"acf":[],"yoast_head":"<!-- This site is optimized with the Yoast SEO Premium plugin v20.12 (Yoast SEO v25.4) - https:\/\/yoast.com\/wordpress\/plugins\/seo\/ -->\n<title>Marcado l\u00e1ser de dispositivos m\u00e9dicos con alta precisi\u00f3n | AVNA<\/title>\n<meta name=\"description\" content=\"Desde logotipos y gr\u00e1ficos hasta la identificaci\u00f3n de piezas, nuestro marcado l\u00e1ser de dispositivos m\u00e9dicos le ayuda a dar en el clavo. Hable con un ingeniero de AVNA hoy mismo.\" \/>\n<meta name=\"robots\" content=\"index, follow, max-snippet:-1, max-image-preview:large, max-video-preview:-1\" \/>\n<link rel=\"canonical\" href=\"https:\/\/avna.com\/es\/capabilities\/medical-device-laser-marking\/\" \/>\n<meta property=\"og:locale\" content=\"es_ES\" \/>\n<meta property=\"og:type\" content=\"article\" \/>\n<meta property=\"og:title\" content=\"Marcado L\u00e1ser de Dispositivos M\u00e9dicos\" \/>\n<meta property=\"og:description\" content=\"Desde logotipos y gr\u00e1ficos hasta la identificaci\u00f3n de piezas, nuestro marcado l\u00e1ser de dispositivos m\u00e9dicos le ayuda a dar en el clavo. Hable con un ingeniero de AVNA hoy mismo.\" \/>\n<meta property=\"og:url\" content=\"https:\/\/avna.com\/es\/capabilities\/medical-device-laser-marking\/\" \/>\n<meta property=\"og:site_name\" content=\"AVNA\" \/>\n<meta property=\"article:modified_time\" content=\"2022-09-01T18:44:44+00:00\" \/>\n<meta property=\"og:image\" content=\"https:\/\/avna.com\/wp-content\/uploads\/2018\/12\/Blue-Background-Treatment4.jpg\" \/>\n\t<meta property=\"og:image:width\" content=\"3000\" \/>\n\t<meta property=\"og:image:height\" content=\"1080\" \/>\n\t<meta property=\"og:image:type\" content=\"image\/jpeg\" \/>\n<meta name=\"twitter:card\" content=\"summary_large_image\" \/>\n<meta name=\"twitter:label1\" content=\"Tiempo de lectura\" \/>\n\t<meta name=\"twitter:data1\" content=\"4 minutos\" \/>\n<script type=\"application\/ld+json\" class=\"yoast-schema-graph\">{\"@context\":\"https:\/\/schema.org\",\"@graph\":[{\"@type\":\"WebPage\",\"@id\":\"https:\/\/avna.com\/es\/capabilities\/medical-device-laser-marking\/\",\"url\":\"https:\/\/avna.com\/es\/capabilities\/medical-device-laser-marking\/\",\"name\":\"Marcado l\u00e1ser de dispositivos m\u00e9dicos con alta precisi\u00f3n | AVNA\",\"isPartOf\":{\"@id\":\"https:\/\/avna.com\/es\/#website\"},\"primaryImageOfPage\":{\"@id\":\"https:\/\/avna.com\/es\/capabilities\/medical-device-laser-marking\/#primaryimage\"},\"image\":{\"@id\":\"https:\/\/avna.com\/es\/capabilities\/medical-device-laser-marking\/#primaryimage\"},\"thumbnailUrl\":\"https:\/\/avna.com\/wp-content\/uploads\/2018\/12\/Blue-Background-Treatment4.jpg\",\"datePublished\":\"2021-12-03T15:35:39+00:00\",\"dateModified\":\"2022-09-01T18:44:44+00:00\",\"description\":\"Desde logotipos y gr\u00e1ficos hasta la identificaci\u00f3n de piezas, nuestro marcado l\u00e1ser de dispositivos m\u00e9dicos le ayuda a dar en el clavo. Hable con un ingeniero de AVNA hoy mismo.\",\"breadcrumb\":{\"@id\":\"https:\/\/avna.com\/es\/capabilities\/medical-device-laser-marking\/#breadcrumb\"},\"inLanguage\":\"es\",\"potentialAction\":[{\"@type\":\"ReadAction\",\"target\":[\"https:\/\/avna.com\/es\/capabilities\/medical-device-laser-marking\/\"]}]},{\"@type\":\"ImageObject\",\"inLanguage\":\"es\",\"@id\":\"https:\/\/avna.com\/es\/capabilities\/medical-device-laser-marking\/#primaryimage\",\"url\":\"https:\/\/avna.com\/wp-content\/uploads\/2018\/12\/Blue-Background-Treatment4.jpg\",\"contentUrl\":\"https:\/\/avna.com\/wp-content\/uploads\/2018\/12\/Blue-Background-Treatment4.jpg\",\"width\":3000,\"height\":1080},{\"@type\":\"BreadcrumbList\",\"@id\":\"https:\/\/avna.com\/es\/capabilities\/medical-device-laser-marking\/#breadcrumb\",\"itemListElement\":[{\"@type\":\"ListItem\",\"position\":1,\"name\":\"Home\",\"item\":\"https:\/\/avna.com\/es\/\"},{\"@type\":\"ListItem\",\"position\":2,\"name\":\"Capacidades\",\"item\":\"https:\/\/avna.com\/es\/capabilities\/\"},{\"@type\":\"ListItem\",\"position\":3,\"name\":\"Marcado L\u00e1ser de Dispositivos M\u00e9dicos\"}]},{\"@type\":\"WebSite\",\"@id\":\"https:\/\/avna.com\/es\/#website\",\"url\":\"https:\/\/avna.com\/es\/\",\"name\":\"AVNA\",\"description\":\"Innovation Partners for Life\",\"publisher\":{\"@id\":\"https:\/\/avna.com\/es\/#organization\"},\"potentialAction\":[{\"@type\":\"SearchAction\",\"target\":{\"@type\":\"EntryPoint\",\"urlTemplate\":\"https:\/\/avna.com\/es\/?s={search_term_string}\"},\"query-input\":{\"@type\":\"PropertyValueSpecification\",\"valueRequired\":true,\"valueName\":\"search_term_string\"}}],\"inLanguage\":\"es\"},{\"@type\":\"Organization\",\"@id\":\"https:\/\/avna.com\/es\/#organization\",\"name\":\"AVNA\",\"url\":\"https:\/\/avna.com\/es\/\",\"logo\":{\"@type\":\"ImageObject\",\"inLanguage\":\"es\",\"@id\":\"https:\/\/avna.com\/es\/#\/schema\/logo\/image\/\",\"url\":\"https:\/\/avna.com\/wp-content\/uploads\/2023\/12\/logo-0.png\",\"contentUrl\":\"https:\/\/avna.com\/wp-content\/uploads\/2023\/12\/logo-0.png\",\"width\":387,\"height\":275,\"caption\":\"AVNA\"},\"image\":{\"@id\":\"https:\/\/avna.com\/es\/#\/schema\/logo\/image\/\"}}]}<\/script>\n<!-- \/ Yoast SEO Premium plugin. -->","yoast_head_json":{"title":"Marcado l\u00e1ser de dispositivos m\u00e9dicos con alta precisi\u00f3n | AVNA","description":"Desde logotipos y gr\u00e1ficos hasta la identificaci\u00f3n de piezas, nuestro marcado l\u00e1ser de dispositivos m\u00e9dicos le ayuda a dar en el clavo. Hable con un ingeniero de AVNA hoy mismo.","robots":{"index":"index","follow":"follow","max-snippet":"max-snippet:-1","max-image-preview":"max-image-preview:large","max-video-preview":"max-video-preview:-1"},"canonical":"https:\/\/avna.com\/es\/capabilities\/medical-device-laser-marking\/","og_locale":"es_ES","og_type":"article","og_title":"Marcado L\u00e1ser de Dispositivos M\u00e9dicos","og_description":"Desde logotipos y gr\u00e1ficos hasta la identificaci\u00f3n de piezas, nuestro marcado l\u00e1ser de dispositivos m\u00e9dicos le ayuda a dar en el clavo. Hable con un ingeniero de AVNA hoy mismo.","og_url":"https:\/\/avna.com\/es\/capabilities\/medical-device-laser-marking\/","og_site_name":"AVNA","article_modified_time":"2022-09-01T18:44:44+00:00","og_image":[{"width":3000,"height":1080,"url":"https:\/\/avna.com\/wp-content\/uploads\/2018\/12\/Blue-Background-Treatment4.jpg","type":"image\/jpeg"}],"twitter_card":"summary_large_image","twitter_misc":{"Tiempo de lectura":"4 minutos"},"schema":{"@context":"https:\/\/schema.org","@graph":[{"@type":"WebPage","@id":"https:\/\/avna.com\/es\/capabilities\/medical-device-laser-marking\/","url":"https:\/\/avna.com\/es\/capabilities\/medical-device-laser-marking\/","name":"Marcado l\u00e1ser de dispositivos m\u00e9dicos con alta precisi\u00f3n | AVNA","isPartOf":{"@id":"https:\/\/avna.com\/es\/#website"},"primaryImageOfPage":{"@id":"https:\/\/avna.com\/es\/capabilities\/medical-device-laser-marking\/#primaryimage"},"image":{"@id":"https:\/\/avna.com\/es\/capabilities\/medical-device-laser-marking\/#primaryimage"},"thumbnailUrl":"https:\/\/avna.com\/wp-content\/uploads\/2018\/12\/Blue-Background-Treatment4.jpg","datePublished":"2021-12-03T15:35:39+00:00","dateModified":"2022-09-01T18:44:44+00:00","description":"Desde logotipos y gr\u00e1ficos hasta la identificaci\u00f3n de piezas, nuestro marcado l\u00e1ser de dispositivos m\u00e9dicos le ayuda a dar en el clavo. Hable con un ingeniero de AVNA hoy mismo.","breadcrumb":{"@id":"https:\/\/avna.com\/es\/capabilities\/medical-device-laser-marking\/#breadcrumb"},"inLanguage":"es","potentialAction":[{"@type":"ReadAction","target":["https:\/\/avna.com\/es\/capabilities\/medical-device-laser-marking\/"]}]},{"@type":"ImageObject","inLanguage":"es","@id":"https:\/\/avna.com\/es\/capabilities\/medical-device-laser-marking\/#primaryimage","url":"https:\/\/avna.com\/wp-content\/uploads\/2018\/12\/Blue-Background-Treatment4.jpg","contentUrl":"https:\/\/avna.com\/wp-content\/uploads\/2018\/12\/Blue-Background-Treatment4.jpg","width":3000,"height":1080},{"@type":"BreadcrumbList","@id":"https:\/\/avna.com\/es\/capabilities\/medical-device-laser-marking\/#breadcrumb","itemListElement":[{"@type":"ListItem","position":1,"name":"Home","item":"https:\/\/avna.com\/es\/"},{"@type":"ListItem","position":2,"name":"Capacidades","item":"https:\/\/avna.com\/es\/capabilities\/"},{"@type":"ListItem","position":3,"name":"Marcado L\u00e1ser de Dispositivos M\u00e9dicos"}]},{"@type":"WebSite","@id":"https:\/\/avna.com\/es\/#website","url":"https:\/\/avna.com\/es\/","name":"AVNA","description":"Innovation Partners for Life","publisher":{"@id":"https:\/\/avna.com\/es\/#organization"},"potentialAction":[{"@type":"SearchAction","target":{"@type":"EntryPoint","urlTemplate":"https:\/\/avna.com\/es\/?s={search_term_string}"},"query-input":{"@type":"PropertyValueSpecification","valueRequired":true,"valueName":"search_term_string"}}],"inLanguage":"es"},{"@type":"Organization","@id":"https:\/\/avna.com\/es\/#organization","name":"AVNA","url":"https:\/\/avna.com\/es\/","logo":{"@type":"ImageObject","inLanguage":"es","@id":"https:\/\/avna.com\/es\/#\/schema\/logo\/image\/","url":"https:\/\/avna.com\/wp-content\/uploads\/2023\/12\/logo-0.png","contentUrl":"https:\/\/avna.com\/wp-content\/uploads\/2023\/12\/logo-0.png","width":387,"height":275,"caption":"AVNA"},"image":{"@id":"https:\/\/avna.com\/es\/#\/schema\/logo\/image\/"}}]}},"_links":{"self":[{"href":"https:\/\/avna.com\/es\/wp-json\/wp\/v2\/pages\/9293","targetHints":{"allow":["GET"]}}],"collection":[{"href":"https:\/\/avna.com\/es\/wp-json\/wp\/v2\/pages"}],"about":[{"href":"https:\/\/avna.com\/es\/wp-json\/wp\/v2\/types\/page"}],"author":[{"embeddable":true,"href":"https:\/\/avna.com\/es\/wp-json\/wp\/v2\/users\/10"}],"replies":[{"embeddable":true,"href":"https:\/\/avna.com\/es\/wp-json\/wp\/v2\/comments?post=9293"}],"version-history":[{"count":4,"href":"https:\/\/avna.com\/es\/wp-json\/wp\/v2\/pages\/9293\/revisions"}],"predecessor-version":[{"id":10672,"href":"https:\/\/avna.com\/es\/wp-json\/wp\/v2\/pages\/9293\/revisions\/10672"}],"up":[{"embeddable":true,"href":"https:\/\/avna.com\/es\/wp-json\/wp\/v2\/pages\/6719"}],"wp:featuredmedia":[{"embeddable":true,"href":"https:\/\/avna.com\/es\/wp-json\/wp\/v2\/media\/6634"}],"wp:attachment":[{"href":"https:\/\/avna.com\/es\/wp-json\/wp\/v2\/media?parent=9293"}],"curies":[{"name":"wp","href":"https:\/\/api.w.org\/{rel}","templated":true}]}}