{"id":9200,"date":"2021-11-30T16:42:45","date_gmt":"2021-11-30T21:42:45","guid":{"rendered":"https:\/\/avna.com\/?page_id=9200"},"modified":"2021-12-02T10:56:30","modified_gmt":"2021-12-02T15:56:30","slug":"laser-tube-cutting","status":"publish","type":"page","link":"https:\/\/avna.com\/es\/capabilities\/laser-tube-cutting\/","title":{"rendered":"Corte De Tubos Por L\u00e1ser"},"content":{"rendered":"\n\n<section class=\"header-block\"><figure class=\"bg\" style=\"background-image: url(https:\/\/avna.com\/wp-content\/uploads\/2021\/11\/Blue-Background-Treatment4-400x400-1.jpg); \"><\/figure><div class=\"section-wrapper\"><div class=\"text-wrapper\"><div class=\"text-background\"><\/div><div class=\"header-image \" style=\"background-image: url(https:\/\/avna.com\/wp-content\/uploads\/2019\/05\/laser-processing-800x800-1.png);\"><\/div><div class=\"header-text\"><h1 style=\"font-size: 1rem !important; font-weight: 900; color: #deeff5 !important; text-transform: uppercase;\">CORTE DE TUBOS POR L\u00c1SER<\/h1>\n<h2 style=\"font-size: 3rem !important; font-weight: 900; color: white;\"><strong>Corte de Tubos por L\u00e1ser Adaptado a Sus Necesidades<\/strong><\/h2>\n<p><strong>AVNA  establece el est\u00e1ndar de precisi\u00f3n, velocidad y limpieza, cumpliendo con las m\u00e1s estrictas tolerancias.<\/strong><\/p>\n<p>Nuestro corte de tubos por l\u00e1ser se adapta a su aplicaci\u00f3n \u00fanica, ofreciendo la calidad y el cumplimiento necesarios para las aplicaciones m\u00e9dicas de precisi\u00f3n. Nuestros procesos especializados y nuestro equipo de ingenieros de procesos l\u00e1ser optimizan nuestros equipos de cuatro, cinco y siete ejes para cumplir los requisitos de calidad estad\u00edstica y mantener las tolerancias estrictas que exigen y en las que conf\u00edan los fabricantes de dispositivos m\u00e9dicos.<\/p>\n<\/div><\/div><\/div><\/section>\n\n\n<p><\/p>\n\n\n\n<section class=\"wp-block-smart-section-section\"><div class=\"section-wrapper\">\n<h2 class=\"wp-block-heading\" style=\"text-align:center\" id=\"mce_18\"><strong>No Todos los Cortes L\u00e1ser Para Dispositivos M\u00e9dicos Son Iguales<\/strong><\/h2>\n\n\n\n<p>Los Ingenieros de Procesos L\u00e1ser de AVNA trabajar\u00e1n con usted para crear sus componentes y ensamblajes \u00fanicos, desarrollando procesos especializados e incluso construyendo equipos l\u00e1ser a medida en la empresa. Nuestros servicios est\u00e1n dise\u00f1ados para asegurar que su proyecto sea racionalizado y optimizado para ofrecer los mejores resultados posibles.<\/p>\n\n\n\n<p>Con cortes l\u00e1ser de tan s\u00f3lo 0,0015 pulgadas (0,0381 mm) de ancho, nuestro proceso ofrece ventajas de precisi\u00f3n, produciendo caracter\u00edsticas n\u00edtidas y precisas que permiten dise\u00f1os m\u00e1s intrincados, con la capacidad de implementar sensores para localizar\/registrar las piezas, as\u00ed como alimentadores y robots para la carga\/descarga autom\u00e1tica (para aplicaciones espec\u00edficas).<\/p>\n\n\n\n<div id=\"metaslider-id-8553\" style=\"width: 100%; margin: 0 auto;\" class=\"ml-slider-3-102-0 metaslider metaslider-flex metaslider-8553 ml-slider has-carousel-mode ml-slider-lightbox-2-12-0 firelight-lightbox-2-3-17 ms-theme-default nav-hidden\" role=\"region\" aria-label=\"Laser Marking\" data-height=\"200\" data-width=\"200\">\n    <div id=\"metaslider_container_8553\">\n        <div id=\"metaslider_8553\">\n            <ul class='slides'>\n                <li style=\"display: none; width: 100%;\" class=\"slide-8558 ms-image \" aria-roledescription=\"slide\" data-date=\"2021-09-02 10:40:37\" data-slide-type=\"image\"><img decoding=\"async\" src=\"https:\/\/avna.com\/wp-content\/uploads\/2019\/01\/laser_marking_1200x880px-200x200.jpg\" height=\"200\" width=\"200\" alt=\"\" class=\"slider-8553 slide-8558 msDefaultImage ml-lightbox-enabled\" title=\"laser_marking_1200x880px\" \/><\/li>\n                <li style=\"display: none; width: 100%;\" class=\"slide-8559 ms-image \" aria-roledescription=\"slide\" data-date=\"2021-09-02 10:40:37\" data-slide-type=\"image\"><img decoding=\"async\" src=\"https:\/\/avna.com\/wp-content\/uploads\/2019\/01\/anti_glare_1200x880px-200x200.jpg\" height=\"200\" width=\"200\" alt=\"\" class=\"slider-8553 slide-8559 msDefaultImage ml-lightbox-enabled\" title=\"anti_glare_1200x880px\" \/><\/li>\n                <li style=\"display: none; width: 100%;\" class=\"slide-8560 ms-image \" aria-roledescription=\"slide\" data-date=\"2021-09-02 10:40:37\" data-slide-type=\"image\"><img decoding=\"async\" src=\"https:\/\/avna.com\/wp-content\/uploads\/2019\/01\/polishing_1200x880px-200x200.jpg\" height=\"200\" width=\"200\" alt=\"\" class=\"slider-8553 slide-8560 msDefaultImage ml-lightbox-enabled\" title=\"polishing_1200x880px\" \/><\/li>\n                <li style=\"display: none; width: 100%;\" class=\"slide-8561 ms-image \" aria-roledescription=\"slide\" data-date=\"2021-09-02 10:40:37\" data-slide-type=\"image\"><img decoding=\"async\" src=\"https:\/\/avna.com\/wp-content\/uploads\/2019\/01\/bead_blasting_1200x880px-2-200x200.jpg\" height=\"200\" width=\"200\" alt=\"\" class=\"slider-8553 slide-8561 msDefaultImage ml-lightbox-enabled\" title=\"bead_blasting_1200x880px\" \/><\/li>\n                <li style=\"display: none; width: 100%;\" class=\"slide-8562 ms-image \" aria-roledescription=\"slide\" data-date=\"2021-09-02 10:40:37\" data-slide-type=\"image\"><img decoding=\"async\" src=\"https:\/\/avna.com\/wp-content\/uploads\/2019\/04\/Speedlock1200x880-200x200.jpg\" height=\"200\" width=\"200\" alt=\"\" class=\"slider-8553 slide-8562 msDefaultImage ml-lightbox-enabled\" title=\"Speedlock1200x880\" \/><\/li>\n            <\/ul>\n        <\/div>\n        \n    <\/div>\n<\/div>\n<\/div><\/section>\n\n\n\n<section class=\"wp-block-smart-section-section light-blue-background\"><div class=\"section-wrapper\">\n<div class=\"wp-block-columns has-2-columns okay-2col-table is-layout-flex wp-container-core-columns-is-layout-9d6595d7 wp-block-columns-is-layout-flex\">\n<div class=\"wp-block-column okay-2col-left is-layout-flow wp-block-column-is-layout-flow\">\n<h4 class=\"wp-block-heading\"><strong>Test Nuestras capacidades de fabricaci\u00f3n de corte por l\u00e1ser para dispositivos m\u00e9dicos est\u00e1n por encima del resto<\/strong><\/h4>\n\n\n\n<p>El\ncorte de tubos por l\u00e1ser de AVNA ofrece una combinaci\u00f3n superior de equipos,\nincluyendo cortadoras l\u00e1ser de clase 1 dise\u00f1adas a medida en 4-5 ejes (opciones\nmanuales y totalmente automatizadas), tecnolog\u00eda, software y experiencia en\ningenier\u00eda. Nuestras capacidades de corte por l\u00e1ser extremadamente estrechas\nreducen el calor del proceso y eliminan pr\u00e1cticamente la decoloraci\u00f3n y el\nalabeo que pueden producirse con otras tecnolog\u00edas. Adem\u00e1s, el corte de tubos\npor l\u00e1ser permite la eliminaci\u00f3n de material sin desgaste de herramientas -todo\nel trabajo lo realiza el l\u00e1ser-, lo que ayuda a reducir los costes de\nproducci\u00f3n.<\/p>\n\n\n\n<p><a href=\"https:\/\/avna.com\/es\/contact-us\/\">Hable con un ingeniero de AVNA hoy mismo<\/a><\/p>\n\n\n\n<p>Nuestra\ns\u00f3lida combinaci\u00f3n de equipos y tecnolog\u00edas avanzadas de corte de tubos por\nl\u00e1ser, incluido Accu-LaserSwiss, proporciona resultados inigualables a nuestros\nclientes. Nuestro equipo tendr\u00e1 en cuenta la relaci\u00f3n entre los servicios de\nmecanizado y los de corte de tubos por l\u00e1ser y adaptar\u00e1 nuestros procesos y\ntecnolog\u00edas a las necesidades espec\u00edficas de su proyecto.<\/p>\n\n\n\n<p>El\nexperimentado equipo de l\u00e1seres de AVNA puede crear geometr\u00edas de piezas que\nsustituyen a las fabricadas tradicionalmente por fresado o electroerosi\u00f3n por\nhilo a una fracci\u00f3n del coste, puede procesar tubos formados y moldeados, as\u00ed\ncomo piezas cargadas a mano (manuales o totalmente automatizadas), y cortes\ninclinados para crear bordes biselados y dientes afilados. Estamos dispuestos a\nmaximizar nuestros servicios para los requisitos de su proyecto:<\/p>\n\n\n\n<ul class=\"wp-block-list\"><li>Di\u00e1metros de tubo:\n0.015&#8243; &#8211; 1.0&#8243;<\/li><li>Espesor de la pared del tubo:\n0.002&#8243; &#8211; 0.050&#8243;<\/li><li>Longitudes de tubo: Hasta 12&#8242;\n(o tubo en forma de bobina)<\/li><li>Longitudes de las piezas:\nHasta ~6&#8242; (La mayor\u00eda de los componentes\/ejes m\u00e9dicos son inferiores a\n~20&#8243;. Algunas piezas de tipo cat\u00e9ter pueden llegar hasta 45-60&#8243;)<\/li><li>Tama\u00f1o del punto l\u00e1ser:\n~0,0008&#8243; &#8211; 0,004&#8243; dependiendo de la combinaci\u00f3n del di\u00e1metro del tubo\ny el grosor de la pared (hasta ~0,004&#8243; de tama\u00f1o del punto con una\nconfiguraci\u00f3n \u00f3ptica especial)<\/li><\/ul>\n\n\n\n<p>Los\ntipos de material disponibles son:<\/p>\n\n\n\n<ul class=\"wp-block-list\"><li>Acero inoxidable (serie 300, 17-4, 17-7, etc.)<\/li><li>Titanio<\/li><li>Nitinol<\/li><li>Aluminio, y m\u00e1s.<\/li><\/ul>\n\n\n\n<p>La\nprofundidad y amplitud de nuestros servicios de mecanizado y corte m\u00e9dico por\nl\u00e1ser nos permiten ofrecer la mejor soluci\u00f3n: personalizar la tecnolog\u00eda y los\nprocesos para maximizar la calidad, el rendimiento y la rentabilidad de los\ncomponentes y conjuntos de dispositivos m\u00e9dicos, como c\u00e1nulas, conjuntos de\nagujas, obturadores y trocares, desbastes, cuchillas de fresado, dise\u00f1o en\nespiral continua o interrumpida, uniones articuladas, patr\u00f3n de cierre de\nrompecabezas, conjuntos de anillos de tracci\u00f3n, conjuntos soldados con\neslabones y muelles, cat\u00e9teres y anclajes de sutura.<\/p>\n<\/div>\n\n\n\n<div class=\"wp-block-column okay-2col-right is-layout-flow wp-block-column-is-layout-flow\">\n<section class=\"wp-block-smart-section-section callout margin-none\"><div class=\"section-wrapper\">\n<div class=\"wp-block-image padding-bottom-none\"><figure class=\"aligncenter is-resized\"><a href=\"https:\/\/avna.com\/design-support-and-development\/nextech-labs\/?lang=es\"><img decoding=\"async\" src=\"https:\/\/avna.com\/wp-content\/uploads\/2019\/02\/nextech_labs_600x240.png\" alt=\"\" class=\"wp-image-3264\" width=\"253\" height=\"101\" srcset=\"https:\/\/avna.com\/wp-content\/uploads\/2019\/02\/nextech_labs_600x240.png 600w, https:\/\/avna.com\/wp-content\/uploads\/2019\/02\/nextech_labs_600x240-300x120.png 300w, https:\/\/avna.com\/wp-content\/uploads\/2019\/02\/nextech_labs_600x240-100x40.png 100w, https:\/\/avna.com\/wp-content\/uploads\/2019\/02\/nextech_labs_600x240-200x80.png 200w, https:\/\/avna.com\/wp-content\/uploads\/2019\/02\/nextech_labs_600x240-400x160.png 400w\" sizes=\"(max-width: 253px) 100vw, 253px\" \/><\/a><\/figure><\/div>\n\n\n\n<p class=\"has-text-align-center padding-left-right\" style=\"font-size:13px\">Equipo dedicado, personal y recursos que lo llevan al mercado m\u00e1s r\u00e1pido. <a href=\"https:\/\/avna.com\/es\/design-support-and-development\/nextech-labs\/\">Conoce m\u00e1s<\/a>.<\/p>\n<\/div><\/section>\n\n\n\n<figure class=\"wp-block-image padding-top\"><img decoding=\"async\" width=\"1200\" height=\"880\" src=\"https:\/\/avna.com\/wp-content\/uploads\/2021\/11\/laser_cut_tubing_video_clip_1200x880px.jpeg\" alt=\"\" class=\"wp-image-9222\" srcset=\"https:\/\/avna.com\/wp-content\/uploads\/2021\/11\/laser_cut_tubing_video_clip_1200x880px.jpeg 1200w, https:\/\/avna.com\/wp-content\/uploads\/2021\/11\/laser_cut_tubing_video_clip_1200x880px-300x220.jpeg 300w, https:\/\/avna.com\/wp-content\/uploads\/2021\/11\/laser_cut_tubing_video_clip_1200x880px-768x563.jpeg 768w, https:\/\/avna.com\/wp-content\/uploads\/2021\/11\/laser_cut_tubing_video_clip_1200x880px-100x73.jpeg 100w, https:\/\/avna.com\/wp-content\/uploads\/2021\/11\/laser_cut_tubing_video_clip_1200x880px-200x147.jpeg 200w, https:\/\/avna.com\/wp-content\/uploads\/2021\/11\/laser_cut_tubing_video_clip_1200x880px-400x293.jpeg 400w, https:\/\/avna.com\/wp-content\/uploads\/2021\/11\/laser_cut_tubing_video_clip_1200x880px-600x440.jpeg 600w, https:\/\/avna.com\/wp-content\/uploads\/2021\/11\/laser_cut_tubing_video_clip_1200x880px-800x587.jpeg 800w\" sizes=\"(max-width: 1200px) 100vw, 1200px\" \/><\/figure>\n<\/div>\n<\/div>\n\n\n\n<div class=\"wp-block-media-text alignwide has-media-on-the-right is-stacked-on-mobile callout-image cta-it\"><figure class=\"wp-block-media-text__media\"><img decoding=\"async\" width=\"500\" height=\"412\" src=\"https:\/\/avna.com\/wp-content\/uploads\/2019\/09\/okay-laser-tubing-cta.jpg\" alt=\"\" class=\"wp-image-5347 size-full\" srcset=\"https:\/\/avna.com\/wp-content\/uploads\/2019\/09\/okay-laser-tubing-cta.jpg 500w, https:\/\/avna.com\/wp-content\/uploads\/2019\/09\/okay-laser-tubing-cta-300x247.jpg 300w, https:\/\/avna.com\/wp-content\/uploads\/2019\/09\/okay-laser-tubing-cta-100x82.jpg 100w, https:\/\/avna.com\/wp-content\/uploads\/2019\/09\/okay-laser-tubing-cta-200x165.jpg 200w, https:\/\/avna.com\/wp-content\/uploads\/2019\/09\/okay-laser-tubing-cta-400x330.jpg 400w\" sizes=\"(max-width: 500px) 100vw, 500px\" \/><\/figure><div class=\"wp-block-media-text__content\">\n<h3 class=\"wp-block-heading\"><strong>Corte por l\u00e1ser de dispositivos m\u00e9dicos que es parte de algo m\u00e1s grande<\/strong><\/h3>\n\n\n\n<p>La\ntecnolog\u00eda l\u00e1ser de AVNA  superar\u00e1 sus expectativas, con procesos\npersonalizados, capacidades expertas e ingenieros especializados en procesos\nl\u00e1ser listos para ayudar a hacer que su componente sea parte de algo m\u00e1s\ngrande. Tr\u00e1iganos sus ideas, conceptos y retos m\u00e1s dif\u00edciles y le ofreceremos\nsoluciones innovadoras que superen sus expectativas.<\/p>\n\n\n\n<p><a href=\"https:\/\/avna.com\/es\/contact-us\/\">P\u00f3ngase en contacto con nosotros<\/a> o concierte una cita en nuestros [link] <a href=\"https:\/\/avna.com\/es\/design-support-and-development\/nextech-labs\/\">NexTech Labs<\/a> y descubra c\u00f3mo nuestra colaboraci\u00f3n centrada en el cliente mejorar\u00e1 los resultados de su pr\u00f3ximo proyecto.<\/p>\n<\/div><\/div>\n<\/div><\/section>\n","protected":false},"excerpt":{"rendered":"","protected":false},"author":10,"featured_media":9179,"parent":6719,"menu_order":4,"comment_status":"closed","ping_status":"closed","template":"","meta":{"_acf_changed":false,"_yoast_wpseo_title":"Corte de tubos por l\u00e1ser para componentes de dispositivos m\u00e9dicos | AVNA ","_yoast_wpseo_metadesc":"Nuestros ingenieros de procesos l\u00e1ser trabajar\u00e1n con usted en cualquier aplicaci\u00f3n de corte de tubos por l\u00e1ser a medida. Obtenga m\u00e1s informaci\u00f3n sobre nuestra tecnolog\u00eda inigualable y equipo dedicado...","_metasync_otto_title":"","_metasync_otto_description":"","rank_math_title":"","rank_math_description":"","footnotes":""},"class_list":["post-9200","page","type-page","status-publish","has-post-thumbnail","hentry"],"acf":[],"yoast_head":"<!-- This site is optimized with the Yoast SEO Premium plugin v20.12 (Yoast SEO v25.4) - https:\/\/yoast.com\/wordpress\/plugins\/seo\/ -->\n<title>Corte de tubos por l\u00e1ser para componentes de dispositivos m\u00e9dicos | AVNA<\/title>\n<meta name=\"description\" content=\"Nuestros ingenieros de procesos l\u00e1ser trabajar\u00e1n con usted en cualquier aplicaci\u00f3n de corte de tubos por l\u00e1ser a medida. Obtenga m\u00e1s informaci\u00f3n sobre nuestra tecnolog\u00eda inigualable y equipo dedicado...\" \/>\n<meta name=\"robots\" content=\"index, follow, max-snippet:-1, max-image-preview:large, max-video-preview:-1\" \/>\n<link rel=\"canonical\" href=\"https:\/\/avna.com\/es\/capabilities\/laser-tube-cutting\/\" \/>\n<meta property=\"og:locale\" content=\"es_ES\" \/>\n<meta property=\"og:type\" content=\"article\" \/>\n<meta property=\"og:title\" content=\"Corte De Tubos Por L\u00e1ser\" \/>\n<meta property=\"og:description\" content=\"Nuestros ingenieros de procesos l\u00e1ser trabajar\u00e1n con usted en cualquier aplicaci\u00f3n de corte de tubos por l\u00e1ser a medida. Obtenga m\u00e1s informaci\u00f3n sobre nuestra tecnolog\u00eda inigualable y equipo dedicado...\" \/>\n<meta property=\"og:url\" content=\"https:\/\/avna.com\/es\/capabilities\/laser-tube-cutting\/\" \/>\n<meta property=\"og:site_name\" content=\"AVNA\" \/>\n<meta property=\"article:modified_time\" content=\"2021-12-02T15:56:30+00:00\" \/>\n<meta property=\"og:image\" content=\"https:\/\/avna.com\/wp-content\/uploads\/2021\/11\/Blue-Background-Treatment4-400x400-1.jpg\" \/>\n\t<meta property=\"og:image:width\" content=\"400\" \/>\n\t<meta property=\"og:image:height\" content=\"400\" \/>\n\t<meta property=\"og:image:type\" content=\"image\/jpeg\" \/>\n<meta name=\"twitter:card\" content=\"summary_large_image\" \/>\n<meta name=\"twitter:label1\" content=\"Tiempo de lectura\" \/>\n\t<meta name=\"twitter:data1\" content=\"1 minuto\" \/>\n<script type=\"application\/ld+json\" class=\"yoast-schema-graph\">{\"@context\":\"https:\/\/schema.org\",\"@graph\":[{\"@type\":\"WebPage\",\"@id\":\"https:\/\/avna.com\/es\/capabilities\/laser-tube-cutting\/\",\"url\":\"https:\/\/avna.com\/es\/capabilities\/laser-tube-cutting\/\",\"name\":\"Corte de tubos por l\u00e1ser para componentes de dispositivos m\u00e9dicos | AVNA\",\"isPartOf\":{\"@id\":\"https:\/\/avna.com\/es\/#website\"},\"primaryImageOfPage\":{\"@id\":\"https:\/\/avna.com\/es\/capabilities\/laser-tube-cutting\/#primaryimage\"},\"image\":{\"@id\":\"https:\/\/avna.com\/es\/capabilities\/laser-tube-cutting\/#primaryimage\"},\"thumbnailUrl\":\"https:\/\/avna.com\/wp-content\/uploads\/2021\/11\/Blue-Background-Treatment4-400x400-1.jpg\",\"datePublished\":\"2021-11-30T21:42:45+00:00\",\"dateModified\":\"2021-12-02T15:56:30+00:00\",\"description\":\"Nuestros ingenieros de procesos l\u00e1ser trabajar\u00e1n con usted en cualquier aplicaci\u00f3n de corte de tubos por l\u00e1ser a medida. Obtenga m\u00e1s informaci\u00f3n sobre nuestra tecnolog\u00eda inigualable y equipo dedicado...\",\"breadcrumb\":{\"@id\":\"https:\/\/avna.com\/es\/capabilities\/laser-tube-cutting\/#breadcrumb\"},\"inLanguage\":\"es\",\"potentialAction\":[{\"@type\":\"ReadAction\",\"target\":[\"https:\/\/avna.com\/es\/capabilities\/laser-tube-cutting\/\"]}]},{\"@type\":\"ImageObject\",\"inLanguage\":\"es\",\"@id\":\"https:\/\/avna.com\/es\/capabilities\/laser-tube-cutting\/#primaryimage\",\"url\":\"https:\/\/avna.com\/wp-content\/uploads\/2021\/11\/Blue-Background-Treatment4-400x400-1.jpg\",\"contentUrl\":\"https:\/\/avna.com\/wp-content\/uploads\/2021\/11\/Blue-Background-Treatment4-400x400-1.jpg\",\"width\":400,\"height\":400},{\"@type\":\"BreadcrumbList\",\"@id\":\"https:\/\/avna.com\/es\/capabilities\/laser-tube-cutting\/#breadcrumb\",\"itemListElement\":[{\"@type\":\"ListItem\",\"position\":1,\"name\":\"Home\",\"item\":\"https:\/\/avna.com\/es\/\"},{\"@type\":\"ListItem\",\"position\":2,\"name\":\"Capacidades\",\"item\":\"https:\/\/avna.com\/es\/capabilities\/\"},{\"@type\":\"ListItem\",\"position\":3,\"name\":\"Corte De Tubos Por L\u00e1ser\"}]},{\"@type\":\"WebSite\",\"@id\":\"https:\/\/avna.com\/es\/#website\",\"url\":\"https:\/\/avna.com\/es\/\",\"name\":\"AVNA\",\"description\":\"Innovation Partners for Life\",\"publisher\":{\"@id\":\"https:\/\/avna.com\/es\/#organization\"},\"potentialAction\":[{\"@type\":\"SearchAction\",\"target\":{\"@type\":\"EntryPoint\",\"urlTemplate\":\"https:\/\/avna.com\/es\/?s={search_term_string}\"},\"query-input\":{\"@type\":\"PropertyValueSpecification\",\"valueRequired\":true,\"valueName\":\"search_term_string\"}}],\"inLanguage\":\"es\"},{\"@type\":\"Organization\",\"@id\":\"https:\/\/avna.com\/es\/#organization\",\"name\":\"AVNA\",\"url\":\"https:\/\/avna.com\/es\/\",\"logo\":{\"@type\":\"ImageObject\",\"inLanguage\":\"es\",\"@id\":\"https:\/\/avna.com\/es\/#\/schema\/logo\/image\/\",\"url\":\"https:\/\/avna.com\/wp-content\/uploads\/2023\/12\/logo-0.png\",\"contentUrl\":\"https:\/\/avna.com\/wp-content\/uploads\/2023\/12\/logo-0.png\",\"width\":387,\"height\":275,\"caption\":\"AVNA\"},\"image\":{\"@id\":\"https:\/\/avna.com\/es\/#\/schema\/logo\/image\/\"}}]}<\/script>\n<!-- \/ Yoast SEO Premium plugin. -->","yoast_head_json":{"title":"Corte de tubos por l\u00e1ser para componentes de dispositivos m\u00e9dicos | AVNA","description":"Nuestros ingenieros de procesos l\u00e1ser trabajar\u00e1n con usted en cualquier aplicaci\u00f3n de corte de tubos por l\u00e1ser a medida. Obtenga m\u00e1s informaci\u00f3n sobre nuestra tecnolog\u00eda inigualable y equipo dedicado...","robots":{"index":"index","follow":"follow","max-snippet":"max-snippet:-1","max-image-preview":"max-image-preview:large","max-video-preview":"max-video-preview:-1"},"canonical":"https:\/\/avna.com\/es\/capabilities\/laser-tube-cutting\/","og_locale":"es_ES","og_type":"article","og_title":"Corte De Tubos Por L\u00e1ser","og_description":"Nuestros ingenieros de procesos l\u00e1ser trabajar\u00e1n con usted en cualquier aplicaci\u00f3n de corte de tubos por l\u00e1ser a medida. Obtenga m\u00e1s informaci\u00f3n sobre nuestra tecnolog\u00eda inigualable y equipo dedicado...","og_url":"https:\/\/avna.com\/es\/capabilities\/laser-tube-cutting\/","og_site_name":"AVNA","article_modified_time":"2021-12-02T15:56:30+00:00","og_image":[{"width":400,"height":400,"url":"https:\/\/avna.com\/wp-content\/uploads\/2021\/11\/Blue-Background-Treatment4-400x400-1.jpg","type":"image\/jpeg"}],"twitter_card":"summary_large_image","twitter_misc":{"Tiempo de lectura":"1 minuto"},"schema":{"@context":"https:\/\/schema.org","@graph":[{"@type":"WebPage","@id":"https:\/\/avna.com\/es\/capabilities\/laser-tube-cutting\/","url":"https:\/\/avna.com\/es\/capabilities\/laser-tube-cutting\/","name":"Corte de tubos por l\u00e1ser para componentes de dispositivos m\u00e9dicos | AVNA","isPartOf":{"@id":"https:\/\/avna.com\/es\/#website"},"primaryImageOfPage":{"@id":"https:\/\/avna.com\/es\/capabilities\/laser-tube-cutting\/#primaryimage"},"image":{"@id":"https:\/\/avna.com\/es\/capabilities\/laser-tube-cutting\/#primaryimage"},"thumbnailUrl":"https:\/\/avna.com\/wp-content\/uploads\/2021\/11\/Blue-Background-Treatment4-400x400-1.jpg","datePublished":"2021-11-30T21:42:45+00:00","dateModified":"2021-12-02T15:56:30+00:00","description":"Nuestros ingenieros de procesos l\u00e1ser trabajar\u00e1n con usted en cualquier aplicaci\u00f3n de corte de tubos por l\u00e1ser a medida. Obtenga m\u00e1s informaci\u00f3n sobre nuestra tecnolog\u00eda inigualable y equipo dedicado...","breadcrumb":{"@id":"https:\/\/avna.com\/es\/capabilities\/laser-tube-cutting\/#breadcrumb"},"inLanguage":"es","potentialAction":[{"@type":"ReadAction","target":["https:\/\/avna.com\/es\/capabilities\/laser-tube-cutting\/"]}]},{"@type":"ImageObject","inLanguage":"es","@id":"https:\/\/avna.com\/es\/capabilities\/laser-tube-cutting\/#primaryimage","url":"https:\/\/avna.com\/wp-content\/uploads\/2021\/11\/Blue-Background-Treatment4-400x400-1.jpg","contentUrl":"https:\/\/avna.com\/wp-content\/uploads\/2021\/11\/Blue-Background-Treatment4-400x400-1.jpg","width":400,"height":400},{"@type":"BreadcrumbList","@id":"https:\/\/avna.com\/es\/capabilities\/laser-tube-cutting\/#breadcrumb","itemListElement":[{"@type":"ListItem","position":1,"name":"Home","item":"https:\/\/avna.com\/es\/"},{"@type":"ListItem","position":2,"name":"Capacidades","item":"https:\/\/avna.com\/es\/capabilities\/"},{"@type":"ListItem","position":3,"name":"Corte De Tubos Por L\u00e1ser"}]},{"@type":"WebSite","@id":"https:\/\/avna.com\/es\/#website","url":"https:\/\/avna.com\/es\/","name":"AVNA","description":"Innovation Partners for Life","publisher":{"@id":"https:\/\/avna.com\/es\/#organization"},"potentialAction":[{"@type":"SearchAction","target":{"@type":"EntryPoint","urlTemplate":"https:\/\/avna.com\/es\/?s={search_term_string}"},"query-input":{"@type":"PropertyValueSpecification","valueRequired":true,"valueName":"search_term_string"}}],"inLanguage":"es"},{"@type":"Organization","@id":"https:\/\/avna.com\/es\/#organization","name":"AVNA","url":"https:\/\/avna.com\/es\/","logo":{"@type":"ImageObject","inLanguage":"es","@id":"https:\/\/avna.com\/es\/#\/schema\/logo\/image\/","url":"https:\/\/avna.com\/wp-content\/uploads\/2023\/12\/logo-0.png","contentUrl":"https:\/\/avna.com\/wp-content\/uploads\/2023\/12\/logo-0.png","width":387,"height":275,"caption":"AVNA"},"image":{"@id":"https:\/\/avna.com\/es\/#\/schema\/logo\/image\/"}}]}},"_links":{"self":[{"href":"https:\/\/avna.com\/es\/wp-json\/wp\/v2\/pages\/9200","targetHints":{"allow":["GET"]}}],"collection":[{"href":"https:\/\/avna.com\/es\/wp-json\/wp\/v2\/pages"}],"about":[{"href":"https:\/\/avna.com\/es\/wp-json\/wp\/v2\/types\/page"}],"author":[{"embeddable":true,"href":"https:\/\/avna.com\/es\/wp-json\/wp\/v2\/users\/10"}],"replies":[{"embeddable":true,"href":"https:\/\/avna.com\/es\/wp-json\/wp\/v2\/comments?post=9200"}],"version-history":[{"count":8,"href":"https:\/\/avna.com\/es\/wp-json\/wp\/v2\/pages\/9200\/revisions"}],"predecessor-version":[{"id":9287,"href":"https:\/\/avna.com\/es\/wp-json\/wp\/v2\/pages\/9200\/revisions\/9287"}],"up":[{"embeddable":true,"href":"https:\/\/avna.com\/es\/wp-json\/wp\/v2\/pages\/6719"}],"wp:featuredmedia":[{"embeddable":true,"href":"https:\/\/avna.com\/es\/wp-json\/wp\/v2\/media\/9179"}],"wp:attachment":[{"href":"https:\/\/avna.com\/es\/wp-json\/wp\/v2\/media?parent=9200"}],"curies":[{"name":"wp","href":"https:\/\/api.w.org\/{rel}","templated":true}]}}