{"id":7128,"date":"2018-12-13T20:12:17","date_gmt":"2018-12-13T20:12:17","guid":{"rendered":"https:\/\/avna.com\/sitemap\/"},"modified":"2020-05-12T11:58:04","modified_gmt":"2020-05-12T15:58:04","slug":"sitemap","status":"publish","type":"page","link":"https:\/\/avna.com\/es\/sitemap\/","title":{"rendered":"Mapa del Sitio"},"content":{"rendered":"\n\n<section class=\"header-block\"><figure class=\"bg\" style=\"background-image: url(https:\/\/avna.com\/wp-content\/uploads\/2018\/12\/Blue-Background-Treatment5.jpg); \"><\/figure><div class=\"section-wrapper\"><div class=\"text-wrapper\"><div class=\"text-background\"><\/div><div class=\"header-text\"><h1>Mapa del Sitio<\/h1>\n<\/div><\/div><\/div><\/section>\n\n\n<section class=\"wp-block-smart-section-section\"><div class=\"section-wrapper\">\n<div class=\"wsp-container\"><h2 class=\"wsp-pages-title\">P\u00e1ginas<\/h2>\n<ul class=\"wsp-pages-list\">\n<li class=\"page_item page-item-7099\"><a href=\"https:\/\/avna.com\/es\/\">Inicio<\/a><\/li>\n<li class=\"page_item page-item-6611 page_item_has_children\"><a href=\"https:\/\/avna.com\/es\/about-okay\/\">SobreAVNA<\/a>\n<ul class='children'>\n\t<li class=\"page_item page-item-6647 page_item_has_children\"><a href=\"https:\/\/avna.com\/es\/about-okay\/locations\/\">Ubicaciones<\/a>\n\t<ul class='children'>\n\t\t<li class=\"page_item page-item-9963\"><a href=\"https:\/\/avna.com\/es\/about-okay\/locations\/fabricacion-de-dispositivos-medicos-en-costa-rica\/\">Fabricaci\u00f3n de dispositivos m\u00e9dicos en Costa Rica<\/a><\/li>\n\t<\/ul>\n<\/li>\n\t<li class=\"page_item page-item-6657\"><a href=\"https:\/\/avna.com\/es\/about-okay\/industries-served\/\">Industrias atendidas<\/a><\/li>\n\t<li class=\"page_item page-item-6666\"><a href=\"https:\/\/avna.com\/es\/about-okay\/who-we-are-okay-way\/\">Qui\u00e9n somos &#8211; The AVNA Advantage<\/a><\/li>\n\t<li class=\"page_item page-item-6687\"><a href=\"https:\/\/avna.com\/es\/about-okay\/corporate-policy-culture\/\">Pol\u00edtica Corporativa y Cultura<\/a><\/li>\n\t<li class=\"page_item page-item-7008 page_item_has_children\"><a href=\"https:\/\/avna.com\/es\/about-okay\/careers\/\">Carreras<\/a>\n\t<ul class='children'>\n\t\t<li class=\"page_item page-item-7064\"><a href=\"https:\/\/avna.com\/es\/about-okay\/careers\/apprenticeship\/\">Aprendizaje<\/a><\/li>\n\t\t<li class=\"page_item page-item-7077\"><a href=\"https:\/\/avna.com\/es\/about-okay\/careers\/benefits\/\">Beneficios<\/a><\/li>\n\t\t<li class=\"page_item page-item-7038\"><a href=\"https:\/\/avna.com\/es\/about-okay\/careers\/advancement\/\">COMPASS Program<\/a><\/li>\n\t\t<li class=\"page_item page-item-7282\"><a href=\"https:\/\/avna.com\/es\/about-okay\/careers\/costa-rica-careers\/\">Costa Rica Careers<\/a><\/li>\n\t\t<li class=\"page_item page-item-7095\"><a href=\"https:\/\/avna.com\/es\/about-okay\/careers\/faq\/\">Preguntas Frecuentes<\/a><\/li>\n\t\t<li class=\"page_item page-item-7087\"><a href=\"https:\/\/avna.com\/es\/about-okay\/careers\/join-our-team\/\">\u00danete a nuestro equipo<\/a><\/li>\n\t<\/ul>\n<\/li>\n<\/ul>\n<\/li>\n<li class=\"page_item page-item-6719 page_item_has_children\"><a href=\"https:\/\/avna.com\/es\/capabilities\/\">Capacidades<\/a>\n<ul class='children'>\n\t<li class=\"page_item page-item-6728\"><a href=\"https:\/\/avna.com\/es\/capabilities\/stampings-milling\/\">Estampado y mecanizado<\/a><\/li>\n\t<li class=\"page_item page-item-6739\"><a href=\"https:\/\/avna.com\/es\/capabilities\/swiss-turning-and-accu-laserswiss\/\">Torneado suizo y Accu-LaserSwiss\u2122<\/a><\/li>\n\t<li class=\"page_item page-item-9301\"><a href=\"https:\/\/avna.com\/es\/capabilities\/laser-processing\/\">Procesamiento Por L\u00e1ser<\/a><\/li>\n\t<li class=\"page_item page-item-9200\"><a href=\"https:\/\/avna.com\/es\/capabilities\/laser-tube-cutting\/\">Corte De Tubos Por L\u00e1ser<\/a><\/li>\n\t<li class=\"page_item page-item-9293\"><a href=\"https:\/\/avna.com\/es\/capabilities\/medical-device-laser-marking\/\">Marcado L\u00e1ser de Dispositivos M\u00e9dicos<\/a><\/li>\n\t<li class=\"page_item page-item-9298\"><a href=\"https:\/\/avna.com\/es\/capabilities\/medical-laser-welding\/\">Soldadura L\u00e1ser<\/a><\/li>\n\t<li class=\"page_item page-item-6777\"><a href=\"https:\/\/avna.com\/es\/capabilities\/surgical-steel-edges-accu-blades\/\">Accu-Blades &#8211; Bordes de corte quir\u00fargicos<\/a><\/li>\n\t<li class=\"page_item page-item-6632\"><a href=\"https:\/\/avna.com\/es\/capabilities\/precision-metal-tube-forming\/\">Formaci\u00f3n de tubos met\u00e1licos de precisi\u00f3n<\/a><\/li>\n\t<li class=\"page_item page-item-6785\"><a href=\"https:\/\/avna.com\/es\/capabilities\/plastic-injection-molding\/\">Moldeo por inyecci\u00f3n de pl\u00e1stico<\/a><\/li>\n\t<li class=\"page_item page-item-6795\"><a href=\"https:\/\/avna.com\/es\/capabilities\/secondary-operations\/\">Operaciones de Valor Agregado<\/a><\/li>\n\t<li class=\"page_item page-item-6808\"><a href=\"https:\/\/avna.com\/es\/capabilities\/assemblies\/\">Ensambles automatizados \/ rob\u00f3ticos<\/a><\/li>\n\t<li class=\"page_item page-item-6818\"><a href=\"https:\/\/avna.com\/es\/capabilities\/engineering\/\">Ingenier\u00eda y dise\u00f1o de Herramientas<\/a><\/li>\n<\/ul>\n<\/li>\n<li class=\"page_item page-item-6836 page_item_has_children\"><a href=\"https:\/\/avna.com\/es\/design-support-and-development\/\">Prototipos y apoyo a I+D<\/a>\n<ul class='children'>\n\t<li class=\"page_item page-item-6867\"><a href=\"https:\/\/avna.com\/es\/design-support-and-development\/laserworks\/\">LaserWorks<\/a><\/li>\n\t<li class=\"page_item page-item-6873\"><a href=\"https:\/\/avna.com\/es\/design-support-and-development\/design-for-manufacturability\/\">Dise\u00f1o para manufactura<\/a><\/li>\n\t<li class=\"page_item page-item-6879\"><a href=\"https:\/\/avna.com\/es\/design-support-and-development\/design-for-automation\/\">Dise\u00f1o para la automatizaci\u00f3n<\/a><\/li>\n\t<li class=\"page_item page-item-6885\"><a href=\"https:\/\/avna.com\/es\/design-support-and-development\/partners-not-just-project-management\/\">Socios -no solo project managers<\/a><\/li>\n\t<li class=\"page_item page-item-6853\"><a href=\"https:\/\/avna.com\/es\/design-support-and-development\/nextech-labs\/\">NexTech Labs<\/a><\/li>\n<\/ul>\n<\/li>\n<li class=\"page_item page-item-6891 page_item_has_children\"><a href=\"https:\/\/avna.com\/es\/technical-resources\/\">Estudios de caso<\/a>\n<ul class='children'>\n\t<li class=\"page_item page-item-6897\"><a href=\"https:\/\/avna.com\/es\/technical-resources\/articulating-device-laser-tube-assemble-conversion\/\">Dispositivos de articulaci\u00f3n &#8211; Laser Tube Assemble Conversion<\/a><\/li>\n\t<li class=\"page_item page-item-6904\"><a href=\"https:\/\/avna.com\/es\/technical-resources\/horseshoe\/\">Dispositivo \u201cLAR\u201d en forma de Herradura<\/a><\/li>\n\t<li class=\"page_item page-item-6913\"><a href=\"https:\/\/avna.com\/es\/technical-resources\/king\/\">Prototipo de Titanio en forma de corona<\/a><\/li>\n\t<li class=\"page_item page-item-6919\"><a href=\"https:\/\/avna.com\/es\/technical-resources\/titanium-stamping-cost-savings\/\">Estampado de Titanio<\/a><\/li>\n\t<li class=\"page_item page-item-6925\"><a href=\"https:\/\/avna.com\/es\/technical-resources\/automotive-cold-rolled-part\/\">Automotriz -Pieza laminada en fr\u00edo<\/a><\/li>\n<\/ul>\n<\/li>\n<li class=\"page_item page-item-10884\"><a href=\"https:\/\/avna.com\/es\/metal-tube-end-closing\/\">Metal Tube End Closing-ES<\/a><\/li>\n<li class=\"page_item page-item-6931 page_item_has_children\"><a href=\"https:\/\/avna.com\/es\/quality\/\">Calidad<\/a>\n<ul class='children'>\n\t<li class=\"page_item page-item-6937\"><a href=\"https:\/\/avna.com\/es\/quality\/certifications-standards\/\">Certificaciones y Est\u00e1ndares<\/a><\/li>\n\t<li class=\"page_item page-item-6943\"><a href=\"https:\/\/avna.com\/es\/quality\/compliance-processes\/\">Cumplimiento &#038; Procesos<\/a><\/li>\n<\/ul>\n<\/li>\n<li class=\"page_item page-item-6989 page_item_has_children\"><a href=\"https:\/\/avna.com\/es\/contact-us\/\">Cont\u00e1ctenos<\/a>\n<ul class='children'>\n\t<li class=\"page_item page-item-6995\"><a href=\"https:\/\/avna.com\/es\/contact-us\/rfq\/\">Solicite una cotizaci\u00f3n<\/a><\/li>\n\t<li class=\"page_item page-item-7001\"><a href=\"https:\/\/avna.com\/es\/contact-us\/news-shows\/\">Eventos y Capacitaciones<\/a><\/li>\n<\/ul>\n<\/li>\n<li class=\"page_item page-item-8344\"><a href=\"https:\/\/avna.com\/es\/thank-you-spanish\/\">Gracias por su inter\u00e9s<\/a><\/li>\n<li class=\"page_item page-item-6701\"><a href=\"https:\/\/avna.com\/es\/news-articles\/\">Noticias<\/a><\/li>\n<li class=\"page_item page-item-10444\"><a href=\"https:\/\/avna.com\/es\/quality\/medical-contract-manufacturing-services\/\">Medical Contract Manufacturing Services<\/a><\/li>\n<\/ul>\n<\/div>\n<\/div><\/section>\n","protected":false},"excerpt":{"rendered":"","protected":false},"author":1,"featured_media":6741,"parent":0,"menu_order":8,"comment_status":"closed","ping_status":"closed","template":"","meta":{"_acf_changed":false,"_yoast_wpseo_title":"Mapa del Sitio | %%sitename%%","_yoast_wpseo_metadesc":"","_metasync_otto_title":"","_metasync_otto_description":"","rank_math_title":"","rank_math_description":"","footnotes":""},"class_list":["post-7128","page","type-page","status-publish","has-post-thumbnail","hentry"],"acf":[],"yoast_head":"<!-- This site is optimized with the Yoast SEO Premium plugin v20.12 (Yoast SEO v25.4) - https:\/\/yoast.com\/wordpress\/plugins\/seo\/ -->\n<title>Mapa del Sitio | AVNA<\/title>\n<meta name=\"robots\" content=\"index, follow, max-snippet:-1, max-image-preview:large, max-video-preview:-1\" \/>\n<link rel=\"canonical\" href=\"https:\/\/avna.com\/es\/sitemap\/\" \/>\n<meta property=\"og:locale\" content=\"es_ES\" \/>\n<meta property=\"og:type\" content=\"article\" \/>\n<meta property=\"og:title\" content=\"Mapa del Sitio\" \/>\n<meta property=\"og:url\" content=\"https:\/\/avna.com\/es\/sitemap\/\" \/>\n<meta property=\"og:site_name\" content=\"AVNA\" \/>\n<meta property=\"article:modified_time\" content=\"2020-05-12T15:58:04+00:00\" \/>\n<meta property=\"og:image\" content=\"https:\/\/avna.com\/wp-content\/uploads\/2018\/12\/Blue-Background-Treatment5.jpg\" \/>\n\t<meta property=\"og:image:width\" content=\"3000\" \/>\n\t<meta property=\"og:image:height\" content=\"1080\" \/>\n\t<meta property=\"og:image:type\" content=\"image\/jpeg\" \/>\n<meta name=\"twitter:card\" content=\"summary_large_image\" \/>\n<script type=\"application\/ld+json\" class=\"yoast-schema-graph\">{\"@context\":\"https:\/\/schema.org\",\"@graph\":[{\"@type\":\"WebPage\",\"@id\":\"https:\/\/avna.com\/es\/sitemap\/\",\"url\":\"https:\/\/avna.com\/es\/sitemap\/\",\"name\":\"Mapa del Sitio | AVNA\",\"isPartOf\":{\"@id\":\"https:\/\/avna.com\/es\/#website\"},\"primaryImageOfPage\":{\"@id\":\"https:\/\/avna.com\/es\/sitemap\/#primaryimage\"},\"image\":{\"@id\":\"https:\/\/avna.com\/es\/sitemap\/#primaryimage\"},\"thumbnailUrl\":\"https:\/\/avna.com\/wp-content\/uploads\/2018\/12\/Blue-Background-Treatment5.jpg\",\"datePublished\":\"2018-12-13T20:12:17+00:00\",\"dateModified\":\"2020-05-12T15:58:04+00:00\",\"breadcrumb\":{\"@id\":\"https:\/\/avna.com\/es\/sitemap\/#breadcrumb\"},\"inLanguage\":\"es\",\"potentialAction\":[{\"@type\":\"ReadAction\",\"target\":[\"https:\/\/avna.com\/es\/sitemap\/\"]}]},{\"@type\":\"ImageObject\",\"inLanguage\":\"es\",\"@id\":\"https:\/\/avna.com\/es\/sitemap\/#primaryimage\",\"url\":\"https:\/\/avna.com\/wp-content\/uploads\/2018\/12\/Blue-Background-Treatment5.jpg\",\"contentUrl\":\"https:\/\/avna.com\/wp-content\/uploads\/2018\/12\/Blue-Background-Treatment5.jpg\",\"width\":3000,\"height\":1080},{\"@type\":\"BreadcrumbList\",\"@id\":\"https:\/\/avna.com\/es\/sitemap\/#breadcrumb\",\"itemListElement\":[{\"@type\":\"ListItem\",\"position\":1,\"name\":\"Home\",\"item\":\"https:\/\/avna.com\/es\/\"},{\"@type\":\"ListItem\",\"position\":2,\"name\":\"Mapa del Sitio\"}]},{\"@type\":\"WebSite\",\"@id\":\"https:\/\/avna.com\/es\/#website\",\"url\":\"https:\/\/avna.com\/es\/\",\"name\":\"AVNA\",\"description\":\"Innovation Partners for Life\",\"publisher\":{\"@id\":\"https:\/\/avna.com\/es\/#organization\"},\"potentialAction\":[{\"@type\":\"SearchAction\",\"target\":{\"@type\":\"EntryPoint\",\"urlTemplate\":\"https:\/\/avna.com\/es\/?s={search_term_string}\"},\"query-input\":{\"@type\":\"PropertyValueSpecification\",\"valueRequired\":true,\"valueName\":\"search_term_string\"}}],\"inLanguage\":\"es\"},{\"@type\":\"Organization\",\"@id\":\"https:\/\/avna.com\/es\/#organization\",\"name\":\"AVNA\",\"url\":\"https:\/\/avna.com\/es\/\",\"logo\":{\"@type\":\"ImageObject\",\"inLanguage\":\"es\",\"@id\":\"https:\/\/avna.com\/es\/#\/schema\/logo\/image\/\",\"url\":\"https:\/\/avna.com\/wp-content\/uploads\/2023\/12\/logo-0.png\",\"contentUrl\":\"https:\/\/avna.com\/wp-content\/uploads\/2023\/12\/logo-0.png\",\"width\":387,\"height\":275,\"caption\":\"AVNA\"},\"image\":{\"@id\":\"https:\/\/avna.com\/es\/#\/schema\/logo\/image\/\"}}]}<\/script>\n<!-- \/ Yoast SEO Premium plugin. -->","yoast_head_json":{"title":"Mapa del Sitio | AVNA","robots":{"index":"index","follow":"follow","max-snippet":"max-snippet:-1","max-image-preview":"max-image-preview:large","max-video-preview":"max-video-preview:-1"},"canonical":"https:\/\/avna.com\/es\/sitemap\/","og_locale":"es_ES","og_type":"article","og_title":"Mapa del Sitio","og_url":"https:\/\/avna.com\/es\/sitemap\/","og_site_name":"AVNA","article_modified_time":"2020-05-12T15:58:04+00:00","og_image":[{"width":3000,"height":1080,"url":"https:\/\/avna.com\/wp-content\/uploads\/2018\/12\/Blue-Background-Treatment5.jpg","type":"image\/jpeg"}],"twitter_card":"summary_large_image","schema":{"@context":"https:\/\/schema.org","@graph":[{"@type":"WebPage","@id":"https:\/\/avna.com\/es\/sitemap\/","url":"https:\/\/avna.com\/es\/sitemap\/","name":"Mapa del Sitio | AVNA","isPartOf":{"@id":"https:\/\/avna.com\/es\/#website"},"primaryImageOfPage":{"@id":"https:\/\/avna.com\/es\/sitemap\/#primaryimage"},"image":{"@id":"https:\/\/avna.com\/es\/sitemap\/#primaryimage"},"thumbnailUrl":"https:\/\/avna.com\/wp-content\/uploads\/2018\/12\/Blue-Background-Treatment5.jpg","datePublished":"2018-12-13T20:12:17+00:00","dateModified":"2020-05-12T15:58:04+00:00","breadcrumb":{"@id":"https:\/\/avna.com\/es\/sitemap\/#breadcrumb"},"inLanguage":"es","potentialAction":[{"@type":"ReadAction","target":["https:\/\/avna.com\/es\/sitemap\/"]}]},{"@type":"ImageObject","inLanguage":"es","@id":"https:\/\/avna.com\/es\/sitemap\/#primaryimage","url":"https:\/\/avna.com\/wp-content\/uploads\/2018\/12\/Blue-Background-Treatment5.jpg","contentUrl":"https:\/\/avna.com\/wp-content\/uploads\/2018\/12\/Blue-Background-Treatment5.jpg","width":3000,"height":1080},{"@type":"BreadcrumbList","@id":"https:\/\/avna.com\/es\/sitemap\/#breadcrumb","itemListElement":[{"@type":"ListItem","position":1,"name":"Home","item":"https:\/\/avna.com\/es\/"},{"@type":"ListItem","position":2,"name":"Mapa del Sitio"}]},{"@type":"WebSite","@id":"https:\/\/avna.com\/es\/#website","url":"https:\/\/avna.com\/es\/","name":"AVNA","description":"Innovation Partners for Life","publisher":{"@id":"https:\/\/avna.com\/es\/#organization"},"potentialAction":[{"@type":"SearchAction","target":{"@type":"EntryPoint","urlTemplate":"https:\/\/avna.com\/es\/?s={search_term_string}"},"query-input":{"@type":"PropertyValueSpecification","valueRequired":true,"valueName":"search_term_string"}}],"inLanguage":"es"},{"@type":"Organization","@id":"https:\/\/avna.com\/es\/#organization","name":"AVNA","url":"https:\/\/avna.com\/es\/","logo":{"@type":"ImageObject","inLanguage":"es","@id":"https:\/\/avna.com\/es\/#\/schema\/logo\/image\/","url":"https:\/\/avna.com\/wp-content\/uploads\/2023\/12\/logo-0.png","contentUrl":"https:\/\/avna.com\/wp-content\/uploads\/2023\/12\/logo-0.png","width":387,"height":275,"caption":"AVNA"},"image":{"@id":"https:\/\/avna.com\/es\/#\/schema\/logo\/image\/"}}]}},"_links":{"self":[{"href":"https:\/\/avna.com\/es\/wp-json\/wp\/v2\/pages\/7128","targetHints":{"allow":["GET"]}}],"collection":[{"href":"https:\/\/avna.com\/es\/wp-json\/wp\/v2\/pages"}],"about":[{"href":"https:\/\/avna.com\/es\/wp-json\/wp\/v2\/types\/page"}],"author":[{"embeddable":true,"href":"https:\/\/avna.com\/es\/wp-json\/wp\/v2\/users\/1"}],"replies":[{"embeddable":true,"href":"https:\/\/avna.com\/es\/wp-json\/wp\/v2\/comments?post=7128"}],"version-history":[{"count":6,"href":"https:\/\/avna.com\/es\/wp-json\/wp\/v2\/pages\/7128\/revisions"}],"predecessor-version":[{"id":7584,"href":"https:\/\/avna.com\/es\/wp-json\/wp\/v2\/pages\/7128\/revisions\/7584"}],"wp:featuredmedia":[{"embeddable":true,"href":"https:\/\/avna.com\/es\/wp-json\/wp\/v2\/media\/6741"}],"wp:attachment":[{"href":"https:\/\/avna.com\/es\/wp-json\/wp\/v2\/media?parent=7128"}],"curies":[{"name":"wp","href":"https:\/\/api.w.org\/{rel}","templated":true}]}}