{"id":7099,"date":"2018-12-13T18:28:19","date_gmt":"2018-12-13T18:28:19","guid":{"rendered":"https:\/\/avna.com\/home\/"},"modified":"2023-12-28T15:18:52","modified_gmt":"2023-12-28T20:18:52","slug":"home","status":"publish","type":"page","link":"https:\/\/avna.com\/es\/","title":{"rendered":"Inicio"},"content":{"rendered":"\n\n<section class=\"header-block\"><video playsinline autoplay muted loop poster=\"https:\/\/avna.com\/wp-content\/uploads\/2018\/12\/Blue-Background-Treatment11.jpg\" class=\"bgvid\">\n\t\t\t    <source src=\"https:\/\/avna.com\/wp-content\/uploads\/2019\/01\/Video-Mock-up-take-4.mp4\" type=\"video\/mp4\">\n\t\t\t<\/video><div class=\"section-wrapper\"><div class=\"text-wrapper\"><div class=\"text-background\"><\/div><div class=\"header-image unlock-bottom \" style=\"background-image: url(https:\/\/avna.com\/wp-content\/uploads\/2019\/09\/okay-homepage-jointed-tube-1.png);\"><\/div><div class=\"header-text\"><h2><span style=\"font-size: 4rem !important;\">Innovation Partners For Life<\/span><\/h2>\n<h1>L\u00cdDER EN LA FABRICACI\u00d3N DE COMPONENTES M\u00c9DICOS<\/h1>\n<h6>Impulsados por la innovaci\u00f3n. Conocidos por la colaboraci\u00f3n. Brindamos excelencia que lleva su producto al mercado m\u00e1s r\u00e1pido. Conozca nuestras capacidades para la fabricaci\u00f3n de componentes m\u00e9dicos.<a href=\"https:\/\/avna.com\/capabilities\/?lang=es\"><img decoding=\"async\" class=\"alignnone wp-image-1286 size-full\" src=\"https:\/\/avna.com\/wp-content\/uploads\/2019\/01\/arrow-green.png\" alt=\"\" width=\"16\" height=\"9\" \/><\/a><\/h6>\n<\/div><\/div><\/div><\/section>\n\n\n<section class=\"wp-block-smart-section-section\"><div class=\"section-wrapper\">\n<h2 class=\"has-text-align-center margin-none wp-block-heading\" id=\"h-un-socio-para-el-exito\">Un socio para el \u00e9xito.<\/h2>\n\n\n\n<p class=\"has-text-align-center padding\">Grandes dise\u00f1os necesitan grandes socios de producci\u00f3n. El equipo de AVNA aporta m\u00e1s de 30 a\u00f1os de colaboraci\u00f3n orientada al cliente y una profunda experiencia en ingenier\u00eda para los proyectos de fabricaci\u00f3n de componentes m\u00e9dicos de nuestros clientes. Asesoramos sobre inquietudes de ingenier\u00eda, oportunidades de ahorro de costos y dise\u00f1o para la capacidad de fabricaci\u00f3n, todo mientras mantenemos su proyecto desarroll\u00e1ndose en el tiempo establecido. <a href=\"https:\/\/avna.com\/es\/about-okay\/\"><strong>Aprenda c\u00f3mo nuestro talento humano es nuestra diferencia<\/strong><\/a>.<\/p>\n\n\n\n<div class=\"alignnormal\"><div id=\"metaslider-id-1736\" style=\"width: 100%; margin: 0 auto;\" class=\"ml-slider-3-102-0 metaslider metaslider-flex metaslider-1736 ml-slider has-carousel-mode ml-slider-lightbox-2-12-0 firelight-lightbox-2-3-17 ms-theme-default nav-hidden\" role=\"region\" aria-label=\"Homepage\" data-height=\"200\" data-width=\"200\">\n    <div id=\"metaslider_container_1736\">\n        <div id=\"metaslider_1736\">\n            <ul class='slides'>\n                <li style=\"display: none; width: 100%;\" class=\"slide-5612 ms-image \" aria-roledescription=\"slide\" data-date=\"2019-09-25 20:34:08\" data-slide-type=\"image\"><img decoding=\"async\" src=\"https:\/\/avna.com\/wp-content\/uploads\/2019\/09\/homepage-image-cr-73-200x200.png\" height=\"200\" width=\"200\" alt=\"complex traditional manufacturing\" class=\"slider-1736 slide-5612 msDefaultImage ml-lightbox-enabled\" \/><\/li>\n                <li style=\"display: none; width: 100%;\" class=\"slide-2693 ms-image \" aria-roledescription=\"slide\" data-date=\"2019-01-16 19:44:05\" data-slide-type=\"image\"><img decoding=\"async\" src=\"https:\/\/avna.com\/wp-content\/uploads\/2019\/01\/homepage-image-edit-04-200x200.png\" height=\"200\" width=\"200\" alt=\"medical component manufacturing at AVNA \" class=\"slider-1736 slide-2693 msDefaultImage ml-lightbox-enabled\" \/><\/li>\n                <li style=\"display: none; width: 100%;\" class=\"slide-2694 ms-image \" aria-roledescription=\"slide\" data-date=\"2019-01-16 19:44:31\" data-slide-type=\"image\"><img decoding=\"async\" src=\"https:\/\/avna.com\/wp-content\/uploads\/2019\/01\/news_header-200x200.png\" height=\"200\" width=\"200\" alt=\"medical device contract manufacturing at AVNA \" class=\"slider-1736 slide-2694 msDefaultImage ml-lightbox-enabled\" \/><\/li>\n                <li style=\"display: none; width: 100%;\" class=\"slide-2692 ms-image \" aria-roledescription=\"slide\" data-date=\"2019-01-16 19:43:46\" data-slide-type=\"image\"><img decoding=\"async\" src=\"https:\/\/avna.com\/wp-content\/uploads\/2019\/01\/complete-part_800x800_header_image-200x200.png\" height=\"200\" width=\"200\" alt=\"medical component contract manufacturing\" class=\"slider-1736 slide-2692 msDefaultImage ml-lightbox-enabled\" \/><\/li>\n                <li style=\"display: none; width: 100%;\" class=\"slide-11862 ms-image \" aria-roledescription=\"slide\" data-date=\"2023-12-28 15:20:34\" data-slide-type=\"image\"><img decoding=\"async\" src=\"https:\/\/avna.com\/wp-content\/uploads\/2023\/12\/Titanium-Cap_800px-AVNA-200x200.png\" height=\"200\" width=\"200\" alt=\"Titanium Pacemaker Cap production\" class=\"slider-1736 slide-11862 msDefaultImage ml-lightbox-enabled\" \/><\/li>\n            <\/ul>\n        <\/div>\n        \n    <\/div>\n<\/div><\/div>\n<\/div><\/section>\n","protected":false},"excerpt":{"rendered":"","protected":false},"author":1,"featured_media":6659,"parent":0,"menu_order":0,"comment_status":"closed","ping_status":"open","template":"","meta":{"_acf_changed":false,"_yoast_wpseo_title":"Fabricaci\u00f3n de componentes m\u00e9dicos, Fabricante por contrato | %%sitename%%","_yoast_wpseo_metadesc":"Nuestra experiencia mejora los resultados: descubra c\u00f3mo la fabricaci\u00f3n de componentes m\u00e9dicos y la ingenier\u00eda de AVNA es Part of Something Greater.","_metasync_otto_title":"","_metasync_otto_description":"","rank_math_title":"","rank_math_description":"","footnotes":""},"class_list":["post-7099","page","type-page","status-publish","has-post-thumbnail","hentry"],"acf":[],"yoast_head":"<!-- This site is optimized with the Yoast SEO Premium plugin v20.12 (Yoast SEO v25.4) - https:\/\/yoast.com\/wordpress\/plugins\/seo\/ -->\n<title>Fabricaci\u00f3n de componentes m\u00e9dicos, Fabricante por contrato | AVNA<\/title>\n<meta name=\"description\" content=\"Nuestra experiencia mejora los resultados: descubra c\u00f3mo la fabricaci\u00f3n de componentes m\u00e9dicos y la ingenier\u00eda de AVNA es Part of Something Greater.\" \/>\n<meta name=\"robots\" content=\"index, follow, max-snippet:-1, max-image-preview:large, max-video-preview:-1\" \/>\n<link rel=\"canonical\" href=\"https:\/\/avna.com\/es\/\" \/>\n<meta property=\"og:locale\" content=\"es_ES\" \/>\n<meta property=\"og:type\" content=\"article\" \/>\n<meta property=\"og:title\" content=\"Inicio\" \/>\n<meta property=\"og:description\" content=\"Nuestra experiencia mejora los resultados: descubra c\u00f3mo la fabricaci\u00f3n de componentes m\u00e9dicos y la ingenier\u00eda de AVNA es Part of Something Greater.\" \/>\n<meta property=\"og:url\" content=\"https:\/\/avna.com\/es\/\" \/>\n<meta property=\"og:site_name\" content=\"AVNA\" \/>\n<meta property=\"article:modified_time\" content=\"2023-12-28T20:18:52+00:00\" \/>\n<meta property=\"og:image\" content=\"https:\/\/avna.com\/wp-content\/uploads\/2018\/12\/Blue-Background-Treatment11.jpg\" \/>\n\t<meta property=\"og:image:width\" content=\"3000\" \/>\n\t<meta property=\"og:image:height\" content=\"1080\" \/>\n\t<meta property=\"og:image:type\" content=\"image\/jpeg\" \/>\n<meta name=\"twitter:card\" content=\"summary_large_image\" \/>\n<meta name=\"twitter:label1\" content=\"Tiempo de lectura\" \/>\n\t<meta name=\"twitter:data1\" content=\"1 minuto\" \/>\n<script type=\"application\/ld+json\" class=\"yoast-schema-graph\">{\"@context\":\"https:\/\/schema.org\",\"@graph\":[{\"@type\":\"WebPage\",\"@id\":\"https:\/\/avna.com\/es\/\",\"url\":\"https:\/\/avna.com\/es\/\",\"name\":\"Fabricaci\u00f3n de componentes m\u00e9dicos, Fabricante por contrato | AVNA\",\"isPartOf\":{\"@id\":\"https:\/\/avna.com\/es\/#website\"},\"primaryImageOfPage\":{\"@id\":\"https:\/\/avna.com\/es\/#primaryimage\"},\"image\":{\"@id\":\"https:\/\/avna.com\/es\/#primaryimage\"},\"thumbnailUrl\":\"https:\/\/avna.com\/wp-content\/uploads\/2018\/12\/Blue-Background-Treatment11.jpg\",\"datePublished\":\"2018-12-13T18:28:19+00:00\",\"dateModified\":\"2023-12-28T20:18:52+00:00\",\"description\":\"Nuestra experiencia mejora los resultados: descubra c\u00f3mo la fabricaci\u00f3n de componentes m\u00e9dicos y la ingenier\u00eda de AVNA es Part of Something Greater.\",\"breadcrumb\":{\"@id\":\"https:\/\/avna.com\/es\/#breadcrumb\"},\"inLanguage\":\"es\",\"potentialAction\":[{\"@type\":\"ReadAction\",\"target\":[\"https:\/\/avna.com\/es\/\"]}]},{\"@type\":\"ImageObject\",\"inLanguage\":\"es\",\"@id\":\"https:\/\/avna.com\/es\/#primaryimage\",\"url\":\"https:\/\/avna.com\/wp-content\/uploads\/2018\/12\/Blue-Background-Treatment11.jpg\",\"contentUrl\":\"https:\/\/avna.com\/wp-content\/uploads\/2018\/12\/Blue-Background-Treatment11.jpg\",\"width\":3000,\"height\":1080},{\"@type\":\"BreadcrumbList\",\"@id\":\"https:\/\/avna.com\/es\/#breadcrumb\",\"itemListElement\":[{\"@type\":\"ListItem\",\"position\":1,\"name\":\"Home\",\"item\":\"https:\/\/avna.com\/es\/\"},{\"@type\":\"ListItem\",\"position\":2,\"name\":\"Inicio\"}]},{\"@type\":\"WebSite\",\"@id\":\"https:\/\/avna.com\/es\/#website\",\"url\":\"https:\/\/avna.com\/es\/\",\"name\":\"AVNA\",\"description\":\"Innovation Partners for Life\",\"publisher\":{\"@id\":\"https:\/\/avna.com\/es\/#organization\"},\"potentialAction\":[{\"@type\":\"SearchAction\",\"target\":{\"@type\":\"EntryPoint\",\"urlTemplate\":\"https:\/\/avna.com\/es\/?s={search_term_string}\"},\"query-input\":{\"@type\":\"PropertyValueSpecification\",\"valueRequired\":true,\"valueName\":\"search_term_string\"}}],\"inLanguage\":\"es\"},{\"@type\":\"Organization\",\"@id\":\"https:\/\/avna.com\/es\/#organization\",\"name\":\"AVNA\",\"url\":\"https:\/\/avna.com\/es\/\",\"logo\":{\"@type\":\"ImageObject\",\"inLanguage\":\"es\",\"@id\":\"https:\/\/avna.com\/es\/#\/schema\/logo\/image\/\",\"url\":\"https:\/\/avna.com\/wp-content\/uploads\/2023\/12\/logo-0.png\",\"contentUrl\":\"https:\/\/avna.com\/wp-content\/uploads\/2023\/12\/logo-0.png\",\"width\":387,\"height\":275,\"caption\":\"AVNA\"},\"image\":{\"@id\":\"https:\/\/avna.com\/es\/#\/schema\/logo\/image\/\"}}]}<\/script>\n<!-- \/ Yoast SEO Premium plugin. -->","yoast_head_json":{"title":"Fabricaci\u00f3n de componentes m\u00e9dicos, Fabricante por contrato | AVNA","description":"Nuestra experiencia mejora los resultados: descubra c\u00f3mo la fabricaci\u00f3n de componentes m\u00e9dicos y la ingenier\u00eda de AVNA es Part of Something Greater.","robots":{"index":"index","follow":"follow","max-snippet":"max-snippet:-1","max-image-preview":"max-image-preview:large","max-video-preview":"max-video-preview:-1"},"canonical":"https:\/\/avna.com\/es\/","og_locale":"es_ES","og_type":"article","og_title":"Inicio","og_description":"Nuestra experiencia mejora los resultados: descubra c\u00f3mo la fabricaci\u00f3n de componentes m\u00e9dicos y la ingenier\u00eda de AVNA es Part of Something Greater.","og_url":"https:\/\/avna.com\/es\/","og_site_name":"AVNA","article_modified_time":"2023-12-28T20:18:52+00:00","og_image":[{"width":3000,"height":1080,"url":"https:\/\/avna.com\/wp-content\/uploads\/2018\/12\/Blue-Background-Treatment11.jpg","type":"image\/jpeg"}],"twitter_card":"summary_large_image","twitter_misc":{"Tiempo de lectura":"1 minuto"},"schema":{"@context":"https:\/\/schema.org","@graph":[{"@type":"WebPage","@id":"https:\/\/avna.com\/es\/","url":"https:\/\/avna.com\/es\/","name":"Fabricaci\u00f3n de componentes m\u00e9dicos, Fabricante por contrato | AVNA","isPartOf":{"@id":"https:\/\/avna.com\/es\/#website"},"primaryImageOfPage":{"@id":"https:\/\/avna.com\/es\/#primaryimage"},"image":{"@id":"https:\/\/avna.com\/es\/#primaryimage"},"thumbnailUrl":"https:\/\/avna.com\/wp-content\/uploads\/2018\/12\/Blue-Background-Treatment11.jpg","datePublished":"2018-12-13T18:28:19+00:00","dateModified":"2023-12-28T20:18:52+00:00","description":"Nuestra experiencia mejora los resultados: descubra c\u00f3mo la fabricaci\u00f3n de componentes m\u00e9dicos y la ingenier\u00eda de AVNA es Part of Something Greater.","breadcrumb":{"@id":"https:\/\/avna.com\/es\/#breadcrumb"},"inLanguage":"es","potentialAction":[{"@type":"ReadAction","target":["https:\/\/avna.com\/es\/"]}]},{"@type":"ImageObject","inLanguage":"es","@id":"https:\/\/avna.com\/es\/#primaryimage","url":"https:\/\/avna.com\/wp-content\/uploads\/2018\/12\/Blue-Background-Treatment11.jpg","contentUrl":"https:\/\/avna.com\/wp-content\/uploads\/2018\/12\/Blue-Background-Treatment11.jpg","width":3000,"height":1080},{"@type":"BreadcrumbList","@id":"https:\/\/avna.com\/es\/#breadcrumb","itemListElement":[{"@type":"ListItem","position":1,"name":"Home","item":"https:\/\/avna.com\/es\/"},{"@type":"ListItem","position":2,"name":"Inicio"}]},{"@type":"WebSite","@id":"https:\/\/avna.com\/es\/#website","url":"https:\/\/avna.com\/es\/","name":"AVNA","description":"Innovation Partners for Life","publisher":{"@id":"https:\/\/avna.com\/es\/#organization"},"potentialAction":[{"@type":"SearchAction","target":{"@type":"EntryPoint","urlTemplate":"https:\/\/avna.com\/es\/?s={search_term_string}"},"query-input":{"@type":"PropertyValueSpecification","valueRequired":true,"valueName":"search_term_string"}}],"inLanguage":"es"},{"@type":"Organization","@id":"https:\/\/avna.com\/es\/#organization","name":"AVNA","url":"https:\/\/avna.com\/es\/","logo":{"@type":"ImageObject","inLanguage":"es","@id":"https:\/\/avna.com\/es\/#\/schema\/logo\/image\/","url":"https:\/\/avna.com\/wp-content\/uploads\/2023\/12\/logo-0.png","contentUrl":"https:\/\/avna.com\/wp-content\/uploads\/2023\/12\/logo-0.png","width":387,"height":275,"caption":"AVNA"},"image":{"@id":"https:\/\/avna.com\/es\/#\/schema\/logo\/image\/"}}]}},"_links":{"self":[{"href":"https:\/\/avna.com\/es\/wp-json\/wp\/v2\/pages\/7099","targetHints":{"allow":["GET"]}}],"collection":[{"href":"https:\/\/avna.com\/es\/wp-json\/wp\/v2\/pages"}],"about":[{"href":"https:\/\/avna.com\/es\/wp-json\/wp\/v2\/types\/page"}],"author":[{"embeddable":true,"href":"https:\/\/avna.com\/es\/wp-json\/wp\/v2\/users\/1"}],"replies":[{"embeddable":true,"href":"https:\/\/avna.com\/es\/wp-json\/wp\/v2\/comments?post=7099"}],"version-history":[{"count":18,"href":"https:\/\/avna.com\/es\/wp-json\/wp\/v2\/pages\/7099\/revisions"}],"predecessor-version":[{"id":11861,"href":"https:\/\/avna.com\/es\/wp-json\/wp\/v2\/pages\/7099\/revisions\/11861"}],"wp:featuredmedia":[{"embeddable":true,"href":"https:\/\/avna.com\/es\/wp-json\/wp\/v2\/media\/6659"}],"wp:attachment":[{"href":"https:\/\/avna.com\/es\/wp-json\/wp\/v2\/media?parent=7099"}],"curies":[{"name":"wp","href":"https:\/\/api.w.org\/{rel}","templated":true}]}}