{"id":7095,"date":"2019-06-13T20:28:27","date_gmt":"2019-06-13T20:28:27","guid":{"rendered":"https:\/\/avna.com\/about-okay\/careers\/faq\/"},"modified":"2022-09-01T11:01:28","modified_gmt":"2022-09-01T15:01:28","slug":"faq","status":"publish","type":"page","link":"https:\/\/avna.com\/es\/about-okay\/careers\/faq\/","title":{"rendered":"Preguntas Frecuentes"},"content":{"rendered":"\n\n\n<div class=\"wp-block-columns has-6-columns blue-nav cleanLinks is-layout-flex wp-container-core-columns-is-layout-9d6595d7 wp-block-columns-is-layout-flex\">\n<div class=\"wp-block-column is-layout-flow wp-block-column-is-layout-flow\">\n<h4 class=\"has-text-align-left wp-block-heading\">Careers Menu:<\/h4>\n<\/div>\n\n\n\n<div class=\"wp-block-column is-layout-flow wp-block-column-is-layout-flow\">\n<h4 class=\"has-text-align-center wp-block-heading\"><a href=\"https:\/\/avna.com\/es\/about-okay\/careers\/\">Carreras<\/a><br><\/h4>\n<\/div>\n\n\n\n<div class=\"wp-block-column is-layout-flow wp-block-column-is-layout-flow\">\n<h4 class=\"has-text-align-center wp-block-heading\"><a href=\"https:\/\/avna.com\/es\/about-okay\/careers\/advancement\/\">COMPASS Program<\/a><br><\/h4>\n<\/div>\n\n\n\n<div class=\"wp-block-column is-layout-flow wp-block-column-is-layout-flow\">\n<h4 class=\"has-text-align-center wp-block-heading\"> <a href=\"https:\/\/avna.com\/es\/about-okay\/careers\/apprenticeship\/\">Aprendizaje<\/a><br><\/h4>\n<\/div>\n\n\n\n<div class=\"wp-block-column is-layout-flow wp-block-column-is-layout-flow\">\n<h4 class=\"has-text-align-center wp-block-heading\"> <a href=\"https:\/\/avna.com\/es\/about-okay\/careers\/benefits\/\">Beneficios<\/a><\/h4>\n<\/div>\n\n\n\n<div class=\"wp-block-column is-layout-flow wp-block-column-is-layout-flow\">\n<h4 class=\"has-text-align-center wp-block-heading\" id=\"mce_1\"> <a href=\"https:\/\/avna.com\/es\/about-okay\/careers\/join-our-team\/\">\u00danete a nuestro equipo<\/a><a href=\"https:\/\/avna.com\/about-okay\/careers\/join-our-team\/\"><\/a><\/h4>\n<\/div>\n<\/div>\n\n\n<section class=\"header-block\"><figure class=\"bg\" style=\"background-image: url(https:\/\/avna.com\/wp-content\/uploads\/2019\/06\/recruitment-okay-homepage-hero-01.jpg); \"><\/figure><div class=\"section-wrapper\"><div class=\"text-wrapper\"><div class=\"text-background\"><\/div><div class=\"header-image \" style=\"background-image: url(https:\/\/avna.com\/wp-content\/uploads\/2019\/09\/okay-cr-14_800x800.png);\"><\/div><div class=\"header-text\"><h2>PREGUNTAS<br \/>\nFRECUENTES<\/h2>\n<\/div><\/div><\/div><\/section>\n\n\n<section class=\"wp-block-smart-section-section career-subhead\"><div class=\"section-wrapper\">\n<h4 class=\"has-text-align-center wp-block-heading\">Si ya envi\u00f3 una solicitud para formar parte de AVNA,  \u00a1gracias! Aqu\u00ed hay algunas preguntas frecuentes que pueden ayudarte.<\/h4>\n<\/div><\/section>\n\n\n\n<section class=\"wp-block-smart-section-section white-background\"><div class=\"section-wrapper\">\n<p>Una vez que haya enviado su solicitud \/ curr\u00edculum, su informaci\u00f3n se ingresar\u00e1 en nuestra base de datos de reclutamiento para el puesto espec\u00edfico al que se postul\u00f3. Sus antecedentes y calificaciones se revisar\u00e1n en funci\u00f3n del puesto. El gerente de contrataci\u00f3n se pondr\u00e1 en contacto con los candidatos con la mejor coincidencia general para entrevistas telef\u00f3nicas y\/o cara a cara.<\/p>\n\n\n\n<p><strong>\u00bfC\u00f3mo s\u00e9 que mi solicitud fue recibida?<br><\/strong>Una vez que haya finalizado el proceso de solicitud, debe recibir un correo electr\u00f3nico de confirmaci\u00f3n para cada puesto que haya solicitado. Si no lo recibe, aseg\u00farese de verificar su carpeta de correo no deseado y tambi\u00e9n aseg\u00farese de haber ingresado la direcci\u00f3n de correo electr\u00f3nico correctamente al realizar la solicitud.<\/p>\n\n\n\n<p><strong>Una vez que se haya enviado mi solicitud, \u00bfcu\u00e1nto tiempo llevar\u00e1 el proceso de selecci\u00f3n? \u00bfDebo llamar para verificar el estado de mi solicitud?<br><\/strong>Cada departamento tiene su propia l\u00ednea de tiempo para llenar cada plaza en particular y realiza sus evaluaciones en consecuencia. Si bien nuestro objetivo es ocupar puestos de inmediato, algunas b\u00fasquedas pueden durar varias semanas. Tenga en cuenta que a veces recibimos cientos de curr\u00edculums para una posici\u00f3n y podr\u00edamos detener el reclutamiento si consideramos que tenemos una buena cantidad de candidatos calificados para considerar. Su solicitud permanece activa durante 90 d\u00edas para cualquier puesto que solicite, en caso de que necesitemos continuar con el proceso de selecci\u00f3n.<\/p>\n\n\n\n<p><strong>\u00bfPor cu\u00e1nto tiempo permanecen abiertas las posiciones?<br><\/strong>Nuestros puestos permanecen abiertos hasta que encontremos a la persona adecuada para el puesto.<\/p>\n\n\n\n<hr class=\"wp-block-separator is-style-wide\"\/>\n\n\n\n<p class=\"italic-disclaimer\" style=\"font-size:11px\"><em>Okay Industries es un empleador que ofrece igualdad de oportunidades. Es pol\u00edtica de la Compa\u00f1\u00eda prohibir la discriminaci\u00f3n y el acoso de cualquier tipo y brindar igualdad de oportunidades de empleo a los empleados y solicitantes, sin distinci\u00f3n de raza, color, religi\u00f3n, sexo, nacionalidad, edad, discapacidad, informaci\u00f3n gen\u00e9tica o su condici\u00f3n de veterano. La Compa\u00f1\u00eda se ajustar\u00e1 al esp\u00edritu, as\u00ed como a la letra de todas las leyes y regulaciones aplicables. La Compa\u00f1\u00eda tomar\u00e1 medidas para emplear, avanzar en el empleo y tratar a veteranos calificados de la era de Vietnam y veteranos discapacitados sin discriminaci\u00f3n en todas las pr\u00e1cticas de empleo.<\/em><\/p>\n<\/div><\/section>\n","protected":false},"excerpt":{"rendered":"","protected":false},"author":10,"featured_media":7010,"parent":7008,"menu_order":0,"comment_status":"closed","ping_status":"closed","template":"","meta":{"_acf_changed":false,"_yoast_wpseo_title":"Preguntas sobre Empleos | AVNA ","_yoast_wpseo_metadesc":"No necesitas ser m\u00e9dico para salvar vidas. Ver preguntas frecuentes sobre una carrera en AVNA .","_metasync_otto_title":"","_metasync_otto_description":"","rank_math_title":"","rank_math_description":"","footnotes":""},"class_list":["post-7095","page","type-page","status-publish","has-post-thumbnail","hentry"],"acf":[],"yoast_head":"<!-- This site is optimized with the Yoast SEO Premium plugin v20.12 (Yoast SEO v25.4) - https:\/\/yoast.com\/wordpress\/plugins\/seo\/ -->\n<title>Preguntas sobre Empleos | AVNA<\/title>\n<meta name=\"description\" content=\"No necesitas ser m\u00e9dico para salvar vidas. Ver preguntas frecuentes sobre una carrera en AVNA .\" \/>\n<meta name=\"robots\" content=\"index, follow, max-snippet:-1, max-image-preview:large, max-video-preview:-1\" \/>\n<link rel=\"canonical\" href=\"https:\/\/avna.com\/es\/about-okay\/careers\/faq\/\" \/>\n<meta property=\"og:locale\" content=\"es_ES\" \/>\n<meta property=\"og:type\" content=\"article\" \/>\n<meta property=\"og:title\" content=\"Preguntas Frecuentes\" \/>\n<meta property=\"og:description\" content=\"No necesitas ser m\u00e9dico para salvar vidas. Ver preguntas frecuentes sobre una carrera en AVNA .\" \/>\n<meta property=\"og:url\" content=\"https:\/\/avna.com\/es\/about-okay\/careers\/faq\/\" \/>\n<meta property=\"og:site_name\" content=\"AVNA\" \/>\n<meta property=\"article:modified_time\" content=\"2022-09-01T15:01:28+00:00\" \/>\n<meta property=\"og:image\" content=\"https:\/\/avna.com\/wp-content\/uploads\/2019\/06\/recruitment-okay-homepage-hero-01.jpg\" \/>\n\t<meta property=\"og:image:width\" content=\"1575\" \/>\n\t<meta property=\"og:image:height\" content=\"779\" \/>\n\t<meta property=\"og:image:type\" content=\"image\/jpeg\" \/>\n<meta name=\"twitter:card\" content=\"summary_large_image\" \/>\n<meta name=\"twitter:label1\" content=\"Tiempo de lectura\" \/>\n\t<meta name=\"twitter:data1\" content=\"2 minutos\" \/>\n<script type=\"application\/ld+json\" class=\"yoast-schema-graph\">{\"@context\":\"https:\/\/schema.org\",\"@graph\":[{\"@type\":\"WebPage\",\"@id\":\"https:\/\/avna.com\/es\/about-okay\/careers\/faq\/\",\"url\":\"https:\/\/avna.com\/es\/about-okay\/careers\/faq\/\",\"name\":\"Preguntas sobre Empleos | AVNA\",\"isPartOf\":{\"@id\":\"https:\/\/avna.com\/es\/#website\"},\"primaryImageOfPage\":{\"@id\":\"https:\/\/avna.com\/es\/about-okay\/careers\/faq\/#primaryimage\"},\"image\":{\"@id\":\"https:\/\/avna.com\/es\/about-okay\/careers\/faq\/#primaryimage\"},\"thumbnailUrl\":\"https:\/\/avna.com\/wp-content\/uploads\/2019\/06\/recruitment-okay-homepage-hero-01.jpg\",\"datePublished\":\"2019-06-13T20:28:27+00:00\",\"dateModified\":\"2022-09-01T15:01:28+00:00\",\"description\":\"No necesitas ser m\u00e9dico para salvar vidas. Ver preguntas frecuentes sobre una carrera en AVNA .\",\"breadcrumb\":{\"@id\":\"https:\/\/avna.com\/es\/about-okay\/careers\/faq\/#breadcrumb\"},\"inLanguage\":\"es\",\"potentialAction\":[{\"@type\":\"ReadAction\",\"target\":[\"https:\/\/avna.com\/es\/about-okay\/careers\/faq\/\"]}]},{\"@type\":\"ImageObject\",\"inLanguage\":\"es\",\"@id\":\"https:\/\/avna.com\/es\/about-okay\/careers\/faq\/#primaryimage\",\"url\":\"https:\/\/avna.com\/wp-content\/uploads\/2019\/06\/recruitment-okay-homepage-hero-01.jpg\",\"contentUrl\":\"https:\/\/avna.com\/wp-content\/uploads\/2019\/06\/recruitment-okay-homepage-hero-01.jpg\",\"width\":1575,\"height\":779},{\"@type\":\"BreadcrumbList\",\"@id\":\"https:\/\/avna.com\/es\/about-okay\/careers\/faq\/#breadcrumb\",\"itemListElement\":[{\"@type\":\"ListItem\",\"position\":1,\"name\":\"Home\",\"item\":\"https:\/\/avna.com\/es\/\"},{\"@type\":\"ListItem\",\"position\":2,\"name\":\"SobreAVNA\",\"item\":\"https:\/\/avna.com\/es\/about-okay\/\"},{\"@type\":\"ListItem\",\"position\":3,\"name\":\"Carreras\",\"item\":\"https:\/\/avna.com\/es\/about-okay\/careers\/\"},{\"@type\":\"ListItem\",\"position\":4,\"name\":\"Preguntas Frecuentes\"}]},{\"@type\":\"WebSite\",\"@id\":\"https:\/\/avna.com\/es\/#website\",\"url\":\"https:\/\/avna.com\/es\/\",\"name\":\"AVNA\",\"description\":\"Innovation Partners for Life\",\"publisher\":{\"@id\":\"https:\/\/avna.com\/es\/#organization\"},\"potentialAction\":[{\"@type\":\"SearchAction\",\"target\":{\"@type\":\"EntryPoint\",\"urlTemplate\":\"https:\/\/avna.com\/es\/?s={search_term_string}\"},\"query-input\":{\"@type\":\"PropertyValueSpecification\",\"valueRequired\":true,\"valueName\":\"search_term_string\"}}],\"inLanguage\":\"es\"},{\"@type\":\"Organization\",\"@id\":\"https:\/\/avna.com\/es\/#organization\",\"name\":\"AVNA\",\"url\":\"https:\/\/avna.com\/es\/\",\"logo\":{\"@type\":\"ImageObject\",\"inLanguage\":\"es\",\"@id\":\"https:\/\/avna.com\/es\/#\/schema\/logo\/image\/\",\"url\":\"https:\/\/avna.com\/wp-content\/uploads\/2023\/12\/logo-0.png\",\"contentUrl\":\"https:\/\/avna.com\/wp-content\/uploads\/2023\/12\/logo-0.png\",\"width\":387,\"height\":275,\"caption\":\"AVNA\"},\"image\":{\"@id\":\"https:\/\/avna.com\/es\/#\/schema\/logo\/image\/\"}}]}<\/script>\n<!-- \/ Yoast SEO Premium plugin. -->","yoast_head_json":{"title":"Preguntas sobre Empleos | AVNA","description":"No necesitas ser m\u00e9dico para salvar vidas. Ver preguntas frecuentes sobre una carrera en AVNA .","robots":{"index":"index","follow":"follow","max-snippet":"max-snippet:-1","max-image-preview":"max-image-preview:large","max-video-preview":"max-video-preview:-1"},"canonical":"https:\/\/avna.com\/es\/about-okay\/careers\/faq\/","og_locale":"es_ES","og_type":"article","og_title":"Preguntas Frecuentes","og_description":"No necesitas ser m\u00e9dico para salvar vidas. Ver preguntas frecuentes sobre una carrera en AVNA .","og_url":"https:\/\/avna.com\/es\/about-okay\/careers\/faq\/","og_site_name":"AVNA","article_modified_time":"2022-09-01T15:01:28+00:00","og_image":[{"width":1575,"height":779,"url":"https:\/\/avna.com\/wp-content\/uploads\/2019\/06\/recruitment-okay-homepage-hero-01.jpg","type":"image\/jpeg"}],"twitter_card":"summary_large_image","twitter_misc":{"Tiempo de lectura":"2 minutos"},"schema":{"@context":"https:\/\/schema.org","@graph":[{"@type":"WebPage","@id":"https:\/\/avna.com\/es\/about-okay\/careers\/faq\/","url":"https:\/\/avna.com\/es\/about-okay\/careers\/faq\/","name":"Preguntas sobre Empleos | AVNA","isPartOf":{"@id":"https:\/\/avna.com\/es\/#website"},"primaryImageOfPage":{"@id":"https:\/\/avna.com\/es\/about-okay\/careers\/faq\/#primaryimage"},"image":{"@id":"https:\/\/avna.com\/es\/about-okay\/careers\/faq\/#primaryimage"},"thumbnailUrl":"https:\/\/avna.com\/wp-content\/uploads\/2019\/06\/recruitment-okay-homepage-hero-01.jpg","datePublished":"2019-06-13T20:28:27+00:00","dateModified":"2022-09-01T15:01:28+00:00","description":"No necesitas ser m\u00e9dico para salvar vidas. Ver preguntas frecuentes sobre una carrera en AVNA .","breadcrumb":{"@id":"https:\/\/avna.com\/es\/about-okay\/careers\/faq\/#breadcrumb"},"inLanguage":"es","potentialAction":[{"@type":"ReadAction","target":["https:\/\/avna.com\/es\/about-okay\/careers\/faq\/"]}]},{"@type":"ImageObject","inLanguage":"es","@id":"https:\/\/avna.com\/es\/about-okay\/careers\/faq\/#primaryimage","url":"https:\/\/avna.com\/wp-content\/uploads\/2019\/06\/recruitment-okay-homepage-hero-01.jpg","contentUrl":"https:\/\/avna.com\/wp-content\/uploads\/2019\/06\/recruitment-okay-homepage-hero-01.jpg","width":1575,"height":779},{"@type":"BreadcrumbList","@id":"https:\/\/avna.com\/es\/about-okay\/careers\/faq\/#breadcrumb","itemListElement":[{"@type":"ListItem","position":1,"name":"Home","item":"https:\/\/avna.com\/es\/"},{"@type":"ListItem","position":2,"name":"SobreAVNA","item":"https:\/\/avna.com\/es\/about-okay\/"},{"@type":"ListItem","position":3,"name":"Carreras","item":"https:\/\/avna.com\/es\/about-okay\/careers\/"},{"@type":"ListItem","position":4,"name":"Preguntas Frecuentes"}]},{"@type":"WebSite","@id":"https:\/\/avna.com\/es\/#website","url":"https:\/\/avna.com\/es\/","name":"AVNA","description":"Innovation Partners for Life","publisher":{"@id":"https:\/\/avna.com\/es\/#organization"},"potentialAction":[{"@type":"SearchAction","target":{"@type":"EntryPoint","urlTemplate":"https:\/\/avna.com\/es\/?s={search_term_string}"},"query-input":{"@type":"PropertyValueSpecification","valueRequired":true,"valueName":"search_term_string"}}],"inLanguage":"es"},{"@type":"Organization","@id":"https:\/\/avna.com\/es\/#organization","name":"AVNA","url":"https:\/\/avna.com\/es\/","logo":{"@type":"ImageObject","inLanguage":"es","@id":"https:\/\/avna.com\/es\/#\/schema\/logo\/image\/","url":"https:\/\/avna.com\/wp-content\/uploads\/2023\/12\/logo-0.png","contentUrl":"https:\/\/avna.com\/wp-content\/uploads\/2023\/12\/logo-0.png","width":387,"height":275,"caption":"AVNA"},"image":{"@id":"https:\/\/avna.com\/es\/#\/schema\/logo\/image\/"}}]}},"_links":{"self":[{"href":"https:\/\/avna.com\/es\/wp-json\/wp\/v2\/pages\/7095","targetHints":{"allow":["GET"]}}],"collection":[{"href":"https:\/\/avna.com\/es\/wp-json\/wp\/v2\/pages"}],"about":[{"href":"https:\/\/avna.com\/es\/wp-json\/wp\/v2\/types\/page"}],"author":[{"embeddable":true,"href":"https:\/\/avna.com\/es\/wp-json\/wp\/v2\/users\/10"}],"replies":[{"embeddable":true,"href":"https:\/\/avna.com\/es\/wp-json\/wp\/v2\/comments?post=7095"}],"version-history":[{"count":9,"href":"https:\/\/avna.com\/es\/wp-json\/wp\/v2\/pages\/7095\/revisions"}],"predecessor-version":[{"id":10612,"href":"https:\/\/avna.com\/es\/wp-json\/wp\/v2\/pages\/7095\/revisions\/10612"}],"up":[{"embeddable":true,"href":"https:\/\/avna.com\/es\/wp-json\/wp\/v2\/pages\/7008"}],"wp:featuredmedia":[{"embeddable":true,"href":"https:\/\/avna.com\/es\/wp-json\/wp\/v2\/media\/7010"}],"wp:attachment":[{"href":"https:\/\/avna.com\/es\/wp-json\/wp\/v2\/media?parent=7095"}],"curies":[{"name":"wp","href":"https:\/\/api.w.org\/{rel}","templated":true}]}}