{"id":7001,"date":"2018-12-13T20:12:17","date_gmt":"2018-12-13T20:12:17","guid":{"rendered":"https:\/\/avna.com\/contact-us\/news-shows\/"},"modified":"2025-05-05T14:42:54","modified_gmt":"2025-05-05T18:42:54","slug":"news-shows","status":"publish","type":"page","link":"https:\/\/avna.com\/es\/contact-us\/news-shows\/","title":{"rendered":"Eventos y Capacitaciones"},"content":{"rendered":"\n\n<section class=\"header-block\"><figure class=\"bg\" style=\"background-image: url(https:\/\/avna.com\/wp-content\/uploads\/2018\/12\/Blue-Background-Treatment10.jpg); \"><\/figure><div class=\"section-wrapper\"><div class=\"text-wrapper\"><div class=\"text-background\"><\/div><div class=\"header-image unlock-bottom \" style=\"background-image: url(https:\/\/avna.com\/wp-content\/uploads\/2019\/01\/shows__learning_small_header_images_800x400px.png);\"><\/div><div class=\"header-text\"><h1>Eventos del sector<\/h1>\n<p><\/br><\/p>\n<h2>Eventos y capacitaciones<\/h2>\n<\/div><\/div><\/div><\/section>\n\n\n<section class=\"wp-block-smart-section-section white-background\"><div class=\"section-wrapper\">\n<h2 class=\"has-text-align-center wp-block-heading\" id=\"mce_19\">Conozca a los expertos detr\u00e1s de nuestras soluciones.<\/h2>\n\n\n\n<p>Con tres ubicaciones y m\u00e1s de 20996m<sup>2<\/sup> de excelencia en la fabricaci\u00f3n, nuestro equipo apoya a las principales compa\u00f1\u00edas de dispositivos m\u00e9dicos del mundo, pero nuestra experiencia llega mucho m\u00e1s all\u00e1 de nuestras paredes. Nuestro enfoque colaborativo y centrado en el cliente comienza con usted, y nos encantar\u00eda tener la oportunidad de conocernos en persona.<\/p>\n<\/div><\/section>\n\n\n\n<section class=\"wp-block-smart-section-section\"><div class=\"section-wrapper\">\n<p>Si desea programar un evento para que nuestros expertos capaciten a su equipo, <a href=\"https:\/\/avna.com\/es\/contact-us\/\">cont\u00e1ctenos<\/a> o complete el siguiente formulario. Si bien siempre nos complace revisar los requisitos espec\u00edficos del proyecto, nuestros ingenieros y expertos en fabricaci\u00f3n pueden ayudar a su equipo a ampliar su comprensi\u00f3n y habilidades. Ofrecemos presentaciones de aprendizaje sobre dise\u00f1o para fabricaci\u00f3n, procesamiento por l\u00e1ser y una amplia variedad de temas de fabricaci\u00f3n de componentes m\u00e9dicos. Nuestro conocimiento de los avances tecnol\u00f3gicos, de procesos y de equipos, as\u00ed como la especializaci\u00f3n que resulta de ser el mejor en la industria, puede brindar un nuevo nivel de comprensi\u00f3n a su proyecto.<\/p>\n\n\n\n<p>Nuestro equipo tambi\u00e9n participa en ferias y eventos de la industria. Vis\u00edtenos en los programas que se enumeran a continuaci\u00f3n: presente sus desaf\u00edos, hable sobre sus ideas y vea lo que hemos hecho para otras compa\u00f1\u00edas.<\/p>\n\n\n\n<h3 class=\"has-text-align-center callout-image wp-block-heading\"><br>No hay eventos programados actualmente &#8211; Vuelva a consultar pronto<br><br><\/h3>\n<\/div><\/section>\n","protected":false},"excerpt":{"rendered":"","protected":false},"author":1,"featured_media":6613,"parent":6989,"menu_order":2,"comment_status":"closed","ping_status":"closed","template":"","meta":{"_acf_changed":false,"_yoast_wpseo_title":"Eventos sobre Componentes de Dispositivos M\u00e9dicos, Capacitaciones | %%sitename%%","_yoast_wpseo_metadesc":"Conozca personalmente a los expertos en fabricaci\u00f3n de componentes para dispositivos m\u00e9dicos deAVNA : encu\u00e9ntrenos en nuestra pr\u00f3xima feria o programe una capacitaci\u00f3n con nuestro equipo.","_metasync_otto_title":"","_metasync_otto_description":"","rank_math_title":"","rank_math_description":"","footnotes":""},"class_list":["post-7001","page","type-page","status-publish","has-post-thumbnail","hentry"],"acf":[],"yoast_head":"<!-- This site is optimized with the Yoast SEO Premium plugin v20.12 (Yoast SEO v25.4) - https:\/\/yoast.com\/wordpress\/plugins\/seo\/ -->\n<title>Eventos sobre Componentes de Dispositivos M\u00e9dicos, Capacitaciones | AVNA<\/title>\n<meta name=\"description\" content=\"Conozca personalmente a los expertos en fabricaci\u00f3n de componentes para dispositivos m\u00e9dicos deAVNA : encu\u00e9ntrenos en nuestra pr\u00f3xima feria o programe una capacitaci\u00f3n con nuestro equipo.\" \/>\n<meta name=\"robots\" content=\"index, follow, max-snippet:-1, max-image-preview:large, max-video-preview:-1\" \/>\n<link rel=\"canonical\" href=\"https:\/\/avna.com\/es\/contact-us\/news-shows\/\" \/>\n<meta property=\"og:locale\" content=\"es_ES\" \/>\n<meta property=\"og:type\" content=\"article\" \/>\n<meta property=\"og:title\" content=\"Eventos y Capacitaciones\" \/>\n<meta property=\"og:description\" content=\"Conozca personalmente a los expertos en fabricaci\u00f3n de componentes para dispositivos m\u00e9dicos deAVNA : encu\u00e9ntrenos en nuestra pr\u00f3xima feria o programe una capacitaci\u00f3n con nuestro equipo.\" \/>\n<meta property=\"og:url\" content=\"https:\/\/avna.com\/es\/contact-us\/news-shows\/\" \/>\n<meta property=\"og:site_name\" content=\"AVNA\" \/>\n<meta property=\"article:modified_time\" content=\"2025-05-05T18:42:54+00:00\" \/>\n<meta property=\"og:image\" content=\"https:\/\/avna.com\/wp-content\/uploads\/2018\/12\/Blue-Background-Treatment10.jpg\" \/>\n\t<meta property=\"og:image:width\" content=\"3000\" \/>\n\t<meta property=\"og:image:height\" content=\"1080\" \/>\n\t<meta property=\"og:image:type\" content=\"image\/jpeg\" \/>\n<meta name=\"twitter:card\" content=\"summary_large_image\" \/>\n<meta name=\"twitter:label1\" content=\"Tiempo de lectura\" \/>\n\t<meta name=\"twitter:data1\" content=\"1 minuto\" \/>\n<script type=\"application\/ld+json\" class=\"yoast-schema-graph\">{\"@context\":\"https:\/\/schema.org\",\"@graph\":[{\"@type\":\"WebPage\",\"@id\":\"https:\/\/avna.com\/es\/contact-us\/news-shows\/\",\"url\":\"https:\/\/avna.com\/es\/contact-us\/news-shows\/\",\"name\":\"Eventos sobre Componentes de Dispositivos M\u00e9dicos, Capacitaciones | AVNA\",\"isPartOf\":{\"@id\":\"https:\/\/avna.com\/es\/#website\"},\"primaryImageOfPage\":{\"@id\":\"https:\/\/avna.com\/es\/contact-us\/news-shows\/#primaryimage\"},\"image\":{\"@id\":\"https:\/\/avna.com\/es\/contact-us\/news-shows\/#primaryimage\"},\"thumbnailUrl\":\"https:\/\/avna.com\/wp-content\/uploads\/2018\/12\/Blue-Background-Treatment10.jpg\",\"datePublished\":\"2018-12-13T20:12:17+00:00\",\"dateModified\":\"2025-05-05T18:42:54+00:00\",\"description\":\"Conozca personalmente a los expertos en fabricaci\u00f3n de componentes para dispositivos m\u00e9dicos deAVNA : encu\u00e9ntrenos en nuestra pr\u00f3xima feria o programe una capacitaci\u00f3n con nuestro equipo.\",\"breadcrumb\":{\"@id\":\"https:\/\/avna.com\/es\/contact-us\/news-shows\/#breadcrumb\"},\"inLanguage\":\"es\",\"potentialAction\":[{\"@type\":\"ReadAction\",\"target\":[\"https:\/\/avna.com\/es\/contact-us\/news-shows\/\"]}]},{\"@type\":\"ImageObject\",\"inLanguage\":\"es\",\"@id\":\"https:\/\/avna.com\/es\/contact-us\/news-shows\/#primaryimage\",\"url\":\"https:\/\/avna.com\/wp-content\/uploads\/2018\/12\/Blue-Background-Treatment10.jpg\",\"contentUrl\":\"https:\/\/avna.com\/wp-content\/uploads\/2018\/12\/Blue-Background-Treatment10.jpg\",\"width\":3000,\"height\":1080},{\"@type\":\"BreadcrumbList\",\"@id\":\"https:\/\/avna.com\/es\/contact-us\/news-shows\/#breadcrumb\",\"itemListElement\":[{\"@type\":\"ListItem\",\"position\":1,\"name\":\"Home\",\"item\":\"https:\/\/avna.com\/es\/\"},{\"@type\":\"ListItem\",\"position\":2,\"name\":\"Cont\u00e1ctenos\",\"item\":\"https:\/\/avna.com\/es\/contact-us\/\"},{\"@type\":\"ListItem\",\"position\":3,\"name\":\"Eventos y Capacitaciones\"}]},{\"@type\":\"WebSite\",\"@id\":\"https:\/\/avna.com\/es\/#website\",\"url\":\"https:\/\/avna.com\/es\/\",\"name\":\"AVNA\",\"description\":\"Innovation Partners for Life\",\"publisher\":{\"@id\":\"https:\/\/avna.com\/es\/#organization\"},\"potentialAction\":[{\"@type\":\"SearchAction\",\"target\":{\"@type\":\"EntryPoint\",\"urlTemplate\":\"https:\/\/avna.com\/es\/?s={search_term_string}\"},\"query-input\":{\"@type\":\"PropertyValueSpecification\",\"valueRequired\":true,\"valueName\":\"search_term_string\"}}],\"inLanguage\":\"es\"},{\"@type\":\"Organization\",\"@id\":\"https:\/\/avna.com\/es\/#organization\",\"name\":\"AVNA\",\"url\":\"https:\/\/avna.com\/es\/\",\"logo\":{\"@type\":\"ImageObject\",\"inLanguage\":\"es\",\"@id\":\"https:\/\/avna.com\/es\/#\/schema\/logo\/image\/\",\"url\":\"https:\/\/avna.com\/wp-content\/uploads\/2023\/12\/logo-0.png\",\"contentUrl\":\"https:\/\/avna.com\/wp-content\/uploads\/2023\/12\/logo-0.png\",\"width\":387,\"height\":275,\"caption\":\"AVNA\"},\"image\":{\"@id\":\"https:\/\/avna.com\/es\/#\/schema\/logo\/image\/\"}}]}<\/script>\n<!-- \/ Yoast SEO Premium plugin. -->","yoast_head_json":{"title":"Eventos sobre Componentes de Dispositivos M\u00e9dicos, Capacitaciones | AVNA","description":"Conozca personalmente a los expertos en fabricaci\u00f3n de componentes para dispositivos m\u00e9dicos deAVNA : encu\u00e9ntrenos en nuestra pr\u00f3xima feria o programe una capacitaci\u00f3n con nuestro equipo.","robots":{"index":"index","follow":"follow","max-snippet":"max-snippet:-1","max-image-preview":"max-image-preview:large","max-video-preview":"max-video-preview:-1"},"canonical":"https:\/\/avna.com\/es\/contact-us\/news-shows\/","og_locale":"es_ES","og_type":"article","og_title":"Eventos y Capacitaciones","og_description":"Conozca personalmente a los expertos en fabricaci\u00f3n de componentes para dispositivos m\u00e9dicos deAVNA : encu\u00e9ntrenos en nuestra pr\u00f3xima feria o programe una capacitaci\u00f3n con nuestro equipo.","og_url":"https:\/\/avna.com\/es\/contact-us\/news-shows\/","og_site_name":"AVNA","article_modified_time":"2025-05-05T18:42:54+00:00","og_image":[{"width":3000,"height":1080,"url":"https:\/\/avna.com\/wp-content\/uploads\/2018\/12\/Blue-Background-Treatment10.jpg","type":"image\/jpeg"}],"twitter_card":"summary_large_image","twitter_misc":{"Tiempo de lectura":"1 minuto"},"schema":{"@context":"https:\/\/schema.org","@graph":[{"@type":"WebPage","@id":"https:\/\/avna.com\/es\/contact-us\/news-shows\/","url":"https:\/\/avna.com\/es\/contact-us\/news-shows\/","name":"Eventos sobre Componentes de Dispositivos M\u00e9dicos, Capacitaciones | AVNA","isPartOf":{"@id":"https:\/\/avna.com\/es\/#website"},"primaryImageOfPage":{"@id":"https:\/\/avna.com\/es\/contact-us\/news-shows\/#primaryimage"},"image":{"@id":"https:\/\/avna.com\/es\/contact-us\/news-shows\/#primaryimage"},"thumbnailUrl":"https:\/\/avna.com\/wp-content\/uploads\/2018\/12\/Blue-Background-Treatment10.jpg","datePublished":"2018-12-13T20:12:17+00:00","dateModified":"2025-05-05T18:42:54+00:00","description":"Conozca personalmente a los expertos en fabricaci\u00f3n de componentes para dispositivos m\u00e9dicos deAVNA : encu\u00e9ntrenos en nuestra pr\u00f3xima feria o programe una capacitaci\u00f3n con nuestro equipo.","breadcrumb":{"@id":"https:\/\/avna.com\/es\/contact-us\/news-shows\/#breadcrumb"},"inLanguage":"es","potentialAction":[{"@type":"ReadAction","target":["https:\/\/avna.com\/es\/contact-us\/news-shows\/"]}]},{"@type":"ImageObject","inLanguage":"es","@id":"https:\/\/avna.com\/es\/contact-us\/news-shows\/#primaryimage","url":"https:\/\/avna.com\/wp-content\/uploads\/2018\/12\/Blue-Background-Treatment10.jpg","contentUrl":"https:\/\/avna.com\/wp-content\/uploads\/2018\/12\/Blue-Background-Treatment10.jpg","width":3000,"height":1080},{"@type":"BreadcrumbList","@id":"https:\/\/avna.com\/es\/contact-us\/news-shows\/#breadcrumb","itemListElement":[{"@type":"ListItem","position":1,"name":"Home","item":"https:\/\/avna.com\/es\/"},{"@type":"ListItem","position":2,"name":"Cont\u00e1ctenos","item":"https:\/\/avna.com\/es\/contact-us\/"},{"@type":"ListItem","position":3,"name":"Eventos y Capacitaciones"}]},{"@type":"WebSite","@id":"https:\/\/avna.com\/es\/#website","url":"https:\/\/avna.com\/es\/","name":"AVNA","description":"Innovation Partners for Life","publisher":{"@id":"https:\/\/avna.com\/es\/#organization"},"potentialAction":[{"@type":"SearchAction","target":{"@type":"EntryPoint","urlTemplate":"https:\/\/avna.com\/es\/?s={search_term_string}"},"query-input":{"@type":"PropertyValueSpecification","valueRequired":true,"valueName":"search_term_string"}}],"inLanguage":"es"},{"@type":"Organization","@id":"https:\/\/avna.com\/es\/#organization","name":"AVNA","url":"https:\/\/avna.com\/es\/","logo":{"@type":"ImageObject","inLanguage":"es","@id":"https:\/\/avna.com\/es\/#\/schema\/logo\/image\/","url":"https:\/\/avna.com\/wp-content\/uploads\/2023\/12\/logo-0.png","contentUrl":"https:\/\/avna.com\/wp-content\/uploads\/2023\/12\/logo-0.png","width":387,"height":275,"caption":"AVNA"},"image":{"@id":"https:\/\/avna.com\/es\/#\/schema\/logo\/image\/"}}]}},"_links":{"self":[{"href":"https:\/\/avna.com\/es\/wp-json\/wp\/v2\/pages\/7001","targetHints":{"allow":["GET"]}}],"collection":[{"href":"https:\/\/avna.com\/es\/wp-json\/wp\/v2\/pages"}],"about":[{"href":"https:\/\/avna.com\/es\/wp-json\/wp\/v2\/types\/page"}],"author":[{"embeddable":true,"href":"https:\/\/avna.com\/es\/wp-json\/wp\/v2\/users\/1"}],"replies":[{"embeddable":true,"href":"https:\/\/avna.com\/es\/wp-json\/wp\/v2\/comments?post=7001"}],"version-history":[{"count":13,"href":"https:\/\/avna.com\/es\/wp-json\/wp\/v2\/pages\/7001\/revisions"}],"predecessor-version":[{"id":12779,"href":"https:\/\/avna.com\/es\/wp-json\/wp\/v2\/pages\/7001\/revisions\/12779"}],"up":[{"embeddable":true,"href":"https:\/\/avna.com\/es\/wp-json\/wp\/v2\/pages\/6989"}],"wp:featuredmedia":[{"embeddable":true,"href":"https:\/\/avna.com\/es\/wp-json\/wp\/v2\/media\/6613"}],"wp:attachment":[{"href":"https:\/\/avna.com\/es\/wp-json\/wp\/v2\/media?parent=7001"}],"curies":[{"name":"wp","href":"https:\/\/api.w.org\/{rel}","templated":true}]}}