{"id":6937,"date":"2018-12-13T20:12:17","date_gmt":"2018-12-13T20:12:17","guid":{"rendered":"https:\/\/avna.com\/quality\/certifications-standards\/"},"modified":"2022-09-01T10:59:34","modified_gmt":"2022-09-01T14:59:34","slug":"certifications-standards","status":"publish","type":"page","link":"https:\/\/avna.com\/es\/quality\/certifications-standards\/","title":{"rendered":"Certificaciones y Est\u00e1ndares"},"content":{"rendered":"\n\n<section class=\"header-block\"><figure class=\"bg\" style=\"background-image: url(https:\/\/avna.com\/wp-content\/uploads\/2018\/12\/Blue-Background-Treatment9.jpg); \"><\/figure><div class=\"section-wrapper\"><div class=\"text-wrapper\"><div class=\"text-background\"><\/div><div class=\"header-image \" style=\"background-image: url(https:\/\/avna.com\/wp-content\/uploads\/2019\/09\/okay-cr-10_800x800.png);\"><\/div><div class=\"header-text\"><h1>Excelencia operativa<\/h1>\n<h2>Certificaciones y Registros<\/h2>\n<p><strong>Calidad superior y cumplimiento que brinda tranquilidad a nuestros clientes, cuando la salud y la vida dependen de ello.<\/strong><\/p>\n<p>Durante m\u00e1s de un siglo, AVNA  ha cumplido con gran precisi\u00f3n cada solicitud, cumpliendo incluso con los requisitos m\u00e1s estrictos. Con procesos centrados en la calidad y tecnolog\u00edas de vanguardia, mantenemos Sistemas de Gesti\u00f3n de Calidad deseados por la comunidad de dispositivos m\u00e9dicos. Nuestro equipo de ingenieros de calidad siempre est\u00e1 disponible para revisar los requisitos de su proyecto y colaborar en el desarrollo de un plan de calidad personalizado para su aplicaci\u00f3n.<\/p>\n<\/div><\/div><\/div><\/section>\n\n\n<section class=\"wp-block-smart-section-section white-background\"><div class=\"section-wrapper\">\n<h2 class=\"has-text-align-center wp-block-heading\" id=\"mce_19\">Los m\u00e1s altos est\u00e1ndares de calidad y cumplimiento.<\/h2>\n\n\n\n<p>En AVNA  estamos comprometidos con la calidad. Cada empleado es responsable de mantener nuestros estrictos est\u00e1ndares de calidad, y tiene la facultad de garantizar que se mantenga la excelencia en todos los niveles del proceso de producci\u00f3n. Ofrecemos a todos los miembros del equipo de producci\u00f3n la capacidad de recibir capacitaci\u00f3n cruzada en varios procesos de calidad, como SPC (controles de procesos estad\u00edsticos), ya que la calidad es responsabilidad de cada individuo dentro de nuestra empresa y es crucial para brindar una precisi\u00f3n y excelencia que supere las expectativas.<\/p>\n<\/div><\/section>\n\n\n\n<section class=\"wp-block-smart-section-section\"><div class=\"section-wrapper\">\n<div class=\"wp-block-columns has-2-columns is-layout-flex wp-container-core-columns-is-layout-9d6595d7 wp-block-columns-is-layout-flex\">\n<div class=\"wp-block-column okay-2col-left is-layout-flow wp-block-column-is-layout-flow\">\n<p>Nuestros sistemas de calidad, planificaci\u00f3n de la calidad del producto y t\u00e9cnicas de medici\u00f3n avanzadas son reconocidos por las compa\u00f1\u00edas de dispositivos m\u00e9dicos m\u00e1s grandes del mundo, que conf\u00edan en AVNA  para ofrecer una calidad total y una tranquilidad inigualable. Con la fabricaci\u00f3n interna de herramientas, podemos garantizar el cumplimiento controlado desde el comienzo de la producci\u00f3n.<\/p>\n\n\n\n<p>Nuestro equipo de control de calidad de \u00faltima generaci\u00f3n tambi\u00e9n est\u00e1 integrado y automatizado. En combinaci\u00f3n con nuestro sistema ERP, la recopilaci\u00f3n y el registro de datos es transparente con el an\u00e1lisis en tiempo real.<\/p>\n<\/div>\n\n\n\n<div class=\"wp-block-column okay-2col-right is-layout-flow wp-block-column-is-layout-flow\">\n<section class=\"wp-block-smart-section-section blue-certs\"><div class=\"section-wrapper\">\n<h4 class=\"wp-block-heading\" id=\"mce_20\">Nuestras certificaciones y registros de fabricaci\u00f3n de dispositivos m\u00e9dicos incluyen:<\/h4>\n\n\n\n<ul class=\"wp-block-list\">\n<li><a href=\"https:\/\/avna.com\/wp-content\/uploads\/2024\/10\/AVNA-FM-597099-Exp-10-2-2027.pdf\" target=\"_blank\" rel=\"noreferrer noopener\">Operaciones en los Estados Unidos: ISO 13485: 2016<\/a><a href=\"https:\/\/avna.com\/wp-content\/uploads\/2024\/10\/FM-597099-Exp-10-2-2027.pdf\" target=\"_blank\" rel=\"noreferrer noopener\"> <\/a>(ver PDF)<\/li>\n\n\n\n<li><a href=\"https:\/\/avna.com\/wp-content\/uploads\/2025\/05\/ISO13485-Certificate-AVNA-Costa-Rica-2025.pdf\">Operaciones en Costa Rica: ISO 13485: 2016<\/a> (ver PDF)<\/li>\n<\/ul>\n<\/div><\/section>\n<\/div>\n<\/div>\n\n\n\n<div class=\"wp-block-media-text alignwide has-media-on-the-right is-stacked-on-mobile callout-image cta-it\"><figure class=\"wp-block-media-text__media\"><img decoding=\"async\" width=\"800\" height=\"659\" src=\"https:\/\/avna.com\/wp-content\/uploads\/2019\/09\/okay-cr-11-800x659.jpg\" alt=\"\" class=\"wp-image-5415 size-full\" srcset=\"https:\/\/avna.com\/wp-content\/uploads\/2019\/09\/okay-cr-11-800x659.jpg 800w, https:\/\/avna.com\/wp-content\/uploads\/2019\/09\/okay-cr-11-800x659-300x247.jpg 300w, https:\/\/avna.com\/wp-content\/uploads\/2019\/09\/okay-cr-11-800x659-768x633.jpg 768w, https:\/\/avna.com\/wp-content\/uploads\/2019\/09\/okay-cr-11-800x659-100x82.jpg 100w, https:\/\/avna.com\/wp-content\/uploads\/2019\/09\/okay-cr-11-800x659-200x165.jpg 200w, https:\/\/avna.com\/wp-content\/uploads\/2019\/09\/okay-cr-11-800x659-400x330.jpg 400w, https:\/\/avna.com\/wp-content\/uploads\/2019\/09\/okay-cr-11-800x659-600x494.jpg 600w\" sizes=\"(max-width: 800px) 100vw, 800px\" \/><\/figure><div class=\"wp-block-media-text__content\">\n<h3 class=\"wp-block-heading\" id=\"mce_32\"><em>Part of Something Greater.<\/em> Ese es nuestro est\u00e1ndar.<\/h3>\n\n\n\n<p class=\"has-regular-font-size\">La pol\u00edtica de calidad de AVNA  gu\u00eda nuestras operaciones: estamos comprometidos con el m\u00e1s alto nivel de calidad y servicio al cliente viviendo \u201cThe AVNA Way\u201d. Cada d\u00eda.<\/p>\n\n\n\n<p><a href=\"https:\/\/avna.com\/es\/contact-us\/\">Cont\u00e1ctenos<\/a> o programe una cita en nuestros <a href=\"https:\/\/avna.com\/es\/design-support-and-development\/nextech-labs\/\">Laboratorios NexTech<\/a> y descubra c\u00f3mo nuestra colaboraci\u00f3n centrada en el cliente mejorar\u00e1 los resultados en su pr\u00f3ximo proyecto.<\/p>\n<\/div><\/div>\n<\/div><\/section>\n","protected":false},"excerpt":{"rendered":"","protected":false},"author":1,"featured_media":6820,"parent":6931,"menu_order":16,"comment_status":"closed","ping_status":"closed","template":"","meta":{"_acf_changed":false,"_yoast_wpseo_title":"Certificaciones de fabricaci\u00f3n de dispositivos m\u00e9dicos | %%sitename%%","_yoast_wpseo_metadesc":"Calidad superior y cumplimiento que brinda total tranquilidad: conozca las certificaciones y registros de fabricaci\u00f3n de dispositivos m\u00e9dicos deAVNA .","_metasync_otto_title":"","_metasync_otto_description":"","rank_math_title":"","rank_math_description":"","footnotes":""},"class_list":["post-6937","page","type-page","status-publish","has-post-thumbnail","hentry"],"acf":[],"yoast_head":"<!-- This site is optimized with the Yoast SEO Premium plugin v20.12 (Yoast SEO v25.4) - https:\/\/yoast.com\/wordpress\/plugins\/seo\/ -->\n<title>Certificaciones de fabricaci\u00f3n de dispositivos m\u00e9dicos | AVNA<\/title>\n<meta name=\"description\" content=\"Calidad superior y cumplimiento que brinda total tranquilidad: conozca las certificaciones y registros de fabricaci\u00f3n de dispositivos m\u00e9dicos deAVNA .\" \/>\n<meta name=\"robots\" content=\"index, follow, max-snippet:-1, max-image-preview:large, max-video-preview:-1\" \/>\n<link rel=\"canonical\" href=\"https:\/\/avna.com\/es\/quality\/certifications-standards\/\" \/>\n<meta property=\"og:locale\" content=\"es_ES\" \/>\n<meta property=\"og:type\" content=\"article\" \/>\n<meta property=\"og:title\" content=\"Certificaciones y Est\u00e1ndares\" \/>\n<meta property=\"og:description\" content=\"Calidad superior y cumplimiento que brinda total tranquilidad: conozca las certificaciones y registros de fabricaci\u00f3n de dispositivos m\u00e9dicos deAVNA .\" \/>\n<meta property=\"og:url\" content=\"https:\/\/avna.com\/es\/quality\/certifications-standards\/\" \/>\n<meta property=\"og:site_name\" content=\"AVNA\" \/>\n<meta property=\"article:modified_time\" content=\"2022-09-01T14:59:34+00:00\" \/>\n<meta property=\"og:image\" content=\"https:\/\/avna.com\/wp-content\/uploads\/2018\/12\/Blue-Background-Treatment9.jpg\" \/>\n\t<meta property=\"og:image:width\" content=\"3000\" \/>\n\t<meta property=\"og:image:height\" content=\"1080\" \/>\n\t<meta property=\"og:image:type\" content=\"image\/jpeg\" \/>\n<meta name=\"twitter:card\" content=\"summary_large_image\" \/>\n<meta name=\"twitter:label1\" content=\"Tiempo de lectura\" \/>\n\t<meta name=\"twitter:data1\" content=\"2 minutos\" \/>\n<script type=\"application\/ld+json\" class=\"yoast-schema-graph\">{\"@context\":\"https:\/\/schema.org\",\"@graph\":[{\"@type\":\"WebPage\",\"@id\":\"https:\/\/avna.com\/es\/quality\/certifications-standards\/\",\"url\":\"https:\/\/avna.com\/es\/quality\/certifications-standards\/\",\"name\":\"Certificaciones de fabricaci\u00f3n de dispositivos m\u00e9dicos | AVNA\",\"isPartOf\":{\"@id\":\"https:\/\/avna.com\/es\/#website\"},\"primaryImageOfPage\":{\"@id\":\"https:\/\/avna.com\/es\/quality\/certifications-standards\/#primaryimage\"},\"image\":{\"@id\":\"https:\/\/avna.com\/es\/quality\/certifications-standards\/#primaryimage\"},\"thumbnailUrl\":\"https:\/\/avna.com\/wp-content\/uploads\/2018\/12\/Blue-Background-Treatment9.jpg\",\"datePublished\":\"2018-12-13T20:12:17+00:00\",\"dateModified\":\"2022-09-01T14:59:34+00:00\",\"description\":\"Calidad superior y cumplimiento que brinda total tranquilidad: conozca las certificaciones y registros de fabricaci\u00f3n de dispositivos m\u00e9dicos deAVNA .\",\"breadcrumb\":{\"@id\":\"https:\/\/avna.com\/es\/quality\/certifications-standards\/#breadcrumb\"},\"inLanguage\":\"es\",\"potentialAction\":[{\"@type\":\"ReadAction\",\"target\":[\"https:\/\/avna.com\/es\/quality\/certifications-standards\/\"]}]},{\"@type\":\"ImageObject\",\"inLanguage\":\"es\",\"@id\":\"https:\/\/avna.com\/es\/quality\/certifications-standards\/#primaryimage\",\"url\":\"https:\/\/avna.com\/wp-content\/uploads\/2018\/12\/Blue-Background-Treatment9.jpg\",\"contentUrl\":\"https:\/\/avna.com\/wp-content\/uploads\/2018\/12\/Blue-Background-Treatment9.jpg\",\"width\":3000,\"height\":1080},{\"@type\":\"BreadcrumbList\",\"@id\":\"https:\/\/avna.com\/es\/quality\/certifications-standards\/#breadcrumb\",\"itemListElement\":[{\"@type\":\"ListItem\",\"position\":1,\"name\":\"Home\",\"item\":\"https:\/\/avna.com\/es\/\"},{\"@type\":\"ListItem\",\"position\":2,\"name\":\"Calidad\",\"item\":\"https:\/\/avna.com\/es\/quality\/\"},{\"@type\":\"ListItem\",\"position\":3,\"name\":\"Certificaciones y Est\u00e1ndares\"}]},{\"@type\":\"WebSite\",\"@id\":\"https:\/\/avna.com\/es\/#website\",\"url\":\"https:\/\/avna.com\/es\/\",\"name\":\"AVNA\",\"description\":\"Innovation Partners for Life\",\"publisher\":{\"@id\":\"https:\/\/avna.com\/es\/#organization\"},\"potentialAction\":[{\"@type\":\"SearchAction\",\"target\":{\"@type\":\"EntryPoint\",\"urlTemplate\":\"https:\/\/avna.com\/es\/?s={search_term_string}\"},\"query-input\":{\"@type\":\"PropertyValueSpecification\",\"valueRequired\":true,\"valueName\":\"search_term_string\"}}],\"inLanguage\":\"es\"},{\"@type\":\"Organization\",\"@id\":\"https:\/\/avna.com\/es\/#organization\",\"name\":\"AVNA\",\"url\":\"https:\/\/avna.com\/es\/\",\"logo\":{\"@type\":\"ImageObject\",\"inLanguage\":\"es\",\"@id\":\"https:\/\/avna.com\/es\/#\/schema\/logo\/image\/\",\"url\":\"https:\/\/avna.com\/wp-content\/uploads\/2023\/12\/logo-0.png\",\"contentUrl\":\"https:\/\/avna.com\/wp-content\/uploads\/2023\/12\/logo-0.png\",\"width\":387,\"height\":275,\"caption\":\"AVNA\"},\"image\":{\"@id\":\"https:\/\/avna.com\/es\/#\/schema\/logo\/image\/\"}}]}<\/script>\n<!-- \/ Yoast SEO Premium plugin. -->","yoast_head_json":{"title":"Certificaciones de fabricaci\u00f3n de dispositivos m\u00e9dicos | AVNA","description":"Calidad superior y cumplimiento que brinda total tranquilidad: conozca las certificaciones y registros de fabricaci\u00f3n de dispositivos m\u00e9dicos deAVNA .","robots":{"index":"index","follow":"follow","max-snippet":"max-snippet:-1","max-image-preview":"max-image-preview:large","max-video-preview":"max-video-preview:-1"},"canonical":"https:\/\/avna.com\/es\/quality\/certifications-standards\/","og_locale":"es_ES","og_type":"article","og_title":"Certificaciones y Est\u00e1ndares","og_description":"Calidad superior y cumplimiento que brinda total tranquilidad: conozca las certificaciones y registros de fabricaci\u00f3n de dispositivos m\u00e9dicos deAVNA .","og_url":"https:\/\/avna.com\/es\/quality\/certifications-standards\/","og_site_name":"AVNA","article_modified_time":"2022-09-01T14:59:34+00:00","og_image":[{"width":3000,"height":1080,"url":"https:\/\/avna.com\/wp-content\/uploads\/2018\/12\/Blue-Background-Treatment9.jpg","type":"image\/jpeg"}],"twitter_card":"summary_large_image","twitter_misc":{"Tiempo de lectura":"2 minutos"},"schema":{"@context":"https:\/\/schema.org","@graph":[{"@type":"WebPage","@id":"https:\/\/avna.com\/es\/quality\/certifications-standards\/","url":"https:\/\/avna.com\/es\/quality\/certifications-standards\/","name":"Certificaciones de fabricaci\u00f3n de dispositivos m\u00e9dicos | AVNA","isPartOf":{"@id":"https:\/\/avna.com\/es\/#website"},"primaryImageOfPage":{"@id":"https:\/\/avna.com\/es\/quality\/certifications-standards\/#primaryimage"},"image":{"@id":"https:\/\/avna.com\/es\/quality\/certifications-standards\/#primaryimage"},"thumbnailUrl":"https:\/\/avna.com\/wp-content\/uploads\/2018\/12\/Blue-Background-Treatment9.jpg","datePublished":"2018-12-13T20:12:17+00:00","dateModified":"2022-09-01T14:59:34+00:00","description":"Calidad superior y cumplimiento que brinda total tranquilidad: conozca las certificaciones y registros de fabricaci\u00f3n de dispositivos m\u00e9dicos deAVNA .","breadcrumb":{"@id":"https:\/\/avna.com\/es\/quality\/certifications-standards\/#breadcrumb"},"inLanguage":"es","potentialAction":[{"@type":"ReadAction","target":["https:\/\/avna.com\/es\/quality\/certifications-standards\/"]}]},{"@type":"ImageObject","inLanguage":"es","@id":"https:\/\/avna.com\/es\/quality\/certifications-standards\/#primaryimage","url":"https:\/\/avna.com\/wp-content\/uploads\/2018\/12\/Blue-Background-Treatment9.jpg","contentUrl":"https:\/\/avna.com\/wp-content\/uploads\/2018\/12\/Blue-Background-Treatment9.jpg","width":3000,"height":1080},{"@type":"BreadcrumbList","@id":"https:\/\/avna.com\/es\/quality\/certifications-standards\/#breadcrumb","itemListElement":[{"@type":"ListItem","position":1,"name":"Home","item":"https:\/\/avna.com\/es\/"},{"@type":"ListItem","position":2,"name":"Calidad","item":"https:\/\/avna.com\/es\/quality\/"},{"@type":"ListItem","position":3,"name":"Certificaciones y Est\u00e1ndares"}]},{"@type":"WebSite","@id":"https:\/\/avna.com\/es\/#website","url":"https:\/\/avna.com\/es\/","name":"AVNA","description":"Innovation Partners for Life","publisher":{"@id":"https:\/\/avna.com\/es\/#organization"},"potentialAction":[{"@type":"SearchAction","target":{"@type":"EntryPoint","urlTemplate":"https:\/\/avna.com\/es\/?s={search_term_string}"},"query-input":{"@type":"PropertyValueSpecification","valueRequired":true,"valueName":"search_term_string"}}],"inLanguage":"es"},{"@type":"Organization","@id":"https:\/\/avna.com\/es\/#organization","name":"AVNA","url":"https:\/\/avna.com\/es\/","logo":{"@type":"ImageObject","inLanguage":"es","@id":"https:\/\/avna.com\/es\/#\/schema\/logo\/image\/","url":"https:\/\/avna.com\/wp-content\/uploads\/2023\/12\/logo-0.png","contentUrl":"https:\/\/avna.com\/wp-content\/uploads\/2023\/12\/logo-0.png","width":387,"height":275,"caption":"AVNA"},"image":{"@id":"https:\/\/avna.com\/es\/#\/schema\/logo\/image\/"}}]}},"_links":{"self":[{"href":"https:\/\/avna.com\/es\/wp-json\/wp\/v2\/pages\/6937","targetHints":{"allow":["GET"]}}],"collection":[{"href":"https:\/\/avna.com\/es\/wp-json\/wp\/v2\/pages"}],"about":[{"href":"https:\/\/avna.com\/es\/wp-json\/wp\/v2\/types\/page"}],"author":[{"embeddable":true,"href":"https:\/\/avna.com\/es\/wp-json\/wp\/v2\/users\/1"}],"replies":[{"embeddable":true,"href":"https:\/\/avna.com\/es\/wp-json\/wp\/v2\/comments?post=6937"}],"version-history":[{"count":11,"href":"https:\/\/avna.com\/es\/wp-json\/wp\/v2\/pages\/6937\/revisions"}],"predecessor-version":[{"id":12327,"href":"https:\/\/avna.com\/es\/wp-json\/wp\/v2\/pages\/6937\/revisions\/12327"}],"up":[{"embeddable":true,"href":"https:\/\/avna.com\/es\/wp-json\/wp\/v2\/pages\/6931"}],"wp:featuredmedia":[{"embeddable":true,"href":"https:\/\/avna.com\/es\/wp-json\/wp\/v2\/media\/6820"}],"wp:attachment":[{"href":"https:\/\/avna.com\/es\/wp-json\/wp\/v2\/media?parent=6937"}],"curies":[{"name":"wp","href":"https:\/\/api.w.org\/{rel}","templated":true}]}}