{"id":6931,"date":"2018-12-13T20:12:17","date_gmt":"2018-12-13T20:12:17","guid":{"rendered":"https:\/\/avna.com\/quality\/"},"modified":"2024-10-04T16:55:08","modified_gmt":"2024-10-04T20:55:08","slug":"quality","status":"publish","type":"page","link":"https:\/\/avna.com\/es\/quality\/","title":{"rendered":"Calidad"},"content":{"rendered":"\n\n<section class=\"header-block\"><figure class=\"bg\" style=\"background-image: url(https:\/\/avna.com\/wp-content\/uploads\/2018\/12\/Blue-Background-Treatment4.jpg); \"><\/figure><div class=\"section-wrapper\"><div class=\"text-wrapper\"><div class=\"text-background\"><\/div><div class=\"header-image \" style=\"background-image: url(https:\/\/avna.com\/wp-content\/uploads\/2023\/12\/avna-quality.png);\"><\/div><div class=\"header-text\"><h1>Hacer las cosas bien<\/h1>\n<h2>Enfocados en la Calidad<\/h2>\n<p><strong>EnAVNA,  la calidad impulsa todo lo que hacemos. Garantizar la precisi\u00f3n y el cumplimiento de nuestros dispositivos m\u00e9dicos y componentes es nuestra capacidad m\u00e1s cr\u00edtica.<\/strong><\/p>\n<p>AVNA  desarrolla planes de inspecci\u00f3n de calidad personalizados para cada componente y ensamblaje que producimos. Nuestros controles son tan espec\u00edficos y \u00fanicos como la parte en s\u00ed, con monitoreo, prueba y grabaci\u00f3n integrados. Cada persona en AVNA es responsable de la calidad, y facultamos a todo nuestro equipo de producci\u00f3n para entregar los componentes de precisi\u00f3n que mejoran la salud y la vida de sus clientes.<\/p>\n<\/div><\/div><\/div><\/section>\n\n\n<section class=\"wp-block-smart-section-section white-background\"><div class=\"section-wrapper\">\n<h2 class=\"has-text-align-center wp-block-heading\" id=\"mce_19\">Excelencia que lo ayuda a mejorar la salud y la vida de sus clientes.<\/h2>\n\n\n\n<p>En AVNA,  nuestra colaboraci\u00f3n centrada en el cliente garantiza que el nivel m\u00e1s alto de calidad del producto se entregue a tiempo. Como uno de los fabricantes de componentes de dispositivos m\u00e9dicos m\u00e1s respetados de la industria, nuestro proceso de calidad y cumplimiento es riguroso y cumple con una variedad de <a href=\"https:\/\/avna.com\/es\/quality\/certifications-standards\/\">est\u00e1ndares de calidad<\/a> y requisitos espec\u00edficos del cliente.<\/p>\n<\/div><\/section>\n\n\n\n<section class=\"wp-block-smart-section-section\"><div class=\"section-wrapper\">\n<div class=\"wp-block-columns has-2-columns okay-2col-table is-layout-flex wp-container-core-columns-is-layout-9d6595d7 wp-block-columns-is-layout-flex\">\n<div class=\"wp-block-column okay-2col-left is-layout-flow wp-block-column-is-layout-flow\">\n<p>Mantenemos un equipo de <a href=\"https:\/\/avna.com\/es\/capabilities\/engineering\/\">ingenieros<\/a> de calidad altamente calificados que se especializan en el desarrollo de productos y procesos de fabricaci\u00f3n. A lo largo del ciclo de desarrollo, desarrollamos y ejecutamos protocolos de validaci\u00f3n utilizando equipos multifuncionales para establecer procesos robustos que garanticen la fabricaci\u00f3n estable de componentes de dispositivos m\u00e9dicos. En apoyo de todo esto, empleamos:<\/p>\n\n\n\n<ul class=\"wp-block-list\">\n<li>Sistemas\nde inspecci\u00f3n \u00f3ptica<\/li>\n\n\n\n<li>Escaneo\nde CMM de sonda t\u00e1ctil<\/li>\n\n\n\n<li>Pruebas\nmec\u00e1nicas: incluyendo pruebas de dureza, tensi\u00f3n y compresi\u00f3n.<\/li>\n\n\n\n<li>Recopilaci\u00f3n\nautomatizada de datos con an\u00e1lisis en tiempo real &#8220;SPC&#8221;<\/li>\n\n\n\n<li>Sistema\nERP completamente funcional: para proporcionar a todo el equipo de producci\u00f3n\nacceso directo a todas las especificaciones del producto y los detalles del\npedido en planta.<\/li>\n\n\n\n<li>Identificaci\u00f3n\nelectr\u00f3nica y trazabilidad de materiales.<\/li>\n\n\n\n<li>Planificaci\u00f3n\nAvanzada de la Calidad del producto<\/li>\n<\/ul>\n\n\n\n<h2 class=\"wp-block-heading\" id=\"mce_10\">Pol\u00edtica de calidad.<\/h2>\n\n\n\n<p class=\"blue-text\" style=\"font-size:21px\">Es nuestra misi\u00f3n procurar los resultados de la m\u00e1s alta calidad que impactan positivamente a nuestros clientes, nuestros empleados y la comunidad.<\/p>\n<\/div>\n\n\n\n<div class=\"wp-block-column okay-2col-right is-layout-flow wp-block-column-is-layout-flow\">\n<figure class=\"wp-block-image padding-bottom\"><img decoding=\"async\" width=\"641\" height=\"336\" src=\"https:\/\/avna.com\/wp-content\/uploads\/2019\/02\/282A5609_inga_edited2.jpg\" alt=\"\" class=\"wp-image-3146\" srcset=\"https:\/\/avna.com\/wp-content\/uploads\/2019\/02\/282A5609_inga_edited2.jpg 641w, https:\/\/avna.com\/wp-content\/uploads\/2019\/02\/282A5609_inga_edited2-300x157.jpg 300w, https:\/\/avna.com\/wp-content\/uploads\/2019\/02\/282A5609_inga_edited2-100x52.jpg 100w, https:\/\/avna.com\/wp-content\/uploads\/2019\/02\/282A5609_inga_edited2-200x105.jpg 200w, https:\/\/avna.com\/wp-content\/uploads\/2019\/02\/282A5609_inga_edited2-400x210.jpg 400w, https:\/\/avna.com\/wp-content\/uploads\/2019\/02\/282A5609_inga_edited2-600x315.jpg 600w\" sizes=\"(max-width: 641px) 100vw, 641px\" \/><\/figure>\n\n\n\n<section class=\"wp-block-smart-section-section blue-certs\"><div class=\"section-wrapper\">\n<h4 class=\"wp-block-heading\" id=\"mce_20\">Nuestras certificaciones y registros de fabricaci\u00f3n de dispositivos m\u00e9dicos incluyen:<\/h4>\n\n\n\n<ul class=\"wp-block-list\">\n<li><a href=\"https:\/\/avna.com\/wp-content\/uploads\/2024\/10\/AVNA-FM-597099-Exp-10-2-2027.pdf\" target=\"_blank\" rel=\"noreferrer noopener\">Operaciones en los Estados Unidos: ISO 13485: 2016<\/a><a href=\"https:\/\/avna.com\/wp-content\/uploads\/2024\/10\/FM-597099-Exp-10-2-2027.pdf\" target=\"_blank\" rel=\"noreferrer noopener\"> <\/a>(ver PDF)<\/li>\n\n\n\n<li><a href=\"https:\/\/avna.com\/wp-content\/uploads\/2025\/05\/ISO13485-Certificate-AVNA-Costa-Rica-2025.pdf\">Operaciones en Costa Rica: ISO 13485: 2016<\/a> (ver PDF)<\/li>\n<\/ul>\n<\/div><\/section>\n<\/div>\n<\/div>\n\n\n\n<div class=\"wp-block-media-text alignwide has-media-on-the-right is-stacked-on-mobile callout-image cta-it\"><div class=\"wp-block-media-text__content\">\n<h3 class=\"wp-block-heading\">Un equipo dedicado que es <em>Part&nbsp;of&nbsp;Something&nbsp;Greater<\/em><\/h3>\n\n\n\n<p class=\"has-regular-font-size\">Todo nuestro equipo est\u00e1 totalmente dedicado a entregar un servicio de calidad, y es responsable de ello al 100%. Capacitamos a cada empleado para garantizar que se mantenga el cumplimiento, la precisi\u00f3n y la excelencia en cada paso de los procesos de desarrollo y producci\u00f3n. Mantenemos una variedad de certificaciones ISO y el equipo de AVNA se dedica a superar sus expectativas.<\/p>\n\n\n\n<p><a href=\"https:\/\/avna.com\/es\/contact-us\/\">Cont\u00e1ctenos<\/a> o programe una cita en nuestros <a href=\"https:\/\/avna.com\/es\/design-support-and-development\/nextech-labs\/\">Laboratorios NexTech<\/a> y descubra c\u00f3mo nuestra colaboraci\u00f3n centrada en el cliente mejorar\u00e1 los resultados en su pr\u00f3ximo proyecto.<\/p>\n<\/div><figure class=\"wp-block-media-text__media\"><img decoding=\"async\" width=\"800\" height=\"659\" src=\"https:\/\/avna.com\/wp-content\/uploads\/2019\/09\/okay-cr-19_800x659.jpg\" alt=\"\" class=\"wp-image-5434 size-full\" srcset=\"https:\/\/avna.com\/wp-content\/uploads\/2019\/09\/okay-cr-19_800x659.jpg 800w, https:\/\/avna.com\/wp-content\/uploads\/2019\/09\/okay-cr-19_800x659-300x247.jpg 300w, https:\/\/avna.com\/wp-content\/uploads\/2019\/09\/okay-cr-19_800x659-768x633.jpg 768w, https:\/\/avna.com\/wp-content\/uploads\/2019\/09\/okay-cr-19_800x659-100x82.jpg 100w, https:\/\/avna.com\/wp-content\/uploads\/2019\/09\/okay-cr-19_800x659-200x165.jpg 200w, https:\/\/avna.com\/wp-content\/uploads\/2019\/09\/okay-cr-19_800x659-400x330.jpg 400w, https:\/\/avna.com\/wp-content\/uploads\/2019\/09\/okay-cr-19_800x659-600x494.jpg 600w\" sizes=\"(max-width: 800px) 100vw, 800px\" \/><\/figure><\/div>\n<\/div><\/section>\n","protected":false},"excerpt":{"rendered":"","protected":false},"author":1,"featured_media":6634,"parent":0,"menu_order":5,"comment_status":"closed","ping_status":"closed","template":"","meta":{"_acf_changed":false,"_yoast_wpseo_title":"Calidad en la manufactura de precisi\u00f3n de dispositivos m\u00e9dicos | %%sitename%%","_yoast_wpseo_metadesc":"La calidad impulsa todo lo que hacemos: conozca la excelencia en el proceso de manufactura de precisi\u00f3n de nuestros dispositivos m\u00e9dicos y las tecnolog\u00edas de control de calidad m\u00e1s avanzadas.","_metasync_otto_title":"","_metasync_otto_description":"","rank_math_title":"","rank_math_description":"","footnotes":""},"class_list":["post-6931","page","type-page","status-publish","has-post-thumbnail","hentry"],"acf":[],"yoast_head":"<!-- This site is optimized with the Yoast SEO Premium plugin v20.12 (Yoast SEO v25.4) - https:\/\/yoast.com\/wordpress\/plugins\/seo\/ -->\n<title>Calidad en la manufactura de precisi\u00f3n de dispositivos m\u00e9dicos | AVNA<\/title>\n<meta name=\"description\" content=\"La calidad impulsa todo lo que hacemos: conozca la excelencia en el proceso de manufactura de precisi\u00f3n de nuestros dispositivos m\u00e9dicos y las tecnolog\u00edas de control de calidad m\u00e1s avanzadas.\" \/>\n<meta name=\"robots\" content=\"index, follow, max-snippet:-1, max-image-preview:large, max-video-preview:-1\" \/>\n<link rel=\"canonical\" href=\"https:\/\/avna.com\/es\/quality\/\" \/>\n<meta property=\"og:locale\" content=\"es_ES\" \/>\n<meta property=\"og:type\" content=\"article\" \/>\n<meta property=\"og:title\" content=\"Calidad\" \/>\n<meta property=\"og:description\" content=\"La calidad impulsa todo lo que hacemos: conozca la excelencia en el proceso de manufactura de precisi\u00f3n de nuestros dispositivos m\u00e9dicos y las tecnolog\u00edas de control de calidad m\u00e1s avanzadas.\" \/>\n<meta property=\"og:url\" content=\"https:\/\/avna.com\/es\/quality\/\" \/>\n<meta property=\"og:site_name\" content=\"AVNA\" \/>\n<meta property=\"article:modified_time\" content=\"2024-10-04T20:55:08+00:00\" \/>\n<meta property=\"og:image\" content=\"https:\/\/avna.com\/wp-content\/uploads\/2018\/12\/Blue-Background-Treatment4.jpg\" \/>\n\t<meta property=\"og:image:width\" content=\"3000\" \/>\n\t<meta property=\"og:image:height\" content=\"1080\" \/>\n\t<meta property=\"og:image:type\" content=\"image\/jpeg\" \/>\n<meta name=\"twitter:card\" content=\"summary_large_image\" \/>\n<meta name=\"twitter:label1\" content=\"Tiempo de lectura\" \/>\n\t<meta name=\"twitter:data1\" content=\"2 minutos\" \/>\n<script type=\"application\/ld+json\" class=\"yoast-schema-graph\">{\"@context\":\"https:\/\/schema.org\",\"@graph\":[{\"@type\":\"WebPage\",\"@id\":\"https:\/\/avna.com\/es\/quality\/\",\"url\":\"https:\/\/avna.com\/es\/quality\/\",\"name\":\"Calidad en la manufactura de precisi\u00f3n de dispositivos m\u00e9dicos | AVNA\",\"isPartOf\":{\"@id\":\"https:\/\/avna.com\/es\/#website\"},\"primaryImageOfPage\":{\"@id\":\"https:\/\/avna.com\/es\/quality\/#primaryimage\"},\"image\":{\"@id\":\"https:\/\/avna.com\/es\/quality\/#primaryimage\"},\"thumbnailUrl\":\"https:\/\/avna.com\/wp-content\/uploads\/2018\/12\/Blue-Background-Treatment4.jpg\",\"datePublished\":\"2018-12-13T20:12:17+00:00\",\"dateModified\":\"2024-10-04T20:55:08+00:00\",\"description\":\"La calidad impulsa todo lo que hacemos: conozca la excelencia en el proceso de manufactura de precisi\u00f3n de nuestros dispositivos m\u00e9dicos y las tecnolog\u00edas de control de calidad m\u00e1s avanzadas.\",\"breadcrumb\":{\"@id\":\"https:\/\/avna.com\/es\/quality\/#breadcrumb\"},\"inLanguage\":\"es\",\"potentialAction\":[{\"@type\":\"ReadAction\",\"target\":[\"https:\/\/avna.com\/es\/quality\/\"]}]},{\"@type\":\"ImageObject\",\"inLanguage\":\"es\",\"@id\":\"https:\/\/avna.com\/es\/quality\/#primaryimage\",\"url\":\"https:\/\/avna.com\/wp-content\/uploads\/2018\/12\/Blue-Background-Treatment4.jpg\",\"contentUrl\":\"https:\/\/avna.com\/wp-content\/uploads\/2018\/12\/Blue-Background-Treatment4.jpg\",\"width\":3000,\"height\":1080},{\"@type\":\"BreadcrumbList\",\"@id\":\"https:\/\/avna.com\/es\/quality\/#breadcrumb\",\"itemListElement\":[{\"@type\":\"ListItem\",\"position\":1,\"name\":\"Home\",\"item\":\"https:\/\/avna.com\/es\/\"},{\"@type\":\"ListItem\",\"position\":2,\"name\":\"Calidad\"}]},{\"@type\":\"WebSite\",\"@id\":\"https:\/\/avna.com\/es\/#website\",\"url\":\"https:\/\/avna.com\/es\/\",\"name\":\"AVNA\",\"description\":\"Innovation Partners for Life\",\"publisher\":{\"@id\":\"https:\/\/avna.com\/es\/#organization\"},\"potentialAction\":[{\"@type\":\"SearchAction\",\"target\":{\"@type\":\"EntryPoint\",\"urlTemplate\":\"https:\/\/avna.com\/es\/?s={search_term_string}\"},\"query-input\":{\"@type\":\"PropertyValueSpecification\",\"valueRequired\":true,\"valueName\":\"search_term_string\"}}],\"inLanguage\":\"es\"},{\"@type\":\"Organization\",\"@id\":\"https:\/\/avna.com\/es\/#organization\",\"name\":\"AVNA\",\"url\":\"https:\/\/avna.com\/es\/\",\"logo\":{\"@type\":\"ImageObject\",\"inLanguage\":\"es\",\"@id\":\"https:\/\/avna.com\/es\/#\/schema\/logo\/image\/\",\"url\":\"https:\/\/avna.com\/wp-content\/uploads\/2023\/12\/logo-0.png\",\"contentUrl\":\"https:\/\/avna.com\/wp-content\/uploads\/2023\/12\/logo-0.png\",\"width\":387,\"height\":275,\"caption\":\"AVNA\"},\"image\":{\"@id\":\"https:\/\/avna.com\/es\/#\/schema\/logo\/image\/\"}}]}<\/script>\n<!-- \/ Yoast SEO Premium plugin. -->","yoast_head_json":{"title":"Calidad en la manufactura de precisi\u00f3n de dispositivos m\u00e9dicos | AVNA","description":"La calidad impulsa todo lo que hacemos: conozca la excelencia en el proceso de manufactura de precisi\u00f3n de nuestros dispositivos m\u00e9dicos y las tecnolog\u00edas de control de calidad m\u00e1s avanzadas.","robots":{"index":"index","follow":"follow","max-snippet":"max-snippet:-1","max-image-preview":"max-image-preview:large","max-video-preview":"max-video-preview:-1"},"canonical":"https:\/\/avna.com\/es\/quality\/","og_locale":"es_ES","og_type":"article","og_title":"Calidad","og_description":"La calidad impulsa todo lo que hacemos: conozca la excelencia en el proceso de manufactura de precisi\u00f3n de nuestros dispositivos m\u00e9dicos y las tecnolog\u00edas de control de calidad m\u00e1s avanzadas.","og_url":"https:\/\/avna.com\/es\/quality\/","og_site_name":"AVNA","article_modified_time":"2024-10-04T20:55:08+00:00","og_image":[{"width":3000,"height":1080,"url":"https:\/\/avna.com\/wp-content\/uploads\/2018\/12\/Blue-Background-Treatment4.jpg","type":"image\/jpeg"}],"twitter_card":"summary_large_image","twitter_misc":{"Tiempo de lectura":"2 minutos"},"schema":{"@context":"https:\/\/schema.org","@graph":[{"@type":"WebPage","@id":"https:\/\/avna.com\/es\/quality\/","url":"https:\/\/avna.com\/es\/quality\/","name":"Calidad en la manufactura de precisi\u00f3n de dispositivos m\u00e9dicos | AVNA","isPartOf":{"@id":"https:\/\/avna.com\/es\/#website"},"primaryImageOfPage":{"@id":"https:\/\/avna.com\/es\/quality\/#primaryimage"},"image":{"@id":"https:\/\/avna.com\/es\/quality\/#primaryimage"},"thumbnailUrl":"https:\/\/avna.com\/wp-content\/uploads\/2018\/12\/Blue-Background-Treatment4.jpg","datePublished":"2018-12-13T20:12:17+00:00","dateModified":"2024-10-04T20:55:08+00:00","description":"La calidad impulsa todo lo que hacemos: conozca la excelencia en el proceso de manufactura de precisi\u00f3n de nuestros dispositivos m\u00e9dicos y las tecnolog\u00edas de control de calidad m\u00e1s avanzadas.","breadcrumb":{"@id":"https:\/\/avna.com\/es\/quality\/#breadcrumb"},"inLanguage":"es","potentialAction":[{"@type":"ReadAction","target":["https:\/\/avna.com\/es\/quality\/"]}]},{"@type":"ImageObject","inLanguage":"es","@id":"https:\/\/avna.com\/es\/quality\/#primaryimage","url":"https:\/\/avna.com\/wp-content\/uploads\/2018\/12\/Blue-Background-Treatment4.jpg","contentUrl":"https:\/\/avna.com\/wp-content\/uploads\/2018\/12\/Blue-Background-Treatment4.jpg","width":3000,"height":1080},{"@type":"BreadcrumbList","@id":"https:\/\/avna.com\/es\/quality\/#breadcrumb","itemListElement":[{"@type":"ListItem","position":1,"name":"Home","item":"https:\/\/avna.com\/es\/"},{"@type":"ListItem","position":2,"name":"Calidad"}]},{"@type":"WebSite","@id":"https:\/\/avna.com\/es\/#website","url":"https:\/\/avna.com\/es\/","name":"AVNA","description":"Innovation Partners for Life","publisher":{"@id":"https:\/\/avna.com\/es\/#organization"},"potentialAction":[{"@type":"SearchAction","target":{"@type":"EntryPoint","urlTemplate":"https:\/\/avna.com\/es\/?s={search_term_string}"},"query-input":{"@type":"PropertyValueSpecification","valueRequired":true,"valueName":"search_term_string"}}],"inLanguage":"es"},{"@type":"Organization","@id":"https:\/\/avna.com\/es\/#organization","name":"AVNA","url":"https:\/\/avna.com\/es\/","logo":{"@type":"ImageObject","inLanguage":"es","@id":"https:\/\/avna.com\/es\/#\/schema\/logo\/image\/","url":"https:\/\/avna.com\/wp-content\/uploads\/2023\/12\/logo-0.png","contentUrl":"https:\/\/avna.com\/wp-content\/uploads\/2023\/12\/logo-0.png","width":387,"height":275,"caption":"AVNA"},"image":{"@id":"https:\/\/avna.com\/es\/#\/schema\/logo\/image\/"}}]}},"_links":{"self":[{"href":"https:\/\/avna.com\/es\/wp-json\/wp\/v2\/pages\/6931","targetHints":{"allow":["GET"]}}],"collection":[{"href":"https:\/\/avna.com\/es\/wp-json\/wp\/v2\/pages"}],"about":[{"href":"https:\/\/avna.com\/es\/wp-json\/wp\/v2\/types\/page"}],"author":[{"embeddable":true,"href":"https:\/\/avna.com\/es\/wp-json\/wp\/v2\/users\/1"}],"replies":[{"embeddable":true,"href":"https:\/\/avna.com\/es\/wp-json\/wp\/v2\/comments?post=6931"}],"version-history":[{"count":12,"href":"https:\/\/avna.com\/es\/wp-json\/wp\/v2\/pages\/6931\/revisions"}],"predecessor-version":[{"id":11905,"href":"https:\/\/avna.com\/es\/wp-json\/wp\/v2\/pages\/6931\/revisions\/11905"}],"wp:featuredmedia":[{"embeddable":true,"href":"https:\/\/avna.com\/es\/wp-json\/wp\/v2\/media\/6634"}],"wp:attachment":[{"href":"https:\/\/avna.com\/es\/wp-json\/wp\/v2\/media?parent=6931"}],"curies":[{"name":"wp","href":"https:\/\/api.w.org\/{rel}","templated":true}]}}