{"id":6925,"date":"2018-12-13T20:12:17","date_gmt":"2018-12-13T20:12:17","guid":{"rendered":"https:\/\/avna.com\/technical-resources\/automotive-cold-rolled-part\/"},"modified":"2023-04-03T11:58:45","modified_gmt":"2023-04-03T15:58:45","slug":"automotive-cold-rolled-part","status":"publish","type":"page","link":"https:\/\/avna.com\/es\/technical-resources\/automotive-cold-rolled-part\/","title":{"rendered":"Automotriz -Pieza laminada en fr\u00edo"},"content":{"rendered":"\n\n<section class=\"header-block\"><figure class=\"bg\" style=\"background-image: url(https:\/\/avna.com\/wp-content\/uploads\/2018\/12\/Blue-Background-Treatment11.jpg); \"><\/figure><div class=\"section-wrapper\"><div class=\"text-wrapper\"><div class=\"text-background\"><\/div><div class=\"header-image unlock-bottom \" style=\"background-image: url(https:\/\/avna.com\/wp-content\/uploads\/2019\/01\/cold_rolled_part_x2_header_800px.png);\"><\/div><div class=\"header-text\"><h4><span style=\"color: #ffffff;\">Caso de estudio:<\/span><\/h4>\n<h1 class=\"large-h1\">Empujador rotativo conformado en fr\u00edo<\/h1>\n<p>Un Empujador rotativo (RFF por sus siglas en ingl\u00e9s) es un dispositivo que eleva y baja las v\u00e1lvulas de admisi\u00f3n y escape de un motor de \u00e1rbol de levas a la cabeza. El m\u00e9todo tradicional de fabricaci\u00f3n de RFF era una operaci\u00f3n de varios pasos que inclu\u00eda fundici\u00f3n y costosas operaciones secundarias, tales como perforaci\u00f3n, rectificado y lapeado. Es muy caro.<\/p>\n<\/div><\/div><\/div><\/section>\n\n\n<section class=\"wp-block-smart-section-section white-background\"><div class=\"section-wrapper\">\n<h2 class=\"has-text-align-center wp-block-heading\" id=\"mce_19\">\u00a1No puedo creer que sea un estampado!\u00ae<\/h2>\n\n\n\n<p>Para reducir los costos, la industria automotriz se mud\u00f3 a un RFF estampado y formado (paredes laterales plegadas), pero este dise\u00f1o ten\u00eda varias desventajas. Primero, era m\u00e1s pesado y menos r\u00edgido que la versi\u00f3n de fundici\u00f3n, lo que ten\u00eda un impacto adverso en la econom\u00eda de combustible y las emisiones. Adem\u00e1s, debido a las paredes laterales plegadas, la secci\u00f3n transversal era m\u00e1s ancha que la versi\u00f3n de fundici\u00f3n. Finalmente, estos componentes estampados tambi\u00e9n requieren un clip en el \u00e1rea del z\u00f3calo para el ensamblaje final en el motor, lo que aumenta a\u00fan m\u00e1s los costos.<\/p>\n<\/div><\/section>\n\n\n\n<section class=\"wp-block-smart-section-section\"><div class=\"section-wrapper\">\n<div class=\"wp-block-columns has-2-columns okay-2col-table is-layout-flex wp-container-core-columns-is-layout-9d6595d7 wp-block-columns-is-layout-flex\">\n<div class=\"wp-block-column okay-2col-left is-layout-flow wp-block-column-is-layout-flow\">\n<h4 class=\"wp-block-heading\" id=\"mce_19\">Colaborando con los clientes para encontrar nuevas soluciones<\/h4>\n\n\n\n<p>Hubo muchos desaf\u00edos para desarrollar un RFF como un estampado. Por ejemplo, para crear las paredes laterales de la gu\u00eda del v\u00e1stago de la v\u00e1lvula lo suficientemente largas como para que las piezas no se volcaran durante el ensamblaje, AVNA adelant\u00f3 el material extruido en una cavidad del molde. Eso produjo paredes laterales de gu\u00eda de v\u00e1lvula en forma de red que mantienen el v\u00e1stago de la v\u00e1lvula alineado durante el montaje.<\/p>\n\n\n\n<p>AVNA se asoci\u00f3 con su cliente para comprender los requisitos cr\u00edticos de la aplicaci\u00f3n y los m\u00e9todos desarrollados (y patentados conjuntamente) para fabricar un RFF estampado de menor costo que fuera m\u00e1s liviano, m\u00e1s estrecho y m\u00e1s fuerte. El m\u00e9todo de AVNA estampa y extruye un RFF con la misma configuraci\u00f3n que una pieza fundida. Las piezas est\u00e1n estampadas en forma de red, tratadas t\u00e9rmicamente y enviadas al cliente sin agregar ning\u00fan componente adicional u operaciones secundarias.<\/p>\n\n\n\n<h4 class=\"wp-block-heading\" id=\"mce_31\">Trabajando dentro de tolerancias estrictas<\/h4>\n\n\n\n<p>Otro desaf\u00edo fue mantener las tolerancias posicionales entre las caracter\u00edsticas estrechamente relacionadas, como los agujeros transversales, la plataforma y las \u00e1reas de encaje para el ajustador hidr\u00e1ulico de pesta\u00f1as (HLA). Al calificar primero las ubicaciones de la plataforma y de la cavidad al mismo tiempo, y luego usar estas caracter\u00edsticas en cada paso de alimentaci\u00f3n del troquel progresivo, los agujeros transversales son perforados en l\u00ednea con respecto a estas caracter\u00edsticas con una tolerancia posicional total de .002\u2033 (0.0508mm).<\/p>\n\n\n\n<p>Tambi\u00e9n se requer\u00eda de un orificio de .010\u2033 (0.254mm) de di\u00e1metro en la cavidad del RFF para rociar aceite en el conjunto del rodamiento de rodillos para reducir la fricci\u00f3n. Bajo los procesos de estampado convencionales, un orificio de este tama\u00f1o peque\u00f1o a trav\u00e9s de un material de .098\u2033 (2.4892mm) de espesor no es factible. El cliente propuso utilizar un equipo l\u00e1ser para producir los agujeros en una operaci\u00f3n secundaria que hubiera agregado tiempo y costo. En cambio, AVNA desarroll\u00f3 y patent\u00f3 un proceso para producir el agujero para el aceite en la matriz progresiva a un costo m\u00ednimo.<\/p>\n\n\n\n<h4 class=\"wp-block-heading\" id=\"mce_36\">Prestando atenci\u00f3n a todos los detalles<\/h4>\n\n\n\n<p>Un requisito adicional para la cavidad del RFF y las plataformas era estar libres de de material remanente y marcas superficiales u otras imperfecciones. AVNA desarroll\u00f3 un sistema de lavado en la matriz para minimizar el problema. Un sistema de visi\u00f3n en l\u00ednea instalado en la prensa tambi\u00e9n inspecciona la calidad de la superficie de las \u00e1reas de las plataformas y cavidades. Hay 18 sensores en el troquel que monitorean la expulsi\u00f3n y apilado de piezas y las caracter\u00edsticas dimensionales dentro de la pieza para garantizar el cumplimiento de los compromisos de PPM.<\/p>\n<\/div>\n\n\n\n<div class=\"wp-block-column okay-2col-right is-layout-flow wp-block-column-is-layout-flow\">\n<section class=\"wp-block-smart-section-section callout margin-none\"><div class=\"section-wrapper\">\n<div class=\"wp-block-image padding-bottom-none\"><figure class=\"aligncenter is-resized\"><a href=\"https:\/\/avna.com\/es\/design-support-and-development\/nextech-labs\/\"><img decoding=\"async\" src=\"https:\/\/avna.com\/wp-content\/uploads\/2019\/02\/nextech_labs_600x240.png\" alt=\"\" class=\"wp-image-3264\" width=\"253\" height=\"101\" srcset=\"https:\/\/avna.com\/wp-content\/uploads\/2019\/02\/nextech_labs_600x240.png 600w, https:\/\/avna.com\/wp-content\/uploads\/2019\/02\/nextech_labs_600x240-300x120.png 300w, https:\/\/avna.com\/wp-content\/uploads\/2019\/02\/nextech_labs_600x240-100x40.png 100w, https:\/\/avna.com\/wp-content\/uploads\/2019\/02\/nextech_labs_600x240-200x80.png 200w, https:\/\/avna.com\/wp-content\/uploads\/2019\/02\/nextech_labs_600x240-400x160.png 400w\" sizes=\"(max-width: 253px) 100vw, 253px\" \/><\/a><\/figure><\/div>\n\n\n\n<p class=\"has-text-align-center padding-left-right\" style=\"font-size:13px\">Equipo dedicado, personal y recursos que lo llevan al mercado m\u00e1s r\u00e1pido. <a href=\"https:\/\/avna.com\/es\/design-support-and-development\/nextech-labs\/\">Conoce m\u00e1s.<\/a><\/p>\n\n\n\n<div class=\"wp-block-image padding-left-right margin-none\"><figure class=\"aligncenter\"><a href=\"https:\/\/avna.com\/es\/design-support-and-development\/nextech-labs\/\"><img decoding=\"async\" width=\"375\" height=\"342\" src=\"https:\/\/avna.com\/wp-content\/uploads\/2019\/03\/callout-box-layered-edit-ES.png\" alt=\"\" class=\"wp-image-7116\" srcset=\"https:\/\/avna.com\/wp-content\/uploads\/2019\/03\/callout-box-layered-edit-ES.png 375w, https:\/\/avna.com\/wp-content\/uploads\/2019\/03\/callout-box-layered-edit-ES-300x274.png 300w, https:\/\/avna.com\/wp-content\/uploads\/2019\/03\/callout-box-layered-edit-ES-100x91.png 100w, https:\/\/avna.com\/wp-content\/uploads\/2019\/03\/callout-box-layered-edit-ES-200x182.png 200w\" sizes=\"(max-width: 375px) 100vw, 375px\" \/><\/a><\/figure><\/div>\n<\/div><\/section>\n\n\n\n<figure class=\"wp-block-image padding-top\"><img decoding=\"async\" width=\"1200\" height=\"800\" src=\"https:\/\/avna.com\/wp-content\/uploads\/2018\/12\/34-35_1200px.png\" alt=\"\" class=\"wp-image-332\" srcset=\"https:\/\/avna.com\/wp-content\/uploads\/2018\/12\/34-35_1200px.png 1200w, https:\/\/avna.com\/wp-content\/uploads\/2018\/12\/34-35_1200px-300x200.png 300w, https:\/\/avna.com\/wp-content\/uploads\/2018\/12\/34-35_1200px-768x512.png 768w, https:\/\/avna.com\/wp-content\/uploads\/2018\/12\/34-35_1200px-100x67.png 100w, https:\/\/avna.com\/wp-content\/uploads\/2018\/12\/34-35_1200px-200x133.png 200w, https:\/\/avna.com\/wp-content\/uploads\/2018\/12\/34-35_1200px-400x267.png 400w, https:\/\/avna.com\/wp-content\/uploads\/2018\/12\/34-35_1200px-600x400.png 600w, https:\/\/avna.com\/wp-content\/uploads\/2018\/12\/34-35_1200px-800x533.png 800w\" sizes=\"(max-width: 1200px) 100vw, 1200px\" \/><\/figure>\n<\/div>\n<\/div>\n<\/div><\/section>\n","protected":false},"excerpt":{"rendered":"","protected":false},"author":1,"featured_media":6659,"parent":6891,"menu_order":5,"comment_status":"closed","ping_status":"closed","template":"","meta":{"_acf_changed":false,"_yoast_wpseo_title":"Fabricaci\u00f3n de estampado de precisi\u00f3n de metal | %%sitename%%","_yoast_wpseo_metadesc":"AVNA desarroll\u00f3 un estampado de precisi\u00f3n de metal utilizando procesos de producci\u00f3n personalizados para reducir costos y mejorar la capacidad de fabricaci\u00f3n. Conozca m\u00e1s sobre el proyecto.","_metasync_otto_title":"","_metasync_otto_description":"","rank_math_title":"","rank_math_description":"","footnotes":""},"class_list":["post-6925","page","type-page","status-publish","has-post-thumbnail","hentry"],"acf":[],"yoast_head":"<!-- This site is optimized with the Yoast SEO Premium plugin v20.12 (Yoast SEO v25.4) - https:\/\/yoast.com\/wordpress\/plugins\/seo\/ -->\n<title>Fabricaci\u00f3n de estampado de precisi\u00f3n de metal | AVNA<\/title>\n<meta name=\"description\" content=\"AVNA desarroll\u00f3 un estampado de precisi\u00f3n de metal utilizando procesos de producci\u00f3n personalizados para reducir costos y mejorar la capacidad de fabricaci\u00f3n. Conozca m\u00e1s sobre el proyecto.\" \/>\n<meta name=\"robots\" content=\"index, follow, max-snippet:-1, max-image-preview:large, max-video-preview:-1\" \/>\n<link rel=\"canonical\" href=\"https:\/\/avna.com\/es\/technical-resources\/automotive-cold-rolled-part\/\" \/>\n<meta property=\"og:locale\" content=\"es_ES\" \/>\n<meta property=\"og:type\" content=\"article\" \/>\n<meta property=\"og:title\" content=\"Automotriz -Pieza laminada en fr\u00edo\" \/>\n<meta property=\"og:description\" content=\"AVNA desarroll\u00f3 un estampado de precisi\u00f3n de metal utilizando procesos de producci\u00f3n personalizados para reducir costos y mejorar la capacidad de fabricaci\u00f3n. Conozca m\u00e1s sobre el proyecto.\" \/>\n<meta property=\"og:url\" content=\"https:\/\/avna.com\/es\/technical-resources\/automotive-cold-rolled-part\/\" \/>\n<meta property=\"og:site_name\" content=\"AVNA\" \/>\n<meta property=\"article:modified_time\" content=\"2023-04-03T15:58:45+00:00\" \/>\n<meta property=\"og:image\" content=\"https:\/\/avna.com\/wp-content\/uploads\/2018\/12\/Blue-Background-Treatment11.jpg\" \/>\n\t<meta property=\"og:image:width\" content=\"3000\" \/>\n\t<meta property=\"og:image:height\" content=\"1080\" \/>\n\t<meta property=\"og:image:type\" content=\"image\/jpeg\" \/>\n<meta name=\"twitter:card\" content=\"summary_large_image\" \/>\n<meta name=\"twitter:label1\" content=\"Tiempo de lectura\" \/>\n\t<meta name=\"twitter:data1\" content=\"3 minutos\" \/>\n<script type=\"application\/ld+json\" class=\"yoast-schema-graph\">{\"@context\":\"https:\/\/schema.org\",\"@graph\":[{\"@type\":\"WebPage\",\"@id\":\"https:\/\/avna.com\/es\/technical-resources\/automotive-cold-rolled-part\/\",\"url\":\"https:\/\/avna.com\/es\/technical-resources\/automotive-cold-rolled-part\/\",\"name\":\"Fabricaci\u00f3n de estampado de precisi\u00f3n de metal | AVNA\",\"isPartOf\":{\"@id\":\"https:\/\/avna.com\/es\/#website\"},\"primaryImageOfPage\":{\"@id\":\"https:\/\/avna.com\/es\/technical-resources\/automotive-cold-rolled-part\/#primaryimage\"},\"image\":{\"@id\":\"https:\/\/avna.com\/es\/technical-resources\/automotive-cold-rolled-part\/#primaryimage\"},\"thumbnailUrl\":\"https:\/\/avna.com\/wp-content\/uploads\/2018\/12\/Blue-Background-Treatment11.jpg\",\"datePublished\":\"2018-12-13T20:12:17+00:00\",\"dateModified\":\"2023-04-03T15:58:45+00:00\",\"description\":\"AVNA desarroll\u00f3 un estampado de precisi\u00f3n de metal utilizando procesos de producci\u00f3n personalizados para reducir costos y mejorar la capacidad de fabricaci\u00f3n. Conozca m\u00e1s sobre el proyecto.\",\"breadcrumb\":{\"@id\":\"https:\/\/avna.com\/es\/technical-resources\/automotive-cold-rolled-part\/#breadcrumb\"},\"inLanguage\":\"es\",\"potentialAction\":[{\"@type\":\"ReadAction\",\"target\":[\"https:\/\/avna.com\/es\/technical-resources\/automotive-cold-rolled-part\/\"]}]},{\"@type\":\"ImageObject\",\"inLanguage\":\"es\",\"@id\":\"https:\/\/avna.com\/es\/technical-resources\/automotive-cold-rolled-part\/#primaryimage\",\"url\":\"https:\/\/avna.com\/wp-content\/uploads\/2018\/12\/Blue-Background-Treatment11.jpg\",\"contentUrl\":\"https:\/\/avna.com\/wp-content\/uploads\/2018\/12\/Blue-Background-Treatment11.jpg\",\"width\":3000,\"height\":1080},{\"@type\":\"BreadcrumbList\",\"@id\":\"https:\/\/avna.com\/es\/technical-resources\/automotive-cold-rolled-part\/#breadcrumb\",\"itemListElement\":[{\"@type\":\"ListItem\",\"position\":1,\"name\":\"Home\",\"item\":\"https:\/\/avna.com\/es\/\"},{\"@type\":\"ListItem\",\"position\":2,\"name\":\"Estudios de caso\",\"item\":\"https:\/\/avna.com\/es\/technical-resources\/\"},{\"@type\":\"ListItem\",\"position\":3,\"name\":\"Automotriz -Pieza laminada en fr\u00edo\"}]},{\"@type\":\"WebSite\",\"@id\":\"https:\/\/avna.com\/es\/#website\",\"url\":\"https:\/\/avna.com\/es\/\",\"name\":\"AVNA\",\"description\":\"Innovation Partners for Life\",\"publisher\":{\"@id\":\"https:\/\/avna.com\/es\/#organization\"},\"potentialAction\":[{\"@type\":\"SearchAction\",\"target\":{\"@type\":\"EntryPoint\",\"urlTemplate\":\"https:\/\/avna.com\/es\/?s={search_term_string}\"},\"query-input\":{\"@type\":\"PropertyValueSpecification\",\"valueRequired\":true,\"valueName\":\"search_term_string\"}}],\"inLanguage\":\"es\"},{\"@type\":\"Organization\",\"@id\":\"https:\/\/avna.com\/es\/#organization\",\"name\":\"AVNA\",\"url\":\"https:\/\/avna.com\/es\/\",\"logo\":{\"@type\":\"ImageObject\",\"inLanguage\":\"es\",\"@id\":\"https:\/\/avna.com\/es\/#\/schema\/logo\/image\/\",\"url\":\"https:\/\/avna.com\/wp-content\/uploads\/2023\/12\/logo-0.png\",\"contentUrl\":\"https:\/\/avna.com\/wp-content\/uploads\/2023\/12\/logo-0.png\",\"width\":387,\"height\":275,\"caption\":\"AVNA\"},\"image\":{\"@id\":\"https:\/\/avna.com\/es\/#\/schema\/logo\/image\/\"}}]}<\/script>\n<!-- \/ Yoast SEO Premium plugin. -->","yoast_head_json":{"title":"Fabricaci\u00f3n de estampado de precisi\u00f3n de metal | AVNA","description":"AVNA desarroll\u00f3 un estampado de precisi\u00f3n de metal utilizando procesos de producci\u00f3n personalizados para reducir costos y mejorar la capacidad de fabricaci\u00f3n. Conozca m\u00e1s sobre el proyecto.","robots":{"index":"index","follow":"follow","max-snippet":"max-snippet:-1","max-image-preview":"max-image-preview:large","max-video-preview":"max-video-preview:-1"},"canonical":"https:\/\/avna.com\/es\/technical-resources\/automotive-cold-rolled-part\/","og_locale":"es_ES","og_type":"article","og_title":"Automotriz -Pieza laminada en fr\u00edo","og_description":"AVNA desarroll\u00f3 un estampado de precisi\u00f3n de metal utilizando procesos de producci\u00f3n personalizados para reducir costos y mejorar la capacidad de fabricaci\u00f3n. Conozca m\u00e1s sobre el proyecto.","og_url":"https:\/\/avna.com\/es\/technical-resources\/automotive-cold-rolled-part\/","og_site_name":"AVNA","article_modified_time":"2023-04-03T15:58:45+00:00","og_image":[{"width":3000,"height":1080,"url":"https:\/\/avna.com\/wp-content\/uploads\/2018\/12\/Blue-Background-Treatment11.jpg","type":"image\/jpeg"}],"twitter_card":"summary_large_image","twitter_misc":{"Tiempo de lectura":"3 minutos"},"schema":{"@context":"https:\/\/schema.org","@graph":[{"@type":"WebPage","@id":"https:\/\/avna.com\/es\/technical-resources\/automotive-cold-rolled-part\/","url":"https:\/\/avna.com\/es\/technical-resources\/automotive-cold-rolled-part\/","name":"Fabricaci\u00f3n de estampado de precisi\u00f3n de metal | AVNA","isPartOf":{"@id":"https:\/\/avna.com\/es\/#website"},"primaryImageOfPage":{"@id":"https:\/\/avna.com\/es\/technical-resources\/automotive-cold-rolled-part\/#primaryimage"},"image":{"@id":"https:\/\/avna.com\/es\/technical-resources\/automotive-cold-rolled-part\/#primaryimage"},"thumbnailUrl":"https:\/\/avna.com\/wp-content\/uploads\/2018\/12\/Blue-Background-Treatment11.jpg","datePublished":"2018-12-13T20:12:17+00:00","dateModified":"2023-04-03T15:58:45+00:00","description":"AVNA desarroll\u00f3 un estampado de precisi\u00f3n de metal utilizando procesos de producci\u00f3n personalizados para reducir costos y mejorar la capacidad de fabricaci\u00f3n. Conozca m\u00e1s sobre el proyecto.","breadcrumb":{"@id":"https:\/\/avna.com\/es\/technical-resources\/automotive-cold-rolled-part\/#breadcrumb"},"inLanguage":"es","potentialAction":[{"@type":"ReadAction","target":["https:\/\/avna.com\/es\/technical-resources\/automotive-cold-rolled-part\/"]}]},{"@type":"ImageObject","inLanguage":"es","@id":"https:\/\/avna.com\/es\/technical-resources\/automotive-cold-rolled-part\/#primaryimage","url":"https:\/\/avna.com\/wp-content\/uploads\/2018\/12\/Blue-Background-Treatment11.jpg","contentUrl":"https:\/\/avna.com\/wp-content\/uploads\/2018\/12\/Blue-Background-Treatment11.jpg","width":3000,"height":1080},{"@type":"BreadcrumbList","@id":"https:\/\/avna.com\/es\/technical-resources\/automotive-cold-rolled-part\/#breadcrumb","itemListElement":[{"@type":"ListItem","position":1,"name":"Home","item":"https:\/\/avna.com\/es\/"},{"@type":"ListItem","position":2,"name":"Estudios de caso","item":"https:\/\/avna.com\/es\/technical-resources\/"},{"@type":"ListItem","position":3,"name":"Automotriz -Pieza laminada en fr\u00edo"}]},{"@type":"WebSite","@id":"https:\/\/avna.com\/es\/#website","url":"https:\/\/avna.com\/es\/","name":"AVNA","description":"Innovation Partners for Life","publisher":{"@id":"https:\/\/avna.com\/es\/#organization"},"potentialAction":[{"@type":"SearchAction","target":{"@type":"EntryPoint","urlTemplate":"https:\/\/avna.com\/es\/?s={search_term_string}"},"query-input":{"@type":"PropertyValueSpecification","valueRequired":true,"valueName":"search_term_string"}}],"inLanguage":"es"},{"@type":"Organization","@id":"https:\/\/avna.com\/es\/#organization","name":"AVNA","url":"https:\/\/avna.com\/es\/","logo":{"@type":"ImageObject","inLanguage":"es","@id":"https:\/\/avna.com\/es\/#\/schema\/logo\/image\/","url":"https:\/\/avna.com\/wp-content\/uploads\/2023\/12\/logo-0.png","contentUrl":"https:\/\/avna.com\/wp-content\/uploads\/2023\/12\/logo-0.png","width":387,"height":275,"caption":"AVNA"},"image":{"@id":"https:\/\/avna.com\/es\/#\/schema\/logo\/image\/"}}]}},"_links":{"self":[{"href":"https:\/\/avna.com\/es\/wp-json\/wp\/v2\/pages\/6925","targetHints":{"allow":["GET"]}}],"collection":[{"href":"https:\/\/avna.com\/es\/wp-json\/wp\/v2\/pages"}],"about":[{"href":"https:\/\/avna.com\/es\/wp-json\/wp\/v2\/types\/page"}],"author":[{"embeddable":true,"href":"https:\/\/avna.com\/es\/wp-json\/wp\/v2\/users\/1"}],"replies":[{"embeddable":true,"href":"https:\/\/avna.com\/es\/wp-json\/wp\/v2\/comments?post=6925"}],"version-history":[{"count":10,"href":"https:\/\/avna.com\/es\/wp-json\/wp\/v2\/pages\/6925\/revisions"}],"predecessor-version":[{"id":11294,"href":"https:\/\/avna.com\/es\/wp-json\/wp\/v2\/pages\/6925\/revisions\/11294"}],"up":[{"embeddable":true,"href":"https:\/\/avna.com\/es\/wp-json\/wp\/v2\/pages\/6891"}],"wp:featuredmedia":[{"embeddable":true,"href":"https:\/\/avna.com\/es\/wp-json\/wp\/v2\/media\/6659"}],"wp:attachment":[{"href":"https:\/\/avna.com\/es\/wp-json\/wp\/v2\/media?parent=6925"}],"curies":[{"name":"wp","href":"https:\/\/api.w.org\/{rel}","templated":true}]}}