{"id":6919,"date":"2018-12-13T20:12:17","date_gmt":"2018-12-13T20:12:17","guid":{"rendered":"https:\/\/avna.com\/technical-resources\/titanium-stamping-cost-savings\/"},"modified":"2021-12-03T15:13:18","modified_gmt":"2021-12-03T20:13:18","slug":"titanium-stamping-cost-savings","status":"publish","type":"page","link":"https:\/\/avna.com\/es\/technical-resources\/titanium-stamping-cost-savings\/","title":{"rendered":"Estampado de Titanio"},"content":{"rendered":"\n\n<section class=\"header-block\"><figure class=\"bg\" style=\"background-image: url(https:\/\/avna.com\/wp-content\/uploads\/2018\/12\/Blue-Background-Treatment6.jpg); \"><\/figure><div class=\"section-wrapper\"><div class=\"text-wrapper\"><div class=\"text-background\"><\/div><div class=\"header-image \" style=\"background-image: url(https:\/\/avna.com\/wp-content\/uploads\/2019\/01\/505-Staple_no_blade-1.png);\"><\/div><div class=\"header-text\"><h4><span style=\"color: #ffffff;\">Caso de estudio:<\/span><\/h4>\n<h1>Estampado de titanio<\/h1>\n<h4>Nuestro equipo de expertos colabor\u00f3 con un importante fabricante de componentes m\u00e9dicos para ofrecer una soluci\u00f3n rentable que super\u00f3 las expectativas de precisi\u00f3n y cumplimiento.<\/h4>\n<p>El tama\u00f1o peque\u00f1o de los estampados de titanio, m\u00e1s peque\u00f1o que una hoja de bistur\u00ed, demuestra las capacidades de precisi\u00f3n necesarias para que el producto sea un \u00e9xito. Nuestros expertos en ingenier\u00eda, dise\u00f1o y producci\u00f3n combinaron el pensamiento innovador con tecnolog\u00edas avanzadas para fabricar una  <em>Part of Something Greater.<\/em><\/p>\n<\/div><\/div><\/div><\/section>\n\n\n<section class=\"wp-block-smart-section-section white-background\"><div class=\"section-wrapper\">\n<h2 class=\"wp-block-heading\" style=\"text-align:center\" id=\"mce_19\">\u00a1No puedo creer que sea un estampado! <\/h2>\n\n\n\n<p>AngioLink, un proveedor de dispositivos m\u00e9dicos innovadores para el manejo del acceso vascular, buscaba penetrar en el mercado de sellado vascular en r\u00e1pido crecimiento con un nuevo producto que cerrar\u00eda r\u00e1pidamente los vasos con solo apretar un gatillo. El dispositivo inserta una grapa de titanio de 3 mm, que primero se expande para maximizar el \u00e1rea que requiere sellado, luego se cierra.<\/p>\n\n\n\n<div id=\"metaslider-id-1404\" style=\"width: 100%; margin: 0 auto;\" class=\"ml-slider-3-102-0 metaslider metaslider-flex metaslider-1404 ml-slider has-carousel-mode ml-slider-lightbox-2-12-0 firelight-lightbox-2-3-17 ms-theme-default nav-hidden\" role=\"region\" aria-label=\"Titanium Stamping\" data-height=\"200\" data-width=\"200\">\n    <div id=\"metaslider_container_1404\">\n        <div id=\"metaslider_1404\">\n            <ul class='slides'>\n                <li style=\"display: none; width: 100%;\" class=\"slide-1406 ms-image \" aria-roledescription=\"slide\" data-date=\"2019-01-04 16:23:18\" data-slide-type=\"image\"><img decoding=\"async\" src=\"https:\/\/avna.com\/wp-content\/uploads\/2018\/12\/1.-39-1_re-200x200.jpg\" height=\"200\" width=\"200\" alt=\"metal pacemaker cap production\" class=\"slider-1404 slide-1406 msDefaultImage ml-lightbox-enabled\" \/><\/li>\n                <li style=\"display: none; width: 100%;\" class=\"slide-1414 ms-image \" aria-roledescription=\"slide\" data-date=\"2019-01-04 16:39:08\" data-slide-type=\"image\"><img decoding=\"async\" src=\"https:\/\/avna.com\/wp-content\/uploads\/2018\/12\/2.-505-Staple-200x200.jpg\" height=\"200\" width=\"200\" alt=\"medical staple manufacturing\" class=\"slider-1404 slide-1414 msDefaultImage ml-lightbox-enabled\" \/><\/li>\n                <li style=\"display: none; width: 100%;\" class=\"slide-1415 ms-image \" aria-roledescription=\"slide\" data-date=\"2019-01-04 16:39:17\" data-slide-type=\"image\"><img decoding=\"async\" src=\"https:\/\/avna.com\/wp-content\/uploads\/2018\/12\/3.-3152-3153-200x200.jpg\" height=\"200\" width=\"200\" alt=\"titanium pacemaker caps\" class=\"slider-1404 slide-1415 msDefaultImage ml-lightbox-enabled\" \/><\/li>\n                <li style=\"display: none; width: 100%;\" class=\"slide-1416 ms-image \" aria-roledescription=\"slide\" data-date=\"2019-01-04 16:39:22\" data-slide-type=\"image\"><img decoding=\"async\" src=\"https:\/\/avna.com\/wp-content\/uploads\/2018\/12\/4.-Ti-cans_re-200x200.jpg\" height=\"200\" width=\"200\" alt=\"\" class=\"slider-1404 slide-1416 msDefaultImage ml-lightbox-enabled\" \/><\/li>\n            <\/ul>\n        <\/div>\n        \n    <\/div>\n<\/div>\n<\/div><\/section>\n\n\n\n<section class=\"wp-block-smart-section-section\"><div class=\"section-wrapper\">\n<div class=\"wp-block-columns has-2-columns okay-2col-table is-layout-flex wp-container-core-columns-is-layout-9d6595d7 wp-block-columns-is-layout-flex\">\n<div class=\"wp-block-column okay-2col-left is-layout-flow wp-block-column-is-layout-flow\">\n<p>La fabricaci\u00f3n de la grapa plante\u00f3 un desaf\u00edo importante debido a las caracter\u00edsticas de formaci\u00f3n de titanio, el tama\u00f1o peque\u00f1o y la forma compleja de la pieza, y las tolerancias en las dimensiones clave. La compa\u00f1\u00eda consider\u00f3 mecanizar la pieza, pero eso ser\u00eda muy costoso para los vol\u00famenes que AngioLink anticip\u00f3. AVNA les mostr\u00f3 las ventajas de una soluci\u00f3n estampada.<\/p>\n\n\n\n<h4 class=\"wp-block-heading\" id=\"mce_23\">Superando los desaf\u00edos de trabajar con titanio<\/h4>\n\n\n\n<p>El proceso de Producci\u00f3n de Prototipos\nComprobados\u00ae deAVNA,  utiliza los mismos conceptos, secuencia de operaciones,\nherramientas y direcci\u00f3n, que se utilizar\u00edan en la herramienta de producci\u00f3n.\nLa replicaci\u00f3n del proceso de fabricaci\u00f3n de estampado durante la etapa de\nprototipo minimiza los costosos cambios posteriores en el proyecto que no\nhabr\u00edan sido identificados mediante el mecanizado u otros m\u00e9todos de creaci\u00f3n\nde prototipos. La resistencia de los componentes, el agrietamiento, el acabado\nde la superficie, la condici\u00f3n de los bordes y la capacidad de tolerancia se\neval\u00faan y verifican. Las diferencias entre el moldeo por inyecci\u00f3n de metal, el\nmecanizado y el estampado se ven afectados por estos factores.<\/p>\n\n\n\n<p>El titanio es muy trabajable en fr\u00edo, pero\nes extremadamente abrasivo, blando y pegajoso, y tiene una mayor resistencia\nque otros metales recocidos que poseen bajo contenido de carbono. Requiere m\u00e1s\natenci\u00f3n a la recuperaci\u00f3n el\u00e1stica en comparaci\u00f3n con otros materiales: exhibe\naproximadamente un 25% m\u00e1s de &#8220;recuperaci\u00f3n el\u00e1stica&#8221; debido a su\nm\u00f3dulo el\u00e1stico m\u00e1s bajo, y tiende a agudizarse m\u00e1s f\u00e1cilmente que los aceros,\npor lo que los dise\u00f1os de herramientas deben modificarse apropiadamente.<\/p>\n\n\n\n<p>Otro desaf\u00edo de estampar titanio es su\nsusceptibilidad a pegarse a las superficies de las herramientas. &#8220;A veces\nesto tiene un efecto como el papel de lija donde simplemente se desgasta y hace\nque se acumulen part\u00edculas arenosas en las herramientas&#8221;, dice Shawn\nRussell, vicepresidente de I+D e ingenier\u00eda deAVNA . Otras veces, la\nrecolecci\u00f3n de las herramientas realmente sujetar\u00e1 el material, estirando las\ncaracter\u00edsticas de la grapa fuera de tolerancia. Estas condiciones son causadas\npor el calor y la fricci\u00f3n.<\/p>\n\n\n\n<p>Para mitigar todos estos problemas,AVNA \ndesarroll\u00f3 herramientas con radios de limpieza muy generosos en los moldes y\npunzones y acabados superficiales de 5 micro o menos. Adem\u00e1s, la lubricaci\u00f3n\ndel troquel cre\u00f3 una barrera entre la parte de titanio y el material del\ntroquel.<\/p>\n\n\n\n<h4 class=\"wp-block-heading\" id=\"mce_44\">Superando los desaf\u00edos del peque\u00f1o tama\u00f1o b\u00e1sico<\/h4>\n\n\n\n<p>Otro desaf\u00edo con estampar la grapa es su\ntama\u00f1o. Por ejemplo, las patas cortas se destripan por todas partes con una\nranura en el medio, dejando el ancho de la l\u00ednea un poco m\u00e1s grande que el\ngrosor del material. T\u00edpicamente, las operaciones de estampado requieren \u00e1reas\nen blanco que son mayores que el grosor del material. Esto requiere t\u00e9cnicas\nespeciales de sujeci\u00f3n y gu\u00eda en la herramienta. Las puntas de la grapa son muy\ncr\u00edticas para sostener, guiar y apoyar. estas puntas se mantienen a +\/- 0.0002\n\u2033 (.005 mm) de radio esf\u00e9rico m\u00e1ximo, un punto casi perfecto. \u201cMuchas personas\ncreen que los estampados deben mantener el grosor del material en todo el\ncomponente. Sin embargo, las operaciones de acu\u00f1aci\u00f3n, estampado y extrusi\u00f3n se\npueden usar para formar caracter\u00edsticas complejas en un producto estampado \u201d,\ndice Russell.<\/p>\n\n\n\n<p>La forma de la grapa crea un desaf\u00edo de\nformaci\u00f3n \u00fanico al intentar mantener la estabilidad dimensional. La forma\ndistintiva tiene las ocho patas interconectadas en la parte superior, y el\nradio de curvatura de cada pierna no tiene relieve a su alrededor donde se\nconecta con el cuerpo principal. Esto da como resultado que una parte de cada\nradio de curvatura caiga parcialmente dentro del \u00e1rea plana superior, lo que\ncausa interferencia con el radio de curvatura de las patas vecinas. Esto\nprovoca una falta de aislamiento y control de las patas largas previamente\nformadas, cuando se forman las cuatro patas cortas. Los ingenieros deAVNA \nsuperaron esto con una secuencia de herramientas de formaci\u00f3n rotativas, que\nconfiguraron cada curva de forma independiente.<\/p>\n\n\n\n<p>La grapa tiene patas dobladas que\nrepresentaron un desaf\u00edo para dise\u00f1ar el troquel progresivo. AVNA dise\u00f1\u00f3 un\nsistema de estaci\u00f3n de transferencia para formar y expulsar la pieza de las herramientas.\nTransfiere la pieza hacia y desde 6 estaciones de herramientas y expulsi\u00f3n de\npiezas.<\/p>\n\n\n\n<h4 class=\"wp-block-heading\" id=\"mce_53\">El desaf\u00edo de fabricar seg\u00fan est\u00e1ndares m\u00e9dicos<\/h4>\n\n\n\n<p>Casi todas las aplicaciones m\u00e9dicas para componentes de titanio estampados requieren que est\u00e9n libres de rasgu\u00f1os, mellas y rebabas. Los refinados dise\u00f1os de herramientas de troquel progresivo de AVNA pueden minimizar o eliminar estas condiciones. Un ejemplo es el uso de la acu\u00f1aci\u00f3n. La acu\u00f1aci\u00f3n utiliza un punz\u00f3n y una matriz para comprimir las rebabas en el borde del material, eliminando la necesidad de operaciones de desbarbado secundarias. El movimiento vibratorio o de barril o un proceso de electropulido tambi\u00e9n pueden eliminar rebabas y mejorar la calidad de la superficie.<\/p>\n\n\n\n<p>Como la grapa es un dispositivo implantable, las piezas requieren limpieza. AVNA desarroll\u00f3 un m\u00e9todo patentado para quitar las grapas directamente de las herramientas de troquelado progresivo, envi\u00e1ndolas a trav\u00e9s de un sistema de &#8220;descarga&#8221; y luego cargando autom\u00e1ticamente en el empaque. El embalaje se incorpora directamente al proceso de ensamblaje del cliente.<\/p>\n\n\n\n<p>\u201cAVNA proporcion\u00f3 a AngioLink la experiencia y orientaci\u00f3n adecuadas para enfrentar el desaf\u00edo de estampado de nuestro dispositivo&nbsp; desde la etapa inicial del prototipo hasta la producci\u00f3n final de la herramienta. Su personal es extremadamente eficiente, profesional y est\u00e1 comprometido con el concepto del equipo cliente-proveedor para la resoluci\u00f3n de problemas &#8220;, dice Bob LaFerrara, Director de Operaciones de AngioLink.<\/p>\n<\/div>\n\n\n\n<div class=\"wp-block-column okay-2col-right is-layout-flow wp-block-column-is-layout-flow\">\n<section class=\"wp-block-smart-section-section callout margin-none\"><div class=\"section-wrapper\">\n<div class=\"wp-block-image padding-bottom-none\"><figure class=\"aligncenter is-resized\"><a href=\"https:\/\/avna.com\/es\/design-support-and-development\/nextech-labs\/\"><img decoding=\"async\" src=\"https:\/\/avna.com\/wp-content\/uploads\/2019\/02\/nextech_labs_600x240.png\" alt=\"\" class=\"wp-image-3264\" width=\"253\" height=\"101\" srcset=\"https:\/\/avna.com\/wp-content\/uploads\/2019\/02\/nextech_labs_600x240.png 600w, https:\/\/avna.com\/wp-content\/uploads\/2019\/02\/nextech_labs_600x240-300x120.png 300w, https:\/\/avna.com\/wp-content\/uploads\/2019\/02\/nextech_labs_600x240-100x40.png 100w, https:\/\/avna.com\/wp-content\/uploads\/2019\/02\/nextech_labs_600x240-200x80.png 200w, https:\/\/avna.com\/wp-content\/uploads\/2019\/02\/nextech_labs_600x240-400x160.png 400w\" sizes=\"(max-width: 253px) 100vw, 253px\" \/><\/a><\/figure><\/div>\n\n\n\n<p class=\"has-text-align-center padding-left-right\" style=\"font-size:13px\">Equipo dedicado, personal y recursos que lo llevan al mercado m\u00e1s r\u00e1pido. <a href=\"https:\/\/avna.com\/es\/design-support-and-development\/nextech-labs\/\">Conoce m\u00e1s.<\/a><\/p>\n\n\n\n<div class=\"wp-block-image padding-left-right margin-none\"><figure class=\"aligncenter\"><a href=\"https:\/\/avna.com\/es\/design-support-and-development\/nextech-labs\/\"><img decoding=\"async\" width=\"375\" height=\"342\" src=\"https:\/\/avna.com\/wp-content\/uploads\/2019\/03\/callout-box-layered-edit-ES.png\" alt=\"\" class=\"wp-image-7116\" srcset=\"https:\/\/avna.com\/wp-content\/uploads\/2019\/03\/callout-box-layered-edit-ES.png 375w, https:\/\/avna.com\/wp-content\/uploads\/2019\/03\/callout-box-layered-edit-ES-300x274.png 300w, https:\/\/avna.com\/wp-content\/uploads\/2019\/03\/callout-box-layered-edit-ES-100x91.png 100w, https:\/\/avna.com\/wp-content\/uploads\/2019\/03\/callout-box-layered-edit-ES-200x182.png 200w\" sizes=\"(max-width: 375px) 100vw, 375px\" \/><\/a><\/figure><\/div>\n<\/div><\/section>\n\n\n\n<div class=\"wp-block-image padding-top\"><figure class=\"aligncenter\"><img decoding=\"async\" width=\"198\" height=\"234\" src=\"https:\/\/avna.com\/wp-content\/uploads\/2018\/12\/okay_sub_titanium_10-1.jpg\" alt=\"\" class=\"wp-image-564\" srcset=\"https:\/\/avna.com\/wp-content\/uploads\/2018\/12\/okay_sub_titanium_10-1.jpg 198w, https:\/\/avna.com\/wp-content\/uploads\/2018\/12\/okay_sub_titanium_10-1-100x118.jpg 100w\" sizes=\"(max-width: 198px) 100vw, 198px\" \/><\/figure><\/div>\n\n\n\n<div class=\"wp-block-image padding-top\"><figure class=\"aligncenter is-resized\"><img decoding=\"async\" src=\"https:\/\/avna.com\/wp-content\/uploads\/2018\/12\/okay_sub_titanium_15-1.jpg\" alt=\"\" class=\"wp-image-567\" width=\"317\" height=\"226\" srcset=\"https:\/\/avna.com\/wp-content\/uploads\/2018\/12\/okay_sub_titanium_15-1.jpg 267w, https:\/\/avna.com\/wp-content\/uploads\/2018\/12\/okay_sub_titanium_15-1-100x71.jpg 100w, https:\/\/avna.com\/wp-content\/uploads\/2018\/12\/okay_sub_titanium_15-1-200x142.jpg 200w\" sizes=\"(max-width: 317px) 100vw, 317px\" \/><\/figure><\/div>\n\n\n\n<div class=\"wp-block-image padding-top\"><figure class=\"aligncenter is-resized\"><img decoding=\"async\" src=\"https:\/\/avna.com\/wp-content\/uploads\/2018\/12\/okay_sub_titanium_07-1.jpg\" alt=\"\" class=\"wp-image-566\" width=\"315\" height=\"205\" srcset=\"https:\/\/avna.com\/wp-content\/uploads\/2018\/12\/okay_sub_titanium_07-1.jpg 337w, https:\/\/avna.com\/wp-content\/uploads\/2018\/12\/okay_sub_titanium_07-1-300x195.jpg 300w, https:\/\/avna.com\/wp-content\/uploads\/2018\/12\/okay_sub_titanium_07-1-100x65.jpg 100w, https:\/\/avna.com\/wp-content\/uploads\/2018\/12\/okay_sub_titanium_07-1-200x130.jpg 200w\" sizes=\"(max-width: 315px) 100vw, 315px\" \/><\/figure><\/div>\n<\/div>\n<\/div>\n<\/div><\/section>\n","protected":false},"excerpt":{"rendered":"","protected":false},"author":1,"featured_media":6750,"parent":6891,"menu_order":4,"comment_status":"closed","ping_status":"closed","template":"","meta":{"_acf_changed":false,"_yoast_wpseo_title":"Fabricaci\u00f3n de estampado de titanio %%sitename%%","_yoast_wpseo_metadesc":"AVNA desarroll\u00f3 un peque\u00f1o estampado de titanio rentable para una aplicaci\u00f3n de sellado vascular. Lea m\u00e1s sobre el proyecto.","_metasync_otto_title":"","_metasync_otto_description":"","rank_math_title":"","rank_math_description":"","footnotes":""},"class_list":["post-6919","page","type-page","status-publish","has-post-thumbnail","hentry"],"acf":[],"yoast_head":"<!-- This site is optimized with the Yoast SEO Premium plugin v20.12 (Yoast SEO v25.4) - https:\/\/yoast.com\/wordpress\/plugins\/seo\/ -->\n<title>Fabricaci\u00f3n de estampado de titanio AVNA<\/title>\n<meta name=\"description\" content=\"AVNA desarroll\u00f3 un peque\u00f1o estampado de titanio rentable para una aplicaci\u00f3n de sellado vascular. Lea m\u00e1s sobre el proyecto.\" \/>\n<meta name=\"robots\" content=\"index, follow, max-snippet:-1, max-image-preview:large, max-video-preview:-1\" \/>\n<link rel=\"canonical\" href=\"https:\/\/avna.com\/es\/technical-resources\/titanium-stamping-cost-savings\/\" \/>\n<meta property=\"og:locale\" content=\"es_ES\" \/>\n<meta property=\"og:type\" content=\"article\" \/>\n<meta property=\"og:title\" content=\"Estampado de Titanio\" \/>\n<meta property=\"og:description\" content=\"AVNA desarroll\u00f3 un peque\u00f1o estampado de titanio rentable para una aplicaci\u00f3n de sellado vascular. Lea m\u00e1s sobre el proyecto.\" \/>\n<meta property=\"og:url\" content=\"https:\/\/avna.com\/es\/technical-resources\/titanium-stamping-cost-savings\/\" \/>\n<meta property=\"og:site_name\" content=\"AVNA\" \/>\n<meta property=\"article:modified_time\" content=\"2021-12-03T20:13:18+00:00\" \/>\n<meta property=\"og:image\" content=\"https:\/\/avna.com\/wp-content\/uploads\/2018\/12\/Blue-Background-Treatment6.jpg\" \/>\n\t<meta property=\"og:image:width\" content=\"3000\" \/>\n\t<meta property=\"og:image:height\" content=\"1080\" \/>\n\t<meta property=\"og:image:type\" content=\"image\/jpeg\" \/>\n<meta name=\"twitter:card\" content=\"summary_large_image\" \/>\n<meta name=\"twitter:label1\" content=\"Tiempo de lectura\" \/>\n\t<meta name=\"twitter:data1\" content=\"5 minutos\" \/>\n<script type=\"application\/ld+json\" class=\"yoast-schema-graph\">{\"@context\":\"https:\/\/schema.org\",\"@graph\":[{\"@type\":\"WebPage\",\"@id\":\"https:\/\/avna.com\/es\/technical-resources\/titanium-stamping-cost-savings\/\",\"url\":\"https:\/\/avna.com\/es\/technical-resources\/titanium-stamping-cost-savings\/\",\"name\":\"Fabricaci\u00f3n de estampado de titanio AVNA\",\"isPartOf\":{\"@id\":\"https:\/\/avna.com\/es\/#website\"},\"primaryImageOfPage\":{\"@id\":\"https:\/\/avna.com\/es\/technical-resources\/titanium-stamping-cost-savings\/#primaryimage\"},\"image\":{\"@id\":\"https:\/\/avna.com\/es\/technical-resources\/titanium-stamping-cost-savings\/#primaryimage\"},\"thumbnailUrl\":\"https:\/\/avna.com\/wp-content\/uploads\/2018\/12\/Blue-Background-Treatment6.jpg\",\"datePublished\":\"2018-12-13T20:12:17+00:00\",\"dateModified\":\"2021-12-03T20:13:18+00:00\",\"description\":\"AVNA desarroll\u00f3 un peque\u00f1o estampado de titanio rentable para una aplicaci\u00f3n de sellado vascular. Lea m\u00e1s sobre el proyecto.\",\"breadcrumb\":{\"@id\":\"https:\/\/avna.com\/es\/technical-resources\/titanium-stamping-cost-savings\/#breadcrumb\"},\"inLanguage\":\"es\",\"potentialAction\":[{\"@type\":\"ReadAction\",\"target\":[\"https:\/\/avna.com\/es\/technical-resources\/titanium-stamping-cost-savings\/\"]}]},{\"@type\":\"ImageObject\",\"inLanguage\":\"es\",\"@id\":\"https:\/\/avna.com\/es\/technical-resources\/titanium-stamping-cost-savings\/#primaryimage\",\"url\":\"https:\/\/avna.com\/wp-content\/uploads\/2018\/12\/Blue-Background-Treatment6.jpg\",\"contentUrl\":\"https:\/\/avna.com\/wp-content\/uploads\/2018\/12\/Blue-Background-Treatment6.jpg\",\"width\":3000,\"height\":1080},{\"@type\":\"BreadcrumbList\",\"@id\":\"https:\/\/avna.com\/es\/technical-resources\/titanium-stamping-cost-savings\/#breadcrumb\",\"itemListElement\":[{\"@type\":\"ListItem\",\"position\":1,\"name\":\"Home\",\"item\":\"https:\/\/avna.com\/es\/\"},{\"@type\":\"ListItem\",\"position\":2,\"name\":\"Estudios de caso\",\"item\":\"https:\/\/avna.com\/es\/technical-resources\/\"},{\"@type\":\"ListItem\",\"position\":3,\"name\":\"Estampado de Titanio\"}]},{\"@type\":\"WebSite\",\"@id\":\"https:\/\/avna.com\/es\/#website\",\"url\":\"https:\/\/avna.com\/es\/\",\"name\":\"AVNA\",\"description\":\"Innovation Partners for Life\",\"publisher\":{\"@id\":\"https:\/\/avna.com\/es\/#organization\"},\"potentialAction\":[{\"@type\":\"SearchAction\",\"target\":{\"@type\":\"EntryPoint\",\"urlTemplate\":\"https:\/\/avna.com\/es\/?s={search_term_string}\"},\"query-input\":{\"@type\":\"PropertyValueSpecification\",\"valueRequired\":true,\"valueName\":\"search_term_string\"}}],\"inLanguage\":\"es\"},{\"@type\":\"Organization\",\"@id\":\"https:\/\/avna.com\/es\/#organization\",\"name\":\"AVNA\",\"url\":\"https:\/\/avna.com\/es\/\",\"logo\":{\"@type\":\"ImageObject\",\"inLanguage\":\"es\",\"@id\":\"https:\/\/avna.com\/es\/#\/schema\/logo\/image\/\",\"url\":\"https:\/\/avna.com\/wp-content\/uploads\/2023\/12\/logo-0.png\",\"contentUrl\":\"https:\/\/avna.com\/wp-content\/uploads\/2023\/12\/logo-0.png\",\"width\":387,\"height\":275,\"caption\":\"AVNA\"},\"image\":{\"@id\":\"https:\/\/avna.com\/es\/#\/schema\/logo\/image\/\"}}]}<\/script>\n<!-- \/ Yoast SEO Premium plugin. -->","yoast_head_json":{"title":"Fabricaci\u00f3n de estampado de titanio AVNA","description":"AVNA desarroll\u00f3 un peque\u00f1o estampado de titanio rentable para una aplicaci\u00f3n de sellado vascular. Lea m\u00e1s sobre el proyecto.","robots":{"index":"index","follow":"follow","max-snippet":"max-snippet:-1","max-image-preview":"max-image-preview:large","max-video-preview":"max-video-preview:-1"},"canonical":"https:\/\/avna.com\/es\/technical-resources\/titanium-stamping-cost-savings\/","og_locale":"es_ES","og_type":"article","og_title":"Estampado de Titanio","og_description":"AVNA desarroll\u00f3 un peque\u00f1o estampado de titanio rentable para una aplicaci\u00f3n de sellado vascular. Lea m\u00e1s sobre el proyecto.","og_url":"https:\/\/avna.com\/es\/technical-resources\/titanium-stamping-cost-savings\/","og_site_name":"AVNA","article_modified_time":"2021-12-03T20:13:18+00:00","og_image":[{"width":3000,"height":1080,"url":"https:\/\/avna.com\/wp-content\/uploads\/2018\/12\/Blue-Background-Treatment6.jpg","type":"image\/jpeg"}],"twitter_card":"summary_large_image","twitter_misc":{"Tiempo de lectura":"5 minutos"},"schema":{"@context":"https:\/\/schema.org","@graph":[{"@type":"WebPage","@id":"https:\/\/avna.com\/es\/technical-resources\/titanium-stamping-cost-savings\/","url":"https:\/\/avna.com\/es\/technical-resources\/titanium-stamping-cost-savings\/","name":"Fabricaci\u00f3n de estampado de titanio AVNA","isPartOf":{"@id":"https:\/\/avna.com\/es\/#website"},"primaryImageOfPage":{"@id":"https:\/\/avna.com\/es\/technical-resources\/titanium-stamping-cost-savings\/#primaryimage"},"image":{"@id":"https:\/\/avna.com\/es\/technical-resources\/titanium-stamping-cost-savings\/#primaryimage"},"thumbnailUrl":"https:\/\/avna.com\/wp-content\/uploads\/2018\/12\/Blue-Background-Treatment6.jpg","datePublished":"2018-12-13T20:12:17+00:00","dateModified":"2021-12-03T20:13:18+00:00","description":"AVNA desarroll\u00f3 un peque\u00f1o estampado de titanio rentable para una aplicaci\u00f3n de sellado vascular. Lea m\u00e1s sobre el proyecto.","breadcrumb":{"@id":"https:\/\/avna.com\/es\/technical-resources\/titanium-stamping-cost-savings\/#breadcrumb"},"inLanguage":"es","potentialAction":[{"@type":"ReadAction","target":["https:\/\/avna.com\/es\/technical-resources\/titanium-stamping-cost-savings\/"]}]},{"@type":"ImageObject","inLanguage":"es","@id":"https:\/\/avna.com\/es\/technical-resources\/titanium-stamping-cost-savings\/#primaryimage","url":"https:\/\/avna.com\/wp-content\/uploads\/2018\/12\/Blue-Background-Treatment6.jpg","contentUrl":"https:\/\/avna.com\/wp-content\/uploads\/2018\/12\/Blue-Background-Treatment6.jpg","width":3000,"height":1080},{"@type":"BreadcrumbList","@id":"https:\/\/avna.com\/es\/technical-resources\/titanium-stamping-cost-savings\/#breadcrumb","itemListElement":[{"@type":"ListItem","position":1,"name":"Home","item":"https:\/\/avna.com\/es\/"},{"@type":"ListItem","position":2,"name":"Estudios de caso","item":"https:\/\/avna.com\/es\/technical-resources\/"},{"@type":"ListItem","position":3,"name":"Estampado de Titanio"}]},{"@type":"WebSite","@id":"https:\/\/avna.com\/es\/#website","url":"https:\/\/avna.com\/es\/","name":"AVNA","description":"Innovation Partners for Life","publisher":{"@id":"https:\/\/avna.com\/es\/#organization"},"potentialAction":[{"@type":"SearchAction","target":{"@type":"EntryPoint","urlTemplate":"https:\/\/avna.com\/es\/?s={search_term_string}"},"query-input":{"@type":"PropertyValueSpecification","valueRequired":true,"valueName":"search_term_string"}}],"inLanguage":"es"},{"@type":"Organization","@id":"https:\/\/avna.com\/es\/#organization","name":"AVNA","url":"https:\/\/avna.com\/es\/","logo":{"@type":"ImageObject","inLanguage":"es","@id":"https:\/\/avna.com\/es\/#\/schema\/logo\/image\/","url":"https:\/\/avna.com\/wp-content\/uploads\/2023\/12\/logo-0.png","contentUrl":"https:\/\/avna.com\/wp-content\/uploads\/2023\/12\/logo-0.png","width":387,"height":275,"caption":"AVNA"},"image":{"@id":"https:\/\/avna.com\/es\/#\/schema\/logo\/image\/"}}]}},"_links":{"self":[{"href":"https:\/\/avna.com\/es\/wp-json\/wp\/v2\/pages\/6919","targetHints":{"allow":["GET"]}}],"collection":[{"href":"https:\/\/avna.com\/es\/wp-json\/wp\/v2\/pages"}],"about":[{"href":"https:\/\/avna.com\/es\/wp-json\/wp\/v2\/types\/page"}],"author":[{"embeddable":true,"href":"https:\/\/avna.com\/es\/wp-json\/wp\/v2\/users\/1"}],"replies":[{"embeddable":true,"href":"https:\/\/avna.com\/es\/wp-json\/wp\/v2\/comments?post=6919"}],"version-history":[{"count":7,"href":"https:\/\/avna.com\/es\/wp-json\/wp\/v2\/pages\/6919\/revisions"}],"predecessor-version":[{"id":9343,"href":"https:\/\/avna.com\/es\/wp-json\/wp\/v2\/pages\/6919\/revisions\/9343"}],"up":[{"embeddable":true,"href":"https:\/\/avna.com\/es\/wp-json\/wp\/v2\/pages\/6891"}],"wp:featuredmedia":[{"embeddable":true,"href":"https:\/\/avna.com\/es\/wp-json\/wp\/v2\/media\/6750"}],"wp:attachment":[{"href":"https:\/\/avna.com\/es\/wp-json\/wp\/v2\/media?parent=6919"}],"curies":[{"name":"wp","href":"https:\/\/api.w.org\/{rel}","templated":true}]}}