{"id":6913,"date":"2019-08-13T15:59:56","date_gmt":"2019-08-13T15:59:56","guid":{"rendered":"https:\/\/avna.com\/technical-resources\/king\/"},"modified":"2023-04-03T11:55:53","modified_gmt":"2023-04-03T15:55:53","slug":"king","status":"publish","type":"page","link":"https:\/\/avna.com\/es\/technical-resources\/king\/","title":{"rendered":"Prototipo de Titanio en forma de corona"},"content":{"rendered":"\n\n<section class=\"header-block\"><figure class=\"bg\" style=\"background-image: url(https:\/\/avna.com\/wp-content\/uploads\/2018\/12\/Blue-Background-Treatment1.jpg); \"><\/figure><div class=\"section-wrapper\"><div class=\"text-wrapper\"><div class=\"text-background\"><\/div><div class=\"header-image unlock-bottom \" style=\"background-image: url(https:\/\/avna.com\/wp-content\/uploads\/2019\/08\/crown-800x800-header.png);\"><\/div><div class=\"header-text\"><h4><span style=\"color: #ffffff;\">Caso de estudio:<\/span><\/h4>\n<h1 class=\"large-h1\"><strong>Prototipo m\u00e9dico de titanio<\/strong><\/h1>\n<h4>La calidad significa prestar atenci\u00f3n a los detalles, incluso detalles tan delgados como 0.006 mm, como en este stent de v\u00e1lvula card\u00edaca, porque la calidad es lo m\u00e1s importante.<\/h4>\n<\/div><\/div><\/div><\/section>\n\n\n<section class=\"wp-block-smart-section-section white-background\"><div class=\"section-wrapper\">\n<h2 class=\"has-text-align-center wp-block-heading\" id=\"mce_19\">Atenci\u00f3n a los detalles m\u00e1s peque\u00f1os<\/h2>\n\n\n\n<p>Cuando un fabricante de dispositivos m\u00e9dicos l\u00edder necesitaba prototipos de respuesta r\u00e1pida para un nuevo stent de v\u00e1lvula card\u00edaca de titanio, la compa\u00f1\u00eda busc\u00f3 un socio impulsado por la calidad con experiencia en ingenier\u00eda que pudiera garantizar la excelencia. El dise\u00f1o de la pieza inclu\u00eda m\u00e1s de 20 caracter\u00edsticas de radio \u00fanicas y puntos de grosor de pared que eran tan delgados como 0.006 mm. El delicado componente plante\u00f3 una variedad de desaf\u00edos de fabricaci\u00f3n: desde el abastecimiento de materiales hasta la optimizaci\u00f3n de la producci\u00f3n, el manejo de piezas esenciales y m\u00e1s. Con una combinaci\u00f3n de capacidades t\u00e9cnicas y colaboraciones, el equipo de AVNA  pudo fabricar este complejo componente m\u00e9dico.<\/p>\n\n\n\n<div id=\"metaslider-id-4868\" style=\"width: 100%; margin: 0 auto;\" class=\"ml-slider-3-102-0 metaslider metaslider-flex metaslider-4868 ml-slider has-carousel-mode ml-slider-lightbox-2-12-0 firelight-lightbox-2-3-17 ms-theme-default nav-hidden\" role=\"region\" aria-label=\"Crown\" data-height=\"200\" data-width=\"200\">\n    <div id=\"metaslider_container_4868\">\n        <div id=\"metaslider_4868\">\n            <ul class='slides'>\n                <li style=\"display: none; width: 100%;\" class=\"slide-4874 ms-image \" aria-roledescription=\"slide\" data-date=\"2019-08-13 16:08:05\" data-slide-type=\"image\"><img decoding=\"async\" src=\"https:\/\/avna.com\/wp-content\/uploads\/2019\/08\/crown-slider_800px-04-200x200.jpg\" height=\"200\" width=\"200\" alt=\"\" class=\"slider-4868 slide-4874 msDefaultImage ml-lightbox-enabled\" title=\"crown-slider_800px-04\" \/><\/li>\n                <li style=\"display: none; width: 100%;\" class=\"slide-4875 ms-image \" aria-roledescription=\"slide\" data-date=\"2019-08-13 16:08:05\" data-slide-type=\"image\"><img decoding=\"async\" src=\"https:\/\/avna.com\/wp-content\/uploads\/2019\/08\/crown-slider_800px-03-200x200.jpg\" height=\"200\" width=\"200\" alt=\"\" class=\"slider-4868 slide-4875 msDefaultImage ml-lightbox-enabled\" title=\"crown-slider_800px-03\" \/><\/li>\n                <li style=\"display: none; width: 100%;\" class=\"slide-4876 ms-image \" aria-roledescription=\"slide\" data-date=\"2019-08-13 16:08:05\" data-slide-type=\"image\"><img decoding=\"async\" src=\"https:\/\/avna.com\/wp-content\/uploads\/2019\/08\/crown-slider_800px-05-200x200.jpg\" height=\"200\" width=\"200\" alt=\"\" class=\"slider-4868 slide-4876 msDefaultImage ml-lightbox-enabled\" title=\"crown-slider_800px-05\" \/><\/li>\n                <li style=\"display: none; width: 100%;\" class=\"slide-4877 ms-image \" aria-roledescription=\"slide\" data-date=\"2019-08-13 16:08:05\" data-slide-type=\"image\"><img decoding=\"async\" src=\"https:\/\/avna.com\/wp-content\/uploads\/2019\/08\/crown-slider_800px-02-200x200.jpg\" height=\"200\" width=\"200\" alt=\"\" class=\"slider-4868 slide-4877 msDefaultImage ml-lightbox-enabled\" title=\"crown-slider_800px-02\" \/><\/li>\n                <li style=\"display: none; width: 100%;\" class=\"slide-4878 ms-image \" aria-roledescription=\"slide\" data-date=\"2019-08-13 16:08:05\" data-slide-type=\"image\"><img decoding=\"async\" src=\"https:\/\/avna.com\/wp-content\/uploads\/2019\/08\/crown-slider_800px-01-200x200.jpg\" height=\"200\" width=\"200\" alt=\"\" class=\"slider-4868 slide-4878 msDefaultImage ml-lightbox-enabled\" title=\"crown-slider_800px-01\" \/><\/li>\n                <li style=\"display: none; width: 100%;\" class=\"slide-5406 ms-image \" aria-roledescription=\"slide\" data-date=\"2019-09-20 19:36:54\" data-slide-type=\"image\"><img decoding=\"async\" src=\"https:\/\/avna.com\/wp-content\/uploads\/2019\/09\/crown-with-basex800px-200x200.jpg\" height=\"200\" width=\"200\" alt=\"complex manufacturing support\" class=\"slider-4868 slide-5406 msDefaultImage ml-lightbox-enabled\" title=\"crown-with-basex800px\" \/><\/li>\n            <\/ul>\n        <\/div>\n        \n    <\/div>\n<\/div>\n<\/div><\/section>\n\n\n\n<section class=\"wp-block-smart-section-section\"><div class=\"section-wrapper\">\n<div class=\"wp-block-columns has-2-columns okay-2col-table is-layout-flex wp-container-core-columns-is-layout-9d6595d7 wp-block-columns-is-layout-flex\">\n<div class=\"wp-block-column okay-2col-left is-layout-flow wp-block-column-is-layout-flow\">\n<h4 class=\"wp-block-heading\" id=\"mce_18\">Prototipo enfocados en soluciones<\/h4>\n\n\n\n<p>El primer desaf\u00edo en la creaci\u00f3n de prototipos de stent fue el suministro de materiales. Si bien los tubos era la primera opci\u00f3n obvia, la especificaci\u00f3n de gran di\u00e1metro y aleaci\u00f3n de titanio habr\u00eda resultado en altos costos y largos plazos de entrega. Despu\u00e9s de una cuidadosa revisi\u00f3n de las consideraciones de dise\u00f1o y fabricaci\u00f3n de la pieza, el equipo de AVNA recurri\u00f3 a nuestro avanzado mecanizado CNC Accu-LaserSwissTM con tecnolog\u00eda de corte l\u00e1ser integrado. Se desarroll\u00f3 una soluci\u00f3n para producir el prototipo a partir de stock de barras de titanio m\u00e1s f\u00e1cilmente disponibles y de menor costo. El sofisticado proceso dio forma al material de la barra y form\u00f3 el componente en una sola operaci\u00f3n: uniendo contornos cortados con l\u00e1ser y cortados a m\u00e1quina con un control de geometr\u00eda preciso, combinando a la perfecci\u00f3n las dos tecnolog\u00edas con extrema precisi\u00f3n.<\/p>\n\n\n\n<h4 class=\"wp-block-heading\" id=\"mce_25\">La calidad est\u00e1 en los detalles<\/h4>\n\n\n\n<p>La fabricaci\u00f3n del prototipo de stent requiri\u00f3 personalizaciones y refinamientos especializados tanto en maquinaria como en procesos, y nuestro equipo se centr\u00f3 en el cumplimiento y la calidad en cada etapa. Nuestros ingenieros tambi\u00e9n desarrollaron un sistema de flujo de refrigerante \u00fanico para abordar el calor y el desecho del l\u00e1ser, y una mezcla personalizados de gases para garantizar que el l\u00e1ser se cortara limpiamente y sin decolorar el material. El dise\u00f1o delicado y el material delgado tambi\u00e9n requirieron el desarrollo de procedimientos de manipulaci\u00f3n especializados, para mover las piezas terminadas sin que estas se distorsionaran o da\u00f1aran.<\/p>\n<\/div>\n\n\n\n<div class=\"wp-block-column okay-2col-right is-layout-flow wp-block-column-is-layout-flow\">\n<section class=\"wp-block-smart-section-section callout margin-none\"><div class=\"section-wrapper\">\n<div class=\"wp-block-image padding-bottom-none\"><figure class=\"aligncenter is-resized\"><a href=\"https:\/\/avna.com\/es\/design-support-and-development\/nextech-labs\/\"><img decoding=\"async\" src=\"https:\/\/avna.com\/wp-content\/uploads\/2019\/02\/nextech_labs_600x240.png\" alt=\"\" class=\"wp-image-3264\" width=\"253\" height=\"101\" srcset=\"https:\/\/avna.com\/wp-content\/uploads\/2019\/02\/nextech_labs_600x240.png 600w, https:\/\/avna.com\/wp-content\/uploads\/2019\/02\/nextech_labs_600x240-300x120.png 300w, https:\/\/avna.com\/wp-content\/uploads\/2019\/02\/nextech_labs_600x240-100x40.png 100w, https:\/\/avna.com\/wp-content\/uploads\/2019\/02\/nextech_labs_600x240-200x80.png 200w, https:\/\/avna.com\/wp-content\/uploads\/2019\/02\/nextech_labs_600x240-400x160.png 400w\" sizes=\"(max-width: 253px) 100vw, 253px\" \/><\/a><\/figure><\/div>\n\n\n\n<p class=\"has-text-align-center padding-left-right\" style=\"font-size:13px\">Equipo dedicado, personal y recursos que lo llevan al mercado m\u00e1s r\u00e1pido. <a href=\"https:\/\/avna.com\/es\/design-support-and-development\/nextech-labs\/\">Conoce m\u00e1s.<\/a><\/p>\n\n\n\n<div class=\"wp-block-image padding-left-right margin-none\"><figure class=\"aligncenter\"><a href=\"https:\/\/avna.com\/es\/design-support-and-development\/nextech-labs\/\"><img decoding=\"async\" width=\"375\" height=\"342\" src=\"https:\/\/avna.com\/wp-content\/uploads\/2019\/03\/callout-box-layered-edit-ES.png\" alt=\"\" class=\"wp-image-7116\" srcset=\"https:\/\/avna.com\/wp-content\/uploads\/2019\/03\/callout-box-layered-edit-ES.png 375w, https:\/\/avna.com\/wp-content\/uploads\/2019\/03\/callout-box-layered-edit-ES-300x274.png 300w, https:\/\/avna.com\/wp-content\/uploads\/2019\/03\/callout-box-layered-edit-ES-100x91.png 100w, https:\/\/avna.com\/wp-content\/uploads\/2019\/03\/callout-box-layered-edit-ES-200x182.png 200w\" sizes=\"(max-width: 375px) 100vw, 375px\" \/><\/a><\/figure><\/div>\n<\/div><\/section>\n<\/div>\n<\/div>\n\n\n\n<div class=\"wp-block-media-text alignwide has-media-on-the-right is-stacked-on-mobile callout-image cta-it\" style=\"grid-template-columns:auto 49%\"><div class=\"wp-block-media-text__content\">\n<h3 class=\"wp-block-heading\" id=\"mce_21\">Prototipos de dispositivos m\u00e9dicos que son <em>Part&nbsp;of&nbsp;Something&nbsp;Greater<\/em><\/h3>\n\n\n\n<p class=\"has-regular-font-size\">El equipo de AVNA  estaba listo para enfrentar los desaf\u00edos de este prototipo de stent con un enfoque r\u00e1pido y rentable, ofreciendo componentes de precisi\u00f3n y alta calidad, que cumplieran con el objetivo&nbsp; en el tiempo estimado.<\/p>\n\n\n\n<p>Nuestro equipo combina experiencia en fabricaci\u00f3n y capacidades de ingenier\u00eda avanzadas en cada proyecto de creaci\u00f3n de prototipos y est\u00e1 listo para poner nuestras habilidades a trabajar en sus desaf\u00edos m\u00e1s dif\u00edciles. Cu\u00e9ntenos acerca de sus necesidades de creaci\u00f3n de prototipos de componentes m\u00e9dicos y perm\u00edtanos demostrar c\u00f3mo, en AVNA,  la calidad es siempre es siempre lo m\u00e1s importante.&nbsp; <a href=\"https:\/\/avna.com\/es\/contact-us\/\">P\u00f3ngase en contacto con nosotros hoy<\/a>.<\/p>\n<\/div><figure class=\"wp-block-media-text__media\"><img decoding=\"async\" width=\"800\" height=\"659\" src=\"https:\/\/avna.com\/wp-content\/uploads\/2019\/09\/okay-jim-5641-800x659.jpg\" alt=\"\" class=\"wp-image-5403 size-full\" srcset=\"https:\/\/avna.com\/wp-content\/uploads\/2019\/09\/okay-jim-5641-800x659.jpg 800w, https:\/\/avna.com\/wp-content\/uploads\/2019\/09\/okay-jim-5641-800x659-300x247.jpg 300w, https:\/\/avna.com\/wp-content\/uploads\/2019\/09\/okay-jim-5641-800x659-768x633.jpg 768w, https:\/\/avna.com\/wp-content\/uploads\/2019\/09\/okay-jim-5641-800x659-100x82.jpg 100w, https:\/\/avna.com\/wp-content\/uploads\/2019\/09\/okay-jim-5641-800x659-200x165.jpg 200w, https:\/\/avna.com\/wp-content\/uploads\/2019\/09\/okay-jim-5641-800x659-400x330.jpg 400w, https:\/\/avna.com\/wp-content\/uploads\/2019\/09\/okay-jim-5641-800x659-600x494.jpg 600w\" sizes=\"(max-width: 800px) 100vw, 800px\" \/><\/figure><\/div>\n<\/div><\/section>\n","protected":false},"excerpt":{"rendered":"","protected":false},"author":10,"featured_media":6708,"parent":6891,"menu_order":3,"comment_status":"closed","ping_status":"closed","template":"","meta":{"_acf_changed":false,"_yoast_wpseo_title":"Fabricaci\u00f3n de prototipos de titanio para dispositivos m\u00e9dicos | AVNA ","_yoast_wpseo_metadesc":"Al fabricar un prototipo de titanio para un stent de v\u00e1lvula card\u00edaca, nuestros procesos personalizados brindaron una calidad y resultados inigualables: lea sobre el Proyecto.","_metasync_otto_title":"","_metasync_otto_description":"","rank_math_title":"","rank_math_description":"","footnotes":""},"class_list":["post-6913","page","type-page","status-publish","has-post-thumbnail","hentry"],"acf":[],"yoast_head":"<!-- This site is optimized with the Yoast SEO Premium plugin v20.12 (Yoast SEO v25.4) - https:\/\/yoast.com\/wordpress\/plugins\/seo\/ -->\n<title>Fabricaci\u00f3n de prototipos de titanio para dispositivos m\u00e9dicos | AVNA<\/title>\n<meta name=\"description\" content=\"Al fabricar un prototipo de titanio para un stent de v\u00e1lvula card\u00edaca, nuestros procesos personalizados brindaron una calidad y resultados inigualables: lea sobre el Proyecto.\" \/>\n<meta name=\"robots\" content=\"index, follow, max-snippet:-1, max-image-preview:large, max-video-preview:-1\" \/>\n<link rel=\"canonical\" href=\"https:\/\/avna.com\/es\/technical-resources\/king\/\" \/>\n<meta property=\"og:locale\" content=\"es_ES\" \/>\n<meta property=\"og:type\" content=\"article\" \/>\n<meta property=\"og:title\" content=\"Prototipo de Titanio en forma de corona\" \/>\n<meta property=\"og:description\" content=\"Al fabricar un prototipo de titanio para un stent de v\u00e1lvula card\u00edaca, nuestros procesos personalizados brindaron una calidad y resultados inigualables: lea sobre el Proyecto.\" \/>\n<meta property=\"og:url\" content=\"https:\/\/avna.com\/es\/technical-resources\/king\/\" \/>\n<meta property=\"og:site_name\" content=\"AVNA\" \/>\n<meta property=\"article:modified_time\" content=\"2023-04-03T15:55:53+00:00\" \/>\n<meta property=\"og:image\" content=\"https:\/\/avna.com\/wp-content\/uploads\/2018\/12\/Blue-Background-Treatment1.jpg\" \/>\n\t<meta property=\"og:image:width\" content=\"3000\" \/>\n\t<meta property=\"og:image:height\" content=\"1080\" \/>\n\t<meta property=\"og:image:type\" content=\"image\/jpeg\" \/>\n<meta name=\"twitter:card\" content=\"summary_large_image\" \/>\n<meta name=\"twitter:label1\" content=\"Tiempo de lectura\" \/>\n\t<meta name=\"twitter:data1\" content=\"3 minutos\" \/>\n<script type=\"application\/ld+json\" class=\"yoast-schema-graph\">{\"@context\":\"https:\/\/schema.org\",\"@graph\":[{\"@type\":\"WebPage\",\"@id\":\"https:\/\/avna.com\/es\/technical-resources\/king\/\",\"url\":\"https:\/\/avna.com\/es\/technical-resources\/king\/\",\"name\":\"Fabricaci\u00f3n de prototipos de titanio para dispositivos m\u00e9dicos | AVNA\",\"isPartOf\":{\"@id\":\"https:\/\/avna.com\/es\/#website\"},\"primaryImageOfPage\":{\"@id\":\"https:\/\/avna.com\/es\/technical-resources\/king\/#primaryimage\"},\"image\":{\"@id\":\"https:\/\/avna.com\/es\/technical-resources\/king\/#primaryimage\"},\"thumbnailUrl\":\"https:\/\/avna.com\/wp-content\/uploads\/2018\/12\/Blue-Background-Treatment1.jpg\",\"datePublished\":\"2019-08-13T15:59:56+00:00\",\"dateModified\":\"2023-04-03T15:55:53+00:00\",\"description\":\"Al fabricar un prototipo de titanio para un stent de v\u00e1lvula card\u00edaca, nuestros procesos personalizados brindaron una calidad y resultados inigualables: lea sobre el Proyecto.\",\"breadcrumb\":{\"@id\":\"https:\/\/avna.com\/es\/technical-resources\/king\/#breadcrumb\"},\"inLanguage\":\"es\",\"potentialAction\":[{\"@type\":\"ReadAction\",\"target\":[\"https:\/\/avna.com\/es\/technical-resources\/king\/\"]}]},{\"@type\":\"ImageObject\",\"inLanguage\":\"es\",\"@id\":\"https:\/\/avna.com\/es\/technical-resources\/king\/#primaryimage\",\"url\":\"https:\/\/avna.com\/wp-content\/uploads\/2018\/12\/Blue-Background-Treatment1.jpg\",\"contentUrl\":\"https:\/\/avna.com\/wp-content\/uploads\/2018\/12\/Blue-Background-Treatment1.jpg\",\"width\":3000,\"height\":1080},{\"@type\":\"BreadcrumbList\",\"@id\":\"https:\/\/avna.com\/es\/technical-resources\/king\/#breadcrumb\",\"itemListElement\":[{\"@type\":\"ListItem\",\"position\":1,\"name\":\"Home\",\"item\":\"https:\/\/avna.com\/es\/\"},{\"@type\":\"ListItem\",\"position\":2,\"name\":\"Estudios de caso\",\"item\":\"https:\/\/avna.com\/es\/technical-resources\/\"},{\"@type\":\"ListItem\",\"position\":3,\"name\":\"Prototipo de Titanio en forma de corona\"}]},{\"@type\":\"WebSite\",\"@id\":\"https:\/\/avna.com\/es\/#website\",\"url\":\"https:\/\/avna.com\/es\/\",\"name\":\"AVNA\",\"description\":\"Innovation Partners for Life\",\"publisher\":{\"@id\":\"https:\/\/avna.com\/es\/#organization\"},\"potentialAction\":[{\"@type\":\"SearchAction\",\"target\":{\"@type\":\"EntryPoint\",\"urlTemplate\":\"https:\/\/avna.com\/es\/?s={search_term_string}\"},\"query-input\":{\"@type\":\"PropertyValueSpecification\",\"valueRequired\":true,\"valueName\":\"search_term_string\"}}],\"inLanguage\":\"es\"},{\"@type\":\"Organization\",\"@id\":\"https:\/\/avna.com\/es\/#organization\",\"name\":\"AVNA\",\"url\":\"https:\/\/avna.com\/es\/\",\"logo\":{\"@type\":\"ImageObject\",\"inLanguage\":\"es\",\"@id\":\"https:\/\/avna.com\/es\/#\/schema\/logo\/image\/\",\"url\":\"https:\/\/avna.com\/wp-content\/uploads\/2023\/12\/logo-0.png\",\"contentUrl\":\"https:\/\/avna.com\/wp-content\/uploads\/2023\/12\/logo-0.png\",\"width\":387,\"height\":275,\"caption\":\"AVNA\"},\"image\":{\"@id\":\"https:\/\/avna.com\/es\/#\/schema\/logo\/image\/\"}}]}<\/script>\n<!-- \/ Yoast SEO Premium plugin. -->","yoast_head_json":{"title":"Fabricaci\u00f3n de prototipos de titanio para dispositivos m\u00e9dicos | AVNA","description":"Al fabricar un prototipo de titanio para un stent de v\u00e1lvula card\u00edaca, nuestros procesos personalizados brindaron una calidad y resultados inigualables: lea sobre el Proyecto.","robots":{"index":"index","follow":"follow","max-snippet":"max-snippet:-1","max-image-preview":"max-image-preview:large","max-video-preview":"max-video-preview:-1"},"canonical":"https:\/\/avna.com\/es\/technical-resources\/king\/","og_locale":"es_ES","og_type":"article","og_title":"Prototipo de Titanio en forma de corona","og_description":"Al fabricar un prototipo de titanio para un stent de v\u00e1lvula card\u00edaca, nuestros procesos personalizados brindaron una calidad y resultados inigualables: lea sobre el Proyecto.","og_url":"https:\/\/avna.com\/es\/technical-resources\/king\/","og_site_name":"AVNA","article_modified_time":"2023-04-03T15:55:53+00:00","og_image":[{"width":3000,"height":1080,"url":"https:\/\/avna.com\/wp-content\/uploads\/2018\/12\/Blue-Background-Treatment1.jpg","type":"image\/jpeg"}],"twitter_card":"summary_large_image","twitter_misc":{"Tiempo de lectura":"3 minutos"},"schema":{"@context":"https:\/\/schema.org","@graph":[{"@type":"WebPage","@id":"https:\/\/avna.com\/es\/technical-resources\/king\/","url":"https:\/\/avna.com\/es\/technical-resources\/king\/","name":"Fabricaci\u00f3n de prototipos de titanio para dispositivos m\u00e9dicos | AVNA","isPartOf":{"@id":"https:\/\/avna.com\/es\/#website"},"primaryImageOfPage":{"@id":"https:\/\/avna.com\/es\/technical-resources\/king\/#primaryimage"},"image":{"@id":"https:\/\/avna.com\/es\/technical-resources\/king\/#primaryimage"},"thumbnailUrl":"https:\/\/avna.com\/wp-content\/uploads\/2018\/12\/Blue-Background-Treatment1.jpg","datePublished":"2019-08-13T15:59:56+00:00","dateModified":"2023-04-03T15:55:53+00:00","description":"Al fabricar un prototipo de titanio para un stent de v\u00e1lvula card\u00edaca, nuestros procesos personalizados brindaron una calidad y resultados inigualables: lea sobre el Proyecto.","breadcrumb":{"@id":"https:\/\/avna.com\/es\/technical-resources\/king\/#breadcrumb"},"inLanguage":"es","potentialAction":[{"@type":"ReadAction","target":["https:\/\/avna.com\/es\/technical-resources\/king\/"]}]},{"@type":"ImageObject","inLanguage":"es","@id":"https:\/\/avna.com\/es\/technical-resources\/king\/#primaryimage","url":"https:\/\/avna.com\/wp-content\/uploads\/2018\/12\/Blue-Background-Treatment1.jpg","contentUrl":"https:\/\/avna.com\/wp-content\/uploads\/2018\/12\/Blue-Background-Treatment1.jpg","width":3000,"height":1080},{"@type":"BreadcrumbList","@id":"https:\/\/avna.com\/es\/technical-resources\/king\/#breadcrumb","itemListElement":[{"@type":"ListItem","position":1,"name":"Home","item":"https:\/\/avna.com\/es\/"},{"@type":"ListItem","position":2,"name":"Estudios de caso","item":"https:\/\/avna.com\/es\/technical-resources\/"},{"@type":"ListItem","position":3,"name":"Prototipo de Titanio en forma de corona"}]},{"@type":"WebSite","@id":"https:\/\/avna.com\/es\/#website","url":"https:\/\/avna.com\/es\/","name":"AVNA","description":"Innovation Partners for Life","publisher":{"@id":"https:\/\/avna.com\/es\/#organization"},"potentialAction":[{"@type":"SearchAction","target":{"@type":"EntryPoint","urlTemplate":"https:\/\/avna.com\/es\/?s={search_term_string}"},"query-input":{"@type":"PropertyValueSpecification","valueRequired":true,"valueName":"search_term_string"}}],"inLanguage":"es"},{"@type":"Organization","@id":"https:\/\/avna.com\/es\/#organization","name":"AVNA","url":"https:\/\/avna.com\/es\/","logo":{"@type":"ImageObject","inLanguage":"es","@id":"https:\/\/avna.com\/es\/#\/schema\/logo\/image\/","url":"https:\/\/avna.com\/wp-content\/uploads\/2023\/12\/logo-0.png","contentUrl":"https:\/\/avna.com\/wp-content\/uploads\/2023\/12\/logo-0.png","width":387,"height":275,"caption":"AVNA"},"image":{"@id":"https:\/\/avna.com\/es\/#\/schema\/logo\/image\/"}}]}},"_links":{"self":[{"href":"https:\/\/avna.com\/es\/wp-json\/wp\/v2\/pages\/6913","targetHints":{"allow":["GET"]}}],"collection":[{"href":"https:\/\/avna.com\/es\/wp-json\/wp\/v2\/pages"}],"about":[{"href":"https:\/\/avna.com\/es\/wp-json\/wp\/v2\/types\/page"}],"author":[{"embeddable":true,"href":"https:\/\/avna.com\/es\/wp-json\/wp\/v2\/users\/10"}],"replies":[{"embeddable":true,"href":"https:\/\/avna.com\/es\/wp-json\/wp\/v2\/comments?post=6913"}],"version-history":[{"count":11,"href":"https:\/\/avna.com\/es\/wp-json\/wp\/v2\/pages\/6913\/revisions"}],"predecessor-version":[{"id":11286,"href":"https:\/\/avna.com\/es\/wp-json\/wp\/v2\/pages\/6913\/revisions\/11286"}],"up":[{"embeddable":true,"href":"https:\/\/avna.com\/es\/wp-json\/wp\/v2\/pages\/6891"}],"wp:featuredmedia":[{"embeddable":true,"href":"https:\/\/avna.com\/es\/wp-json\/wp\/v2\/media\/6708"}],"wp:attachment":[{"href":"https:\/\/avna.com\/es\/wp-json\/wp\/v2\/media?parent=6913"}],"curies":[{"name":"wp","href":"https:\/\/api.w.org\/{rel}","templated":true}]}}