{"id":6897,"date":"2018-12-13T20:12:17","date_gmt":"2018-12-13T20:12:17","guid":{"rendered":"https:\/\/avna.com\/technical-resources\/articulating-device-laser-tube-assemble-conversion\/"},"modified":"2021-12-03T15:05:36","modified_gmt":"2021-12-03T20:05:36","slug":"articulating-device-laser-tube-assemble-conversion","status":"publish","type":"page","link":"https:\/\/avna.com\/es\/technical-resources\/articulating-device-laser-tube-assemble-conversion\/","title":{"rendered":"Dispositivos de articulaci\u00f3n &#8211; Laser Tube Assemble Conversion"},"content":{"rendered":"\n\n<section class=\"header-block\"><figure class=\"bg\" style=\"background-image: url(https:\/\/avna.com\/wp-content\/uploads\/2018\/12\/Blue-Background-Treatment10.jpg); \"><\/figure><div class=\"section-wrapper\"><div class=\"text-wrapper\"><div class=\"text-background\"><\/div><div class=\"header-image unlock-bottom \" style=\"background-image: url(https:\/\/avna.com\/wp-content\/uploads\/2019\/01\/Tube-A.png);\"><\/div><div class=\"header-text\"><h4><span style=\"color: #ffffff;\">Caso de estudio:<\/span><\/h4>\n<h1>Articulaci\u00f3n de dispositivo endosc\u00f3pico<\/h1>\n<h4>El equipo de AVNA se asoci\u00f3 con un importante fabricante de dispositivos m\u00e9dicos para crear una conversi\u00f3n de ensamblaje de tubo l\u00e1ser que hizo que el dispositivo se comercializara m\u00e1s r\u00e1pido y a un costo menor.<\/h4>\n<p>La articulaci\u00f3n presentaba enlaces individuales conectados entre s\u00ed a trav\u00e9s de resortes soldados con l\u00e1ser, y demuestra las capacidades de precisi\u00f3n de nuestros conjuntos y componentes estampados.<\/p>\n<\/div><\/div><\/div><\/section>\n\n\n<section class=\"wp-block-smart-section-section white-background\"><div class=\"section-wrapper\">\n<h2 class=\"wp-block-heading\" style=\"text-align:center\" id=\"mce_19\">\u00a1No puedo creer que sea un estampado! <\/h2>\n\n\n\n<p>Un importante fabricante de dispositivos m\u00e9dicos estaba desarrollando un dispositivo de endoscopia para cirug\u00edas m\u00ednimamente invasivas. Los requisitos de dise\u00f1o especificaron un tubo de articulaci\u00f3n de bajo costo que podr\u00eda controlarse mediante cables gu\u00eda durante la cirug\u00eda. El tubo de articulaci\u00f3n, tambi\u00e9n conocido como la Articulaci\u00f3n A, permitir\u00eda al cirujano insertar varios instrumentos dentro del tubo mientras realiza un procedimiento.<\/p>\n<\/div><\/section>\n\n\n\n<section class=\"wp-block-smart-section-section\"><div class=\"section-wrapper\">\n<div class=\"wp-block-columns has-2-columns okay-2col-table is-layout-flex wp-container-core-columns-is-layout-9d6595d7 wp-block-columns-is-layout-flex\">\n<div class=\"wp-block-column okay-2col-left is-layout-flow wp-block-column-is-layout-flow\">\n<p>Despu\u00e9s de varios a\u00f1os de desarrollo y propuestas de dise\u00f1o costosas, el cliente le pidi\u00f3 a AVNA que ayudara a desarrollar la Articulaci\u00f3n A, como un conjunto de eslabones y resortes de acero inoxidable estampado pendiente de patente para cumplir con sus objetivos de costo \/ dise\u00f1o. Comenzamos por asociarnos con el cliente para comprender los requisitos cr\u00edticos de la aplicaci\u00f3n.<\/p>\n\n\n\n<p>La fabricaci\u00f3n de la Articulaci\u00f3n A es muy dif\u00edcil debido al complejo proceso de ensamblaje de soldadura, las tolerancias en las dimensiones clave y el costo objetivo. El m\u00e9todo de fabricaci\u00f3n inicial que nuestro cliente consider\u00f3 fue cortar tubos de acero inoxidable con l\u00e1ser&nbsp; y soldar resortes a los enlaces individuales. Para prototipos y aplicaciones de bajo volumen, este m\u00e9todo es muy rentable,&nbsp; sin embargo para requisitos de producci\u00f3n de mayor volumen, un componente soldado con estampado de metal es mucho m\u00e1s rentable.<\/p>\n\n\n\n<p>AVNA invent\u00f3 un proceso pendiente de patente en el que los enlaces de articulaciones individuales se estampan e interconectan como un conjunto completo para mantener sus ubicaciones durante el ensamblaje de soldadura de la articulaci\u00f3n. Primero, todos los enlaces planos interconectados se unen mediante resortes soldados con l\u00e1ser; a continuaci\u00f3n, los enlaces son separados; luego, la Articulaci\u00f3n A ensamblada se conforma en su di\u00e1metro final. Para volver a conectar los extremos abiertos de cada enlace, una costura de operaci\u00f3n l\u00e1ser suelda la \u00faltima fila de resortes internos a trav\u00e9s de cada enlace de extremo a extremo. Esta innovaci\u00f3n mantiene los (14) enlaces individuales de la Articulaci\u00f3n A en posici\u00f3n, antes de soldar los (28) resortes en su lugar.<\/p>\n\n\n\n<p>Estas t\u00e9cnicas de fabricaci\u00f3n patentadas construyeron una Articulaci\u00f3n A a un costo significativamente menor que otros m\u00e9todos. Adem\u00e1s, esta nueva t\u00e9cnica puede ayudar a crear soluciones para una amplia gama de aplicaciones de articulaciones m\u00e9dicas y no m\u00e9dicas con dos beneficios muy significativos: calidad constante y menor costo.<\/p>\n\n\n\n<h4 class=\"wp-block-heading\" id=\"mce_36\">V\u00eda r\u00e1pida a la producci\u00f3n&nbsp;&nbsp;&nbsp;&nbsp;&nbsp;&nbsp; <\/h4>\n\n\n\n<p>Gracias al proceso comprado de producci\u00f3n de prototipos deAVNA,  pudimos utilizar los mismos conceptos de herramientas, secuencia de operaciones y direcci\u00f3n de grano que se utilizar\u00e1n en la herramienta de producci\u00f3n. La replicaci\u00f3n del proceso de estampado y fabricaci\u00f3n durante la etapa de prototipado puede minimizar los costosos cambios posteriores en el proyecto que no se habr\u00edan identificado utilizando el mecanizado u otros m\u00e9todos de creaci\u00f3n de prototipos. Para esta aplicaci\u00f3n, la resistencia de los componentes, el agrietamiento, el acabado de la superficie, las condiciones de los bordes y la capacidad de tolerancia son algunas de las preocupaciones que evaluamos y abordamos.<\/p>\n\n\n\n<p>El estampado y el ensamblaje soldado con l\u00e1ser tambi\u00e9n redujeron significativamente el costo de capital de las herramientas y la preproducci\u00f3n sobre otros m\u00e9todos de fabricaci\u00f3n.<\/p>\n\n\n\n<h4 class=\"wp-block-heading\" id=\"mce_41\"><strong>La l\u00ednea de fondo:<\/strong><\/h4>\n\n\n\n<p>AVNA se asoci\u00f3 en todo el espectro de ingenier\u00eda con nuestro cliente para desarrollar una nueva forma de fabricar un componente altamente sofisticado. Juntos, redujimos significativamente el costo al tiempo que mantuvimos caracter\u00edsticas cr\u00edticas. El proceso final se controla, supervisa y mantiene para producir una pieza de alta calidad de manera consistente. Lo m\u00e1s importante, el cliente obtuvo un mejor componente, por menos.<\/p>\n\n\n\n<h4 class=\"wp-block-heading\" id=\"mce_49\">Principales beneficios:<\/h4>\n\n\n\n<ol class=\"wp-block-list\"><li>El cliente recibe un conjunto estampado de tolerancia extremadamente ajustada con (28) resortes y alta capacidad de proceso a un costo significativamente menor que un conjunto de tubo cortado con l\u00e1ser.<\/li><li>Con la operaci\u00f3n automatizada de soldadura l\u00e1ser y la integraci\u00f3n de la operaci\u00f3n automatizada de formaci\u00f3n de rollos, cada pieza cumple con las especificaciones de impresi\u00f3n sin requerir      operaciones secundarias.<\/li><li>Este esfuerzo de investigaci\u00f3n y desarrollo revela oportunidades para que esta tecnolog\u00eda beneficie a los clientes de varias industrias que pueden reducir los costos con articulaciones estampadas en lugar de utilizar procesos de fabricaci\u00f3n m\u00e1s costosos.<\/li><\/ol>\n<\/div>\n\n\n\n<div class=\"wp-block-column okay-2col-right is-layout-flow wp-block-column-is-layout-flow\">\n<section class=\"wp-block-smart-section-section callout margin-none\"><div class=\"section-wrapper\">\n<div class=\"wp-block-image padding-bottom-none\"><figure class=\"aligncenter is-resized\"><a href=\"https:\/\/avna.com\/es\/design-support-and-development\/nextech-labs\/\"><img decoding=\"async\" src=\"https:\/\/avna.com\/wp-content\/uploads\/2019\/02\/nextech_labs_600x240.png\" alt=\"\" class=\"wp-image-3264\" width=\"253\" height=\"101\" srcset=\"https:\/\/avna.com\/wp-content\/uploads\/2019\/02\/nextech_labs_600x240.png 600w, https:\/\/avna.com\/wp-content\/uploads\/2019\/02\/nextech_labs_600x240-300x120.png 300w, https:\/\/avna.com\/wp-content\/uploads\/2019\/02\/nextech_labs_600x240-100x40.png 100w, https:\/\/avna.com\/wp-content\/uploads\/2019\/02\/nextech_labs_600x240-200x80.png 200w, https:\/\/avna.com\/wp-content\/uploads\/2019\/02\/nextech_labs_600x240-400x160.png 400w\" sizes=\"(max-width: 253px) 100vw, 253px\" \/><\/a><\/figure><\/div>\n\n\n\n<p class=\"has-text-align-center padding-left-right\" style=\"font-size:13px\">Equipo dedicado, personal y recursos que lo llevan al mercado m\u00e1s r\u00e1pido. <a href=\"https:\/\/avna.com\/es\/design-support-and-development\/nextech-labs\/\">Conoce m\u00e1s.<\/a><\/p>\n\n\n\n<div class=\"wp-block-image padding-left-right margin-none\"><figure class=\"aligncenter\"><a href=\"https:\/\/avna.com\/es\/design-support-and-development\/nextech-labs\/\"><img decoding=\"async\" width=\"375\" height=\"342\" src=\"https:\/\/avna.com\/wp-content\/uploads\/2019\/03\/callout-box-layered-edit-ES.png\" alt=\"\" class=\"wp-image-7116\" srcset=\"https:\/\/avna.com\/wp-content\/uploads\/2019\/03\/callout-box-layered-edit-ES.png 375w, https:\/\/avna.com\/wp-content\/uploads\/2019\/03\/callout-box-layered-edit-ES-300x274.png 300w, https:\/\/avna.com\/wp-content\/uploads\/2019\/03\/callout-box-layered-edit-ES-100x91.png 100w, https:\/\/avna.com\/wp-content\/uploads\/2019\/03\/callout-box-layered-edit-ES-200x182.png 200w\" sizes=\"(max-width: 375px) 100vw, 375px\" \/><\/a><\/figure><\/div>\n<\/div><\/section>\n\n\n\n<figure class=\"wp-block-image padding-top\"><img decoding=\"async\" src=\"https:\/\/avna.com\/wp-content\/uploads\/2018\/12\/Articulation-joint-flat1_1200px.jpg\" alt=\"\"\/><\/figure>\n\n\n\n<figure class=\"wp-block-image padding-top\"><img decoding=\"async\" width=\"704\" height=\"424\" src=\"https:\/\/avna.com\/wp-content\/uploads\/2020\/04\/articulating_device_chart-es.jpg\" alt=\"\" class=\"wp-image-6900\" srcset=\"https:\/\/avna.com\/wp-content\/uploads\/2020\/04\/articulating_device_chart-es.jpg 704w, https:\/\/avna.com\/wp-content\/uploads\/2020\/04\/articulating_device_chart-es-300x181.jpg 300w, https:\/\/avna.com\/wp-content\/uploads\/2020\/04\/articulating_device_chart-es-100x60.jpg 100w, https:\/\/avna.com\/wp-content\/uploads\/2020\/04\/articulating_device_chart-es-200x120.jpg 200w, https:\/\/avna.com\/wp-content\/uploads\/2020\/04\/articulating_device_chart-es-400x241.jpg 400w, https:\/\/avna.com\/wp-content\/uploads\/2020\/04\/articulating_device_chart-es-600x361.jpg 600w\" sizes=\"(max-width: 704px) 100vw, 704px\" \/><\/figure>\n<\/div>\n<\/div>\n<\/div><\/section>\n","protected":false},"excerpt":{"rendered":"","protected":false},"author":1,"featured_media":6613,"parent":6891,"menu_order":1,"comment_status":"closed","ping_status":"closed","template":"","meta":{"_acf_changed":false,"_yoast_wpseo_title":"Fabricaci\u00f3n de componentes endosc\u00f3picos | %%sitename%%","_yoast_wpseo_metadesc":"AVNA dise\u00f1\u00f3 una soluci\u00f3n de fabricaci\u00f3n de componentes endosc\u00f3picos que redujo los costos y permiti\u00f3 su comercializaci\u00f3n m\u00e1s r\u00e1pido: conozca m\u00e1s sobre el proyecto.","_metasync_otto_title":"","_metasync_otto_description":"","rank_math_title":"","rank_math_description":"","footnotes":""},"class_list":["post-6897","page","type-page","status-publish","has-post-thumbnail","hentry"],"acf":[],"yoast_head":"<!-- This site is optimized with the Yoast SEO Premium plugin v20.12 (Yoast SEO v25.4) - https:\/\/yoast.com\/wordpress\/plugins\/seo\/ -->\n<title>Fabricaci\u00f3n de componentes endosc\u00f3picos | AVNA<\/title>\n<meta name=\"description\" content=\"AVNA dise\u00f1\u00f3 una soluci\u00f3n de fabricaci\u00f3n de componentes endosc\u00f3picos que redujo los costos y permiti\u00f3 su comercializaci\u00f3n m\u00e1s r\u00e1pido: conozca m\u00e1s sobre el proyecto.\" \/>\n<meta name=\"robots\" content=\"index, follow, max-snippet:-1, max-image-preview:large, max-video-preview:-1\" \/>\n<link rel=\"canonical\" href=\"https:\/\/avna.com\/es\/technical-resources\/articulating-device-laser-tube-assemble-conversion\/\" \/>\n<meta property=\"og:locale\" content=\"es_ES\" \/>\n<meta property=\"og:type\" content=\"article\" \/>\n<meta property=\"og:title\" content=\"Dispositivos de articulaci\u00f3n - Laser Tube Assemble Conversion\" \/>\n<meta property=\"og:description\" content=\"AVNA dise\u00f1\u00f3 una soluci\u00f3n de fabricaci\u00f3n de componentes endosc\u00f3picos que redujo los costos y permiti\u00f3 su comercializaci\u00f3n m\u00e1s r\u00e1pido: conozca m\u00e1s sobre el proyecto.\" \/>\n<meta property=\"og:url\" content=\"https:\/\/avna.com\/es\/technical-resources\/articulating-device-laser-tube-assemble-conversion\/\" \/>\n<meta property=\"og:site_name\" content=\"AVNA\" \/>\n<meta property=\"article:modified_time\" content=\"2021-12-03T20:05:36+00:00\" \/>\n<meta property=\"og:image\" content=\"https:\/\/avna.com\/wp-content\/uploads\/2018\/12\/Blue-Background-Treatment10.jpg\" \/>\n\t<meta property=\"og:image:width\" content=\"3000\" \/>\n\t<meta property=\"og:image:height\" content=\"1080\" \/>\n\t<meta property=\"og:image:type\" content=\"image\/jpeg\" \/>\n<meta name=\"twitter:card\" content=\"summary_large_image\" \/>\n<meta name=\"twitter:label1\" content=\"Tiempo de lectura\" \/>\n\t<meta name=\"twitter:data1\" content=\"4 minutos\" \/>\n<script type=\"application\/ld+json\" class=\"yoast-schema-graph\">{\"@context\":\"https:\/\/schema.org\",\"@graph\":[{\"@type\":\"WebPage\",\"@id\":\"https:\/\/avna.com\/es\/technical-resources\/articulating-device-laser-tube-assemble-conversion\/\",\"url\":\"https:\/\/avna.com\/es\/technical-resources\/articulating-device-laser-tube-assemble-conversion\/\",\"name\":\"Fabricaci\u00f3n de componentes endosc\u00f3picos | AVNA\",\"isPartOf\":{\"@id\":\"https:\/\/avna.com\/es\/#website\"},\"primaryImageOfPage\":{\"@id\":\"https:\/\/avna.com\/es\/technical-resources\/articulating-device-laser-tube-assemble-conversion\/#primaryimage\"},\"image\":{\"@id\":\"https:\/\/avna.com\/es\/technical-resources\/articulating-device-laser-tube-assemble-conversion\/#primaryimage\"},\"thumbnailUrl\":\"https:\/\/avna.com\/wp-content\/uploads\/2018\/12\/Blue-Background-Treatment10.jpg\",\"datePublished\":\"2018-12-13T20:12:17+00:00\",\"dateModified\":\"2021-12-03T20:05:36+00:00\",\"description\":\"AVNA dise\u00f1\u00f3 una soluci\u00f3n de fabricaci\u00f3n de componentes endosc\u00f3picos que redujo los costos y permiti\u00f3 su comercializaci\u00f3n m\u00e1s r\u00e1pido: conozca m\u00e1s sobre el proyecto.\",\"breadcrumb\":{\"@id\":\"https:\/\/avna.com\/es\/technical-resources\/articulating-device-laser-tube-assemble-conversion\/#breadcrumb\"},\"inLanguage\":\"es\",\"potentialAction\":[{\"@type\":\"ReadAction\",\"target\":[\"https:\/\/avna.com\/es\/technical-resources\/articulating-device-laser-tube-assemble-conversion\/\"]}]},{\"@type\":\"ImageObject\",\"inLanguage\":\"es\",\"@id\":\"https:\/\/avna.com\/es\/technical-resources\/articulating-device-laser-tube-assemble-conversion\/#primaryimage\",\"url\":\"https:\/\/avna.com\/wp-content\/uploads\/2018\/12\/Blue-Background-Treatment10.jpg\",\"contentUrl\":\"https:\/\/avna.com\/wp-content\/uploads\/2018\/12\/Blue-Background-Treatment10.jpg\",\"width\":3000,\"height\":1080},{\"@type\":\"BreadcrumbList\",\"@id\":\"https:\/\/avna.com\/es\/technical-resources\/articulating-device-laser-tube-assemble-conversion\/#breadcrumb\",\"itemListElement\":[{\"@type\":\"ListItem\",\"position\":1,\"name\":\"Home\",\"item\":\"https:\/\/avna.com\/es\/\"},{\"@type\":\"ListItem\",\"position\":2,\"name\":\"Estudios de caso\",\"item\":\"https:\/\/avna.com\/es\/technical-resources\/\"},{\"@type\":\"ListItem\",\"position\":3,\"name\":\"Dispositivos de articulaci\u00f3n &#8211; Laser Tube Assemble Conversion\"}]},{\"@type\":\"WebSite\",\"@id\":\"https:\/\/avna.com\/es\/#website\",\"url\":\"https:\/\/avna.com\/es\/\",\"name\":\"AVNA\",\"description\":\"Innovation Partners for Life\",\"publisher\":{\"@id\":\"https:\/\/avna.com\/es\/#organization\"},\"potentialAction\":[{\"@type\":\"SearchAction\",\"target\":{\"@type\":\"EntryPoint\",\"urlTemplate\":\"https:\/\/avna.com\/es\/?s={search_term_string}\"},\"query-input\":{\"@type\":\"PropertyValueSpecification\",\"valueRequired\":true,\"valueName\":\"search_term_string\"}}],\"inLanguage\":\"es\"},{\"@type\":\"Organization\",\"@id\":\"https:\/\/avna.com\/es\/#organization\",\"name\":\"AVNA\",\"url\":\"https:\/\/avna.com\/es\/\",\"logo\":{\"@type\":\"ImageObject\",\"inLanguage\":\"es\",\"@id\":\"https:\/\/avna.com\/es\/#\/schema\/logo\/image\/\",\"url\":\"https:\/\/avna.com\/wp-content\/uploads\/2023\/12\/logo-0.png\",\"contentUrl\":\"https:\/\/avna.com\/wp-content\/uploads\/2023\/12\/logo-0.png\",\"width\":387,\"height\":275,\"caption\":\"AVNA\"},\"image\":{\"@id\":\"https:\/\/avna.com\/es\/#\/schema\/logo\/image\/\"}}]}<\/script>\n<!-- \/ Yoast SEO Premium plugin. -->","yoast_head_json":{"title":"Fabricaci\u00f3n de componentes endosc\u00f3picos | AVNA","description":"AVNA dise\u00f1\u00f3 una soluci\u00f3n de fabricaci\u00f3n de componentes endosc\u00f3picos que redujo los costos y permiti\u00f3 su comercializaci\u00f3n m\u00e1s r\u00e1pido: conozca m\u00e1s sobre el proyecto.","robots":{"index":"index","follow":"follow","max-snippet":"max-snippet:-1","max-image-preview":"max-image-preview:large","max-video-preview":"max-video-preview:-1"},"canonical":"https:\/\/avna.com\/es\/technical-resources\/articulating-device-laser-tube-assemble-conversion\/","og_locale":"es_ES","og_type":"article","og_title":"Dispositivos de articulaci\u00f3n - Laser Tube Assemble Conversion","og_description":"AVNA dise\u00f1\u00f3 una soluci\u00f3n de fabricaci\u00f3n de componentes endosc\u00f3picos que redujo los costos y permiti\u00f3 su comercializaci\u00f3n m\u00e1s r\u00e1pido: conozca m\u00e1s sobre el proyecto.","og_url":"https:\/\/avna.com\/es\/technical-resources\/articulating-device-laser-tube-assemble-conversion\/","og_site_name":"AVNA","article_modified_time":"2021-12-03T20:05:36+00:00","og_image":[{"width":3000,"height":1080,"url":"https:\/\/avna.com\/wp-content\/uploads\/2018\/12\/Blue-Background-Treatment10.jpg","type":"image\/jpeg"}],"twitter_card":"summary_large_image","twitter_misc":{"Tiempo de lectura":"4 minutos"},"schema":{"@context":"https:\/\/schema.org","@graph":[{"@type":"WebPage","@id":"https:\/\/avna.com\/es\/technical-resources\/articulating-device-laser-tube-assemble-conversion\/","url":"https:\/\/avna.com\/es\/technical-resources\/articulating-device-laser-tube-assemble-conversion\/","name":"Fabricaci\u00f3n de componentes endosc\u00f3picos | AVNA","isPartOf":{"@id":"https:\/\/avna.com\/es\/#website"},"primaryImageOfPage":{"@id":"https:\/\/avna.com\/es\/technical-resources\/articulating-device-laser-tube-assemble-conversion\/#primaryimage"},"image":{"@id":"https:\/\/avna.com\/es\/technical-resources\/articulating-device-laser-tube-assemble-conversion\/#primaryimage"},"thumbnailUrl":"https:\/\/avna.com\/wp-content\/uploads\/2018\/12\/Blue-Background-Treatment10.jpg","datePublished":"2018-12-13T20:12:17+00:00","dateModified":"2021-12-03T20:05:36+00:00","description":"AVNA dise\u00f1\u00f3 una soluci\u00f3n de fabricaci\u00f3n de componentes endosc\u00f3picos que redujo los costos y permiti\u00f3 su comercializaci\u00f3n m\u00e1s r\u00e1pido: conozca m\u00e1s sobre el proyecto.","breadcrumb":{"@id":"https:\/\/avna.com\/es\/technical-resources\/articulating-device-laser-tube-assemble-conversion\/#breadcrumb"},"inLanguage":"es","potentialAction":[{"@type":"ReadAction","target":["https:\/\/avna.com\/es\/technical-resources\/articulating-device-laser-tube-assemble-conversion\/"]}]},{"@type":"ImageObject","inLanguage":"es","@id":"https:\/\/avna.com\/es\/technical-resources\/articulating-device-laser-tube-assemble-conversion\/#primaryimage","url":"https:\/\/avna.com\/wp-content\/uploads\/2018\/12\/Blue-Background-Treatment10.jpg","contentUrl":"https:\/\/avna.com\/wp-content\/uploads\/2018\/12\/Blue-Background-Treatment10.jpg","width":3000,"height":1080},{"@type":"BreadcrumbList","@id":"https:\/\/avna.com\/es\/technical-resources\/articulating-device-laser-tube-assemble-conversion\/#breadcrumb","itemListElement":[{"@type":"ListItem","position":1,"name":"Home","item":"https:\/\/avna.com\/es\/"},{"@type":"ListItem","position":2,"name":"Estudios de caso","item":"https:\/\/avna.com\/es\/technical-resources\/"},{"@type":"ListItem","position":3,"name":"Dispositivos de articulaci\u00f3n &#8211; Laser Tube Assemble Conversion"}]},{"@type":"WebSite","@id":"https:\/\/avna.com\/es\/#website","url":"https:\/\/avna.com\/es\/","name":"AVNA","description":"Innovation Partners for Life","publisher":{"@id":"https:\/\/avna.com\/es\/#organization"},"potentialAction":[{"@type":"SearchAction","target":{"@type":"EntryPoint","urlTemplate":"https:\/\/avna.com\/es\/?s={search_term_string}"},"query-input":{"@type":"PropertyValueSpecification","valueRequired":true,"valueName":"search_term_string"}}],"inLanguage":"es"},{"@type":"Organization","@id":"https:\/\/avna.com\/es\/#organization","name":"AVNA","url":"https:\/\/avna.com\/es\/","logo":{"@type":"ImageObject","inLanguage":"es","@id":"https:\/\/avna.com\/es\/#\/schema\/logo\/image\/","url":"https:\/\/avna.com\/wp-content\/uploads\/2023\/12\/logo-0.png","contentUrl":"https:\/\/avna.com\/wp-content\/uploads\/2023\/12\/logo-0.png","width":387,"height":275,"caption":"AVNA"},"image":{"@id":"https:\/\/avna.com\/es\/#\/schema\/logo\/image\/"}}]}},"_links":{"self":[{"href":"https:\/\/avna.com\/es\/wp-json\/wp\/v2\/pages\/6897","targetHints":{"allow":["GET"]}}],"collection":[{"href":"https:\/\/avna.com\/es\/wp-json\/wp\/v2\/pages"}],"about":[{"href":"https:\/\/avna.com\/es\/wp-json\/wp\/v2\/types\/page"}],"author":[{"embeddable":true,"href":"https:\/\/avna.com\/es\/wp-json\/wp\/v2\/users\/1"}],"replies":[{"embeddable":true,"href":"https:\/\/avna.com\/es\/wp-json\/wp\/v2\/comments?post=6897"}],"version-history":[{"count":7,"href":"https:\/\/avna.com\/es\/wp-json\/wp\/v2\/pages\/6897\/revisions"}],"predecessor-version":[{"id":9340,"href":"https:\/\/avna.com\/es\/wp-json\/wp\/v2\/pages\/6897\/revisions\/9340"}],"up":[{"embeddable":true,"href":"https:\/\/avna.com\/es\/wp-json\/wp\/v2\/pages\/6891"}],"wp:featuredmedia":[{"embeddable":true,"href":"https:\/\/avna.com\/es\/wp-json\/wp\/v2\/media\/6613"}],"wp:attachment":[{"href":"https:\/\/avna.com\/es\/wp-json\/wp\/v2\/media?parent=6897"}],"curies":[{"name":"wp","href":"https:\/\/api.w.org\/{rel}","templated":true}]}}