{"id":6891,"date":"2018-12-13T20:12:17","date_gmt":"2018-12-13T20:12:17","guid":{"rendered":"https:\/\/avna.com\/technical-resources\/"},"modified":"2023-12-28T15:57:53","modified_gmt":"2023-12-28T20:57:53","slug":"technical-resources","status":"publish","type":"page","link":"https:\/\/avna.com\/es\/technical-resources\/","title":{"rendered":"Estudios de caso"},"content":{"rendered":"\n\n<section class=\"header-block\"><figure class=\"bg\" style=\"background-image: url(https:\/\/avna.com\/wp-content\/uploads\/2018\/12\/Blue-Background-Treatment5.jpg); \"><\/figure><div class=\"section-wrapper\"><div class=\"text-wrapper\"><div class=\"text-background\"><\/div><div class=\"header-image lock-to-right \" style=\"background-image: url(https:\/\/avna.com\/wp-content\/uploads\/2023\/12\/avna-case-studies.png);\"><\/div><div class=\"header-text\"><h1>Recursos para la fabricaci\u00f3n de productos m\u00e9dicos<\/h1>\n<h2>Casos de estudio<\/h2>\n<p><strong>Combinando equipos de \u00faltima generaci\u00f3n, tecnolog\u00edas y experiencia, el equipo de AVNA ofrece una amplia gama de soluciones para la manufactura de alta precisi\u00f3n de dispositivos m\u00e9dicos.<\/strong><\/p>\n<p>En AVNA,  nos impulsa la innovaci\u00f3n y la invenci\u00f3n. Aprovechamos tecnolog\u00edas avanzadas y sistemas de fabricaci\u00f3n modernos para ofrecer precisi\u00f3n y cumplimiento. Nuestra excelencia ha sido ampliamente galardonada y es reconocida por los OEMs m\u00e1s grandes del mundo; ofrecemos asistencia integral para proyectos de manufactura de componentes cr\u00edticos para conjuntos y subconjuntos. Con los m\u00e1s altos est\u00e1ndares de calidad, los clientes conf\u00edan en nosotros para cumplir incluso con los requisitos m\u00e1s exigentes de los proyectos de manufactura de dispositivos m\u00e9dicos.<\/p>\n<\/div><\/div><\/div><\/section>\n\n\n<section class=\"wp-block-smart-section-section white-background\"><div class=\"section-wrapper\">\n<h2 class=\"has-text-align-center wp-block-heading\" id=\"mce_19\">Un compromiso con la excelencia sin igual en equipamiento y experiencia.<\/h2>\n\n\n\n<p>Cuando combinas expertos l\u00edderes en manufactura de alta precisi\u00f3n de dispositivos m\u00e9dicos con tecnolog\u00edas y recursos de vanguardia, y agregas innovaci\u00f3n centrada en el cliente, obtienes los mejores resultados. Nuestro experimentado equipo de ingenieros, fabricantes de herramientas y especialistas en producci\u00f3n han desarrollado procesos centrados en el cliente que est\u00e1n dise\u00f1ados para el cumplimiento y la excelencia en cada paso. Maximizamos nuestra amplia gama de recursos t\u00e9cnicos, de equipos y recursos humanos a trav\u00e9s de procesos de colaboraci\u00f3n, resolviendo desaf\u00edos de dise\u00f1o y fabricaci\u00f3n y entregando piezas que permiten a nuestros clientes mejorar la salud y la vida.<\/p>\n<\/div><\/section>\n\n\n\n<section class=\"wp-block-smart-section-section\"><div class=\"section-wrapper\">\n<div class=\"wp-block-columns has-2-columns okay-2col-table is-layout-flex wp-container-core-columns-is-layout-9d6595d7 wp-block-columns-is-layout-flex\">\n<div class=\"wp-block-column okay-2col-left is-layout-flow wp-block-column-is-layout-flow\">\n<p>Con una amplia gama de <a href=\"https:\/\/avna.com\/es\/capabilities\/\">capacidades<\/a> de manufactura de alta precisi\u00f3n de dispositivos m\u00e9dicos, nuestro equipo ha entregado resultados que otros consideraban imposibles. Hemos aprovechado nuestros recursos tecnol\u00f3gicos avanzados en proyectos y aplicaciones notables, que incluyen:<\/p>\n\n\n\n<ul class=\"wp-block-list\">\n<li><a href=\"https:\/\/avna.com\/es\/technical-resources\/articulating-device-laser-tube-assemble-conversion\/\">Dispositivo de articulaci\u00f3n: conversi\u00f3n del conjunto del tubo l\u00e1ser<\/a><\/li>\n\n\n\n<li><a href=\"https:\/\/avna.com\/es\/technical-resources\/articulating-device-laser-tube-assemble-conversion\/\">Dispositivo LAR en forma de herradura<\/a><\/li>\n\n\n\n<li><a href=\"https:\/\/avna.com\/es\/technical-resources\/king\/\">Prototipo de titanio en forma de corona<\/a><\/li>\n\n\n\n<li><a href=\"https:\/\/avna.com\/es\/technical-resources\/titanium-stamping-cost-savings\/\">Estampado de titanio y ahorro de costes<\/a><\/li>\n\n\n\n<li><a href=\"https:\/\/avna.com\/es\/technical-resources\/automotive-cold-rolled-part\/\">Empujador rotativo conformado en fr\u00edo<\/a><\/li>\n<\/ul>\n\n\n\n<p>Nuestros ingenieros y especialistas en producci\u00f3n siempre est\u00e1n listos para compartir nuestros conocimientos t\u00e9cnicos, recursos y capacidades con nuestros clientes. Conozca m\u00e1s sobre nuestros <a href=\"https:\/\/avna.com\/es\/contact-us\/news-shows\">Eventos de Aprendizaje<\/a>, en los que nuestro equipo se dirige a usted, con programaci\u00f3n especializada dise\u00f1ada para ayudarlo a mejorar la eficiencia y avanzar en la comprensi\u00f3n de nuestras capacidades de manufactura de alta precisi\u00f3n de dispositivos m\u00e9dicos.<\/p>\n<\/div>\n\n\n\n<div class=\"wp-block-column okay-2col-right is-layout-flow wp-block-column-is-layout-flow\">\n<section class=\"wp-block-smart-section-section callout margin-none\"><div class=\"section-wrapper\">\n<div class=\"wp-block-image padding-bottom-none\"><figure class=\"aligncenter is-resized\"><a href=\"https:\/\/avna.com\/es\/design-support-and-development\/nextech-labs\/\"><img decoding=\"async\" src=\"https:\/\/avna.com\/wp-content\/uploads\/2019\/02\/nextech_labs_600x240.png\" alt=\"\" class=\"wp-image-3264\" width=\"253\" height=\"101\" srcset=\"https:\/\/avna.com\/wp-content\/uploads\/2019\/02\/nextech_labs_600x240.png 600w, https:\/\/avna.com\/wp-content\/uploads\/2019\/02\/nextech_labs_600x240-300x120.png 300w, https:\/\/avna.com\/wp-content\/uploads\/2019\/02\/nextech_labs_600x240-100x40.png 100w, https:\/\/avna.com\/wp-content\/uploads\/2019\/02\/nextech_labs_600x240-200x80.png 200w, https:\/\/avna.com\/wp-content\/uploads\/2019\/02\/nextech_labs_600x240-400x160.png 400w\" sizes=\"(max-width: 253px) 100vw, 253px\" \/><\/a><\/figure><\/div>\n\n\n\n<p class=\"has-text-align-center padding-left-right\" style=\"font-size:13px\">Equipo dedicado, personal y recursos que lo llevan al mercado m\u00e1s r\u00e1pido. <a href=\"https:\/\/avna.com\/es\/design-support-and-development\/nextech-labs\/\">Conoce m\u00e1s.<\/a><\/p>\n\n\n\n<div class=\"wp-block-image padding-left-right margin-none\"><figure class=\"aligncenter\"><a href=\"https:\/\/avna.com\/es\/design-support-and-development\/nextech-labs\/\"><img decoding=\"async\" width=\"375\" height=\"342\" src=\"https:\/\/avna.com\/wp-content\/uploads\/2019\/03\/callout-box-layered-edit-ES.png\" alt=\"\" class=\"wp-image-7116\" srcset=\"https:\/\/avna.com\/wp-content\/uploads\/2019\/03\/callout-box-layered-edit-ES.png 375w, https:\/\/avna.com\/wp-content\/uploads\/2019\/03\/callout-box-layered-edit-ES-300x274.png 300w, https:\/\/avna.com\/wp-content\/uploads\/2019\/03\/callout-box-layered-edit-ES-100x91.png 100w, https:\/\/avna.com\/wp-content\/uploads\/2019\/03\/callout-box-layered-edit-ES-200x182.png 200w\" sizes=\"(max-width: 375px) 100vw, 375px\" \/><\/a><\/figure><\/div>\n<\/div><\/section>\n<\/div>\n<\/div>\n\n\n\n<div class=\"wp-block-media-text alignwide has-media-on-the-right is-stacked-on-mobile callout-image cta-it\" style=\"grid-template-columns:auto 49%\"><div class=\"wp-block-media-text__content\">\n<h3 class=\"wp-block-heading\">Capacidades y soluciones que son <em>Part&nbsp;of&nbsp;Something&nbsp;Greater<\/em><\/h3>\n\n\n\n<p class=\"has-regular-font-size\">Todo el equipo de AVNA  es responsable de la calidad y est\u00e1 capacitado para garantizar que nuestros servicios de manufactura de alta precisi\u00f3n de dispositivos m\u00e9dicos superen sus expectativas. Nuestros expertos en <a href=\"https:\/\/avna.com\/capabilities\/engineering\/?lang=es\">ingenier\u00eda<\/a>, <a href=\"https:\/\/avna.com\/es\/design-support-and-development\/design-for-manufacturability\/\">dise\u00f1o para la manufactura<\/a>, <a href=\"https:\/\/avna.com\/design-support-and-development\/design-for-automation\/?lang=es\">dise\u00f1o para la automatizaci\u00f3n<\/a> y <a href=\"https:\/\/avna.com\/es\/design-support-and-development\/partners-not-just-project-management\/\">gesti\u00f3n de proyectos<\/a> siempre est\u00e1n disponibles para revisar su aplicaci\u00f3n o asesorarle sobre c\u00f3mo podemos llevarlo al mercado m\u00e1s r\u00e1pido, con mejores resultados y menores costos. Obtenga m\u00e1s informaci\u00f3n sobre nuestras <a href=\"https:\/\/avna.com\/es\/capabilities\/\">capacidades<\/a> de manufactura de alta precisi\u00f3n de dispositivos m\u00e9dicos, o <a href=\"https:\/\/avna.com\/es\/contact-us\/\">cont\u00e1ctenos<\/a> hoy para obtener m\u00e1s informaci\u00f3n.<\/p>\n\n\n\n<p><a href=\"https:\/\/avna.com\/es\/contact-us\/\">Cont\u00e1ctenos<\/a> o programe una cita en nuestros <a href=\"https:\/\/avna.com\/es\/design-support-and-development\/nextech-labs\/\">Laboratorios NexTech<\/a> y descubra c\u00f3mo nuestra colaboraci\u00f3n centrada en el cliente mejorar\u00e1 los resultados en su pr\u00f3ximo proyecto.<\/p>\n<\/div><figure class=\"wp-block-media-text__media\"><img decoding=\"async\" width=\"818\" height=\"425\" src=\"https:\/\/avna.com\/wp-content\/uploads\/2019\/01\/P2744002_callout_images_818x425px.jpg\" alt=\"\" class=\"wp-image-2419 size-full\" srcset=\"https:\/\/avna.com\/wp-content\/uploads\/2019\/01\/P2744002_callout_images_818x425px.jpg 818w, https:\/\/avna.com\/wp-content\/uploads\/2019\/01\/P2744002_callout_images_818x425px-300x156.jpg 300w, https:\/\/avna.com\/wp-content\/uploads\/2019\/01\/P2744002_callout_images_818x425px-768x399.jpg 768w, https:\/\/avna.com\/wp-content\/uploads\/2019\/01\/P2744002_callout_images_818x425px-100x52.jpg 100w, https:\/\/avna.com\/wp-content\/uploads\/2019\/01\/P2744002_callout_images_818x425px-200x104.jpg 200w, https:\/\/avna.com\/wp-content\/uploads\/2019\/01\/P2744002_callout_images_818x425px-400x208.jpg 400w, https:\/\/avna.com\/wp-content\/uploads\/2019\/01\/P2744002_callout_images_818x425px-600x312.jpg 600w, https:\/\/avna.com\/wp-content\/uploads\/2019\/01\/P2744002_callout_images_818x425px-800x416.jpg 800w\" sizes=\"(max-width: 818px) 100vw, 818px\" \/><\/figure><\/div>\n<\/div><\/section>\n","protected":false},"excerpt":{"rendered":"","protected":false},"author":1,"featured_media":6741,"parent":0,"menu_order":4,"comment_status":"closed","ping_status":"closed","template":"","meta":{"_acf_changed":false,"_yoast_wpseo_title":"Recursos de manufactura de alta precisi\u00f3n de dispositivos m\u00e9dicos | %%sitename%%","_yoast_wpseo_metadesc":"Nuestra experiencia y recursos t\u00e9cnicos ofrecen el servicio de manufactura de alta precisi\u00f3n de dispositivos m\u00e9dicos de alta confiabilidad: conozca nuestros proyectos y soluciones.","_metasync_otto_title":"","_metasync_otto_description":"","rank_math_title":"","rank_math_description":"","footnotes":""},"class_list":["post-6891","page","type-page","status-publish","has-post-thumbnail","hentry"],"acf":[],"yoast_head":"<!-- This site is optimized with the Yoast SEO Premium plugin v20.12 (Yoast SEO v25.4) - https:\/\/yoast.com\/wordpress\/plugins\/seo\/ -->\n<title>Recursos de manufactura de alta precisi\u00f3n de dispositivos m\u00e9dicos | AVNA<\/title>\n<meta name=\"description\" content=\"Nuestra experiencia y recursos t\u00e9cnicos ofrecen el servicio de manufactura de alta precisi\u00f3n de dispositivos m\u00e9dicos de alta confiabilidad: conozca nuestros proyectos y soluciones.\" \/>\n<meta name=\"robots\" content=\"index, follow, max-snippet:-1, max-image-preview:large, max-video-preview:-1\" \/>\n<link rel=\"canonical\" href=\"https:\/\/avna.com\/es\/technical-resources\/\" \/>\n<meta property=\"og:locale\" content=\"es_ES\" \/>\n<meta property=\"og:type\" content=\"article\" \/>\n<meta property=\"og:title\" content=\"Estudios de caso\" \/>\n<meta property=\"og:description\" content=\"Nuestra experiencia y recursos t\u00e9cnicos ofrecen el servicio de manufactura de alta precisi\u00f3n de dispositivos m\u00e9dicos de alta confiabilidad: conozca nuestros proyectos y soluciones.\" \/>\n<meta property=\"og:url\" content=\"https:\/\/avna.com\/es\/technical-resources\/\" \/>\n<meta property=\"og:site_name\" content=\"AVNA\" \/>\n<meta property=\"article:modified_time\" content=\"2023-12-28T20:57:53+00:00\" \/>\n<meta property=\"og:image\" content=\"https:\/\/avna.com\/wp-content\/uploads\/2018\/12\/Blue-Background-Treatment5.jpg\" \/>\n\t<meta property=\"og:image:width\" content=\"3000\" \/>\n\t<meta property=\"og:image:height\" content=\"1080\" \/>\n\t<meta property=\"og:image:type\" content=\"image\/jpeg\" \/>\n<meta name=\"twitter:card\" content=\"summary_large_image\" \/>\n<meta name=\"twitter:label1\" content=\"Tiempo de lectura\" \/>\n\t<meta name=\"twitter:data1\" content=\"2 minutos\" \/>\n<script type=\"application\/ld+json\" class=\"yoast-schema-graph\">{\"@context\":\"https:\/\/schema.org\",\"@graph\":[{\"@type\":\"WebPage\",\"@id\":\"https:\/\/avna.com\/es\/technical-resources\/\",\"url\":\"https:\/\/avna.com\/es\/technical-resources\/\",\"name\":\"Recursos de manufactura de alta precisi\u00f3n de dispositivos m\u00e9dicos | AVNA\",\"isPartOf\":{\"@id\":\"https:\/\/avna.com\/es\/#website\"},\"primaryImageOfPage\":{\"@id\":\"https:\/\/avna.com\/es\/technical-resources\/#primaryimage\"},\"image\":{\"@id\":\"https:\/\/avna.com\/es\/technical-resources\/#primaryimage\"},\"thumbnailUrl\":\"https:\/\/avna.com\/wp-content\/uploads\/2018\/12\/Blue-Background-Treatment5.jpg\",\"datePublished\":\"2018-12-13T20:12:17+00:00\",\"dateModified\":\"2023-12-28T20:57:53+00:00\",\"description\":\"Nuestra experiencia y recursos t\u00e9cnicos ofrecen el servicio de manufactura de alta precisi\u00f3n de dispositivos m\u00e9dicos de alta confiabilidad: conozca nuestros proyectos y soluciones.\",\"breadcrumb\":{\"@id\":\"https:\/\/avna.com\/es\/technical-resources\/#breadcrumb\"},\"inLanguage\":\"es\",\"potentialAction\":[{\"@type\":\"ReadAction\",\"target\":[\"https:\/\/avna.com\/es\/technical-resources\/\"]}]},{\"@type\":\"ImageObject\",\"inLanguage\":\"es\",\"@id\":\"https:\/\/avna.com\/es\/technical-resources\/#primaryimage\",\"url\":\"https:\/\/avna.com\/wp-content\/uploads\/2018\/12\/Blue-Background-Treatment5.jpg\",\"contentUrl\":\"https:\/\/avna.com\/wp-content\/uploads\/2018\/12\/Blue-Background-Treatment5.jpg\",\"width\":3000,\"height\":1080},{\"@type\":\"BreadcrumbList\",\"@id\":\"https:\/\/avna.com\/es\/technical-resources\/#breadcrumb\",\"itemListElement\":[{\"@type\":\"ListItem\",\"position\":1,\"name\":\"Home\",\"item\":\"https:\/\/avna.com\/es\/\"},{\"@type\":\"ListItem\",\"position\":2,\"name\":\"Estudios de caso\"}]},{\"@type\":\"WebSite\",\"@id\":\"https:\/\/avna.com\/es\/#website\",\"url\":\"https:\/\/avna.com\/es\/\",\"name\":\"AVNA\",\"description\":\"Innovation Partners for Life\",\"publisher\":{\"@id\":\"https:\/\/avna.com\/es\/#organization\"},\"potentialAction\":[{\"@type\":\"SearchAction\",\"target\":{\"@type\":\"EntryPoint\",\"urlTemplate\":\"https:\/\/avna.com\/es\/?s={search_term_string}\"},\"query-input\":{\"@type\":\"PropertyValueSpecification\",\"valueRequired\":true,\"valueName\":\"search_term_string\"}}],\"inLanguage\":\"es\"},{\"@type\":\"Organization\",\"@id\":\"https:\/\/avna.com\/es\/#organization\",\"name\":\"AVNA\",\"url\":\"https:\/\/avna.com\/es\/\",\"logo\":{\"@type\":\"ImageObject\",\"inLanguage\":\"es\",\"@id\":\"https:\/\/avna.com\/es\/#\/schema\/logo\/image\/\",\"url\":\"https:\/\/avna.com\/wp-content\/uploads\/2023\/12\/logo-0.png\",\"contentUrl\":\"https:\/\/avna.com\/wp-content\/uploads\/2023\/12\/logo-0.png\",\"width\":387,\"height\":275,\"caption\":\"AVNA\"},\"image\":{\"@id\":\"https:\/\/avna.com\/es\/#\/schema\/logo\/image\/\"}}]}<\/script>\n<!-- \/ Yoast SEO Premium plugin. -->","yoast_head_json":{"title":"Recursos de manufactura de alta precisi\u00f3n de dispositivos m\u00e9dicos | AVNA","description":"Nuestra experiencia y recursos t\u00e9cnicos ofrecen el servicio de manufactura de alta precisi\u00f3n de dispositivos m\u00e9dicos de alta confiabilidad: conozca nuestros proyectos y soluciones.","robots":{"index":"index","follow":"follow","max-snippet":"max-snippet:-1","max-image-preview":"max-image-preview:large","max-video-preview":"max-video-preview:-1"},"canonical":"https:\/\/avna.com\/es\/technical-resources\/","og_locale":"es_ES","og_type":"article","og_title":"Estudios de caso","og_description":"Nuestra experiencia y recursos t\u00e9cnicos ofrecen el servicio de manufactura de alta precisi\u00f3n de dispositivos m\u00e9dicos de alta confiabilidad: conozca nuestros proyectos y soluciones.","og_url":"https:\/\/avna.com\/es\/technical-resources\/","og_site_name":"AVNA","article_modified_time":"2023-12-28T20:57:53+00:00","og_image":[{"width":3000,"height":1080,"url":"https:\/\/avna.com\/wp-content\/uploads\/2018\/12\/Blue-Background-Treatment5.jpg","type":"image\/jpeg"}],"twitter_card":"summary_large_image","twitter_misc":{"Tiempo de lectura":"2 minutos"},"schema":{"@context":"https:\/\/schema.org","@graph":[{"@type":"WebPage","@id":"https:\/\/avna.com\/es\/technical-resources\/","url":"https:\/\/avna.com\/es\/technical-resources\/","name":"Recursos de manufactura de alta precisi\u00f3n de dispositivos m\u00e9dicos | AVNA","isPartOf":{"@id":"https:\/\/avna.com\/es\/#website"},"primaryImageOfPage":{"@id":"https:\/\/avna.com\/es\/technical-resources\/#primaryimage"},"image":{"@id":"https:\/\/avna.com\/es\/technical-resources\/#primaryimage"},"thumbnailUrl":"https:\/\/avna.com\/wp-content\/uploads\/2018\/12\/Blue-Background-Treatment5.jpg","datePublished":"2018-12-13T20:12:17+00:00","dateModified":"2023-12-28T20:57:53+00:00","description":"Nuestra experiencia y recursos t\u00e9cnicos ofrecen el servicio de manufactura de alta precisi\u00f3n de dispositivos m\u00e9dicos de alta confiabilidad: conozca nuestros proyectos y soluciones.","breadcrumb":{"@id":"https:\/\/avna.com\/es\/technical-resources\/#breadcrumb"},"inLanguage":"es","potentialAction":[{"@type":"ReadAction","target":["https:\/\/avna.com\/es\/technical-resources\/"]}]},{"@type":"ImageObject","inLanguage":"es","@id":"https:\/\/avna.com\/es\/technical-resources\/#primaryimage","url":"https:\/\/avna.com\/wp-content\/uploads\/2018\/12\/Blue-Background-Treatment5.jpg","contentUrl":"https:\/\/avna.com\/wp-content\/uploads\/2018\/12\/Blue-Background-Treatment5.jpg","width":3000,"height":1080},{"@type":"BreadcrumbList","@id":"https:\/\/avna.com\/es\/technical-resources\/#breadcrumb","itemListElement":[{"@type":"ListItem","position":1,"name":"Home","item":"https:\/\/avna.com\/es\/"},{"@type":"ListItem","position":2,"name":"Estudios de caso"}]},{"@type":"WebSite","@id":"https:\/\/avna.com\/es\/#website","url":"https:\/\/avna.com\/es\/","name":"AVNA","description":"Innovation Partners for Life","publisher":{"@id":"https:\/\/avna.com\/es\/#organization"},"potentialAction":[{"@type":"SearchAction","target":{"@type":"EntryPoint","urlTemplate":"https:\/\/avna.com\/es\/?s={search_term_string}"},"query-input":{"@type":"PropertyValueSpecification","valueRequired":true,"valueName":"search_term_string"}}],"inLanguage":"es"},{"@type":"Organization","@id":"https:\/\/avna.com\/es\/#organization","name":"AVNA","url":"https:\/\/avna.com\/es\/","logo":{"@type":"ImageObject","inLanguage":"es","@id":"https:\/\/avna.com\/es\/#\/schema\/logo\/image\/","url":"https:\/\/avna.com\/wp-content\/uploads\/2023\/12\/logo-0.png","contentUrl":"https:\/\/avna.com\/wp-content\/uploads\/2023\/12\/logo-0.png","width":387,"height":275,"caption":"AVNA"},"image":{"@id":"https:\/\/avna.com\/es\/#\/schema\/logo\/image\/"}}]}},"_links":{"self":[{"href":"https:\/\/avna.com\/es\/wp-json\/wp\/v2\/pages\/6891","targetHints":{"allow":["GET"]}}],"collection":[{"href":"https:\/\/avna.com\/es\/wp-json\/wp\/v2\/pages"}],"about":[{"href":"https:\/\/avna.com\/es\/wp-json\/wp\/v2\/types\/page"}],"author":[{"embeddable":true,"href":"https:\/\/avna.com\/es\/wp-json\/wp\/v2\/users\/1"}],"replies":[{"embeddable":true,"href":"https:\/\/avna.com\/es\/wp-json\/wp\/v2\/comments?post=6891"}],"version-history":[{"count":12,"href":"https:\/\/avna.com\/es\/wp-json\/wp\/v2\/pages\/6891\/revisions"}],"predecessor-version":[{"id":11902,"href":"https:\/\/avna.com\/es\/wp-json\/wp\/v2\/pages\/6891\/revisions\/11902"}],"wp:featuredmedia":[{"embeddable":true,"href":"https:\/\/avna.com\/es\/wp-json\/wp\/v2\/media\/6741"}],"wp:attachment":[{"href":"https:\/\/avna.com\/es\/wp-json\/wp\/v2\/media?parent=6891"}],"curies":[{"name":"wp","href":"https:\/\/api.w.org\/{rel}","templated":true}]}}