{"id":6885,"date":"2018-12-13T20:12:17","date_gmt":"2018-12-13T20:12:17","guid":{"rendered":"https:\/\/avna.com\/design-support-and-development\/partners-not-just-project-management\/"},"modified":"2022-09-01T10:31:10","modified_gmt":"2022-09-01T14:31:10","slug":"partners-not-just-project-management","status":"publish","type":"page","link":"https:\/\/avna.com\/es\/design-support-and-development\/partners-not-just-project-management\/","title":{"rendered":"Socios -no solo project managers"},"content":{"rendered":"\n\n<section class=\"header-block\"><figure class=\"bg\" style=\"background-image: url(https:\/\/avna.com\/wp-content\/uploads\/2018\/12\/Blue-Background-Treatment12.jpg); \"><\/figure><div class=\"section-wrapper\"><div class=\"text-wrapper\"><div class=\"text-background\"><\/div><div class=\"header-image \" style=\"background-image: url(https:\/\/avna.com\/wp-content\/uploads\/2019\/01\/ki_karen_MG_6018-800x800.png);\"><\/div><div class=\"header-text\"><h1>Socios fabricantes<\/h1>\n<h2>Socios, no solo Project Managers<\/h2>\n<p><strong>La colaboraci\u00f3n centrada en el cliente nos permite dise\u00f1ar procesos de fabricaci\u00f3n innovadores para mejorar la producci\u00f3n, minimizar los costos y mejorar el rendimiento del producto.<\/strong><\/p>\n<p>AVNA  es un socio estrat\u00e9gico con capacidades comprobadas de gesti\u00f3n de proyectos. La entrega a tiempo, la confiabilidad del producto, el cumplimiento y la administraci\u00f3n de costos son factores cr\u00edticos en los componentes y subcomponentes de dispositivos m\u00e9dicos. Nuestro equipo trabaja para superar sus expectativas de servicio, permitiendo que usted se concentre en mejorar la salud y la vida de sus clientes.<\/p>\n<\/div><\/div><\/div><\/section>\n\n\n<section class=\"wp-block-smart-section-section white-background\"><div class=\"section-wrapper\">\n<h2 class=\"has-text-align-center wp-block-heading\" id=\"mce_19\">Colaboraci\u00f3n enfocada en el cliente<\/h2>\n\n\n\n<p>El equipo de AVNA  est\u00e1 comprometido con la excelencia, y nuestro equipo de gesti\u00f3n de proyectos est\u00e1 involucrado en cada paso del proceso de dise\u00f1o, producci\u00f3n y entrega para proporcionar cumplimiento y confiabilidad. Brindamos el servicio de gesti\u00f3n de proyectos para la fabricaci\u00f3n de dispositivos m\u00e9dicos a los OEMs m\u00e1s grandes del mundo, y hemos desarrollado alianzas estrat\u00e9gicas a largo plazo que nos brindan un nivel de experiencia y conocimiento inigualable en la industria.<\/p>\n<\/div><\/section>\n\n\n\n<section class=\"wp-block-smart-section-section\"><div class=\"section-wrapper\">\n<div class=\"wp-block-columns has-2-columns okay-2col-table is-layout-flex wp-container-core-columns-is-layout-9d6595d7 wp-block-columns-is-layout-flex\">\n<div class=\"wp-block-column okay-2col-left is-layout-flow wp-block-column-is-layout-flow\">\n<p>Un componente clave para el \u00e9xito de nuestra gesti\u00f3n de proyectos es la idea de que cada persona en AVNA  es 100% responsable de la calidad. Capacitamos a todo nuestro equipo para ofrecer excelencia en la manufactura de dispositivos m\u00e9dicos. Las inspecciones integradas y las tecnolog\u00edas automatizadas se ejecutan en todos nuestros procesos de producci\u00f3n, y nuestros gerentes de proyecto supervisan la calidad, la coherencia y la eficiencia durante toda la vida \u00fatil del proyecto. Es la comunicaci\u00f3n y la colaboraci\u00f3n de todo nuestro equipo lo que garantiza el \u00e9xito de la manufactura de precisi\u00f3n de sus dispositivos m\u00e9dicos.<\/p>\n\n\n\n<p>AVNA ha desarrollado procesos especializados y garant\u00edas internas para satisfacer las exigentes demandas de los mercados de dispositivos m\u00e9dicos. Nuestros componentes cumplen con las solicitudes m\u00e1s exigentes. Nuestra gesti\u00f3n de proyectos garantiza que estamos siguiendo procesos, pol\u00edticas y sistemas de calidad aprobados gracias a la documentaci\u00f3n, el intercambio de informaci\u00f3n y la comunicaci\u00f3n en tiempo real en el taller,. Cada miembro del equipo trabaja de acuerdo con los requisitos del proyecto&nbsp; como gu\u00eda, asegurando el cumplimiento, en cada paso del camino.<\/p>\n<\/div>\n\n\n\n<div class=\"wp-block-column okay-2col-right is-layout-flow wp-block-column-is-layout-flow\">\n<section class=\"wp-block-smart-section-section callout margin-none\"><div class=\"section-wrapper\">\n<div class=\"wp-block-image padding-bottom-none\"><figure class=\"aligncenter is-resized\"><a href=\"https:\/\/avna.com\/es\/design-support-and-development\/nextech-labs\/\"><img decoding=\"async\" src=\"https:\/\/avna.com\/wp-content\/uploads\/2019\/02\/nextech_labs_600x240.png\" alt=\"\" class=\"wp-image-3264\" width=\"253\" height=\"101\" srcset=\"https:\/\/avna.com\/wp-content\/uploads\/2019\/02\/nextech_labs_600x240.png 600w, https:\/\/avna.com\/wp-content\/uploads\/2019\/02\/nextech_labs_600x240-300x120.png 300w, https:\/\/avna.com\/wp-content\/uploads\/2019\/02\/nextech_labs_600x240-100x40.png 100w, https:\/\/avna.com\/wp-content\/uploads\/2019\/02\/nextech_labs_600x240-200x80.png 200w, https:\/\/avna.com\/wp-content\/uploads\/2019\/02\/nextech_labs_600x240-400x160.png 400w\" sizes=\"(max-width: 253px) 100vw, 253px\" \/><\/a><\/figure><\/div>\n\n\n\n<p class=\"has-text-align-center padding-left-right\" style=\"font-size:13px\">Equipo dedicado, personal y recursos que lo llevan al mercado m\u00e1s r\u00e1pido. <a href=\"https:\/\/avna.com\/es\/design-support-and-development\/nextech-labs\/\">Conoce m\u00e1s<\/a>.<\/p>\n<\/div><\/section>\n<\/div>\n<\/div>\n\n\n\n<div class=\"wp-block-media-text alignwide has-media-on-the-right is-stacked-on-mobile callout-image cta-it\" style=\"grid-template-columns:auto 49%\"><figure class=\"wp-block-media-text__media\"><img decoding=\"async\" width=\"800\" height=\"659\" src=\"https:\/\/avna.com\/wp-content\/uploads\/2019\/09\/okay-cr-21-800x659.jpg\" alt=\"\" class=\"wp-image-5399 size-full\" srcset=\"https:\/\/avna.com\/wp-content\/uploads\/2019\/09\/okay-cr-21-800x659.jpg 800w, https:\/\/avna.com\/wp-content\/uploads\/2019\/09\/okay-cr-21-800x659-300x247.jpg 300w, https:\/\/avna.com\/wp-content\/uploads\/2019\/09\/okay-cr-21-800x659-768x633.jpg 768w, https:\/\/avna.com\/wp-content\/uploads\/2019\/09\/okay-cr-21-800x659-100x82.jpg 100w, https:\/\/avna.com\/wp-content\/uploads\/2019\/09\/okay-cr-21-800x659-200x165.jpg 200w, https:\/\/avna.com\/wp-content\/uploads\/2019\/09\/okay-cr-21-800x659-400x330.jpg 400w, https:\/\/avna.com\/wp-content\/uploads\/2019\/09\/okay-cr-21-800x659-600x494.jpg 600w\" sizes=\"(max-width: 800px) 100vw, 800px\" \/><\/figure><div class=\"wp-block-media-text__content\">\n<h3 class=\"wp-block-heading\">Gesti\u00f3n de manufactura de alta precisi\u00f3n de dispositivos m\u00e9dicos que es <em>Part&nbsp;of&nbsp;Something&nbsp;Greater<\/em><\/h3>\n\n\n\n<p class=\"has-regular-font-size\"> M\u00e1s all\u00e1 de los sistemas de calidad ISO 14385 e ISO 9001, <a href=\"https:\/\/avna.com\/es\/quality\/\">nuestros procesos<\/a> de manufactura de alta precisi\u00f3n de dispositivos m\u00e9dicos proveen colaboraci\u00f3n, cumplimiento y confianza a trav\u00e9s de productos de alta calidad, rendimiento y confiabilidad. Desde el dise\u00f1o hasta la entrega, los expertos de AVNA trabajar\u00e1n con usted para comercializar su dispositivo m\u00e1s r\u00e1pido, con resultados optimizados y bajos costos. Con m\u00e1s de 100 a\u00f1os de excelencia en la manufactura de precisi\u00f3n de dispositivos m\u00e9dicos, siempre estamos listos para fabricar piezas que sean <em>Part of Something Greater<\/em>, seg\u00fan sus especificaciones. <\/p>\n\n\n\n<p><a href=\"https:\/\/avna.com\/es\/contact-us\/\">Cont\u00e1ctenos<\/a> o programe una cita en nuestros <a href=\"https:\/\/avna.com\/es\/design-support-and-development\/nextech-labs\/\">Laboratorios NexTech<\/a> y descubra c\u00f3mo nuestra colaboraci\u00f3n centrada en el cliente mejorar\u00e1 los resultados en su pr\u00f3ximo proyecto.<\/p>\n<\/div><\/div>\n<\/div><\/section>\n","protected":false},"excerpt":{"rendered":"","protected":false},"author":1,"featured_media":6649,"parent":6836,"menu_order":5,"comment_status":"closed","ping_status":"closed","template":"","meta":{"_acf_changed":false,"_yoast_wpseo_title":"Gesti\u00f3n de manufactura de dispositivos m\u00e9dicos | %%sitename%%","_yoast_wpseo_metadesc":"Nuestra colaboraci\u00f3n centrada en el cliente mejora los resultados: conozca c\u00f3mo nuestra gesti\u00f3n de proyectos de fabricaci\u00f3n de dispositivos m\u00e9dicos puede ayudarlo.","_metasync_otto_title":"","_metasync_otto_description":"","rank_math_title":"","rank_math_description":"","footnotes":""},"class_list":["post-6885","page","type-page","status-publish","has-post-thumbnail","hentry"],"acf":[],"yoast_head":"<!-- This site is optimized with the Yoast SEO Premium plugin v20.12 (Yoast SEO v25.4) - https:\/\/yoast.com\/wordpress\/plugins\/seo\/ -->\n<title>Gesti\u00f3n de manufactura de dispositivos m\u00e9dicos | AVNA<\/title>\n<meta name=\"description\" content=\"Nuestra colaboraci\u00f3n centrada en el cliente mejora los resultados: conozca c\u00f3mo nuestra gesti\u00f3n de proyectos de fabricaci\u00f3n de dispositivos m\u00e9dicos puede ayudarlo.\" \/>\n<meta name=\"robots\" content=\"index, follow, max-snippet:-1, max-image-preview:large, max-video-preview:-1\" \/>\n<link rel=\"canonical\" href=\"https:\/\/avna.com\/es\/design-support-and-development\/partners-not-just-project-management\/\" \/>\n<meta property=\"og:locale\" content=\"es_ES\" \/>\n<meta property=\"og:type\" content=\"article\" \/>\n<meta property=\"og:title\" content=\"Socios -no solo project managers\" \/>\n<meta property=\"og:description\" content=\"Nuestra colaboraci\u00f3n centrada en el cliente mejora los resultados: conozca c\u00f3mo nuestra gesti\u00f3n de proyectos de fabricaci\u00f3n de dispositivos m\u00e9dicos puede ayudarlo.\" \/>\n<meta property=\"og:url\" content=\"https:\/\/avna.com\/es\/design-support-and-development\/partners-not-just-project-management\/\" \/>\n<meta property=\"og:site_name\" content=\"AVNA\" \/>\n<meta property=\"article:modified_time\" content=\"2022-09-01T14:31:10+00:00\" \/>\n<meta property=\"og:image\" content=\"https:\/\/avna.com\/wp-content\/uploads\/2018\/12\/Blue-Background-Treatment12.jpg\" \/>\n\t<meta property=\"og:image:width\" content=\"3000\" \/>\n\t<meta property=\"og:image:height\" content=\"1080\" \/>\n\t<meta property=\"og:image:type\" content=\"image\/jpeg\" \/>\n<meta name=\"twitter:card\" content=\"summary_large_image\" \/>\n<meta name=\"twitter:label1\" content=\"Tiempo de lectura\" \/>\n\t<meta name=\"twitter:data1\" content=\"3 minutos\" \/>\n<script type=\"application\/ld+json\" class=\"yoast-schema-graph\">{\"@context\":\"https:\/\/schema.org\",\"@graph\":[{\"@type\":\"WebPage\",\"@id\":\"https:\/\/avna.com\/es\/design-support-and-development\/partners-not-just-project-management\/\",\"url\":\"https:\/\/avna.com\/es\/design-support-and-development\/partners-not-just-project-management\/\",\"name\":\"Gesti\u00f3n de manufactura de dispositivos m\u00e9dicos | AVNA\",\"isPartOf\":{\"@id\":\"https:\/\/avna.com\/es\/#website\"},\"primaryImageOfPage\":{\"@id\":\"https:\/\/avna.com\/es\/design-support-and-development\/partners-not-just-project-management\/#primaryimage\"},\"image\":{\"@id\":\"https:\/\/avna.com\/es\/design-support-and-development\/partners-not-just-project-management\/#primaryimage\"},\"thumbnailUrl\":\"https:\/\/avna.com\/wp-content\/uploads\/2018\/12\/Blue-Background-Treatment12.jpg\",\"datePublished\":\"2018-12-13T20:12:17+00:00\",\"dateModified\":\"2022-09-01T14:31:10+00:00\",\"description\":\"Nuestra colaboraci\u00f3n centrada en el cliente mejora los resultados: conozca c\u00f3mo nuestra gesti\u00f3n de proyectos de fabricaci\u00f3n de dispositivos m\u00e9dicos puede ayudarlo.\",\"breadcrumb\":{\"@id\":\"https:\/\/avna.com\/es\/design-support-and-development\/partners-not-just-project-management\/#breadcrumb\"},\"inLanguage\":\"es\",\"potentialAction\":[{\"@type\":\"ReadAction\",\"target\":[\"https:\/\/avna.com\/es\/design-support-and-development\/partners-not-just-project-management\/\"]}]},{\"@type\":\"ImageObject\",\"inLanguage\":\"es\",\"@id\":\"https:\/\/avna.com\/es\/design-support-and-development\/partners-not-just-project-management\/#primaryimage\",\"url\":\"https:\/\/avna.com\/wp-content\/uploads\/2018\/12\/Blue-Background-Treatment12.jpg\",\"contentUrl\":\"https:\/\/avna.com\/wp-content\/uploads\/2018\/12\/Blue-Background-Treatment12.jpg\",\"width\":3000,\"height\":1080},{\"@type\":\"BreadcrumbList\",\"@id\":\"https:\/\/avna.com\/es\/design-support-and-development\/partners-not-just-project-management\/#breadcrumb\",\"itemListElement\":[{\"@type\":\"ListItem\",\"position\":1,\"name\":\"Home\",\"item\":\"https:\/\/avna.com\/es\/\"},{\"@type\":\"ListItem\",\"position\":2,\"name\":\"Prototipos y apoyo a I+D\",\"item\":\"https:\/\/avna.com\/es\/design-support-and-development\/\"},{\"@type\":\"ListItem\",\"position\":3,\"name\":\"Socios -no solo project managers\"}]},{\"@type\":\"WebSite\",\"@id\":\"https:\/\/avna.com\/es\/#website\",\"url\":\"https:\/\/avna.com\/es\/\",\"name\":\"AVNA\",\"description\":\"Innovation Partners for Life\",\"publisher\":{\"@id\":\"https:\/\/avna.com\/es\/#organization\"},\"potentialAction\":[{\"@type\":\"SearchAction\",\"target\":{\"@type\":\"EntryPoint\",\"urlTemplate\":\"https:\/\/avna.com\/es\/?s={search_term_string}\"},\"query-input\":{\"@type\":\"PropertyValueSpecification\",\"valueRequired\":true,\"valueName\":\"search_term_string\"}}],\"inLanguage\":\"es\"},{\"@type\":\"Organization\",\"@id\":\"https:\/\/avna.com\/es\/#organization\",\"name\":\"AVNA\",\"url\":\"https:\/\/avna.com\/es\/\",\"logo\":{\"@type\":\"ImageObject\",\"inLanguage\":\"es\",\"@id\":\"https:\/\/avna.com\/es\/#\/schema\/logo\/image\/\",\"url\":\"https:\/\/avna.com\/wp-content\/uploads\/2023\/12\/logo-0.png\",\"contentUrl\":\"https:\/\/avna.com\/wp-content\/uploads\/2023\/12\/logo-0.png\",\"width\":387,\"height\":275,\"caption\":\"AVNA\"},\"image\":{\"@id\":\"https:\/\/avna.com\/es\/#\/schema\/logo\/image\/\"}}]}<\/script>\n<!-- \/ Yoast SEO Premium plugin. -->","yoast_head_json":{"title":"Gesti\u00f3n de manufactura de dispositivos m\u00e9dicos | AVNA","description":"Nuestra colaboraci\u00f3n centrada en el cliente mejora los resultados: conozca c\u00f3mo nuestra gesti\u00f3n de proyectos de fabricaci\u00f3n de dispositivos m\u00e9dicos puede ayudarlo.","robots":{"index":"index","follow":"follow","max-snippet":"max-snippet:-1","max-image-preview":"max-image-preview:large","max-video-preview":"max-video-preview:-1"},"canonical":"https:\/\/avna.com\/es\/design-support-and-development\/partners-not-just-project-management\/","og_locale":"es_ES","og_type":"article","og_title":"Socios -no solo project managers","og_description":"Nuestra colaboraci\u00f3n centrada en el cliente mejora los resultados: conozca c\u00f3mo nuestra gesti\u00f3n de proyectos de fabricaci\u00f3n de dispositivos m\u00e9dicos puede ayudarlo.","og_url":"https:\/\/avna.com\/es\/design-support-and-development\/partners-not-just-project-management\/","og_site_name":"AVNA","article_modified_time":"2022-09-01T14:31:10+00:00","og_image":[{"width":3000,"height":1080,"url":"https:\/\/avna.com\/wp-content\/uploads\/2018\/12\/Blue-Background-Treatment12.jpg","type":"image\/jpeg"}],"twitter_card":"summary_large_image","twitter_misc":{"Tiempo de lectura":"3 minutos"},"schema":{"@context":"https:\/\/schema.org","@graph":[{"@type":"WebPage","@id":"https:\/\/avna.com\/es\/design-support-and-development\/partners-not-just-project-management\/","url":"https:\/\/avna.com\/es\/design-support-and-development\/partners-not-just-project-management\/","name":"Gesti\u00f3n de manufactura de dispositivos m\u00e9dicos | AVNA","isPartOf":{"@id":"https:\/\/avna.com\/es\/#website"},"primaryImageOfPage":{"@id":"https:\/\/avna.com\/es\/design-support-and-development\/partners-not-just-project-management\/#primaryimage"},"image":{"@id":"https:\/\/avna.com\/es\/design-support-and-development\/partners-not-just-project-management\/#primaryimage"},"thumbnailUrl":"https:\/\/avna.com\/wp-content\/uploads\/2018\/12\/Blue-Background-Treatment12.jpg","datePublished":"2018-12-13T20:12:17+00:00","dateModified":"2022-09-01T14:31:10+00:00","description":"Nuestra colaboraci\u00f3n centrada en el cliente mejora los resultados: conozca c\u00f3mo nuestra gesti\u00f3n de proyectos de fabricaci\u00f3n de dispositivos m\u00e9dicos puede ayudarlo.","breadcrumb":{"@id":"https:\/\/avna.com\/es\/design-support-and-development\/partners-not-just-project-management\/#breadcrumb"},"inLanguage":"es","potentialAction":[{"@type":"ReadAction","target":["https:\/\/avna.com\/es\/design-support-and-development\/partners-not-just-project-management\/"]}]},{"@type":"ImageObject","inLanguage":"es","@id":"https:\/\/avna.com\/es\/design-support-and-development\/partners-not-just-project-management\/#primaryimage","url":"https:\/\/avna.com\/wp-content\/uploads\/2018\/12\/Blue-Background-Treatment12.jpg","contentUrl":"https:\/\/avna.com\/wp-content\/uploads\/2018\/12\/Blue-Background-Treatment12.jpg","width":3000,"height":1080},{"@type":"BreadcrumbList","@id":"https:\/\/avna.com\/es\/design-support-and-development\/partners-not-just-project-management\/#breadcrumb","itemListElement":[{"@type":"ListItem","position":1,"name":"Home","item":"https:\/\/avna.com\/es\/"},{"@type":"ListItem","position":2,"name":"Prototipos y apoyo a I+D","item":"https:\/\/avna.com\/es\/design-support-and-development\/"},{"@type":"ListItem","position":3,"name":"Socios -no solo project managers"}]},{"@type":"WebSite","@id":"https:\/\/avna.com\/es\/#website","url":"https:\/\/avna.com\/es\/","name":"AVNA","description":"Innovation Partners for Life","publisher":{"@id":"https:\/\/avna.com\/es\/#organization"},"potentialAction":[{"@type":"SearchAction","target":{"@type":"EntryPoint","urlTemplate":"https:\/\/avna.com\/es\/?s={search_term_string}"},"query-input":{"@type":"PropertyValueSpecification","valueRequired":true,"valueName":"search_term_string"}}],"inLanguage":"es"},{"@type":"Organization","@id":"https:\/\/avna.com\/es\/#organization","name":"AVNA","url":"https:\/\/avna.com\/es\/","logo":{"@type":"ImageObject","inLanguage":"es","@id":"https:\/\/avna.com\/es\/#\/schema\/logo\/image\/","url":"https:\/\/avna.com\/wp-content\/uploads\/2023\/12\/logo-0.png","contentUrl":"https:\/\/avna.com\/wp-content\/uploads\/2023\/12\/logo-0.png","width":387,"height":275,"caption":"AVNA"},"image":{"@id":"https:\/\/avna.com\/es\/#\/schema\/logo\/image\/"}}]}},"_links":{"self":[{"href":"https:\/\/avna.com\/es\/wp-json\/wp\/v2\/pages\/6885","targetHints":{"allow":["GET"]}}],"collection":[{"href":"https:\/\/avna.com\/es\/wp-json\/wp\/v2\/pages"}],"about":[{"href":"https:\/\/avna.com\/es\/wp-json\/wp\/v2\/types\/page"}],"author":[{"embeddable":true,"href":"https:\/\/avna.com\/es\/wp-json\/wp\/v2\/users\/1"}],"replies":[{"embeddable":true,"href":"https:\/\/avna.com\/es\/wp-json\/wp\/v2\/comments?post=6885"}],"version-history":[{"count":19,"href":"https:\/\/avna.com\/es\/wp-json\/wp\/v2\/pages\/6885\/revisions"}],"predecessor-version":[{"id":10597,"href":"https:\/\/avna.com\/es\/wp-json\/wp\/v2\/pages\/6885\/revisions\/10597"}],"up":[{"embeddable":true,"href":"https:\/\/avna.com\/es\/wp-json\/wp\/v2\/pages\/6836"}],"wp:featuredmedia":[{"embeddable":true,"href":"https:\/\/avna.com\/es\/wp-json\/wp\/v2\/media\/6649"}],"wp:attachment":[{"href":"https:\/\/avna.com\/es\/wp-json\/wp\/v2\/media?parent=6885"}],"curies":[{"name":"wp","href":"https:\/\/api.w.org\/{rel}","templated":true}]}}