{"id":6879,"date":"2018-12-13T20:12:17","date_gmt":"2018-12-13T20:12:17","guid":{"rendered":"https:\/\/avna.com\/design-support-and-development\/design-for-automation\/"},"modified":"2022-09-01T11:17:50","modified_gmt":"2022-09-01T15:17:50","slug":"design-for-automation","status":"publish","type":"page","link":"https:\/\/avna.com\/es\/design-support-and-development\/design-for-automation\/","title":{"rendered":"Dise\u00f1o para la automatizaci\u00f3n"},"content":{"rendered":"\n\n<section class=\"header-block\"><figure class=\"bg\" style=\"background-image: url(https:\/\/avna.com\/wp-content\/uploads\/2018\/12\/Blue-Background-Treatment1.jpg); \"><\/figure><div class=\"section-wrapper\"><div class=\"text-wrapper\"><div class=\"text-background\"><\/div><div class=\"header-image \" style=\"background-image: url(https:\/\/avna.com\/wp-content\/uploads\/2019\/01\/new-assemblies-header-pic.png);\"><\/div><div class=\"header-text\"><h1>Procesos de automatizaci\u00f3n personalizados<\/h1>\n<h2>Dise\u00f1o para la automatizaci\u00f3n<\/h2>\n<p><strong>Los equipos, los procesos y los ingenieros brindan un nivel de excelencia en el que los clientes pueden confiar, desde el concepto del producto y durante todo el ciclo de vida del producto.<\/strong><\/p>\n<p>En AVNA,  cada paso en nuestro proceso de producci\u00f3n est\u00e1 impulsado por la calidad y el cumplimiento. Nuestros procesos personalizados de dise\u00f1o para la automatizaci\u00f3n de dispositivos m\u00e9dicos nos permiten reducir el manejo de piezas, mejorar los resultados y eliminar errores. Con rob\u00f3tica avanzada y soporte experto en ingenier\u00eda, nuestro equipo especializado de dise\u00f1o para la automatizaci\u00f3n trabaja para maximizar la calidad en sus componentes m\u00e9dicos de precisi\u00f3n y ensamblajes.<\/p>\n<\/div><\/div><\/div><\/section>\n\n\n<section class=\"wp-block-smart-section-section white-background\"><div class=\"section-wrapper\">\n<h2 class=\"has-text-align-center wp-block-heading\" id=\"mce_19\">Experiencia para el control absoluto del proceso.<\/h2>\n\n\n\n<p>Con las capacidades internas de automatizaci\u00f3n de dispositivos m\u00e9dicos, los ingenieros de AVNA pueden desarrollar soluciones con control de precisi\u00f3n para su proyecto. Nuestra probada experiencia en herramientas y mecanizado a medida para plataformas de automatizaci\u00f3n rob\u00f3tica, nos brinda un control total del proceso de fabricaci\u00f3n desde el principio. Con un equipo dedicado centrado en el manejo de piezas, movimiento y cumplimiento, equilibramos estrat\u00e9gicamente la velocidad y precisi\u00f3n de fabricaci\u00f3n. El resultado es una calidad, eficiencia y ahorro de costos inigualables.<\/p>\n<\/div><\/section>\n\n\n\n<section class=\"wp-block-smart-section-section\"><div class=\"section-wrapper\">\n<div class=\"wp-block-columns has-2-columns okay-2col-table is-layout-flex wp-container-core-columns-is-layout-9d6595d7 wp-block-columns-is-layout-flex\">\n<div class=\"wp-block-column okay-2col-left is-layout-flow wp-block-column-is-layout-flow\">\n<p>Nuestros clientes conf\u00edan en AVNA como su socio estrat\u00e9gico para desarrollar procesos de automatizaci\u00f3n avanzados que ofrezcan componentes y conjuntos de dispositivos m\u00e9dicos de alta calidad y confiabilidad constante. Al reducir la mano de obra y proporcionar capacidades de producci\u00f3n totalmente automatizadas, nuestro servicio de dise\u00f1o para la automatizaci\u00f3n aprovecha:<\/p>\n\n\n\n<ul class=\"wp-block-list\"><li>Dise\u00f1o\ninterno de procesos, construcci\u00f3n de equipos y fabricaci\u00f3n de herramientas que garantiza que\nlos procesos de automatizaci\u00f3n de dispositivos m\u00e9dicos est\u00e9n personalizados\npara su componente.<\/li><li>Carga\n\/ descarga autom\u00e1tica personalizada: transfiere piezas de manera r\u00e1pida y\nefectiva a un nido o ubicaci\u00f3n remota, prepar\u00e1ndose para operaciones o env\u00edos\nposteriores.<\/li><li>Orientaci\u00f3n visual que cumple con tolerancias extremadamente\nestrictas para el movimiento, transporte o ensamblaje del producto.<\/li><li>Inspecci\u00f3n\nautomatizada sin contacto, sistemas de calidad de visi\u00f3n basados \u200b\u200ben el recuento\nde p\u00edxeles para una precisi\u00f3n extrema.<\/li><li>Marcado\nl\u00e1ser automatizado que integra c\u00f3digos de barras, im\u00e1genes est\u00e1ticas,\nn\u00fameros de serie, logotipos y s\u00edmbolos con controles rob\u00f3ticos.<\/li><\/ul>\n<\/div>\n\n\n\n<div class=\"wp-block-column okay-2col-right is-layout-flow wp-block-column-is-layout-flow\">\n<section class=\"wp-block-smart-section-section callout margin-none\"><div class=\"section-wrapper\">\n<div class=\"wp-block-image padding-bottom-none\"><figure class=\"aligncenter is-resized\"><a href=\"https:\/\/avna.com\/es\/design-support-and-development\/nextech-labs\/\"><img decoding=\"async\" src=\"https:\/\/avna.com\/wp-content\/uploads\/2019\/02\/nextech_labs_600x240.png\" alt=\"\" class=\"wp-image-3264\" width=\"253\" height=\"101\" srcset=\"https:\/\/avna.com\/wp-content\/uploads\/2019\/02\/nextech_labs_600x240.png 600w, https:\/\/avna.com\/wp-content\/uploads\/2019\/02\/nextech_labs_600x240-300x120.png 300w, https:\/\/avna.com\/wp-content\/uploads\/2019\/02\/nextech_labs_600x240-100x40.png 100w, https:\/\/avna.com\/wp-content\/uploads\/2019\/02\/nextech_labs_600x240-200x80.png 200w, https:\/\/avna.com\/wp-content\/uploads\/2019\/02\/nextech_labs_600x240-400x160.png 400w\" sizes=\"(max-width: 253px) 100vw, 253px\" \/><\/a><\/figure><\/div>\n\n\n\n<p class=\"has-text-align-center padding-left-right\" style=\"font-size:13px\">Equipo dedicado, personal y recursos que lo llevan al mercado m\u00e1s r\u00e1pido. <a href=\"https:\/\/avna.com\/es\/design-support-and-development\/nextech-labs\/\">Conoce m\u00e1s.<\/a><\/p>\n\n\n\n<div class=\"wp-block-image padding-left-right margin-none\"><figure class=\"aligncenter\"><a href=\"https:\/\/avna.com\/es\/design-support-and-development\/nextech-labs\/\"><img decoding=\"async\" width=\"375\" height=\"342\" src=\"https:\/\/avna.com\/wp-content\/uploads\/2019\/03\/callout-box-layered-edit-ES.png\" alt=\"\" class=\"wp-image-7116\" srcset=\"https:\/\/avna.com\/wp-content\/uploads\/2019\/03\/callout-box-layered-edit-ES.png 375w, https:\/\/avna.com\/wp-content\/uploads\/2019\/03\/callout-box-layered-edit-ES-300x274.png 300w, https:\/\/avna.com\/wp-content\/uploads\/2019\/03\/callout-box-layered-edit-ES-100x91.png 100w, https:\/\/avna.com\/wp-content\/uploads\/2019\/03\/callout-box-layered-edit-ES-200x182.png 200w\" sizes=\"(max-width: 375px) 100vw, 375px\" \/><\/a><\/figure><\/div>\n<\/div><\/section>\n<\/div>\n<\/div>\n\n\n\n<div class=\"wp-block-media-text alignwide has-media-on-the-right is-stacked-on-mobile callout-image cta-it\"><figure class=\"wp-block-media-text__media\"><img decoding=\"async\" width=\"818\" height=\"425\" src=\"https:\/\/avna.com\/wp-content\/uploads\/2019\/01\/OKAY9409034_callout_images_818x425px.jpg\" alt=\"\" class=\"wp-image-2483 size-full\" srcset=\"https:\/\/avna.com\/wp-content\/uploads\/2019\/01\/OKAY9409034_callout_images_818x425px.jpg 818w, https:\/\/avna.com\/wp-content\/uploads\/2019\/01\/OKAY9409034_callout_images_818x425px-300x156.jpg 300w, https:\/\/avna.com\/wp-content\/uploads\/2019\/01\/OKAY9409034_callout_images_818x425px-768x399.jpg 768w, https:\/\/avna.com\/wp-content\/uploads\/2019\/01\/OKAY9409034_callout_images_818x425px-100x52.jpg 100w, https:\/\/avna.com\/wp-content\/uploads\/2019\/01\/OKAY9409034_callout_images_818x425px-200x104.jpg 200w, https:\/\/avna.com\/wp-content\/uploads\/2019\/01\/OKAY9409034_callout_images_818x425px-400x208.jpg 400w, https:\/\/avna.com\/wp-content\/uploads\/2019\/01\/OKAY9409034_callout_images_818x425px-600x312.jpg 600w, https:\/\/avna.com\/wp-content\/uploads\/2019\/01\/OKAY9409034_callout_images_818x425px-800x416.jpg 800w\" sizes=\"(max-width: 818px) 100vw, 818px\" \/><\/figure><div class=\"wp-block-media-text__content\">\n<h3 class=\"wp-block-heading\">Dise\u00f1o para automatizaci\u00f3n que es <em>Part of Something Greater<\/em><\/h3>\n\n\n\n<p class=\"has-regular-font-size\">Los expertos en automatizaci\u00f3n de dispositivos m\u00e9dicos de AVNA  ofrecen el cumplimiento y la experiencia exigidos por los OEM l\u00edderes del mundo. Nuestros equipos internos de dise\u00f1o y construcci\u00f3n trabajan al un\u00edsono para crear herramientas complejas, rob\u00f3tica y soluciones de procesos. Obtenga m\u00e1s informaci\u00f3n sobre c\u00f3mo podemos ayudarlo a fabricar <em>Part of Something Greater<\/em>  con nuestras soluciones integradas de fabricaci\u00f3n y el proceso de automatizaci\u00f3n de dispositivos m\u00e9dicos.<\/p>\n\n\n\n<p><a href=\"https:\/\/avna.com\/es\/contact-us\/\">Cont\u00e1ctenos<\/a> o programe una cita en nuestros <a href=\"https:\/\/avna.com\/es\/design-support-and-development\/nextech-labs\/\">Laboratorios NexTech<\/a> y descubra c\u00f3mo nuestra colaboraci\u00f3n centrada en el cliente mejorar\u00e1 los resultados en su pr\u00f3ximo proyecto.<\/p>\n<\/div><\/div>\n<\/div><\/section>\n","protected":false},"excerpt":{"rendered":"","protected":false},"author":1,"featured_media":6708,"parent":6836,"menu_order":4,"comment_status":"closed","ping_status":"closed","template":"","meta":{"_acf_changed":false,"_yoast_wpseo_title":"Dise\u00f1o para la automatizaci\u00f3n | %%sitename%%","_yoast_wpseo_metadesc":"Nuestra experiencia en el dise\u00f1o para la automatizaci\u00f3n de componentes de dispositivos m\u00e9dicos ofrece calidad y control absoluto del proceso: conozca c\u00f3mo nuestras soluciones pueden ayudarle.","_metasync_otto_title":"","_metasync_otto_description":"","rank_math_title":"","rank_math_description":"","footnotes":""},"class_list":["post-6879","page","type-page","status-publish","has-post-thumbnail","hentry"],"acf":[],"yoast_head":"<!-- This site is optimized with the Yoast SEO Premium plugin v20.12 (Yoast SEO v25.4) - https:\/\/yoast.com\/wordpress\/plugins\/seo\/ -->\n<title>Dise\u00f1o para la automatizaci\u00f3n | AVNA<\/title>\n<meta name=\"description\" content=\"Nuestra experiencia en el dise\u00f1o para la automatizaci\u00f3n de componentes de dispositivos m\u00e9dicos ofrece calidad y control absoluto del proceso: conozca c\u00f3mo nuestras soluciones pueden ayudarle.\" \/>\n<meta name=\"robots\" content=\"index, follow, max-snippet:-1, max-image-preview:large, max-video-preview:-1\" \/>\n<link rel=\"canonical\" href=\"https:\/\/avna.com\/es\/design-support-and-development\/design-for-automation\/\" \/>\n<meta property=\"og:locale\" content=\"es_ES\" \/>\n<meta property=\"og:type\" content=\"article\" \/>\n<meta property=\"og:title\" content=\"Dise\u00f1o para la automatizaci\u00f3n\" \/>\n<meta property=\"og:description\" content=\"Nuestra experiencia en el dise\u00f1o para la automatizaci\u00f3n de componentes de dispositivos m\u00e9dicos ofrece calidad y control absoluto del proceso: conozca c\u00f3mo nuestras soluciones pueden ayudarle.\" \/>\n<meta property=\"og:url\" content=\"https:\/\/avna.com\/es\/design-support-and-development\/design-for-automation\/\" \/>\n<meta property=\"og:site_name\" content=\"AVNA\" \/>\n<meta property=\"article:modified_time\" content=\"2022-09-01T15:17:50+00:00\" \/>\n<meta property=\"og:image\" content=\"https:\/\/avna.com\/wp-content\/uploads\/2018\/12\/Blue-Background-Treatment1.jpg\" \/>\n\t<meta property=\"og:image:width\" content=\"3000\" \/>\n\t<meta property=\"og:image:height\" content=\"1080\" \/>\n\t<meta property=\"og:image:type\" content=\"image\/jpeg\" \/>\n<meta name=\"twitter:card\" content=\"summary_large_image\" \/>\n<meta name=\"twitter:label1\" content=\"Tiempo de lectura\" \/>\n\t<meta name=\"twitter:data1\" content=\"2 minutos\" \/>\n<script type=\"application\/ld+json\" class=\"yoast-schema-graph\">{\"@context\":\"https:\/\/schema.org\",\"@graph\":[{\"@type\":\"WebPage\",\"@id\":\"https:\/\/avna.com\/es\/design-support-and-development\/design-for-automation\/\",\"url\":\"https:\/\/avna.com\/es\/design-support-and-development\/design-for-automation\/\",\"name\":\"Dise\u00f1o para la automatizaci\u00f3n | AVNA\",\"isPartOf\":{\"@id\":\"https:\/\/avna.com\/es\/#website\"},\"primaryImageOfPage\":{\"@id\":\"https:\/\/avna.com\/es\/design-support-and-development\/design-for-automation\/#primaryimage\"},\"image\":{\"@id\":\"https:\/\/avna.com\/es\/design-support-and-development\/design-for-automation\/#primaryimage\"},\"thumbnailUrl\":\"https:\/\/avna.com\/wp-content\/uploads\/2018\/12\/Blue-Background-Treatment1.jpg\",\"datePublished\":\"2018-12-13T20:12:17+00:00\",\"dateModified\":\"2022-09-01T15:17:50+00:00\",\"description\":\"Nuestra experiencia en el dise\u00f1o para la automatizaci\u00f3n de componentes de dispositivos m\u00e9dicos ofrece calidad y control absoluto del proceso: conozca c\u00f3mo nuestras soluciones pueden ayudarle.\",\"breadcrumb\":{\"@id\":\"https:\/\/avna.com\/es\/design-support-and-development\/design-for-automation\/#breadcrumb\"},\"inLanguage\":\"es\",\"potentialAction\":[{\"@type\":\"ReadAction\",\"target\":[\"https:\/\/avna.com\/es\/design-support-and-development\/design-for-automation\/\"]}]},{\"@type\":\"ImageObject\",\"inLanguage\":\"es\",\"@id\":\"https:\/\/avna.com\/es\/design-support-and-development\/design-for-automation\/#primaryimage\",\"url\":\"https:\/\/avna.com\/wp-content\/uploads\/2018\/12\/Blue-Background-Treatment1.jpg\",\"contentUrl\":\"https:\/\/avna.com\/wp-content\/uploads\/2018\/12\/Blue-Background-Treatment1.jpg\",\"width\":3000,\"height\":1080},{\"@type\":\"BreadcrumbList\",\"@id\":\"https:\/\/avna.com\/es\/design-support-and-development\/design-for-automation\/#breadcrumb\",\"itemListElement\":[{\"@type\":\"ListItem\",\"position\":1,\"name\":\"Home\",\"item\":\"https:\/\/avna.com\/es\/\"},{\"@type\":\"ListItem\",\"position\":2,\"name\":\"Prototipos y apoyo a I+D\",\"item\":\"https:\/\/avna.com\/es\/design-support-and-development\/\"},{\"@type\":\"ListItem\",\"position\":3,\"name\":\"Dise\u00f1o para la automatizaci\u00f3n\"}]},{\"@type\":\"WebSite\",\"@id\":\"https:\/\/avna.com\/es\/#website\",\"url\":\"https:\/\/avna.com\/es\/\",\"name\":\"AVNA\",\"description\":\"Innovation Partners for Life\",\"publisher\":{\"@id\":\"https:\/\/avna.com\/es\/#organization\"},\"potentialAction\":[{\"@type\":\"SearchAction\",\"target\":{\"@type\":\"EntryPoint\",\"urlTemplate\":\"https:\/\/avna.com\/es\/?s={search_term_string}\"},\"query-input\":{\"@type\":\"PropertyValueSpecification\",\"valueRequired\":true,\"valueName\":\"search_term_string\"}}],\"inLanguage\":\"es\"},{\"@type\":\"Organization\",\"@id\":\"https:\/\/avna.com\/es\/#organization\",\"name\":\"AVNA\",\"url\":\"https:\/\/avna.com\/es\/\",\"logo\":{\"@type\":\"ImageObject\",\"inLanguage\":\"es\",\"@id\":\"https:\/\/avna.com\/es\/#\/schema\/logo\/image\/\",\"url\":\"https:\/\/avna.com\/wp-content\/uploads\/2023\/12\/logo-0.png\",\"contentUrl\":\"https:\/\/avna.com\/wp-content\/uploads\/2023\/12\/logo-0.png\",\"width\":387,\"height\":275,\"caption\":\"AVNA\"},\"image\":{\"@id\":\"https:\/\/avna.com\/es\/#\/schema\/logo\/image\/\"}}]}<\/script>\n<!-- \/ Yoast SEO Premium plugin. -->","yoast_head_json":{"title":"Dise\u00f1o para la automatizaci\u00f3n | AVNA","description":"Nuestra experiencia en el dise\u00f1o para la automatizaci\u00f3n de componentes de dispositivos m\u00e9dicos ofrece calidad y control absoluto del proceso: conozca c\u00f3mo nuestras soluciones pueden ayudarle.","robots":{"index":"index","follow":"follow","max-snippet":"max-snippet:-1","max-image-preview":"max-image-preview:large","max-video-preview":"max-video-preview:-1"},"canonical":"https:\/\/avna.com\/es\/design-support-and-development\/design-for-automation\/","og_locale":"es_ES","og_type":"article","og_title":"Dise\u00f1o para la automatizaci\u00f3n","og_description":"Nuestra experiencia en el dise\u00f1o para la automatizaci\u00f3n de componentes de dispositivos m\u00e9dicos ofrece calidad y control absoluto del proceso: conozca c\u00f3mo nuestras soluciones pueden ayudarle.","og_url":"https:\/\/avna.com\/es\/design-support-and-development\/design-for-automation\/","og_site_name":"AVNA","article_modified_time":"2022-09-01T15:17:50+00:00","og_image":[{"width":3000,"height":1080,"url":"https:\/\/avna.com\/wp-content\/uploads\/2018\/12\/Blue-Background-Treatment1.jpg","type":"image\/jpeg"}],"twitter_card":"summary_large_image","twitter_misc":{"Tiempo de lectura":"2 minutos"},"schema":{"@context":"https:\/\/schema.org","@graph":[{"@type":"WebPage","@id":"https:\/\/avna.com\/es\/design-support-and-development\/design-for-automation\/","url":"https:\/\/avna.com\/es\/design-support-and-development\/design-for-automation\/","name":"Dise\u00f1o para la automatizaci\u00f3n | AVNA","isPartOf":{"@id":"https:\/\/avna.com\/es\/#website"},"primaryImageOfPage":{"@id":"https:\/\/avna.com\/es\/design-support-and-development\/design-for-automation\/#primaryimage"},"image":{"@id":"https:\/\/avna.com\/es\/design-support-and-development\/design-for-automation\/#primaryimage"},"thumbnailUrl":"https:\/\/avna.com\/wp-content\/uploads\/2018\/12\/Blue-Background-Treatment1.jpg","datePublished":"2018-12-13T20:12:17+00:00","dateModified":"2022-09-01T15:17:50+00:00","description":"Nuestra experiencia en el dise\u00f1o para la automatizaci\u00f3n de componentes de dispositivos m\u00e9dicos ofrece calidad y control absoluto del proceso: conozca c\u00f3mo nuestras soluciones pueden ayudarle.","breadcrumb":{"@id":"https:\/\/avna.com\/es\/design-support-and-development\/design-for-automation\/#breadcrumb"},"inLanguage":"es","potentialAction":[{"@type":"ReadAction","target":["https:\/\/avna.com\/es\/design-support-and-development\/design-for-automation\/"]}]},{"@type":"ImageObject","inLanguage":"es","@id":"https:\/\/avna.com\/es\/design-support-and-development\/design-for-automation\/#primaryimage","url":"https:\/\/avna.com\/wp-content\/uploads\/2018\/12\/Blue-Background-Treatment1.jpg","contentUrl":"https:\/\/avna.com\/wp-content\/uploads\/2018\/12\/Blue-Background-Treatment1.jpg","width":3000,"height":1080},{"@type":"BreadcrumbList","@id":"https:\/\/avna.com\/es\/design-support-and-development\/design-for-automation\/#breadcrumb","itemListElement":[{"@type":"ListItem","position":1,"name":"Home","item":"https:\/\/avna.com\/es\/"},{"@type":"ListItem","position":2,"name":"Prototipos y apoyo a I+D","item":"https:\/\/avna.com\/es\/design-support-and-development\/"},{"@type":"ListItem","position":3,"name":"Dise\u00f1o para la automatizaci\u00f3n"}]},{"@type":"WebSite","@id":"https:\/\/avna.com\/es\/#website","url":"https:\/\/avna.com\/es\/","name":"AVNA","description":"Innovation Partners for Life","publisher":{"@id":"https:\/\/avna.com\/es\/#organization"},"potentialAction":[{"@type":"SearchAction","target":{"@type":"EntryPoint","urlTemplate":"https:\/\/avna.com\/es\/?s={search_term_string}"},"query-input":{"@type":"PropertyValueSpecification","valueRequired":true,"valueName":"search_term_string"}}],"inLanguage":"es"},{"@type":"Organization","@id":"https:\/\/avna.com\/es\/#organization","name":"AVNA","url":"https:\/\/avna.com\/es\/","logo":{"@type":"ImageObject","inLanguage":"es","@id":"https:\/\/avna.com\/es\/#\/schema\/logo\/image\/","url":"https:\/\/avna.com\/wp-content\/uploads\/2023\/12\/logo-0.png","contentUrl":"https:\/\/avna.com\/wp-content\/uploads\/2023\/12\/logo-0.png","width":387,"height":275,"caption":"AVNA"},"image":{"@id":"https:\/\/avna.com\/es\/#\/schema\/logo\/image\/"}}]}},"_links":{"self":[{"href":"https:\/\/avna.com\/es\/wp-json\/wp\/v2\/pages\/6879","targetHints":{"allow":["GET"]}}],"collection":[{"href":"https:\/\/avna.com\/es\/wp-json\/wp\/v2\/pages"}],"about":[{"href":"https:\/\/avna.com\/es\/wp-json\/wp\/v2\/types\/page"}],"author":[{"embeddable":true,"href":"https:\/\/avna.com\/es\/wp-json\/wp\/v2\/users\/1"}],"replies":[{"embeddable":true,"href":"https:\/\/avna.com\/es\/wp-json\/wp\/v2\/comments?post=6879"}],"version-history":[{"count":10,"href":"https:\/\/avna.com\/es\/wp-json\/wp\/v2\/pages\/6879\/revisions"}],"predecessor-version":[{"id":10631,"href":"https:\/\/avna.com\/es\/wp-json\/wp\/v2\/pages\/6879\/revisions\/10631"}],"up":[{"embeddable":true,"href":"https:\/\/avna.com\/es\/wp-json\/wp\/v2\/pages\/6836"}],"wp:featuredmedia":[{"embeddable":true,"href":"https:\/\/avna.com\/es\/wp-json\/wp\/v2\/media\/6708"}],"wp:attachment":[{"href":"https:\/\/avna.com\/es\/wp-json\/wp\/v2\/media?parent=6879"}],"curies":[{"name":"wp","href":"https:\/\/api.w.org\/{rel}","templated":true}]}}