{"id":6873,"date":"2018-12-13T20:12:17","date_gmt":"2018-12-13T20:12:17","guid":{"rendered":"https:\/\/avna.com\/design-support-and-development\/design-for-manufacturability\/"},"modified":"2022-09-01T11:21:03","modified_gmt":"2022-09-01T15:21:03","slug":"design-for-manufacturability","status":"publish","type":"page","link":"https:\/\/avna.com\/es\/design-support-and-development\/design-for-manufacturability\/","title":{"rendered":"Dise\u00f1o para manufactura"},"content":{"rendered":"\n\n<section class=\"header-block\"><figure class=\"bg\" style=\"background-image: url(https:\/\/avna.com\/wp-content\/uploads\/2018\/12\/Blue-Background-Treatment2.jpg); \"><\/figure><div class=\"section-wrapper\"><div class=\"text-wrapper\"><div class=\"text-background\"><\/div><div class=\"header-image unlock-bottom \" style=\"background-image: url(https:\/\/avna.com\/wp-content\/uploads\/2019\/09\/okay-cr-72-800x800.png);\"><\/div><div class=\"header-text\"><h1>Dise\u00f1o para la fabricaci\u00f3n<\/h1>\n<h2>Dise\u00f1o para manufactura<\/h2>\n<p><strong>Nuestro equipo de expertos en equipamientos, tecnolog\u00edas y procesos colaborar\u00e1 con usted para optimizar su dise\u00f1o y llevarlo al mercado m\u00e1s r\u00e1pido, con mejores resultados y menores costos.<\/strong><\/p>\n<p>Con procesos centrados en el cliente y una inquebrantable dedicaci\u00f3n a la excelencia, AVNA  se ha convertido en una de las compa\u00f1\u00edas de fabricaci\u00f3n de dispositivos m\u00e9dicos m\u00e1s respetadas del mundo. Los clientes conf\u00edan en nuestro compromiso con la innovaci\u00f3n, y aplicamos nuestro experiencia en dise\u00f1o para la manufactura y montaje para optimizar los resultados. Nuestro equipo colaborativo resuelve desaf\u00edos complejos de dise\u00f1o y fabricaci\u00f3n.<\/p>\n<\/div><\/div><\/div><\/section>\n\n\n<section class=\"wp-block-smart-section-section white-background\"><div class=\"section-wrapper\">\n<h2 class=\"has-text-align-center wp-block-heading\" id=\"mce_19\">Nosotros fabricamos lo imposible.<\/h2>\n\n\n\n<p>Con m\u00e1s de 100 a\u00f1os de experiencia en manufactura y fabricaci\u00f3n de herramientas, el equipo de AVNA  aporta un nivel incomparable de experiencia y conocimiento a cada proyecto de dise\u00f1o para manufactura y ensamblaje de dispositivos m\u00e9dicos. Nuestros equipos multidisciplinarios de ingenier\u00eda incluyen especialistas en mec\u00e1nica, electricidad, procesamiento por l\u00e1ser, calidad, fabricaci\u00f3n, herramientas y automatizaci\u00f3n, que trabajan juntos para optimizar la fabricaci\u00f3n, el ensamblaje y el rendimiento de las piezas.<\/p>\n<\/div><\/section>\n\n\n\n<section class=\"wp-block-smart-section-section\"><div class=\"section-wrapper\">\n<div class=\"wp-block-columns has-2-columns okay-2col-table is-layout-flex wp-container-core-columns-is-layout-9d6595d7 wp-block-columns-is-layout-flex\">\n<div class=\"wp-block-column okay-2col-left is-layout-flow wp-block-column-is-layout-flow\">\n<p>Si bien cada proyecto de dise\u00f1o para fabricaci\u00f3n y ensamblaje presenta sus propios desaf\u00edos, gracias a nuestros&nbsp; procesos avanzados, capacidades integradas y&nbsp; profundo conocimiento, logramos resolver los problemas que otros no pueden regularmente. Nuestro equipo colabora con los clientes desde el principio para comprender las aplicaciones y los desaf\u00edos, al tiempo que contempla todas las consideraciones de dise\u00f1o para personalizar un proceso de fabricaci\u00f3n que ofrezca calidad y rendimiento a un costo rentable.<\/p>\n\n\n\n<p>Nuestros clientes est\u00e1n impresionados por nuestra innovaci\u00f3n: desarrollamos soluciones y mejoramos los resultados cuando otros dicen que es imposible. Nuestros servicios de dise\u00f1o para manufactura y ensamblaje est\u00e1n probados, brindando resultados de precisi\u00f3n que nos convierten en un proveedor galardonado.<\/p>\n<\/div>\n\n\n\n<div class=\"wp-block-column okay-2col-right is-layout-flow wp-block-column-is-layout-flow\">\n<section class=\"wp-block-smart-section-section callout margin-none\"><div class=\"section-wrapper\">\n<div class=\"wp-block-image padding-bottom-none\"><figure class=\"aligncenter is-resized\"><a href=\"https:\/\/avna.com\/design-support-and-development\/nextech-labs\/?lang=es\"><img decoding=\"async\" src=\"https:\/\/avna.com\/wp-content\/uploads\/2019\/02\/nextech_labs_600x240.png\" alt=\"\" class=\"wp-image-3264\" width=\"253\" height=\"101\" srcset=\"https:\/\/avna.com\/wp-content\/uploads\/2019\/02\/nextech_labs_600x240.png 600w, https:\/\/avna.com\/wp-content\/uploads\/2019\/02\/nextech_labs_600x240-300x120.png 300w, https:\/\/avna.com\/wp-content\/uploads\/2019\/02\/nextech_labs_600x240-100x40.png 100w, https:\/\/avna.com\/wp-content\/uploads\/2019\/02\/nextech_labs_600x240-200x80.png 200w, https:\/\/avna.com\/wp-content\/uploads\/2019\/02\/nextech_labs_600x240-400x160.png 400w\" sizes=\"(max-width: 253px) 100vw, 253px\" \/><\/a><\/figure><\/div>\n\n\n\n<p class=\"has-text-align-center padding-left-right\" style=\"font-size:13px\">Equipo dedicado, personal y recursos que lo llevan al mercado m\u00e1s r\u00e1pido. <a href=\"https:\/\/avna.com\/design-support-and-development\/nextech-labs\/\">Conoce&nbsp;m\u00e1s.<\/a><\/p>\n<\/div><\/section>\n<\/div>\n<\/div>\n\n\n\n<div class=\"wp-block-media-text alignwide has-media-on-the-right is-stacked-on-mobile callout-image cta-it\"><figure class=\"wp-block-media-text__media\"><img decoding=\"async\" width=\"800\" height=\"659\" src=\"https:\/\/avna.com\/wp-content\/uploads\/2019\/09\/okay-production-Box800x659.jpg\" alt=\"\" class=\"wp-image-5396 size-full\" srcset=\"https:\/\/avna.com\/wp-content\/uploads\/2019\/09\/okay-production-Box800x659.jpg 800w, https:\/\/avna.com\/wp-content\/uploads\/2019\/09\/okay-production-Box800x659-300x247.jpg 300w, https:\/\/avna.com\/wp-content\/uploads\/2019\/09\/okay-production-Box800x659-768x633.jpg 768w, https:\/\/avna.com\/wp-content\/uploads\/2019\/09\/okay-production-Box800x659-100x82.jpg 100w, https:\/\/avna.com\/wp-content\/uploads\/2019\/09\/okay-production-Box800x659-200x165.jpg 200w, https:\/\/avna.com\/wp-content\/uploads\/2019\/09\/okay-production-Box800x659-400x330.jpg 400w, https:\/\/avna.com\/wp-content\/uploads\/2019\/09\/okay-production-Box800x659-600x494.jpg 600w\" sizes=\"(max-width: 800px) 100vw, 800px\" \/><\/figure><div class=\"wp-block-media-text__content\">\n<h3 class=\"wp-block-heading\">Dise\u00f1os de dispositivos m\u00e9dicos que son <em>Part of Something Greater<\/em><\/h3>\n\n\n\n<p class=\"has-regular-font-size\"> Para ser realmente <em>Part of Something Greater<\/em>,  nuestro equipo recomienda que participemos lo antes posible en las etapas de dise\u00f1o. Ayudamos a los OEM de dispositivos m\u00e9dicos l\u00edderes del mundo a resolver sus retos de dise\u00f1o de manufactura y ensamblaje todos los d\u00edas y podemos ayudarlo a llegar al mercado m\u00e1s r\u00e1pido y a un costo menor. <\/p>\n\n\n\n<p><a href=\"https:\/\/avna.com\/contact-us\/schedule-an-appointment\/\"><\/a><a href=\"https:\/\/avna.com\/es\/contact-us\/\">Cont\u00e1cte<\/a><a href=\"https:\/\/avna.com\/?page_id=10\">nos<\/a> o programe una cita en nuestros <a href=\"https:\/\/avna.com\/es\/design-support-and-development\/nextech-labs\/\">Laboratorios NexTech<\/a> y descubra c\u00f3mo nuestra colaboraci\u00f3n centrada en el cliente mejorar\u00e1 los resultados en su pr\u00f3ximo proyecto.<\/p>\n<\/div><\/div>\n<\/div><\/section>\n","protected":false},"excerpt":{"rendered":"","protected":false},"author":1,"featured_media":6838,"parent":6836,"menu_order":3,"comment_status":"closed","ping_status":"closed","template":"","meta":{"_acf_changed":false,"_yoast_wpseo_title":"Dise\u00f1o de dispositivos m\u00e9dicos para fabricaci\u00f3n | %%sitename%%","_yoast_wpseo_metadesc":"Nuestra experiencia en dise\u00f1o de dispositivos m\u00e9dicos, ingenier\u00eda y dise\u00f1o para la fabricaci\u00f3n puede ayudarlo a llegar al mercado m\u00e1s r\u00e1pido con costos m\u00e1s bajos. Conozca m\u00e1s","_metasync_otto_title":"","_metasync_otto_description":"","rank_math_title":"","rank_math_description":"","footnotes":""},"class_list":["post-6873","page","type-page","status-publish","has-post-thumbnail","hentry"],"acf":[],"yoast_head":"<!-- This site is optimized with the Yoast SEO Premium plugin v20.12 (Yoast SEO v25.4) - https:\/\/yoast.com\/wordpress\/plugins\/seo\/ -->\n<title>Dise\u00f1o de dispositivos m\u00e9dicos para fabricaci\u00f3n | AVNA<\/title>\n<meta name=\"description\" content=\"Nuestra experiencia en dise\u00f1o de dispositivos m\u00e9dicos, ingenier\u00eda y dise\u00f1o para la fabricaci\u00f3n puede ayudarlo a llegar al mercado m\u00e1s r\u00e1pido con costos m\u00e1s bajos. Conozca m\u00e1s\" \/>\n<meta name=\"robots\" content=\"index, follow, max-snippet:-1, max-image-preview:large, max-video-preview:-1\" \/>\n<link rel=\"canonical\" href=\"https:\/\/avna.com\/es\/design-support-and-development\/design-for-manufacturability\/\" \/>\n<meta property=\"og:locale\" content=\"es_ES\" \/>\n<meta property=\"og:type\" content=\"article\" \/>\n<meta property=\"og:title\" content=\"Dise\u00f1o para manufactura\" \/>\n<meta property=\"og:description\" content=\"Nuestra experiencia en dise\u00f1o de dispositivos m\u00e9dicos, ingenier\u00eda y dise\u00f1o para la fabricaci\u00f3n puede ayudarlo a llegar al mercado m\u00e1s r\u00e1pido con costos m\u00e1s bajos. Conozca m\u00e1s\" \/>\n<meta property=\"og:url\" content=\"https:\/\/avna.com\/es\/design-support-and-development\/design-for-manufacturability\/\" \/>\n<meta property=\"og:site_name\" content=\"AVNA\" \/>\n<meta property=\"article:modified_time\" content=\"2022-09-01T15:21:03+00:00\" \/>\n<meta property=\"og:image\" content=\"https:\/\/avna.com\/wp-content\/uploads\/2018\/12\/Blue-Background-Treatment2.jpg\" \/>\n\t<meta property=\"og:image:width\" content=\"3000\" \/>\n\t<meta property=\"og:image:height\" content=\"1080\" \/>\n\t<meta property=\"og:image:type\" content=\"image\/jpeg\" \/>\n<meta name=\"twitter:card\" content=\"summary_large_image\" \/>\n<meta name=\"twitter:label1\" content=\"Tiempo de lectura\" \/>\n\t<meta name=\"twitter:data1\" content=\"2 minutos\" \/>\n<script type=\"application\/ld+json\" class=\"yoast-schema-graph\">{\"@context\":\"https:\/\/schema.org\",\"@graph\":[{\"@type\":\"WebPage\",\"@id\":\"https:\/\/avna.com\/es\/design-support-and-development\/design-for-manufacturability\/\",\"url\":\"https:\/\/avna.com\/es\/design-support-and-development\/design-for-manufacturability\/\",\"name\":\"Dise\u00f1o de dispositivos m\u00e9dicos para fabricaci\u00f3n | AVNA\",\"isPartOf\":{\"@id\":\"https:\/\/avna.com\/es\/#website\"},\"primaryImageOfPage\":{\"@id\":\"https:\/\/avna.com\/es\/design-support-and-development\/design-for-manufacturability\/#primaryimage\"},\"image\":{\"@id\":\"https:\/\/avna.com\/es\/design-support-and-development\/design-for-manufacturability\/#primaryimage\"},\"thumbnailUrl\":\"https:\/\/avna.com\/wp-content\/uploads\/2018\/12\/Blue-Background-Treatment2.jpg\",\"datePublished\":\"2018-12-13T20:12:17+00:00\",\"dateModified\":\"2022-09-01T15:21:03+00:00\",\"description\":\"Nuestra experiencia en dise\u00f1o de dispositivos m\u00e9dicos, ingenier\u00eda y dise\u00f1o para la fabricaci\u00f3n puede ayudarlo a llegar al mercado m\u00e1s r\u00e1pido con costos m\u00e1s bajos. Conozca m\u00e1s\",\"breadcrumb\":{\"@id\":\"https:\/\/avna.com\/es\/design-support-and-development\/design-for-manufacturability\/#breadcrumb\"},\"inLanguage\":\"es\",\"potentialAction\":[{\"@type\":\"ReadAction\",\"target\":[\"https:\/\/avna.com\/es\/design-support-and-development\/design-for-manufacturability\/\"]}]},{\"@type\":\"ImageObject\",\"inLanguage\":\"es\",\"@id\":\"https:\/\/avna.com\/es\/design-support-and-development\/design-for-manufacturability\/#primaryimage\",\"url\":\"https:\/\/avna.com\/wp-content\/uploads\/2018\/12\/Blue-Background-Treatment2.jpg\",\"contentUrl\":\"https:\/\/avna.com\/wp-content\/uploads\/2018\/12\/Blue-Background-Treatment2.jpg\",\"width\":3000,\"height\":1080},{\"@type\":\"BreadcrumbList\",\"@id\":\"https:\/\/avna.com\/es\/design-support-and-development\/design-for-manufacturability\/#breadcrumb\",\"itemListElement\":[{\"@type\":\"ListItem\",\"position\":1,\"name\":\"Home\",\"item\":\"https:\/\/avna.com\/es\/\"},{\"@type\":\"ListItem\",\"position\":2,\"name\":\"Prototipos y apoyo a I+D\",\"item\":\"https:\/\/avna.com\/es\/design-support-and-development\/\"},{\"@type\":\"ListItem\",\"position\":3,\"name\":\"Dise\u00f1o para manufactura\"}]},{\"@type\":\"WebSite\",\"@id\":\"https:\/\/avna.com\/es\/#website\",\"url\":\"https:\/\/avna.com\/es\/\",\"name\":\"AVNA\",\"description\":\"Innovation Partners for Life\",\"publisher\":{\"@id\":\"https:\/\/avna.com\/es\/#organization\"},\"potentialAction\":[{\"@type\":\"SearchAction\",\"target\":{\"@type\":\"EntryPoint\",\"urlTemplate\":\"https:\/\/avna.com\/es\/?s={search_term_string}\"},\"query-input\":{\"@type\":\"PropertyValueSpecification\",\"valueRequired\":true,\"valueName\":\"search_term_string\"}}],\"inLanguage\":\"es\"},{\"@type\":\"Organization\",\"@id\":\"https:\/\/avna.com\/es\/#organization\",\"name\":\"AVNA\",\"url\":\"https:\/\/avna.com\/es\/\",\"logo\":{\"@type\":\"ImageObject\",\"inLanguage\":\"es\",\"@id\":\"https:\/\/avna.com\/es\/#\/schema\/logo\/image\/\",\"url\":\"https:\/\/avna.com\/wp-content\/uploads\/2023\/12\/logo-0.png\",\"contentUrl\":\"https:\/\/avna.com\/wp-content\/uploads\/2023\/12\/logo-0.png\",\"width\":387,\"height\":275,\"caption\":\"AVNA\"},\"image\":{\"@id\":\"https:\/\/avna.com\/es\/#\/schema\/logo\/image\/\"}}]}<\/script>\n<!-- \/ Yoast SEO Premium plugin. -->","yoast_head_json":{"title":"Dise\u00f1o de dispositivos m\u00e9dicos para fabricaci\u00f3n | AVNA","description":"Nuestra experiencia en dise\u00f1o de dispositivos m\u00e9dicos, ingenier\u00eda y dise\u00f1o para la fabricaci\u00f3n puede ayudarlo a llegar al mercado m\u00e1s r\u00e1pido con costos m\u00e1s bajos. Conozca m\u00e1s","robots":{"index":"index","follow":"follow","max-snippet":"max-snippet:-1","max-image-preview":"max-image-preview:large","max-video-preview":"max-video-preview:-1"},"canonical":"https:\/\/avna.com\/es\/design-support-and-development\/design-for-manufacturability\/","og_locale":"es_ES","og_type":"article","og_title":"Dise\u00f1o para manufactura","og_description":"Nuestra experiencia en dise\u00f1o de dispositivos m\u00e9dicos, ingenier\u00eda y dise\u00f1o para la fabricaci\u00f3n puede ayudarlo a llegar al mercado m\u00e1s r\u00e1pido con costos m\u00e1s bajos. Conozca m\u00e1s","og_url":"https:\/\/avna.com\/es\/design-support-and-development\/design-for-manufacturability\/","og_site_name":"AVNA","article_modified_time":"2022-09-01T15:21:03+00:00","og_image":[{"width":3000,"height":1080,"url":"https:\/\/avna.com\/wp-content\/uploads\/2018\/12\/Blue-Background-Treatment2.jpg","type":"image\/jpeg"}],"twitter_card":"summary_large_image","twitter_misc":{"Tiempo de lectura":"2 minutos"},"schema":{"@context":"https:\/\/schema.org","@graph":[{"@type":"WebPage","@id":"https:\/\/avna.com\/es\/design-support-and-development\/design-for-manufacturability\/","url":"https:\/\/avna.com\/es\/design-support-and-development\/design-for-manufacturability\/","name":"Dise\u00f1o de dispositivos m\u00e9dicos para fabricaci\u00f3n | AVNA","isPartOf":{"@id":"https:\/\/avna.com\/es\/#website"},"primaryImageOfPage":{"@id":"https:\/\/avna.com\/es\/design-support-and-development\/design-for-manufacturability\/#primaryimage"},"image":{"@id":"https:\/\/avna.com\/es\/design-support-and-development\/design-for-manufacturability\/#primaryimage"},"thumbnailUrl":"https:\/\/avna.com\/wp-content\/uploads\/2018\/12\/Blue-Background-Treatment2.jpg","datePublished":"2018-12-13T20:12:17+00:00","dateModified":"2022-09-01T15:21:03+00:00","description":"Nuestra experiencia en dise\u00f1o de dispositivos m\u00e9dicos, ingenier\u00eda y dise\u00f1o para la fabricaci\u00f3n puede ayudarlo a llegar al mercado m\u00e1s r\u00e1pido con costos m\u00e1s bajos. Conozca m\u00e1s","breadcrumb":{"@id":"https:\/\/avna.com\/es\/design-support-and-development\/design-for-manufacturability\/#breadcrumb"},"inLanguage":"es","potentialAction":[{"@type":"ReadAction","target":["https:\/\/avna.com\/es\/design-support-and-development\/design-for-manufacturability\/"]}]},{"@type":"ImageObject","inLanguage":"es","@id":"https:\/\/avna.com\/es\/design-support-and-development\/design-for-manufacturability\/#primaryimage","url":"https:\/\/avna.com\/wp-content\/uploads\/2018\/12\/Blue-Background-Treatment2.jpg","contentUrl":"https:\/\/avna.com\/wp-content\/uploads\/2018\/12\/Blue-Background-Treatment2.jpg","width":3000,"height":1080},{"@type":"BreadcrumbList","@id":"https:\/\/avna.com\/es\/design-support-and-development\/design-for-manufacturability\/#breadcrumb","itemListElement":[{"@type":"ListItem","position":1,"name":"Home","item":"https:\/\/avna.com\/es\/"},{"@type":"ListItem","position":2,"name":"Prototipos y apoyo a I+D","item":"https:\/\/avna.com\/es\/design-support-and-development\/"},{"@type":"ListItem","position":3,"name":"Dise\u00f1o para manufactura"}]},{"@type":"WebSite","@id":"https:\/\/avna.com\/es\/#website","url":"https:\/\/avna.com\/es\/","name":"AVNA","description":"Innovation Partners for Life","publisher":{"@id":"https:\/\/avna.com\/es\/#organization"},"potentialAction":[{"@type":"SearchAction","target":{"@type":"EntryPoint","urlTemplate":"https:\/\/avna.com\/es\/?s={search_term_string}"},"query-input":{"@type":"PropertyValueSpecification","valueRequired":true,"valueName":"search_term_string"}}],"inLanguage":"es"},{"@type":"Organization","@id":"https:\/\/avna.com\/es\/#organization","name":"AVNA","url":"https:\/\/avna.com\/es\/","logo":{"@type":"ImageObject","inLanguage":"es","@id":"https:\/\/avna.com\/es\/#\/schema\/logo\/image\/","url":"https:\/\/avna.com\/wp-content\/uploads\/2023\/12\/logo-0.png","contentUrl":"https:\/\/avna.com\/wp-content\/uploads\/2023\/12\/logo-0.png","width":387,"height":275,"caption":"AVNA"},"image":{"@id":"https:\/\/avna.com\/es\/#\/schema\/logo\/image\/"}}]}},"_links":{"self":[{"href":"https:\/\/avna.com\/es\/wp-json\/wp\/v2\/pages\/6873","targetHints":{"allow":["GET"]}}],"collection":[{"href":"https:\/\/avna.com\/es\/wp-json\/wp\/v2\/pages"}],"about":[{"href":"https:\/\/avna.com\/es\/wp-json\/wp\/v2\/types\/page"}],"author":[{"embeddable":true,"href":"https:\/\/avna.com\/es\/wp-json\/wp\/v2\/users\/1"}],"replies":[{"embeddable":true,"href":"https:\/\/avna.com\/es\/wp-json\/wp\/v2\/comments?post=6873"}],"version-history":[{"count":15,"href":"https:\/\/avna.com\/es\/wp-json\/wp\/v2\/pages\/6873\/revisions"}],"predecessor-version":[{"id":10636,"href":"https:\/\/avna.com\/es\/wp-json\/wp\/v2\/pages\/6873\/revisions\/10636"}],"up":[{"embeddable":true,"href":"https:\/\/avna.com\/es\/wp-json\/wp\/v2\/pages\/6836"}],"wp:featuredmedia":[{"embeddable":true,"href":"https:\/\/avna.com\/es\/wp-json\/wp\/v2\/media\/6838"}],"wp:attachment":[{"href":"https:\/\/avna.com\/es\/wp-json\/wp\/v2\/media?parent=6873"}],"curies":[{"name":"wp","href":"https:\/\/api.w.org\/{rel}","templated":true}]}}