{"id":6836,"date":"2018-12-13T20:12:17","date_gmt":"2018-12-13T20:12:17","guid":{"rendered":"https:\/\/avna.com\/design-support-and-development\/"},"modified":"2025-05-05T14:40:18","modified_gmt":"2025-05-05T18:40:18","slug":"design-support-and-development","status":"publish","type":"page","link":"https:\/\/avna.com\/es\/design-support-and-development\/","title":{"rendered":"Prototipos y apoyo a I+D"},"content":{"rendered":"\n\n<section class=\"header-block\"><figure class=\"bg\" style=\"background-image: url(https:\/\/avna.com\/wp-content\/uploads\/2018\/12\/Blue-Background-Treatment2.jpg); \"><\/figure><div class=\"section-wrapper\"><div class=\"text-wrapper\"><div class=\"text-background\"><\/div><div class=\"header-image lock-to-right \" style=\"background-image: url(https:\/\/avna.com\/wp-content\/uploads\/2023\/12\/avna-prototyping.png);\"><\/div><div class=\"header-text\"><h1>desarrollo de prototipos de dispositivos m\u00e9dicos, soporte de proceso y DFM<\/h1>\n<h2>Soporte de dise\u00f1o y desarrollo<\/h2>\n<p><span style=\"color: #deeff5;\"><strong>Tr\u00e1iganos su desaf\u00edo m\u00e1s dif\u00edcil de dise\u00f1o y fabricaci\u00f3n: nuestras innovadoras soluciones de servicios de desarrollo de prototipos de dispositivos m\u00e9dicos superar\u00e1n sus expectativas de cumplimiento, calidad y ahorro de costos.<\/strong><\/span><\/p>\n<p><span style=\"color: #deeff5;\">Con un alto compromiso con la excelencia, nuestros ingenieros, especialistas en producci\u00f3n y gerentes de proyectos brindan resultados que ofrecen total tranquilidad a los clientes. Estamos comprometidos con la calidad en cada paso, con los m\u00e1s modernos procesos, equipos y tecnolog\u00edas de fabricaci\u00f3n de componentes m\u00e9dicos que lideran la industria. Con tres ubicaciones en los Estados Unidos y Costa Rica, nuestros expertos est\u00e1n listos para desarrollar soluciones para su aplicaci\u00f3n de precisi\u00f3n.<\/span><\/p>\n<\/div><\/div><\/div><\/section>\n\n\n<section class=\"wp-block-smart-section-section white-background\"><div class=\"section-wrapper\">\n<h2 class=\"has-text-align-center wp-block-heading\" id=\"mce_19\">Los procesos orientados a soluciones que lo llevan al mercado m\u00e1s r\u00e1pido<\/h2>\n<\/div><\/section>\n\n\n\n<section class=\"wp-block-smart-section-section\"><div class=\"section-wrapper\">\n<div class=\"wp-block-columns has-2-columns okay-2col-table is-layout-flex wp-container-core-columns-is-layout-9d6595d7 wp-block-columns-is-layout-flex\">\n<div class=\"wp-block-column okay-2col-left is-layout-flow wp-block-column-is-layout-flow\">\n<p>Centrado en el cliente y orientado a objetivos, AVNA  es m\u00e1s que un recurso experto en fabricaci\u00f3n de componentes m\u00e9dicos. Algunas de las empresas m\u00e1s grandes del mundo conf\u00edan en nosotros como socio estrat\u00e9gico. Nuestro equipo de expertos lo llevar\u00e1 al mercado m\u00e1s r\u00e1pido, con cumplimiento de precisi\u00f3n y menores costos. El 100% de nuestro equipo es responsable de la calidad y est\u00e1 capacitado para garantizar que entreguemos componentes que lo ayuden a mejorar la salud y salvar vidas.<\/p>\n\n\n\n<p>Con equipos de ingenier\u00eda multidisciplinarios y procesos colaborativos, hemos resuelto algunos de los desaf\u00edos de dise\u00f1o y proyecci\u00f3n m\u00e1s dif\u00edciles y&nbsp; entregado productos que otros dec\u00edan que eran imposibles. Nuestras capacidades personalizadas de fabricaci\u00f3n de componentes m\u00e9dicos combinan ingenier\u00eda, dise\u00f1o para fabricaci\u00f3n, dise\u00f1o para la automatizaci\u00f3n, rob\u00f3tica y controles de calidad integrados. Las diversas tecnolog\u00edas y procesos de AVNA est\u00e1n dise\u00f1ados para la excelencia, y nuestro equipo est\u00e1 listo para colaborar con usted para proporcionarle las&nbsp; soluciones espec\u00edficas que respondan a los requerimientos espec\u00edficos de su proyecto de fabricaci\u00f3n de componentes m\u00e9dicos.<\/p>\n\n\n\n<h2 class=\"wp-block-heading\" id=\"h-centros-de-i-d-para-una-colaboracion-centrada-en-el-cliente\">Centros de I+D para una colaboraci\u00f3n centrada en el cliente<\/h2>\n\n\n\n<p>AVNA ofrece equipos de producci\u00f3n dedicados para el desarrollo de prototipos de dispositivos m\u00e9dicos y pruebas de procesos, con nuestros <a href=\"https:\/\/avna.com\/es\/design-support-and-development\/nextech-labs\/\">NexTech Labs<\/a> y <a href=\"https:\/\/avna.com\/es\/design-support-and-development\/laserworks\/\">LaserWorks Lab<\/a>, que permiten a los clientes venir al sitio y beneficiarse de nuestros recursos, que incluyen:<\/p>\n\n\n\n<ul class=\"wp-block-list\">\n<li>Colaboraci\u00f3n con un ingeniero l\u00edder que supervisa el proceso completo de desarrollo de prototipos<\/li>\n\n\n\n<li>Optimizaci\u00f3n de revisi\u00f3n de dise\u00f1o<\/li>\n\n\n\n<li>Compatibilidad con DFM para mejorar el rendimiento, reducir los costos y acelerar el tiempo de comercializaci\u00f3n<\/li>\n<\/ul>\n\n\n\n<p>Nuestros centros de I+D cuentan con una amplia gama de materiales est\u00e1ndar y tama\u00f1os de calibre para tubos, barras y l\u00e1minas de metal. Con capacidades que incluyen <a href=\"https:\/\/avna.com\/es\/capabilities\/stampings-milling\/\">estampado y mecanizado<\/a> de precisi\u00f3n, <a href=\"https:\/\/avna.com\/es\/capabilities\/laser-processing\/\">procesamiento l\u00e1ser<\/a>, <a href=\"https:\/\/avna.com\/es\/capabilities\/laser-tube-cutting\/\">corte de tubos por l\u00e1ser<\/a>, producci\u00f3n de <a href=\"https:\/\/avna.com\/es\/capabilities\/surgical-steel-edges-accu-blades\/\">cuchillas e instrumentos de corte<\/a>, as\u00ed como operaciones integradas <a href=\"https:\/\/avna.com\/es\/capabilities\/swiss-turning-and-accu-laserswiss\/\">de torneado y l\u00e1ser suizo<\/a>, ofrecemos recursos completos de\nfabricaci\u00f3n de componentes m\u00e9dicos y soporte multifuncional:<\/p>\n\n\n\n<ul class=\"wp-block-list\">\n<li><a href=\"https:\/\/avna.com\/es\/design-support-and-development\/nextech-labs\/\">Soluciones de desarrollo de procesos y creaci\u00f3n de prototipos de NexTech Labs<\/a><br>&#8211; Personal experto y equipo de producci\u00f3n dedicado para mecanizado CNC, torneado tipo suizo, estampado, impresi\u00f3n 3D de metal y pl\u00e1stico<\/li>\n\n\n\n<li><a href=\"https:\/\/avna.com\/es\/design-support-and-development\/nextech-labs\/\">Laboratorio de I+D de LaserWorks<\/a><br>&#8211; Personal experto y equipo de producci\u00f3n dedicado para corte, soldadura y marcado de tubos de precisi\u00f3n<\/li>\n\n\n\n<li><a href=\"https:\/\/avna.com\/es\/design-support-and-development\/design-for-manufacturability\/\">Dise\u00f1o para manufactura<\/a><\/li>\n\n\n\n<li><a href=\"https:\/\/avna.com\/es\/design-support-and-development\/design-for-automation\/\">Dise\u00f1o para la automatizaci\u00f3n<\/a><\/li>\n\n\n\n<li><a href=\"https:\/\/avna.com\/es\/design-support-and-development\/partners-not-just-project-management\/\">Gesti\u00f3n de proyectos<\/a><\/li>\n\n\n\n<li><a href=\"https:\/\/avna.com\/es\/capabilities\/engineering\/\">Ingenier\u00eda y dise\u00f1o de herramientas<\/a><\/li>\n<\/ul>\n\n\n\n<p>Nuestros componentes se utilizan en instrumentos quir\u00fargicos, implantables y dispositivos que salvan vidas. La calidad es cr\u00edtica en todo lo que hacemos, y toda nuestra operaci\u00f3n se ha desarrollado para cumplir con las m\u00e1s estrictas normas. Con m\u00e1s de 20996m2 de excelencia en la fabricaci\u00f3n de componentes m\u00e9dicos, los componentes de AVNA  son utilizados en ensamblajes y subensamblajes por los principales OEMs del mundo.<\/p>\n\n\n\n<p>El equipo de expertos de AVNA es reconocido en toda la industria por su experiencia en la fabricaci\u00f3n de componentes m\u00e9dicos, y estamos listos para desarrollar soluciones centradas en sus objetivos. <a href=\"https:\/\/avna.com\/es\/contact-us\/\">Contacta con nosotros<\/a>: revisaremos sus requisitos* de dise\u00f1o y proyecto y crearemos soluciones soluciones de desarrollo de prototipos de dispositivos m\u00e9dicos incluso para los desaf\u00edos de fabricaci\u00f3n de componentes m\u00e9dicos m\u00e1s dif\u00edciles. Durante m\u00e1s de 100 a\u00f1os, los clientes han confiado en AVNA  para dise\u00f1ar excelencia y ofrecer soluciones que siempre son <em>Part of Something Greater.<\/em><\/p>\n<\/div>\n\n\n\n<div class=\"wp-block-column okay-2col-right is-layout-flow wp-block-column-is-layout-flow\">\n<section class=\"wp-block-smart-section-section callout margin-none\"><div class=\"section-wrapper\">\n<div class=\"wp-block-image padding-bottom-none\"><figure class=\"aligncenter is-resized\"><a href=\"https:\/\/avna.com\/es\/design-support-and-development\/nextech-labs\/\"><img decoding=\"async\" src=\"https:\/\/avna.com\/wp-content\/uploads\/2019\/02\/nextech_labs_600x240.png\" alt=\"\" class=\"wp-image-3264\" width=\"253\" height=\"101\" srcset=\"https:\/\/avna.com\/wp-content\/uploads\/2019\/02\/nextech_labs_600x240.png 600w, https:\/\/avna.com\/wp-content\/uploads\/2019\/02\/nextech_labs_600x240-300x120.png 300w, https:\/\/avna.com\/wp-content\/uploads\/2019\/02\/nextech_labs_600x240-100x40.png 100w, https:\/\/avna.com\/wp-content\/uploads\/2019\/02\/nextech_labs_600x240-200x80.png 200w, https:\/\/avna.com\/wp-content\/uploads\/2019\/02\/nextech_labs_600x240-400x160.png 400w\" sizes=\"(max-width: 253px) 100vw, 253px\" \/><\/a><\/figure><\/div>\n\n\n\n<p class=\"has-text-align-center padding-left-right\" style=\"font-size:13px\">Equipo dedicado, personal y recursos que lo llevan al mercado m\u00e1s r\u00e1pido. <a href=\"https:\/\/avna.com\/es\/design-support-and-development\/nextech-labs\/\">Conoce m\u00e1s.<\/a><\/p>\n\n\n\n<div class=\"wp-block-image padding-left-right margin-none\"><figure class=\"aligncenter\"><a href=\"https:\/\/avna.com\/es\/design-support-and-development\/nextech-labs\/\"><img decoding=\"async\" width=\"375\" height=\"342\" src=\"https:\/\/avna.com\/wp-content\/uploads\/2019\/03\/callout-box-layered-edit-ES.png\" alt=\"\" class=\"wp-image-7116\" srcset=\"https:\/\/avna.com\/wp-content\/uploads\/2019\/03\/callout-box-layered-edit-ES.png 375w, https:\/\/avna.com\/wp-content\/uploads\/2019\/03\/callout-box-layered-edit-ES-300x274.png 300w, https:\/\/avna.com\/wp-content\/uploads\/2019\/03\/callout-box-layered-edit-ES-100x91.png 100w, https:\/\/avna.com\/wp-content\/uploads\/2019\/03\/callout-box-layered-edit-ES-200x182.png 200w\" sizes=\"(max-width: 375px) 100vw, 375px\" \/><\/a><\/figure><\/div>\n<\/div><\/section>\n\n\n<div class=\"wp-block-image padding-top\">\n<figure class=\"aligncenter is-resized\"><img decoding=\"async\" src=\"https:\/\/avna.com\/wp-content\/uploads\/2019\/09\/quality_callout_images_400x208.jpg\" alt=\"\" class=\"wp-image-5370\" width=\"350\" height=\"180\" srcset=\"https:\/\/avna.com\/wp-content\/uploads\/2019\/09\/quality_callout_images_400x208-100x52.jpg 100w, https:\/\/avna.com\/wp-content\/uploads\/2019\/09\/quality_callout_images_400x208-200x104.jpg 200w\" sizes=\"(max-width: 350px) 100vw, 350px\" \/><\/figure><\/div>\n\n<div class=\"wp-block-image padding-bottom\">\n<figure class=\"aligncenter is-resized\"><img decoding=\"async\" src=\"https:\/\/avna.com\/wp-content\/uploads\/2019\/01\/automation-robot-1.jpg\" alt=\"\" class=\"wp-image-2831\" width=\"350\" height=\"291\"\/><\/figure><\/div><\/div>\n<\/div>\n\n\n\n<p><em>*AVNA  agradece sus solicitudes de desarrollo de prototipos de dispositivos m\u00e9dicos.Nuestras operaciones est\u00e1n dise\u00f1adas para ayudar a los clientes con la creaci\u00f3n de prototipos, eldesarrollo de procesos y la fabricaci\u00f3n a gran escala. Al revisar los vol\u00famenes anuales estimados, elpresupuesto, la complejidad del dise\u00f1o y los requisitos de calidad, nuestro equipo de expertos puedegarantizar que somos el mejor socio de desarrollo de prototipos de dispositivos m\u00e9dicos, para quepueda pasar del concepto al componente de la manera m\u00e1s eficiente posible.<\/em><\/p>\n\n\n\n<section class=\"wp-block-smart-section-section callout\"><div class=\"section-wrapper\">\n<h2 class=\"has-text-align-center wp-block-heading\">Excelencia sin igual, centrada en sus objetivos<\/h2>\n\n\n\n<div class=\"wp-block-columns has-3-columns dividers is-layout-flex wp-container-core-columns-is-layout-9d6595d7 wp-block-columns-is-layout-flex\">\n<div class=\"wp-block-column is-layout-flow wp-block-column-is-layout-flow\"><div class=\"wp-block-image\">\n<figure class=\"aligncenter size-full\"><img decoding=\"async\" width=\"92\" height=\"75\" src=\"https:\/\/avna.com\/wp-content\/uploads\/2023\/12\/design-for-sucess-icon.png\" alt=\"\" class=\"wp-image-11884\"\/><\/figure><\/div>\n\n\n<h4 class=\"has-text-align-center wp-block-heading\">Dise\u00f1ado para el \u00e9xito<strong>\ufeff<\/strong><\/h4>\n\n\n\n<p class=\"has-text-align-center\">Nuestra <a href=\"https:\/\/avna.com\/es\/capabilities\/engineering\/\">ingenier\u00eda<\/a> colaborativa, y nuestros experto en el <a href=\"https:\/\/avna.com\/es\/design-support-and-development\/design-for-manufacturability\/\">dise\u00f1o para manufactura<\/a> y el <a href=\"https:\/\/avna.com\/es\/design-support-and-development\/design-for-automation\/\">dise\u00f1o para la automatizaci\u00f3n<\/a>,&nbsp; garantizan la fabricaci\u00f3n de componentes m\u00e9dicos de precisi\u00f3n.<\/p>\n<\/div>\n\n\n\n<div class=\"wp-block-column is-layout-flow wp-block-column-is-layout-flow\"><div class=\"wp-block-image\">\n<figure class=\"aligncenter size-full is-resized\"><img decoding=\"async\" src=\"https:\/\/avna.com\/wp-content\/uploads\/2018\/12\/nextech_labs_600x240-400x160-1.png\" alt=\"nextech labs\" class=\"wp-image-11836\" width=\"185\" srcset=\"https:\/\/avna.com\/wp-content\/uploads\/2018\/12\/nextech_labs_600x240-400x160-1.png 400w, https:\/\/avna.com\/wp-content\/uploads\/2018\/12\/nextech_labs_600x240-400x160-1-300x120.png 300w, https:\/\/avna.com\/wp-content\/uploads\/2018\/12\/nextech_labs_600x240-400x160-1-100x40.png 100w, https:\/\/avna.com\/wp-content\/uploads\/2018\/12\/nextech_labs_600x240-400x160-1-200x80.png 200w\" sizes=\"(max-width: 400px) 100vw, 400px\" \/><\/figure><\/div>\n\n\n<h4 class=\"has-text-align-center wp-block-heading\">Desarrollo y proceso de prototipos de productos sanitarios Soluciones<\/h4>\n\n\n\n<p class=\"has-text-align-center\"><a href=\"https:\/\/avna.com\/es\/design-support-and-development\/nextech-labs\/\">Espacios dedicados, personal y equipos <\/a>que lo llevan desde el concepto hasta el componente de manera r\u00e1pida, con procesos optimizados para la producci\u00f3n..<\/p>\n<\/div>\n\n\n\n<div class=\"wp-block-column is-layout-flow wp-block-column-is-layout-flow\"><div class=\"wp-block-image\">\n<figure class=\"aligncenter size-full\"><img decoding=\"async\" width=\"92\" height=\"75\" src=\"https:\/\/avna.com\/wp-content\/uploads\/2023\/12\/handshake.png\" alt=\"\" class=\"wp-image-11897\"\/><\/figure><\/div>\n\n\n<h4 class=\"has-text-align-center wp-block-heading\">Asociaciones estrat\u00e9gicas<strong>\ufeff<\/strong><\/h4>\n\n\n\n<p class=\"has-text-align-center\">Experiencia y conocimiento que proporcionan mucho m\u00e1s que la <a href=\"https:\/\/avna.com\/es\/design-support-and-development\/partners-not-just-project-management\/\">gesti\u00f3n de proyectos<\/a>, nuestro equipo se asociar\u00e1 con usted para superar las expectativas.<\/p>\n<\/div>\n<\/div>\n<\/div><\/section>\n<\/div><\/section>\n","protected":false},"excerpt":{"rendered":"","protected":false},"author":1,"featured_media":6838,"parent":0,"menu_order":3,"comment_status":"closed","ping_status":"closed","template":"","meta":{"_acf_changed":false,"_yoast_wpseo_title":"Soluciones de fabricaci\u00f3n de componentes m\u00e9dicos | %%sitename%%","_yoast_wpseo_metadesc":"Nuestra experiencia mejora los resultados: descubra c\u00f3mo la fabricaci\u00f3n de componentes m\u00e9dicos de AVNA proporciona soluciones incluso para los proyectos m\u00e1s exigentes.","_metasync_otto_title":"","_metasync_otto_description":"","rank_math_title":"","rank_math_description":"","footnotes":""},"class_list":["post-6836","page","type-page","status-publish","has-post-thumbnail","hentry"],"acf":[],"yoast_head":"<!-- This site is optimized with the Yoast SEO Premium plugin v20.12 (Yoast SEO v25.4) - https:\/\/yoast.com\/wordpress\/plugins\/seo\/ -->\n<title>Soluciones de fabricaci\u00f3n de componentes m\u00e9dicos | AVNA<\/title>\n<meta name=\"description\" content=\"Nuestra experiencia mejora los resultados: descubra c\u00f3mo la fabricaci\u00f3n de componentes m\u00e9dicos de AVNA proporciona soluciones incluso para los proyectos m\u00e1s exigentes.\" \/>\n<meta name=\"robots\" content=\"index, follow, max-snippet:-1, max-image-preview:large, max-video-preview:-1\" \/>\n<link rel=\"canonical\" href=\"https:\/\/avna.com\/es\/design-support-and-development\/\" \/>\n<meta property=\"og:locale\" content=\"es_ES\" \/>\n<meta property=\"og:type\" content=\"article\" \/>\n<meta property=\"og:title\" content=\"Prototipos y apoyo a I+D\" \/>\n<meta property=\"og:description\" content=\"Nuestra experiencia mejora los resultados: descubra c\u00f3mo la fabricaci\u00f3n de componentes m\u00e9dicos de AVNA proporciona soluciones incluso para los proyectos m\u00e1s exigentes.\" \/>\n<meta property=\"og:url\" content=\"https:\/\/avna.com\/es\/design-support-and-development\/\" \/>\n<meta property=\"og:site_name\" content=\"AVNA\" \/>\n<meta property=\"article:modified_time\" content=\"2025-05-05T18:40:18+00:00\" \/>\n<meta property=\"og:image\" content=\"https:\/\/avna.com\/wp-content\/uploads\/2018\/12\/Blue-Background-Treatment2.jpg\" \/>\n\t<meta property=\"og:image:width\" content=\"3000\" \/>\n\t<meta property=\"og:image:height\" content=\"1080\" \/>\n\t<meta property=\"og:image:type\" content=\"image\/jpeg\" \/>\n<meta name=\"twitter:card\" content=\"summary_large_image\" \/>\n<meta name=\"twitter:label1\" content=\"Tiempo de lectura\" \/>\n\t<meta name=\"twitter:data1\" content=\"5 minutos\" \/>\n<script type=\"application\/ld+json\" class=\"yoast-schema-graph\">{\"@context\":\"https:\/\/schema.org\",\"@graph\":[{\"@type\":\"WebPage\",\"@id\":\"https:\/\/avna.com\/es\/design-support-and-development\/\",\"url\":\"https:\/\/avna.com\/es\/design-support-and-development\/\",\"name\":\"Soluciones de fabricaci\u00f3n de componentes m\u00e9dicos | AVNA\",\"isPartOf\":{\"@id\":\"https:\/\/avna.com\/es\/#website\"},\"primaryImageOfPage\":{\"@id\":\"https:\/\/avna.com\/es\/design-support-and-development\/#primaryimage\"},\"image\":{\"@id\":\"https:\/\/avna.com\/es\/design-support-and-development\/#primaryimage\"},\"thumbnailUrl\":\"https:\/\/avna.com\/wp-content\/uploads\/2018\/12\/Blue-Background-Treatment2.jpg\",\"datePublished\":\"2018-12-13T20:12:17+00:00\",\"dateModified\":\"2025-05-05T18:40:18+00:00\",\"description\":\"Nuestra experiencia mejora los resultados: descubra c\u00f3mo la fabricaci\u00f3n de componentes m\u00e9dicos de AVNA proporciona soluciones incluso para los proyectos m\u00e1s exigentes.\",\"breadcrumb\":{\"@id\":\"https:\/\/avna.com\/es\/design-support-and-development\/#breadcrumb\"},\"inLanguage\":\"es\",\"potentialAction\":[{\"@type\":\"ReadAction\",\"target\":[\"https:\/\/avna.com\/es\/design-support-and-development\/\"]}]},{\"@type\":\"ImageObject\",\"inLanguage\":\"es\",\"@id\":\"https:\/\/avna.com\/es\/design-support-and-development\/#primaryimage\",\"url\":\"https:\/\/avna.com\/wp-content\/uploads\/2018\/12\/Blue-Background-Treatment2.jpg\",\"contentUrl\":\"https:\/\/avna.com\/wp-content\/uploads\/2018\/12\/Blue-Background-Treatment2.jpg\",\"width\":3000,\"height\":1080},{\"@type\":\"BreadcrumbList\",\"@id\":\"https:\/\/avna.com\/es\/design-support-and-development\/#breadcrumb\",\"itemListElement\":[{\"@type\":\"ListItem\",\"position\":1,\"name\":\"Home\",\"item\":\"https:\/\/avna.com\/es\/\"},{\"@type\":\"ListItem\",\"position\":2,\"name\":\"Prototipos y apoyo a I+D\"}]},{\"@type\":\"WebSite\",\"@id\":\"https:\/\/avna.com\/es\/#website\",\"url\":\"https:\/\/avna.com\/es\/\",\"name\":\"AVNA\",\"description\":\"Innovation Partners for Life\",\"publisher\":{\"@id\":\"https:\/\/avna.com\/es\/#organization\"},\"potentialAction\":[{\"@type\":\"SearchAction\",\"target\":{\"@type\":\"EntryPoint\",\"urlTemplate\":\"https:\/\/avna.com\/es\/?s={search_term_string}\"},\"query-input\":{\"@type\":\"PropertyValueSpecification\",\"valueRequired\":true,\"valueName\":\"search_term_string\"}}],\"inLanguage\":\"es\"},{\"@type\":\"Organization\",\"@id\":\"https:\/\/avna.com\/es\/#organization\",\"name\":\"AVNA\",\"url\":\"https:\/\/avna.com\/es\/\",\"logo\":{\"@type\":\"ImageObject\",\"inLanguage\":\"es\",\"@id\":\"https:\/\/avna.com\/es\/#\/schema\/logo\/image\/\",\"url\":\"https:\/\/avna.com\/wp-content\/uploads\/2023\/12\/logo-0.png\",\"contentUrl\":\"https:\/\/avna.com\/wp-content\/uploads\/2023\/12\/logo-0.png\",\"width\":387,\"height\":275,\"caption\":\"AVNA\"},\"image\":{\"@id\":\"https:\/\/avna.com\/es\/#\/schema\/logo\/image\/\"}}]}<\/script>\n<!-- \/ Yoast SEO Premium plugin. -->","yoast_head_json":{"title":"Soluciones de fabricaci\u00f3n de componentes m\u00e9dicos | AVNA","description":"Nuestra experiencia mejora los resultados: descubra c\u00f3mo la fabricaci\u00f3n de componentes m\u00e9dicos de AVNA proporciona soluciones incluso para los proyectos m\u00e1s exigentes.","robots":{"index":"index","follow":"follow","max-snippet":"max-snippet:-1","max-image-preview":"max-image-preview:large","max-video-preview":"max-video-preview:-1"},"canonical":"https:\/\/avna.com\/es\/design-support-and-development\/","og_locale":"es_ES","og_type":"article","og_title":"Prototipos y apoyo a I+D","og_description":"Nuestra experiencia mejora los resultados: descubra c\u00f3mo la fabricaci\u00f3n de componentes m\u00e9dicos de AVNA proporciona soluciones incluso para los proyectos m\u00e1s exigentes.","og_url":"https:\/\/avna.com\/es\/design-support-and-development\/","og_site_name":"AVNA","article_modified_time":"2025-05-05T18:40:18+00:00","og_image":[{"width":3000,"height":1080,"url":"https:\/\/avna.com\/wp-content\/uploads\/2018\/12\/Blue-Background-Treatment2.jpg","type":"image\/jpeg"}],"twitter_card":"summary_large_image","twitter_misc":{"Tiempo de lectura":"5 minutos"},"schema":{"@context":"https:\/\/schema.org","@graph":[{"@type":"WebPage","@id":"https:\/\/avna.com\/es\/design-support-and-development\/","url":"https:\/\/avna.com\/es\/design-support-and-development\/","name":"Soluciones de fabricaci\u00f3n de componentes m\u00e9dicos | AVNA","isPartOf":{"@id":"https:\/\/avna.com\/es\/#website"},"primaryImageOfPage":{"@id":"https:\/\/avna.com\/es\/design-support-and-development\/#primaryimage"},"image":{"@id":"https:\/\/avna.com\/es\/design-support-and-development\/#primaryimage"},"thumbnailUrl":"https:\/\/avna.com\/wp-content\/uploads\/2018\/12\/Blue-Background-Treatment2.jpg","datePublished":"2018-12-13T20:12:17+00:00","dateModified":"2025-05-05T18:40:18+00:00","description":"Nuestra experiencia mejora los resultados: descubra c\u00f3mo la fabricaci\u00f3n de componentes m\u00e9dicos de AVNA proporciona soluciones incluso para los proyectos m\u00e1s exigentes.","breadcrumb":{"@id":"https:\/\/avna.com\/es\/design-support-and-development\/#breadcrumb"},"inLanguage":"es","potentialAction":[{"@type":"ReadAction","target":["https:\/\/avna.com\/es\/design-support-and-development\/"]}]},{"@type":"ImageObject","inLanguage":"es","@id":"https:\/\/avna.com\/es\/design-support-and-development\/#primaryimage","url":"https:\/\/avna.com\/wp-content\/uploads\/2018\/12\/Blue-Background-Treatment2.jpg","contentUrl":"https:\/\/avna.com\/wp-content\/uploads\/2018\/12\/Blue-Background-Treatment2.jpg","width":3000,"height":1080},{"@type":"BreadcrumbList","@id":"https:\/\/avna.com\/es\/design-support-and-development\/#breadcrumb","itemListElement":[{"@type":"ListItem","position":1,"name":"Home","item":"https:\/\/avna.com\/es\/"},{"@type":"ListItem","position":2,"name":"Prototipos y apoyo a I+D"}]},{"@type":"WebSite","@id":"https:\/\/avna.com\/es\/#website","url":"https:\/\/avna.com\/es\/","name":"AVNA","description":"Innovation Partners for Life","publisher":{"@id":"https:\/\/avna.com\/es\/#organization"},"potentialAction":[{"@type":"SearchAction","target":{"@type":"EntryPoint","urlTemplate":"https:\/\/avna.com\/es\/?s={search_term_string}"},"query-input":{"@type":"PropertyValueSpecification","valueRequired":true,"valueName":"search_term_string"}}],"inLanguage":"es"},{"@type":"Organization","@id":"https:\/\/avna.com\/es\/#organization","name":"AVNA","url":"https:\/\/avna.com\/es\/","logo":{"@type":"ImageObject","inLanguage":"es","@id":"https:\/\/avna.com\/es\/#\/schema\/logo\/image\/","url":"https:\/\/avna.com\/wp-content\/uploads\/2023\/12\/logo-0.png","contentUrl":"https:\/\/avna.com\/wp-content\/uploads\/2023\/12\/logo-0.png","width":387,"height":275,"caption":"AVNA"},"image":{"@id":"https:\/\/avna.com\/es\/#\/schema\/logo\/image\/"}}]}},"_links":{"self":[{"href":"https:\/\/avna.com\/es\/wp-json\/wp\/v2\/pages\/6836","targetHints":{"allow":["GET"]}}],"collection":[{"href":"https:\/\/avna.com\/es\/wp-json\/wp\/v2\/pages"}],"about":[{"href":"https:\/\/avna.com\/es\/wp-json\/wp\/v2\/types\/page"}],"author":[{"embeddable":true,"href":"https:\/\/avna.com\/es\/wp-json\/wp\/v2\/users\/1"}],"replies":[{"embeddable":true,"href":"https:\/\/avna.com\/es\/wp-json\/wp\/v2\/comments?post=6836"}],"version-history":[{"count":46,"href":"https:\/\/avna.com\/es\/wp-json\/wp\/v2\/pages\/6836\/revisions"}],"predecessor-version":[{"id":12769,"href":"https:\/\/avna.com\/es\/wp-json\/wp\/v2\/pages\/6836\/revisions\/12769"}],"wp:featuredmedia":[{"embeddable":true,"href":"https:\/\/avna.com\/es\/wp-json\/wp\/v2\/media\/6838"}],"wp:attachment":[{"href":"https:\/\/avna.com\/es\/wp-json\/wp\/v2\/media?parent=6836"}],"curies":[{"name":"wp","href":"https:\/\/api.w.org\/{rel}","templated":true}]}}