{"id":6818,"date":"2018-12-13T20:12:17","date_gmt":"2018-12-13T20:12:17","guid":{"rendered":"https:\/\/avna.com\/capabilities\/engineering\/"},"modified":"2023-12-28T16:09:57","modified_gmt":"2023-12-28T21:09:57","slug":"engineering","status":"publish","type":"page","link":"https:\/\/avna.com\/es\/capabilities\/engineering\/","title":{"rendered":"Ingenier\u00eda y dise\u00f1o de Herramientas"},"content":{"rendered":"\n\n<section class=\"header-block\"><figure class=\"bg\" style=\"background-image: url(https:\/\/avna.com\/wp-content\/uploads\/2018\/12\/Blue-Background-Treatment9.jpg); \"><\/figure><div class=\"section-wrapper\"><div class=\"text-wrapper\"><div class=\"text-background\"><\/div><div class=\"header-image lock-to-right \" style=\"background-image: url(https:\/\/avna.com\/wp-content\/uploads\/2023\/12\/avna-engineering.png);\"><\/div><div class=\"header-text\"><h1>INGENIER\u00cdA DE DISPOSITIVOS M\u00c9DICOS<\/h1>\n<h2>Ingenier\u00eda y dise\u00f1o de herramientas<\/h2>\n<p><strong>Con equipos interdisciplinarios de ingenier\u00eda de productos m\u00e9dicos, nuestra innovaci\u00f3n orientada al cliente y la \u00faltima tecnolog\u00eda, lo ayudamos a llegar al mercado m\u00e1s r\u00e1pido, con mejores resultados y menores costos.<\/strong><\/p>\n<p>Presente su desaf\u00edo de desarrollo de productos para dispositivos m\u00e9dicos y crearemos una soluci\u00f3n de manufactura que supere sus expectativas. Nuestros procesos personalizados y centrados en el cliente maximizan la capacidad de fabricaci\u00f3n y el rendimiento durante la vida \u00fatil de su producto, lo que le ayuda a mejorar la salud y la vida de los dem\u00e1s.<\/p>\n<\/div><\/div><\/div><\/section>\n\n\n<section class=\"wp-block-smart-section-section white-background\"><div class=\"section-wrapper\">\n<h2 class=\"has-text-align-center wp-block-heading\" id=\"mce_19\"> Habilidades de expertos que ofrecen excelentes resultados, todo por dise\u00f1o. <\/h2>\n\n\n\n<p>Los equipos de ingenier\u00eda de productos m\u00e9dicos altamente calificados de AVNA,  <a href=\"https:\/\/avna.com\/es\/design-support-and-development\/design-for-manufacturability\/\">dise\u00f1o para fabricaci\u00f3n<\/a>, <a href=\"https:\/\/avna.com\/es\/design-support-and-development\/design-for-automation\/\">dise\u00f1o para la automatizaci\u00f3n<\/a> y el de <a href=\"https:\/\/avna.com\/es\/capabilities\/assemblies\/\">ensamblaje<\/a>; trabajar\u00e1n con usted para mejorar los resultados. Nuestros expertos pueden ayudarle&nbsp; a optimizar dise\u00f1os de piezas, dise\u00f1ar equipo personalizado y desarrollar procesos de fabricaci\u00f3n especializados para los requisitos espec\u00edficos de su pedido. Con m\u00e1s de 100 a\u00f1os de experiencia, el equipo de AVNA es reconocido en toda la industria por su experiencia en el desarrollo de productos para dispositivos m\u00e9dicos, y estamos listos para colaborar con usted para lograr sus objetivos.<\/p>\n<\/div><\/section>\n\n\n\n<section class=\"wp-block-smart-section-section\"><div class=\"section-wrapper\">\n<div class=\"wp-block-columns has-2-columns okay-2col-table is-layout-flex wp-container-core-columns-is-layout-9d6595d7 wp-block-columns-is-layout-flex\">\n<div class=\"wp-block-column okay-2col-left is-layout-flow wp-block-column-is-layout-flow\">\n<p>Nuestros equipos de ingenier\u00eda de productos m\u00e9dicos incluyen especialistas en mec\u00e1nica, electricidad, l\u00e1ser y soldadura, manufactura y automatizaci\u00f3n. Este exclusivo y especializado equipo multidisciplinario de expertos, aporta un nivel de experiencia inigualable a su pedido. Le ayudamos a reducir los costos y agilizar los procesos para obtener resultados de la m\u00e1s alta calidad.<\/p>\n\n\n\n<p>El resultado es una soluci\u00f3n basada en las necesidades que le ayuda a entregar un producto final m\u00e1s competitivo.<\/p>\n<\/div>\n\n\n\n<div class=\"wp-block-column okay-2col-right is-layout-flow wp-block-column-is-layout-flow\">\n<section class=\"wp-block-smart-section-section callout margin-none\"><div class=\"section-wrapper\"><div class=\"wp-block-image padding-bottom-none\">\n<figure class=\"aligncenter is-resized\"><a href=\"https:\/\/avna.com\/es\/design-support-and-development\/nextech-labs\/\"><img decoding=\"async\" src=\"https:\/\/avna.com\/wp-content\/uploads\/2019\/02\/nextech_labs_600x240.png\" alt=\"\" class=\"wp-image-3264\" width=\"253\" height=\"101\" srcset=\"https:\/\/avna.com\/wp-content\/uploads\/2019\/02\/nextech_labs_600x240.png 600w, https:\/\/avna.com\/wp-content\/uploads\/2019\/02\/nextech_labs_600x240-300x120.png 300w, https:\/\/avna.com\/wp-content\/uploads\/2019\/02\/nextech_labs_600x240-100x40.png 100w, https:\/\/avna.com\/wp-content\/uploads\/2019\/02\/nextech_labs_600x240-200x80.png 200w, https:\/\/avna.com\/wp-content\/uploads\/2019\/02\/nextech_labs_600x240-400x160.png 400w\" sizes=\"(max-width: 253px) 100vw, 253px\" \/><\/a><\/figure><\/div>\n\n\n<p class=\"has-text-align-center padding-left-right\" style=\"font-size:13px\">Equipo dedicado, personal y recursos que lo llevan al mercado m\u00e1s r\u00e1pido. <a href=\"https:\/\/avna.com\/es\/design-support-and-development\/nextech-labs\/\">Conoce m\u00e1s.<\/a><\/p>\n<\/div><\/section>\n<\/div>\n<\/div>\n\n\n\n<div class=\"wp-block-media-text alignwide has-media-on-the-right is-stacked-on-mobile callout-image cta-it\"><div class=\"wp-block-media-text__content\">\n<h3 class=\"wp-block-heading\">Ingenier\u00eda de componentes m\u00e9dicos que es <em>Part&nbsp;of&nbsp;Something&nbsp;Greater<\/em><\/h3>\n\n\n\n<p class=\"has-regular-font-size\">Desde nuestros <a href=\"https:\/\/avna.com\/es\/design-support-and-development\/nextech-labs\/\">laboratorios NexTech<\/a>, hasta la producci\u00f3n a corto plazo y gran volumen, nuestros equipos de ingenier\u00eda de productos m\u00e9dicos colaborar\u00e1n con usted y lo ayudar\u00e1n a llegar al mercado m\u00e1s r\u00e1pido con resultados optimizados. Nuestro compromiso de ser <em>Part of Something Greater,<\/em> significa entregar <a href=\"https:\/\/avna.com\/es\/design-support-and-development\/\">soluciones<\/a> integradas de manera consistente con velocidad, precisi\u00f3n y funcionalidad, superar nuevos desaf\u00edos de ingenier\u00eda y mejorar los procesos de fabricaci\u00f3n actuales. <\/p>\n\n\n\n<p><a href=\"https:\/\/avna.com\/es\/contact-us\/\">Cont\u00e1ctenos<\/a> o programe una cita en nuestros <a href=\"https:\/\/avna.com\/es\/design-support-and-development\/nextech-labs\/\">Laboratorios NexTech<\/a> y descubra c\u00f3mo nuestra colaboraci\u00f3n centrada en el cliente mejorar\u00e1 los resultados en su pr\u00f3ximo proyecto.<\/p>\n<\/div><figure class=\"wp-block-media-text__media\"><img decoding=\"async\" width=\"800\" height=\"659\" src=\"https:\/\/avna.com\/wp-content\/uploads\/2019\/09\/okay-engineer-at-microscope.jpg\" alt=\"\" class=\"wp-image-5364 size-full\" srcset=\"https:\/\/avna.com\/wp-content\/uploads\/2019\/09\/okay-engineer-at-microscope.jpg 800w, https:\/\/avna.com\/wp-content\/uploads\/2019\/09\/okay-engineer-at-microscope-300x247.jpg 300w, https:\/\/avna.com\/wp-content\/uploads\/2019\/09\/okay-engineer-at-microscope-768x633.jpg 768w, https:\/\/avna.com\/wp-content\/uploads\/2019\/09\/okay-engineer-at-microscope-100x82.jpg 100w, https:\/\/avna.com\/wp-content\/uploads\/2019\/09\/okay-engineer-at-microscope-200x165.jpg 200w, https:\/\/avna.com\/wp-content\/uploads\/2019\/09\/okay-engineer-at-microscope-400x330.jpg 400w, https:\/\/avna.com\/wp-content\/uploads\/2019\/09\/okay-engineer-at-microscope-600x494.jpg 600w\" sizes=\"(max-width: 800px) 100vw, 800px\" \/><\/figure><\/div>\n<\/div><\/section>\n","protected":false},"excerpt":{"rendered":"","protected":false},"author":1,"featured_media":6820,"parent":6719,"menu_order":10,"comment_status":"closed","ping_status":"closed","template":"","meta":{"_acf_changed":false,"_yoast_wpseo_title":"Ingenier\u00eda de desarrollo de productos de dispositivos m\u00e9dicos | %%sitename%%","_yoast_wpseo_metadesc":"Equipos multidisplinarios de ingenier\u00eda de productos m\u00e9dicos de \u00faltima generaci\u00f3n. Expertos en optimizaci\u00f3n de dise\u00f1os de piezas y desarrollo de procesos.","_metasync_otto_title":"","_metasync_otto_description":"","rank_math_title":"","rank_math_description":"","footnotes":""},"class_list":["post-6818","page","type-page","status-publish","has-post-thumbnail","hentry"],"acf":[],"yoast_head":"<!-- This site is optimized with the Yoast SEO Premium plugin v20.12 (Yoast SEO v25.4) - https:\/\/yoast.com\/wordpress\/plugins\/seo\/ -->\n<title>Ingenier\u00eda de desarrollo de productos de dispositivos m\u00e9dicos | AVNA<\/title>\n<meta name=\"description\" content=\"Equipos multidisplinarios de ingenier\u00eda de productos m\u00e9dicos de \u00faltima generaci\u00f3n. Expertos en optimizaci\u00f3n de dise\u00f1os de piezas y desarrollo de procesos.\" \/>\n<meta name=\"robots\" content=\"index, follow, max-snippet:-1, max-image-preview:large, max-video-preview:-1\" \/>\n<link rel=\"canonical\" href=\"https:\/\/avna.com\/es\/capabilities\/engineering\/\" \/>\n<meta property=\"og:locale\" content=\"es_ES\" \/>\n<meta property=\"og:type\" content=\"article\" \/>\n<meta property=\"og:title\" content=\"Ingenier\u00eda y dise\u00f1o de Herramientas\" \/>\n<meta property=\"og:description\" content=\"Equipos multidisplinarios de ingenier\u00eda de productos m\u00e9dicos de \u00faltima generaci\u00f3n. Expertos en optimizaci\u00f3n de dise\u00f1os de piezas y desarrollo de procesos.\" \/>\n<meta property=\"og:url\" content=\"https:\/\/avna.com\/es\/capabilities\/engineering\/\" \/>\n<meta property=\"og:site_name\" content=\"AVNA\" \/>\n<meta property=\"article:modified_time\" content=\"2023-12-28T21:09:57+00:00\" \/>\n<meta property=\"og:image\" content=\"https:\/\/avna.com\/wp-content\/uploads\/2018\/12\/Blue-Background-Treatment9.jpg\" \/>\n\t<meta property=\"og:image:width\" content=\"3000\" \/>\n\t<meta property=\"og:image:height\" content=\"1080\" \/>\n\t<meta property=\"og:image:type\" content=\"image\/jpeg\" \/>\n<meta name=\"twitter:card\" content=\"summary_large_image\" \/>\n<meta name=\"twitter:label1\" content=\"Tiempo de lectura\" \/>\n\t<meta name=\"twitter:data1\" content=\"2 minutos\" \/>\n<script type=\"application\/ld+json\" class=\"yoast-schema-graph\">{\"@context\":\"https:\/\/schema.org\",\"@graph\":[{\"@type\":\"WebPage\",\"@id\":\"https:\/\/avna.com\/es\/capabilities\/engineering\/\",\"url\":\"https:\/\/avna.com\/es\/capabilities\/engineering\/\",\"name\":\"Ingenier\u00eda de desarrollo de productos de dispositivos m\u00e9dicos | AVNA\",\"isPartOf\":{\"@id\":\"https:\/\/avna.com\/es\/#website\"},\"primaryImageOfPage\":{\"@id\":\"https:\/\/avna.com\/es\/capabilities\/engineering\/#primaryimage\"},\"image\":{\"@id\":\"https:\/\/avna.com\/es\/capabilities\/engineering\/#primaryimage\"},\"thumbnailUrl\":\"https:\/\/avna.com\/wp-content\/uploads\/2018\/12\/Blue-Background-Treatment9.jpg\",\"datePublished\":\"2018-12-13T20:12:17+00:00\",\"dateModified\":\"2023-12-28T21:09:57+00:00\",\"description\":\"Equipos multidisplinarios de ingenier\u00eda de productos m\u00e9dicos de \u00faltima generaci\u00f3n. Expertos en optimizaci\u00f3n de dise\u00f1os de piezas y desarrollo de procesos.\",\"breadcrumb\":{\"@id\":\"https:\/\/avna.com\/es\/capabilities\/engineering\/#breadcrumb\"},\"inLanguage\":\"es\",\"potentialAction\":[{\"@type\":\"ReadAction\",\"target\":[\"https:\/\/avna.com\/es\/capabilities\/engineering\/\"]}]},{\"@type\":\"ImageObject\",\"inLanguage\":\"es\",\"@id\":\"https:\/\/avna.com\/es\/capabilities\/engineering\/#primaryimage\",\"url\":\"https:\/\/avna.com\/wp-content\/uploads\/2018\/12\/Blue-Background-Treatment9.jpg\",\"contentUrl\":\"https:\/\/avna.com\/wp-content\/uploads\/2018\/12\/Blue-Background-Treatment9.jpg\",\"width\":3000,\"height\":1080},{\"@type\":\"BreadcrumbList\",\"@id\":\"https:\/\/avna.com\/es\/capabilities\/engineering\/#breadcrumb\",\"itemListElement\":[{\"@type\":\"ListItem\",\"position\":1,\"name\":\"Home\",\"item\":\"https:\/\/avna.com\/es\/\"},{\"@type\":\"ListItem\",\"position\":2,\"name\":\"Capacidades\",\"item\":\"https:\/\/avna.com\/es\/capabilities\/\"},{\"@type\":\"ListItem\",\"position\":3,\"name\":\"Ingenier\u00eda y dise\u00f1o de Herramientas\"}]},{\"@type\":\"WebSite\",\"@id\":\"https:\/\/avna.com\/es\/#website\",\"url\":\"https:\/\/avna.com\/es\/\",\"name\":\"AVNA\",\"description\":\"Innovation Partners for Life\",\"publisher\":{\"@id\":\"https:\/\/avna.com\/es\/#organization\"},\"potentialAction\":[{\"@type\":\"SearchAction\",\"target\":{\"@type\":\"EntryPoint\",\"urlTemplate\":\"https:\/\/avna.com\/es\/?s={search_term_string}\"},\"query-input\":{\"@type\":\"PropertyValueSpecification\",\"valueRequired\":true,\"valueName\":\"search_term_string\"}}],\"inLanguage\":\"es\"},{\"@type\":\"Organization\",\"@id\":\"https:\/\/avna.com\/es\/#organization\",\"name\":\"AVNA\",\"url\":\"https:\/\/avna.com\/es\/\",\"logo\":{\"@type\":\"ImageObject\",\"inLanguage\":\"es\",\"@id\":\"https:\/\/avna.com\/es\/#\/schema\/logo\/image\/\",\"url\":\"https:\/\/avna.com\/wp-content\/uploads\/2023\/12\/logo-0.png\",\"contentUrl\":\"https:\/\/avna.com\/wp-content\/uploads\/2023\/12\/logo-0.png\",\"width\":387,\"height\":275,\"caption\":\"AVNA\"},\"image\":{\"@id\":\"https:\/\/avna.com\/es\/#\/schema\/logo\/image\/\"}}]}<\/script>\n<!-- \/ Yoast SEO Premium plugin. -->","yoast_head_json":{"title":"Ingenier\u00eda de desarrollo de productos de dispositivos m\u00e9dicos | AVNA","description":"Equipos multidisplinarios de ingenier\u00eda de productos m\u00e9dicos de \u00faltima generaci\u00f3n. Expertos en optimizaci\u00f3n de dise\u00f1os de piezas y desarrollo de procesos.","robots":{"index":"index","follow":"follow","max-snippet":"max-snippet:-1","max-image-preview":"max-image-preview:large","max-video-preview":"max-video-preview:-1"},"canonical":"https:\/\/avna.com\/es\/capabilities\/engineering\/","og_locale":"es_ES","og_type":"article","og_title":"Ingenier\u00eda y dise\u00f1o de Herramientas","og_description":"Equipos multidisplinarios de ingenier\u00eda de productos m\u00e9dicos de \u00faltima generaci\u00f3n. Expertos en optimizaci\u00f3n de dise\u00f1os de piezas y desarrollo de procesos.","og_url":"https:\/\/avna.com\/es\/capabilities\/engineering\/","og_site_name":"AVNA","article_modified_time":"2023-12-28T21:09:57+00:00","og_image":[{"width":3000,"height":1080,"url":"https:\/\/avna.com\/wp-content\/uploads\/2018\/12\/Blue-Background-Treatment9.jpg","type":"image\/jpeg"}],"twitter_card":"summary_large_image","twitter_misc":{"Tiempo de lectura":"2 minutos"},"schema":{"@context":"https:\/\/schema.org","@graph":[{"@type":"WebPage","@id":"https:\/\/avna.com\/es\/capabilities\/engineering\/","url":"https:\/\/avna.com\/es\/capabilities\/engineering\/","name":"Ingenier\u00eda de desarrollo de productos de dispositivos m\u00e9dicos | AVNA","isPartOf":{"@id":"https:\/\/avna.com\/es\/#website"},"primaryImageOfPage":{"@id":"https:\/\/avna.com\/es\/capabilities\/engineering\/#primaryimage"},"image":{"@id":"https:\/\/avna.com\/es\/capabilities\/engineering\/#primaryimage"},"thumbnailUrl":"https:\/\/avna.com\/wp-content\/uploads\/2018\/12\/Blue-Background-Treatment9.jpg","datePublished":"2018-12-13T20:12:17+00:00","dateModified":"2023-12-28T21:09:57+00:00","description":"Equipos multidisplinarios de ingenier\u00eda de productos m\u00e9dicos de \u00faltima generaci\u00f3n. Expertos en optimizaci\u00f3n de dise\u00f1os de piezas y desarrollo de procesos.","breadcrumb":{"@id":"https:\/\/avna.com\/es\/capabilities\/engineering\/#breadcrumb"},"inLanguage":"es","potentialAction":[{"@type":"ReadAction","target":["https:\/\/avna.com\/es\/capabilities\/engineering\/"]}]},{"@type":"ImageObject","inLanguage":"es","@id":"https:\/\/avna.com\/es\/capabilities\/engineering\/#primaryimage","url":"https:\/\/avna.com\/wp-content\/uploads\/2018\/12\/Blue-Background-Treatment9.jpg","contentUrl":"https:\/\/avna.com\/wp-content\/uploads\/2018\/12\/Blue-Background-Treatment9.jpg","width":3000,"height":1080},{"@type":"BreadcrumbList","@id":"https:\/\/avna.com\/es\/capabilities\/engineering\/#breadcrumb","itemListElement":[{"@type":"ListItem","position":1,"name":"Home","item":"https:\/\/avna.com\/es\/"},{"@type":"ListItem","position":2,"name":"Capacidades","item":"https:\/\/avna.com\/es\/capabilities\/"},{"@type":"ListItem","position":3,"name":"Ingenier\u00eda y dise\u00f1o de Herramientas"}]},{"@type":"WebSite","@id":"https:\/\/avna.com\/es\/#website","url":"https:\/\/avna.com\/es\/","name":"AVNA","description":"Innovation Partners for Life","publisher":{"@id":"https:\/\/avna.com\/es\/#organization"},"potentialAction":[{"@type":"SearchAction","target":{"@type":"EntryPoint","urlTemplate":"https:\/\/avna.com\/es\/?s={search_term_string}"},"query-input":{"@type":"PropertyValueSpecification","valueRequired":true,"valueName":"search_term_string"}}],"inLanguage":"es"},{"@type":"Organization","@id":"https:\/\/avna.com\/es\/#organization","name":"AVNA","url":"https:\/\/avna.com\/es\/","logo":{"@type":"ImageObject","inLanguage":"es","@id":"https:\/\/avna.com\/es\/#\/schema\/logo\/image\/","url":"https:\/\/avna.com\/wp-content\/uploads\/2023\/12\/logo-0.png","contentUrl":"https:\/\/avna.com\/wp-content\/uploads\/2023\/12\/logo-0.png","width":387,"height":275,"caption":"AVNA"},"image":{"@id":"https:\/\/avna.com\/es\/#\/schema\/logo\/image\/"}}]}},"_links":{"self":[{"href":"https:\/\/avna.com\/es\/wp-json\/wp\/v2\/pages\/6818","targetHints":{"allow":["GET"]}}],"collection":[{"href":"https:\/\/avna.com\/es\/wp-json\/wp\/v2\/pages"}],"about":[{"href":"https:\/\/avna.com\/es\/wp-json\/wp\/v2\/types\/page"}],"author":[{"embeddable":true,"href":"https:\/\/avna.com\/es\/wp-json\/wp\/v2\/users\/1"}],"replies":[{"embeddable":true,"href":"https:\/\/avna.com\/es\/wp-json\/wp\/v2\/comments?post=6818"}],"version-history":[{"count":26,"href":"https:\/\/avna.com\/es\/wp-json\/wp\/v2\/pages\/6818\/revisions"}],"predecessor-version":[{"id":12361,"href":"https:\/\/avna.com\/es\/wp-json\/wp\/v2\/pages\/6818\/revisions\/12361"}],"up":[{"embeddable":true,"href":"https:\/\/avna.com\/es\/wp-json\/wp\/v2\/pages\/6719"}],"wp:featuredmedia":[{"embeddable":true,"href":"https:\/\/avna.com\/es\/wp-json\/wp\/v2\/media\/6820"}],"wp:attachment":[{"href":"https:\/\/avna.com\/es\/wp-json\/wp\/v2\/media?parent=6818"}],"curies":[{"name":"wp","href":"https:\/\/api.w.org\/{rel}","templated":true}]}}