{"id":6808,"date":"2018-12-13T20:12:17","date_gmt":"2018-12-13T20:12:17","guid":{"rendered":"https:\/\/avna.com\/capabilities\/assemblies\/"},"modified":"2025-05-05T14:43:41","modified_gmt":"2025-05-05T18:43:41","slug":"assemblies","status":"publish","type":"page","link":"https:\/\/avna.com\/es\/capabilities\/assemblies\/","title":{"rendered":"Ensambles automatizados \/ rob\u00f3ticos"},"content":{"rendered":"\n\n<section class=\"header-block\"><figure class=\"bg\" style=\"background-image: url(https:\/\/avna.com\/wp-content\/uploads\/2018\/12\/Blue-Background-Treatment10.jpg); \"><\/figure><div class=\"section-wrapper\"><div class=\"text-wrapper\"><div class=\"text-background\"><\/div><div class=\"header-image lock-to-right \" style=\"background-image: url(https:\/\/avna.com\/wp-content\/uploads\/2023\/12\/avna-robotic-assembly.png);\"><\/div><div class=\"header-text\"><h1>MONTAJE DE DISPOSITIVOS M\u00c9DICOS<\/h1>\n<h2>Ensambles automatizados \/ rob\u00f3ticos<\/h2>\n<p><strong>Con operaciones de estampado, mecanizado, procesamiento l\u00e1ser y acabado de precisi\u00f3n, nuestros expertos entregan ensambles de dispositivos m\u00e9dicos de calidad comprobada.<\/strong><\/p>\n<p>La colaboraci\u00f3n y la calidad gu\u00edan cada proyecto en AVNA . Nuestros servicios de ensamblaje de dispositivos m\u00e9dicos re\u00fanen nuestra gama de capacidades de fabricaci\u00f3n personalizadas, entregando una soluci\u00f3n completa para su aplicaci\u00f3n de precisi\u00f3n. La inspecci\u00f3n integrada, los controles de proceso y los equipos de ingenier\u00eda multidisciplinarios supervisan cada paso del proceso de producci\u00f3n. Nuestros conjuntos de ensambles m\u00e9dicos cumplen con los est\u00e1ndares de cumplimiento m\u00e1s exigentes.<\/p>\n<\/div><\/div><\/div><\/section>\n\n\n<section class=\"wp-block-smart-section-section white-background\"><div class=\"section-wrapper\">\n<h2 class=\"has-text-align-center wp-block-heading\" id=\"mce_19\">Construyendo soluciones que te empoderan.<\/h2>\n\n\n\n<p>Los equipos expertos de ingenier\u00eda y producci\u00f3n de AVNA  pueden desarrollar soluciones innovadoras orientadas al cliente que aprovechan la gama completa de nuestras <a href=\"https:\/\/avna.com\/es\/capabilities\/\">capacidades<\/a>. Nuestros especialistas en dise\u00f1o mec\u00e1nico, el\u00e9ctrico, de procesamiento l\u00e1ser, herramientas y automatizaci\u00f3n ofrecen soluciones integradas y optimizadas para los conjuntos de dispositivos m\u00e9dicos m\u00e1s complejos.<\/p>\n\n\n\n<div id=\"metaslider-id-1469\" style=\"width: 100%; margin: 0 auto;\" class=\"ml-slider-3-102-0 metaslider metaslider-flex metaslider-1469 ml-slider has-carousel-mode ml-slider-lightbox-2-12-0 firelight-lightbox-2-3-17 ms-theme-default nav-hidden\" role=\"region\" aria-label=\"Assemblies\" data-height=\"200\" data-width=\"200\">\n    <div id=\"metaslider_container_1469\">\n        <div id=\"metaslider_1469\">\n            <ul class='slides'>\n                <li style=\"display: none; width: 100%;\" class=\"slide-2585 ms-image \" aria-roledescription=\"slide\" data-date=\"2019-01-10 19:26:35\" data-slide-type=\"image\"><img decoding=\"async\" src=\"https:\/\/avna.com\/wp-content\/uploads\/2019\/01\/full_horseshoe_gallery_800px-200x200.jpg\" height=\"200\" width=\"200\" alt=\"manufacturing of precision surgical assemblies\" class=\"slider-1469 slide-2585 msDefaultImage ml-lightbox-enabled\" \/><\/li>\n                <li style=\"display: none; width: 100%;\" class=\"slide-1940 ms-image \" aria-roledescription=\"slide\" data-date=\"2019-01-07 22:45:42\" data-slide-type=\"image\"><img decoding=\"async\" src=\"https:\/\/avna.com\/wp-content\/uploads\/2019\/01\/297-asy-without-coin-edit2-200x200.jpg\" height=\"200\" width=\"200\" alt=\"manufacturing of precision surgical assemblies\" class=\"slider-1469 slide-1940 msDefaultImage ml-lightbox-enabled\" \/><\/li>\n                <li style=\"display: none; width: 100%;\" class=\"slide-1938 ms-image \" aria-roledescription=\"slide\" data-date=\"2019-01-07 22:43:34\" data-slide-type=\"image\"><img decoding=\"async\" src=\"https:\/\/avna.com\/wp-content\/uploads\/2019\/01\/Shuttle_Complete-edit-2-200x200.jpg\" height=\"200\" width=\"200\" alt=\"medical manufacturing partner for OEMs\" class=\"slider-1469 slide-1938 msDefaultImage ml-lightbox-enabled\" \/><\/li>\n                <li style=\"display: none; width: 100%;\" class=\"slide-6172 ms-image \" aria-roledescription=\"slide\" data-date=\"2019-12-20 16:34:33\" data-slide-type=\"image\"><img decoding=\"async\" src=\"https:\/\/avna.com\/wp-content\/uploads\/2019\/09\/okay-blade-assembly-200x200.jpg\" height=\"200\" width=\"200\" alt=\"surgical assembly\" class=\"slider-1469 slide-6172 msDefaultImage ml-lightbox-enabled\" \/><\/li>\n            <\/ul>\n        <\/div>\n        \n    <\/div>\n<\/div>\n<\/div><\/section>\n\n\n\n<section class=\"wp-block-smart-section-section\"><div class=\"section-wrapper\">\n<div class=\"wp-block-columns has-2-columns okay-2col-table is-layout-flex wp-container-core-columns-is-layout-9d6595d7 wp-block-columns-is-layout-flex\">\n<div class=\"wp-block-column okay-2col-left is-layout-flow wp-block-column-is-layout-flow\">\n<p>La integraci\u00f3n vertical de AVNA reduce el manejo de piezas, agiliza las operaciones y reduce los costos. Ofrecemos tres ubicaciones de vanguardia y m\u00e1s de 20996m<sup>2<\/sup> de excelencia en fabricaci\u00f3n, combinando una variedad de servicios en el ensamblaje de su dispositivo m\u00e9dico, que incluyen:<\/p>\n\n\n\n<ul class=\"wp-block-list\">\n<li><a href=\"https:\/\/avna.com\/es\/capabilities\/engineering\/\">Ingenier\u00eda<\/a><\/li>\n\n\n\n<li><a href=\"https:\/\/avna.com\/es\/design-support-and-development\/design-for-manufacturability\/\">Dise\u00f1o para manufactura<\/a><\/li>\n\n\n\n<li><a href=\"https:\/\/avna.com\/es\/design-support-and-development\/design-for-automation\/\">Dise\u00f1o para automatizaci\u00f3n<\/a><\/li>\n\n\n\n<li><a href=\"https:\/\/avna.com\/es\/capabilities\/stampings-milling\/\">Estampados de precisi\u00f3n y mecanizado<\/a><\/li>\n\n\n\n<li><a href=\"https:\/\/avna.com\/es\/capabilities\/surgical-steel-edges-accu-blades\/\">Cuchillas quir\u00fargicas, tijeras y filos de corte<\/a><\/li>\n\n\n\n<li><a href=\"https:\/\/avna.com\/es\/capabilities\/swiss-turning-and-accu-laserswiss\/\">Torneado tipo suizo con corte l\u00e1ser integrado<\/a><\/li>\n\n\n\n<li><a href=\"https:\/\/avna.com\/es\/capabilities\/laser-processing\/\">Soldadura l\u00e1ser, marcado y tratamientos de superficie<\/a><\/li>\n\n\n\n<li><a href=\"https:\/\/avna.com\/es\/capabilities\/laser-tube-cutting\/\">Corte l\u00e1ser de tubos<\/a><\/li>\n\n\n\n<li><a href=\"https:\/\/avna.com\/es\/capabilities\/secondary-operations\/\">Operaciones secundarias y de acabado<\/a><\/li>\n<\/ul>\n\n\n\n<p>AVNA  controla la calidad manteniendo sus componentes de precisi\u00f3n en la empresa o mediante asociaciones de proveedores estrat\u00e9gicos estrictamente administrados. Nuestro profundo apoyo de ingenier\u00eda combinado con controles de inspecci\u00f3n integrados, <a href=\"https:\/\/avna.com\/es\/quality\/certifications-standards\/\">registro y certificaciones <\/a>de la industria, y rigurosos est\u00e1ndares de cumplimiento de calidad aseguran que nuestro equipo supere sus expectativas para el ensamblaje de dispositivos m\u00e9dicos. Adem\u00e1s, nuestro soporte interno de montaje e ingenier\u00eda de dispositivos m\u00e9dicos permite a los clientes consolidar los servicios y optimizar la eficiencia y la calidad.<\/p>\n<\/div>\n\n\n\n<div class=\"wp-block-column okay-2col-right is-layout-flow wp-block-column-is-layout-flow\">\n<section class=\"wp-block-smart-section-section callout margin-none\"><div class=\"section-wrapper\">\n<div class=\"wp-block-image padding-bottom-none\"><figure class=\"aligncenter is-resized\"><a href=\"https:\/\/avna.com\/es\/design-support-and-development\/nextech-labs\/\"><img decoding=\"async\" src=\"https:\/\/avna.com\/wp-content\/uploads\/2019\/02\/nextech_labs_600x240.png\" alt=\"\" class=\"wp-image-3264\" width=\"253\" height=\"101\" srcset=\"https:\/\/avna.com\/wp-content\/uploads\/2019\/02\/nextech_labs_600x240.png 600w, https:\/\/avna.com\/wp-content\/uploads\/2019\/02\/nextech_labs_600x240-300x120.png 300w, https:\/\/avna.com\/wp-content\/uploads\/2019\/02\/nextech_labs_600x240-100x40.png 100w, https:\/\/avna.com\/wp-content\/uploads\/2019\/02\/nextech_labs_600x240-200x80.png 200w, https:\/\/avna.com\/wp-content\/uploads\/2019\/02\/nextech_labs_600x240-400x160.png 400w\" sizes=\"(max-width: 253px) 100vw, 253px\" \/><\/a><\/figure><\/div>\n\n\n\n<p class=\"has-text-align-center padding-left-right\" style=\"font-size:13px\">Equipo dedicado, personal y recursos que lo llevan al mercado m\u00e1s r\u00e1pido. <a href=\"https:\/\/avna.com\/es\/design-support-and-development\/nextech-labs\/\">Conoce m\u00e1s.<\/a><\/p>\n\n\n\n<div class=\"wp-block-image padding-left-right margin-none\"><figure class=\"aligncenter\"><a href=\"https:\/\/avna.com\/es\/design-support-and-development\/nextech-labs\/\"><img decoding=\"async\" width=\"375\" height=\"342\" src=\"https:\/\/avna.com\/wp-content\/uploads\/2019\/03\/callout-box-layered-edit-ES.png\" alt=\"\" class=\"wp-image-7116\" srcset=\"https:\/\/avna.com\/wp-content\/uploads\/2019\/03\/callout-box-layered-edit-ES.png 375w, https:\/\/avna.com\/wp-content\/uploads\/2019\/03\/callout-box-layered-edit-ES-300x274.png 300w, https:\/\/avna.com\/wp-content\/uploads\/2019\/03\/callout-box-layered-edit-ES-100x91.png 100w, https:\/\/avna.com\/wp-content\/uploads\/2019\/03\/callout-box-layered-edit-ES-200x182.png 200w\" sizes=\"(max-width: 375px) 100vw, 375px\" \/><\/a><\/figure><\/div>\n<\/div><\/section>\n\n\n\n<p><\/p>\n<\/div>\n<\/div>\n\n\n\n<div class=\"wp-block-media-text alignwide has-media-on-the-right is-stacked-on-mobile callout-image cta-it\"><div class=\"wp-block-media-text__content\">\n<h3 class=\"wp-block-heading\">Ensamblaje automatizado de dispositivos m\u00e9dicos que es  <em>Part&nbsp;of&nbsp;Something&nbsp;Greater<\/em><\/h3>\n\n\n\n<p class=\"has-regular-font-size\">AVNA  es su socio en la fabricaci\u00f3n de   <em>Part of Something Greater<\/em>, somos una soluci\u00f3n integral para los clientes. Nuestros servicios de ensamblaje de dispositivos m\u00e9dicos le permiten consolidar su cadena de suministro y optimizar la producci\u00f3n, permiti\u00e9ndonos manejar la calidad, el cumplimiento y la evaluaci\u00f3n. Todo nuestro equipo est\u00e1 impulsado por la calidad y est\u00e1 listo para aplicar nuestra experiencia a su proyecto.<\/p>\n\n\n\n<p><a href=\"https:\/\/avna.com\/es\/contact-us\/\">Cont\u00e1ctenos<\/a> o programe una cita en nuestros <a href=\"https:\/\/avna.com\/es\/design-support-and-development\/nextech-labs\/\">Laboratorios NexTech<\/a> y descubra c\u00f3mo nuestra colaboraci\u00f3n centrada en el cliente mejorar\u00e1 los resultados en su pr\u00f3ximo proyecto.<\/p>\n<\/div><figure class=\"wp-block-media-text__media\"><img decoding=\"async\" width=\"800\" height=\"659\" src=\"https:\/\/avna.com\/wp-content\/uploads\/2019\/09\/okay-robotics.jpg\" alt=\"\" class=\"wp-image-5362 size-full\" srcset=\"https:\/\/avna.com\/wp-content\/uploads\/2019\/09\/okay-robotics.jpg 800w, https:\/\/avna.com\/wp-content\/uploads\/2019\/09\/okay-robotics-300x247.jpg 300w, https:\/\/avna.com\/wp-content\/uploads\/2019\/09\/okay-robotics-768x633.jpg 768w, https:\/\/avna.com\/wp-content\/uploads\/2019\/09\/okay-robotics-100x82.jpg 100w, https:\/\/avna.com\/wp-content\/uploads\/2019\/09\/okay-robotics-200x165.jpg 200w, https:\/\/avna.com\/wp-content\/uploads\/2019\/09\/okay-robotics-400x330.jpg 400w, https:\/\/avna.com\/wp-content\/uploads\/2019\/09\/okay-robotics-600x494.jpg 600w\" sizes=\"(max-width: 800px) 100vw, 800px\" \/><\/figure><\/div>\n<\/div><\/section>\n","protected":false},"excerpt":{"rendered":"","protected":false},"author":1,"featured_media":6613,"parent":6719,"menu_order":9,"comment_status":"closed","ping_status":"closed","template":"","meta":{"_acf_changed":false,"_yoast_wpseo_title":"Ensamblaje de dispositivos m\u00e9dicos | %%sitename%%","_yoast_wpseo_metadesc":"Ofrecemos una variedad de servicios de ensamblaje automatizada de dispositivos m\u00e9dicos que agilizan de las operaciones y reducen los costos.","_metasync_otto_title":"","_metasync_otto_description":"","rank_math_title":"","rank_math_description":"","footnotes":""},"class_list":["post-6808","page","type-page","status-publish","has-post-thumbnail","hentry"],"acf":[],"yoast_head":"<!-- This site is optimized with the Yoast SEO Premium plugin v20.12 (Yoast SEO v25.4) - https:\/\/yoast.com\/wordpress\/plugins\/seo\/ -->\n<title>Ensamblaje de dispositivos m\u00e9dicos | AVNA<\/title>\n<meta name=\"description\" content=\"Ofrecemos una variedad de servicios de ensamblaje automatizada de dispositivos m\u00e9dicos que agilizan de las operaciones y reducen los costos.\" \/>\n<meta name=\"robots\" content=\"index, follow, max-snippet:-1, max-image-preview:large, max-video-preview:-1\" \/>\n<link rel=\"canonical\" href=\"https:\/\/avna.com\/es\/capabilities\/assemblies\/\" \/>\n<meta property=\"og:locale\" content=\"es_ES\" \/>\n<meta property=\"og:type\" content=\"article\" \/>\n<meta property=\"og:title\" content=\"Ensambles automatizados \/ rob\u00f3ticos\" \/>\n<meta property=\"og:description\" content=\"Ofrecemos una variedad de servicios de ensamblaje automatizada de dispositivos m\u00e9dicos que agilizan de las operaciones y reducen los costos.\" \/>\n<meta property=\"og:url\" content=\"https:\/\/avna.com\/es\/capabilities\/assemblies\/\" \/>\n<meta property=\"og:site_name\" content=\"AVNA\" \/>\n<meta property=\"article:modified_time\" content=\"2025-05-05T18:43:41+00:00\" \/>\n<meta property=\"og:image\" content=\"https:\/\/avna.com\/wp-content\/uploads\/2018\/12\/Blue-Background-Treatment10.jpg\" \/>\n\t<meta property=\"og:image:width\" content=\"3000\" \/>\n\t<meta property=\"og:image:height\" content=\"1080\" \/>\n\t<meta property=\"og:image:type\" content=\"image\/jpeg\" \/>\n<meta name=\"twitter:card\" content=\"summary_large_image\" \/>\n<meta name=\"twitter:label1\" content=\"Tiempo de lectura\" \/>\n\t<meta name=\"twitter:data1\" content=\"2 minutos\" \/>\n<script type=\"application\/ld+json\" class=\"yoast-schema-graph\">{\"@context\":\"https:\/\/schema.org\",\"@graph\":[{\"@type\":\"WebPage\",\"@id\":\"https:\/\/avna.com\/es\/capabilities\/assemblies\/\",\"url\":\"https:\/\/avna.com\/es\/capabilities\/assemblies\/\",\"name\":\"Ensamblaje de dispositivos m\u00e9dicos | AVNA\",\"isPartOf\":{\"@id\":\"https:\/\/avna.com\/es\/#website\"},\"primaryImageOfPage\":{\"@id\":\"https:\/\/avna.com\/es\/capabilities\/assemblies\/#primaryimage\"},\"image\":{\"@id\":\"https:\/\/avna.com\/es\/capabilities\/assemblies\/#primaryimage\"},\"thumbnailUrl\":\"https:\/\/avna.com\/wp-content\/uploads\/2018\/12\/Blue-Background-Treatment10.jpg\",\"datePublished\":\"2018-12-13T20:12:17+00:00\",\"dateModified\":\"2025-05-05T18:43:41+00:00\",\"description\":\"Ofrecemos una variedad de servicios de ensamblaje automatizada de dispositivos m\u00e9dicos que agilizan de las operaciones y reducen los costos.\",\"breadcrumb\":{\"@id\":\"https:\/\/avna.com\/es\/capabilities\/assemblies\/#breadcrumb\"},\"inLanguage\":\"es\",\"potentialAction\":[{\"@type\":\"ReadAction\",\"target\":[\"https:\/\/avna.com\/es\/capabilities\/assemblies\/\"]}]},{\"@type\":\"ImageObject\",\"inLanguage\":\"es\",\"@id\":\"https:\/\/avna.com\/es\/capabilities\/assemblies\/#primaryimage\",\"url\":\"https:\/\/avna.com\/wp-content\/uploads\/2018\/12\/Blue-Background-Treatment10.jpg\",\"contentUrl\":\"https:\/\/avna.com\/wp-content\/uploads\/2018\/12\/Blue-Background-Treatment10.jpg\",\"width\":3000,\"height\":1080},{\"@type\":\"BreadcrumbList\",\"@id\":\"https:\/\/avna.com\/es\/capabilities\/assemblies\/#breadcrumb\",\"itemListElement\":[{\"@type\":\"ListItem\",\"position\":1,\"name\":\"Home\",\"item\":\"https:\/\/avna.com\/es\/\"},{\"@type\":\"ListItem\",\"position\":2,\"name\":\"Capacidades\",\"item\":\"https:\/\/avna.com\/es\/capabilities\/\"},{\"@type\":\"ListItem\",\"position\":3,\"name\":\"Ensambles automatizados \/ rob\u00f3ticos\"}]},{\"@type\":\"WebSite\",\"@id\":\"https:\/\/avna.com\/es\/#website\",\"url\":\"https:\/\/avna.com\/es\/\",\"name\":\"AVNA\",\"description\":\"Innovation Partners for Life\",\"publisher\":{\"@id\":\"https:\/\/avna.com\/es\/#organization\"},\"potentialAction\":[{\"@type\":\"SearchAction\",\"target\":{\"@type\":\"EntryPoint\",\"urlTemplate\":\"https:\/\/avna.com\/es\/?s={search_term_string}\"},\"query-input\":{\"@type\":\"PropertyValueSpecification\",\"valueRequired\":true,\"valueName\":\"search_term_string\"}}],\"inLanguage\":\"es\"},{\"@type\":\"Organization\",\"@id\":\"https:\/\/avna.com\/es\/#organization\",\"name\":\"AVNA\",\"url\":\"https:\/\/avna.com\/es\/\",\"logo\":{\"@type\":\"ImageObject\",\"inLanguage\":\"es\",\"@id\":\"https:\/\/avna.com\/es\/#\/schema\/logo\/image\/\",\"url\":\"https:\/\/avna.com\/wp-content\/uploads\/2023\/12\/logo-0.png\",\"contentUrl\":\"https:\/\/avna.com\/wp-content\/uploads\/2023\/12\/logo-0.png\",\"width\":387,\"height\":275,\"caption\":\"AVNA\"},\"image\":{\"@id\":\"https:\/\/avna.com\/es\/#\/schema\/logo\/image\/\"}}]}<\/script>\n<!-- \/ Yoast SEO Premium plugin. -->","yoast_head_json":{"title":"Ensamblaje de dispositivos m\u00e9dicos | AVNA","description":"Ofrecemos una variedad de servicios de ensamblaje automatizada de dispositivos m\u00e9dicos que agilizan de las operaciones y reducen los costos.","robots":{"index":"index","follow":"follow","max-snippet":"max-snippet:-1","max-image-preview":"max-image-preview:large","max-video-preview":"max-video-preview:-1"},"canonical":"https:\/\/avna.com\/es\/capabilities\/assemblies\/","og_locale":"es_ES","og_type":"article","og_title":"Ensambles automatizados \/ rob\u00f3ticos","og_description":"Ofrecemos una variedad de servicios de ensamblaje automatizada de dispositivos m\u00e9dicos que agilizan de las operaciones y reducen los costos.","og_url":"https:\/\/avna.com\/es\/capabilities\/assemblies\/","og_site_name":"AVNA","article_modified_time":"2025-05-05T18:43:41+00:00","og_image":[{"width":3000,"height":1080,"url":"https:\/\/avna.com\/wp-content\/uploads\/2018\/12\/Blue-Background-Treatment10.jpg","type":"image\/jpeg"}],"twitter_card":"summary_large_image","twitter_misc":{"Tiempo de lectura":"2 minutos"},"schema":{"@context":"https:\/\/schema.org","@graph":[{"@type":"WebPage","@id":"https:\/\/avna.com\/es\/capabilities\/assemblies\/","url":"https:\/\/avna.com\/es\/capabilities\/assemblies\/","name":"Ensamblaje de dispositivos m\u00e9dicos | AVNA","isPartOf":{"@id":"https:\/\/avna.com\/es\/#website"},"primaryImageOfPage":{"@id":"https:\/\/avna.com\/es\/capabilities\/assemblies\/#primaryimage"},"image":{"@id":"https:\/\/avna.com\/es\/capabilities\/assemblies\/#primaryimage"},"thumbnailUrl":"https:\/\/avna.com\/wp-content\/uploads\/2018\/12\/Blue-Background-Treatment10.jpg","datePublished":"2018-12-13T20:12:17+00:00","dateModified":"2025-05-05T18:43:41+00:00","description":"Ofrecemos una variedad de servicios de ensamblaje automatizada de dispositivos m\u00e9dicos que agilizan de las operaciones y reducen los costos.","breadcrumb":{"@id":"https:\/\/avna.com\/es\/capabilities\/assemblies\/#breadcrumb"},"inLanguage":"es","potentialAction":[{"@type":"ReadAction","target":["https:\/\/avna.com\/es\/capabilities\/assemblies\/"]}]},{"@type":"ImageObject","inLanguage":"es","@id":"https:\/\/avna.com\/es\/capabilities\/assemblies\/#primaryimage","url":"https:\/\/avna.com\/wp-content\/uploads\/2018\/12\/Blue-Background-Treatment10.jpg","contentUrl":"https:\/\/avna.com\/wp-content\/uploads\/2018\/12\/Blue-Background-Treatment10.jpg","width":3000,"height":1080},{"@type":"BreadcrumbList","@id":"https:\/\/avna.com\/es\/capabilities\/assemblies\/#breadcrumb","itemListElement":[{"@type":"ListItem","position":1,"name":"Home","item":"https:\/\/avna.com\/es\/"},{"@type":"ListItem","position":2,"name":"Capacidades","item":"https:\/\/avna.com\/es\/capabilities\/"},{"@type":"ListItem","position":3,"name":"Ensambles automatizados \/ rob\u00f3ticos"}]},{"@type":"WebSite","@id":"https:\/\/avna.com\/es\/#website","url":"https:\/\/avna.com\/es\/","name":"AVNA","description":"Innovation Partners for Life","publisher":{"@id":"https:\/\/avna.com\/es\/#organization"},"potentialAction":[{"@type":"SearchAction","target":{"@type":"EntryPoint","urlTemplate":"https:\/\/avna.com\/es\/?s={search_term_string}"},"query-input":{"@type":"PropertyValueSpecification","valueRequired":true,"valueName":"search_term_string"}}],"inLanguage":"es"},{"@type":"Organization","@id":"https:\/\/avna.com\/es\/#organization","name":"AVNA","url":"https:\/\/avna.com\/es\/","logo":{"@type":"ImageObject","inLanguage":"es","@id":"https:\/\/avna.com\/es\/#\/schema\/logo\/image\/","url":"https:\/\/avna.com\/wp-content\/uploads\/2023\/12\/logo-0.png","contentUrl":"https:\/\/avna.com\/wp-content\/uploads\/2023\/12\/logo-0.png","width":387,"height":275,"caption":"AVNA"},"image":{"@id":"https:\/\/avna.com\/es\/#\/schema\/logo\/image\/"}}]}},"_links":{"self":[{"href":"https:\/\/avna.com\/es\/wp-json\/wp\/v2\/pages\/6808","targetHints":{"allow":["GET"]}}],"collection":[{"href":"https:\/\/avna.com\/es\/wp-json\/wp\/v2\/pages"}],"about":[{"href":"https:\/\/avna.com\/es\/wp-json\/wp\/v2\/types\/page"}],"author":[{"embeddable":true,"href":"https:\/\/avna.com\/es\/wp-json\/wp\/v2\/users\/1"}],"replies":[{"embeddable":true,"href":"https:\/\/avna.com\/es\/wp-json\/wp\/v2\/comments?post=6808"}],"version-history":[{"count":16,"href":"https:\/\/avna.com\/es\/wp-json\/wp\/v2\/pages\/6808\/revisions"}],"predecessor-version":[{"id":12781,"href":"https:\/\/avna.com\/es\/wp-json\/wp\/v2\/pages\/6808\/revisions\/12781"}],"up":[{"embeddable":true,"href":"https:\/\/avna.com\/es\/wp-json\/wp\/v2\/pages\/6719"}],"wp:featuredmedia":[{"embeddable":true,"href":"https:\/\/avna.com\/es\/wp-json\/wp\/v2\/media\/6613"}],"wp:attachment":[{"href":"https:\/\/avna.com\/es\/wp-json\/wp\/v2\/media?parent=6808"}],"curies":[{"name":"wp","href":"https:\/\/api.w.org\/{rel}","templated":true}]}}