{"id":6795,"date":"2018-12-13T20:12:17","date_gmt":"2018-12-13T20:12:17","guid":{"rendered":"https:\/\/avna.com\/capabilities\/secondary-operations\/"},"modified":"2022-09-01T11:14:33","modified_gmt":"2022-09-01T15:14:33","slug":"secondary-operations","status":"publish","type":"page","link":"https:\/\/avna.com\/es\/capabilities\/secondary-operations\/","title":{"rendered":"Operaciones de Valor Agregado"},"content":{"rendered":"\n\n<section class=\"header-block\"><figure class=\"bg\" style=\"background-image: url(https:\/\/avna.com\/wp-content\/uploads\/2018\/12\/Blue-Background-Treatment11.jpg); \"><\/figure><div class=\"section-wrapper\"><div class=\"text-wrapper\"><div class=\"text-background\"><\/div><div class=\"header-image \" style=\"background-image: url(https:\/\/avna.com\/wp-content\/uploads\/2018\/12\/steve_MG_5761_800px.png);\"><\/div><div class=\"header-text\"><h1>ACABADO DE DISPOSITIVOS M\u00c9DICOS<\/h1>\n<h2>Operaciones de valor agregado<\/h2>\n<p><strong>Desde el concepto hasta la entrega final, nuestros procesos aseguran que el dise\u00f1o, la fabricaci\u00f3n y el acabado de sus dispositivos m\u00e9dicos superen sus expectativas.<\/strong><\/p>\n<p>En cada paso del proceso de desarrollo, el equipo experimentado de AVNA  cumple con los requisitos m\u00e1s estrictos de calidad. Para ayudar a mantener el cumplimiento y el control, ofrecemos una variedad de operaciones secundarias de precisi\u00f3n y procesos de acabado de dispositivos m\u00e9dicos para garantizar la m\u00e1s alta calidad de sus productos. Mediante flujos de trabajo rastreables y rigurosos sistemas de inspecci\u00f3n integrados, entregamos piezas de alto rendimiento en las que nuestros clientes pueden confiar.<\/p>\n<\/div><\/div><\/div><\/section>\n\n\n<section class=\"wp-block-smart-section-section white-background\"><div class=\"section-wrapper\">\n<h2 class=\"has-text-align-center wp-block-heading\" id=\"mce_19\">Componentes de precisi\u00f3n de dispositivos m\u00e9dicos, de principio a fin.<\/h2>\n\n\n\n<p>Con algunas de las <a href=\"https:\/\/avna.com\/es\/quality\/certifications-standards\/\">certificaciones y registros<\/a> de calidad altamente solicitados de la industria, AVNA  es reconocida por los OEMs l\u00edderes del mundo por su cumplimiento avanzado en nuestras operaciones de acabado de dispositivos m\u00e9dicos. Nuestros est\u00e1ndares de excelencia son inigualables, y los clientes conf\u00edan en nuestra precisi\u00f3n y colaboraci\u00f3n, desarrollando componentes que ayudan a mejorar la salud y la vida.<\/p>\n<\/div><\/section>\n\n\n\n<section class=\"wp-block-smart-section-section\"><div class=\"section-wrapper\">\n<div class=\"wp-block-columns has-2-columns .okay-2col-table padding-top-none is-layout-flex wp-container-core-columns-is-layout-9d6595d7 wp-block-columns-is-layout-flex\">\n<div class=\"wp-block-column okay-2col-left margin-none is-layout-flow wp-block-column-is-layout-flow\">\n<h4 class=\"wp-block-heading\" id=\"mce_1\">Nuestras operaciones secundarias y de acabado de dispositivos m\u00e9dicos incluyen:<\/h4>\n\n\n\n<ul class=\"wp-block-list\"><li><a href=\"https:\/\/avna.com\/es\/capabilities\/assemblies\/\">Ensamblaje<\/a><\/li><li>Rectificado de precisi\u00f3n: incluye afilado autom\u00e1tico de cuchillas, tijeras y hojas<\/li><li>Perforaci\u00f3n, remachado y roscado<\/li><li><a href=\"https:\/\/avna.com\/es\/capabilities\/laser-processing\/\">Soldadura por l\u00e1ser<\/a><\/li><li><a href=\"https:\/\/avna.com\/es\/design-support-and-development\/laserworks\/\">Marcado l\u00e1ser, grabado<\/a> y tampograf\u00eda<\/li><li>Limpieza: incluye volteo, voladura controlada de medios y desbarbado t\u00e9rmico<\/li><li>Tratamiento t\u00e9rmico<\/li><li>Electropulido y pasivaci\u00f3n<\/li><li>Desengrase de vapor<\/li><li>Pulido<\/li><li>Enchapado y pintura<\/li><li>Revestimiento de alto rendimiento: incluye anodizado, revestimiento de TeflonTM y revestimiento de fosfato.<\/li><li>Moldeado y sobremoldeo de pl\u00e1stico<\/li><\/ul>\n\n\n\n<p>Nuestros procesos altamente automatizados presentan una variedad de operaciones rob\u00f3ticas, respaldadas por nuestro equipo de <a href=\"https:\/\/avna.com\/es\/design-support-and-development\/design-for-automation\/\">dise\u00f1o para la automatizaci\u00f3n<\/a>. Desde la producci\u00f3n y el movimiento de piezas hasta la inspecci\u00f3n final de piezas, AVNA minimiza el riesgo y maximiza la precisi\u00f3n y el control de calidad en cada oportunidad.<\/p>\n<\/div>\n\n\n\n<div class=\"wp-block-column okay-2col-right is-layout-flow wp-block-column-is-layout-flow\">\n<section class=\"wp-block-smart-section-section callout margin-none\"><div class=\"section-wrapper\">\n<div class=\"wp-block-image padding-bottom-none\"><figure class=\"aligncenter is-resized\"><a href=\"https:\/\/avna.com\/es\/design-support-and-development\/nextech-labs\/\"><img decoding=\"async\" src=\"https:\/\/avna.com\/wp-content\/uploads\/2019\/02\/nextech_labs_600x240.png\" alt=\"\" class=\"wp-image-3264\" width=\"253\" height=\"101\" srcset=\"https:\/\/avna.com\/wp-content\/uploads\/2019\/02\/nextech_labs_600x240.png 600w, https:\/\/avna.com\/wp-content\/uploads\/2019\/02\/nextech_labs_600x240-300x120.png 300w, https:\/\/avna.com\/wp-content\/uploads\/2019\/02\/nextech_labs_600x240-100x40.png 100w, https:\/\/avna.com\/wp-content\/uploads\/2019\/02\/nextech_labs_600x240-200x80.png 200w, https:\/\/avna.com\/wp-content\/uploads\/2019\/02\/nextech_labs_600x240-400x160.png 400w\" sizes=\"(max-width: 253px) 100vw, 253px\" \/><\/a><\/figure><\/div>\n\n\n\n<p class=\"has-text-align-center padding-left-right\" style=\"font-size:13px\">Equipo dedicado, personal y recursos que lo llevan al mercado m\u00e1s r\u00e1pido. <a href=\"https:\/\/avna.com\/es\/design-support-and-development\/nextech-labs\/\">Conoce m\u00e1s.<\/a><\/p>\n\n\n\n<div class=\"wp-block-image padding-left-right margin-none\"><figure class=\"aligncenter\"><a href=\"https:\/\/avna.com\/es\/design-support-and-development\/nextech-labs\/\"><img decoding=\"async\" width=\"375\" height=\"342\" src=\"https:\/\/avna.com\/wp-content\/uploads\/2019\/03\/callout-box-layered-edit-ES.png\" alt=\"\" class=\"wp-image-7116\" srcset=\"https:\/\/avna.com\/wp-content\/uploads\/2019\/03\/callout-box-layered-edit-ES.png 375w, https:\/\/avna.com\/wp-content\/uploads\/2019\/03\/callout-box-layered-edit-ES-300x274.png 300w, https:\/\/avna.com\/wp-content\/uploads\/2019\/03\/callout-box-layered-edit-ES-100x91.png 100w, https:\/\/avna.com\/wp-content\/uploads\/2019\/03\/callout-box-layered-edit-ES-200x182.png 200w\" sizes=\"(max-width: 375px) 100vw, 375px\" \/><\/a><\/figure><\/div>\n<\/div><\/section>\n<\/div>\n<\/div>\n\n\n\n<div class=\"wp-block-media-text alignwide has-media-on-the-right is-stacked-on-mobile callout-image cta-it\"><figure class=\"wp-block-media-text__media\"><img decoding=\"async\" width=\"800\" height=\"659\" src=\"https:\/\/avna.com\/wp-content\/uploads\/2019\/09\/platic-tip800x659.jpg\" alt=\"\" class=\"wp-image-5437 size-full\" srcset=\"https:\/\/avna.com\/wp-content\/uploads\/2019\/09\/platic-tip800x659.jpg 800w, https:\/\/avna.com\/wp-content\/uploads\/2019\/09\/platic-tip800x659-300x247.jpg 300w, https:\/\/avna.com\/wp-content\/uploads\/2019\/09\/platic-tip800x659-768x633.jpg 768w, https:\/\/avna.com\/wp-content\/uploads\/2019\/09\/platic-tip800x659-100x82.jpg 100w, https:\/\/avna.com\/wp-content\/uploads\/2019\/09\/platic-tip800x659-200x165.jpg 200w, https:\/\/avna.com\/wp-content\/uploads\/2019\/09\/platic-tip800x659-400x330.jpg 400w, https:\/\/avna.com\/wp-content\/uploads\/2019\/09\/platic-tip800x659-600x494.jpg 600w\" sizes=\"(max-width: 800px) 100vw, 800px\" \/><\/figure><div class=\"wp-block-media-text__content\">\n<h3 class=\"wp-block-heading\">Acabado de dispositivos m\u00e9dicos que es <em>Part of Something Greater<\/em><\/h3>\n\n\n\n<p class=\"has-regular-font-size\">Venga a nuestros <a href=\"https:\/\/avna.com\/es\/design-support-and-development\/nextech-labs\/\">laboratorios NexTech<\/a> y experimente ser <em>Part of Something Greater,<\/em> desde la primera reuni\u00f3n de desarrollo de prototipos y procesos, hasta la \u00faltima pieza en una producci\u00f3n de gran volumen. AVNA  ofrece la experiencia y la calidad que demandan las empresas de dispositivos m\u00e9dicos m\u00e1s grandes del mundo. Nuestras operaciones secundarias de precisi\u00f3n y operaciones de acabado de dispositivos m\u00e9dicos son a menudo el paso final en un largo desarrollo del producto, y nuestro equipo est\u00e1 aqu\u00ed para asesorar sobre las mejores formas de lograr el cumplimiento de las piezas, la calidad y la eficiencia de la producci\u00f3n.<\/p>\n\n\n\n<p><a href=\"https:\/\/avna.com\/es\/contact-us\/\">Cont\u00e1ctenos<\/a> o programe una cita en nuestros <a href=\"https:\/\/avna.com\/es\/design-support-and-development\/nextech-labs\/\">Laboratorios NexTech<\/a> y descubra c\u00f3mo nuestra colaboraci\u00f3n centrada en el cliente mejorar\u00e1 los resultados en su pr\u00f3ximo proyecto.<\/p>\n<\/div><\/div>\n<\/div><\/section>\n","protected":false},"excerpt":{"rendered":"","protected":false},"author":1,"featured_media":6659,"parent":6719,"menu_order":8,"comment_status":"closed","ping_status":"closed","template":"","meta":{"_acf_changed":false,"_yoast_wpseo_title":"Acabado de Dispositivos M\u00e9dicos | %%sitename%%","_yoast_wpseo_metadesc":"Procesos altamente automatizados con una variedad de operaciones rob\u00f3ticas. Riguroso control de calidad, desde la producci\u00f3n hasta la inspecci\u00f3n final de piezas","_metasync_otto_title":"","_metasync_otto_description":"","rank_math_title":"","rank_math_description":"","footnotes":""},"class_list":["post-6795","page","type-page","status-publish","has-post-thumbnail","hentry"],"acf":[],"yoast_head":"<!-- This site is optimized with the Yoast SEO Premium plugin v20.12 (Yoast SEO v25.4) - https:\/\/yoast.com\/wordpress\/plugins\/seo\/ -->\n<title>Acabado de Dispositivos M\u00e9dicos | AVNA<\/title>\n<meta name=\"description\" content=\"Procesos altamente automatizados con una variedad de operaciones rob\u00f3ticas. Riguroso control de calidad, desde la producci\u00f3n hasta la inspecci\u00f3n final de piezas\" \/>\n<meta name=\"robots\" content=\"index, follow, max-snippet:-1, max-image-preview:large, max-video-preview:-1\" \/>\n<link rel=\"canonical\" href=\"https:\/\/avna.com\/es\/capabilities\/secondary-operations\/\" \/>\n<meta property=\"og:locale\" content=\"es_ES\" \/>\n<meta property=\"og:type\" content=\"article\" \/>\n<meta property=\"og:title\" content=\"Operaciones de Valor Agregado\" \/>\n<meta property=\"og:description\" content=\"Procesos altamente automatizados con una variedad de operaciones rob\u00f3ticas. Riguroso control de calidad, desde la producci\u00f3n hasta la inspecci\u00f3n final de piezas\" \/>\n<meta property=\"og:url\" content=\"https:\/\/avna.com\/es\/capabilities\/secondary-operations\/\" \/>\n<meta property=\"og:site_name\" content=\"AVNA\" \/>\n<meta property=\"article:modified_time\" content=\"2022-09-01T15:14:33+00:00\" \/>\n<meta property=\"og:image\" content=\"https:\/\/avna.com\/wp-content\/uploads\/2018\/12\/Blue-Background-Treatment11.jpg\" \/>\n\t<meta property=\"og:image:width\" content=\"3000\" \/>\n\t<meta property=\"og:image:height\" content=\"1080\" \/>\n\t<meta property=\"og:image:type\" content=\"image\/jpeg\" \/>\n<meta name=\"twitter:card\" content=\"summary_large_image\" \/>\n<meta name=\"twitter:label1\" content=\"Tiempo de lectura\" \/>\n\t<meta name=\"twitter:data1\" content=\"2 minutos\" \/>\n<script type=\"application\/ld+json\" class=\"yoast-schema-graph\">{\"@context\":\"https:\/\/schema.org\",\"@graph\":[{\"@type\":\"WebPage\",\"@id\":\"https:\/\/avna.com\/es\/capabilities\/secondary-operations\/\",\"url\":\"https:\/\/avna.com\/es\/capabilities\/secondary-operations\/\",\"name\":\"Acabado de Dispositivos M\u00e9dicos | AVNA\",\"isPartOf\":{\"@id\":\"https:\/\/avna.com\/es\/#website\"},\"primaryImageOfPage\":{\"@id\":\"https:\/\/avna.com\/es\/capabilities\/secondary-operations\/#primaryimage\"},\"image\":{\"@id\":\"https:\/\/avna.com\/es\/capabilities\/secondary-operations\/#primaryimage\"},\"thumbnailUrl\":\"https:\/\/avna.com\/wp-content\/uploads\/2018\/12\/Blue-Background-Treatment11.jpg\",\"datePublished\":\"2018-12-13T20:12:17+00:00\",\"dateModified\":\"2022-09-01T15:14:33+00:00\",\"description\":\"Procesos altamente automatizados con una variedad de operaciones rob\u00f3ticas. Riguroso control de calidad, desde la producci\u00f3n hasta la inspecci\u00f3n final de piezas\",\"breadcrumb\":{\"@id\":\"https:\/\/avna.com\/es\/capabilities\/secondary-operations\/#breadcrumb\"},\"inLanguage\":\"es\",\"potentialAction\":[{\"@type\":\"ReadAction\",\"target\":[\"https:\/\/avna.com\/es\/capabilities\/secondary-operations\/\"]}]},{\"@type\":\"ImageObject\",\"inLanguage\":\"es\",\"@id\":\"https:\/\/avna.com\/es\/capabilities\/secondary-operations\/#primaryimage\",\"url\":\"https:\/\/avna.com\/wp-content\/uploads\/2018\/12\/Blue-Background-Treatment11.jpg\",\"contentUrl\":\"https:\/\/avna.com\/wp-content\/uploads\/2018\/12\/Blue-Background-Treatment11.jpg\",\"width\":3000,\"height\":1080},{\"@type\":\"BreadcrumbList\",\"@id\":\"https:\/\/avna.com\/es\/capabilities\/secondary-operations\/#breadcrumb\",\"itemListElement\":[{\"@type\":\"ListItem\",\"position\":1,\"name\":\"Home\",\"item\":\"https:\/\/avna.com\/es\/\"},{\"@type\":\"ListItem\",\"position\":2,\"name\":\"Capacidades\",\"item\":\"https:\/\/avna.com\/es\/capabilities\/\"},{\"@type\":\"ListItem\",\"position\":3,\"name\":\"Operaciones de Valor Agregado\"}]},{\"@type\":\"WebSite\",\"@id\":\"https:\/\/avna.com\/es\/#website\",\"url\":\"https:\/\/avna.com\/es\/\",\"name\":\"AVNA\",\"description\":\"Innovation Partners for Life\",\"publisher\":{\"@id\":\"https:\/\/avna.com\/es\/#organization\"},\"potentialAction\":[{\"@type\":\"SearchAction\",\"target\":{\"@type\":\"EntryPoint\",\"urlTemplate\":\"https:\/\/avna.com\/es\/?s={search_term_string}\"},\"query-input\":{\"@type\":\"PropertyValueSpecification\",\"valueRequired\":true,\"valueName\":\"search_term_string\"}}],\"inLanguage\":\"es\"},{\"@type\":\"Organization\",\"@id\":\"https:\/\/avna.com\/es\/#organization\",\"name\":\"AVNA\",\"url\":\"https:\/\/avna.com\/es\/\",\"logo\":{\"@type\":\"ImageObject\",\"inLanguage\":\"es\",\"@id\":\"https:\/\/avna.com\/es\/#\/schema\/logo\/image\/\",\"url\":\"https:\/\/avna.com\/wp-content\/uploads\/2023\/12\/logo-0.png\",\"contentUrl\":\"https:\/\/avna.com\/wp-content\/uploads\/2023\/12\/logo-0.png\",\"width\":387,\"height\":275,\"caption\":\"AVNA\"},\"image\":{\"@id\":\"https:\/\/avna.com\/es\/#\/schema\/logo\/image\/\"}}]}<\/script>\n<!-- \/ Yoast SEO Premium plugin. -->","yoast_head_json":{"title":"Acabado de Dispositivos M\u00e9dicos | AVNA","description":"Procesos altamente automatizados con una variedad de operaciones rob\u00f3ticas. Riguroso control de calidad, desde la producci\u00f3n hasta la inspecci\u00f3n final de piezas","robots":{"index":"index","follow":"follow","max-snippet":"max-snippet:-1","max-image-preview":"max-image-preview:large","max-video-preview":"max-video-preview:-1"},"canonical":"https:\/\/avna.com\/es\/capabilities\/secondary-operations\/","og_locale":"es_ES","og_type":"article","og_title":"Operaciones de Valor Agregado","og_description":"Procesos altamente automatizados con una variedad de operaciones rob\u00f3ticas. Riguroso control de calidad, desde la producci\u00f3n hasta la inspecci\u00f3n final de piezas","og_url":"https:\/\/avna.com\/es\/capabilities\/secondary-operations\/","og_site_name":"AVNA","article_modified_time":"2022-09-01T15:14:33+00:00","og_image":[{"width":3000,"height":1080,"url":"https:\/\/avna.com\/wp-content\/uploads\/2018\/12\/Blue-Background-Treatment11.jpg","type":"image\/jpeg"}],"twitter_card":"summary_large_image","twitter_misc":{"Tiempo de lectura":"2 minutos"},"schema":{"@context":"https:\/\/schema.org","@graph":[{"@type":"WebPage","@id":"https:\/\/avna.com\/es\/capabilities\/secondary-operations\/","url":"https:\/\/avna.com\/es\/capabilities\/secondary-operations\/","name":"Acabado de Dispositivos M\u00e9dicos | AVNA","isPartOf":{"@id":"https:\/\/avna.com\/es\/#website"},"primaryImageOfPage":{"@id":"https:\/\/avna.com\/es\/capabilities\/secondary-operations\/#primaryimage"},"image":{"@id":"https:\/\/avna.com\/es\/capabilities\/secondary-operations\/#primaryimage"},"thumbnailUrl":"https:\/\/avna.com\/wp-content\/uploads\/2018\/12\/Blue-Background-Treatment11.jpg","datePublished":"2018-12-13T20:12:17+00:00","dateModified":"2022-09-01T15:14:33+00:00","description":"Procesos altamente automatizados con una variedad de operaciones rob\u00f3ticas. Riguroso control de calidad, desde la producci\u00f3n hasta la inspecci\u00f3n final de piezas","breadcrumb":{"@id":"https:\/\/avna.com\/es\/capabilities\/secondary-operations\/#breadcrumb"},"inLanguage":"es","potentialAction":[{"@type":"ReadAction","target":["https:\/\/avna.com\/es\/capabilities\/secondary-operations\/"]}]},{"@type":"ImageObject","inLanguage":"es","@id":"https:\/\/avna.com\/es\/capabilities\/secondary-operations\/#primaryimage","url":"https:\/\/avna.com\/wp-content\/uploads\/2018\/12\/Blue-Background-Treatment11.jpg","contentUrl":"https:\/\/avna.com\/wp-content\/uploads\/2018\/12\/Blue-Background-Treatment11.jpg","width":3000,"height":1080},{"@type":"BreadcrumbList","@id":"https:\/\/avna.com\/es\/capabilities\/secondary-operations\/#breadcrumb","itemListElement":[{"@type":"ListItem","position":1,"name":"Home","item":"https:\/\/avna.com\/es\/"},{"@type":"ListItem","position":2,"name":"Capacidades","item":"https:\/\/avna.com\/es\/capabilities\/"},{"@type":"ListItem","position":3,"name":"Operaciones de Valor Agregado"}]},{"@type":"WebSite","@id":"https:\/\/avna.com\/es\/#website","url":"https:\/\/avna.com\/es\/","name":"AVNA","description":"Innovation Partners for Life","publisher":{"@id":"https:\/\/avna.com\/es\/#organization"},"potentialAction":[{"@type":"SearchAction","target":{"@type":"EntryPoint","urlTemplate":"https:\/\/avna.com\/es\/?s={search_term_string}"},"query-input":{"@type":"PropertyValueSpecification","valueRequired":true,"valueName":"search_term_string"}}],"inLanguage":"es"},{"@type":"Organization","@id":"https:\/\/avna.com\/es\/#organization","name":"AVNA","url":"https:\/\/avna.com\/es\/","logo":{"@type":"ImageObject","inLanguage":"es","@id":"https:\/\/avna.com\/es\/#\/schema\/logo\/image\/","url":"https:\/\/avna.com\/wp-content\/uploads\/2023\/12\/logo-0.png","contentUrl":"https:\/\/avna.com\/wp-content\/uploads\/2023\/12\/logo-0.png","width":387,"height":275,"caption":"AVNA"},"image":{"@id":"https:\/\/avna.com\/es\/#\/schema\/logo\/image\/"}}]}},"_links":{"self":[{"href":"https:\/\/avna.com\/es\/wp-json\/wp\/v2\/pages\/6795","targetHints":{"allow":["GET"]}}],"collection":[{"href":"https:\/\/avna.com\/es\/wp-json\/wp\/v2\/pages"}],"about":[{"href":"https:\/\/avna.com\/es\/wp-json\/wp\/v2\/types\/page"}],"author":[{"embeddable":true,"href":"https:\/\/avna.com\/es\/wp-json\/wp\/v2\/users\/1"}],"replies":[{"embeddable":true,"href":"https:\/\/avna.com\/es\/wp-json\/wp\/v2\/comments?post=6795"}],"version-history":[{"count":14,"href":"https:\/\/avna.com\/es\/wp-json\/wp\/v2\/pages\/6795\/revisions"}],"predecessor-version":[{"id":10629,"href":"https:\/\/avna.com\/es\/wp-json\/wp\/v2\/pages\/6795\/revisions\/10629"}],"up":[{"embeddable":true,"href":"https:\/\/avna.com\/es\/wp-json\/wp\/v2\/pages\/6719"}],"wp:featuredmedia":[{"embeddable":true,"href":"https:\/\/avna.com\/es\/wp-json\/wp\/v2\/media\/6659"}],"wp:attachment":[{"href":"https:\/\/avna.com\/es\/wp-json\/wp\/v2\/media?parent=6795"}],"curies":[{"name":"wp","href":"https:\/\/api.w.org\/{rel}","templated":true}]}}