{"id":6777,"date":"2018-12-13T20:12:17","date_gmt":"2018-12-13T20:12:17","guid":{"rendered":"https:\/\/avna.com\/capabilities\/surgical-steel-edges-accu-blades\/"},"modified":"2022-09-01T09:48:47","modified_gmt":"2022-09-01T13:48:47","slug":"surgical-steel-edges-accu-blades","status":"publish","type":"page","link":"https:\/\/avna.com\/es\/capabilities\/surgical-steel-edges-accu-blades\/","title":{"rendered":"Accu-Blades &#8211; Bordes de corte quir\u00fargicos"},"content":{"rendered":"\n\n<section class=\"header-block\"><figure class=\"bg\" style=\"background-image: url(https:\/\/avna.com\/wp-content\/uploads\/2018\/12\/Blue-Background-Treatment7.jpg); \"><\/figure><div class=\"section-wrapper\"><div class=\"text-wrapper\"><div class=\"text-background\"><\/div><div class=\"header-image unlock-bottom \" style=\"background-image: url(https:\/\/avna.com\/wp-content\/uploads\/2019\/12\/header-accu-blade-dec2019.png);\"><\/div><div class=\"header-text\"><h1>FABRICANTE DE CUCHILLAS QUIR\u00daRGICAS<\/h1>\n<h2>Accu-Blade<sup>\u00ae<\/sup>\u00a0Bordes de corte quir\u00fargicos<\/h2>\n<p><strong>Calidad impulsada por uno de los fabricantes de instrumentos quir\u00fargicos m\u00e1s experimentados del mundo.<\/strong><\/p>\n<p>Las tijeras, cuchillos y componentes de corte Accu-Blade\u00ae brindan una nitidez precisa y un rendimiento constante. Nuestra metodolog\u00eda probada y nuestros dominio en los procesos de fabricaci\u00f3n de instrumentos quir\u00fargicos nos permiten formar, afilar e inspeccionar cada borde. El resultado es un componente de corte quir\u00fargico de carga baja que es compatible, preciso y confiable.<\/p>\n<\/div><\/div><\/div><\/section>\n\n\n<section class=\"wp-block-smart-section-section white-background\"><div class=\"section-wrapper\">\n<h2 class=\"has-text-align-center wp-block-heading\" id=\"mce_19\">Nitidez y consistencia a la que puedes confiar&nbsp; tu vida.<\/h2>\n\n\n\n<p>Las cuchillas de corte producidas con los procesos Accu-Blade\u00ae de AVNA  reducen las fuerzas de corte y ofrecen un rendimiento superior. Nuestros procesos de fabricaci\u00f3n de instrumentos quir\u00fargicos de precisi\u00f3n, aseguran calidad y confiabilidad.<\/p>\n\n\n\n<div id=\"metaslider-id-1432\" style=\"width: 100%; margin: 0 auto;\" class=\"ml-slider-3-102-0 metaslider metaslider-flex metaslider-1432 ml-slider has-carousel-mode ml-slider-lightbox-2-12-0 firelight-lightbox-2-3-17 ms-theme-default nav-hidden\" role=\"region\" aria-label=\"Accu Blade\" data-height=\"200\" data-width=\"200\">\n    <div id=\"metaslider_container_1432\">\n        <div id=\"metaslider_1432\">\n            <ul class='slides'>\n                <li style=\"display: none; width: 100%;\" class=\"slide-1433 ms-image \" aria-roledescription=\"slide\" data-date=\"2019-01-04 16:49:43\" data-slide-type=\"image\"><img decoding=\"async\" src=\"https:\/\/avna.com\/wp-content\/uploads\/2018\/12\/01C_1200px-200x200.png\" height=\"200\" width=\"200\" alt=\"surgical instrument manufacturer\" class=\"slider-1432 slide-1433 msDefaultImage ml-lightbox-enabled\" \/><\/li>\n                <li style=\"display: none; width: 100%;\" class=\"slide-1434 ms-image \" aria-roledescription=\"slide\" data-date=\"2019-01-04 16:49:51\" data-slide-type=\"image\"><img decoding=\"async\" src=\"https:\/\/avna.com\/wp-content\/uploads\/2018\/12\/32_1200px-200x200.png\" height=\"200\" width=\"200\" alt=\"surgical instrument manufacturer\" class=\"slider-1432 slide-1434 msDefaultImage ml-lightbox-enabled\" \/><\/li>\n                <li style=\"display: none; width: 100%;\" class=\"slide-1435 ms-image \" aria-roledescription=\"slide\" data-date=\"2019-01-04 16:49:59\" data-slide-type=\"image\"><img decoding=\"async\" src=\"https:\/\/avna.com\/wp-content\/uploads\/2018\/12\/Scissors_1200px-200x200.png\" height=\"200\" width=\"200\" alt=\"AVNA surgical instruments\" class=\"slider-1432 slide-1435 msDefaultImage ml-lightbox-enabled\" \/><\/li>\n                <li style=\"display: none; width: 100%;\" class=\"slide-1436 ms-image \" aria-roledescription=\"slide\" data-date=\"2019-01-04 16:50:06\" data-slide-type=\"image\"><img decoding=\"async\" src=\"https:\/\/avna.com\/wp-content\/uploads\/2018\/12\/44_1200px-200x200.png\" height=\"200\" width=\"200\" alt=\"precision surgical blade manufacturing\" class=\"slider-1432 slide-1436 msDefaultImage ml-lightbox-enabled\" \/><\/li>\n                <li style=\"display: none; width: 100%;\" class=\"slide-5359 ms-image \" aria-roledescription=\"slide\" data-date=\"2019-09-20 15:20:50\" data-slide-type=\"image\"><img decoding=\"async\" src=\"https:\/\/avna.com\/wp-content\/uploads\/2019\/09\/okay-blade-assembly-200x200.jpg\" height=\"200\" width=\"200\" alt=\"surgical assembly\" class=\"slider-1432 slide-5359 msDefaultImage ml-lightbox-enabled\" \/><\/li>\n                <li style=\"display: none; width: 100%;\" class=\"slide-5360 ms-image \" aria-roledescription=\"slide\" data-date=\"2019-09-20 15:20:50\" data-slide-type=\"image\"><img decoding=\"async\" src=\"https:\/\/avna.com\/wp-content\/uploads\/2019\/09\/okay-blade-small-200x200.jpg\" height=\"200\" width=\"200\" alt=\"surgical blade manufacturer\" class=\"slider-1432 slide-5360 msDefaultImage ml-lightbox-enabled\" \/><\/li>\n                <li style=\"display: none; width: 100%;\" class=\"slide-5361 ms-image \" aria-roledescription=\"slide\" data-date=\"2019-09-20 15:20:50\" data-slide-type=\"image\"><img decoding=\"async\" src=\"https:\/\/avna.com\/wp-content\/uploads\/2019\/09\/okay-blade-davinci-200x200.jpg\" height=\"200\" width=\"200\" alt=\"surgical instrument manufacturer\" class=\"slider-1432 slide-5361 msDefaultImage ml-lightbox-enabled\" \/><\/li>\n            <\/ul>\n        <\/div>\n        \n    <\/div>\n<\/div>\n<\/div><\/section>\n\n\n\n<section class=\"wp-block-smart-section-section\"><div class=\"section-wrapper\">\n<div class=\"wp-block-columns has-2-columns okay-2col-table is-layout-flex wp-container-core-columns-is-layout-9d6595d7 wp-block-columns-is-layout-flex\">\n<div class=\"wp-block-column okay-2col-left is-layout-flow wp-block-column-is-layout-flow\">\n<p>Nuestros especialistas en <a href=\"https:\/\/avna.com\/es\/capabilities\/engineering\/\">ingenier\u00eda<\/a>, <a href=\"https:\/\/avna.com\/es\/design-support-and-development\/design-for-manufacturability\/\">dise\u00f1o para fabricaci\u00f3n<\/a> y <a href=\"https:\/\/avna.com\/es\/design-support-and-development\/design-for-automation\/\">dise\u00f1o para automatizaci\u00f3n<\/a>,\u00a0 colaboran con los clientes para garantizar la excelencia desde el principio. Dise\u00f1amos y construimos soluciones personalizadas de fabricaci\u00f3n de instrumentos quir\u00fargicos internamente para una m\u00e1xima eficiencia y calidad. Con programas automatizados que rectifican bordes en equipos multi eje accionados por servo, producimos cuchillos y filos con alta resistencia y cumplimiento repetible. Incorporamos programas de ejes m\u00faltiples desarrollados a medida para rectificar y pulir \u00e1ngulos de cuchilla complejos. El resultado es cortar instrumentos con fuerzas de corte reducidas y una fiabilidad inigualable.<br><\/p>\n\n\n\n<p>Gracias a nuestro experimentado equipo,&nbsp; la fabricaci\u00f3n interna de herramientas y las tecnolog\u00edas m\u00e1s avanzadas, desarrollamos procesos patentados que ofrecen resultados en los que usted puede confiar. Los sistemas de calidad integrados y programables controlan la precisi\u00f3n y la consistencia. Nuestra fabricaci\u00f3n de instrumentos quir\u00fargicos es reconocida en toda la industria m\u00e9dica por entregar componentes de corte de la m\u00e1s alta calidad a un costo razonable.<br><\/p>\n\n\n\n<p>AVNA ha entregado millones de cizallas, cuchillas y otros componentes de corte utilizando la tecnolog\u00eda Accu-Blade\u00ae. Los clientes conf\u00edan en AVNA por nuestra experiencia en la fabricaci\u00f3n de instrumentos quir\u00fargicos de precisi\u00f3n. Los bordes Accu-Blade\u00ae se utilizan en aplicaciones m\u00e9dicas y quir\u00fargicas, que incluyen:<br><\/p>\n\n\n\n<div class=\"wp-block-columns has-2-columns is-layout-flex wp-container-core-columns-is-layout-9d6595d7 wp-block-columns-is-layout-flex\">\n<div class=\"wp-block-column is-layout-flow wp-block-column-is-layout-flow\">\n<ul class=\"wp-block-list\"><li>Artrosc\u00f3pica<\/li><li>Endosc\u00f3pica<\/li><li>Laparosc\u00f3pica<\/li><\/ul>\n<\/div>\n\n\n\n<div class=\"wp-block-column is-layout-flow wp-block-column-is-layout-flow\">\n<ul class=\"wp-block-list\"><li>Ortop\u00e9dica<\/li><li>Oft\u00e1lmica<\/li><li>Otras aplicaciones personalizadas<\/li><\/ul>\n<\/div>\n<\/div>\n<\/div>\n\n\n\n<div class=\"wp-block-column okay-2col-right is-layout-flow wp-block-column-is-layout-flow\">\n<section class=\"wp-block-smart-section-section callout margin-none\"><div class=\"section-wrapper\">\n<div class=\"wp-block-image padding-bottom-none\"><figure class=\"aligncenter is-resized\"><a href=\"https:\/\/avna.com\/es\/design-support-and-development\/nextech-labs\/\"><img decoding=\"async\" src=\"https:\/\/avna.com\/wp-content\/uploads\/2019\/02\/nextech_labs_600x240.png\" alt=\"\" class=\"wp-image-3264\" width=\"253\" height=\"101\" srcset=\"https:\/\/avna.com\/wp-content\/uploads\/2019\/02\/nextech_labs_600x240.png 600w, https:\/\/avna.com\/wp-content\/uploads\/2019\/02\/nextech_labs_600x240-300x120.png 300w, https:\/\/avna.com\/wp-content\/uploads\/2019\/02\/nextech_labs_600x240-100x40.png 100w, https:\/\/avna.com\/wp-content\/uploads\/2019\/02\/nextech_labs_600x240-200x80.png 200w, https:\/\/avna.com\/wp-content\/uploads\/2019\/02\/nextech_labs_600x240-400x160.png 400w\" sizes=\"(max-width: 253px) 100vw, 253px\" \/><\/a><\/figure><\/div>\n\n\n\n<p class=\"has-text-align-center padding-left-right\" style=\"font-size:13px\">Equipo dedicado, personal y recursos que lo llevan al mercado m\u00e1s r\u00e1pido. <a href=\"https:\/\/avna.com\/es\/design-support-and-development\/nextech-labs\/\">Conoce m\u00e1s.<\/a><\/p>\n\n\n\n<div class=\"wp-block-image padding-left-right margin-none\"><figure class=\"aligncenter\"><a href=\"https:\/\/avna.com\/es\/design-support-and-development\/nextech-labs\/\"><img decoding=\"async\" width=\"375\" height=\"342\" src=\"https:\/\/avna.com\/wp-content\/uploads\/2019\/03\/callout-box-layered-edit-ES.png\" alt=\"\" class=\"wp-image-7116\" srcset=\"https:\/\/avna.com\/wp-content\/uploads\/2019\/03\/callout-box-layered-edit-ES.png 375w, https:\/\/avna.com\/wp-content\/uploads\/2019\/03\/callout-box-layered-edit-ES-300x274.png 300w, https:\/\/avna.com\/wp-content\/uploads\/2019\/03\/callout-box-layered-edit-ES-100x91.png 100w, https:\/\/avna.com\/wp-content\/uploads\/2019\/03\/callout-box-layered-edit-ES-200x182.png 200w\" sizes=\"(max-width: 375px) 100vw, 375px\" \/><\/a><\/figure><\/div>\n<\/div><\/section>\n<\/div>\n<\/div>\n\n\n\n<div class=\"wp-block-media-text alignwide has-media-on-the-right is-stacked-on-mobile callout-image cta-it\"><figure class=\"wp-block-media-text__media\"><img decoding=\"async\" width=\"800\" height=\"659\" src=\"https:\/\/avna.com\/wp-content\/uploads\/2019\/09\/okay-davinci-blades800x659.jpg\" alt=\"\" class=\"wp-image-5354 size-full\" srcset=\"https:\/\/avna.com\/wp-content\/uploads\/2019\/09\/okay-davinci-blades800x659.jpg 800w, https:\/\/avna.com\/wp-content\/uploads\/2019\/09\/okay-davinci-blades800x659-300x247.jpg 300w, https:\/\/avna.com\/wp-content\/uploads\/2019\/09\/okay-davinci-blades800x659-768x633.jpg 768w, https:\/\/avna.com\/wp-content\/uploads\/2019\/09\/okay-davinci-blades800x659-100x82.jpg 100w, https:\/\/avna.com\/wp-content\/uploads\/2019\/09\/okay-davinci-blades800x659-200x165.jpg 200w, https:\/\/avna.com\/wp-content\/uploads\/2019\/09\/okay-davinci-blades800x659-400x330.jpg 400w, https:\/\/avna.com\/wp-content\/uploads\/2019\/09\/okay-davinci-blades800x659-600x494.jpg 600w\" sizes=\"(max-width: 800px) 100vw, 800px\" \/><\/figure><div class=\"wp-block-media-text__content\">\n<h3 class=\"wp-block-heading\" id=\"mce_22\">Fabricaci\u00f3n de instrumentos quir\u00fargicos que son <em>Part&nbsp;of&nbsp;Something&nbsp;Greater<\/em><\/h3>\n\n\n\n<p class=\"has-regular-font-size\">Accu-Blade\u00ae es un proceso desarrollado, patentado y de uso exclusivo de AVNA . Nuestro experimentado equipo, cada uno dedicado a la fabricaci\u00f3n de <em>Part of Something Greater,<\/em> trabaja colaborativamente para dise\u00f1ar y construir un proceso avanzado de fabricaci\u00f3n de instrumentos quir\u00fargicos. Creamos nueva maquinaria de producci\u00f3n, nuevas tecnolog\u00edas de afilado y equipos de prueba avanzados y automatizados como una soluci\u00f3n integral para el cliente.<br><\/p>\n\n\n\n<p><a href=\"https:\/\/avna.com\/es\/contact-us\/\">Cont\u00e1ctenos<\/a> o programe una cita en nuestros <a href=\"https:\/\/avna.com\/es\/design-support-and-development\/nextech-labs\/\">Laboratorios NexTech<\/a> y descubra c\u00f3mo nuestra colaboraci\u00f3n centrada en el cliente mejorar\u00e1 los resultados en su pr\u00f3ximo proyecto.<br><\/p>\n<\/div><\/div>\n<\/div><\/section>\n","protected":false},"excerpt":{"rendered":"","protected":false},"author":1,"featured_media":6779,"parent":6719,"menu_order":5,"comment_status":"closed","ping_status":"closed","template":"","meta":{"_acf_changed":false,"_yoast_wpseo_title":"Fabricante de instrumentos quir\u00fargicos Accu-Blades | %%sitename%%","_yoast_wpseo_metadesc":"Utilizando los procesos Accu-Blade\u00ae producimos instrumentos quir\u00fargicos de m\u00e1xima eficiencia y calidad.","_metasync_otto_title":"","_metasync_otto_description":"","rank_math_title":"","rank_math_description":"","footnotes":""},"class_list":["post-6777","page","type-page","status-publish","has-post-thumbnail","hentry"],"acf":[],"yoast_head":"<!-- This site is optimized with the Yoast SEO Premium plugin v20.12 (Yoast SEO v25.4) - https:\/\/yoast.com\/wordpress\/plugins\/seo\/ -->\n<title>Fabricante de instrumentos quir\u00fargicos Accu-Blades | AVNA<\/title>\n<meta name=\"description\" content=\"Utilizando los procesos Accu-Blade\u00ae producimos instrumentos quir\u00fargicos de m\u00e1xima eficiencia y calidad.\" \/>\n<meta name=\"robots\" content=\"index, follow, max-snippet:-1, max-image-preview:large, max-video-preview:-1\" \/>\n<link rel=\"canonical\" href=\"https:\/\/avna.com\/es\/capabilities\/surgical-steel-edges-accu-blades\/\" \/>\n<meta property=\"og:locale\" content=\"es_ES\" \/>\n<meta property=\"og:type\" content=\"article\" \/>\n<meta property=\"og:title\" content=\"Accu-Blades - Bordes de corte quir\u00fargicos\" \/>\n<meta property=\"og:description\" content=\"Utilizando los procesos Accu-Blade\u00ae producimos instrumentos quir\u00fargicos de m\u00e1xima eficiencia y calidad.\" \/>\n<meta property=\"og:url\" content=\"https:\/\/avna.com\/es\/capabilities\/surgical-steel-edges-accu-blades\/\" \/>\n<meta property=\"og:site_name\" content=\"AVNA\" \/>\n<meta property=\"article:modified_time\" content=\"2022-09-01T13:48:47+00:00\" \/>\n<meta property=\"og:image\" content=\"https:\/\/avna.com\/wp-content\/uploads\/2018\/12\/Blue-Background-Treatment7.jpg\" \/>\n\t<meta property=\"og:image:width\" content=\"3000\" \/>\n\t<meta property=\"og:image:height\" content=\"1080\" \/>\n\t<meta property=\"og:image:type\" content=\"image\/jpeg\" \/>\n<meta name=\"twitter:card\" content=\"summary_large_image\" \/>\n<meta name=\"twitter:label1\" content=\"Tiempo de lectura\" \/>\n\t<meta name=\"twitter:data1\" content=\"2 minutos\" \/>\n<script type=\"application\/ld+json\" class=\"yoast-schema-graph\">{\"@context\":\"https:\/\/schema.org\",\"@graph\":[{\"@type\":\"WebPage\",\"@id\":\"https:\/\/avna.com\/es\/capabilities\/surgical-steel-edges-accu-blades\/\",\"url\":\"https:\/\/avna.com\/es\/capabilities\/surgical-steel-edges-accu-blades\/\",\"name\":\"Fabricante de instrumentos quir\u00fargicos Accu-Blades | AVNA\",\"isPartOf\":{\"@id\":\"https:\/\/avna.com\/es\/#website\"},\"primaryImageOfPage\":{\"@id\":\"https:\/\/avna.com\/es\/capabilities\/surgical-steel-edges-accu-blades\/#primaryimage\"},\"image\":{\"@id\":\"https:\/\/avna.com\/es\/capabilities\/surgical-steel-edges-accu-blades\/#primaryimage\"},\"thumbnailUrl\":\"https:\/\/avna.com\/wp-content\/uploads\/2018\/12\/Blue-Background-Treatment7.jpg\",\"datePublished\":\"2018-12-13T20:12:17+00:00\",\"dateModified\":\"2022-09-01T13:48:47+00:00\",\"description\":\"Utilizando los procesos Accu-Blade\u00ae producimos instrumentos quir\u00fargicos de m\u00e1xima eficiencia y calidad.\",\"breadcrumb\":{\"@id\":\"https:\/\/avna.com\/es\/capabilities\/surgical-steel-edges-accu-blades\/#breadcrumb\"},\"inLanguage\":\"es\",\"potentialAction\":[{\"@type\":\"ReadAction\",\"target\":[\"https:\/\/avna.com\/es\/capabilities\/surgical-steel-edges-accu-blades\/\"]}]},{\"@type\":\"ImageObject\",\"inLanguage\":\"es\",\"@id\":\"https:\/\/avna.com\/es\/capabilities\/surgical-steel-edges-accu-blades\/#primaryimage\",\"url\":\"https:\/\/avna.com\/wp-content\/uploads\/2018\/12\/Blue-Background-Treatment7.jpg\",\"contentUrl\":\"https:\/\/avna.com\/wp-content\/uploads\/2018\/12\/Blue-Background-Treatment7.jpg\",\"width\":3000,\"height\":1080},{\"@type\":\"BreadcrumbList\",\"@id\":\"https:\/\/avna.com\/es\/capabilities\/surgical-steel-edges-accu-blades\/#breadcrumb\",\"itemListElement\":[{\"@type\":\"ListItem\",\"position\":1,\"name\":\"Home\",\"item\":\"https:\/\/avna.com\/es\/\"},{\"@type\":\"ListItem\",\"position\":2,\"name\":\"Capacidades\",\"item\":\"https:\/\/avna.com\/es\/capabilities\/\"},{\"@type\":\"ListItem\",\"position\":3,\"name\":\"Accu-Blades &#8211; Bordes de corte quir\u00fargicos\"}]},{\"@type\":\"WebSite\",\"@id\":\"https:\/\/avna.com\/es\/#website\",\"url\":\"https:\/\/avna.com\/es\/\",\"name\":\"AVNA\",\"description\":\"Innovation Partners for Life\",\"publisher\":{\"@id\":\"https:\/\/avna.com\/es\/#organization\"},\"potentialAction\":[{\"@type\":\"SearchAction\",\"target\":{\"@type\":\"EntryPoint\",\"urlTemplate\":\"https:\/\/avna.com\/es\/?s={search_term_string}\"},\"query-input\":{\"@type\":\"PropertyValueSpecification\",\"valueRequired\":true,\"valueName\":\"search_term_string\"}}],\"inLanguage\":\"es\"},{\"@type\":\"Organization\",\"@id\":\"https:\/\/avna.com\/es\/#organization\",\"name\":\"AVNA\",\"url\":\"https:\/\/avna.com\/es\/\",\"logo\":{\"@type\":\"ImageObject\",\"inLanguage\":\"es\",\"@id\":\"https:\/\/avna.com\/es\/#\/schema\/logo\/image\/\",\"url\":\"https:\/\/avna.com\/wp-content\/uploads\/2023\/12\/logo-0.png\",\"contentUrl\":\"https:\/\/avna.com\/wp-content\/uploads\/2023\/12\/logo-0.png\",\"width\":387,\"height\":275,\"caption\":\"AVNA\"},\"image\":{\"@id\":\"https:\/\/avna.com\/es\/#\/schema\/logo\/image\/\"}}]}<\/script>\n<!-- \/ Yoast SEO Premium plugin. -->","yoast_head_json":{"title":"Fabricante de instrumentos quir\u00fargicos Accu-Blades | AVNA","description":"Utilizando los procesos Accu-Blade\u00ae producimos instrumentos quir\u00fargicos de m\u00e1xima eficiencia y calidad.","robots":{"index":"index","follow":"follow","max-snippet":"max-snippet:-1","max-image-preview":"max-image-preview:large","max-video-preview":"max-video-preview:-1"},"canonical":"https:\/\/avna.com\/es\/capabilities\/surgical-steel-edges-accu-blades\/","og_locale":"es_ES","og_type":"article","og_title":"Accu-Blades - Bordes de corte quir\u00fargicos","og_description":"Utilizando los procesos Accu-Blade\u00ae producimos instrumentos quir\u00fargicos de m\u00e1xima eficiencia y calidad.","og_url":"https:\/\/avna.com\/es\/capabilities\/surgical-steel-edges-accu-blades\/","og_site_name":"AVNA","article_modified_time":"2022-09-01T13:48:47+00:00","og_image":[{"width":3000,"height":1080,"url":"https:\/\/avna.com\/wp-content\/uploads\/2018\/12\/Blue-Background-Treatment7.jpg","type":"image\/jpeg"}],"twitter_card":"summary_large_image","twitter_misc":{"Tiempo de lectura":"2 minutos"},"schema":{"@context":"https:\/\/schema.org","@graph":[{"@type":"WebPage","@id":"https:\/\/avna.com\/es\/capabilities\/surgical-steel-edges-accu-blades\/","url":"https:\/\/avna.com\/es\/capabilities\/surgical-steel-edges-accu-blades\/","name":"Fabricante de instrumentos quir\u00fargicos Accu-Blades | AVNA","isPartOf":{"@id":"https:\/\/avna.com\/es\/#website"},"primaryImageOfPage":{"@id":"https:\/\/avna.com\/es\/capabilities\/surgical-steel-edges-accu-blades\/#primaryimage"},"image":{"@id":"https:\/\/avna.com\/es\/capabilities\/surgical-steel-edges-accu-blades\/#primaryimage"},"thumbnailUrl":"https:\/\/avna.com\/wp-content\/uploads\/2018\/12\/Blue-Background-Treatment7.jpg","datePublished":"2018-12-13T20:12:17+00:00","dateModified":"2022-09-01T13:48:47+00:00","description":"Utilizando los procesos Accu-Blade\u00ae producimos instrumentos quir\u00fargicos de m\u00e1xima eficiencia y calidad.","breadcrumb":{"@id":"https:\/\/avna.com\/es\/capabilities\/surgical-steel-edges-accu-blades\/#breadcrumb"},"inLanguage":"es","potentialAction":[{"@type":"ReadAction","target":["https:\/\/avna.com\/es\/capabilities\/surgical-steel-edges-accu-blades\/"]}]},{"@type":"ImageObject","inLanguage":"es","@id":"https:\/\/avna.com\/es\/capabilities\/surgical-steel-edges-accu-blades\/#primaryimage","url":"https:\/\/avna.com\/wp-content\/uploads\/2018\/12\/Blue-Background-Treatment7.jpg","contentUrl":"https:\/\/avna.com\/wp-content\/uploads\/2018\/12\/Blue-Background-Treatment7.jpg","width":3000,"height":1080},{"@type":"BreadcrumbList","@id":"https:\/\/avna.com\/es\/capabilities\/surgical-steel-edges-accu-blades\/#breadcrumb","itemListElement":[{"@type":"ListItem","position":1,"name":"Home","item":"https:\/\/avna.com\/es\/"},{"@type":"ListItem","position":2,"name":"Capacidades","item":"https:\/\/avna.com\/es\/capabilities\/"},{"@type":"ListItem","position":3,"name":"Accu-Blades &#8211; Bordes de corte quir\u00fargicos"}]},{"@type":"WebSite","@id":"https:\/\/avna.com\/es\/#website","url":"https:\/\/avna.com\/es\/","name":"AVNA","description":"Innovation Partners for Life","publisher":{"@id":"https:\/\/avna.com\/es\/#organization"},"potentialAction":[{"@type":"SearchAction","target":{"@type":"EntryPoint","urlTemplate":"https:\/\/avna.com\/es\/?s={search_term_string}"},"query-input":{"@type":"PropertyValueSpecification","valueRequired":true,"valueName":"search_term_string"}}],"inLanguage":"es"},{"@type":"Organization","@id":"https:\/\/avna.com\/es\/#organization","name":"AVNA","url":"https:\/\/avna.com\/es\/","logo":{"@type":"ImageObject","inLanguage":"es","@id":"https:\/\/avna.com\/es\/#\/schema\/logo\/image\/","url":"https:\/\/avna.com\/wp-content\/uploads\/2023\/12\/logo-0.png","contentUrl":"https:\/\/avna.com\/wp-content\/uploads\/2023\/12\/logo-0.png","width":387,"height":275,"caption":"AVNA"},"image":{"@id":"https:\/\/avna.com\/es\/#\/schema\/logo\/image\/"}}]}},"_links":{"self":[{"href":"https:\/\/avna.com\/es\/wp-json\/wp\/v2\/pages\/6777","targetHints":{"allow":["GET"]}}],"collection":[{"href":"https:\/\/avna.com\/es\/wp-json\/wp\/v2\/pages"}],"about":[{"href":"https:\/\/avna.com\/es\/wp-json\/wp\/v2\/types\/page"}],"author":[{"embeddable":true,"href":"https:\/\/avna.com\/es\/wp-json\/wp\/v2\/users\/1"}],"replies":[{"embeddable":true,"href":"https:\/\/avna.com\/es\/wp-json\/wp\/v2\/comments?post=6777"}],"version-history":[{"count":11,"href":"https:\/\/avna.com\/es\/wp-json\/wp\/v2\/pages\/6777\/revisions"}],"predecessor-version":[{"id":10580,"href":"https:\/\/avna.com\/es\/wp-json\/wp\/v2\/pages\/6777\/revisions\/10580"}],"up":[{"embeddable":true,"href":"https:\/\/avna.com\/es\/wp-json\/wp\/v2\/pages\/6719"}],"wp:featuredmedia":[{"embeddable":true,"href":"https:\/\/avna.com\/es\/wp-json\/wp\/v2\/media\/6779"}],"wp:attachment":[{"href":"https:\/\/avna.com\/es\/wp-json\/wp\/v2\/media?parent=6777"}],"curies":[{"name":"wp","href":"https:\/\/api.w.org\/{rel}","templated":true}]}}