{"id":6719,"date":"2020-04-15T17:40:11","date_gmt":"2020-04-15T17:40:11","guid":{"rendered":"https:\/\/avna.com\/?page_id=6719"},"modified":"2025-05-05T14:39:15","modified_gmt":"2025-05-05T18:39:15","slug":"capabilities","status":"publish","type":"page","link":"https:\/\/avna.com\/es\/capabilities\/","title":{"rendered":"Capacidades"},"content":{"rendered":"\n\n<section class=\"header-block\"><figure class=\"bg\" style=\"background-image: url(https:\/\/avna.com\/wp-content\/uploads\/2018\/12\/Blue-Background-Treatment12.jpg); \"><\/figure><div class=\"section-wrapper\"><div class=\"text-wrapper\"><div class=\"text-background\"><\/div><div class=\"header-image lock-to-right \" style=\"background-image: url(https:\/\/avna.com\/wp-content\/uploads\/2023\/12\/avna-capabilities.png);\"><\/div><div class=\"header-text\"><h1>Fabricaci\u00f3n de componentes m\u00e9dicos<\/h1>\n<h2>Capacidades<\/h2>\n<p><strong>Los OEM m\u00e1s grandes del mundo conf\u00edan en nuestras capacidades de fabricaci\u00f3n de componentes m\u00e9dicos. Colaboramos con su empresa desde la concepci\u00f3n del producto para ayudarlo a lograr fechas de lanzamiento espec\u00edficas, optimizando el rendimiento y los costos del producto.<\/strong><\/p>\n<p>Durante m\u00e1s de 100 a\u00f1os, las empresas han confiado en AVNA  para su excelencia. Nuestro equipo de expertos ha creado procesos integrados, controles de calidad y capacidades de producci\u00f3n para proporcionar soluciones incluso para los desaf\u00edos de dise\u00f1o m\u00e1s exigentes. Nuestros procesos de fabricaci\u00f3n de componentes m\u00e9dicos centrados en el cliente, se desarrollan para cumplir con los requisitos exactos de su proyecto, con servicios que cumplen con est\u00e1ndares rigurosos de cumplimiento y control.<\/p>\n<\/div><\/div><\/div><\/section>\n\n\n<section class=\"wp-block-smart-section-section white-background\"><div class=\"section-wrapper\">\n<h2 class=\"has-text-align-center wp-block-heading\" id=\"mce_19\"><strong>Experiencia sin igual y Capacidades integradas de fabricaci\u00f3n de componentes m\u00e9dicos.<\/strong><\/h2>\n\n\n\n<p>En AVNA,  nuestras operaciones cuentan con los equipos y tecnolog\u00edas m\u00e1s avanzados de la industria, pero nuestra verdadera diferencia es nuestra gente. Nuestro equipo est\u00e1 compuesto por expertos en ingenier\u00eda, herramientas y matrices, producci\u00f3n, gesti\u00f3n de proyectos y calidad, que aportan habilidades especializadas y d\u00e9cadas de experiencia a su proyecto espec\u00edfico de fabricaci\u00f3n de componentes m\u00e9dicos. Con equipos de ingenier\u00eda multidisciplinarios, incluidos algunos de los \u00fanicos ingenieros de procesos l\u00e1ser de la industria, colaboramos con usted para ofrecer soluciones que mejoren la salud y la vida de sus clientes.<\/p>\n<\/div><\/section>\n\n\n\n<section class=\"wp-block-smart-section-section\"><div class=\"section-wrapper\">\n<div class=\"wp-block-columns has-2-columns okay-2col-table is-layout-flex wp-container-core-columns-is-layout-9d6595d7 wp-block-columns-is-layout-flex\">\n<div class=\"wp-block-column okay-2col-left is-layout-flow wp-block-column-is-layout-flow\">\n<p>Con tres ubicaciones en los EE. UU. Y Costa Rica, y m\u00e1s de 20996m<sup>2<\/sup> de excelencia en la fabricaci\u00f3n de componentes m\u00e9dicos, las organizaciones l\u00edderes del mundo utilizan nuestros componentes en ensamblajes y subconjuntos. Si bien nuestros procesos de fabricaci\u00f3n de componentes m\u00e9dicos se adaptan a sus necesidades y atendemos a una amplia gama de clientes, a menudo producimos soluciones para:<\/p>\n\n\n\n<ul class=\"wp-block-list\">\n<li>Dispositivos laparosc\u00f3picos, endosc\u00f3picos y\nartrosc\u00f3picos<\/li>\n\n\n\n<li>Dispositivos implantables card\u00edacos y\nneuroestimuladores<\/li>\n\n\n\n<li>Grapado quir\u00fargico, cuchillas de corte \/\ncuchillos y tijeras<\/li>\n\n\n\n<li>Componentes y conjuntos de instrumentos de\nligadura<\/li>\n<\/ul>\n\n\n\n<p>Con una <a href=\"https:\/\/avna.com\/es\/capabilities\/engineering\/\">ingenier\u00eda<\/a> orientada a soluciones, que incluye <a href=\"https:\/\/avna.com\/es\/design-support-and-development\/design-for-manufacturability\/\">dise\u00f1o para fabricaci\u00f3n<\/a> y <a href=\"https:\/\/avna.com\/es\/design-support-and-development\/design-for-automation\/\">dise\u00f1o para automatizaci\u00f3n<\/a>, nuestras capacidades de producci\u00f3n lo ayudan a pasar del concepto al mercado m\u00e1s r\u00e1pido y con resultados optimizados. Los servicios de fabricaci\u00f3n de componentes m\u00e9dicos de AVNA incluyen gesti\u00f3n experta de proyectos, operaciones de <a href=\"https:\/\/avna.com\/es\/capabilities\/assemblies\/\">ensamblaje<\/a> y <a href=\"https:\/\/avna.com\/es\/capabilities\/secondary-operations\/\">acabado<\/a>, y pueden desarrollar un proceso espec\u00edficamente para su componente. Nuestras capacidades avanzadas de fabricaci\u00f3n de componentes m\u00e9dicos incluyen:<\/p>\n\n\n\n<ul class=\"wp-block-list\">\n<li><a href=\"https:\/\/avna.com\/es\/capabilities\/stampings-milling\/\">Estampado y Mecanizado<\/a><\/li>\n\n\n\n<li><a href=\"https:\/\/avna.com\/es\/capabilities\/swiss-turning-and-accu-laserswiss\/\">Torneado suizo (y) Accu-LaserSwiss \u2122<\/a><\/li>\n\n\n\n<li><a href=\"https:\/\/avna.com\/es\/capabilities\/laser-processing\/\">Procesamiento l\u00e1ser: soldadura, grabado, marcado y tratamientos de superficie<\/a><\/li>\n\n\n\n<li><a href=\"https:\/\/avna.com\/es\/capabilities\/laser-tube-cutting\/\">Tubo cortado con l\u00e1ser<\/a><\/li>\n\n\n\n<li><a href=\"https:\/\/avna.com\/es\/capabilities\/surgical-steel-edges-accu-blades\/\">Bordes de corte quir\u00fargico Accu-Blade\u00ae<\/a><\/li>\n\n\n\n<li><a href=\"https:\/\/avna.com\/es\/capabilities\/precision-metal-tube-forming\/\">Formaci\u00f3n de tubos de metal<\/a><\/li>\n\n\n\n<li><a href=\"https:\/\/avna.com\/es\/capabilities\/plastic-injection-molding\/\">Moldeo por inyecci\u00f3n de pl\u00e1stico y sobremoldeo de pl\u00e1stico<\/a><\/li>\n\n\n\n<li><a href=\"https:\/\/avna.com\/es\/capabilities\/secondary-operations\/\">Operaciones de valor agregado<\/a><\/li>\n\n\n\n<li><a href=\"https:\/\/avna.com\/es\/capabilities\/assemblies\/\">Ensambles automatizados \/ rob\u00f3ticos<\/a><\/li>\n\n\n\n<li><a href=\"https:\/\/avna.com\/es\/capabilities\/engineering\/\">Ingenier\u00eda y herramientas<\/a><\/li>\n\n\n\n<li><a href=\"https:\/\/avna.com\/es\/design-support-and-development\/laserworks\/\">Laboratorio de I + D de LaserWorks<\/a><\/li>\n\n\n\n<li><a href=\"https:\/\/avna.com\/es\/design-support-and-development\/nextech-labs\/\">Next Tech Labs Prototipado y Soluciones de Desarrollo de Procesos <\/a><\/li>\n<\/ul>\n\n\n\n<p>Con las certificaciones ISO 13485 e ISO 9001, as\u00ed como una variedad de registros y est\u00e1ndares de fabricaci\u00f3n de componentes m\u00e9dicos los clientes conf\u00edan en nuestra calidad de precisi\u00f3n para brindar una tranquilidad inigualable. Desde la idea hasta la entrega, la calidad es fundamental en todo lo que hacemos.<\/p>\n\n\n\n<p> Nuestro equipo de expertos est\u00e1 enfocado en los objetivos de nuestros clientes. <a href=\"https:\/\/avna.com\/es\/contact-us\/\">Contacta con nosotros<\/a>, podemos revisar su dise\u00f1o y ayudarlo a identificar soluciones incluso para los desaf\u00edos de fabricaci\u00f3n de componentes m\u00e9dicos m\u00e1s dif\u00edciles. Ponga a prueba a nuestros ingenieros y especialistas en producci\u00f3n y descubra c\u00f3mo AVNA puede ayudarlo a hacer las piezas m\u00e9dicas que son <em>Part of Something Greater<\/em>. <\/p>\n<\/div>\n\n\n\n<div class=\"wp-block-column okay-2col-right is-layout-flow wp-block-column-is-layout-flow\">\n<section class=\"wp-block-smart-section-section callout margin-none\"><div class=\"section-wrapper\">\n<div class=\"wp-block-image padding-bottom-none\"><figure class=\"aligncenter is-resized\"><a href=\"https:\/\/avna.com\/es\/design-support-and-development\/nextech-labs\/\"><img decoding=\"async\" src=\"https:\/\/avna.com\/wp-content\/uploads\/2019\/02\/nextech_labs_600x240.png\" alt=\"\" class=\"wp-image-3264\" width=\"253\" height=\"101\" srcset=\"https:\/\/avna.com\/wp-content\/uploads\/2019\/02\/nextech_labs_600x240.png 600w, https:\/\/avna.com\/wp-content\/uploads\/2019\/02\/nextech_labs_600x240-300x120.png 300w, https:\/\/avna.com\/wp-content\/uploads\/2019\/02\/nextech_labs_600x240-100x40.png 100w, https:\/\/avna.com\/wp-content\/uploads\/2019\/02\/nextech_labs_600x240-200x80.png 200w, https:\/\/avna.com\/wp-content\/uploads\/2019\/02\/nextech_labs_600x240-400x160.png 400w\" sizes=\"(max-width: 253px) 100vw, 253px\" \/><\/a><\/figure><\/div>\n\n\n\n<p class=\"has-text-align-center padding-left-right\" style=\"font-size:13px\">Equipo dedicado, personal y recursos que lo llevan al mercado m\u00e1s r\u00e1pido. <a href=\"https:\/\/avna.com\/es\/design-support-and-development\/nextech-labs\/\">Conoce m\u00e1s.<\/a><\/p>\n\n\n\n<div class=\"wp-block-image padding-left-right margin-none\"><figure class=\"aligncenter\"><a href=\"https:\/\/avna.com\/es\/design-support-and-development\/nextech-labs\/\"><img decoding=\"async\" width=\"375\" height=\"342\" src=\"https:\/\/avna.com\/wp-content\/uploads\/2019\/03\/callout-box-layered-edit-ES.png\" alt=\"\" class=\"wp-image-7116\" srcset=\"https:\/\/avna.com\/wp-content\/uploads\/2019\/03\/callout-box-layered-edit-ES.png 375w, https:\/\/avna.com\/wp-content\/uploads\/2019\/03\/callout-box-layered-edit-ES-300x274.png 300w, https:\/\/avna.com\/wp-content\/uploads\/2019\/03\/callout-box-layered-edit-ES-100x91.png 100w, https:\/\/avna.com\/wp-content\/uploads\/2019\/03\/callout-box-layered-edit-ES-200x182.png 200w\" sizes=\"(max-width: 375px) 100vw, 375px\" \/><\/a><\/figure><\/div>\n<\/div><\/section>\n\n\n\n<figure class=\"wp-block-image padding-top\"><img decoding=\"async\" width=\"1200\" height=\"800\" src=\"https:\/\/avna.com\/wp-content\/uploads\/2018\/12\/MG_5664.jpg\" alt=\"\" class=\"wp-image-785\" srcset=\"https:\/\/avna.com\/wp-content\/uploads\/2018\/12\/MG_5664.jpg 1200w, https:\/\/avna.com\/wp-content\/uploads\/2018\/12\/MG_5664-300x200.jpg 300w, https:\/\/avna.com\/wp-content\/uploads\/2018\/12\/MG_5664-768x512.jpg 768w, https:\/\/avna.com\/wp-content\/uploads\/2018\/12\/MG_5664-100x67.jpg 100w, https:\/\/avna.com\/wp-content\/uploads\/2018\/12\/MG_5664-200x133.jpg 200w, https:\/\/avna.com\/wp-content\/uploads\/2018\/12\/MG_5664-400x267.jpg 400w, https:\/\/avna.com\/wp-content\/uploads\/2018\/12\/MG_5664-600x400.jpg 600w, https:\/\/avna.com\/wp-content\/uploads\/2018\/12\/MG_5664-800x533.jpg 800w\" sizes=\"(max-width: 1200px) 100vw, 1200px\" \/><\/figure>\n<\/div>\n<\/div>\n\n\n\n<section class=\"wp-block-smart-section-section callout dividers\"><div class=\"section-wrapper\">\n<h2 class=\"has-text-align-center wp-block-heading\">Capacidades integradas para sus componentes m\u00e9dicos.<\/h2>\n\n\n\n<div class=\"wp-block-columns has-3-columns dividers is-layout-flex wp-container-core-columns-is-layout-9d6595d7 wp-block-columns-is-layout-flex\">\n<div class=\"wp-block-column is-layout-flow wp-block-column-is-layout-flow\"><div class=\"wp-block-image\">\n<figure class=\"aligncenter\"><a href=\"https:\/\/avna.com\/capabilities\/laser-processing\/?lang=es\"><img decoding=\"async\" width=\"92\" height=\"75\" src=\"https:\/\/avna.com\/wp-content\/uploads\/2019\/01\/new-icons-for-footers.png\" alt=\"\" class=\"wp-image-2345\"\/><\/a><\/figure><\/div>\n\n\n<h4 class=\"has-text-align-center wp-block-heading\">Operaciones l\u00e1ser avanzadas<\/h4>\n\n\n\n<p class=\"has-text-align-center\">Con un equipo de ingenieros l\u00e1ser dedicados, nuestro <a href=\"https:\/\/avna.com\/capabilities\/laser-processing\/?lang=es\">procesamiento l\u00e1ser<\/a> y <a href=\"https:\/\/avna.com\/es\/capabilities\/laser-tube-cutting\/\">corte de tubos<\/a> con l\u00e1ser ofrece eficiencia y precisi\u00f3n inigualable.<\/p>\n<\/div>\n\n\n\n<div class=\"wp-block-column is-layout-flow wp-block-column-is-layout-flow\"><div class=\"wp-block-image\">\n<figure class=\"aligncenter size-full is-resized\"><img decoding=\"async\" src=\"https:\/\/avna.com\/wp-content\/uploads\/2018\/12\/nextech_labs_600x240-400x160-1.png\" alt=\"nextech labs\" class=\"wp-image-11836\" width=\"185\" srcset=\"https:\/\/avna.com\/wp-content\/uploads\/2018\/12\/nextech_labs_600x240-400x160-1.png 400w, https:\/\/avna.com\/wp-content\/uploads\/2018\/12\/nextech_labs_600x240-400x160-1-300x120.png 300w, https:\/\/avna.com\/wp-content\/uploads\/2018\/12\/nextech_labs_600x240-400x160-1-100x40.png 100w, https:\/\/avna.com\/wp-content\/uploads\/2018\/12\/nextech_labs_600x240-400x160-1-200x80.png 200w\" sizes=\"(max-width: 400px) 100vw, 400px\" \/><\/figure><\/div>\n\n\n<h4 class=\"has-text-align-center wp-block-heading\">Prototipado y Soluciones de desarrollo de procesos<\/h4>\n\n\n\n<p class=\"has-text-align-center\"><a href=\"https:\/\/avna.com\/es\/design-support-and-development\/nextech-labs\/\">Espacios dedicados, personal y equipos<\/a> que lo llevan del concepto a los componentes m\u00e1s r\u00e1pido y optimizado para la producci\u00f3n<\/p>\n<\/div>\n\n\n\n<div class=\"wp-block-column is-layout-flow wp-block-column-is-layout-flow\"><div class=\"wp-block-image\">\n<figure class=\"aligncenter\"><a href=\"https:\/\/avna.com\/capabilities\/stampings-milling\/?lang=es\"><img decoding=\"async\" width=\"92\" height=\"75\" src=\"https:\/\/avna.com\/wp-content\/uploads\/2019\/01\/machine-icon.png\" alt=\"\" class=\"wp-image-2346\"\/><\/a><\/figure><\/div>\n\n\n<h4 class=\"has-text-align-center wp-block-heading\">Mecanizado de precisi\u00f3n y estampado<\/h4>\n\n\n\n<p class=\"has-text-align-center\">Nuestra historia de artesan\u00eda se combina con tecnolog\u00edas de vanguardia para proporcionar procesos de <a href=\"https:\/\/avna.com\/es\/capabilities\/stampings-milling\/\">mecanizado y estampado<\/a> con resultados sorprendentes.<\/p>\n<\/div>\n<\/div>\n<\/div><\/section>\n<\/div><\/section>\n","protected":false},"excerpt":{"rendered":"","protected":false},"author":10,"featured_media":6649,"parent":0,"menu_order":2,"comment_status":"closed","ping_status":"closed","template":"","meta":{"_acf_changed":false,"_yoast_wpseo_title":"Capacidades de fabricaci\u00f3n de componentes m\u00e9dicos | %%sitename%%","_yoast_wpseo_metadesc":"Los OEM m\u00e1s grandes del mundo conf\u00edan en nuestras capacidades de fabricaci\u00f3n de componentes m\u00e9dicos: descubre c\u00f3mo AVNA puede mejorar los resultados y reducir los costos.","_metasync_otto_title":"","_metasync_otto_description":"","rank_math_title":"","rank_math_description":"","footnotes":""},"class_list":["post-6719","page","type-page","status-publish","has-post-thumbnail","hentry"],"acf":[],"yoast_head":"<!-- This site is optimized with the Yoast SEO Premium plugin v20.12 (Yoast SEO v25.4) - https:\/\/yoast.com\/wordpress\/plugins\/seo\/ -->\n<title>Capacidades de fabricaci\u00f3n de componentes m\u00e9dicos | AVNA<\/title>\n<meta name=\"description\" content=\"Los OEM m\u00e1s grandes del mundo conf\u00edan en nuestras capacidades de fabricaci\u00f3n de componentes m\u00e9dicos: descubre c\u00f3mo AVNA puede mejorar los resultados y reducir los costos.\" \/>\n<meta name=\"robots\" content=\"index, follow, max-snippet:-1, max-image-preview:large, max-video-preview:-1\" \/>\n<link rel=\"canonical\" href=\"https:\/\/avna.com\/es\/capabilities\/\" \/>\n<meta property=\"og:locale\" content=\"es_ES\" \/>\n<meta property=\"og:type\" content=\"article\" \/>\n<meta property=\"og:title\" content=\"Capacidades\" \/>\n<meta property=\"og:description\" content=\"Los OEM m\u00e1s grandes del mundo conf\u00edan en nuestras capacidades de fabricaci\u00f3n de componentes m\u00e9dicos: descubre c\u00f3mo AVNA puede mejorar los resultados y reducir los costos.\" \/>\n<meta property=\"og:url\" content=\"https:\/\/avna.com\/es\/capabilities\/\" \/>\n<meta property=\"og:site_name\" content=\"AVNA\" \/>\n<meta property=\"article:modified_time\" content=\"2025-05-05T18:39:15+00:00\" \/>\n<meta property=\"og:image\" content=\"https:\/\/avna.com\/wp-content\/uploads\/2018\/12\/Blue-Background-Treatment12.jpg\" \/>\n\t<meta property=\"og:image:width\" content=\"3000\" \/>\n\t<meta property=\"og:image:height\" content=\"1080\" \/>\n\t<meta property=\"og:image:type\" content=\"image\/jpeg\" \/>\n<meta name=\"twitter:card\" content=\"summary_large_image\" \/>\n<meta name=\"twitter:label1\" content=\"Tiempo de lectura\" \/>\n\t<meta name=\"twitter:data1\" content=\"4 minutos\" \/>\n<script type=\"application\/ld+json\" class=\"yoast-schema-graph\">{\"@context\":\"https:\/\/schema.org\",\"@graph\":[{\"@type\":\"WebPage\",\"@id\":\"https:\/\/avna.com\/es\/capabilities\/\",\"url\":\"https:\/\/avna.com\/es\/capabilities\/\",\"name\":\"Capacidades de fabricaci\u00f3n de componentes m\u00e9dicos | AVNA\",\"isPartOf\":{\"@id\":\"https:\/\/avna.com\/es\/#website\"},\"primaryImageOfPage\":{\"@id\":\"https:\/\/avna.com\/es\/capabilities\/#primaryimage\"},\"image\":{\"@id\":\"https:\/\/avna.com\/es\/capabilities\/#primaryimage\"},\"thumbnailUrl\":\"https:\/\/avna.com\/wp-content\/uploads\/2018\/12\/Blue-Background-Treatment12.jpg\",\"datePublished\":\"2020-04-15T17:40:11+00:00\",\"dateModified\":\"2025-05-05T18:39:15+00:00\",\"description\":\"Los OEM m\u00e1s grandes del mundo conf\u00edan en nuestras capacidades de fabricaci\u00f3n de componentes m\u00e9dicos: descubre c\u00f3mo AVNA puede mejorar los resultados y reducir los costos.\",\"breadcrumb\":{\"@id\":\"https:\/\/avna.com\/es\/capabilities\/#breadcrumb\"},\"inLanguage\":\"es\",\"potentialAction\":[{\"@type\":\"ReadAction\",\"target\":[\"https:\/\/avna.com\/es\/capabilities\/\"]}]},{\"@type\":\"ImageObject\",\"inLanguage\":\"es\",\"@id\":\"https:\/\/avna.com\/es\/capabilities\/#primaryimage\",\"url\":\"https:\/\/avna.com\/wp-content\/uploads\/2018\/12\/Blue-Background-Treatment12.jpg\",\"contentUrl\":\"https:\/\/avna.com\/wp-content\/uploads\/2018\/12\/Blue-Background-Treatment12.jpg\",\"width\":3000,\"height\":1080},{\"@type\":\"BreadcrumbList\",\"@id\":\"https:\/\/avna.com\/es\/capabilities\/#breadcrumb\",\"itemListElement\":[{\"@type\":\"ListItem\",\"position\":1,\"name\":\"Home\",\"item\":\"https:\/\/avna.com\/es\/\"},{\"@type\":\"ListItem\",\"position\":2,\"name\":\"Capacidades\"}]},{\"@type\":\"WebSite\",\"@id\":\"https:\/\/avna.com\/es\/#website\",\"url\":\"https:\/\/avna.com\/es\/\",\"name\":\"AVNA\",\"description\":\"Innovation Partners for Life\",\"publisher\":{\"@id\":\"https:\/\/avna.com\/es\/#organization\"},\"potentialAction\":[{\"@type\":\"SearchAction\",\"target\":{\"@type\":\"EntryPoint\",\"urlTemplate\":\"https:\/\/avna.com\/es\/?s={search_term_string}\"},\"query-input\":{\"@type\":\"PropertyValueSpecification\",\"valueRequired\":true,\"valueName\":\"search_term_string\"}}],\"inLanguage\":\"es\"},{\"@type\":\"Organization\",\"@id\":\"https:\/\/avna.com\/es\/#organization\",\"name\":\"AVNA\",\"url\":\"https:\/\/avna.com\/es\/\",\"logo\":{\"@type\":\"ImageObject\",\"inLanguage\":\"es\",\"@id\":\"https:\/\/avna.com\/es\/#\/schema\/logo\/image\/\",\"url\":\"https:\/\/avna.com\/wp-content\/uploads\/2023\/12\/logo-0.png\",\"contentUrl\":\"https:\/\/avna.com\/wp-content\/uploads\/2023\/12\/logo-0.png\",\"width\":387,\"height\":275,\"caption\":\"AVNA\"},\"image\":{\"@id\":\"https:\/\/avna.com\/es\/#\/schema\/logo\/image\/\"}}]}<\/script>\n<!-- \/ Yoast SEO Premium plugin. -->","yoast_head_json":{"title":"Capacidades de fabricaci\u00f3n de componentes m\u00e9dicos | AVNA","description":"Los OEM m\u00e1s grandes del mundo conf\u00edan en nuestras capacidades de fabricaci\u00f3n de componentes m\u00e9dicos: descubre c\u00f3mo AVNA puede mejorar los resultados y reducir los costos.","robots":{"index":"index","follow":"follow","max-snippet":"max-snippet:-1","max-image-preview":"max-image-preview:large","max-video-preview":"max-video-preview:-1"},"canonical":"https:\/\/avna.com\/es\/capabilities\/","og_locale":"es_ES","og_type":"article","og_title":"Capacidades","og_description":"Los OEM m\u00e1s grandes del mundo conf\u00edan en nuestras capacidades de fabricaci\u00f3n de componentes m\u00e9dicos: descubre c\u00f3mo AVNA puede mejorar los resultados y reducir los costos.","og_url":"https:\/\/avna.com\/es\/capabilities\/","og_site_name":"AVNA","article_modified_time":"2025-05-05T18:39:15+00:00","og_image":[{"width":3000,"height":1080,"url":"https:\/\/avna.com\/wp-content\/uploads\/2018\/12\/Blue-Background-Treatment12.jpg","type":"image\/jpeg"}],"twitter_card":"summary_large_image","twitter_misc":{"Tiempo de lectura":"4 minutos"},"schema":{"@context":"https:\/\/schema.org","@graph":[{"@type":"WebPage","@id":"https:\/\/avna.com\/es\/capabilities\/","url":"https:\/\/avna.com\/es\/capabilities\/","name":"Capacidades de fabricaci\u00f3n de componentes m\u00e9dicos | AVNA","isPartOf":{"@id":"https:\/\/avna.com\/es\/#website"},"primaryImageOfPage":{"@id":"https:\/\/avna.com\/es\/capabilities\/#primaryimage"},"image":{"@id":"https:\/\/avna.com\/es\/capabilities\/#primaryimage"},"thumbnailUrl":"https:\/\/avna.com\/wp-content\/uploads\/2018\/12\/Blue-Background-Treatment12.jpg","datePublished":"2020-04-15T17:40:11+00:00","dateModified":"2025-05-05T18:39:15+00:00","description":"Los OEM m\u00e1s grandes del mundo conf\u00edan en nuestras capacidades de fabricaci\u00f3n de componentes m\u00e9dicos: descubre c\u00f3mo AVNA puede mejorar los resultados y reducir los costos.","breadcrumb":{"@id":"https:\/\/avna.com\/es\/capabilities\/#breadcrumb"},"inLanguage":"es","potentialAction":[{"@type":"ReadAction","target":["https:\/\/avna.com\/es\/capabilities\/"]}]},{"@type":"ImageObject","inLanguage":"es","@id":"https:\/\/avna.com\/es\/capabilities\/#primaryimage","url":"https:\/\/avna.com\/wp-content\/uploads\/2018\/12\/Blue-Background-Treatment12.jpg","contentUrl":"https:\/\/avna.com\/wp-content\/uploads\/2018\/12\/Blue-Background-Treatment12.jpg","width":3000,"height":1080},{"@type":"BreadcrumbList","@id":"https:\/\/avna.com\/es\/capabilities\/#breadcrumb","itemListElement":[{"@type":"ListItem","position":1,"name":"Home","item":"https:\/\/avna.com\/es\/"},{"@type":"ListItem","position":2,"name":"Capacidades"}]},{"@type":"WebSite","@id":"https:\/\/avna.com\/es\/#website","url":"https:\/\/avna.com\/es\/","name":"AVNA","description":"Innovation Partners for Life","publisher":{"@id":"https:\/\/avna.com\/es\/#organization"},"potentialAction":[{"@type":"SearchAction","target":{"@type":"EntryPoint","urlTemplate":"https:\/\/avna.com\/es\/?s={search_term_string}"},"query-input":{"@type":"PropertyValueSpecification","valueRequired":true,"valueName":"search_term_string"}}],"inLanguage":"es"},{"@type":"Organization","@id":"https:\/\/avna.com\/es\/#organization","name":"AVNA","url":"https:\/\/avna.com\/es\/","logo":{"@type":"ImageObject","inLanguage":"es","@id":"https:\/\/avna.com\/es\/#\/schema\/logo\/image\/","url":"https:\/\/avna.com\/wp-content\/uploads\/2023\/12\/logo-0.png","contentUrl":"https:\/\/avna.com\/wp-content\/uploads\/2023\/12\/logo-0.png","width":387,"height":275,"caption":"AVNA"},"image":{"@id":"https:\/\/avna.com\/es\/#\/schema\/logo\/image\/"}}]}},"_links":{"self":[{"href":"https:\/\/avna.com\/es\/wp-json\/wp\/v2\/pages\/6719","targetHints":{"allow":["GET"]}}],"collection":[{"href":"https:\/\/avna.com\/es\/wp-json\/wp\/v2\/pages"}],"about":[{"href":"https:\/\/avna.com\/es\/wp-json\/wp\/v2\/types\/page"}],"author":[{"embeddable":true,"href":"https:\/\/avna.com\/es\/wp-json\/wp\/v2\/users\/10"}],"replies":[{"embeddable":true,"href":"https:\/\/avna.com\/es\/wp-json\/wp\/v2\/comments?post=6719"}],"version-history":[{"count":30,"href":"https:\/\/avna.com\/es\/wp-json\/wp\/v2\/pages\/6719\/revisions"}],"predecessor-version":[{"id":12767,"href":"https:\/\/avna.com\/es\/wp-json\/wp\/v2\/pages\/6719\/revisions\/12767"}],"wp:featuredmedia":[{"embeddable":true,"href":"https:\/\/avna.com\/es\/wp-json\/wp\/v2\/media\/6649"}],"wp:attachment":[{"href":"https:\/\/avna.com\/es\/wp-json\/wp\/v2\/media?parent=6719"}],"curies":[{"name":"wp","href":"https:\/\/api.w.org\/{rel}","templated":true}]}}