{"id":6687,"date":"2020-04-14T20:05:56","date_gmt":"2020-04-14T20:05:56","guid":{"rendered":"https:\/\/avna.com\/?page_id=6687"},"modified":"2023-12-28T16:00:50","modified_gmt":"2023-12-28T21:00:50","slug":"corporate-policy-culture","status":"publish","type":"page","link":"https:\/\/avna.com\/es\/about-okay\/corporate-policy-culture\/","title":{"rendered":"Pol\u00edtica Corporativa y Cultura"},"content":{"rendered":"\n\n<section class=\"header-block\"><figure class=\"bg\" style=\"background-image: url(https:\/\/avna.com\/wp-content\/uploads\/2018\/12\/Blue-Background-Treatment8.jpg); \"><\/figure><div class=\"section-wrapper\"><div class=\"text-wrapper\"><div class=\"text-background\"><\/div><div class=\"header-image lock-to-right \" style=\"background-image: url(https:\/\/avna.com\/wp-content\/uploads\/2023\/12\/avna-policy-culture.png);\"><\/div><div class=\"header-text\"><h1>Un prop\u00f3sito compartido<\/h1>\n<h2>Pol\u00edtica Corporativa y Cultura<\/h2>\n<p><strong>Las soluciones de fabricaci\u00f3n de componentes para dispositivos m\u00e9dicos innovadoras y de calidad, necesitan mucho m\u00e1s que excelentes procesos: requieren grandes personas. EnAVNA,  nuestro personal est\u00e1 en el centro de todo lo que hacemos.<\/strong><\/p>\n<p>Cada individuo en AVNA  puede confiar en un compromiso corporativo con la excelencia, que se extiende a nuestras operaciones de fabricaci\u00f3n de precisi\u00f3n,a nuestra empresa, cultura y la vida de las personas.<\/p>\n<\/div><\/div><\/div><\/section>\n\n\n<section class=\"wp-block-smart-section-section white-background\"><div class=\"section-wrapper\">\n<h2 class=\"has-text-align-center wp-block-heading\" id=\"mce_19\">Comprometidos con la excelencia en todo lo que hacemos.<\/h2>\n\n\n\n<p>Como l\u00edder corporativo responsable, AVNA  se dedica a generar un impacto positivo en las comunidades en las que vivimos, trabajamos y servimos. Cada a\u00f1o, AVNA contribuye generosamente a programas que promueven los servicios humanos y de salud para nuestra comunidad. Apoyamos el desarrollo juvenil, la educaci\u00f3n avanzada y el trabajo, para enriquecer la calidad de vida de los dem\u00e1s a trav\u00e9s de programas culturales y c\u00edvicos.<\/p>\n<\/div><\/section>\n\n\n\n<section class=\"wp-block-smart-section-section\"><div class=\"section-wrapper\">\n<div class=\"wp-block-columns has-2-columns okay-2col-table is-layout-flex wp-container-core-columns-is-layout-9d6595d7 wp-block-columns-is-layout-flex\">\n<div class=\"wp-block-column okay-2col-left is-layout-flow wp-block-column-is-layout-flow\">\n<p>Adem\u00e1s, AVNA permite a nuestros empleados participar activamente en un cambio positivo en sus comunidades. A trav\u00e9s de eventos ben\u00e9ficos patrocinados por la compa\u00f1\u00eda durante todo el a\u00f1o, AVNA fomenta la participaci\u00f3n de los empleados en todos los niveles de nuestra organizaci\u00f3n. As\u00ed como trabajamos juntos para brindar excelencia a nuestros clientes, compartimos nuestra filantrop\u00eda corporativa y nuestra misi\u00f3n de impactar positivamente en nuestra comunidad.<\/p>\n<\/div>\n\n\n\n<div class=\"wp-block-column okay-2col-right is-layout-flow wp-block-column-is-layout-flow\">\n<section class=\"wp-block-smart-section-section callout margin-none\"><div class=\"section-wrapper\"><div class=\"wp-block-image padding-bottom-none\">\n<figure class=\"aligncenter is-resized\"><a href=\"https:\/\/avna.com\/es\/design-support-and-development\/nextech-labs\/\"><img decoding=\"async\" src=\"https:\/\/avna.com\/wp-content\/uploads\/2019\/02\/nextech_labs_600x240.png\" alt=\"\" class=\"wp-image-3264\" width=\"253\" height=\"101\" srcset=\"https:\/\/avna.com\/wp-content\/uploads\/2019\/02\/nextech_labs_600x240.png 600w, https:\/\/avna.com\/wp-content\/uploads\/2019\/02\/nextech_labs_600x240-300x120.png 300w, https:\/\/avna.com\/wp-content\/uploads\/2019\/02\/nextech_labs_600x240-100x40.png 100w, https:\/\/avna.com\/wp-content\/uploads\/2019\/02\/nextech_labs_600x240-200x80.png 200w, https:\/\/avna.com\/wp-content\/uploads\/2019\/02\/nextech_labs_600x240-400x160.png 400w\" sizes=\"(max-width: 253px) 100vw, 253px\" \/><\/a><\/figure><\/div>\n\n\n<p class=\"has-text-align-center padding-left-right\" style=\"font-size:13px\">Equipo dedicado, personal y recursos que lo llevan al mercado m\u00e1s r\u00e1pido. <a href=\"https:\/\/avna.com\/es\/design-support-and-development\/nextech-labs\/\">Conoce&nbsp;m\u00e1s<\/a>.<\/p>\n<\/div><\/section>\n<\/div>\n<\/div>\n\n\n\n<div class=\"wp-block-media-text alignwide has-media-on-the-right is-stacked-on-mobile callout-image cta-it\" style=\"grid-template-columns:auto 49%\"><div class=\"wp-block-media-text__content\">\n<h3 class=\"wp-block-heading\">Pertenecer a <em>Part&nbsp;of&nbsp;Something&nbsp;Greater<\/em><\/h3>\n\n\n\n<p class=\"has-regular-font-size\">Nuestro compromiso con la excelencia se extiende fuera de los muros de nuestras instalaciones para apoyar, potenciar y enriquecer el mundo que nos rodea. Nuestra pol\u00edtica de Donaciones Caritativas y nuestra cultura corporativa motivan a nuestros empleados a alcanzar la grandeza en todo lo que hacen.<\/p>\n\n\n\n<p><a href=\"https:\/\/avna.com\/es\/contact-us\/\">Cont\u00e1ctenos<\/a> o programe una cita en nuestros <a href=\"https:\/\/avna.com\/es\/design-support-and-development\/nextech-labs\/\">Laboratorios NexTech<\/a> y descubra c\u00f3mo nuestra colaboraci\u00f3n centrada en el cliente mejorar\u00e1 los resultados en su pr\u00f3ximo proyecto.<\/p>\n<\/div><figure class=\"wp-block-media-text__media\"><img decoding=\"async\" width=\"800\" height=\"659\" src=\"https:\/\/avna.com\/wp-content\/uploads\/2019\/09\/OKAY-INDUSTRIES-49.jpg\" alt=\"\" class=\"wp-image-5308 size-full\" srcset=\"https:\/\/avna.com\/wp-content\/uploads\/2019\/09\/OKAY-INDUSTRIES-49.jpg 800w, https:\/\/avna.com\/wp-content\/uploads\/2019\/09\/OKAY-INDUSTRIES-49-300x247.jpg 300w, https:\/\/avna.com\/wp-content\/uploads\/2019\/09\/OKAY-INDUSTRIES-49-768x633.jpg 768w, https:\/\/avna.com\/wp-content\/uploads\/2019\/09\/OKAY-INDUSTRIES-49-100x82.jpg 100w, https:\/\/avna.com\/wp-content\/uploads\/2019\/09\/OKAY-INDUSTRIES-49-200x165.jpg 200w, https:\/\/avna.com\/wp-content\/uploads\/2019\/09\/OKAY-INDUSTRIES-49-400x330.jpg 400w, https:\/\/avna.com\/wp-content\/uploads\/2019\/09\/OKAY-INDUSTRIES-49-600x494.jpg 600w\" sizes=\"(max-width: 800px) 100vw, 800px\" \/><\/figure><\/div>\n<\/div><\/section>\n","protected":false},"excerpt":{"rendered":"","protected":false},"author":10,"featured_media":6694,"parent":6611,"menu_order":13,"comment_status":"closed","ping_status":"closed","template":"","meta":{"_acf_changed":false,"_yoast_wpseo_title":"Pol\u00edtica corporativa y Cultura | Fabricante de componentes m\u00e9dicos | %%sitename%%","_yoast_wpseo_metadesc":"Nuestro compromiso corporativo con la excelencia se extiende m\u00e1s all\u00e1 de la fabricaci\u00f3n de componentes de dispositivos m\u00e9dicos: conozca c\u00f3mo AVNA tiene un impacto positivo.","_metasync_otto_title":"","_metasync_otto_description":"","rank_math_title":"","rank_math_description":"","footnotes":""},"class_list":["post-6687","page","type-page","status-publish","has-post-thumbnail","hentry"],"acf":[],"yoast_head":"<!-- This site is optimized with the Yoast SEO Premium plugin v20.12 (Yoast SEO v25.4) - https:\/\/yoast.com\/wordpress\/plugins\/seo\/ -->\n<title>Pol\u00edtica corporativa y Cultura | Fabricante de componentes m\u00e9dicos | AVNA<\/title>\n<meta name=\"description\" content=\"Nuestro compromiso corporativo con la excelencia se extiende m\u00e1s all\u00e1 de la fabricaci\u00f3n de componentes de dispositivos m\u00e9dicos: conozca c\u00f3mo AVNA tiene un impacto positivo.\" \/>\n<meta name=\"robots\" content=\"index, follow, max-snippet:-1, max-image-preview:large, max-video-preview:-1\" \/>\n<link rel=\"canonical\" href=\"https:\/\/avna.com\/es\/about-okay\/corporate-policy-culture\/\" \/>\n<meta property=\"og:locale\" content=\"es_ES\" \/>\n<meta property=\"og:type\" content=\"article\" \/>\n<meta property=\"og:title\" content=\"Pol\u00edtica Corporativa y Cultura\" \/>\n<meta property=\"og:description\" content=\"Nuestro compromiso corporativo con la excelencia se extiende m\u00e1s all\u00e1 de la fabricaci\u00f3n de componentes de dispositivos m\u00e9dicos: conozca c\u00f3mo AVNA tiene un impacto positivo.\" \/>\n<meta property=\"og:url\" content=\"https:\/\/avna.com\/es\/about-okay\/corporate-policy-culture\/\" \/>\n<meta property=\"og:site_name\" content=\"AVNA\" \/>\n<meta property=\"article:modified_time\" content=\"2023-12-28T21:00:50+00:00\" \/>\n<meta property=\"og:image\" content=\"https:\/\/avna.com\/wp-content\/uploads\/2018\/12\/Blue-Background-Treatment8.jpg\" \/>\n\t<meta property=\"og:image:width\" content=\"3000\" \/>\n\t<meta property=\"og:image:height\" content=\"1080\" \/>\n\t<meta property=\"og:image:type\" content=\"image\/jpeg\" \/>\n<meta name=\"twitter:card\" content=\"summary_large_image\" \/>\n<meta name=\"twitter:label1\" content=\"Tiempo de lectura\" \/>\n\t<meta name=\"twitter:data1\" content=\"2 minutos\" \/>\n<script type=\"application\/ld+json\" class=\"yoast-schema-graph\">{\"@context\":\"https:\/\/schema.org\",\"@graph\":[{\"@type\":\"WebPage\",\"@id\":\"https:\/\/avna.com\/es\/about-okay\/corporate-policy-culture\/\",\"url\":\"https:\/\/avna.com\/es\/about-okay\/corporate-policy-culture\/\",\"name\":\"Pol\u00edtica corporativa y Cultura | Fabricante de componentes m\u00e9dicos | AVNA\",\"isPartOf\":{\"@id\":\"https:\/\/avna.com\/es\/#website\"},\"primaryImageOfPage\":{\"@id\":\"https:\/\/avna.com\/es\/about-okay\/corporate-policy-culture\/#primaryimage\"},\"image\":{\"@id\":\"https:\/\/avna.com\/es\/about-okay\/corporate-policy-culture\/#primaryimage\"},\"thumbnailUrl\":\"https:\/\/avna.com\/wp-content\/uploads\/2018\/12\/Blue-Background-Treatment8.jpg\",\"datePublished\":\"2020-04-14T20:05:56+00:00\",\"dateModified\":\"2023-12-28T21:00:50+00:00\",\"description\":\"Nuestro compromiso corporativo con la excelencia se extiende m\u00e1s all\u00e1 de la fabricaci\u00f3n de componentes de dispositivos m\u00e9dicos: conozca c\u00f3mo AVNA tiene un impacto positivo.\",\"breadcrumb\":{\"@id\":\"https:\/\/avna.com\/es\/about-okay\/corporate-policy-culture\/#breadcrumb\"},\"inLanguage\":\"es\",\"potentialAction\":[{\"@type\":\"ReadAction\",\"target\":[\"https:\/\/avna.com\/es\/about-okay\/corporate-policy-culture\/\"]}]},{\"@type\":\"ImageObject\",\"inLanguage\":\"es\",\"@id\":\"https:\/\/avna.com\/es\/about-okay\/corporate-policy-culture\/#primaryimage\",\"url\":\"https:\/\/avna.com\/wp-content\/uploads\/2018\/12\/Blue-Background-Treatment8.jpg\",\"contentUrl\":\"https:\/\/avna.com\/wp-content\/uploads\/2018\/12\/Blue-Background-Treatment8.jpg\",\"width\":3000,\"height\":1080},{\"@type\":\"BreadcrumbList\",\"@id\":\"https:\/\/avna.com\/es\/about-okay\/corporate-policy-culture\/#breadcrumb\",\"itemListElement\":[{\"@type\":\"ListItem\",\"position\":1,\"name\":\"Home\",\"item\":\"https:\/\/avna.com\/es\/\"},{\"@type\":\"ListItem\",\"position\":2,\"name\":\"SobreAVNA\",\"item\":\"https:\/\/avna.com\/es\/about-okay\/\"},{\"@type\":\"ListItem\",\"position\":3,\"name\":\"Pol\u00edtica Corporativa y Cultura\"}]},{\"@type\":\"WebSite\",\"@id\":\"https:\/\/avna.com\/es\/#website\",\"url\":\"https:\/\/avna.com\/es\/\",\"name\":\"AVNA\",\"description\":\"Innovation Partners for Life\",\"publisher\":{\"@id\":\"https:\/\/avna.com\/es\/#organization\"},\"potentialAction\":[{\"@type\":\"SearchAction\",\"target\":{\"@type\":\"EntryPoint\",\"urlTemplate\":\"https:\/\/avna.com\/es\/?s={search_term_string}\"},\"query-input\":{\"@type\":\"PropertyValueSpecification\",\"valueRequired\":true,\"valueName\":\"search_term_string\"}}],\"inLanguage\":\"es\"},{\"@type\":\"Organization\",\"@id\":\"https:\/\/avna.com\/es\/#organization\",\"name\":\"AVNA\",\"url\":\"https:\/\/avna.com\/es\/\",\"logo\":{\"@type\":\"ImageObject\",\"inLanguage\":\"es\",\"@id\":\"https:\/\/avna.com\/es\/#\/schema\/logo\/image\/\",\"url\":\"https:\/\/avna.com\/wp-content\/uploads\/2023\/12\/logo-0.png\",\"contentUrl\":\"https:\/\/avna.com\/wp-content\/uploads\/2023\/12\/logo-0.png\",\"width\":387,\"height\":275,\"caption\":\"AVNA\"},\"image\":{\"@id\":\"https:\/\/avna.com\/es\/#\/schema\/logo\/image\/\"}}]}<\/script>\n<!-- \/ Yoast SEO Premium plugin. -->","yoast_head_json":{"title":"Pol\u00edtica corporativa y Cultura | Fabricante de componentes m\u00e9dicos | AVNA","description":"Nuestro compromiso corporativo con la excelencia se extiende m\u00e1s all\u00e1 de la fabricaci\u00f3n de componentes de dispositivos m\u00e9dicos: conozca c\u00f3mo AVNA tiene un impacto positivo.","robots":{"index":"index","follow":"follow","max-snippet":"max-snippet:-1","max-image-preview":"max-image-preview:large","max-video-preview":"max-video-preview:-1"},"canonical":"https:\/\/avna.com\/es\/about-okay\/corporate-policy-culture\/","og_locale":"es_ES","og_type":"article","og_title":"Pol\u00edtica Corporativa y Cultura","og_description":"Nuestro compromiso corporativo con la excelencia se extiende m\u00e1s all\u00e1 de la fabricaci\u00f3n de componentes de dispositivos m\u00e9dicos: conozca c\u00f3mo AVNA tiene un impacto positivo.","og_url":"https:\/\/avna.com\/es\/about-okay\/corporate-policy-culture\/","og_site_name":"AVNA","article_modified_time":"2023-12-28T21:00:50+00:00","og_image":[{"width":3000,"height":1080,"url":"https:\/\/avna.com\/wp-content\/uploads\/2018\/12\/Blue-Background-Treatment8.jpg","type":"image\/jpeg"}],"twitter_card":"summary_large_image","twitter_misc":{"Tiempo de lectura":"2 minutos"},"schema":{"@context":"https:\/\/schema.org","@graph":[{"@type":"WebPage","@id":"https:\/\/avna.com\/es\/about-okay\/corporate-policy-culture\/","url":"https:\/\/avna.com\/es\/about-okay\/corporate-policy-culture\/","name":"Pol\u00edtica corporativa y Cultura | Fabricante de componentes m\u00e9dicos | AVNA","isPartOf":{"@id":"https:\/\/avna.com\/es\/#website"},"primaryImageOfPage":{"@id":"https:\/\/avna.com\/es\/about-okay\/corporate-policy-culture\/#primaryimage"},"image":{"@id":"https:\/\/avna.com\/es\/about-okay\/corporate-policy-culture\/#primaryimage"},"thumbnailUrl":"https:\/\/avna.com\/wp-content\/uploads\/2018\/12\/Blue-Background-Treatment8.jpg","datePublished":"2020-04-14T20:05:56+00:00","dateModified":"2023-12-28T21:00:50+00:00","description":"Nuestro compromiso corporativo con la excelencia se extiende m\u00e1s all\u00e1 de la fabricaci\u00f3n de componentes de dispositivos m\u00e9dicos: conozca c\u00f3mo AVNA tiene un impacto positivo.","breadcrumb":{"@id":"https:\/\/avna.com\/es\/about-okay\/corporate-policy-culture\/#breadcrumb"},"inLanguage":"es","potentialAction":[{"@type":"ReadAction","target":["https:\/\/avna.com\/es\/about-okay\/corporate-policy-culture\/"]}]},{"@type":"ImageObject","inLanguage":"es","@id":"https:\/\/avna.com\/es\/about-okay\/corporate-policy-culture\/#primaryimage","url":"https:\/\/avna.com\/wp-content\/uploads\/2018\/12\/Blue-Background-Treatment8.jpg","contentUrl":"https:\/\/avna.com\/wp-content\/uploads\/2018\/12\/Blue-Background-Treatment8.jpg","width":3000,"height":1080},{"@type":"BreadcrumbList","@id":"https:\/\/avna.com\/es\/about-okay\/corporate-policy-culture\/#breadcrumb","itemListElement":[{"@type":"ListItem","position":1,"name":"Home","item":"https:\/\/avna.com\/es\/"},{"@type":"ListItem","position":2,"name":"SobreAVNA","item":"https:\/\/avna.com\/es\/about-okay\/"},{"@type":"ListItem","position":3,"name":"Pol\u00edtica Corporativa y Cultura"}]},{"@type":"WebSite","@id":"https:\/\/avna.com\/es\/#website","url":"https:\/\/avna.com\/es\/","name":"AVNA","description":"Innovation Partners for Life","publisher":{"@id":"https:\/\/avna.com\/es\/#organization"},"potentialAction":[{"@type":"SearchAction","target":{"@type":"EntryPoint","urlTemplate":"https:\/\/avna.com\/es\/?s={search_term_string}"},"query-input":{"@type":"PropertyValueSpecification","valueRequired":true,"valueName":"search_term_string"}}],"inLanguage":"es"},{"@type":"Organization","@id":"https:\/\/avna.com\/es\/#organization","name":"AVNA","url":"https:\/\/avna.com\/es\/","logo":{"@type":"ImageObject","inLanguage":"es","@id":"https:\/\/avna.com\/es\/#\/schema\/logo\/image\/","url":"https:\/\/avna.com\/wp-content\/uploads\/2023\/12\/logo-0.png","contentUrl":"https:\/\/avna.com\/wp-content\/uploads\/2023\/12\/logo-0.png","width":387,"height":275,"caption":"AVNA"},"image":{"@id":"https:\/\/avna.com\/es\/#\/schema\/logo\/image\/"}}]}},"_links":{"self":[{"href":"https:\/\/avna.com\/es\/wp-json\/wp\/v2\/pages\/6687","targetHints":{"allow":["GET"]}}],"collection":[{"href":"https:\/\/avna.com\/es\/wp-json\/wp\/v2\/pages"}],"about":[{"href":"https:\/\/avna.com\/es\/wp-json\/wp\/v2\/types\/page"}],"author":[{"embeddable":true,"href":"https:\/\/avna.com\/es\/wp-json\/wp\/v2\/users\/10"}],"replies":[{"embeddable":true,"href":"https:\/\/avna.com\/es\/wp-json\/wp\/v2\/comments?post=6687"}],"version-history":[{"count":20,"href":"https:\/\/avna.com\/es\/wp-json\/wp\/v2\/pages\/6687\/revisions"}],"predecessor-version":[{"id":11910,"href":"https:\/\/avna.com\/es\/wp-json\/wp\/v2\/pages\/6687\/revisions\/11910"}],"up":[{"embeddable":true,"href":"https:\/\/avna.com\/es\/wp-json\/wp\/v2\/pages\/6611"}],"wp:featuredmedia":[{"embeddable":true,"href":"https:\/\/avna.com\/es\/wp-json\/wp\/v2\/media\/6694"}],"wp:attachment":[{"href":"https:\/\/avna.com\/es\/wp-json\/wp\/v2\/media?parent=6687"}],"curies":[{"name":"wp","href":"https:\/\/api.w.org\/{rel}","templated":true}]}}