{"id":6683,"date":"2020-03-26T17:49:51","date_gmt":"2020-03-26T17:49:51","guid":{"rendered":"https:\/\/avna.com\/covid-19\/"},"modified":"2023-04-03T12:15:29","modified_gmt":"2023-04-03T16:15:29","slug":"covid-19","status":"publish","type":"page","link":"https:\/\/avna.com\/es\/covid-19\/","title":{"rendered":"COVID-19 Actualizaciones de clientes"},"content":{"rendered":"\n\n<section class=\"header-block\"><figure class=\"bg\" style=\"background-image: url(https:\/\/avna.com\/wp-content\/uploads\/2018\/12\/Blue-Background-Treatment11.jpg); \"><\/figure><div class=\"section-wrapper\"><div class=\"text-wrapper\"><div class=\"text-background\"><\/div><div class=\"header-text\"><h1 class=\"large-h1\">COVID-19 Updates<\/h1>\n<\/div><\/div><\/div><\/section>\n\n\n<section class=\"wp-block-smart-section-section white-background\"><div class=\"section-wrapper\">\n<p class=\"padding-top\">A nuestros clientes,<\/p>\n\n\n\n<p>Queremos asegurarle que todas las ubicaciones de AVNA  permanecen abiertas y producen piezas a medida que reaccionamos a la propagaci\u00f3n de COVID-19. No hemos experimentado interrupciones en nuestras cadenas de suministro, hemos mantenido un stock de materiales y suministros, y continuamos enviando pedidos.<\/p>\n\n\n\n<p>Como muchos de ustedes, estamos trabajando para satisfacer necesidades cr\u00edticas. Especialmente durante este tiempo inusual, se nos recuerda que los componentes que fabricamos, los clientes a los que servimos y cada miembro de nuestro personal es parte de algo m\u00e1s grande. Estamos orgullosos de cumplir nuestra promesa para usted y para la comunidad.<\/p>\n\n\n\n<p>La salud y seguridad de los miembros de nuestro equipo es siempre nuestra m\u00e1xima prioridad. Hemos implementado nuevos requisitos y los hemos agregado a nuestros ya estrictos reg\u00edmenes de limpieza. Los miembros del personal que pueden trabajar de forma remota lo est\u00e1n haciendo. Nuestro equipo de respuesta de COVID-19 est\u00e1 trabajando diligentemente para garantizar que cumplamos con todas las mejores pr\u00e1cticas recomendadas.<\/p>\n\n\n\n<p>Solicitamos que las visitas a nuestras instalaciones se limiten solo a aquellas que sean absolutamente necesarias. Tambi\u00e9n hemos desarrollado un proceso de evaluaci\u00f3n COVID-19 y estamos prohibiendo la entrada de cualquier persona que no cumpla con esos est\u00e1ndares.<\/p>\n\n\n\n<p>Como parte de nuestro compromiso con la comunidad, nos hemos asociado con Hartford HealthCare, una gran red de hospitales locales y proveedores de servicios m\u00e9dicos, y estamos donando nuestros servicios y experiencia para ayudar en la producci\u00f3n de equipos de protecci\u00f3n personal cr\u00edticamente necesarios para proveedores de atenci\u00f3n m\u00e9dica. <\/p>\n\n\n\n<p>Ya nos hemos puesto en contacto con muchos de ustedes directamente, pero si no hemos podido comunicarnos con usted, o si tiene alguna pregunta, <a href=\"https:\/\/avna.com\/contact-us\/\">cont\u00e1ctenos<\/a>. Nuestro personal de servicio al cliente estar\u00e1 encantado de responder cualquier pregunta. Adem\u00e1s, nuestro equipo de ingenier\u00eda est\u00e1 disponible para ofrecer asesoramiento y asistencia en temas relacionados con dise\u00f1o. Estamos listos para apoyarlo en proyectos necesarios ahora, y en planes para cuando la vida vuelva a un estado m\u00e1s normal.<\/p>\n\n\n\n<p>Estamos profundamente agradecidos con nuestro equipo y su dedicaci\u00f3n durante este tiempo. Tambi\u00e9n los felicitamos a ustedes, nuestros clientes, por sus esfuerzos. Juntos podemos trabajar para &#8220;aplanar la curva&#8221; y ayudar a nuestras familias, vecinos y amigos en este momento sin precedentes.<\/p>\n\n\n\n<p>Sinceros deseos de salud y bienestar,<\/p>\n\n\n\n<div class=\"wp-block-columns has-4-columns margin-none is-layout-flex wp-container-core-columns-is-layout-9d6595d7 wp-block-columns-is-layout-flex\">\n<div class=\"wp-block-column padding-none is-layout-flow wp-block-column-is-layout-flow\">\n<p><strong>Jason Howey<\/strong><br>Presidente &amp; CEO<br>AVNA <\/p>\n<\/div>\n\n\n\n<div class=\"wp-block-column padding-none is-layout-flow wp-block-column-is-layout-flow\">\n<p><strong>Mario Chaves <\/strong><br>Gerente General<br>AVNA   Costa Rica <\/p>\n<\/div>\n\n\n\n<div class=\"wp-block-column is-layout-flow wp-block-column-is-layout-flow\"><\/div>\n\n\n\n<div class=\"wp-block-column is-layout-flow wp-block-column-is-layout-flow\"><\/div>\n<\/div>\n<\/div><\/section>\n","protected":false},"excerpt":{"rendered":"","protected":false},"author":10,"featured_media":6659,"parent":0,"menu_order":14,"comment_status":"closed","ping_status":"closed","template":"","meta":{"_acf_changed":false,"_yoast_wpseo_title":"COVID-19 Actualizaciones de clientes | %%sitename%%","_yoast_wpseo_metadesc":"","_metasync_otto_title":"","_metasync_otto_description":"","rank_math_title":"","rank_math_description":"","footnotes":""},"class_list":["post-6683","page","type-page","status-publish","has-post-thumbnail","hentry"],"acf":[],"yoast_head":"<!-- This site is optimized with the Yoast SEO Premium plugin v20.12 (Yoast SEO v25.4) - https:\/\/yoast.com\/wordpress\/plugins\/seo\/ -->\n<title>COVID-19 Actualizaciones de clientes | AVNA<\/title>\n<meta name=\"robots\" content=\"index, follow, max-snippet:-1, max-image-preview:large, max-video-preview:-1\" \/>\n<link rel=\"canonical\" href=\"https:\/\/avna.com\/es\/covid-19\/\" \/>\n<meta property=\"og:locale\" content=\"es_ES\" \/>\n<meta property=\"og:type\" content=\"article\" \/>\n<meta property=\"og:title\" content=\"COVID-19 Actualizaciones de clientes\" \/>\n<meta property=\"og:url\" content=\"https:\/\/avna.com\/es\/covid-19\/\" \/>\n<meta property=\"og:site_name\" content=\"AVNA\" \/>\n<meta property=\"article:modified_time\" content=\"2023-04-03T16:15:29+00:00\" \/>\n<meta property=\"og:image\" content=\"https:\/\/avna.com\/wp-content\/uploads\/2018\/12\/Blue-Background-Treatment11.jpg\" \/>\n\t<meta property=\"og:image:width\" content=\"3000\" \/>\n\t<meta property=\"og:image:height\" content=\"1080\" \/>\n\t<meta property=\"og:image:type\" content=\"image\/jpeg\" \/>\n<meta name=\"twitter:card\" content=\"summary_large_image\" \/>\n<meta name=\"twitter:label1\" content=\"Tiempo de lectura\" \/>\n\t<meta name=\"twitter:data1\" content=\"2 minutos\" \/>\n<script type=\"application\/ld+json\" class=\"yoast-schema-graph\">{\"@context\":\"https:\/\/schema.org\",\"@graph\":[{\"@type\":\"WebPage\",\"@id\":\"https:\/\/avna.com\/es\/covid-19\/\",\"url\":\"https:\/\/avna.com\/es\/covid-19\/\",\"name\":\"COVID-19 Actualizaciones de clientes | AVNA\",\"isPartOf\":{\"@id\":\"https:\/\/avna.com\/es\/#website\"},\"primaryImageOfPage\":{\"@id\":\"https:\/\/avna.com\/es\/covid-19\/#primaryimage\"},\"image\":{\"@id\":\"https:\/\/avna.com\/es\/covid-19\/#primaryimage\"},\"thumbnailUrl\":\"https:\/\/avna.com\/wp-content\/uploads\/2018\/12\/Blue-Background-Treatment11.jpg\",\"datePublished\":\"2020-03-26T17:49:51+00:00\",\"dateModified\":\"2023-04-03T16:15:29+00:00\",\"breadcrumb\":{\"@id\":\"https:\/\/avna.com\/es\/covid-19\/#breadcrumb\"},\"inLanguage\":\"es\",\"potentialAction\":[{\"@type\":\"ReadAction\",\"target\":[\"https:\/\/avna.com\/es\/covid-19\/\"]}]},{\"@type\":\"ImageObject\",\"inLanguage\":\"es\",\"@id\":\"https:\/\/avna.com\/es\/covid-19\/#primaryimage\",\"url\":\"https:\/\/avna.com\/wp-content\/uploads\/2018\/12\/Blue-Background-Treatment11.jpg\",\"contentUrl\":\"https:\/\/avna.com\/wp-content\/uploads\/2018\/12\/Blue-Background-Treatment11.jpg\",\"width\":3000,\"height\":1080},{\"@type\":\"BreadcrumbList\",\"@id\":\"https:\/\/avna.com\/es\/covid-19\/#breadcrumb\",\"itemListElement\":[{\"@type\":\"ListItem\",\"position\":1,\"name\":\"Home\",\"item\":\"https:\/\/avna.com\/es\/\"},{\"@type\":\"ListItem\",\"position\":2,\"name\":\"COVID-19 Actualizaciones de clientes\"}]},{\"@type\":\"WebSite\",\"@id\":\"https:\/\/avna.com\/es\/#website\",\"url\":\"https:\/\/avna.com\/es\/\",\"name\":\"AVNA\",\"description\":\"Innovation Partners for Life\",\"publisher\":{\"@id\":\"https:\/\/avna.com\/es\/#organization\"},\"potentialAction\":[{\"@type\":\"SearchAction\",\"target\":{\"@type\":\"EntryPoint\",\"urlTemplate\":\"https:\/\/avna.com\/es\/?s={search_term_string}\"},\"query-input\":{\"@type\":\"PropertyValueSpecification\",\"valueRequired\":true,\"valueName\":\"search_term_string\"}}],\"inLanguage\":\"es\"},{\"@type\":\"Organization\",\"@id\":\"https:\/\/avna.com\/es\/#organization\",\"name\":\"AVNA\",\"url\":\"https:\/\/avna.com\/es\/\",\"logo\":{\"@type\":\"ImageObject\",\"inLanguage\":\"es\",\"@id\":\"https:\/\/avna.com\/es\/#\/schema\/logo\/image\/\",\"url\":\"https:\/\/avna.com\/wp-content\/uploads\/2023\/12\/logo-0.png\",\"contentUrl\":\"https:\/\/avna.com\/wp-content\/uploads\/2023\/12\/logo-0.png\",\"width\":387,\"height\":275,\"caption\":\"AVNA\"},\"image\":{\"@id\":\"https:\/\/avna.com\/es\/#\/schema\/logo\/image\/\"}}]}<\/script>\n<!-- \/ Yoast SEO Premium plugin. -->","yoast_head_json":{"title":"COVID-19 Actualizaciones de clientes | AVNA","robots":{"index":"index","follow":"follow","max-snippet":"max-snippet:-1","max-image-preview":"max-image-preview:large","max-video-preview":"max-video-preview:-1"},"canonical":"https:\/\/avna.com\/es\/covid-19\/","og_locale":"es_ES","og_type":"article","og_title":"COVID-19 Actualizaciones de clientes","og_url":"https:\/\/avna.com\/es\/covid-19\/","og_site_name":"AVNA","article_modified_time":"2023-04-03T16:15:29+00:00","og_image":[{"width":3000,"height":1080,"url":"https:\/\/avna.com\/wp-content\/uploads\/2018\/12\/Blue-Background-Treatment11.jpg","type":"image\/jpeg"}],"twitter_card":"summary_large_image","twitter_misc":{"Tiempo de lectura":"2 minutos"},"schema":{"@context":"https:\/\/schema.org","@graph":[{"@type":"WebPage","@id":"https:\/\/avna.com\/es\/covid-19\/","url":"https:\/\/avna.com\/es\/covid-19\/","name":"COVID-19 Actualizaciones de clientes | AVNA","isPartOf":{"@id":"https:\/\/avna.com\/es\/#website"},"primaryImageOfPage":{"@id":"https:\/\/avna.com\/es\/covid-19\/#primaryimage"},"image":{"@id":"https:\/\/avna.com\/es\/covid-19\/#primaryimage"},"thumbnailUrl":"https:\/\/avna.com\/wp-content\/uploads\/2018\/12\/Blue-Background-Treatment11.jpg","datePublished":"2020-03-26T17:49:51+00:00","dateModified":"2023-04-03T16:15:29+00:00","breadcrumb":{"@id":"https:\/\/avna.com\/es\/covid-19\/#breadcrumb"},"inLanguage":"es","potentialAction":[{"@type":"ReadAction","target":["https:\/\/avna.com\/es\/covid-19\/"]}]},{"@type":"ImageObject","inLanguage":"es","@id":"https:\/\/avna.com\/es\/covid-19\/#primaryimage","url":"https:\/\/avna.com\/wp-content\/uploads\/2018\/12\/Blue-Background-Treatment11.jpg","contentUrl":"https:\/\/avna.com\/wp-content\/uploads\/2018\/12\/Blue-Background-Treatment11.jpg","width":3000,"height":1080},{"@type":"BreadcrumbList","@id":"https:\/\/avna.com\/es\/covid-19\/#breadcrumb","itemListElement":[{"@type":"ListItem","position":1,"name":"Home","item":"https:\/\/avna.com\/es\/"},{"@type":"ListItem","position":2,"name":"COVID-19 Actualizaciones de clientes"}]},{"@type":"WebSite","@id":"https:\/\/avna.com\/es\/#website","url":"https:\/\/avna.com\/es\/","name":"AVNA","description":"Innovation Partners for Life","publisher":{"@id":"https:\/\/avna.com\/es\/#organization"},"potentialAction":[{"@type":"SearchAction","target":{"@type":"EntryPoint","urlTemplate":"https:\/\/avna.com\/es\/?s={search_term_string}"},"query-input":{"@type":"PropertyValueSpecification","valueRequired":true,"valueName":"search_term_string"}}],"inLanguage":"es"},{"@type":"Organization","@id":"https:\/\/avna.com\/es\/#organization","name":"AVNA","url":"https:\/\/avna.com\/es\/","logo":{"@type":"ImageObject","inLanguage":"es","@id":"https:\/\/avna.com\/es\/#\/schema\/logo\/image\/","url":"https:\/\/avna.com\/wp-content\/uploads\/2023\/12\/logo-0.png","contentUrl":"https:\/\/avna.com\/wp-content\/uploads\/2023\/12\/logo-0.png","width":387,"height":275,"caption":"AVNA"},"image":{"@id":"https:\/\/avna.com\/es\/#\/schema\/logo\/image\/"}}]}},"_links":{"self":[{"href":"https:\/\/avna.com\/es\/wp-json\/wp\/v2\/pages\/6683","targetHints":{"allow":["GET"]}}],"collection":[{"href":"https:\/\/avna.com\/es\/wp-json\/wp\/v2\/pages"}],"about":[{"href":"https:\/\/avna.com\/es\/wp-json\/wp\/v2\/types\/page"}],"author":[{"embeddable":true,"href":"https:\/\/avna.com\/es\/wp-json\/wp\/v2\/users\/10"}],"replies":[{"embeddable":true,"href":"https:\/\/avna.com\/es\/wp-json\/wp\/v2\/comments?post=6683"}],"version-history":[{"count":6,"href":"https:\/\/avna.com\/es\/wp-json\/wp\/v2\/pages\/6683\/revisions"}],"predecessor-version":[{"id":11317,"href":"https:\/\/avna.com\/es\/wp-json\/wp\/v2\/pages\/6683\/revisions\/11317"}],"wp:featuredmedia":[{"embeddable":true,"href":"https:\/\/avna.com\/es\/wp-json\/wp\/v2\/media\/6659"}],"wp:attachment":[{"href":"https:\/\/avna.com\/es\/wp-json\/wp\/v2\/media?parent=6683"}],"curies":[{"name":"wp","href":"https:\/\/api.w.org\/{rel}","templated":true}]}}