{"id":6674,"date":"2020-03-30T15:10:03","date_gmt":"2020-03-30T15:10:03","guid":{"rendered":"https:\/\/avna.com\/mission-critical\/"},"modified":"2023-04-03T12:16:46","modified_gmt":"2023-04-03T16:16:46","slug":"mission-critical","status":"publish","type":"page","link":"https:\/\/avna.com\/es\/mission-critical\/","title":{"rendered":"COVID-19 Update for Costa Rica Employees"},"content":{"rendered":"\n\n<section class=\"header-block\"><figure class=\"bg\" style=\"background-image: url(https:\/\/avna.com\/wp-content\/uploads\/2018\/12\/Blue-Background-Treatment11.jpg); \"><\/figure><div class=\"section-wrapper\"><div class=\"text-wrapper\"><div class=\"text-background\"><\/div><div class=\"header-text\"><h1 class=\"large-h1\">COVID-19 Updates<\/h1>\n<\/div><\/div><\/div><\/section>\n\n\n<section class=\"wp-block-smart-section-section white-background\"><div class=\"section-wrapper\">\n<p class=\"padding-top\">Equipo de AVNA ,<\/p>\n\n\n\n<p>Ante todo, gracias. Por favor, sepan lo apreciados y valorados que son.<\/p>\n\n\n\n<p>Me doy cuenta, de la manera en que todos reaccionamos al coronavirus, que la vida diaria se ha visto muy afectada. Nuestras rutinas se ven interrumpidas, muchos de ustedes tienen ni\u00f1os y cuidan de sus adultos mayores en el hogar, y todos tenemos que enfrentar mayores desaf\u00edos en tareas diarias simples. En el momento en que m\u00e1s nos necesitamos, tambi\u00e9n debemos distanciarnos socialmente.<\/p>\n\n\n\n<p> En este momento inusual, la frase \u201c<em>Part of Something Greater\u201d<\/em>  realmente representa nuestro trabajo. Los componentes que estamos haciendo, los dise\u00f1os que estamos mejorando y los pedidos que enviamos sirven para aplicaciones cr\u00edticas.<\/p>\n\n\n\n<p>La salud y seguridad de nuestro equipo es siempre nuestra m\u00e1xima prioridad y nuestro valor n\u00famero uno en el AVNA Way. Desarrollamos requisitos de distanciamiento social, trabajamos para comunicar las mejores pr\u00e1cticas de higiene personal y aumentamos nuestros procesos de limpieza. Los miembros del personal que pueden trabajar de forma remota lo est\u00e1n haciendo.<\/p>\n\n\n\n<p>Somos conscientes &nbsp;de que la mayor\u00eda de ustedes todav\u00eda est\u00e1n trabajando en las instalaciones de producci\u00f3n. Su dedicaci\u00f3n no solo ayuda a fabricar componentes y ensamblajes, sino que tambi\u00e9n ayuda a mejorar la salud y preservar la vida.<\/p>\n\n\n\n<p>Recuerden que no necesitan ser m\u00e9dicos para salvar vidas. Los componentes de AVNA  entran en marcapasos, se usan en cirug\u00edas y son componentes cr\u00edticos en equipos y dispositivos m\u00e9dicos. Su trabajo hace una verdadera diferencia.<\/p>\n\n\n\n<p>Si bien las rutinas se han interrumpido, la necesidad de componentes y ensamblajes permanece. Estamos trabajando para atender las nuevas solicitudes de los clientes y estamos completando pedidos de productos que son cr\u00edticamente necesarios.<\/p>\n\n\n\n<p>Como parte de nuestra promesa de ser parte de algo m\u00e1s grande, y tambi\u00e9n de vivir el valor de impacto de &nbsp;el AVNA Way, nos estamos asociando con Hartford HealthCare, una de las principales organizaciones locales de salud y hospitales, y estamos donando nuestra experiencia en ingenier\u00eda, fabricaci\u00f3n y cadena de suministro. Estamos liderando los esfuerzos de producci\u00f3n de equipos de protecci\u00f3n personal cr\u00edticamente necesarios para enfermeras, m\u00e9dicos y proveedores de servicios de salud, y utilizaremos las instalaciones de New Britain High School para el montaje. En Costa Rica nos pusimos a las ordenes de la Universidad de Costa Rica y el TEC para colaborar con la impresi\u00f3n 3D de componentes para protecci\u00f3n personal y ya estamos trabajando las primeras pruebas.<\/p>\n\n\n\n<p>Hoy, debemos trabajar juntos y enfrentar el desaf\u00edo del coronavirus.<\/p>\n\n\n\n<p>Como ustedes, nunca hemos experimentado una situaci\u00f3n como esta. Por favor, h\u00e1gannos saber las formas en que podemos hacerlo mejor. Las sugerencias que aumentan la seguridad y mejoran las operaciones siempre son bienvenidas.<\/p>\n\n\n\n<p>Please be safe and healthy. And thank you. Together, we are <em>Part of Something Greater<\/em>.<\/p>\n\n\n\n<p>Por favor permanezcan seguros y\nen perfecta salud. Y nuevamente \u00a1Gracias!<\/p>\n\n\n\n<p>Juntos, somos parte de algo m\u00e1s\ngrande.<\/p>\n\n\n\n<p class=\"padding-bottom-none\">Sincerely,  <br><\/p>\n\n\n\n<div class=\"wp-block-columns has-4-columns margin-none is-layout-flex wp-container-core-columns-is-layout-9d6595d7 wp-block-columns-is-layout-flex\">\n<div class=\"wp-block-column padding-none is-layout-flow wp-block-column-is-layout-flow\">\n<p class=\"padding-none\"><strong>Jason Howey<\/strong><br>Presidente y CEO<br>AVNA <\/p>\n<\/div>\n\n\n\n<div class=\"wp-block-column padding-none is-layout-flow wp-block-column-is-layout-flow\">\n<p class=\"padding-none\"><strong>Mario Chaves <\/strong><br>Gerente General<br>AVNA   Costa Rica <\/p>\n<\/div>\n\n\n\n<div class=\"wp-block-column is-layout-flow wp-block-column-is-layout-flow\">\n<p><\/p>\n<\/div>\n\n\n\n<div class=\"wp-block-column is-layout-flow wp-block-column-is-layout-flow\"><\/div>\n<\/div>\n<\/div><\/section>\n","protected":false},"excerpt":{"rendered":"","protected":false},"author":10,"featured_media":6659,"parent":0,"menu_order":14,"comment_status":"closed","ping_status":"closed","template":"","meta":{"_acf_changed":false,"_yoast_wpseo_title":"AVNA Costa Rica Employee Updates | %%sitename%%","_yoast_wpseo_metadesc":"","_metasync_otto_title":"","_metasync_otto_description":"","rank_math_title":"","rank_math_description":"","footnotes":""},"class_list":["post-6674","page","type-page","status-publish","has-post-thumbnail","hentry"],"acf":[],"yoast_head":"<!-- This site is optimized with the Yoast SEO Premium plugin v20.12 (Yoast SEO v25.4) - https:\/\/yoast.com\/wordpress\/plugins\/seo\/ -->\n<title>AVNA Costa Rica Employee Updates | AVNA<\/title>\n<meta name=\"robots\" content=\"index, follow, max-snippet:-1, max-image-preview:large, max-video-preview:-1\" \/>\n<link rel=\"canonical\" href=\"https:\/\/avna.com\/es\/mission-critical\/\" \/>\n<meta property=\"og:locale\" content=\"es_ES\" \/>\n<meta property=\"og:type\" content=\"article\" \/>\n<meta property=\"og:title\" content=\"COVID-19 Update for Costa Rica Employees\" \/>\n<meta property=\"og:url\" content=\"https:\/\/avna.com\/es\/mission-critical\/\" \/>\n<meta property=\"og:site_name\" content=\"AVNA\" \/>\n<meta property=\"article:modified_time\" content=\"2023-04-03T16:16:46+00:00\" \/>\n<meta property=\"og:image\" content=\"https:\/\/avna.com\/wp-content\/uploads\/2018\/12\/Blue-Background-Treatment11.jpg\" \/>\n\t<meta property=\"og:image:width\" content=\"3000\" \/>\n\t<meta property=\"og:image:height\" content=\"1080\" \/>\n\t<meta property=\"og:image:type\" content=\"image\/jpeg\" \/>\n<meta name=\"twitter:card\" content=\"summary_large_image\" \/>\n<meta name=\"twitter:label1\" content=\"Tiempo de lectura\" \/>\n\t<meta name=\"twitter:data1\" content=\"3 minutos\" \/>\n<script type=\"application\/ld+json\" class=\"yoast-schema-graph\">{\"@context\":\"https:\/\/schema.org\",\"@graph\":[{\"@type\":\"WebPage\",\"@id\":\"https:\/\/avna.com\/es\/mission-critical\/\",\"url\":\"https:\/\/avna.com\/es\/mission-critical\/\",\"name\":\"AVNA Costa Rica Employee Updates | AVNA\",\"isPartOf\":{\"@id\":\"https:\/\/avna.com\/es\/#website\"},\"primaryImageOfPage\":{\"@id\":\"https:\/\/avna.com\/es\/mission-critical\/#primaryimage\"},\"image\":{\"@id\":\"https:\/\/avna.com\/es\/mission-critical\/#primaryimage\"},\"thumbnailUrl\":\"https:\/\/avna.com\/wp-content\/uploads\/2018\/12\/Blue-Background-Treatment11.jpg\",\"datePublished\":\"2020-03-30T15:10:03+00:00\",\"dateModified\":\"2023-04-03T16:16:46+00:00\",\"breadcrumb\":{\"@id\":\"https:\/\/avna.com\/es\/mission-critical\/#breadcrumb\"},\"inLanguage\":\"es\",\"potentialAction\":[{\"@type\":\"ReadAction\",\"target\":[\"https:\/\/avna.com\/es\/mission-critical\/\"]}]},{\"@type\":\"ImageObject\",\"inLanguage\":\"es\",\"@id\":\"https:\/\/avna.com\/es\/mission-critical\/#primaryimage\",\"url\":\"https:\/\/avna.com\/wp-content\/uploads\/2018\/12\/Blue-Background-Treatment11.jpg\",\"contentUrl\":\"https:\/\/avna.com\/wp-content\/uploads\/2018\/12\/Blue-Background-Treatment11.jpg\",\"width\":3000,\"height\":1080},{\"@type\":\"BreadcrumbList\",\"@id\":\"https:\/\/avna.com\/es\/mission-critical\/#breadcrumb\",\"itemListElement\":[{\"@type\":\"ListItem\",\"position\":1,\"name\":\"Home\",\"item\":\"https:\/\/avna.com\/es\/\"},{\"@type\":\"ListItem\",\"position\":2,\"name\":\"COVID-19 Update for Costa Rica Employees\"}]},{\"@type\":\"WebSite\",\"@id\":\"https:\/\/avna.com\/es\/#website\",\"url\":\"https:\/\/avna.com\/es\/\",\"name\":\"AVNA\",\"description\":\"Innovation Partners for Life\",\"publisher\":{\"@id\":\"https:\/\/avna.com\/es\/#organization\"},\"potentialAction\":[{\"@type\":\"SearchAction\",\"target\":{\"@type\":\"EntryPoint\",\"urlTemplate\":\"https:\/\/avna.com\/es\/?s={search_term_string}\"},\"query-input\":{\"@type\":\"PropertyValueSpecification\",\"valueRequired\":true,\"valueName\":\"search_term_string\"}}],\"inLanguage\":\"es\"},{\"@type\":\"Organization\",\"@id\":\"https:\/\/avna.com\/es\/#organization\",\"name\":\"AVNA\",\"url\":\"https:\/\/avna.com\/es\/\",\"logo\":{\"@type\":\"ImageObject\",\"inLanguage\":\"es\",\"@id\":\"https:\/\/avna.com\/es\/#\/schema\/logo\/image\/\",\"url\":\"https:\/\/avna.com\/wp-content\/uploads\/2023\/12\/logo-0.png\",\"contentUrl\":\"https:\/\/avna.com\/wp-content\/uploads\/2023\/12\/logo-0.png\",\"width\":387,\"height\":275,\"caption\":\"AVNA\"},\"image\":{\"@id\":\"https:\/\/avna.com\/es\/#\/schema\/logo\/image\/\"}}]}<\/script>\n<!-- \/ Yoast SEO Premium plugin. -->","yoast_head_json":{"title":"AVNA Costa Rica Employee Updates | AVNA","robots":{"index":"index","follow":"follow","max-snippet":"max-snippet:-1","max-image-preview":"max-image-preview:large","max-video-preview":"max-video-preview:-1"},"canonical":"https:\/\/avna.com\/es\/mission-critical\/","og_locale":"es_ES","og_type":"article","og_title":"COVID-19 Update for Costa Rica Employees","og_url":"https:\/\/avna.com\/es\/mission-critical\/","og_site_name":"AVNA","article_modified_time":"2023-04-03T16:16:46+00:00","og_image":[{"width":3000,"height":1080,"url":"https:\/\/avna.com\/wp-content\/uploads\/2018\/12\/Blue-Background-Treatment11.jpg","type":"image\/jpeg"}],"twitter_card":"summary_large_image","twitter_misc":{"Tiempo de lectura":"3 minutos"},"schema":{"@context":"https:\/\/schema.org","@graph":[{"@type":"WebPage","@id":"https:\/\/avna.com\/es\/mission-critical\/","url":"https:\/\/avna.com\/es\/mission-critical\/","name":"AVNA Costa Rica Employee Updates | AVNA","isPartOf":{"@id":"https:\/\/avna.com\/es\/#website"},"primaryImageOfPage":{"@id":"https:\/\/avna.com\/es\/mission-critical\/#primaryimage"},"image":{"@id":"https:\/\/avna.com\/es\/mission-critical\/#primaryimage"},"thumbnailUrl":"https:\/\/avna.com\/wp-content\/uploads\/2018\/12\/Blue-Background-Treatment11.jpg","datePublished":"2020-03-30T15:10:03+00:00","dateModified":"2023-04-03T16:16:46+00:00","breadcrumb":{"@id":"https:\/\/avna.com\/es\/mission-critical\/#breadcrumb"},"inLanguage":"es","potentialAction":[{"@type":"ReadAction","target":["https:\/\/avna.com\/es\/mission-critical\/"]}]},{"@type":"ImageObject","inLanguage":"es","@id":"https:\/\/avna.com\/es\/mission-critical\/#primaryimage","url":"https:\/\/avna.com\/wp-content\/uploads\/2018\/12\/Blue-Background-Treatment11.jpg","contentUrl":"https:\/\/avna.com\/wp-content\/uploads\/2018\/12\/Blue-Background-Treatment11.jpg","width":3000,"height":1080},{"@type":"BreadcrumbList","@id":"https:\/\/avna.com\/es\/mission-critical\/#breadcrumb","itemListElement":[{"@type":"ListItem","position":1,"name":"Home","item":"https:\/\/avna.com\/es\/"},{"@type":"ListItem","position":2,"name":"COVID-19 Update for Costa Rica Employees"}]},{"@type":"WebSite","@id":"https:\/\/avna.com\/es\/#website","url":"https:\/\/avna.com\/es\/","name":"AVNA","description":"Innovation Partners for Life","publisher":{"@id":"https:\/\/avna.com\/es\/#organization"},"potentialAction":[{"@type":"SearchAction","target":{"@type":"EntryPoint","urlTemplate":"https:\/\/avna.com\/es\/?s={search_term_string}"},"query-input":{"@type":"PropertyValueSpecification","valueRequired":true,"valueName":"search_term_string"}}],"inLanguage":"es"},{"@type":"Organization","@id":"https:\/\/avna.com\/es\/#organization","name":"AVNA","url":"https:\/\/avna.com\/es\/","logo":{"@type":"ImageObject","inLanguage":"es","@id":"https:\/\/avna.com\/es\/#\/schema\/logo\/image\/","url":"https:\/\/avna.com\/wp-content\/uploads\/2023\/12\/logo-0.png","contentUrl":"https:\/\/avna.com\/wp-content\/uploads\/2023\/12\/logo-0.png","width":387,"height":275,"caption":"AVNA"},"image":{"@id":"https:\/\/avna.com\/es\/#\/schema\/logo\/image\/"}}]}},"_links":{"self":[{"href":"https:\/\/avna.com\/es\/wp-json\/wp\/v2\/pages\/6674","targetHints":{"allow":["GET"]}}],"collection":[{"href":"https:\/\/avna.com\/es\/wp-json\/wp\/v2\/pages"}],"about":[{"href":"https:\/\/avna.com\/es\/wp-json\/wp\/v2\/types\/page"}],"author":[{"embeddable":true,"href":"https:\/\/avna.com\/es\/wp-json\/wp\/v2\/users\/10"}],"replies":[{"embeddable":true,"href":"https:\/\/avna.com\/es\/wp-json\/wp\/v2\/comments?post=6674"}],"version-history":[{"count":9,"href":"https:\/\/avna.com\/es\/wp-json\/wp\/v2\/pages\/6674\/revisions"}],"predecessor-version":[{"id":11323,"href":"https:\/\/avna.com\/es\/wp-json\/wp\/v2\/pages\/6674\/revisions\/11323"}],"wp:featuredmedia":[{"embeddable":true,"href":"https:\/\/avna.com\/es\/wp-json\/wp\/v2\/media\/6659"}],"wp:attachment":[{"href":"https:\/\/avna.com\/es\/wp-json\/wp\/v2\/media?parent=6674"}],"curies":[{"name":"wp","href":"https:\/\/api.w.org\/{rel}","templated":true}]}}