{"id":6666,"date":"2018-12-13T20:12:17","date_gmt":"2018-12-13T20:12:17","guid":{"rendered":"https:\/\/avna.com\/about-okay\/who-we-are-okay-way\/"},"modified":"2023-12-28T16:00:16","modified_gmt":"2023-12-28T21:00:16","slug":"who-we-are-okay-way","status":"publish","type":"page","link":"https:\/\/avna.com\/es\/about-okay\/who-we-are-okay-way\/","title":{"rendered":"Qui\u00e9n somos &#8211; The AVNA Advantage"},"content":{"rendered":"\n\n<section class=\"header-block\"><figure class=\"bg\" style=\"background-image: url(https:\/\/avna.com\/wp-content\/uploads\/2018\/12\/Blue-Background-Treatment10.jpg); \"><\/figure><div class=\"section-wrapper\"><div class=\"text-wrapper\"><div class=\"text-background\"><\/div><div class=\"header-image lock-to-right \" style=\"background-image: url(https:\/\/avna.com\/wp-content\/uploads\/2023\/12\/2023-avna-advantage.png);\"><\/div><div class=\"header-text\"><h1>Misi\u00f3n y valores<\/h1>\n<h2>The AVNA Advantage<\/h2>\n<p><strong>Excelencia basada en un compromiso inquebrantable con la calidad y el servicio. Nuestro equipo ofrece total seguridad a trav\u00e9s de nuestra dedicaci\u00f3n con The AVNA Way.<\/strong><\/p>\n<p>Nuestra historia de innovaci\u00f3n y excelencia est\u00e1 en el centro de todo lo que hacemos. Con una experiencia en el negocio de m\u00e1s de 100 a\u00f1os, AVNA  ha desarrollado procesos especializados y un gran compromiso y pasi\u00f3n con la calidad que permite a los OEM m\u00e1s grandes del mundo confiar en nosotros como su \u00fanico fabricante de componentes de dispositivos m\u00e9dicos. Describimos nuestra dedicaci\u00f3n, valores y expectativas como The AVNA Way: la forma en que hacemos negocios, la forma en que tratamos a los dem\u00e1s y la forma en que nos aseguramos de superar sus expectativas de excelencia en cada oportunidad.<\/p>\n<\/div><\/div><\/div><\/section>\n\n\n<section class=\"wp-block-smart-section-section white-background\"><div class=\"section-wrapper\">\n<h2 class=\"has-text-align-center wp-block-heading\" id=\"mce_19\">B\u00fasqueda apasionada de los resultados de la m\u00e1s alta calidad. <\/h2>\n\n\n\n<p>Guiados por nuestra filosof\u00eda corporativa, The AVNA Way, nos hemos convertido en un fabricante de componentes y subconjuntos de dispositivos m\u00e9dicos confiable para algunos de los OEM de dispositivos m\u00e9dicos l\u00edderes en el mundo. Este conjunto de valores y comportamientos fundamentales impulsa a cada empleado a ofrecer resultados de la m\u00e1s alta calidad para nuestros clientes, nosotros y nuestra comunidad. \u201cThe AVNA Way\u201d fomenta la mejora continua, cultiva talentos excepcionales y ofrece soluciones sobresalientes.<\/p>\n<\/div><\/section>\n\n\n\n<section class=\"wp-block-smart-section-section\"><div class=\"section-wrapper\">\n<section class=\"wp-block-smart-section-section white-background okay-way-table blue-border padding-none\"><div class=\"section-wrapper\">\n<figure class=\"wp-block-image size-full header\"><img decoding=\"async\" width=\"1488\" height=\"194\" src=\"https:\/\/avna.com\/wp-content\/uploads\/2023\/12\/avna-advantage-header-Asset-1.png\" alt=\"the avna advantage\" class=\"wp-image-11686\" srcset=\"https:\/\/avna.com\/wp-content\/uploads\/2023\/12\/avna-advantage-header-Asset-1.png 1488w, https:\/\/avna.com\/wp-content\/uploads\/2023\/12\/avna-advantage-header-Asset-1-300x39.png 300w, https:\/\/avna.com\/wp-content\/uploads\/2023\/12\/avna-advantage-header-Asset-1-768x100.png 768w, https:\/\/avna.com\/wp-content\/uploads\/2023\/12\/avna-advantage-header-Asset-1-100x13.png 100w, https:\/\/avna.com\/wp-content\/uploads\/2023\/12\/avna-advantage-header-Asset-1-200x26.png 200w, https:\/\/avna.com\/wp-content\/uploads\/2023\/12\/avna-advantage-header-Asset-1-400x52.png 400w, https:\/\/avna.com\/wp-content\/uploads\/2023\/12\/avna-advantage-header-Asset-1-600x78.png 600w, https:\/\/avna.com\/wp-content\/uploads\/2023\/12\/avna-advantage-header-Asset-1-800x104.png 800w, https:\/\/avna.com\/wp-content\/uploads\/2023\/12\/avna-advantage-header-Asset-1-1200x156.png 1200w\" sizes=\"(max-width: 1488px) 100vw, 1488px\" \/><\/figure>\n\n\n\n<div class=\"wp-block-columns has-2-columns padding-bottom-none is-layout-flex wp-container-core-columns-is-layout-9d6595d7 wp-block-columns-is-layout-flex\">\n<div class=\"wp-block-column padding-bottom-none avna-misson is-layout-flow wp-block-column-is-layout-flow\">\n<h2 class=\"wp-block-heading\">Our Mission<\/h2>\n\n\n\n<p class=\"has-large-font-size\">Improving lives,<br>one part at a time<\/p>\n<\/div>\n\n\n\n<div class=\"wp-block-column padding-bottom-none is-layout-flow wp-block-column-is-layout-flow\">\n<h2 class=\"wp-block-heading\">Our 5 Pillars<\/h2>\n\n\n\n<ul class=\"avna-pillars has-large-font-size wp-block-list\">\n<li class=\"indigo\">People<\/li>\n\n\n\n<li class=\"cyan\">Passion<\/li>\n\n\n\n<li class=\"green\">Partnerships<\/li>\n\n\n\n<li class=\"orange\">Performance<\/li>\n<\/ul>\n<\/div>\n<\/div>\n\n\n\n<h2 class=\"padding-left wp-block-heading\">Our Values<\/h2>\n\n\n\n<div class=\"wp-block-columns are-vertically-aligned-center avna-advantage-value is-layout-flex wp-container-core-columns-is-layout-9d6595d7 wp-block-columns-is-layout-flex\">\n<div class=\"wp-block-column is-vertically-aligned-center is-layout-flow wp-block-column-is-layout-flow\" style=\"flex-basis:20%\"><div class=\"wp-block-image\">\n<figure class=\"alignright size-full is-resized\"><img decoding=\"async\" src=\"https:\/\/avna.com\/wp-content\/uploads\/2023\/12\/avna-advantage-r-Asset-3@2x.png\" alt=\"\" class=\"wp-image-11696\" width=\"91\" height=\"91\" srcset=\"https:\/\/avna.com\/wp-content\/uploads\/2023\/12\/avna-advantage-r-Asset-3@2x.png 181w, https:\/\/avna.com\/wp-content\/uploads\/2023\/12\/avna-advantage-r-Asset-3@2x-150x150.png 150w, https:\/\/avna.com\/wp-content\/uploads\/2023\/12\/avna-advantage-r-Asset-3@2x-100x100.png 100w\" sizes=\"(max-width: 91px) 100vw, 91px\" \/><\/figure><\/div><\/div>\n\n\n\n<div class=\"wp-block-column is-vertically-aligned-center is-layout-flow wp-block-column-is-layout-flow\" style=\"flex-basis:80%\">\n<h3 class=\"has-large-font-size wp-block-heading\" id=\"h-respect\">Respect<\/h3>\n\n\n\n<p class=\"has-large-font-size\">We value each other.<\/p>\n<\/div>\n<\/div>\n\n\n\n<div class=\"wp-block-columns are-vertically-aligned-center avna-advantage-value is-layout-flex wp-container-core-columns-is-layout-9d6595d7 wp-block-columns-is-layout-flex\">\n<div class=\"wp-block-column is-vertically-aligned-center is-layout-flow wp-block-column-is-layout-flow\" style=\"flex-basis:20%\"><div class=\"wp-block-image\">\n<figure class=\"alignright size-full is-resized\"><img decoding=\"async\" src=\"https:\/\/avna.com\/wp-content\/uploads\/2023\/12\/avna-advantage-i-Asset-4@2x.png\" alt=\"\" class=\"wp-image-11694\" width=\"91\" height=\"91\" srcset=\"https:\/\/avna.com\/wp-content\/uploads\/2023\/12\/avna-advantage-i-Asset-4@2x.png 181w, https:\/\/avna.com\/wp-content\/uploads\/2023\/12\/avna-advantage-i-Asset-4@2x-150x150.png 150w, https:\/\/avna.com\/wp-content\/uploads\/2023\/12\/avna-advantage-i-Asset-4@2x-100x101.png 100w\" sizes=\"(max-width: 91px) 100vw, 91px\" \/><\/figure><\/div><\/div>\n\n\n\n<div class=\"wp-block-column is-vertically-aligned-center is-layout-flow wp-block-column-is-layout-flow\" style=\"flex-basis:80%\">\n<h3 class=\"has-large-font-size wp-block-heading\" id=\"h-impact\">Impact<\/h3>\n\n\n\n<p class=\"has-large-font-size\">We are committed to our customers, our community, and the environment.<\/p>\n<\/div>\n<\/div>\n\n\n\n<div class=\"wp-block-columns are-vertically-aligned-center avna-advantage-value is-layout-flex wp-container-core-columns-is-layout-9d6595d7 wp-block-columns-is-layout-flex\">\n<div class=\"wp-block-column is-vertically-aligned-center is-layout-flow wp-block-column-is-layout-flow\" style=\"flex-basis:20%\"><div class=\"wp-block-image\">\n<figure class=\"alignright size-full is-resized\"><img decoding=\"async\" src=\"https:\/\/avna.com\/wp-content\/uploads\/2023\/12\/avna-advantage-s-Asset-5@2x.png\" alt=\"\" class=\"wp-image-11692\" width=\"91\" height=\"91\" srcset=\"https:\/\/avna.com\/wp-content\/uploads\/2023\/12\/avna-advantage-s-Asset-5@2x.png 181w, https:\/\/avna.com\/wp-content\/uploads\/2023\/12\/avna-advantage-s-Asset-5@2x-150x150.png 150w, https:\/\/avna.com\/wp-content\/uploads\/2023\/12\/avna-advantage-s-Asset-5@2x-100x100.png 100w\" sizes=\"(max-width: 91px) 100vw, 91px\" \/><\/figure><\/div><\/div>\n\n\n\n<div class=\"wp-block-column is-vertically-aligned-center is-layout-flow wp-block-column-is-layout-flow\" style=\"flex-basis:80%\">\n<h3 class=\"has-large-font-size wp-block-heading\" id=\"h-safety\">Safety<\/h3>\n\n\n\n<p class=\"has-large-font-size\">We put safety and quality first.<\/p>\n<\/div>\n<\/div>\n\n\n\n<div class=\"wp-block-columns are-vertically-aligned-center avna-advantage-value is-layout-flex wp-container-core-columns-is-layout-9d6595d7 wp-block-columns-is-layout-flex\">\n<div class=\"wp-block-column is-vertically-aligned-center is-layout-flow wp-block-column-is-layout-flow\" style=\"flex-basis:20%\"><div class=\"wp-block-image\">\n<figure class=\"alignright size-full is-resized\"><img decoding=\"async\" src=\"https:\/\/avna.com\/wp-content\/uploads\/2023\/12\/avna-advantage-r-Asset-3@2x.png\" alt=\"\" class=\"wp-image-11696\" width=\"91\" height=\"91\" srcset=\"https:\/\/avna.com\/wp-content\/uploads\/2023\/12\/avna-advantage-r-Asset-3@2x.png 181w, https:\/\/avna.com\/wp-content\/uploads\/2023\/12\/avna-advantage-r-Asset-3@2x-150x150.png 150w, https:\/\/avna.com\/wp-content\/uploads\/2023\/12\/avna-advantage-r-Asset-3@2x-100x100.png 100w\" sizes=\"(max-width: 91px) 100vw, 91px\" \/><\/figure><\/div><\/div>\n\n\n\n<div class=\"wp-block-column is-vertically-aligned-center is-layout-flow wp-block-column-is-layout-flow\" style=\"flex-basis:80%\">\n<h3 class=\"has-large-font-size wp-block-heading\" id=\"h-excellence\">Excellence<\/h3>\n\n\n\n<p class=\"has-large-font-size\">We do the right things right.<\/p>\n<\/div>\n<\/div>\n\n\n\n<figure class=\"wp-block-image size-full margin-none-table\"><img decoding=\"async\" width=\"2000\" height=\"419\" src=\"https:\/\/avna.com\/wp-content\/uploads\/2023\/12\/AVNA-Bottom-Border-Swoops.png\" alt=\"\" class=\"wp-image-11688\" srcset=\"https:\/\/avna.com\/wp-content\/uploads\/2023\/12\/AVNA-Bottom-Border-Swoops.png 2000w, https:\/\/avna.com\/wp-content\/uploads\/2023\/12\/AVNA-Bottom-Border-Swoops-300x63.png 300w, https:\/\/avna.com\/wp-content\/uploads\/2023\/12\/AVNA-Bottom-Border-Swoops-768x161.png 768w, https:\/\/avna.com\/wp-content\/uploads\/2023\/12\/AVNA-Bottom-Border-Swoops-1536x322.png 1536w, https:\/\/avna.com\/wp-content\/uploads\/2023\/12\/AVNA-Bottom-Border-Swoops-100x21.png 100w, https:\/\/avna.com\/wp-content\/uploads\/2023\/12\/AVNA-Bottom-Border-Swoops-200x42.png 200w, https:\/\/avna.com\/wp-content\/uploads\/2023\/12\/AVNA-Bottom-Border-Swoops-400x84.png 400w, https:\/\/avna.com\/wp-content\/uploads\/2023\/12\/AVNA-Bottom-Border-Swoops-600x126.png 600w, https:\/\/avna.com\/wp-content\/uploads\/2023\/12\/AVNA-Bottom-Border-Swoops-800x168.png 800w, https:\/\/avna.com\/wp-content\/uploads\/2023\/12\/AVNA-Bottom-Border-Swoops-1200x251.png 1200w, https:\/\/avna.com\/wp-content\/uploads\/2023\/12\/AVNA-Bottom-Border-Swoops-1800x377.png 1800w\" sizes=\"(max-width: 2000px) 100vw, 2000px\" \/><\/figure>\n<\/div><\/section>\n\n\n\n<div style=\"height:65px\" aria-hidden=\"true\" class=\"wp-block-spacer\"><\/div>\n\n\n\n<p>Conozca m\u00e1s Sobre Nosotros y sobre nuestra <a href=\"https:\/\/avna.com\/es\/about-okay\/corporate-policy-culture\/\">Pol\u00edtica y Cultura corporativas<\/a>, o considere <a href=\"https:\/\/avna.com\/es\/about-okay\/careers\/\">unirse a nuestro equipo<\/a> y perm\u00edtanos ayudarlo a descubrir su grandeza. Si usted es un fabricante de componentes de dispositivos m\u00e9dicos que busca un proveedor confiable, revise nuestras <a href=\"https:\/\/avna.com\/es\/capabilities\/\">capacidades<\/a> y <a href=\"https:\/\/avna.com\/es\/design-support-and-development\/\">soluciones<\/a> y descubra c\u00f3mo podemos ayudarlo con su pr\u00f3ximo proyecto.<\/p>\n\n\n\n<section class=\"wp-block-smart-section-section callout\"><div class=\"section-wrapper\">\n<h2 class=\"has-text-align-center padding-left-right wp-block-heading\">Nuestro compromiso con la excelencia est\u00e1 en el centro de todo lo que hacemos<\/h2>\n\n\n\n<div class=\"wp-block-columns has-3-columns dividers is-layout-flex wp-container-core-columns-is-layout-9d6595d7 wp-block-columns-is-layout-flex\">\n<div class=\"wp-block-column is-layout-flow wp-block-column-is-layout-flow\"><div class=\"wp-block-image\">\n<figure class=\"aligncenter size-full is-resized\"><img decoding=\"async\" src=\"https:\/\/avna.com\/wp-content\/uploads\/2018\/12\/nextech_labs_600x240-400x160-1.png\" alt=\"nextech labs\" class=\"wp-image-11836\" width=\"185\" srcset=\"https:\/\/avna.com\/wp-content\/uploads\/2018\/12\/nextech_labs_600x240-400x160-1.png 400w, https:\/\/avna.com\/wp-content\/uploads\/2018\/12\/nextech_labs_600x240-400x160-1-300x120.png 300w, https:\/\/avna.com\/wp-content\/uploads\/2018\/12\/nextech_labs_600x240-400x160-1-100x40.png 100w, https:\/\/avna.com\/wp-content\/uploads\/2018\/12\/nextech_labs_600x240-400x160-1-200x80.png 200w\" sizes=\"(max-width: 400px) 100vw, 400px\" \/><\/figure><\/div>\n\n\n<h4 class=\"has-text-align-center wp-block-heading\">Prototipado y Soluciones de Desarrollo de Procesos <\/h4>\n\n\n\n<p class=\"has-text-align-center\"><a href=\"https:\/\/avna.com\/es\/design-support-and-development\/nextech-labs\/\">Espacios dedicados, personal y equipamiento<\/a> que lo llevan desde el concepto hasta el componente, m\u00e1s r\u00e1pido y optimizando la producci\u00f3n.<\/p>\n<\/div>\n\n\n\n<div class=\"wp-block-column is-layout-flow wp-block-column-is-layout-flow\"><div class=\"wp-block-image\">\n<figure class=\"aligncenter size-full\"><img decoding=\"async\" width=\"92\" height=\"75\" src=\"https:\/\/avna.com\/wp-content\/uploads\/2023\/12\/capabilities-blue.png\" alt=\"\" class=\"wp-image-11888\"\/><\/figure><\/div>\n\n\n<h4 class=\"has-text-align-center wp-block-heading\">Capacidades Integradas<\/h4>\n\n\n\n<p class=\"has-text-align-center\">Las tecnolog\u00edas y procesos de AVNA ofrecen una calidad inigualable, con operaciones de <a href=\"https:\/\/avna.com\/es\/capabilities\/stampings-milling\/\">estampado<\/a>, <a href=\"https:\/\/avna.com\/es\/capabilities\/stampings-milling\/\">mecanizado<\/a> y <a href=\"https:\/\/avna.com\/es\/capabilities\/laser-processing\/\">l\u00e1ser dise\u00f1adas<\/a> para la precisi\u00f3n.<\/p>\n<\/div>\n\n\n\n<div class=\"wp-block-column is-layout-flow wp-block-column-is-layout-flow\"><div class=\"wp-block-image\">\n<figure class=\"aligncenter size-full\"><img decoding=\"async\" width=\"92\" height=\"75\" src=\"https:\/\/avna.com\/wp-content\/uploads\/2023\/12\/design-for-sucess-icon.png\" alt=\"\" class=\"wp-image-11884\"\/><\/figure><\/div>\n\n\n<h4 class=\"has-text-align-center wp-block-heading\">Dise\u00f1ado para el \u00e9xito<strong>\ufeff<\/strong><\/h4>\n\n\n\n<p class=\"has-text-align-center\">Nuestra <a href=\"https:\/\/avna.com\/es\/capabilities\/engineering\/\">ingenier\u00eda<\/a> colaborativa, el <a href=\"https:\/\/avna.com\/es\/design-support-and-development\/design-for-manufacturability\/\">dise\u00f1o para la fabricaci\u00f3n<\/a> y el dise\u00f1o para expertos en <a href=\"https:\/\/avna.com\/es\/design-support-and-development\/design-for-automation\/\">automatizaci\u00f3n<\/a> garantizan la fabricaci\u00f3n de componentes m\u00e9dicos de precisi\u00f3n.<\/p>\n<\/div>\n<\/div>\n\n\n\n<p><\/p>\n<\/div><\/section>\n<\/div><\/section>\n","protected":false},"excerpt":{"rendered":"","protected":false},"author":1,"featured_media":6613,"parent":6611,"menu_order":11,"comment_status":"closed","ping_status":"closed","template":"","meta":{"_acf_changed":false,"_yoast_wpseo_title":"The AVNA Way | Fabricante de componentes m\u00e9dicos | %%sitename%%","_yoast_wpseo_metadesc":"Nuestro equipo brinda total seguridad a trav\u00e9s de nuestro compromiso con The AVNA Way: conozca c\u00f3mo los valores y la misi\u00f3n de AVNA brindan una calidad total.","_metasync_otto_title":"","_metasync_otto_description":"","rank_math_title":"","rank_math_description":"","footnotes":""},"class_list":["post-6666","page","type-page","status-publish","has-post-thumbnail","hentry"],"acf":[],"yoast_head":"<!-- This site is optimized with the Yoast SEO Premium plugin v20.12 (Yoast SEO v25.4) - https:\/\/yoast.com\/wordpress\/plugins\/seo\/ -->\n<title>The AVNA Way | Fabricante de componentes m\u00e9dicos | AVNA<\/title>\n<meta name=\"description\" content=\"Nuestro equipo brinda total seguridad a trav\u00e9s de nuestro compromiso con The AVNA Way: conozca c\u00f3mo los valores y la misi\u00f3n de AVNA brindan una calidad total.\" \/>\n<meta name=\"robots\" content=\"index, follow, max-snippet:-1, max-image-preview:large, max-video-preview:-1\" \/>\n<link rel=\"canonical\" href=\"https:\/\/avna.com\/es\/about-okay\/who-we-are-okay-way\/\" \/>\n<meta property=\"og:locale\" content=\"es_ES\" \/>\n<meta property=\"og:type\" content=\"article\" \/>\n<meta property=\"og:title\" content=\"Qui\u00e9n somos - The AVNA Advantage\" \/>\n<meta property=\"og:description\" content=\"Nuestro equipo brinda total seguridad a trav\u00e9s de nuestro compromiso con The AVNA Way: conozca c\u00f3mo los valores y la misi\u00f3n de AVNA brindan una calidad total.\" \/>\n<meta property=\"og:url\" content=\"https:\/\/avna.com\/es\/about-okay\/who-we-are-okay-way\/\" \/>\n<meta property=\"og:site_name\" content=\"AVNA\" \/>\n<meta property=\"article:modified_time\" content=\"2023-12-28T21:00:16+00:00\" \/>\n<meta property=\"og:image\" content=\"https:\/\/avna.com\/wp-content\/uploads\/2018\/12\/Blue-Background-Treatment10.jpg\" \/>\n\t<meta property=\"og:image:width\" content=\"3000\" \/>\n\t<meta property=\"og:image:height\" content=\"1080\" \/>\n\t<meta property=\"og:image:type\" content=\"image\/jpeg\" \/>\n<meta name=\"twitter:card\" content=\"summary_large_image\" \/>\n<meta name=\"twitter:label1\" content=\"Tiempo de lectura\" \/>\n\t<meta name=\"twitter:data1\" content=\"4 minutos\" \/>\n<script type=\"application\/ld+json\" class=\"yoast-schema-graph\">{\"@context\":\"https:\/\/schema.org\",\"@graph\":[{\"@type\":\"WebPage\",\"@id\":\"https:\/\/avna.com\/es\/about-okay\/who-we-are-okay-way\/\",\"url\":\"https:\/\/avna.com\/es\/about-okay\/who-we-are-okay-way\/\",\"name\":\"The AVNA Way | Fabricante de componentes m\u00e9dicos | AVNA\",\"isPartOf\":{\"@id\":\"https:\/\/avna.com\/es\/#website\"},\"primaryImageOfPage\":{\"@id\":\"https:\/\/avna.com\/es\/about-okay\/who-we-are-okay-way\/#primaryimage\"},\"image\":{\"@id\":\"https:\/\/avna.com\/es\/about-okay\/who-we-are-okay-way\/#primaryimage\"},\"thumbnailUrl\":\"https:\/\/avna.com\/wp-content\/uploads\/2018\/12\/Blue-Background-Treatment10.jpg\",\"datePublished\":\"2018-12-13T20:12:17+00:00\",\"dateModified\":\"2023-12-28T21:00:16+00:00\",\"description\":\"Nuestro equipo brinda total seguridad a trav\u00e9s de nuestro compromiso con The AVNA Way: conozca c\u00f3mo los valores y la misi\u00f3n de AVNA brindan una calidad total.\",\"breadcrumb\":{\"@id\":\"https:\/\/avna.com\/es\/about-okay\/who-we-are-okay-way\/#breadcrumb\"},\"inLanguage\":\"es\",\"potentialAction\":[{\"@type\":\"ReadAction\",\"target\":[\"https:\/\/avna.com\/es\/about-okay\/who-we-are-okay-way\/\"]}]},{\"@type\":\"ImageObject\",\"inLanguage\":\"es\",\"@id\":\"https:\/\/avna.com\/es\/about-okay\/who-we-are-okay-way\/#primaryimage\",\"url\":\"https:\/\/avna.com\/wp-content\/uploads\/2018\/12\/Blue-Background-Treatment10.jpg\",\"contentUrl\":\"https:\/\/avna.com\/wp-content\/uploads\/2018\/12\/Blue-Background-Treatment10.jpg\",\"width\":3000,\"height\":1080},{\"@type\":\"BreadcrumbList\",\"@id\":\"https:\/\/avna.com\/es\/about-okay\/who-we-are-okay-way\/#breadcrumb\",\"itemListElement\":[{\"@type\":\"ListItem\",\"position\":1,\"name\":\"Home\",\"item\":\"https:\/\/avna.com\/es\/\"},{\"@type\":\"ListItem\",\"position\":2,\"name\":\"SobreAVNA\",\"item\":\"https:\/\/avna.com\/es\/about-okay\/\"},{\"@type\":\"ListItem\",\"position\":3,\"name\":\"Qui\u00e9n somos &#8211; The AVNA Advantage\"}]},{\"@type\":\"WebSite\",\"@id\":\"https:\/\/avna.com\/es\/#website\",\"url\":\"https:\/\/avna.com\/es\/\",\"name\":\"AVNA\",\"description\":\"Innovation Partners for Life\",\"publisher\":{\"@id\":\"https:\/\/avna.com\/es\/#organization\"},\"potentialAction\":[{\"@type\":\"SearchAction\",\"target\":{\"@type\":\"EntryPoint\",\"urlTemplate\":\"https:\/\/avna.com\/es\/?s={search_term_string}\"},\"query-input\":{\"@type\":\"PropertyValueSpecification\",\"valueRequired\":true,\"valueName\":\"search_term_string\"}}],\"inLanguage\":\"es\"},{\"@type\":\"Organization\",\"@id\":\"https:\/\/avna.com\/es\/#organization\",\"name\":\"AVNA\",\"url\":\"https:\/\/avna.com\/es\/\",\"logo\":{\"@type\":\"ImageObject\",\"inLanguage\":\"es\",\"@id\":\"https:\/\/avna.com\/es\/#\/schema\/logo\/image\/\",\"url\":\"https:\/\/avna.com\/wp-content\/uploads\/2023\/12\/logo-0.png\",\"contentUrl\":\"https:\/\/avna.com\/wp-content\/uploads\/2023\/12\/logo-0.png\",\"width\":387,\"height\":275,\"caption\":\"AVNA\"},\"image\":{\"@id\":\"https:\/\/avna.com\/es\/#\/schema\/logo\/image\/\"}}]}<\/script>\n<!-- \/ Yoast SEO Premium plugin. -->","yoast_head_json":{"title":"The AVNA Way | Fabricante de componentes m\u00e9dicos | AVNA","description":"Nuestro equipo brinda total seguridad a trav\u00e9s de nuestro compromiso con The AVNA Way: conozca c\u00f3mo los valores y la misi\u00f3n de AVNA brindan una calidad total.","robots":{"index":"index","follow":"follow","max-snippet":"max-snippet:-1","max-image-preview":"max-image-preview:large","max-video-preview":"max-video-preview:-1"},"canonical":"https:\/\/avna.com\/es\/about-okay\/who-we-are-okay-way\/","og_locale":"es_ES","og_type":"article","og_title":"Qui\u00e9n somos - The AVNA Advantage","og_description":"Nuestro equipo brinda total seguridad a trav\u00e9s de nuestro compromiso con The AVNA Way: conozca c\u00f3mo los valores y la misi\u00f3n de AVNA brindan una calidad total.","og_url":"https:\/\/avna.com\/es\/about-okay\/who-we-are-okay-way\/","og_site_name":"AVNA","article_modified_time":"2023-12-28T21:00:16+00:00","og_image":[{"width":3000,"height":1080,"url":"https:\/\/avna.com\/wp-content\/uploads\/2018\/12\/Blue-Background-Treatment10.jpg","type":"image\/jpeg"}],"twitter_card":"summary_large_image","twitter_misc":{"Tiempo de lectura":"4 minutos"},"schema":{"@context":"https:\/\/schema.org","@graph":[{"@type":"WebPage","@id":"https:\/\/avna.com\/es\/about-okay\/who-we-are-okay-way\/","url":"https:\/\/avna.com\/es\/about-okay\/who-we-are-okay-way\/","name":"The AVNA Way | Fabricante de componentes m\u00e9dicos | AVNA","isPartOf":{"@id":"https:\/\/avna.com\/es\/#website"},"primaryImageOfPage":{"@id":"https:\/\/avna.com\/es\/about-okay\/who-we-are-okay-way\/#primaryimage"},"image":{"@id":"https:\/\/avna.com\/es\/about-okay\/who-we-are-okay-way\/#primaryimage"},"thumbnailUrl":"https:\/\/avna.com\/wp-content\/uploads\/2018\/12\/Blue-Background-Treatment10.jpg","datePublished":"2018-12-13T20:12:17+00:00","dateModified":"2023-12-28T21:00:16+00:00","description":"Nuestro equipo brinda total seguridad a trav\u00e9s de nuestro compromiso con The AVNA Way: conozca c\u00f3mo los valores y la misi\u00f3n de AVNA brindan una calidad total.","breadcrumb":{"@id":"https:\/\/avna.com\/es\/about-okay\/who-we-are-okay-way\/#breadcrumb"},"inLanguage":"es","potentialAction":[{"@type":"ReadAction","target":["https:\/\/avna.com\/es\/about-okay\/who-we-are-okay-way\/"]}]},{"@type":"ImageObject","inLanguage":"es","@id":"https:\/\/avna.com\/es\/about-okay\/who-we-are-okay-way\/#primaryimage","url":"https:\/\/avna.com\/wp-content\/uploads\/2018\/12\/Blue-Background-Treatment10.jpg","contentUrl":"https:\/\/avna.com\/wp-content\/uploads\/2018\/12\/Blue-Background-Treatment10.jpg","width":3000,"height":1080},{"@type":"BreadcrumbList","@id":"https:\/\/avna.com\/es\/about-okay\/who-we-are-okay-way\/#breadcrumb","itemListElement":[{"@type":"ListItem","position":1,"name":"Home","item":"https:\/\/avna.com\/es\/"},{"@type":"ListItem","position":2,"name":"SobreAVNA","item":"https:\/\/avna.com\/es\/about-okay\/"},{"@type":"ListItem","position":3,"name":"Qui\u00e9n somos &#8211; The AVNA Advantage"}]},{"@type":"WebSite","@id":"https:\/\/avna.com\/es\/#website","url":"https:\/\/avna.com\/es\/","name":"AVNA","description":"Innovation Partners for Life","publisher":{"@id":"https:\/\/avna.com\/es\/#organization"},"potentialAction":[{"@type":"SearchAction","target":{"@type":"EntryPoint","urlTemplate":"https:\/\/avna.com\/es\/?s={search_term_string}"},"query-input":{"@type":"PropertyValueSpecification","valueRequired":true,"valueName":"search_term_string"}}],"inLanguage":"es"},{"@type":"Organization","@id":"https:\/\/avna.com\/es\/#organization","name":"AVNA","url":"https:\/\/avna.com\/es\/","logo":{"@type":"ImageObject","inLanguage":"es","@id":"https:\/\/avna.com\/es\/#\/schema\/logo\/image\/","url":"https:\/\/avna.com\/wp-content\/uploads\/2023\/12\/logo-0.png","contentUrl":"https:\/\/avna.com\/wp-content\/uploads\/2023\/12\/logo-0.png","width":387,"height":275,"caption":"AVNA"},"image":{"@id":"https:\/\/avna.com\/es\/#\/schema\/logo\/image\/"}}]}},"_links":{"self":[{"href":"https:\/\/avna.com\/es\/wp-json\/wp\/v2\/pages\/6666","targetHints":{"allow":["GET"]}}],"collection":[{"href":"https:\/\/avna.com\/es\/wp-json\/wp\/v2\/pages"}],"about":[{"href":"https:\/\/avna.com\/es\/wp-json\/wp\/v2\/types\/page"}],"author":[{"embeddable":true,"href":"https:\/\/avna.com\/es\/wp-json\/wp\/v2\/users\/1"}],"replies":[{"embeddable":true,"href":"https:\/\/avna.com\/es\/wp-json\/wp\/v2\/comments?post=6666"}],"version-history":[{"count":31,"href":"https:\/\/avna.com\/es\/wp-json\/wp\/v2\/pages\/6666\/revisions"}],"predecessor-version":[{"id":11908,"href":"https:\/\/avna.com\/es\/wp-json\/wp\/v2\/pages\/6666\/revisions\/11908"}],"up":[{"embeddable":true,"href":"https:\/\/avna.com\/es\/wp-json\/wp\/v2\/pages\/6611"}],"wp:featuredmedia":[{"embeddable":true,"href":"https:\/\/avna.com\/es\/wp-json\/wp\/v2\/media\/6613"}],"wp:attachment":[{"href":"https:\/\/avna.com\/es\/wp-json\/wp\/v2\/media?parent=6666"}],"curies":[{"name":"wp","href":"https:\/\/api.w.org\/{rel}","templated":true}]}}