{"id":6657,"date":"2018-12-13T20:12:17","date_gmt":"2018-12-13T20:12:17","guid":{"rendered":"https:\/\/avna.com\/about-okay\/industries-served\/"},"modified":"2022-09-01T12:41:22","modified_gmt":"2022-09-01T16:41:22","slug":"industries-served","status":"publish","type":"page","link":"https:\/\/avna.com\/es\/about-okay\/industries-served\/","title":{"rendered":"Industrias atendidas"},"content":{"rendered":"\n\n<section class=\"header-block\"><figure class=\"bg\" style=\"background-image: url(https:\/\/avna.com\/wp-content\/uploads\/2018\/12\/Blue-Background-Treatment11.jpg); \"><\/figure><div class=\"section-wrapper\"><div class=\"text-wrapper\"><div class=\"text-background\"><\/div><div class=\"header-image \" style=\"background-image: url(https:\/\/avna.com\/wp-content\/uploads\/2019\/05\/corrected_steve_karen_MG_5814-800x800.png);\"><\/div><div class=\"header-text\"><h1>Fabricaci\u00f3n por contrato de precisi\u00f3n<\/h1>\n<h2>Industrias atendidas<\/h2>\n<p><strong>Nuestras innovadoras soluciones, el dise\u00f1o de herramientas in-house y nuestra capacidad instalada, as\u00ed como los procesos centrados en el cliente satisfacen a algunos de los OEM m\u00e1s grandes del mundo, con un enfoque especializado en los mercados de dispositivos m\u00e9dicos de precisi\u00f3n.<\/strong><\/p>\n<p>Durante m\u00e1s de un siglo, AVNA  ha sido reconocida como una de las principales empresas de manufactura de precisi\u00f3n de dispositivos m\u00e9dicos del mundo. Nuestras habilidades t\u00e9cnicas se basan en una historia de maestros fabricantes de herramientas y matrices, que, combinados con equipos y tecnolog\u00edas de vanguardia, brinda experiencia, ingenio y una calidad inigualable para enfrentar los desaf\u00edos de fabricaci\u00f3n m\u00e1s dif\u00edciles. Como empresa reconocida a nivel mundial en los mercados de medicina, especialidad y precisi\u00f3n, la calidad es el n\u00facleo de todo lo que hacemos.<\/p>\n<\/div><\/div><\/div><\/section>\n\n\n<section class=\"wp-block-smart-section-section white-background\"><div class=\"section-wrapper\">\n<h2 class=\"has-text-align-center wp-block-heading\" id=\"mce_19\">Centrado en sus objetivos y aplicaci\u00f3n<\/h2>\n\n\n\n<p>Los clientes con estrictos requisitos de innovaci\u00f3n, cumplimiento y excelencia conf\u00edan en AVNA  por nuestros manufactura de alta precisi\u00f3n de dispositivos m\u00e9dicos. Nuestros procesos colaborativos aportan equipos de ingenier\u00eda multidisciplinaria, dise\u00f1o para fabricaci\u00f3n, dise\u00f1o para automatizaci\u00f3n, producci\u00f3n y calidad para cada proyecto. Nuestro personal experto y nuestro enfoque colaborativo ayudan a los clientes a llegar al mercado m\u00e1s r\u00e1pido, con mejores resultados y menores costos.<br><\/p>\n<\/div><\/section>\n\n\n\n<section class=\"wp-block-smart-section-section\"><div class=\"section-wrapper\">\n<div class=\"wp-block-columns has-2-columns okay-2col-table is-layout-flex wp-container-core-columns-is-layout-9d6595d7 wp-block-columns-is-layout-flex\">\n<div class=\"wp-block-column okay-2col-left is-layout-flow wp-block-column-is-layout-flow\">\n<p>Con la garant\u00eda de una calidad total, los clientes conf\u00edan en AVNA como socio estrat\u00e9gico. Desde el concepto de dise\u00f1o hasta el ciclo de vida del producto, todo nuestro equipo est\u00e1 comprometido en&nbsp; brindar excelencia en cada paso del camino.<br><\/p>\n\n\n\n<p>AVNA  presta servicios de producci\u00f3n de precisi\u00f3n a algunos de los OEM m\u00e9dicos m\u00e1s grandes del mundo para aplicaciones que incluyen:<br><\/p>\n\n\n\n<ul class=\"wp-block-list\"><li>Componentes y conjuntos de instrumentos laparosc\u00f3picos, endosc\u00f3picos y artrosc\u00f3picos.<\/li><li>Componentes y conjuntos de instrumentos de ligadura<\/li><li>Componentes para implantables card\u00edacos, neuroestimuladores y ortop\u00e9dicos<\/li><li>Componentes y ensamblajes de grapado quir\u00fargico<\/li><li>Cortadores quir\u00fargicos, cuchillas, cuchillos, tijeras y ensamblajes.<\/li><li>Grapas de titanio y acero inoxidable.<\/li><\/ul>\n\n\n\n<p>Reconocidos por m\u00e1s de un siglo de brindar con excelencia servicios de producci\u00f3n de precisi\u00f3n, los clientes en una amplia gama de mercados tambi\u00e9n han buscado soluciones deAVNA,  que incluyen:<br><\/p>\n\n\n\n<ul class=\"wp-block-list\"><li>Equipos comerciales e industriales y equipos de energ\u00eda.<\/li><li>Electr\u00f3nicos<\/li><li>Energ\u00eda, micro turbina, generaci\u00f3n de energ\u00eda.<\/li><li>Protecci\u00f3n contra incendios<\/li><li>Marina<\/li><\/ul>\n<\/div>\n\n\n\n<div class=\"wp-block-column okay-2col-right is-layout-flow wp-block-column-is-layout-flow\">\n<section class=\"wp-block-smart-section-section callout margin-none\"><div class=\"section-wrapper\">\n<div class=\"wp-block-image padding-bottom-none\"><figure class=\"aligncenter is-resized\"><a href=\"https:\/\/avna.com\/es\/design-support-and-development\/nextech-labs\/\"><img decoding=\"async\" src=\"https:\/\/avna.com\/wp-content\/uploads\/2019\/02\/nextech_labs_600x240.png\" alt=\"\" class=\"wp-image-3264\" width=\"253\" height=\"101\" srcset=\"https:\/\/avna.com\/wp-content\/uploads\/2019\/02\/nextech_labs_600x240.png 600w, https:\/\/avna.com\/wp-content\/uploads\/2019\/02\/nextech_labs_600x240-300x120.png 300w, https:\/\/avna.com\/wp-content\/uploads\/2019\/02\/nextech_labs_600x240-100x40.png 100w, https:\/\/avna.com\/wp-content\/uploads\/2019\/02\/nextech_labs_600x240-200x80.png 200w, https:\/\/avna.com\/wp-content\/uploads\/2019\/02\/nextech_labs_600x240-400x160.png 400w\" sizes=\"(max-width: 253px) 100vw, 253px\" \/><\/a><\/figure><\/div>\n\n\n\n<p class=\"has-text-align-center padding-left-right\" style=\"font-size:13px\">Equipo dedicado, personal y recursos que lo llevan al mercado m\u00e1s r\u00e1pido. <a href=\"https:\/\/avna.com\/es\/design-support-and-development\/nextech-labs\/\">Conoce m\u00e1s.<\/a><\/p>\n\n\n\n<div class=\"wp-block-image padding-left-right margin-none\"><figure class=\"aligncenter\"><a href=\"https:\/\/avna.com\/es\/design-support-and-development\/nextech-labs\/\"><img decoding=\"async\" width=\"375\" height=\"342\" src=\"https:\/\/avna.com\/wp-content\/uploads\/2019\/03\/callout-box-layered-edit-ES.png\" alt=\"\" class=\"wp-image-7116\" srcset=\"https:\/\/avna.com\/wp-content\/uploads\/2019\/03\/callout-box-layered-edit-ES.png 375w, https:\/\/avna.com\/wp-content\/uploads\/2019\/03\/callout-box-layered-edit-ES-300x274.png 300w, https:\/\/avna.com\/wp-content\/uploads\/2019\/03\/callout-box-layered-edit-ES-100x91.png 100w, https:\/\/avna.com\/wp-content\/uploads\/2019\/03\/callout-box-layered-edit-ES-200x182.png 200w\" sizes=\"(max-width: 375px) 100vw, 375px\" \/><\/a><\/figure><\/div>\n<\/div><\/section>\n\n\n\n<div class=\"wp-block-image padding-top\"><figure class=\"aligncenter is-resized\"><img decoding=\"async\" src=\"https:\/\/avna.com\/wp-content\/uploads\/2019\/01\/quality_policy_image_1200px.jpg\" alt=\"\" class=\"wp-image-995\" width=\"373\" height=\"248\" srcset=\"https:\/\/avna.com\/wp-content\/uploads\/2019\/01\/quality_policy_image_1200px.jpg 1200w, https:\/\/avna.com\/wp-content\/uploads\/2019\/01\/quality_policy_image_1200px-300x200.jpg 300w, https:\/\/avna.com\/wp-content\/uploads\/2019\/01\/quality_policy_image_1200px-768x512.jpg 768w, https:\/\/avna.com\/wp-content\/uploads\/2019\/01\/quality_policy_image_1200px-100x67.jpg 100w, https:\/\/avna.com\/wp-content\/uploads\/2019\/01\/quality_policy_image_1200px-200x133.jpg 200w, https:\/\/avna.com\/wp-content\/uploads\/2019\/01\/quality_policy_image_1200px-400x267.jpg 400w, https:\/\/avna.com\/wp-content\/uploads\/2019\/01\/quality_policy_image_1200px-600x400.jpg 600w, https:\/\/avna.com\/wp-content\/uploads\/2019\/01\/quality_policy_image_1200px-800x533.jpg 800w\" sizes=\"(max-width: 373px) 100vw, 373px\" \/><\/figure><\/div>\n<\/div>\n<\/div>\n\n\n\n<div class=\"wp-block-media-text alignwide has-media-on-the-right is-stacked-on-mobile callout-image cta-it\" style=\"grid-template-columns:auto 49%\"><figure class=\"wp-block-media-text__media\"><img decoding=\"async\" width=\"800\" height=\"659\" src=\"https:\/\/avna.com\/wp-content\/uploads\/2019\/09\/OKAY-INDUSTRIES-35.jpg\" alt=\"\" class=\"wp-image-5297 size-full\" srcset=\"https:\/\/avna.com\/wp-content\/uploads\/2019\/09\/OKAY-INDUSTRIES-35.jpg 800w, https:\/\/avna.com\/wp-content\/uploads\/2019\/09\/OKAY-INDUSTRIES-35-300x247.jpg 300w, https:\/\/avna.com\/wp-content\/uploads\/2019\/09\/OKAY-INDUSTRIES-35-768x633.jpg 768w, https:\/\/avna.com\/wp-content\/uploads\/2019\/09\/OKAY-INDUSTRIES-35-100x82.jpg 100w, https:\/\/avna.com\/wp-content\/uploads\/2019\/09\/OKAY-INDUSTRIES-35-200x165.jpg 200w, https:\/\/avna.com\/wp-content\/uploads\/2019\/09\/OKAY-INDUSTRIES-35-400x330.jpg 400w, https:\/\/avna.com\/wp-content\/uploads\/2019\/09\/OKAY-INDUSTRIES-35-600x494.jpg 600w\" sizes=\"(max-width: 800px) 100vw, 800px\" \/><\/figure><div class=\"wp-block-media-text__content\">\n<h3 class=\"wp-block-heading\">En todo el mundo, somos <em>Part of Something Greater<\/em><\/h3>\n\n\n\n<p class=\"has-regular-font-size\">Como expertos en la fabricaci\u00f3n de dispositivos m\u00e9dicos para clientes de todo el mundo, AVNA  es el est\u00e1ndar de excelencia de la industria para muchas marcas reconocidas a nivel mundial.<br><\/p>\n\n\n\n<p><a href=\"https:\/\/avna.com\/es\/contact-us\/\">Cont\u00e1ctenos<\/a> o programe una cita en nuestros <a href=\"https:\/\/avna.com\/es\/design-support-and-development\/nextech-labs\/\">Laboratorios NexTech<\/a> y descubra c\u00f3mo nuestra colaboraci\u00f3n centrada en el cliente mejorar\u00e1 los resultados en su pr\u00f3ximo proyecto.<br><\/p>\n<\/div><\/div>\n<\/div><\/section>\n","protected":false},"excerpt":{"rendered":"","protected":false},"author":1,"featured_media":6659,"parent":6611,"menu_order":10,"comment_status":"closed","ping_status":"closed","template":"","meta":{"_acf_changed":false,"_yoast_wpseo_title":"Servicios de Producci\u00f3n de precisi\u00f3n | %%sitename%%","_yoast_wpseo_metadesc":"Sirviendo a la industria m\u00e9dica con manufactura de alta precisi\u00f3n de dispositivos m\u00e9dicos - Conozca c\u00f3mo AVNA puede ayudar a producir dispositivos m\u00e9dicos que son Part of Something Greater.","_metasync_otto_title":"","_metasync_otto_description":"","rank_math_title":"","rank_math_description":"","footnotes":""},"class_list":["post-6657","page","type-page","status-publish","has-post-thumbnail","hentry"],"acf":[],"yoast_head":"<!-- This site is optimized with the Yoast SEO Premium plugin v20.12 (Yoast SEO v25.4) - https:\/\/yoast.com\/wordpress\/plugins\/seo\/ -->\n<title>Servicios de Producci\u00f3n de precisi\u00f3n | AVNA<\/title>\n<meta name=\"description\" content=\"Sirviendo a la industria m\u00e9dica con manufactura de alta precisi\u00f3n de dispositivos m\u00e9dicos - Conozca c\u00f3mo AVNA puede ayudar a producir dispositivos m\u00e9dicos que son Part of Something Greater.\" \/>\n<meta name=\"robots\" content=\"index, follow, max-snippet:-1, max-image-preview:large, max-video-preview:-1\" \/>\n<link rel=\"canonical\" href=\"https:\/\/avna.com\/es\/about-okay\/industries-served\/\" \/>\n<meta property=\"og:locale\" content=\"es_ES\" \/>\n<meta property=\"og:type\" content=\"article\" \/>\n<meta property=\"og:title\" content=\"Industrias atendidas\" \/>\n<meta property=\"og:description\" content=\"Sirviendo a la industria m\u00e9dica con manufactura de alta precisi\u00f3n de dispositivos m\u00e9dicos - Conozca c\u00f3mo AVNA puede ayudar a producir dispositivos m\u00e9dicos que son Part of Something Greater.\" \/>\n<meta property=\"og:url\" content=\"https:\/\/avna.com\/es\/about-okay\/industries-served\/\" \/>\n<meta property=\"og:site_name\" content=\"AVNA\" \/>\n<meta property=\"article:modified_time\" content=\"2022-09-01T16:41:22+00:00\" \/>\n<meta property=\"og:image\" content=\"https:\/\/avna.com\/wp-content\/uploads\/2018\/12\/Blue-Background-Treatment11.jpg\" \/>\n\t<meta property=\"og:image:width\" content=\"3000\" \/>\n\t<meta property=\"og:image:height\" content=\"1080\" \/>\n\t<meta property=\"og:image:type\" content=\"image\/jpeg\" \/>\n<meta name=\"twitter:card\" content=\"summary_large_image\" \/>\n<meta name=\"twitter:label1\" content=\"Tiempo de lectura\" \/>\n\t<meta name=\"twitter:data1\" content=\"2 minutos\" \/>\n<script type=\"application\/ld+json\" class=\"yoast-schema-graph\">{\"@context\":\"https:\/\/schema.org\",\"@graph\":[{\"@type\":\"WebPage\",\"@id\":\"https:\/\/avna.com\/es\/about-okay\/industries-served\/\",\"url\":\"https:\/\/avna.com\/es\/about-okay\/industries-served\/\",\"name\":\"Servicios de Producci\u00f3n de precisi\u00f3n | AVNA\",\"isPartOf\":{\"@id\":\"https:\/\/avna.com\/es\/#website\"},\"primaryImageOfPage\":{\"@id\":\"https:\/\/avna.com\/es\/about-okay\/industries-served\/#primaryimage\"},\"image\":{\"@id\":\"https:\/\/avna.com\/es\/about-okay\/industries-served\/#primaryimage\"},\"thumbnailUrl\":\"https:\/\/avna.com\/wp-content\/uploads\/2018\/12\/Blue-Background-Treatment11.jpg\",\"datePublished\":\"2018-12-13T20:12:17+00:00\",\"dateModified\":\"2022-09-01T16:41:22+00:00\",\"description\":\"Sirviendo a la industria m\u00e9dica con manufactura de alta precisi\u00f3n de dispositivos m\u00e9dicos - Conozca c\u00f3mo AVNA puede ayudar a producir dispositivos m\u00e9dicos que son Part of Something Greater.\",\"breadcrumb\":{\"@id\":\"https:\/\/avna.com\/es\/about-okay\/industries-served\/#breadcrumb\"},\"inLanguage\":\"es\",\"potentialAction\":[{\"@type\":\"ReadAction\",\"target\":[\"https:\/\/avna.com\/es\/about-okay\/industries-served\/\"]}]},{\"@type\":\"ImageObject\",\"inLanguage\":\"es\",\"@id\":\"https:\/\/avna.com\/es\/about-okay\/industries-served\/#primaryimage\",\"url\":\"https:\/\/avna.com\/wp-content\/uploads\/2018\/12\/Blue-Background-Treatment11.jpg\",\"contentUrl\":\"https:\/\/avna.com\/wp-content\/uploads\/2018\/12\/Blue-Background-Treatment11.jpg\",\"width\":3000,\"height\":1080},{\"@type\":\"BreadcrumbList\",\"@id\":\"https:\/\/avna.com\/es\/about-okay\/industries-served\/#breadcrumb\",\"itemListElement\":[{\"@type\":\"ListItem\",\"position\":1,\"name\":\"Home\",\"item\":\"https:\/\/avna.com\/es\/\"},{\"@type\":\"ListItem\",\"position\":2,\"name\":\"SobreAVNA\",\"item\":\"https:\/\/avna.com\/es\/about-okay\/\"},{\"@type\":\"ListItem\",\"position\":3,\"name\":\"Industrias atendidas\"}]},{\"@type\":\"WebSite\",\"@id\":\"https:\/\/avna.com\/es\/#website\",\"url\":\"https:\/\/avna.com\/es\/\",\"name\":\"AVNA\",\"description\":\"Innovation Partners for Life\",\"publisher\":{\"@id\":\"https:\/\/avna.com\/es\/#organization\"},\"potentialAction\":[{\"@type\":\"SearchAction\",\"target\":{\"@type\":\"EntryPoint\",\"urlTemplate\":\"https:\/\/avna.com\/es\/?s={search_term_string}\"},\"query-input\":{\"@type\":\"PropertyValueSpecification\",\"valueRequired\":true,\"valueName\":\"search_term_string\"}}],\"inLanguage\":\"es\"},{\"@type\":\"Organization\",\"@id\":\"https:\/\/avna.com\/es\/#organization\",\"name\":\"AVNA\",\"url\":\"https:\/\/avna.com\/es\/\",\"logo\":{\"@type\":\"ImageObject\",\"inLanguage\":\"es\",\"@id\":\"https:\/\/avna.com\/es\/#\/schema\/logo\/image\/\",\"url\":\"https:\/\/avna.com\/wp-content\/uploads\/2023\/12\/logo-0.png\",\"contentUrl\":\"https:\/\/avna.com\/wp-content\/uploads\/2023\/12\/logo-0.png\",\"width\":387,\"height\":275,\"caption\":\"AVNA\"},\"image\":{\"@id\":\"https:\/\/avna.com\/es\/#\/schema\/logo\/image\/\"}}]}<\/script>\n<!-- \/ Yoast SEO Premium plugin. -->","yoast_head_json":{"title":"Servicios de Producci\u00f3n de precisi\u00f3n | AVNA","description":"Sirviendo a la industria m\u00e9dica con manufactura de alta precisi\u00f3n de dispositivos m\u00e9dicos - Conozca c\u00f3mo AVNA puede ayudar a producir dispositivos m\u00e9dicos que son Part of Something Greater.","robots":{"index":"index","follow":"follow","max-snippet":"max-snippet:-1","max-image-preview":"max-image-preview:large","max-video-preview":"max-video-preview:-1"},"canonical":"https:\/\/avna.com\/es\/about-okay\/industries-served\/","og_locale":"es_ES","og_type":"article","og_title":"Industrias atendidas","og_description":"Sirviendo a la industria m\u00e9dica con manufactura de alta precisi\u00f3n de dispositivos m\u00e9dicos - Conozca c\u00f3mo AVNA puede ayudar a producir dispositivos m\u00e9dicos que son Part of Something Greater.","og_url":"https:\/\/avna.com\/es\/about-okay\/industries-served\/","og_site_name":"AVNA","article_modified_time":"2022-09-01T16:41:22+00:00","og_image":[{"width":3000,"height":1080,"url":"https:\/\/avna.com\/wp-content\/uploads\/2018\/12\/Blue-Background-Treatment11.jpg","type":"image\/jpeg"}],"twitter_card":"summary_large_image","twitter_misc":{"Tiempo de lectura":"2 minutos"},"schema":{"@context":"https:\/\/schema.org","@graph":[{"@type":"WebPage","@id":"https:\/\/avna.com\/es\/about-okay\/industries-served\/","url":"https:\/\/avna.com\/es\/about-okay\/industries-served\/","name":"Servicios de Producci\u00f3n de precisi\u00f3n | AVNA","isPartOf":{"@id":"https:\/\/avna.com\/es\/#website"},"primaryImageOfPage":{"@id":"https:\/\/avna.com\/es\/about-okay\/industries-served\/#primaryimage"},"image":{"@id":"https:\/\/avna.com\/es\/about-okay\/industries-served\/#primaryimage"},"thumbnailUrl":"https:\/\/avna.com\/wp-content\/uploads\/2018\/12\/Blue-Background-Treatment11.jpg","datePublished":"2018-12-13T20:12:17+00:00","dateModified":"2022-09-01T16:41:22+00:00","description":"Sirviendo a la industria m\u00e9dica con manufactura de alta precisi\u00f3n de dispositivos m\u00e9dicos - Conozca c\u00f3mo AVNA puede ayudar a producir dispositivos m\u00e9dicos que son Part of Something Greater.","breadcrumb":{"@id":"https:\/\/avna.com\/es\/about-okay\/industries-served\/#breadcrumb"},"inLanguage":"es","potentialAction":[{"@type":"ReadAction","target":["https:\/\/avna.com\/es\/about-okay\/industries-served\/"]}]},{"@type":"ImageObject","inLanguage":"es","@id":"https:\/\/avna.com\/es\/about-okay\/industries-served\/#primaryimage","url":"https:\/\/avna.com\/wp-content\/uploads\/2018\/12\/Blue-Background-Treatment11.jpg","contentUrl":"https:\/\/avna.com\/wp-content\/uploads\/2018\/12\/Blue-Background-Treatment11.jpg","width":3000,"height":1080},{"@type":"BreadcrumbList","@id":"https:\/\/avna.com\/es\/about-okay\/industries-served\/#breadcrumb","itemListElement":[{"@type":"ListItem","position":1,"name":"Home","item":"https:\/\/avna.com\/es\/"},{"@type":"ListItem","position":2,"name":"SobreAVNA","item":"https:\/\/avna.com\/es\/about-okay\/"},{"@type":"ListItem","position":3,"name":"Industrias atendidas"}]},{"@type":"WebSite","@id":"https:\/\/avna.com\/es\/#website","url":"https:\/\/avna.com\/es\/","name":"AVNA","description":"Innovation Partners for Life","publisher":{"@id":"https:\/\/avna.com\/es\/#organization"},"potentialAction":[{"@type":"SearchAction","target":{"@type":"EntryPoint","urlTemplate":"https:\/\/avna.com\/es\/?s={search_term_string}"},"query-input":{"@type":"PropertyValueSpecification","valueRequired":true,"valueName":"search_term_string"}}],"inLanguage":"es"},{"@type":"Organization","@id":"https:\/\/avna.com\/es\/#organization","name":"AVNA","url":"https:\/\/avna.com\/es\/","logo":{"@type":"ImageObject","inLanguage":"es","@id":"https:\/\/avna.com\/es\/#\/schema\/logo\/image\/","url":"https:\/\/avna.com\/wp-content\/uploads\/2023\/12\/logo-0.png","contentUrl":"https:\/\/avna.com\/wp-content\/uploads\/2023\/12\/logo-0.png","width":387,"height":275,"caption":"AVNA"},"image":{"@id":"https:\/\/avna.com\/es\/#\/schema\/logo\/image\/"}}]}},"_links":{"self":[{"href":"https:\/\/avna.com\/es\/wp-json\/wp\/v2\/pages\/6657","targetHints":{"allow":["GET"]}}],"collection":[{"href":"https:\/\/avna.com\/es\/wp-json\/wp\/v2\/pages"}],"about":[{"href":"https:\/\/avna.com\/es\/wp-json\/wp\/v2\/types\/page"}],"author":[{"embeddable":true,"href":"https:\/\/avna.com\/es\/wp-json\/wp\/v2\/users\/1"}],"replies":[{"embeddable":true,"href":"https:\/\/avna.com\/es\/wp-json\/wp\/v2\/comments?post=6657"}],"version-history":[{"count":11,"href":"https:\/\/avna.com\/es\/wp-json\/wp\/v2\/pages\/6657\/revisions"}],"predecessor-version":[{"id":10669,"href":"https:\/\/avna.com\/es\/wp-json\/wp\/v2\/pages\/6657\/revisions\/10669"}],"up":[{"embeddable":true,"href":"https:\/\/avna.com\/es\/wp-json\/wp\/v2\/pages\/6611"}],"wp:featuredmedia":[{"embeddable":true,"href":"https:\/\/avna.com\/es\/wp-json\/wp\/v2\/media\/6659"}],"wp:attachment":[{"href":"https:\/\/avna.com\/es\/wp-json\/wp\/v2\/media?parent=6657"}],"curies":[{"name":"wp","href":"https:\/\/api.w.org\/{rel}","templated":true}]}}