{"id":6632,"date":"2019-09-09T14:44:48","date_gmt":"2019-09-09T14:44:48","guid":{"rendered":"https:\/\/avna.com\/precision-metal-tube-forming\/"},"modified":"2022-04-20T09:31:30","modified_gmt":"2022-04-20T13:31:30","slug":"precision-metal-tube-forming","status":"publish","type":"page","link":"https:\/\/avna.com\/es\/capabilities\/precision-metal-tube-forming\/","title":{"rendered":"Formaci\u00f3n de tubos met\u00e1licos de precisi\u00f3n"},"content":{"rendered":"\n\n<section class=\"header-block\"><figure class=\"bg\" style=\"background-image: url(https:\/\/avna.com\/wp-content\/uploads\/2018\/12\/Blue-Background-Treatment4.jpg); \"><\/figure><div class=\"section-wrapper\"><div class=\"text-wrapper\"><div class=\"text-background\"><\/div><div class=\"header-image \" style=\"background-image: url(https:\/\/avna.com\/wp-content\/uploads\/2019\/05\/laser-processing-800x800-1.png);\"><\/div><div class=\"header-text\"><h1>FORMACI\u00d3N DE TUBOS MET\u00c1LICOS PARA USO M\u00c9DICO<\/h1>\n<h2 class=\"activate-animation visible\">FORMACI\u00d3N DE TUBOS DE METAL DE PRECISI\u00d3N<\/h2>\n<p><strong>Las capacidades de conformado y estampado de precisi\u00f3n de AVNA  cuentan con controles de inspecci\u00f3n integrados para la fabricaci\u00f3n m\u00e1s avanzada de cierres de tubos de metal.<\/strong><\/p>\n<p>Nuestro proceso cerrado crea cierres de tubos esf\u00e9ricos y el\u00edpticos de una sola pieza con perfiles rectos y acampanados, seg\u00fan los requisitos de la aplicaci\u00f3n. Maximizamos la calidad con un proceso vertical totalmente automatizado que mantiene el di\u00e1metro interno, el di\u00e1metro exterior y el espesor de la pared, adem\u00e1s de integrarse con calidad y tecnolog\u00eda de cumplimiento.<\/p>\n<\/div><\/div><\/div><\/section>\n\n\n<h2 class=\"has-text-align-center\" id=\"mce_19\"> Nueva tecnolog\u00eda para pr\u00e1cticamente todos los requisitos de tubos cerrados. <\/h2>\n\n\n\n<div id=\"metaslider-id-5514\" style=\"width: 100%; margin: 0 auto;\" class=\"ml-slider-3-102-0 metaslider metaslider-flex metaslider-5514 ml-slider has-carousel-mode ml-slider-lightbox-2-12-0 firelight-lightbox-2-3-17 ms-theme-default nav-hidden\" role=\"region\" aria-label=\"Metal Tube Forming\" data-height=\"200\" data-width=\"200\">\n    <div id=\"metaslider_container_5514\">\n        <div id=\"metaslider_5514\">\n            <ul class='slides'>\n                <li style=\"display: none; width: 100%;\" class=\"slide-5520 ms-image \" aria-roledescription=\"slide\" data-date=\"2019-09-24 20:11:01\" data-slide-type=\"image\"><img decoding=\"async\" src=\"https:\/\/avna.com\/wp-content\/uploads\/2019\/09\/tube-forming-3-slider_800px-200x200.jpg\" height=\"200\" width=\"200\" alt=\"\" class=\"slider-5514 slide-5520 msDefaultImage ml-lightbox-enabled\" title=\"tube-forming-3-slider_800px\" \/><\/li>\n                <li style=\"display: none; width: 100%;\" class=\"slide-5523 ms-image \" aria-roledescription=\"slide\" data-date=\"2019-09-24 20:11:01\" data-slide-type=\"image\"><img decoding=\"async\" src=\"https:\/\/avna.com\/wp-content\/uploads\/2019\/09\/tube-forming-1-slider_800px-200x200.jpg\" height=\"200\" width=\"200\" alt=\"\" class=\"slider-5514 slide-5523 msDefaultImage ml-lightbox-enabled\" title=\"tube-forming-1-slider_800px\" \/><\/li>\n                <li style=\"display: none; width: 100%;\" class=\"slide-5521 ms-image \" aria-roledescription=\"slide\" data-date=\"2019-09-24 20:11:01\" data-slide-type=\"image\"><img decoding=\"async\" src=\"https:\/\/avna.com\/wp-content\/uploads\/2019\/09\/tube-forming-4-slider_800px-200x200.jpg\" height=\"200\" width=\"200\" alt=\"\" class=\"slider-5514 slide-5521 msDefaultImage ml-lightbox-enabled\" title=\"tube-forming-4-slider_800px\" \/><\/li>\n                <li style=\"display: none; width: 100%;\" class=\"slide-5524 ms-image \" aria-roledescription=\"slide\" data-date=\"2019-09-24 20:11:01\" data-slide-type=\"image\"><img decoding=\"async\" src=\"https:\/\/avna.com\/wp-content\/uploads\/2019\/09\/tube-forming-2-slider_800px-200x200.jpg\" height=\"200\" width=\"200\" alt=\"\" class=\"slider-5514 slide-5524 msDefaultImage ml-lightbox-enabled\" title=\"tube-forming-2-slider_800px\" \/><\/li>\n                <li style=\"display: none; width: 100%;\" class=\"slide-5522 ms-image \" aria-roledescription=\"slide\" data-date=\"2019-09-24 20:11:01\" data-slide-type=\"image\"><img decoding=\"async\" src=\"https:\/\/avna.com\/wp-content\/uploads\/2019\/09\/tube-forming-5-slider_800px-200x200.jpg\" height=\"200\" width=\"200\" alt=\"\" class=\"slider-5514 slide-5522 msDefaultImage ml-lightbox-enabled\" title=\"tube-forming-5-slider_800px\" \/><\/li>\n            <\/ul>\n        <\/div>\n        \n    <\/div>\n<\/div><\/br>\n\n\n\n<section class=\"wp-block-smart-section-section light-blue-background\"><div class=\"section-wrapper\">\n<div class=\"wp-block-columns has-2-columns okay-2col-table is-layout-flex wp-container-core-columns-is-layout-9d6595d7 wp-block-columns-is-layout-flex\">\n<div class=\"wp-block-column okay-2col-left is-layout-flow wp-block-column-is-layout-flow\">\n<p>AVNA  es un innovador constante, y nuestro conformado y estampado de precisi\u00f3n de tubos met\u00e1licos no es una excepci\u00f3n. Con nuestras capacidades integradas de producci\u00f3n y experiencia en ingenier\u00eda, podemos desarrollar y producir sus componentes m\u00e9dicos personalizados de principio a fin, manejando todos los aspectos de la producci\u00f3n, incluyendo:<\/p>\n\n\n\n<ul class=\"wp-block-list\"><li>Tecnolog\u00eda L\u00e1ser Swiss con cierre final totalmente homogeneizado de una sola pasada<\/li><li>Estrategias de herramientas que permiten una amplia gama de tama\u00f1os de productos.<\/li><li>Acabado de los extremos esf\u00e9ricos y el\u00edpticos.<\/li><li>Tolerancias de perfil tan ajustadas como .0005 \u201d- .0010\u201d (0.0127mm &#8211; 0.0254mm) TIR<\/li><li>Bordes de precisi\u00f3n y dientes : fabricados con tecnolog\u00edas propias.<\/li><li>Cumplimiento a medida para cumplir con la complejidad de las&nbsp; geometr\u00edas de las piezas de hoy<\/li><\/ul>\n\n\n\n<h4 class=\"wp-block-heading\">Proceso de tubo \u00fanico. Muchos beneficios.<\/h4>\n\n\n\n<p>Nuestra revolucionaria formaci\u00f3n de tubos de metal proporciona soluciones que llevan sus dispositivos m\u00e9dicos al siguiente nivel. El proceso de tubo \u00fanico de AVNA  garantiza la concentricidad, la uniformidad y la consistencia de una parte a otra. Nuestros flujos de trabajo simplificados reducen las operaciones secundarias, al tiempo que mejoran la calidad y reducen los costos. Independientemente del requisito de fabricaci\u00f3n que tenga, estamos equipados con las \u00faltimas innovaciones para superar sus expectativas, tales como:<\/p>\n\n\n\n<ul class=\"wp-block-list\"><li>Formado de tubos utilizando sensores integrados e inspecci\u00f3n integrada para garantizar la forma, el ajuste y la funci\u00f3n<\/li><li>Mantenimiento del espesor de la pared, cilindricidad e integridad general del tubo.<\/li><li>Soluciones de estampado que se adaptan a una amplia gama de tama\u00f1os de tubos.<\/li><li>Menor costo, alta precisi\u00f3n y acabados superiores en comparaci\u00f3n con las t\u00e9cnicas est\u00e1ndar de acabado posterior.<\/li><li>El ajuste controlado de la pieza maximiza la eficiencia de corte y permite mayores RPM del dispositivo<\/li><li>Formas de dientes complejas y repetibles para minimizar las fuerzas de corte.<\/li><\/ul>\n\n\n\n<p>Los procesos son ideales para conjuntos de tubos de acoplamiento interno y externo de m\u00faltiples componentes, o cualquier otro dispositivo m\u00e9dico basado en tubos.<\/p>\n<\/div>\n\n\n\n<div class=\"wp-block-column okay-2col-right is-layout-flow wp-block-column-is-layout-flow\">\n<section class=\"wp-block-smart-section-section callout margin-none\"><div class=\"section-wrapper\">\n<div class=\"wp-block-image padding-bottom-none\"><figure class=\"aligncenter is-resized\"><a href=\"https:\/\/avna.com\/es\/design-support-and-development\/nextech-labs\/\"><img decoding=\"async\" src=\"https:\/\/avna.com\/wp-content\/uploads\/2019\/02\/nextech_labs_600x240.png\" alt=\"\" class=\"wp-image-3264\" width=\"253\" height=\"101\" srcset=\"https:\/\/avna.com\/wp-content\/uploads\/2019\/02\/nextech_labs_600x240.png 600w, https:\/\/avna.com\/wp-content\/uploads\/2019\/02\/nextech_labs_600x240-300x120.png 300w, https:\/\/avna.com\/wp-content\/uploads\/2019\/02\/nextech_labs_600x240-100x40.png 100w, https:\/\/avna.com\/wp-content\/uploads\/2019\/02\/nextech_labs_600x240-200x80.png 200w, https:\/\/avna.com\/wp-content\/uploads\/2019\/02\/nextech_labs_600x240-400x160.png 400w\" sizes=\"(max-width: 253px) 100vw, 253px\" \/><\/a><\/figure><\/div>\n\n\n\n<p class=\"has-text-align-center padding-left-right\" style=\"font-size:13px\">Equipo dedicado, personal y recursos que lo llevan al mercado m\u00e1s r\u00e1pido. <a href=\"https:\/\/avna.com\/es\/design-support-and-development\/nextech-labs\/\">Conoce m\u00e1s.<\/a><\/p>\n\n\n\n<div class=\"wp-block-image padding-left-right margin-none\"><figure class=\"aligncenter\"><a href=\"https:\/\/avna.com\/es\/design-support-and-development\/nextech-labs\/\"><img decoding=\"async\" width=\"375\" height=\"342\" src=\"https:\/\/avna.com\/wp-content\/uploads\/2019\/03\/callout-box-layered-edit-ES.png\" alt=\"\" class=\"wp-image-7116\" srcset=\"https:\/\/avna.com\/wp-content\/uploads\/2019\/03\/callout-box-layered-edit-ES.png 375w, https:\/\/avna.com\/wp-content\/uploads\/2019\/03\/callout-box-layered-edit-ES-300x274.png 300w, https:\/\/avna.com\/wp-content\/uploads\/2019\/03\/callout-box-layered-edit-ES-100x91.png 100w, https:\/\/avna.com\/wp-content\/uploads\/2019\/03\/callout-box-layered-edit-ES-200x182.png 200w\" sizes=\"(max-width: 375px) 100vw, 375px\" \/><\/a><\/figure><\/div>\n<\/div><\/section>\n<\/div>\n<\/div>\n\n\n\n<div class=\"wp-block-media-text alignwide has-media-on-the-right is-stacked-on-mobile callout-image cta-it\"><figure class=\"wp-block-media-text__media\"><img decoding=\"async\" width=\"595\" height=\"491\" src=\"https:\/\/avna.com\/wp-content\/uploads\/2019\/09\/Swiss-Laser-1-crop.jpg\" alt=\"\" class=\"wp-image-5536 size-full\" srcset=\"https:\/\/avna.com\/wp-content\/uploads\/2019\/09\/Swiss-Laser-1-crop.jpg 595w, https:\/\/avna.com\/wp-content\/uploads\/2019\/09\/Swiss-Laser-1-crop-300x248.jpg 300w, https:\/\/avna.com\/wp-content\/uploads\/2019\/09\/Swiss-Laser-1-crop-100x83.jpg 100w, https:\/\/avna.com\/wp-content\/uploads\/2019\/09\/Swiss-Laser-1-crop-200x165.jpg 200w, https:\/\/avna.com\/wp-content\/uploads\/2019\/09\/Swiss-Laser-1-crop-400x330.jpg 400w\" sizes=\"(max-width: 595px) 100vw, 595px\" \/><\/figure><div class=\"wp-block-media-text__content\">\n<h3 class=\"wp-block-heading\">Conformado y estampado de precisi\u00f3n de tubos de metal que es <em>Part of something Greater<\/em><\/h3>\n\n\n\n<p class=\"has-regular-font-size\">AVNA  se dedica a ofrecer a las empresas de dispositivos m\u00e9dicos procesos y tecnolog\u00edas de vanguardia patentados, todos desarrollados internamente. Nuestras capacidades de conformado y estampado de precisi\u00f3n de tubos met\u00e1licos crean una innovaci\u00f3n de producci\u00f3n m\u00e1s para completar su proyecto, m\u00e1s r\u00e1pido.<\/p>\n\n\n\n<p><a href=\"https:\/\/avna.com\/contact-us\/?lang=es\">Cont\u00e1ctenos<\/a> o programe una cita en nuestros <a href=\"https:\/\/avna.com\/design-support-and-development\/nextech-labs\/?lang=es\">Laboratorios NexTech<\/a> y descubra c\u00f3mo nuestra colaboraci\u00f3n centrada en el cliente mejorar\u00e1 los resultados en su pr\u00f3ximo proyecto.<\/p>\n<\/div><\/div>\n<\/div><\/section>\n","protected":false},"excerpt":{"rendered":"<p>Nueva tecnolog\u00eda para pr\u00e1cticamente todos los requisitos de tubos cerrados.<\/p>\n","protected":false},"author":10,"featured_media":6634,"parent":6719,"menu_order":6,"comment_status":"closed","ping_status":"closed","template":"","meta":{"_acf_changed":false,"_yoast_wpseo_title":"Precisi\u00f3n de conformado de tubos de metal, estampado | AVNA ","_yoast_wpseo_metadesc":"Nuestro proceso de conformado y estampado de precisi\u00f3n de tubos met\u00e1licos proporciona soluciones innovadoras para dispositivos m\u00e9dicos avanzados.","_metasync_otto_title":"","_metasync_otto_description":"","rank_math_title":"","rank_math_description":"","footnotes":""},"class_list":["post-6632","page","type-page","status-publish","has-post-thumbnail","hentry"],"acf":[],"yoast_head":"<!-- This site is optimized with the Yoast SEO Premium plugin v20.12 (Yoast SEO v25.4) - https:\/\/yoast.com\/wordpress\/plugins\/seo\/ -->\n<title>Precisi\u00f3n de conformado de tubos de metal, estampado | AVNA<\/title>\n<meta name=\"description\" content=\"Nuestro proceso de conformado y estampado de precisi\u00f3n de tubos met\u00e1licos proporciona soluciones innovadoras para dispositivos m\u00e9dicos avanzados.\" \/>\n<meta name=\"robots\" content=\"index, follow, max-snippet:-1, max-image-preview:large, max-video-preview:-1\" \/>\n<link rel=\"canonical\" href=\"https:\/\/avna.com\/es\/capabilities\/precision-metal-tube-forming\/\" \/>\n<meta property=\"og:locale\" content=\"es_ES\" \/>\n<meta property=\"og:type\" content=\"article\" \/>\n<meta property=\"og:title\" content=\"Formaci\u00f3n de tubos met\u00e1licos de precisi\u00f3n\" \/>\n<meta property=\"og:description\" content=\"Nuestro proceso de conformado y estampado de precisi\u00f3n de tubos met\u00e1licos proporciona soluciones innovadoras para dispositivos m\u00e9dicos avanzados.\" \/>\n<meta property=\"og:url\" content=\"https:\/\/avna.com\/es\/capabilities\/precision-metal-tube-forming\/\" \/>\n<meta property=\"og:site_name\" content=\"AVNA\" \/>\n<meta property=\"article:modified_time\" content=\"2022-04-20T13:31:30+00:00\" \/>\n<meta property=\"og:image\" content=\"https:\/\/avna.com\/wp-content\/uploads\/2018\/12\/Blue-Background-Treatment4.jpg\" \/>\n\t<meta property=\"og:image:width\" content=\"3000\" \/>\n\t<meta property=\"og:image:height\" content=\"1080\" \/>\n\t<meta property=\"og:image:type\" content=\"image\/jpeg\" \/>\n<meta name=\"twitter:card\" content=\"summary_large_image\" \/>\n<meta name=\"twitter:label1\" content=\"Tiempo de lectura\" \/>\n\t<meta name=\"twitter:data1\" content=\"2 minutos\" \/>\n<script type=\"application\/ld+json\" class=\"yoast-schema-graph\">{\"@context\":\"https:\/\/schema.org\",\"@graph\":[{\"@type\":\"WebPage\",\"@id\":\"https:\/\/avna.com\/es\/capabilities\/precision-metal-tube-forming\/\",\"url\":\"https:\/\/avna.com\/es\/capabilities\/precision-metal-tube-forming\/\",\"name\":\"Precisi\u00f3n de conformado de tubos de metal, estampado | AVNA\",\"isPartOf\":{\"@id\":\"https:\/\/avna.com\/es\/#website\"},\"primaryImageOfPage\":{\"@id\":\"https:\/\/avna.com\/es\/capabilities\/precision-metal-tube-forming\/#primaryimage\"},\"image\":{\"@id\":\"https:\/\/avna.com\/es\/capabilities\/precision-metal-tube-forming\/#primaryimage\"},\"thumbnailUrl\":\"https:\/\/avna.com\/wp-content\/uploads\/2018\/12\/Blue-Background-Treatment4.jpg\",\"datePublished\":\"2019-09-09T14:44:48+00:00\",\"dateModified\":\"2022-04-20T13:31:30+00:00\",\"description\":\"Nuestro proceso de conformado y estampado de precisi\u00f3n de tubos met\u00e1licos proporciona soluciones innovadoras para dispositivos m\u00e9dicos avanzados.\",\"breadcrumb\":{\"@id\":\"https:\/\/avna.com\/es\/capabilities\/precision-metal-tube-forming\/#breadcrumb\"},\"inLanguage\":\"es\",\"potentialAction\":[{\"@type\":\"ReadAction\",\"target\":[\"https:\/\/avna.com\/es\/capabilities\/precision-metal-tube-forming\/\"]}]},{\"@type\":\"ImageObject\",\"inLanguage\":\"es\",\"@id\":\"https:\/\/avna.com\/es\/capabilities\/precision-metal-tube-forming\/#primaryimage\",\"url\":\"https:\/\/avna.com\/wp-content\/uploads\/2018\/12\/Blue-Background-Treatment4.jpg\",\"contentUrl\":\"https:\/\/avna.com\/wp-content\/uploads\/2018\/12\/Blue-Background-Treatment4.jpg\",\"width\":3000,\"height\":1080},{\"@type\":\"BreadcrumbList\",\"@id\":\"https:\/\/avna.com\/es\/capabilities\/precision-metal-tube-forming\/#breadcrumb\",\"itemListElement\":[{\"@type\":\"ListItem\",\"position\":1,\"name\":\"Home\",\"item\":\"https:\/\/avna.com\/es\/\"},{\"@type\":\"ListItem\",\"position\":2,\"name\":\"Capacidades\",\"item\":\"https:\/\/avna.com\/es\/capabilities\/\"},{\"@type\":\"ListItem\",\"position\":3,\"name\":\"Formaci\u00f3n de tubos met\u00e1licos de precisi\u00f3n\"}]},{\"@type\":\"WebSite\",\"@id\":\"https:\/\/avna.com\/es\/#website\",\"url\":\"https:\/\/avna.com\/es\/\",\"name\":\"AVNA\",\"description\":\"Innovation Partners for Life\",\"publisher\":{\"@id\":\"https:\/\/avna.com\/es\/#organization\"},\"potentialAction\":[{\"@type\":\"SearchAction\",\"target\":{\"@type\":\"EntryPoint\",\"urlTemplate\":\"https:\/\/avna.com\/es\/?s={search_term_string}\"},\"query-input\":{\"@type\":\"PropertyValueSpecification\",\"valueRequired\":true,\"valueName\":\"search_term_string\"}}],\"inLanguage\":\"es\"},{\"@type\":\"Organization\",\"@id\":\"https:\/\/avna.com\/es\/#organization\",\"name\":\"AVNA\",\"url\":\"https:\/\/avna.com\/es\/\",\"logo\":{\"@type\":\"ImageObject\",\"inLanguage\":\"es\",\"@id\":\"https:\/\/avna.com\/es\/#\/schema\/logo\/image\/\",\"url\":\"https:\/\/avna.com\/wp-content\/uploads\/2023\/12\/logo-0.png\",\"contentUrl\":\"https:\/\/avna.com\/wp-content\/uploads\/2023\/12\/logo-0.png\",\"width\":387,\"height\":275,\"caption\":\"AVNA\"},\"image\":{\"@id\":\"https:\/\/avna.com\/es\/#\/schema\/logo\/image\/\"}}]}<\/script>\n<!-- \/ Yoast SEO Premium plugin. -->","yoast_head_json":{"title":"Precisi\u00f3n de conformado de tubos de metal, estampado | AVNA","description":"Nuestro proceso de conformado y estampado de precisi\u00f3n de tubos met\u00e1licos proporciona soluciones innovadoras para dispositivos m\u00e9dicos avanzados.","robots":{"index":"index","follow":"follow","max-snippet":"max-snippet:-1","max-image-preview":"max-image-preview:large","max-video-preview":"max-video-preview:-1"},"canonical":"https:\/\/avna.com\/es\/capabilities\/precision-metal-tube-forming\/","og_locale":"es_ES","og_type":"article","og_title":"Formaci\u00f3n de tubos met\u00e1licos de precisi\u00f3n","og_description":"Nuestro proceso de conformado y estampado de precisi\u00f3n de tubos met\u00e1licos proporciona soluciones innovadoras para dispositivos m\u00e9dicos avanzados.","og_url":"https:\/\/avna.com\/es\/capabilities\/precision-metal-tube-forming\/","og_site_name":"AVNA","article_modified_time":"2022-04-20T13:31:30+00:00","og_image":[{"width":3000,"height":1080,"url":"https:\/\/avna.com\/wp-content\/uploads\/2018\/12\/Blue-Background-Treatment4.jpg","type":"image\/jpeg"}],"twitter_card":"summary_large_image","twitter_misc":{"Tiempo de lectura":"2 minutos"},"schema":{"@context":"https:\/\/schema.org","@graph":[{"@type":"WebPage","@id":"https:\/\/avna.com\/es\/capabilities\/precision-metal-tube-forming\/","url":"https:\/\/avna.com\/es\/capabilities\/precision-metal-tube-forming\/","name":"Precisi\u00f3n de conformado de tubos de metal, estampado | AVNA","isPartOf":{"@id":"https:\/\/avna.com\/es\/#website"},"primaryImageOfPage":{"@id":"https:\/\/avna.com\/es\/capabilities\/precision-metal-tube-forming\/#primaryimage"},"image":{"@id":"https:\/\/avna.com\/es\/capabilities\/precision-metal-tube-forming\/#primaryimage"},"thumbnailUrl":"https:\/\/avna.com\/wp-content\/uploads\/2018\/12\/Blue-Background-Treatment4.jpg","datePublished":"2019-09-09T14:44:48+00:00","dateModified":"2022-04-20T13:31:30+00:00","description":"Nuestro proceso de conformado y estampado de precisi\u00f3n de tubos met\u00e1licos proporciona soluciones innovadoras para dispositivos m\u00e9dicos avanzados.","breadcrumb":{"@id":"https:\/\/avna.com\/es\/capabilities\/precision-metal-tube-forming\/#breadcrumb"},"inLanguage":"es","potentialAction":[{"@type":"ReadAction","target":["https:\/\/avna.com\/es\/capabilities\/precision-metal-tube-forming\/"]}]},{"@type":"ImageObject","inLanguage":"es","@id":"https:\/\/avna.com\/es\/capabilities\/precision-metal-tube-forming\/#primaryimage","url":"https:\/\/avna.com\/wp-content\/uploads\/2018\/12\/Blue-Background-Treatment4.jpg","contentUrl":"https:\/\/avna.com\/wp-content\/uploads\/2018\/12\/Blue-Background-Treatment4.jpg","width":3000,"height":1080},{"@type":"BreadcrumbList","@id":"https:\/\/avna.com\/es\/capabilities\/precision-metal-tube-forming\/#breadcrumb","itemListElement":[{"@type":"ListItem","position":1,"name":"Home","item":"https:\/\/avna.com\/es\/"},{"@type":"ListItem","position":2,"name":"Capacidades","item":"https:\/\/avna.com\/es\/capabilities\/"},{"@type":"ListItem","position":3,"name":"Formaci\u00f3n de tubos met\u00e1licos de precisi\u00f3n"}]},{"@type":"WebSite","@id":"https:\/\/avna.com\/es\/#website","url":"https:\/\/avna.com\/es\/","name":"AVNA","description":"Innovation Partners for Life","publisher":{"@id":"https:\/\/avna.com\/es\/#organization"},"potentialAction":[{"@type":"SearchAction","target":{"@type":"EntryPoint","urlTemplate":"https:\/\/avna.com\/es\/?s={search_term_string}"},"query-input":{"@type":"PropertyValueSpecification","valueRequired":true,"valueName":"search_term_string"}}],"inLanguage":"es"},{"@type":"Organization","@id":"https:\/\/avna.com\/es\/#organization","name":"AVNA","url":"https:\/\/avna.com\/es\/","logo":{"@type":"ImageObject","inLanguage":"es","@id":"https:\/\/avna.com\/es\/#\/schema\/logo\/image\/","url":"https:\/\/avna.com\/wp-content\/uploads\/2023\/12\/logo-0.png","contentUrl":"https:\/\/avna.com\/wp-content\/uploads\/2023\/12\/logo-0.png","width":387,"height":275,"caption":"AVNA"},"image":{"@id":"https:\/\/avna.com\/es\/#\/schema\/logo\/image\/"}}]}},"_links":{"self":[{"href":"https:\/\/avna.com\/es\/wp-json\/wp\/v2\/pages\/6632","targetHints":{"allow":["GET"]}}],"collection":[{"href":"https:\/\/avna.com\/es\/wp-json\/wp\/v2\/pages"}],"about":[{"href":"https:\/\/avna.com\/es\/wp-json\/wp\/v2\/types\/page"}],"author":[{"embeddable":true,"href":"https:\/\/avna.com\/es\/wp-json\/wp\/v2\/users\/10"}],"replies":[{"embeddable":true,"href":"https:\/\/avna.com\/es\/wp-json\/wp\/v2\/comments?post=6632"}],"version-history":[{"count":17,"href":"https:\/\/avna.com\/es\/wp-json\/wp\/v2\/pages\/6632\/revisions"}],"predecessor-version":[{"id":10043,"href":"https:\/\/avna.com\/es\/wp-json\/wp\/v2\/pages\/6632\/revisions\/10043"}],"up":[{"embeddable":true,"href":"https:\/\/avna.com\/es\/wp-json\/wp\/v2\/pages\/6719"}],"wp:featuredmedia":[{"embeddable":true,"href":"https:\/\/avna.com\/es\/wp-json\/wp\/v2\/media\/6634"}],"wp:attachment":[{"href":"https:\/\/avna.com\/es\/wp-json\/wp\/v2\/media?parent=6632"}],"curies":[{"name":"wp","href":"https:\/\/api.w.org\/{rel}","templated":true}]}}