{"id":10444,"date":"2022-07-13T14:38:22","date_gmt":"2022-07-13T18:38:22","guid":{"rendered":"https:\/\/avna.com\/?page_id=10444"},"modified":"2022-07-14T16:22:18","modified_gmt":"2022-07-14T20:22:18","slug":"medical-contract-manufacturing-services","status":"publish","type":"page","link":"https:\/\/avna.com\/es\/quality\/medical-contract-manufacturing-services\/","title":{"rendered":"Medical Contract Manufacturing Services"},"content":{"rendered":"\n\n<section class=\"header-block\"><figure class=\"bg\" style=\"background-image: url(https:\/\/avna.com\/wp-content\/uploads\/2018\/12\/Blue-Background-Treatment1.jpg); \"><\/figure><div class=\"section-wrapper\"><div class=\"text-wrapper\"><div class=\"text-background\"><\/div><div class=\"header-image \" style=\"background-image: url(https:\/\/avna.com\/wp-content\/uploads\/2021\/10\/Titanium-Cap_800px.png);\"><\/div><div class=\"header-text\"><h1>FABRICACI\u00d3N POR CONTRATO DE SERVICIOS M\u00c9DICOS<\/h1>\n<h2>Fabricaci\u00f3n de Componentes M\u00e9dicos<\/h2>\n<p><strong>AVNA  provee servicios de manufactura para la industria m\u00e9dica que son reconocidos en todo el mundo por su fiabilidad, cumplimiento y calidad. Ayudamos a los fabricantes de dispositivos m\u00e9dicos a resolver los complejos retos de manufactura y ensamble desde el dise\u00f1o, permiti\u00e9ndole llegar al mercado de forma m\u00e1s r\u00e1pida.<\/strong><\/p>\n<p>Estableciendo el est\u00e1ndar de la industria para la excelencia en la manufactura, nuestros equipos de ingenier\u00eda multidisciplinarios y enfocados n el cliente trabajan juntos para optimizar los procesos, la producci\u00f3n de componentes, el montaje y rendimiento de los mismos.<\/p>\n<\/div><\/div><\/div><\/section>\n\n\n<section class=\"wp-block-smart-section-section white-background\"><div class=\"section-wrapper\">\n<h2 class=\"has-text-align-center wp-block-heading\" id=\"mce_19\"> <strong>Servicios de Manufactura de Componentes para la Industria M\u00e9dica, AVNA el aliado de confianza para las OEM.<\/strong>  <\/h2>\n\n\n\n<p>Con tres ubicaciones en los Estados Unidos y Costa Rica, AVNA ofrece m\u00e1s de 190.000 pies cuadrados de espacio de manufactura para producir piezas y ensambles de la m\u00e1s alta calidad, entregando los pedidos a tiempo y con costos \u00f3ptimos. La experiencia en ingenier\u00eda y brindar soluciones orientadas a la innovaci\u00f3n est\u00e1n en cada aspecto de nuestros servicios de manufactura en el sector m\u00e9dico.<\/p>\n<\/div><\/section>\n\n\n\n<section class=\"wp-block-smart-section-section\"><div class=\"section-wrapper\">\n<div class=\"wp-block-columns has-2-columns okay-2col-table is-layout-flex wp-container-core-columns-is-layout-9d6595d7 wp-block-columns-is-layout-flex\">\n<div class=\"wp-block-column okay-2col-left is-layout-flow wp-block-column-is-layout-flow\">\n<p>AVNA ofrece la manufactura de componentes de precisi\u00f3n para dispositivos m\u00e9dicos en aplicaciones que incluyen<\/p>\n\n\n\n<ul class=\"wp-block-list\"><li>Dispositivos implantables card\u00edacos y neuroestimuladores \u202f&nbsp;<\/li><li>Componentes y conjuntos de instrumentos laparosc\u00f3picos, endosc\u00f3picos, artrosc\u00f3picos y de ligadura\u202f<\/li><li>Grapas de acero inoxidable y titanio\u202f<\/li><li>Componentes de grapado quir\u00fargico, hojas\/cuchillas de corte y tijeras\u202f<\/li><\/ul>\n\n\n\n<p>Con una colaboraci\u00f3n personalizada con el cliente, nuestro equipo de <a href=\"https:\/\/avna.com\/es\/design-support-and-development\/nextech-labs\/\">NexTech Labs<\/a> est\u00e1 preparado para trabajar con usted para revisar las necesidades de su proyecto y desarrollar procesos y soluciones de prototipos que le preparen para la producci\u00f3n a gran escala. Tambi\u00e9n ofrecemos un <a href=\"https:\/\/avna.com\/es\/design-support-and-development\/design-for-manufacturability\/\">dise\u00f1o experto para la fabricaci\u00f3n<\/a> y la <a href=\"https:\/\/avna.com\/es\/design-support-and-development\/partners-not-just-project-management\/\">gesti\u00f3n de proyectos<\/a>. Nuestros expertos est\u00e1n disponibles para apoyarle en cada paso del proceso de dise\u00f1o, desarrollo y producci\u00f3n.<\/p>\n\n\n\n<p>Ofrecemos procesos y tecnolog\u00edas propias de \u00faltima generaci\u00f3n, que proporcionan un nivel de calidad y cumplimiento inigualable en el sector, como se muestra en las siguientes fotos.<\/p>\n\n\n\n<figure class=\"wp-block-image size-full\"><img decoding=\"async\" src=\"https:\/\/avna.com\/wp-content\/uploads\/2022\/07\/OKAYgroup-cross-3-es.png\" alt=\"\" class=\"wp-image-10157\"\/><\/figure>\n\n\n\n<p>Obtenga m\u00e1s informaci\u00f3n sobre nuestras capacidades de manufactura avanzadas, incluyendo:<\/p>\n\n\n\n<ul class=\"wp-block-list\"><li><a href=\"https:\/\/avna.com\/es\/capabilities\/laser-processing\/\">Tecnolog\u00eda l\u00e1ser<\/a>, <a href=\"https:\/\/avna.com\/es\/capabilities\/medical-laser-welding\/\">soldadura l\u00e1ser<\/a> y <a href=\"https:\/\/avna.com\/es\/capabilities\/medical-laser-welding\/\">marcado l\u00e1ser\u202f<\/a><\/li><li><a href=\"https:\/\/avna.com\/capabilities\/stampings-milling\/\"><\/a><a href=\"https:\/\/avna.com\/es\/capabilities\/stampings-milling\/\">estampado y mecanizado\u202f<\/a><\/li><li><a href=\"https:\/\/avna.com\/es\/capabilities\/plastic-injection-molding\/\">sobremoldeado de pl\u00e1stico<\/a><\/li><li><a href=\"https:\/\/avna.com\/es\/capabilities\/precision-metal-tube-forming\/\">formado de tubos de metal<\/a><\/li><li><a href=\"https:\/\/avna.com\/es\/capabilities\/swiss-turning-and-accu-laserswiss\/\">torneado suizo y l\u00e1serSwiss<\/a><\/li><li><a href=\"https:\/\/avna.com\/es\/capabilities\/assemblies\/\">operaciones de montaje<\/a> y <a href=\"https:\/\/avna.com\/es\/capabilities\/secondary-operations\/\">acabado<\/a><\/li><li>y mucho m\u00e1s.<\/li><\/ul>\n<\/div>\n\n\n\n<div class=\"wp-block-column okay-2col-right is-layout-flow wp-block-column-is-layout-flow\">\n<section class=\"wp-block-smart-section-section callout margin-none\"><div class=\"section-wrapper\">\n<div class=\"wp-block-image padding-bottom-none\"><figure class=\"aligncenter is-resized\"><a href=\"https:\/\/avna.com\/es\/design-support-and-development\/nextech-labs\/\"><img decoding=\"async\" src=\"https:\/\/avna.com\/wp-content\/uploads\/2019\/02\/nextech_labs_600x240.png\" alt=\"\" class=\"wp-image-3264\" width=\"253\" height=\"101\" srcset=\"https:\/\/avna.com\/wp-content\/uploads\/2019\/02\/nextech_labs_600x240.png 600w, https:\/\/avna.com\/wp-content\/uploads\/2019\/02\/nextech_labs_600x240-300x120.png 300w, https:\/\/avna.com\/wp-content\/uploads\/2019\/02\/nextech_labs_600x240-100x40.png 100w, https:\/\/avna.com\/wp-content\/uploads\/2019\/02\/nextech_labs_600x240-200x80.png 200w, https:\/\/avna.com\/wp-content\/uploads\/2019\/02\/nextech_labs_600x240-400x160.png 400w\" sizes=\"(max-width: 253px) 100vw, 253px\" \/><\/a><\/figure><\/div>\n\n\n\n<p class=\"has-text-align-center padding-left-right\" style=\"font-size:13px\">Equipo dedicado, personal y recursos que lo llevan al mercado m\u00e1s r\u00e1pido. <a href=\"https:\/\/avna.com\/es\/design-support-and-development\/nextech-labs\/\">Conoce m\u00e1s.<\/a><\/p>\n\n\n\n<div class=\"wp-block-image padding-left-right margin-none\"><figure class=\"aligncenter\"><a href=\"https:\/\/avna.com\/es\/design-support-and-development\/nextech-labs\/\"><img decoding=\"async\" width=\"375\" height=\"342\" src=\"https:\/\/avna.com\/wp-content\/uploads\/2019\/03\/callout-box-layered-edit-ES.png\" alt=\"\" class=\"wp-image-7116\" srcset=\"https:\/\/avna.com\/wp-content\/uploads\/2019\/03\/callout-box-layered-edit-ES.png 375w, https:\/\/avna.com\/wp-content\/uploads\/2019\/03\/callout-box-layered-edit-ES-300x274.png 300w, https:\/\/avna.com\/wp-content\/uploads\/2019\/03\/callout-box-layered-edit-ES-100x91.png 100w, https:\/\/avna.com\/wp-content\/uploads\/2019\/03\/callout-box-layered-edit-ES-200x182.png 200w\" sizes=\"(max-width: 375px) 100vw, 375px\" \/><\/a><\/figure><\/div>\n<\/div><\/section>\n\n\n\n<div class=\"wp-block-image padding-top\"><figure class=\"aligncenter\"><img decoding=\"async\" width=\"400\" height=\"400\" src=\"https:\/\/avna.com\/wp-content\/uploads\/2019\/09\/okay-stampingsidebar-400x400.jpg\" alt=\"\" class=\"wp-image-5330\" srcset=\"https:\/\/avna.com\/wp-content\/uploads\/2019\/09\/okay-stampingsidebar-400x400.jpg 400w, https:\/\/avna.com\/wp-content\/uploads\/2019\/09\/okay-stampingsidebar-400x400-150x150.jpg 150w, https:\/\/avna.com\/wp-content\/uploads\/2019\/09\/okay-stampingsidebar-400x400-300x300.jpg 300w, https:\/\/avna.com\/wp-content\/uploads\/2019\/09\/okay-stampingsidebar-400x400-100x100.jpg 100w, https:\/\/avna.com\/wp-content\/uploads\/2019\/09\/okay-stampingsidebar-400x400-200x200.jpg 200w\" sizes=\"(max-width: 400px) 100vw, 400px\" \/><\/figure><\/div>\n<\/div>\n<\/div>\n\n\n\n<div class=\"wp-block-media-text alignwide has-media-on-the-right is-stacked-on-mobile callout-image cta-it\" style=\"grid-template-columns:auto 48%\"><figure class=\"wp-block-media-text__media\"><img decoding=\"async\" width=\"800\" height=\"659\" src=\"https:\/\/avna.com\/wp-content\/uploads\/2019\/09\/OKAY-INDUSTRIES-steve-5787.jpg\" alt=\"AVNA  provides the best precision medical stamping solutions\" class=\"wp-image-5335 size-full\" srcset=\"https:\/\/avna.com\/wp-content\/uploads\/2019\/09\/OKAY-INDUSTRIES-steve-5787.jpg 800w, https:\/\/avna.com\/wp-content\/uploads\/2019\/09\/OKAY-INDUSTRIES-steve-5787-300x247.jpg 300w, https:\/\/avna.com\/wp-content\/uploads\/2019\/09\/OKAY-INDUSTRIES-steve-5787-768x633.jpg 768w, https:\/\/avna.com\/wp-content\/uploads\/2019\/09\/OKAY-INDUSTRIES-steve-5787-100x82.jpg 100w, https:\/\/avna.com\/wp-content\/uploads\/2019\/09\/OKAY-INDUSTRIES-steve-5787-200x165.jpg 200w, https:\/\/avna.com\/wp-content\/uploads\/2019\/09\/OKAY-INDUSTRIES-steve-5787-400x330.jpg 400w, https:\/\/avna.com\/wp-content\/uploads\/2019\/09\/OKAY-INDUSTRIES-steve-5787-600x494.jpg 600w\" sizes=\"(max-width: 800px) 100vw, 800px\" \/><\/figure><div class=\"wp-block-media-text__content\">\n<h3 class=\"wp-block-heading\"><strong>Manufactura de componentes para industria m\u00e9dica <em>Part of Something Greater<\/em><\/strong><\/h3>\n\n\n\n<p class=\"has-regular-font-size\">Con la garant\u00eda de calidad total, los mayores fabricantes de equipos originales del mundo conf\u00edan en AVNA como socio estrat\u00e9gico. Nuestras capacidades y servicios integrados le llevar\u00e1n desde el concepto hasta el componente de manera m\u00e1s eficiente y precisa. EnAVNA,  nos comprometemos a superar las expectativas de los clientes y estamos preparados para valorar las necesidades de su aplicaci\u00f3n.<\/p>\n\n\n\n<p><a href=\"https:\/\/avna.com\/es\/contact-us\/\">P\u00f3ngase en contacto<\/a> con nosotros para descubrir c\u00f3mo nuestra experiencia mejorar\u00e1 los resultados de su pr\u00f3ximo proyecto.<\/p>\n<\/div><\/div>\n<\/div><\/section>\n","protected":false},"excerpt":{"rendered":"","protected":false},"author":10,"featured_media":313,"parent":6,"menu_order":1,"comment_status":"closed","ping_status":"closed","template":"","meta":{"_acf_changed":false,"_yoast_wpseo_title":"Fabricaci\u00f3n por Contrato de Servicios M\u00e9dicos | AVNA ","_yoast_wpseo_metadesc":"Clientes con los m\u00e1s exigentes requisitos de calidad conf\u00edan en la fabricaci\u00f3n por contrato de servicios m\u00e9dicos de AVNA .","_metasync_otto_title":"","_metasync_otto_description":"","rank_math_title":"","rank_math_description":"","footnotes":""},"class_list":["post-10444","page","type-page","status-publish","has-post-thumbnail","hentry"],"acf":[],"yoast_head":"<!-- This site is optimized with the Yoast SEO Premium plugin v20.12 (Yoast SEO v25.4) - https:\/\/yoast.com\/wordpress\/plugins\/seo\/ -->\n<title>Fabricaci\u00f3n por Contrato de Servicios M\u00e9dicos | AVNA<\/title>\n<meta name=\"description\" content=\"Clientes con los m\u00e1s exigentes requisitos de calidad conf\u00edan en la fabricaci\u00f3n por contrato de servicios m\u00e9dicos de AVNA .\" \/>\n<meta name=\"robots\" content=\"index, follow, max-snippet:-1, max-image-preview:large, max-video-preview:-1\" \/>\n<link rel=\"canonical\" href=\"https:\/\/avna.com\/es\/quality\/medical-contract-manufacturing-services\/\" \/>\n<meta property=\"og:locale\" content=\"es_ES\" \/>\n<meta property=\"og:type\" content=\"article\" \/>\n<meta property=\"og:title\" content=\"Medical Contract Manufacturing Services\" \/>\n<meta property=\"og:description\" content=\"Clientes con los m\u00e1s exigentes requisitos de calidad conf\u00edan en la fabricaci\u00f3n por contrato de servicios m\u00e9dicos de AVNA .\" \/>\n<meta property=\"og:url\" content=\"https:\/\/avna.com\/es\/quality\/medical-contract-manufacturing-services\/\" \/>\n<meta property=\"og:site_name\" content=\"AVNA\" \/>\n<meta property=\"article:modified_time\" content=\"2022-07-14T20:22:18+00:00\" \/>\n<meta property=\"og:image\" content=\"https:\/\/avna.com\/wp-content\/uploads\/2018\/12\/Blue-Background-Treatment1.jpg\" \/>\n\t<meta property=\"og:image:width\" content=\"3000\" \/>\n\t<meta property=\"og:image:height\" content=\"1080\" \/>\n\t<meta property=\"og:image:type\" content=\"image\/jpeg\" \/>\n<meta name=\"twitter:card\" content=\"summary_large_image\" \/>\n<meta name=\"twitter:label1\" content=\"Tiempo de lectura\" \/>\n\t<meta name=\"twitter:data1\" content=\"3 minutos\" \/>\n<script type=\"application\/ld+json\" class=\"yoast-schema-graph\">{\"@context\":\"https:\/\/schema.org\",\"@graph\":[{\"@type\":\"WebPage\",\"@id\":\"https:\/\/avna.com\/es\/quality\/medical-contract-manufacturing-services\/\",\"url\":\"https:\/\/avna.com\/es\/quality\/medical-contract-manufacturing-services\/\",\"name\":\"Fabricaci\u00f3n por Contrato de Servicios M\u00e9dicos | AVNA\",\"isPartOf\":{\"@id\":\"https:\/\/avna.com\/es\/#website\"},\"primaryImageOfPage\":{\"@id\":\"https:\/\/avna.com\/es\/quality\/medical-contract-manufacturing-services\/#primaryimage\"},\"image\":{\"@id\":\"https:\/\/avna.com\/es\/quality\/medical-contract-manufacturing-services\/#primaryimage\"},\"thumbnailUrl\":\"https:\/\/avna.com\/wp-content\/uploads\/2018\/12\/Blue-Background-Treatment1.jpg\",\"datePublished\":\"2022-07-13T18:38:22+00:00\",\"dateModified\":\"2022-07-14T20:22:18+00:00\",\"description\":\"Clientes con los m\u00e1s exigentes requisitos de calidad conf\u00edan en la fabricaci\u00f3n por contrato de servicios m\u00e9dicos de AVNA .\",\"breadcrumb\":{\"@id\":\"https:\/\/avna.com\/es\/quality\/medical-contract-manufacturing-services\/#breadcrumb\"},\"inLanguage\":\"es\",\"potentialAction\":[{\"@type\":\"ReadAction\",\"target\":[\"https:\/\/avna.com\/es\/quality\/medical-contract-manufacturing-services\/\"]}]},{\"@type\":\"ImageObject\",\"inLanguage\":\"es\",\"@id\":\"https:\/\/avna.com\/es\/quality\/medical-contract-manufacturing-services\/#primaryimage\",\"url\":\"https:\/\/avna.com\/wp-content\/uploads\/2018\/12\/Blue-Background-Treatment1.jpg\",\"contentUrl\":\"https:\/\/avna.com\/wp-content\/uploads\/2018\/12\/Blue-Background-Treatment1.jpg\",\"width\":3000,\"height\":1080},{\"@type\":\"BreadcrumbList\",\"@id\":\"https:\/\/avna.com\/es\/quality\/medical-contract-manufacturing-services\/#breadcrumb\",\"itemListElement\":[{\"@type\":\"ListItem\",\"position\":1,\"name\":\"Home\",\"item\":\"https:\/\/avna.com\/es\/\"},{\"@type\":\"ListItem\",\"position\":2,\"name\":\"Quality\",\"item\":\"https:\/\/avna.com\/es\/quality\/\"},{\"@type\":\"ListItem\",\"position\":3,\"name\":\"Medical Contract Manufacturing Services\"}]},{\"@type\":\"WebSite\",\"@id\":\"https:\/\/avna.com\/es\/#website\",\"url\":\"https:\/\/avna.com\/es\/\",\"name\":\"AVNA\",\"description\":\"Innovation Partners for Life\",\"publisher\":{\"@id\":\"https:\/\/avna.com\/es\/#organization\"},\"potentialAction\":[{\"@type\":\"SearchAction\",\"target\":{\"@type\":\"EntryPoint\",\"urlTemplate\":\"https:\/\/avna.com\/es\/?s={search_term_string}\"},\"query-input\":{\"@type\":\"PropertyValueSpecification\",\"valueRequired\":true,\"valueName\":\"search_term_string\"}}],\"inLanguage\":\"es\"},{\"@type\":\"Organization\",\"@id\":\"https:\/\/avna.com\/es\/#organization\",\"name\":\"AVNA\",\"url\":\"https:\/\/avna.com\/es\/\",\"logo\":{\"@type\":\"ImageObject\",\"inLanguage\":\"es\",\"@id\":\"https:\/\/avna.com\/es\/#\/schema\/logo\/image\/\",\"url\":\"https:\/\/avna.com\/wp-content\/uploads\/2023\/12\/logo-0.png\",\"contentUrl\":\"https:\/\/avna.com\/wp-content\/uploads\/2023\/12\/logo-0.png\",\"width\":387,\"height\":275,\"caption\":\"AVNA\"},\"image\":{\"@id\":\"https:\/\/avna.com\/es\/#\/schema\/logo\/image\/\"}}]}<\/script>\n<!-- \/ Yoast SEO Premium plugin. -->","yoast_head_json":{"title":"Fabricaci\u00f3n por Contrato de Servicios M\u00e9dicos | AVNA","description":"Clientes con los m\u00e1s exigentes requisitos de calidad conf\u00edan en la fabricaci\u00f3n por contrato de servicios m\u00e9dicos de AVNA .","robots":{"index":"index","follow":"follow","max-snippet":"max-snippet:-1","max-image-preview":"max-image-preview:large","max-video-preview":"max-video-preview:-1"},"canonical":"https:\/\/avna.com\/es\/quality\/medical-contract-manufacturing-services\/","og_locale":"es_ES","og_type":"article","og_title":"Medical Contract Manufacturing Services","og_description":"Clientes con los m\u00e1s exigentes requisitos de calidad conf\u00edan en la fabricaci\u00f3n por contrato de servicios m\u00e9dicos de AVNA .","og_url":"https:\/\/avna.com\/es\/quality\/medical-contract-manufacturing-services\/","og_site_name":"AVNA","article_modified_time":"2022-07-14T20:22:18+00:00","og_image":[{"width":3000,"height":1080,"url":"https:\/\/avna.com\/wp-content\/uploads\/2018\/12\/Blue-Background-Treatment1.jpg","type":"image\/jpeg"}],"twitter_card":"summary_large_image","twitter_misc":{"Tiempo de lectura":"3 minutos"},"schema":{"@context":"https:\/\/schema.org","@graph":[{"@type":"WebPage","@id":"https:\/\/avna.com\/es\/quality\/medical-contract-manufacturing-services\/","url":"https:\/\/avna.com\/es\/quality\/medical-contract-manufacturing-services\/","name":"Fabricaci\u00f3n por Contrato de Servicios M\u00e9dicos | AVNA","isPartOf":{"@id":"https:\/\/avna.com\/es\/#website"},"primaryImageOfPage":{"@id":"https:\/\/avna.com\/es\/quality\/medical-contract-manufacturing-services\/#primaryimage"},"image":{"@id":"https:\/\/avna.com\/es\/quality\/medical-contract-manufacturing-services\/#primaryimage"},"thumbnailUrl":"https:\/\/avna.com\/wp-content\/uploads\/2018\/12\/Blue-Background-Treatment1.jpg","datePublished":"2022-07-13T18:38:22+00:00","dateModified":"2022-07-14T20:22:18+00:00","description":"Clientes con los m\u00e1s exigentes requisitos de calidad conf\u00edan en la fabricaci\u00f3n por contrato de servicios m\u00e9dicos de AVNA .","breadcrumb":{"@id":"https:\/\/avna.com\/es\/quality\/medical-contract-manufacturing-services\/#breadcrumb"},"inLanguage":"es","potentialAction":[{"@type":"ReadAction","target":["https:\/\/avna.com\/es\/quality\/medical-contract-manufacturing-services\/"]}]},{"@type":"ImageObject","inLanguage":"es","@id":"https:\/\/avna.com\/es\/quality\/medical-contract-manufacturing-services\/#primaryimage","url":"https:\/\/avna.com\/wp-content\/uploads\/2018\/12\/Blue-Background-Treatment1.jpg","contentUrl":"https:\/\/avna.com\/wp-content\/uploads\/2018\/12\/Blue-Background-Treatment1.jpg","width":3000,"height":1080},{"@type":"BreadcrumbList","@id":"https:\/\/avna.com\/es\/quality\/medical-contract-manufacturing-services\/#breadcrumb","itemListElement":[{"@type":"ListItem","position":1,"name":"Home","item":"https:\/\/avna.com\/es\/"},{"@type":"ListItem","position":2,"name":"Quality","item":"https:\/\/avna.com\/es\/quality\/"},{"@type":"ListItem","position":3,"name":"Medical Contract Manufacturing Services"}]},{"@type":"WebSite","@id":"https:\/\/avna.com\/es\/#website","url":"https:\/\/avna.com\/es\/","name":"AVNA","description":"Innovation Partners for Life","publisher":{"@id":"https:\/\/avna.com\/es\/#organization"},"potentialAction":[{"@type":"SearchAction","target":{"@type":"EntryPoint","urlTemplate":"https:\/\/avna.com\/es\/?s={search_term_string}"},"query-input":{"@type":"PropertyValueSpecification","valueRequired":true,"valueName":"search_term_string"}}],"inLanguage":"es"},{"@type":"Organization","@id":"https:\/\/avna.com\/es\/#organization","name":"AVNA","url":"https:\/\/avna.com\/es\/","logo":{"@type":"ImageObject","inLanguage":"es","@id":"https:\/\/avna.com\/es\/#\/schema\/logo\/image\/","url":"https:\/\/avna.com\/wp-content\/uploads\/2023\/12\/logo-0.png","contentUrl":"https:\/\/avna.com\/wp-content\/uploads\/2023\/12\/logo-0.png","width":387,"height":275,"caption":"AVNA"},"image":{"@id":"https:\/\/avna.com\/es\/#\/schema\/logo\/image\/"}}]}},"_links":{"self":[{"href":"https:\/\/avna.com\/es\/wp-json\/wp\/v2\/pages\/10444","targetHints":{"allow":["GET"]}}],"collection":[{"href":"https:\/\/avna.com\/es\/wp-json\/wp\/v2\/pages"}],"about":[{"href":"https:\/\/avna.com\/es\/wp-json\/wp\/v2\/types\/page"}],"author":[{"embeddable":true,"href":"https:\/\/avna.com\/es\/wp-json\/wp\/v2\/users\/10"}],"replies":[{"embeddable":true,"href":"https:\/\/avna.com\/es\/wp-json\/wp\/v2\/comments?post=10444"}],"version-history":[{"count":89,"href":"https:\/\/avna.com\/es\/wp-json\/wp\/v2\/pages\/10444\/revisions"}],"predecessor-version":[{"id":10564,"href":"https:\/\/avna.com\/es\/wp-json\/wp\/v2\/pages\/10444\/revisions\/10564"}],"up":[{"embeddable":true,"href":"https:\/\/avna.com\/es\/wp-json\/wp\/v2\/pages\/6"}],"wp:featuredmedia":[{"embeddable":true,"href":"https:\/\/avna.com\/es\/wp-json\/wp\/v2\/media\/313"}],"wp:attachment":[{"href":"https:\/\/avna.com\/es\/wp-json\/wp\/v2\/media?parent=10444"}],"curies":[{"name":"wp","href":"https:\/\/api.w.org\/{rel}","templated":true}]}}